{"id":4884,"date":"2025-09-26T14:03:21","date_gmt":"2025-09-26T07:03:21","guid":{"rendered":"https:\/\/tivi-samsung.com\/?post_type=product&#038;p=4884"},"modified":"2025-10-14T22:33:49","modified_gmt":"2025-10-14T15:33:49","slug":"smart-tivi-qled-samsung-4k-43-inch-qa43q60c-2","status":"publish","type":"product","link":"https:\/\/tivi-samsung.com\/?product=smart-tivi-qled-samsung-4k-43-inch-qa43q60c-2","title":{"rendered":"Smart Tivi QLED Samsung 4K 43 inch QA43Q60C"},"content":{"rendered":"<p><strong>Th\u00f4ng tin s\u1ea3n ph\u1ea9m<\/strong><\/p>\n<p><a href=\"https:\/\/tokoo.vn\/danh-muc\/samsung-tvs\/\" target=\"_blank\" rel=\"noopener\"><strong>Smart Tivi QLED 4K 43 inch QA43Q60C<\/strong><\/a> c\u1ee7a nh\u00e0 Samsung s\u1edf h\u1eefu thi\u1ebft k\u1ebf tinh gi\u1ea3n, k\u00edch th\u01b0\u1edbc 43 inch, \u0111\u1ed9 ph\u00e2n gi\u1ea3i 4K. B\u1ed9 x\u1eed l\u00fd <strong>Quantum 4K Lite<\/strong> t\u1ef1 \u0111\u1ed9ng n\u00e2ng chu\u1ea9n h\u00ecnh \u1ea3nh l\u00ean 4K b\u1ea5t k\u1ec3 ngu\u1ed3n v\u00e0o th\u1ea5p, \u0111i\u1ec1u khi\u1ec3n b\u1eb1ng gi\u1ecdng n\u00f3i qua tr\u1ee3 l\u00fd \u1ea3o Bixby c\u00f3 ti\u1ebfng Vi\u1ec7t, c\u00f4ng ngh\u1ec7 OTS Lite mang l\u1ea1i \u00e2m thanh 3 chi\u1ec1u sinh \u0111\u1ed9ng.T\u1ed5ng quan thi\u1ebft k\u1ebf<\/p>\n<p>&#8211; Vi\u1ec1n tivi m\u1ecfng \u0111\u01b0\u1ee3c l\u00e0m t\u1eeb ch\u1ea5t li\u1ec7u nh\u1ef1a ch\u1eafc ch\u1eafn gi\u00fap khung h\u00ecnh tivi \u0111\u01b0\u1ee3c m\u1edf r\u1ed9ng \u0111\u1ed3ng th\u1eddi t\u0103ng th\u00eam n\u00e9t sang tr\u1ecdng v\u00e0 tinh t\u1ebf cho t\u1ed5ng th\u1ec3.<\/p>\n<p>&#8211; Ch\u00e2n \u0111\u1ebf \u0111\u1ee1 tivi \u0111\u01b0\u1ee3c l\u00e0m b\u1eb1ng ch\u1ea5t li\u1ec7u nh\u1ef1a ch\u1eafc ch\u1eafn, d\u1ec5 d\u00e0ng b\u1ed1 tr\u00ed \u0111\u1eb7t \u0111\u1ec3 tr\u00ean k\u1ec7 t\u1ee7 t\u1ea1o c\u1ea3m gi\u00e1c tho\u00e1ng \u0111\u00e3ng cho kh\u00f4ng gian tr\u01b0ng b\u00e0y.<\/p>\n<p><img fetchpriority=\"high\" decoding=\"async\" class=\"alignnone wp-image-5108\" src=\"https:\/\/tivi-samsung.com\/wp-content\/uploads\/2025\/09\/smart-tivi-qled-4k-43-inch-samsung-qa43q60c-240323-033231-300x168.jpg\" alt=\"\" width=\"1375\" height=\"770\" srcset=\"https:\/\/tivi-samsung.com\/wp-content\/uploads\/2025\/09\/smart-tivi-qled-4k-43-inch-samsung-qa43q60c-240323-033231-300x168.jpg 300w, https:\/\/tivi-samsung.com\/wp-content\/uploads\/2025\/09\/smart-tivi-qled-4k-43-inch-samsung-qa43q60c-240323-033231-768x429.jpg 768w, https:\/\/tivi-samsung.com\/wp-content\/uploads\/2025\/09\/smart-tivi-qled-4k-43-inch-samsung-qa43q60c-240323-033231-450x251.jpg 450w, https:\/\/tivi-samsung.com\/wp-content\/uploads\/2025\/09\/smart-tivi-qled-4k-43-inch-samsung-qa43q60c-240323-033231-600x335.jpg 600w, https:\/\/tivi-samsung.com\/wp-content\/uploads\/2025\/09\/smart-tivi-qled-4k-43-inch-samsung-qa43q60c-240323-033231-150x84.jpg 150w, https:\/\/tivi-samsung.com\/wp-content\/uploads\/2025\/09\/smart-tivi-qled-4k-43-inch-samsung-qa43q60c-240323-033231.jpg 1020w\" sizes=\"(max-width: 1375px) 100vw, 1375px\" \/><\/p>\n<p><strong>C\u00f4ng ngh\u1ec7 h\u00ecnh \u1ea3nh<\/strong><\/p>\n<p>&#8211; \u0110\u1ed9 ph\u00e2n gi\u1ea3i <strong>4K (Ultra HD)<\/strong> v\u1edbi h\u01a1n 8 tri\u1ec7u \u0111i\u1ec3m \u1ea3nh, h\u00ecnh \u1ea3nh hi\u1ec3n th\u1ecb m\u1ed9t c\u00e1ch s\u1eafc n\u00e9t v\u00e0 chi ti\u1ebft.<\/p>\n<p>&#8211; B\u1ed9 x\u1eed l\u00fd <strong>Quantum 4K Lite<\/strong> m\u1ea1nh m\u1ebd, gi\u00fap t\u1ed1i \u01b0u t\u1ef7 l\u1ec7 \u0111\u1ed9 t\u01b0\u01a1ng ph\u1ea3n v\u00e0 t\u1ef1 \u0111\u1ed9ng \u0111i\u1ec1u ch\u1ec9nh ch\u1ea5t l\u01b0\u1ee3ng hi\u1ec3n th\u1ecb g\u1ea7n chu\u1ea9n 4K, h\u00ecnh \u1ea3nh chuy\u1ec3n \u0111\u1ed9ng m\u01b0\u1ee3t v\u00e0 s\u1ed1ng \u0111\u1ed9ng.<\/p>\n<p>&#8211; C\u00f4ng ngh\u1ec7 <strong>Ultimate UHD Dimming<\/strong> gi\u00fap t\u0103ng \u0111\u1ed9 s\u00e1ng v\u00e0 l\u1ecdc h\u00ecnh \u1ea3nh tr\u00ean tivi <strong>Samsung QLED<\/strong> tr\u1edf n\u00ean s\u1ed1ng \u0111\u1ed9ng h\u01a1n.<\/p>\n<p><img decoding=\"async\" class=\"alignnone wp-image-5109\" src=\"https:\/\/tivi-samsung.com\/wp-content\/uploads\/2025\/09\/smart-tivi-qled-4k-75-inch-samsung-qa75q60c-160323-091054-300x168.jpg\" alt=\"\" width=\"1372\" height=\"768\" srcset=\"https:\/\/tivi-samsung.com\/wp-content\/uploads\/2025\/09\/smart-tivi-qled-4k-75-inch-samsung-qa75q60c-160323-091054-300x168.jpg 300w, https:\/\/tivi-samsung.com\/wp-content\/uploads\/2025\/09\/smart-tivi-qled-4k-75-inch-samsung-qa75q60c-160323-091054-768x429.jpg 768w, https:\/\/tivi-samsung.com\/wp-content\/uploads\/2025\/09\/smart-tivi-qled-4k-75-inch-samsung-qa75q60c-160323-091054-450x251.jpg 450w, https:\/\/tivi-samsung.com\/wp-content\/uploads\/2025\/09\/smart-tivi-qled-4k-75-inch-samsung-qa75q60c-160323-091054-600x335.jpg 600w, https:\/\/tivi-samsung.com\/wp-content\/uploads\/2025\/09\/smart-tivi-qled-4k-75-inch-samsung-qa75q60c-160323-091054-150x84.jpg 150w, https:\/\/tivi-samsung.com\/wp-content\/uploads\/2025\/09\/smart-tivi-qled-4k-75-inch-samsung-qa75q60c-160323-091054.jpg 1020w\" sizes=\"(max-width: 1372px) 100vw, 1372px\" \/><\/p>\n<p>&#8211; C\u00f4ng ngh\u1ec7 m\u00e0n h\u00ecnh ch\u1ea5m l\u01b0\u1ee3ng t\u1eed<strong> Quantum Do<\/strong>t t\u00e1i t\u1ea1o 100% d\u1ea3i s\u1eafc m\u00e0u.<\/p>\n<p><img decoding=\"async\" class=\"alignnone wp-image-5110\" src=\"https:\/\/tivi-samsung.com\/wp-content\/uploads\/2025\/09\/smart-tivi-qled-4k-75-inch-samsung-qa75q60c-210323-031944-300x168.jpg\" alt=\"\" width=\"1373\" height=\"769\" srcset=\"https:\/\/tivi-samsung.com\/wp-content\/uploads\/2025\/09\/smart-tivi-qled-4k-75-inch-samsung-qa75q60c-210323-031944-300x168.jpg 300w, https:\/\/tivi-samsung.com\/wp-content\/uploads\/2025\/09\/smart-tivi-qled-4k-75-inch-samsung-qa75q60c-210323-031944-768x429.jpg 768w, https:\/\/tivi-samsung.com\/wp-content\/uploads\/2025\/09\/smart-tivi-qled-4k-75-inch-samsung-qa75q60c-210323-031944-450x251.jpg 450w, https:\/\/tivi-samsung.com\/wp-content\/uploads\/2025\/09\/smart-tivi-qled-4k-75-inch-samsung-qa75q60c-210323-031944-600x335.jpg 600w, https:\/\/tivi-samsung.com\/wp-content\/uploads\/2025\/09\/smart-tivi-qled-4k-75-inch-samsung-qa75q60c-210323-031944-150x84.jpg 150w, https:\/\/tivi-samsung.com\/wp-content\/uploads\/2025\/09\/smart-tivi-qled-4k-75-inch-samsung-qa75q60c-210323-031944.jpg 1020w\" sizes=\"(max-width: 1373px) 100vw, 1373px\" \/><\/p>\n<p><strong>&#8211; Quantum HDR<\/strong> cho h\u00ecnh \u1ea3nh \u0111\u1eb9p v\u00e0 c\u00f3 \u0111\u1ed9 s\u00e1ng v\u01b0\u1ee3t tr\u1ed9i \u0111em \u0111\u1ebfn cho ng\u01b0\u1eddi d\u00f9ng ch\u1ea5t l\u01b0\u1ee3ng h\u00ecnh \u1ea3nh \u0111\u1ec9nh cao.<\/p>\n<p><img loading=\"lazy\" decoding=\"async\" class=\"alignnone wp-image-5113\" src=\"https:\/\/tivi-samsung.com\/wp-content\/uploads\/2025\/09\/vi-vn-smart-tivi-qled-4k-43-inch-samsung-qa43q60c-3-300x168.jpg\" alt=\"\" width=\"1369\" height=\"767\" srcset=\"https:\/\/tivi-samsung.com\/wp-content\/uploads\/2025\/09\/vi-vn-smart-tivi-qled-4k-43-inch-samsung-qa43q60c-3-300x168.jpg 300w, https:\/\/tivi-samsung.com\/wp-content\/uploads\/2025\/09\/vi-vn-smart-tivi-qled-4k-43-inch-samsung-qa43q60c-3-768x429.jpg 768w, https:\/\/tivi-samsung.com\/wp-content\/uploads\/2025\/09\/vi-vn-smart-tivi-qled-4k-43-inch-samsung-qa43q60c-3-450x251.jpg 450w, https:\/\/tivi-samsung.com\/wp-content\/uploads\/2025\/09\/vi-vn-smart-tivi-qled-4k-43-inch-samsung-qa43q60c-3-600x335.jpg 600w, https:\/\/tivi-samsung.com\/wp-content\/uploads\/2025\/09\/vi-vn-smart-tivi-qled-4k-43-inch-samsung-qa43q60c-3-150x84.jpg 150w, https:\/\/tivi-samsung.com\/wp-content\/uploads\/2025\/09\/vi-vn-smart-tivi-qled-4k-43-inch-samsung-qa43q60c-3.jpg 1020w\" sizes=\"(max-width: 1369px) 100vw, 1369px\" \/><\/p>\n<p>&#8211; Chuy\u1ec3n \u0111\u1ed9ng m\u01b0\u1ee3t <strong>Motion Xcelerator<\/strong> gi\u00fap n\u00e2ng cao \u0111\u1ed9 r\u00f5 n\u00e9t c\u1ee7a chuy\u1ec3n \u0111\u1ed9ng, gi\u1ea3m thi\u1ec3u \u0111\u1ed9 m\u1edd nh\u1eb1m b\u1eaft tr\u1ecdn m\u1ecdi h\u00e0nh \u0111\u1ed9ng chuy\u1ec3n \u0111\u1ed9ng nhanh, chinh ph\u1ee5c m\u1ecdi tr\u1eadn game m\u01b0\u1ee3t m\u00e0.<\/p>\n<p>&#8211; <strong>Game Motion Plus, Super Ultra Wide Game View &amp; Game Bar<\/strong> gi\u00fap gi\u1ea3m thi\u1ec3u gi\u1eadt lag, t\u0103ng c\u01b0\u1eddng tr\u1ea3i nghi\u1ec7m game m\u01b0\u1ee3t m\u00e0 h\u01a1n.<\/p>\n<p><strong>C\u00f4ng ngh\u1ec7 \u00e2m thanh<\/strong><\/p>\n<p>&#8211; T\u1ed5ng c\u00f4ng su\u1ea5t loa 20W cho ch\u1ea5t \u00e2m m\u1ea1nh m\u1ebd, s\u1ed1ng \u0111\u1ed9ng.<\/p>\n<p>&#8211; \u00c2m thanh chuy\u1ec3n \u0111\u1ed9ng theo h\u00ecnh \u1ea3nh <a href=\"https:\/\/tokoo.vn\/danh-muc\/samsung-tvs\/\" target=\"_blank\" rel=\"noopener\">OTS Lite<\/a> gi\u00fap ng\u01b0\u1eddi nghe c\u1ea3m nh\u1eadn \u00e2m thanh 3 chi\u1ec1u s\u1ed1ng \u0111\u1ed9ng h\u1ec7t nh\u01b0 \u0111ang ng\u1ed3i trong r\u1ea1p chi\u1ebfu phim th\u1ef1c th\u1ee5.<\/p>\n<p><img loading=\"lazy\" decoding=\"async\" class=\"alignnone wp-image-5105\" src=\"https:\/\/tivi-samsung.com\/wp-content\/uploads\/2025\/09\/smart-tivi-qled-4k-43-inch-samsung-qa43q60c-160323-095105-300x168.jpg\" alt=\"\" width=\"1370\" height=\"767\" srcset=\"https:\/\/tivi-samsung.com\/wp-content\/uploads\/2025\/09\/smart-tivi-qled-4k-43-inch-samsung-qa43q60c-160323-095105-300x168.jpg 300w, https:\/\/tivi-samsung.com\/wp-content\/uploads\/2025\/09\/smart-tivi-qled-4k-43-inch-samsung-qa43q60c-160323-095105-768x429.jpg 768w, https:\/\/tivi-samsung.com\/wp-content\/uploads\/2025\/09\/smart-tivi-qled-4k-43-inch-samsung-qa43q60c-160323-095105-450x251.jpg 450w, https:\/\/tivi-samsung.com\/wp-content\/uploads\/2025\/09\/smart-tivi-qled-4k-43-inch-samsung-qa43q60c-160323-095105-600x335.jpg 600w, https:\/\/tivi-samsung.com\/wp-content\/uploads\/2025\/09\/smart-tivi-qled-4k-43-inch-samsung-qa43q60c-160323-095105-150x84.jpg 150w, https:\/\/tivi-samsung.com\/wp-content\/uploads\/2025\/09\/smart-tivi-qled-4k-43-inch-samsung-qa43q60c-160323-095105.jpg 1020w\" sizes=\"(max-width: 1370px) 100vw, 1370px\" \/><\/p>\n<p>&#8211; C\u00f4ng ngh\u1ec7 <strong>Q-Symphony<\/strong> tr\u00ean tivi Samsung gi\u00fap li\u00ean k\u1ebft loa thanh ngo\u00e0i v\u00e0 loa tivi t\u1ea1o n\u00ean kh\u00f4ng gian \u00e2m thanh vang d\u1ed9i, cu\u1ed1n h\u00fat, ng\u01b0\u1eddi nghe \u0111\u1eafm ch\u00ecm trong b\u1ea3n giao h\u01b0\u1edfng du d\u01b0\u01a1ng t\u1eebng ph\u00fat gi\u00e2y.<\/p>\n<p><img loading=\"lazy\" decoding=\"async\" class=\"alignnone wp-image-5115\" src=\"https:\/\/tivi-samsung.com\/wp-content\/uploads\/2025\/09\/vi-vn-smart-tivi-qled-4k-43-inch-samsung-qa43q60c-8-300x168.jpg\" alt=\"\" width=\"1373\" height=\"769\" srcset=\"https:\/\/tivi-samsung.com\/wp-content\/uploads\/2025\/09\/vi-vn-smart-tivi-qled-4k-43-inch-samsung-qa43q60c-8-300x168.jpg 300w, https:\/\/tivi-samsung.com\/wp-content\/uploads\/2025\/09\/vi-vn-smart-tivi-qled-4k-43-inch-samsung-qa43q60c-8-768x429.jpg 768w, https:\/\/tivi-samsung.com\/wp-content\/uploads\/2025\/09\/vi-vn-smart-tivi-qled-4k-43-inch-samsung-qa43q60c-8-450x251.jpg 450w, https:\/\/tivi-samsung.com\/wp-content\/uploads\/2025\/09\/vi-vn-smart-tivi-qled-4k-43-inch-samsung-qa43q60c-8-600x335.jpg 600w, https:\/\/tivi-samsung.com\/wp-content\/uploads\/2025\/09\/vi-vn-smart-tivi-qled-4k-43-inch-samsung-qa43q60c-8-150x84.jpg 150w, https:\/\/tivi-samsung.com\/wp-content\/uploads\/2025\/09\/vi-vn-smart-tivi-qled-4k-43-inch-samsung-qa43q60c-8.jpg 1020w\" sizes=\"(max-width: 1373px) 100vw, 1373px\" \/><\/p>\n<p><strong>H\u1ec7 \u0111i\u1ec1u h\u00e0nh<\/strong><\/p>\n<p>&#8211; Smart Tivi Samsung s\u1eed d\u1ee5ng h\u1ec7 \u0111i\u1ec1u h\u00e0nh <strong>Tizen\u2122<\/strong> v\u1edbi giao di\u1ec7n th\u00e2n thi\u1ec7n, d\u1ec5 s\u1eed d\u1ee5ng.<\/p>\n<p>&#8211; Gi\u1ea3i tr\u00ed \u0111a d\u1ea1ng v\u1edbi kho \u1ee9ng d\u1ee5ng phong ph\u00fa, \u0111\u1ed3ng th\u1eddi ng\u01b0\u1eddi d\u00f9ng c\u00f3 th\u1ec3 t\u1ea3i th\u00eam nhi\u1ec1u \u1ee9ng d\u1ee5ng kh\u00e1c tu\u1ef3 theo s\u1edf th\u00edch v\u00e0 nhu c\u1ea7u s\u1eed d\u1ee5ng.<\/p>\n<p><img loading=\"lazy\" decoding=\"async\" class=\"alignnone wp-image-5107\" src=\"https:\/\/tivi-samsung.com\/wp-content\/uploads\/2025\/09\/smart-tivi-qled-4k-43-inch-samsung-qa43q60c-170323-033702-300x168.jpg\" alt=\"\" width=\"1374\" height=\"769\" srcset=\"https:\/\/tivi-samsung.com\/wp-content\/uploads\/2025\/09\/smart-tivi-qled-4k-43-inch-samsung-qa43q60c-170323-033702-300x168.jpg 300w, https:\/\/tivi-samsung.com\/wp-content\/uploads\/2025\/09\/smart-tivi-qled-4k-43-inch-samsung-qa43q60c-170323-033702-768x429.jpg 768w, https:\/\/tivi-samsung.com\/wp-content\/uploads\/2025\/09\/smart-tivi-qled-4k-43-inch-samsung-qa43q60c-170323-033702-450x251.jpg 450w, https:\/\/tivi-samsung.com\/wp-content\/uploads\/2025\/09\/smart-tivi-qled-4k-43-inch-samsung-qa43q60c-170323-033702-600x335.jpg 600w, https:\/\/tivi-samsung.com\/wp-content\/uploads\/2025\/09\/smart-tivi-qled-4k-43-inch-samsung-qa43q60c-170323-033702-150x84.jpg 150w, https:\/\/tivi-samsung.com\/wp-content\/uploads\/2025\/09\/smart-tivi-qled-4k-43-inch-samsung-qa43q60c-170323-033702.jpg 1020w\" sizes=\"(max-width: 1374px) 100vw, 1374px\" \/><\/p>\n<p><strong>Ti\u1ec7n \u00edch<\/strong><\/p>\n<p>&#8211; \u1ee8ng d\u1ee5ng Google Duo gi\u00fap b\u1ea1n g\u1ecdi video mi\u1ec5n ph\u00ed v\u1edbi m\u00e0n h\u00ecnh l\u1edbn m\u00e0 kh\u00f4ng c\u1ea7n d\u00f9ng \u0111i\u1ec7n tho\u1ea1i (ng\u01b0\u1eddi d\u00f9ng c\u1ea7n mua th\u00eam camera).<\/p>\n<p>&#8211; T\u00ecm ki\u1ebfm v\u00e0 \u0111i\u1ec1u khi\u1ec3n b\u1eb1ng gi\u1ecdng n\u00f3i linh ho\u1ea1t qua tr\u1ee3 l\u00fd \u1ea3o Bixby ho\u1eb7c YouTube c\u00f3 ti\u1ebfng Vi\u1ec7t, ti\u1ebft ki\u1ec7m th\u1eddi gian, ph\u00f9 h\u1ee3p v\u1edbi h\u1ea7u h\u1ebft \u0111a s\u1ed1 ng\u01b0\u1eddi d\u00f9ng, k\u1ec3 c\u1ea3 nh\u1eefng ng\u01b0\u1eddi l\u1edbn tu\u1ed5i.<\/p>\n<p>&#8211; T\u00ednh n\u0103ng<strong> AirPlay 2 (iPhone), Tap View (Samsung), Screen Mirroring (Android)<\/strong> h\u1ed7 tr\u1ee3 tr\u00ecnh chi\u1ebfu h\u00ecnh \u1ea3nh, video l\u00ean m\u00e0n h\u00ecnh l\u1edbn c\u1ee7a tivi d\u1ec5 d\u00e0ng.<\/p>\n<p><img loading=\"lazy\" decoding=\"async\" class=\"alignnone wp-image-5117\" src=\"https:\/\/tivi-samsung.com\/wp-content\/uploads\/2025\/09\/vi-vn-smart-tivi-qled-4k-43-inch-samsung-qa43q60c-10-300x168.jpg\" alt=\"\" width=\"1389\" height=\"778\" srcset=\"https:\/\/tivi-samsung.com\/wp-content\/uploads\/2025\/09\/vi-vn-smart-tivi-qled-4k-43-inch-samsung-qa43q60c-10-300x168.jpg 300w, https:\/\/tivi-samsung.com\/wp-content\/uploads\/2025\/09\/vi-vn-smart-tivi-qled-4k-43-inch-samsung-qa43q60c-10-768x429.jpg 768w, https:\/\/tivi-samsung.com\/wp-content\/uploads\/2025\/09\/vi-vn-smart-tivi-qled-4k-43-inch-samsung-qa43q60c-10-450x251.jpg 450w, https:\/\/tivi-samsung.com\/wp-content\/uploads\/2025\/09\/vi-vn-smart-tivi-qled-4k-43-inch-samsung-qa43q60c-10-600x335.jpg 600w, https:\/\/tivi-samsung.com\/wp-content\/uploads\/2025\/09\/vi-vn-smart-tivi-qled-4k-43-inch-samsung-qa43q60c-10-150x84.jpg 150w, https:\/\/tivi-samsung.com\/wp-content\/uploads\/2025\/09\/vi-vn-smart-tivi-qled-4k-43-inch-samsung-qa43q60c-10.jpg 1020w\" sizes=\"(max-width: 1389px) 100vw, 1389px\" \/><\/p>\n<p>&#8211; Trang b\u1ecb <strong>One Remote<\/strong> th\u00f4ng minh v\u1edbi thi\u1ebft k\u1ebf g\u1ecdn nh\u1eb9, s\u1ea1c qua <strong>USB C<\/strong> ho\u1eb7c n\u0103ng l\u01b0\u1ee3ng m\u1eb7t tr\u1eddi, ti\u1ebft ki\u1ec7m chi ph\u00ed \u0111\u1ed3ng th\u1eddi b\u1ea3o v\u1ec7 m\u00f4i tr\u01b0\u1eddng t\u1ed1t h\u01a1n.<\/p>\n<p>&#8211; \u0110i\u1ec1u khi\u1ec3n tivi t\u1eeb xa b\u1eb1ng \u0111i\u1ec7n tho\u1ea1i th\u00f4ng qua \u1ee9ng d\u1ee5ng <strong>SmartThings.<\/strong><\/p>\n<p>&#8211; T\u00ednh n\u0103ng <strong>Multi View<\/strong> (c\u00f3 th\u1ec3 k\u1ebft n\u1ed1i camera g\u1eafn r\u1eddi) th\u01b0\u1edfng th\u1ee9c nhi\u1ec1u n\u1ed9i dung gi\u1ea3i tr\u00ed t\u1eeb nhi\u1ec1u ngu\u1ed3n tr\u00ean c\u00f9ng m\u1ed9t m\u00e0n h\u00ecnh (2 m\u00e0n h\u00ecnh).<\/p>\n<p>&#8211; <strong>SmartThings<\/strong> t\u00edch h\u1ee3<span style=\"letter-spacing: 0px;\">p IoT H<\/span><span style=\"letter-spacing: 0px;\">ub: Qu\u1ea3n l\u00fd ng\u00f4i nh\u00e0 th\u00f4ng minh, k\u1ebft n\u1ed1i nhanh ch\u00f3ng \u0111a thi\u1ebft b\u1ecb nh\u1edd t\u00edch h\u1ee3p IoT Hub v\u00e0 ch\u1ebf \u0111\u1ed9 hi\u1ec3n th\u1ecb 3D.<\/span><\/p>\n<p><img loading=\"lazy\" decoding=\"async\" class=\"alignnone wp-image-5116\" style=\"letter-spacing: 0px;\" src=\"https:\/\/tivi-samsung.com\/wp-content\/uploads\/2025\/09\/vi-vn-smart-tivi-qled-4k-43-inch-samsung-qa43q60c-9-300x168.jpg\" alt=\"\" width=\"1383\" height=\"775\" srcset=\"https:\/\/tivi-samsung.com\/wp-content\/uploads\/2025\/09\/vi-vn-smart-tivi-qled-4k-43-inch-samsung-qa43q60c-9-300x168.jpg 300w, https:\/\/tivi-samsung.com\/wp-content\/uploads\/2025\/09\/vi-vn-smart-tivi-qled-4k-43-inch-samsung-qa43q60c-9-768x429.jpg 768w, https:\/\/tivi-samsung.com\/wp-content\/uploads\/2025\/09\/vi-vn-smart-tivi-qled-4k-43-inch-samsung-qa43q60c-9-450x251.jpg 450w, https:\/\/tivi-samsung.com\/wp-content\/uploads\/2025\/09\/vi-vn-smart-tivi-qled-4k-43-inch-samsung-qa43q60c-9-600x335.jpg 600w, https:\/\/tivi-samsung.com\/wp-content\/uploads\/2025\/09\/vi-vn-smart-tivi-qled-4k-43-inch-samsung-qa43q60c-9-150x84.jpg 150w\" sizes=\"(max-width: 1383px) 100vw, 1383px\" \/><\/p>\n<p>+ N\u00e2ng c\u1ea5p kh\u1ea3 n\u0103ng k\u1ebft n\u1ed1i v\u1edbi c\u00e1c thi\u1ebft b\u1ecb audio v\u00e0 \u0111\u1eb7c bi\u1ec7t l\u00e0 tai nghe buds c\u1ee7a Samsung (2 c\u1eb7p tai nghe k\u1ebft n\u1ed1i c\u00f9ng 1 l\u00fac).<\/p>\n<p>+ N\u00e2ng cao tr\u1ea3i nghi\u1ec7m xem tr\u00ean tivi d\u01b0\u1edbi d\u1ea1ng r\u1ea1p chi\u1ebfu phim v\u1edbi <strong>Media Home.<\/strong><\/p>\n<p>+ <strong>Built-in IoT Hub<\/strong> gi\u00fap k\u1ebft n\u1ed1i d\u1ec5 d\u00e0ng v\u1edbi c\u00e1c thi\u1ebft b\u1ecb <strong>Zigbee, Thread, Matter<\/strong> m\u00e0 kh\u00f4ng c\u1ea7n <strong>Dongle.<\/strong><\/p>\n<p>V\u1edbi th\u00e0nh c\u00f4ng t\u1eeb s\u1ea3n ph\u1ea9m <a href=\"https:\/\/tokoo.vn\/danh-muc\/samsung-tvs\/\" target=\"_blank\" rel=\"noopener\"><strong>Smart Tivi QLED 4K 43 inch Samsung QA43Q60B<\/strong><\/a> \u0111\u01b0\u1ee3c ra m\u1eaft n\u0103m 2022, Samsung ra m\u1eaft phi\u00ean b\u1ea3n n\u0103m 2023 <a href=\"https:\/\/tokoo.vn\/danh-muc\/samsung-tvs\/\" target=\"_blank\" rel=\"noopener\"><strong>Smart Tivi QLED 4K 43 inch Samsung QA43Q60C<\/strong><\/a> s\u1edf h\u1eefu di\u1ec7n m\u1ea1o tinh gi\u1ea3n, thanh l\u1ecbch, t\u00f4 \u0111i\u1ec3m cho kh\u00f4ng gian n\u1ed9i th\u1ea5t gia \u0111\u00ecnh th\u00eam ph\u1ea7n sang tr\u1ecdng. M\u00e0n h\u00ecnh si\u00eau m\u1ecfng, hi\u1ec3n th\u1ecb h\u00ecnh \u1ea3nh s\u1eafc n\u00e9t, c\u00f3 chi\u1ec1u s\u00e2u, c\u1ea3nh chuy\u1ec3n \u0111\u1ed9ng m\u01b0\u1ee3t m\u00e0, \u00e2m thanh 3 chi\u1ec1u s\u1ed1ng \u0111\u1ed9ng h\u1ec7t nh\u01b0 \u0111ang ng\u1ed3i trong r\u1ea1p chi\u1ebfu phim, h\u1ec7 \u0111i\u1ec1u h\u00e0nh Tizen\u2122 th\u00e2n thi\u1ec7n, \u0111i\u1ec1u khi\u1ec3n nhanh b\u1eb1ng gi\u1ecdng n\u00f3i ti\u1ebfng Vi\u1ec7t,\u2026 c\u00f9ng nhi\u1ec1u ti\u1ec7n \u00edch th\u00f4ng minh kh\u00e1c.<\/p>\n<p>\u0110\u00e2y s\u1ebd l\u00e0 m\u1ed9t chi\u1ebfc Smart tivi m\u00e0 b\u1ea1n n\u00ean c\u00e2n nh\u1eafc cho gia \u0111\u00ecnh c\u1ee7a m\u00ecnh \u0111\u1ec3 th\u01b0 gi\u00e3n, gi\u1ea3i tr\u00ed sau m\u1ed7i ng\u00e0y l\u00e0m vi\u1ec7c m\u1ec7t m\u1ecfi v\u1ec1.<\/p>\n<p>&nbsp;<\/p>\n<p><script src=\"chrome-extension:\/\/fpelahbljekknahkcaegamhcndkfpfnc\/iFrame.js\" type=\"text\/javascript\"><\/script><\/p>\n<p><script src=\"chrome-extension:\/\/fpelahbljekknahkcaegamhcndkfpfnc\/iFrame.js\" type=\"text\/javascript\"><\/script><\/p>\n<p><script src=\"chrome-extension:\/\/fpelahbljekknahkcaegamhcndkfpfnc\/iFrame.js\" type=\"text\/javascript\"><\/script><\/p>\n<p><script src=\"chrome-extension:\/\/fpelahbljekknahkcaegamhcndkfpfnc\/iFrame.js\" type=\"text\/javascript\"><\/script><\/p>\n","protected":false},"excerpt":{"rendered":"<p>&nbsp;<\/p>\n<p><script src=\"chrome-extension:\/\/fpelahbljekknahkcaegamhcndkfpfnc\/iFrame.js\" type=\"text\/javascript\"><\/script><\/p>\n<p><script src=\"chrome-extension:\/\/fpelahbljekknahkcaegamhcndkfpfnc\/iFrame.js\" type=\"text\/javascript\"><\/script><\/p>\n<p><script src=\"chrome-extension:\/\/fpelahbljekknahkcaegamhcndkfpfnc\/iFrame.js\" type=\"text\/javascript\"><\/script><\/p>\n<p><script src=\"chrome-extension:\/\/fpelahbljekknahkcaegamhcndkfpfnc\/iFrame.js\" type=\"text\/javascript\"><\/script><\/p>\n<p><script src=\"chrome-extension:\/\/fpelahbljekknahkcaegamhcndkfpfnc\/iFrame.js\" type=\"text\/javascript\"><\/script><\/p>\n<p><script src=\"chrome-extension:\/\/fpelahbljekknahkcaegamhcndkfpfnc\/iFrame.js\" type=\"text\/javascript\"><\/script><\/p>\n<p><script src=\"chrome-extension:\/\/fpelahbljekknahkcaegamhcndkfpfnc\/iFrame.js\" type=\"text\/javascript\"><\/script><\/p>\n<p><script src=\"chrome-extension:\/\/fpelahbljekknahkcaegamhcndkfpfnc\/iFrame.js\" type=\"text\/javascript\"><\/script><\/p>\n<p><script src=\"chrome-extension:\/\/fpelahbljekknahkcaegamhcndkfpfnc\/iFrame.js\" type=\"text\/javascript\"><\/script><\/p>\n<p><script src=\"chrome-extension:\/\/fpelahbljekknahkcaegamhcndkfpfnc\/iFrame.js\" type=\"text\/javascript\"><\/script><\/p>\n<p><script src=\"chrome-extension:\/\/fpelahbljekknahkcaegamhcndkfpfnc\/iFrame.js\" type=\"text\/javascript\"><\/script><\/p>\n<p><script src=\"chrome-extension:\/\/fpelahbljekknahkcaegamhcndkfpfnc\/iFrame.js\" type=\"text\/javascript\"><\/script><\/p>\n<p><script src=\"chrome-extension:\/\/fpelahbljekknahkcaegamhcndkfpfnc\/iFrame.js\" type=\"text\/javascript\"><\/script><\/p>\n<p><script src=\"chrome-extension:\/\/fpelahbljekknahkcaegamhcndkfpfnc\/iFrame.js\" type=\"text\/javascript\"><\/script><\/p>\n<p><script src=\"chrome-extension:\/\/fpelahbljekknahkcaegamhcndkfpfnc\/iFrame.js\" type=\"text\/javascript\"><\/script><\/p>\n","protected":false},"featured_media":4713,"comment_status":"open","ping_status":"closed","template":"","meta":[],"product_brand":[88],"product_cat":[68,76],"product_tag":[],"class_list":{"0":"post-4884","1":"product","2":"type-product","3":"status-publish","4":"has-post-thumbnail","6":"product_brand-samsung","7":"product_cat-smart-tv","8":"product_cat-televisions","9":"pa_kich-co-man-hinh-43-inch","11":"first","12":"instock","13":"shipping-taxable","14":"purchasable","15":"product-type-simple"},"_links":{"self":[{"href":"https:\/\/tivi-samsung.com\/index.php?rest_route=\/wp\/v2\/product\/4884","targetHints":{"allow":["GET"]}}],"collection":[{"href":"https:\/\/tivi-samsung.com\/index.php?rest_route=\/wp\/v2\/product"}],"about":[{"href":"https:\/\/tivi-samsung.com\/index.php?rest_route=\/wp\/v2\/types\/product"}],"replies":[{"embeddable":true,"href":"https:\/\/tivi-samsung.com\/index.php?rest_route=%2Fwp%2Fv2%2Fcomments&post=4884"}],"version-history":[{"count":16,"href":"https:\/\/tivi-samsung.com\/index.php?rest_route=\/wp\/v2\/product\/4884\/revisions"}],"predecessor-version":[{"id":8387,"href":"https:\/\/tivi-samsung.com\/index.php?rest_route=\/wp\/v2\/product\/4884\/revisions\/8387"}],"wp:featuredmedia":[{"embeddable":true,"href":"https:\/\/tivi-samsung.com\/index.php?rest_route=\/wp\/v2\/media\/4713"}],"wp:attachment":[{"href":"https:\/\/tivi-samsung.com\/index.php?rest_route=%2Fwp%2Fv2%2Fmedia&parent=4884"}],"wp:term":[{"taxonomy":"product_brand","embeddable":true,"href":"https:\/\/tivi-samsung.com\/index.php?rest_route=%2Fwp%2Fv2%2Fproduct_brand&post=4884"},{"taxonomy":"product_cat","embeddable":true,"href":"https:\/\/tivi-samsung.com\/index.php?rest_route=%2Fwp%2Fv2%2Fproduct_cat&post=4884"},{"taxonomy":"product_tag","embeddable":true,"href":"https:\/\/tivi-samsung.com\/index.php?rest_route=%2Fwp%2Fv2%2Fproduct_tag&post=4884"}],"curies":[{"name":"wp","href":"https:\/\/api.w.org\/{rel}","templated":true}]}}