{"id":4486,"date":"2025-09-17T09:32:59","date_gmt":"2025-09-17T02:32:59","guid":{"rendered":"https:\/\/tivi-samsung.com\/?post_type=product&#038;p=4486"},"modified":"2025-10-14T22:39:18","modified_gmt":"2025-10-14T15:39:18","slug":"smart-tivi-qled-samsung-ai-4k-50-inch-qa50q80c","status":"publish","type":"product","link":"https:\/\/tivi-samsung.com\/?product=smart-tivi-qled-samsung-ai-4k-50-inch-qa50q80c","title":{"rendered":"Smart Tivi QLED Samsung AI 4K 50 inch QA50Q80C"},"content":{"rendered":"<p><strong>Th\u00f4ng tin s\u1ea3n ph\u1ea9m<\/strong><\/p>\n<p><a href=\"https:\/\/tokoo.vn\/danh-muc\/samsung-tvs\/\" target=\"_blank\" rel=\"noopener\"><strong>Smart Tivi QLED 4K 50 inch Samsung QA50Q80C<\/strong><\/a> n\u1ed9i dung 4K ho\u00e0n h\u1ea3o v\u1edbi b\u1ed9 x\u1eed l\u00fd<strong> Neural Quantum 4K AI 20 n\u01a1-ron<\/strong>, c\u00f4ng ngh\u1ec7 Real Depth Enhancer hi\u1ec3n th\u1ecb h\u00ecnh \u1ea3nh c\u00f3 \u0111\u1ed9 s\u00e2u ch\u00e2n th\u1ef1c, Direct Full Array 8X t\u00e1i t\u1ea1o khung h\u00ecnh cho s\u1eafc \u0111en s\u00e2u th\u1eb3m, c\u00f4ng ngh\u1ec7 Dolby Atmos, OTS Lite cho \u00e2m thanh \u0111a chi\u1ec1u nh\u01b0 \u1edf r\u1ea1p chi\u1ebfu phim, h\u1ec7 \u0111i\u1ec1u h\u00e0nh <strong>Tizen\u2122<\/strong> v\u1edbi kho \u1ee9ng d\u1ee5ng \u0111a d\u1ea1ng.<\/p>\n<p><strong>T\u1ed5ng quan thi\u1ebft k\u1ebf<\/strong><\/p>\n<p>&#8211; <strong>Samsung QA50Q80C<\/strong> thi\u1ebft k\u1ebf c\u1ea1nh vi\u1ec1n si\u00eau m\u1ecfng, m\u00e0n h\u00ecnh ph\u1eb3ng, \u0111\u01b0\u1eddng n\u00e9t tinh gi\u1ea3n, g\u1ecdn g\u00e0ng l\u00e0 \u0111i\u1ec3m nh\u1ea5n t\u00f4 \u0111i\u1ec3m cho kh\u00f4ng gian nh\u00e0 b\u1ea1n.<\/p>\n<p>&#8211; K\u00edch th\u01b0\u1edbc m\u00e0n h\u00ecnh 50 inch th\u00edch h\u1ee3p s\u1eafp \u0111\u1eb7t trong nh\u1eefng gian ph\u00f2ng c\u00f3 di\u1ec7n t\u00edch v\u1eeba v\u00e0 l\u1edbn. T\u00f9y theo t\u1eebng kh\u00f4ng gian, b\u1ea1n c\u00f3 th\u1ec3 b\u1ed1 tr\u00ed ki\u1ec3u treo t\u01b0\u1eddng ho\u1eb7c \u0111\u1ec3 b\u00e0n.<\/p>\n<p>&#8211; Ch\u00e2n \u0111\u1ebf \u0111\u01b0\u1ee3c l\u00e0m t\u1eeb nh\u1ef1a ch\u1eafc ch\u1eafn, gi\u00fap tivi c\u00f3 th\u1ec3 \u0111\u1ee9ng v\u1eefng tr\u00ean k\u1ec7 b\u00e0n hay m\u1eb7t t\u1ee7,&#8230;<\/p>\n<p><img fetchpriority=\"high\" decoding=\"async\" class=\"alignnone wp-image-5179\" src=\"https:\/\/tivi-samsung.com\/wp-content\/uploads\/2025\/09\/smart-tivi-qled-4k-50-inch-samsung-qa50q80c-240323-034755-300x168.jpg\" alt=\"\" width=\"1538\" height=\"861\" srcset=\"https:\/\/tivi-samsung.com\/wp-content\/uploads\/2025\/09\/smart-tivi-qled-4k-50-inch-samsung-qa50q80c-240323-034755-300x168.jpg 300w, https:\/\/tivi-samsung.com\/wp-content\/uploads\/2025\/09\/smart-tivi-qled-4k-50-inch-samsung-qa50q80c-240323-034755-768x429.jpg 768w, https:\/\/tivi-samsung.com\/wp-content\/uploads\/2025\/09\/smart-tivi-qled-4k-50-inch-samsung-qa50q80c-240323-034755-450x251.jpg 450w, https:\/\/tivi-samsung.com\/wp-content\/uploads\/2025\/09\/smart-tivi-qled-4k-50-inch-samsung-qa50q80c-240323-034755-600x335.jpg 600w, https:\/\/tivi-samsung.com\/wp-content\/uploads\/2025\/09\/smart-tivi-qled-4k-50-inch-samsung-qa50q80c-240323-034755-150x84.jpg 150w, https:\/\/tivi-samsung.com\/wp-content\/uploads\/2025\/09\/smart-tivi-qled-4k-50-inch-samsung-qa50q80c-240323-034755.jpg 1020w\" sizes=\"(max-width: 1538px) 100vw, 1538px\" \/><\/p>\n<p><strong>C\u00f4ng ngh\u1ec7 h\u00ecnh \u1ea3nh<\/strong><\/p>\n<p>&#8211; M\u00e0n h\u00ecnh <strong>QLED<\/strong> t\u00e1i hi\u1ec7n h\u00ecnh \u1ea3nh 4K cho \u0111\u1ed9 n\u00e9t cao g\u1ea5p 4 l\u1ea7n so v\u1edbi <strong>Full HD<\/strong>.<\/p>\n<p><img decoding=\"async\" class=\"alignnone wp-image-5180\" src=\"https:\/\/tivi-samsung.com\/wp-content\/uploads\/2025\/09\/smart-tivi-qled-4k-55-inch-samsung-qa55q80c-200323-020343-300x168.jpg\" alt=\"\" width=\"1539\" height=\"861\" srcset=\"https:\/\/tivi-samsung.com\/wp-content\/uploads\/2025\/09\/smart-tivi-qled-4k-55-inch-samsung-qa55q80c-200323-020343-300x168.jpg 300w, https:\/\/tivi-samsung.com\/wp-content\/uploads\/2025\/09\/smart-tivi-qled-4k-55-inch-samsung-qa55q80c-200323-020343-768x429.jpg 768w, https:\/\/tivi-samsung.com\/wp-content\/uploads\/2025\/09\/smart-tivi-qled-4k-55-inch-samsung-qa55q80c-200323-020343-450x251.jpg 450w, https:\/\/tivi-samsung.com\/wp-content\/uploads\/2025\/09\/smart-tivi-qled-4k-55-inch-samsung-qa55q80c-200323-020343-600x335.jpg 600w, https:\/\/tivi-samsung.com\/wp-content\/uploads\/2025\/09\/smart-tivi-qled-4k-55-inch-samsung-qa55q80c-200323-020343-150x84.jpg 150w, https:\/\/tivi-samsung.com\/wp-content\/uploads\/2025\/09\/smart-tivi-qled-4k-55-inch-samsung-qa55q80c-200323-020343.jpg 1020w\" sizes=\"(max-width: 1539px) 100vw, 1539px\" \/><\/p>\n<p>&#8211; B\u1ed9 x\u1eed l\u00fd <strong>Neural Quantum 4K AI<\/strong> s\u1eed d\u1ee5ng 20 n\u01a1-ron c\u00f9ng tr\u00ed tu\u1ec7 nh\u00e2n t\u1ea1o AI n\u00e2ng cao ch\u1ea5t l\u01b0\u1ee3ng khung h\u00ecnh l\u00ean chu\u1ea9n 4K, t\u1ed1i \u01b0u h\u00f3a h\u00ecnh \u1ea3nh, \u00e2m thanh \u0111\u1ec3 ng\u01b0\u1eddi xem \u0111\u01b0\u1ee3c t\u1eadn h\u01b0\u1edfng n\u1ed9i dung ho\u00e0n h\u1ea3o.<\/p>\n<p><img decoding=\"async\" class=\"alignnone wp-image-5159\" src=\"https:\/\/tivi-samsung.com\/wp-content\/uploads\/2025\/09\/2-1020x570-1-300x168.jpg\" alt=\"\" width=\"1537\" height=\"860\" srcset=\"https:\/\/tivi-samsung.com\/wp-content\/uploads\/2025\/09\/2-1020x570-1-300x168.jpg 300w, https:\/\/tivi-samsung.com\/wp-content\/uploads\/2025\/09\/2-1020x570-1-768x429.jpg 768w, https:\/\/tivi-samsung.com\/wp-content\/uploads\/2025\/09\/2-1020x570-1-450x251.jpg 450w, https:\/\/tivi-samsung.com\/wp-content\/uploads\/2025\/09\/2-1020x570-1-600x335.jpg 600w, https:\/\/tivi-samsung.com\/wp-content\/uploads\/2025\/09\/2-1020x570-1-150x84.jpg 150w, https:\/\/tivi-samsung.com\/wp-content\/uploads\/2025\/09\/2-1020x570-1.jpg 1020w\" sizes=\"(max-width: 1537px) 100vw, 1537px\" \/><\/p>\n<p>&#8211; C\u00f4ng ngh\u1ec7 <strong>Real Depth Enhancer<\/strong> b\u1eb1ng c\u00e1ch t\u0103ng c\u01b0\u1eddng t\u01b0\u01a1ng ph\u1ea3n, chi ti\u1ebft c\u1ee7a ch\u1ee7 th\u1ec3 trong h\u00ecnh gi\u00fap tivi <strong>Samsung QLED<\/strong> t\u1ea1o n\u00ean c\u1ea3nh phim mang chi\u1ec1u s\u00e2u chu\u1ea9n nh\u01b0 m\u1eaft nh\u00ecn \u1edf ngo\u00e0i \u0111\u1eddi th\u1ef1c.<\/p>\n<p><img loading=\"lazy\" decoding=\"async\" class=\"alignnone wp-image-5184\" src=\"https:\/\/tivi-samsung.com\/wp-content\/uploads\/2025\/09\/vi-vn-smart-tivi-qled-4k-50-inch-samsung-qa50q80c-04-300x168.jpg\" alt=\"\" width=\"1535\" height=\"860\" srcset=\"https:\/\/tivi-samsung.com\/wp-content\/uploads\/2025\/09\/vi-vn-smart-tivi-qled-4k-50-inch-samsung-qa50q80c-04-300x168.jpg 300w, https:\/\/tivi-samsung.com\/wp-content\/uploads\/2025\/09\/vi-vn-smart-tivi-qled-4k-50-inch-samsung-qa50q80c-04-768x429.jpg 768w, https:\/\/tivi-samsung.com\/wp-content\/uploads\/2025\/09\/vi-vn-smart-tivi-qled-4k-50-inch-samsung-qa50q80c-04-450x251.jpg 450w, https:\/\/tivi-samsung.com\/wp-content\/uploads\/2025\/09\/vi-vn-smart-tivi-qled-4k-50-inch-samsung-qa50q80c-04-600x335.jpg 600w, https:\/\/tivi-samsung.com\/wp-content\/uploads\/2025\/09\/vi-vn-smart-tivi-qled-4k-50-inch-samsung-qa50q80c-04-150x84.jpg 150w, https:\/\/tivi-samsung.com\/wp-content\/uploads\/2025\/09\/vi-vn-smart-tivi-qled-4k-50-inch-samsung-qa50q80c-04.jpg 1020w\" sizes=\"(max-width: 1535px) 100vw, 1535px\" \/><\/p>\n<p>&#8211; <strong>Direct Full Array 8X<\/strong> \u0111i\u1ec1u ch\u1ec9nh c\u00e1c khu v\u1ef1c s\u00e1ng t\u1ed1i hi\u1ec7u qu\u1ea3, t\u00e1i hi\u1ec7n h\u00ecnh \u1ea3nh c\u00f3 m\u00e0u \u0111en s\u00e2u th\u1eb3m, m\u00e0u tr\u1eafng tinh khi\u1ebft.<\/p>\n<p><img loading=\"lazy\" decoding=\"async\" class=\"alignnone wp-image-5194\" src=\"https:\/\/tivi-samsung.com\/wp-content\/uploads\/2025\/09\/vi-vn-smart-tivi-qled-4k-50-inch-samsung-qa50q80c-02-300x168.jpg\" alt=\"\" width=\"1534\" height=\"859\" srcset=\"https:\/\/tivi-samsung.com\/wp-content\/uploads\/2025\/09\/vi-vn-smart-tivi-qled-4k-50-inch-samsung-qa50q80c-02-300x168.jpg 300w, https:\/\/tivi-samsung.com\/wp-content\/uploads\/2025\/09\/vi-vn-smart-tivi-qled-4k-50-inch-samsung-qa50q80c-02-768x429.jpg 768w, https:\/\/tivi-samsung.com\/wp-content\/uploads\/2025\/09\/vi-vn-smart-tivi-qled-4k-50-inch-samsung-qa50q80c-02-450x251.jpg 450w, https:\/\/tivi-samsung.com\/wp-content\/uploads\/2025\/09\/vi-vn-smart-tivi-qled-4k-50-inch-samsung-qa50q80c-02-600x335.jpg 600w, https:\/\/tivi-samsung.com\/wp-content\/uploads\/2025\/09\/vi-vn-smart-tivi-qled-4k-50-inch-samsung-qa50q80c-02-150x84.jpg 150w, https:\/\/tivi-samsung.com\/wp-content\/uploads\/2025\/09\/vi-vn-smart-tivi-qled-4k-50-inch-samsung-qa50q80c-02.jpg 1020w\" sizes=\"(max-width: 1534px) 100vw, 1534px\" \/><\/p>\n<p>&#8211; C\u00f4ng ngh\u1ec7 <strong>Quantum HDR<\/strong> t\u1ed1i \u01b0u h\u00f3a \u0111\u1ed9 t\u01b0\u01a1ng ph\u1ea3n, \u0111\u1ed9 chi ti\u1ebft h\u00ecnh \u1ea3nh trong b\u1ea5t k\u1ef3 \u0111i\u1ec1u ki\u1ec7n s\u00e1ng n\u00e0o gi\u00fap \u0111em \u0111\u1ebfn tr\u1ea3i nghi\u1ec7m xem \u0111i\u1ec7n \u1ea3nh tuy\u1ec7t \u0111\u1eb9p.<\/p>\n<p><img loading=\"lazy\" decoding=\"async\" class=\"alignnone wp-image-5183\" src=\"https:\/\/tivi-samsung.com\/wp-content\/uploads\/2025\/09\/vi-vn-smart-tivi-qled-4k-50-inch-samsung-qa50q80c-03-300x168.jpg\" alt=\"\" width=\"1532\" height=\"858\" srcset=\"https:\/\/tivi-samsung.com\/wp-content\/uploads\/2025\/09\/vi-vn-smart-tivi-qled-4k-50-inch-samsung-qa50q80c-03-300x168.jpg 300w, https:\/\/tivi-samsung.com\/wp-content\/uploads\/2025\/09\/vi-vn-smart-tivi-qled-4k-50-inch-samsung-qa50q80c-03-768x429.jpg 768w, https:\/\/tivi-samsung.com\/wp-content\/uploads\/2025\/09\/vi-vn-smart-tivi-qled-4k-50-inch-samsung-qa50q80c-03-450x251.jpg 450w, https:\/\/tivi-samsung.com\/wp-content\/uploads\/2025\/09\/vi-vn-smart-tivi-qled-4k-50-inch-samsung-qa50q80c-03-600x335.jpg 600w, https:\/\/tivi-samsung.com\/wp-content\/uploads\/2025\/09\/vi-vn-smart-tivi-qled-4k-50-inch-samsung-qa50q80c-03-150x84.jpg 150w, https:\/\/tivi-samsung.com\/wp-content\/uploads\/2025\/09\/vi-vn-smart-tivi-qled-4k-50-inch-samsung-qa50q80c-03.jpg 1020w\" sizes=\"(max-width: 1532px) 100vw, 1532px\" \/><\/p>\n<p>&#8211;<strong> Ambient Mode+<\/strong> l\u00e0 ch\u1ebf \u0111\u1ed9 trang tr\u00ed bi\u1ebfn tivi th\u00e0nh b\u1ee9c tranh \u0111i\u1ec7n t\u1eed s\u1ed1ng \u0111\u1ed9ng, ti\u1ec7n d\u1ee5ng ngay c\u1ea3 khi b\u1ea1n kh\u00f4ng s\u1eed d\u1ee5ng thi\u1ebft b\u1ecb.<\/p>\n<p>&#8211;<strong> Motion Xcelerator Turbo<\/strong>, c\u00f4ng ngh\u1ec7 cho chuy\u1ec3n \u0111\u1ed9ng uy\u1ec3n chuy\u1ec3n, r\u00f5 r\u00e0ng \u0111\u1ec3 game th\u1ee7 s\u1eb5n s\u00e0ng b\u01b0\u1edbc v\u00e0o tr\u1eadn chi\u1ebfn v\u1edbi thao t\u00e1c m\u01b0\u1ee3t m\u00e0, t\u1ed1c \u0111\u1ed9 kh\u00f4ng t\u01b0\u1edfng. C\u00f4ng ngh\u1ec7 <strong>FreeSync Premium Pro<\/strong>, ch\u1ebf \u0111\u1ed9 <strong>Game Motion Plus<\/strong> n\u00e2ng cao t\u1ed1c \u0111\u1ed9 k\u1ebft n\u1ed1i, h\u1ea1n ch\u1ebf hi\u1ec7n t\u01b0\u1ee3ng gi\u1eadt, x\u00e9 h\u00ecnh \u0111\u1ec3 b\u1ea1n d\u1ec5 d\u00e0ng chi\u1ebfn th\u1eafng \u0111\u1ecbch th\u1ee7.<\/p>\n<p><strong>C\u00f4ng ngh\u1ec7 \u00e2m thanh<\/strong><\/p>\n<p>&#8211; V\u1edbi t\u1ed5ng c\u00f4ng su\u1ea5t loa 40W, tivi cho ch\u1ea5t \u00e2m s\u1ed1ng \u0111\u1ed9ng, cu\u1ed1n h\u00fat.<\/p>\n<p>&#8211; C\u00f4ng ngh\u1ec7 <strong>Dolby Atmos<\/strong> mang \u0111\u1ebfn \u00e2m thanh \u0111a chi\u1ec1u lan t\u1ecfa r\u1ed9ng kh\u1eafp kh\u00f4ng gian, bi\u1ebfn t\u1eebng c\u1ea3nh game tr\u1edf n\u00ean ch\u00e2n th\u1eadt nh\u01b0 th\u1ec3 b\u1ea1n \u0111ang nh\u1eadp vai tr\u00ean \u0111\u1ea5u tr\u01b0\u1eddng.<\/p>\n<p><img loading=\"lazy\" decoding=\"async\" class=\"alignnone wp-image-5187\" src=\"https:\/\/tivi-samsung.com\/wp-content\/uploads\/2025\/09\/vi-vn-smart-tivi-qled-4k-50-inch-samsung-qa50q80c-9-300x168.jpg\" alt=\"\" width=\"1531\" height=\"857\" srcset=\"https:\/\/tivi-samsung.com\/wp-content\/uploads\/2025\/09\/vi-vn-smart-tivi-qled-4k-50-inch-samsung-qa50q80c-9-300x168.jpg 300w, https:\/\/tivi-samsung.com\/wp-content\/uploads\/2025\/09\/vi-vn-smart-tivi-qled-4k-50-inch-samsung-qa50q80c-9-768x429.jpg 768w, https:\/\/tivi-samsung.com\/wp-content\/uploads\/2025\/09\/vi-vn-smart-tivi-qled-4k-50-inch-samsung-qa50q80c-9-450x251.jpg 450w, https:\/\/tivi-samsung.com\/wp-content\/uploads\/2025\/09\/vi-vn-smart-tivi-qled-4k-50-inch-samsung-qa50q80c-9-600x335.jpg 600w, https:\/\/tivi-samsung.com\/wp-content\/uploads\/2025\/09\/vi-vn-smart-tivi-qled-4k-50-inch-samsung-qa50q80c-9-150x84.jpg 150w, https:\/\/tivi-samsung.com\/wp-content\/uploads\/2025\/09\/vi-vn-smart-tivi-qled-4k-50-inch-samsung-qa50q80c-9.jpg 1020w\" sizes=\"(max-width: 1531px) 100vw, 1531px\" \/><\/p>\n<p>&#8211; <strong>OTS Lite<\/strong> t\u1ea1o n\u00ean \u00e2m thanh v\u00f2m theo d\u1ea5u c\u1ee7a chuy\u1ec3n \u0111\u1ed9ng tr\u00ean h\u00ecnh \u1ea3nh cho b\u1ea1n c\u1ea3m nh\u1eadn nh\u01b0 \u0111ang ng\u1ed3i trong r\u1ea1p chi\u1ebfu phim th\u1ef1c s\u1ef1.<\/p>\n<p><img loading=\"lazy\" decoding=\"async\" class=\"alignnone wp-image-5186\" src=\"https:\/\/tivi-samsung.com\/wp-content\/uploads\/2025\/09\/vi-vn-smart-tivi-qled-4k-50-inch-samsung-qa50q80c-08-300x168.jpg\" alt=\"\" width=\"1528\" height=\"856\" srcset=\"https:\/\/tivi-samsung.com\/wp-content\/uploads\/2025\/09\/vi-vn-smart-tivi-qled-4k-50-inch-samsung-qa50q80c-08-300x168.jpg 300w, https:\/\/tivi-samsung.com\/wp-content\/uploads\/2025\/09\/vi-vn-smart-tivi-qled-4k-50-inch-samsung-qa50q80c-08-768x429.jpg 768w, https:\/\/tivi-samsung.com\/wp-content\/uploads\/2025\/09\/vi-vn-smart-tivi-qled-4k-50-inch-samsung-qa50q80c-08-450x251.jpg 450w, https:\/\/tivi-samsung.com\/wp-content\/uploads\/2025\/09\/vi-vn-smart-tivi-qled-4k-50-inch-samsung-qa50q80c-08-600x335.jpg 600w, https:\/\/tivi-samsung.com\/wp-content\/uploads\/2025\/09\/vi-vn-smart-tivi-qled-4k-50-inch-samsung-qa50q80c-08-150x84.jpg 150w, https:\/\/tivi-samsung.com\/wp-content\/uploads\/2025\/09\/vi-vn-smart-tivi-qled-4k-50-inch-samsung-qa50q80c-08.jpg 1020w\" sizes=\"(max-width: 1528px) 100vw, 1528px\" \/><\/p>\n<p>&#8211; C\u00f4ng ngh\u1ec7<strong> AVA<\/strong> khi ph\u00e1t hi\u1ec7n ti\u1ebfng \u1ed3n trong m\u00f4i tr\u01b0\u1eddng l\u1edbn h\u01a1n ti\u1ebfng tivi th\u00ec b\u1ed9 khu\u1ebfch \u0111\u1ea1i \u00e2m thanh ch\u1ee7 \u0111\u1ed9ng s\u1ebd n\u00e2ng cao \u00e2m l\u01b0\u1ee3ng \u0111\u00e0m tho\u1ea1i \u0111\u1ec3 b\u1ea1n theo d\u00f5i di\u1ec5n bi\u1ebfn trong phim li\u1ec1n m\u1ea1ch, kh\u00f4ng b\u1ecf s\u00f3t t\u00ecnh ti\u1ebft.<\/p>\n<p>&#8211; <strong>Q-Symphony 3.0<\/strong> v\u1edbi s\u1ef1 k\u1ebft h\u1ee3p c\u1ee7a loa tivi v\u00e0 loa thanh cho \u00e2m thanh m\u1ea1nh m\u1ebd, vang d\u1ed9i, khi\u1ebfn b\u1ea1n d\u1ec5 d\u00e0ng l\u1ea1c m\u00ecnh trong giai \u0111i\u1ec7u b\u1ea3n nh\u1ea1c rock cu\u1ed3ng nhi\u1ec7t.<\/p>\n<p><img loading=\"lazy\" decoding=\"async\" class=\"alignnone wp-image-5188\" src=\"https:\/\/tivi-samsung.com\/wp-content\/uploads\/2025\/09\/vi-vn-smart-tivi-qled-4k-50-inch-samsung-qa50q80c-10-300x168.jpg\" alt=\"\" width=\"1528\" height=\"856\" srcset=\"https:\/\/tivi-samsung.com\/wp-content\/uploads\/2025\/09\/vi-vn-smart-tivi-qled-4k-50-inch-samsung-qa50q80c-10-300x168.jpg 300w, https:\/\/tivi-samsung.com\/wp-content\/uploads\/2025\/09\/vi-vn-smart-tivi-qled-4k-50-inch-samsung-qa50q80c-10-768x429.jpg 768w, https:\/\/tivi-samsung.com\/wp-content\/uploads\/2025\/09\/vi-vn-smart-tivi-qled-4k-50-inch-samsung-qa50q80c-10-450x251.jpg 450w, https:\/\/tivi-samsung.com\/wp-content\/uploads\/2025\/09\/vi-vn-smart-tivi-qled-4k-50-inch-samsung-qa50q80c-10-600x335.jpg 600w, https:\/\/tivi-samsung.com\/wp-content\/uploads\/2025\/09\/vi-vn-smart-tivi-qled-4k-50-inch-samsung-qa50q80c-10-150x84.jpg 150w, https:\/\/tivi-samsung.com\/wp-content\/uploads\/2025\/09\/vi-vn-smart-tivi-qled-4k-50-inch-samsung-qa50q80c-10.jpg 1020w\" sizes=\"(max-width: 1528px) 100vw, 1528px\" \/><\/p>\n<p><strong>H\u1ec7 \u0111i\u1ec1u h\u00e0nh<\/strong><\/p>\n<p>&#8211; <strong>Smart tivi Samsung<\/strong> c\u00e0i \u0111\u1eb7t h\u1ec7 \u0111i\u1ec1u h\u00e0nh<strong> Tizen\u2122<\/strong> thi\u1ebft k\u1ebf giao di\u1ec7n hi\u1ec7n \u0111\u1ea1i, s\u1eafp x\u1ebfp c\u00e1c n\u1ed9i dung r\u00f5 r\u00e0ng, quan s\u00e1t v\u00e0 t\u00f9y ch\u1ecdn c\u00e1c ch\u01b0\u01a1ng tr\u00ecnh truy\u1ec1n h\u00ecnh, phim \u1ea3nh, \u1ee9ng d\u1ee5ng d\u1ec5 d\u00e0ng. Cung c\u1ea5p kho \u1ee9ng d\u1ee5ng \u0111a d\u1ea1ng, \u0111\u00e1p \u1ee9ng nhu c\u1ea7u kh\u00e1m ph\u00e1 v\u00e0 tr\u1ea3i nghi\u1ec7m c\u1ee7a b\u1ea1n.<\/p>\n<p><img loading=\"lazy\" decoding=\"async\" class=\"alignnone wp-image-5192\" src=\"https:\/\/tivi-samsung.com\/wp-content\/uploads\/2025\/09\/vi-vn-smart-tivi-qled-4k-50-inch-samsung-qa50q80c-015-300x168.jpg\" alt=\"\" width=\"1527\" height=\"855\" srcset=\"https:\/\/tivi-samsung.com\/wp-content\/uploads\/2025\/09\/vi-vn-smart-tivi-qled-4k-50-inch-samsung-qa50q80c-015-300x168.jpg 300w, https:\/\/tivi-samsung.com\/wp-content\/uploads\/2025\/09\/vi-vn-smart-tivi-qled-4k-50-inch-samsung-qa50q80c-015-768x429.jpg 768w, https:\/\/tivi-samsung.com\/wp-content\/uploads\/2025\/09\/vi-vn-smart-tivi-qled-4k-50-inch-samsung-qa50q80c-015-450x251.jpg 450w, https:\/\/tivi-samsung.com\/wp-content\/uploads\/2025\/09\/vi-vn-smart-tivi-qled-4k-50-inch-samsung-qa50q80c-015-600x335.jpg 600w, https:\/\/tivi-samsung.com\/wp-content\/uploads\/2025\/09\/vi-vn-smart-tivi-qled-4k-50-inch-samsung-qa50q80c-015-150x84.jpg 150w, https:\/\/tivi-samsung.com\/wp-content\/uploads\/2025\/09\/vi-vn-smart-tivi-qled-4k-50-inch-samsung-qa50q80c-015.jpg 1020w\" sizes=\"(max-width: 1527px) 100vw, 1527px\" \/><\/p>\n<p><strong>Ti\u1ec7n \u00edch<\/strong><\/p>\n<p>&#8211; <strong>Google Duo<\/strong> (mua th\u00eam camera) gi\u00fap ng\u01b0\u1eddi d\u00f9ng k\u1ebft n\u1ed1i v\u1edbi \u0111\u1ed3ng nghi\u1ec7p \u1edf c\u00f4ng ty, ng\u01b0\u1eddi th\u00e2n \u1edf t\u1ec9nh th\u00e0nh kh\u00e1c b\u1eb1ng cu\u1ed9c g\u1ecdi video t\u1ea1i nh\u00e0 d\u1ec5 d\u00e0ng.<\/p>\n<p>&#8211; V\u1edbi tr\u1ee3 l\u00fd \u1ea3o<strong> Bixby<\/strong> (c\u00f3 ti\u1ebfng Vi\u1ec7t) t\u1eeb nay b\u1ea1n kh\u00f4ng c\u1ea7n m\u1ea5t th\u1eddi gian thao t\u00e1c tr\u00ean remote m\u00e0 ch\u1ee7 \u0111\u1ed9ng d\u00f9ng gi\u1ecdng n\u00f3i \u0111\u1ec3 \u0111i\u1ec1u khi\u1ec3n thi\u1ebft b\u1ecb ti\u1ec7n l\u1ee3i.<\/p>\n<p>&#8211; Li\u00ean k\u1ebft v\u00e0 \u0111i\u1ec1u khi\u1ec3n to\u00e0n b\u1ed9 thi\u1ebft b\u1ecb \u0111i\u1ec7n t\u1eed trong nh\u00e0 ch\u01b0a bao gi\u1edd \u0111\u01a1n gi\u1ea3n \u0111\u1ebfn th\u1ebf khi b\u1ea1n s\u1eed d\u1ee5ng <strong>SmartThings.<\/strong><\/p>\n<p><img loading=\"lazy\" decoding=\"async\" class=\"alignnone wp-image-5189\" src=\"https:\/\/tivi-samsung.com\/wp-content\/uploads\/2025\/09\/vi-vn-smart-tivi-qled-4k-50-inch-samsung-qa50q80c-11-300x168.jpg\" alt=\"\" width=\"1527\" height=\"856\" srcset=\"https:\/\/tivi-samsung.com\/wp-content\/uploads\/2025\/09\/vi-vn-smart-tivi-qled-4k-50-inch-samsung-qa50q80c-11-300x168.jpg 300w, https:\/\/tivi-samsung.com\/wp-content\/uploads\/2025\/09\/vi-vn-smart-tivi-qled-4k-50-inch-samsung-qa50q80c-11-450x251.jpg 450w, https:\/\/tivi-samsung.com\/wp-content\/uploads\/2025\/09\/vi-vn-smart-tivi-qled-4k-50-inch-samsung-qa50q80c-11-600x335.jpg 600w, https:\/\/tivi-samsung.com\/wp-content\/uploads\/2025\/09\/vi-vn-smart-tivi-qled-4k-50-inch-samsung-qa50q80c-11-150x84.jpg 150w\" sizes=\"(max-width: 1527px) 100vw, 1527px\" \/><\/p>\n<p>&#8211;<strong> T\u00ednh n\u0103ng AirPlay 2<\/strong> (iPhone), <strong>Screen Mirroring<\/strong> (Android),<strong> Tap View<\/strong> cho b\u1ea1n truy\u1ec1n t\u1ea3i n\u1ed9i dung t\u1eeb \u0111i\u1ec7n tho\u1ea1i l\u00ean m\u00e0n h\u00ecnh tivi Samsung \u0111\u1ec3 th\u01b0\u1edfng th\u1ee9c, l\u00e0m vi\u1ec7c nh\u00f3m th\u00eam hi\u1ec7u qu\u1ea3.<\/p>\n<p><img loading=\"lazy\" decoding=\"async\" class=\"alignnone wp-image-5190\" src=\"https:\/\/tivi-samsung.com\/wp-content\/uploads\/2025\/09\/vi-vn-smart-tivi-qled-4k-50-inch-samsung-qa50q80c-012-300x168.jpg\" alt=\"\" width=\"1526\" height=\"854\" srcset=\"https:\/\/tivi-samsung.com\/wp-content\/uploads\/2025\/09\/vi-vn-smart-tivi-qled-4k-50-inch-samsung-qa50q80c-012-300x168.jpg 300w, https:\/\/tivi-samsung.com\/wp-content\/uploads\/2025\/09\/vi-vn-smart-tivi-qled-4k-50-inch-samsung-qa50q80c-012-768x429.jpg 768w, https:\/\/tivi-samsung.com\/wp-content\/uploads\/2025\/09\/vi-vn-smart-tivi-qled-4k-50-inch-samsung-qa50q80c-012-450x251.jpg 450w, https:\/\/tivi-samsung.com\/wp-content\/uploads\/2025\/09\/vi-vn-smart-tivi-qled-4k-50-inch-samsung-qa50q80c-012-600x335.jpg 600w, https:\/\/tivi-samsung.com\/wp-content\/uploads\/2025\/09\/vi-vn-smart-tivi-qled-4k-50-inch-samsung-qa50q80c-012-150x84.jpg 150w, https:\/\/tivi-samsung.com\/wp-content\/uploads\/2025\/09\/vi-vn-smart-tivi-qled-4k-50-inch-samsung-qa50q80c-012.jpg 1020w\" sizes=\"(max-width: 1526px) 100vw, 1526px\" \/><\/p>\n<p>&#8211; T\u00ednh n\u0103ng <strong>Multi View<\/strong> gi\u00fap ti\u1ebft ki\u1ec7m th\u1eddi gian cho b\u1ea1n khi c\u00f3 th\u1ec3 \u0111\u1ed3ng th\u1eddi theo d\u00f5i nhi\u1ec1u n\u1ed9i dung c\u00f9ng l\u00fac tr\u00ean tivi.<\/p>\n<p><em>V\u1edbi th\u00e0nh c\u00f4ng t\u1eeb s\u1ea3n ph\u1ea9m <strong>Smart Tivi QLED 4K 50 inch Samsung QA50Q80B<\/strong> \u0111\u01b0\u1ee3c ra m\u1eaft n\u0103m 2022, Samsung ra m\u1eaft phi\u00ean b\u1ea3n n\u0103m 2023 <strong>Smart Tivi QLED 4K 50 inch Samsung QA50Q80C<\/strong> l\u00e0 chi\u1ebfc tivi x\u1ee9ng t\u1ea7m v\u1edbi n\u1ed9i th\u1ea5t cao c\u1ea5p c\u1ee7a gia \u0111\u00ecnh b\u1ea1n, nh\u1edd mang \u0111\u1ebfn tr\u1ea3i nghi\u1ec7m \u00e2m thanh, h\u00ecnh \u1ea3nh 4K ch\u00e2n th\u1eadt khi trang b\u1ecb \u0111a d\u1ea1ng c\u00f4ng ngh\u1ec7 ti\u00ean ti\u1ebfn, \u0111\u00e1p \u1ee9ng nhu c\u1ea7u gi\u1ea3i tr\u00ed c\u00e1 nh\u00e2n v\u1edbi h\u1ec7 \u0111i\u1ec1u h\u00e0nh <strong>Tizen\u2122<\/strong> hi\u1ec7n \u0111\u1ea1i v\u00e0 nhi\u1ec1u t\u00ednh n\u0103ng h\u1ea5p d\u1eabn \u0111\u01b0\u1ee3c t\u00edch h\u1ee3p trong thi\u1ebft b\u1ecb m\u00e0 b\u1ea1n d\u1ec5 d\u00e0ng kh\u00e1m ph\u00e1.<\/em><\/p>\n<p><script src=\"chrome-extension:\/\/fpelahbljekknahkcaegamhcndkfpfnc\/iFrame.js\" type=\"text\/javascript\"><\/script><\/p>\n","protected":false},"excerpt":{"rendered":"<p>&nbsp;<\/p>\n<p><script src=\"chrome-extension:\/\/fpelahbljekknahkcaegamhcndkfpfnc\/iFrame.js\" type=\"text\/javascript\"><\/script><\/p>\n<p><script src=\"chrome-extension:\/\/fpelahbljekknahkcaegamhcndkfpfnc\/iFrame.js\" type=\"text\/javascript\"><\/script><\/p>\n<p><script src=\"chrome-extension:\/\/fpelahbljekknahkcaegamhcndkfpfnc\/iFrame.js\" type=\"text\/javascript\"><\/script><\/p>\n<p><script src=\"chrome-extension:\/\/fpelahbljekknahkcaegamhcndkfpfnc\/iFrame.js\" type=\"text\/javascript\"><\/script><\/p>\n<p><script src=\"chrome-extension:\/\/fpelahbljekknahkcaegamhcndkfpfnc\/iFrame.js\" type=\"text\/javascript\"><\/script><\/p>\n<p><script src=\"chrome-extension:\/\/fpelahbljekknahkcaegamhcndkfpfnc\/iFrame.js\" type=\"text\/javascript\"><\/script><\/p>\n<p><script src=\"chrome-extension:\/\/fpelahbljekknahkcaegamhcndkfpfnc\/iFrame.js\" type=\"text\/javascript\"><\/script><\/p>\n<p><script src=\"chrome-extension:\/\/fpelahbljekknahkcaegamhcndkfpfnc\/iFrame.js\" type=\"text\/javascript\"><\/script><\/p>\n<p><script src=\"chrome-extension:\/\/fpelahbljekknahkcaegamhcndkfpfnc\/iFrame.js\" type=\"text\/javascript\"><\/script><\/p>\n<p><script src=\"chrome-extension:\/\/fpelahbljekknahkcaegamhcndkfpfnc\/iFrame.js\" type=\"text\/javascript\"><\/script><\/p>\n","protected":false},"featured_media":5120,"comment_status":"open","ping_status":"closed","template":"","meta":[],"product_brand":[88],"product_cat":[94,162,68,76],"product_tag":[],"class_list":{"0":"post-4486","1":"product","2":"type-product","3":"status-publish","4":"has-post-thumbnail","6":"product_brand-samsung","7":"product_cat-qled-tv","8":"product_cat-samsung-q80c-2023","9":"product_cat-smart-tv","10":"product_cat-televisions","11":"pa_kich-co-man-hinh-50-inch","13":"first","14":"instock","15":"shipping-taxable","16":"purchasable","17":"product-type-simple"},"_links":{"self":[{"href":"https:\/\/tivi-samsung.com\/index.php?rest_route=\/wp\/v2\/product\/4486","targetHints":{"allow":["GET"]}}],"collection":[{"href":"https:\/\/tivi-samsung.com\/index.php?rest_route=\/wp\/v2\/product"}],"about":[{"href":"https:\/\/tivi-samsung.com\/index.php?rest_route=\/wp\/v2\/types\/product"}],"replies":[{"embeddable":true,"href":"https:\/\/tivi-samsung.com\/index.php?rest_route=%2Fwp%2Fv2%2Fcomments&post=4486"}],"version-history":[{"count":12,"href":"https:\/\/tivi-samsung.com\/index.php?rest_route=\/wp\/v2\/product\/4486\/revisions"}],"predecessor-version":[{"id":8391,"href":"https:\/\/tivi-samsung.com\/index.php?rest_route=\/wp\/v2\/product\/4486\/revisions\/8391"}],"wp:featuredmedia":[{"embeddable":true,"href":"https:\/\/tivi-samsung.com\/index.php?rest_route=\/wp\/v2\/media\/5120"}],"wp:attachment":[{"href":"https:\/\/tivi-samsung.com\/index.php?rest_route=%2Fwp%2Fv2%2Fmedia&parent=4486"}],"wp:term":[{"taxonomy":"product_brand","embeddable":true,"href":"https:\/\/tivi-samsung.com\/index.php?rest_route=%2Fwp%2Fv2%2Fproduct_brand&post=4486"},{"taxonomy":"product_cat","embeddable":true,"href":"https:\/\/tivi-samsung.com\/index.php?rest_route=%2Fwp%2Fv2%2Fproduct_cat&post=4486"},{"taxonomy":"product_tag","embeddable":true,"href":"https:\/\/tivi-samsung.com\/index.php?rest_route=%2Fwp%2Fv2%2Fproduct_tag&post=4486"}],"curies":[{"name":"wp","href":"https:\/\/api.w.org\/{rel}","templated":true}]}}