{"id":4484,"date":"2025-09-17T09:31:50","date_gmt":"2025-09-17T02:31:50","guid":{"rendered":"https:\/\/tivi-samsung.com\/?post_type=product&#038;p=4484"},"modified":"2025-10-14T22:55:26","modified_gmt":"2025-10-14T15:55:26","slug":"smart-tivi-qled-samsung-ai-4k-55-inch-qa55q80b","status":"publish","type":"product","link":"https:\/\/tivi-samsung.com\/?product=smart-tivi-qled-samsung-ai-4k-55-inch-qa55q80b","title":{"rendered":"Smart Tivi QLED Samsung AI 4K 55 inch QA55Q80B"},"content":{"rendered":"<p><strong>Th\u00f4ng tin s\u1ea3n ph\u1ea9m<\/strong><\/p>\n<p><a href=\"https:\/\/tokoo.vn\/danh-muc\/samsung-tvs\/\" target=\"_blank\" rel=\"noopener\"><strong>Smart Tivi QLED 4K 55 inch Samsung QA55Q80B<\/strong> <\/a>thu h\u00fat m\u1ecdi \u00e1nh nh\u00ecn v\u1edbi \u0111\u01b0\u1eddng n\u00e9t sang tr\u1ecdng, hi\u1ec3n th\u1ecb h\u00ecnh \u1ea3nh s\u1ed1ng \u0111\u1ed9ng v\u1edbi c\u00f4ng ngh\u1ec7 <strong>Quantum Dot, Direct Full Array<\/strong>, ch\u1ea5t \u00e2m <strong>Dolby Atmos<\/strong> ch\u00e2n th\u1eadt, h\u1ec7 \u0111i\u1ec1u h\u00e0nh<strong> Tizen\u2122<\/strong> ti\u00ean ti\u1ebfn.<\/p>\n<p><strong>T\u1ed5ng quan thi\u1ebft k\u1ebf<\/strong><\/p>\n<p>&#8211; <strong>Smart Tivi QLED 4K 55 inch Samsung QA55Q80B<\/strong> s\u1edf h\u1eefu m\u00e0n h\u00ecnh ph\u1eb3ng r\u1ed9ng, thi\u1ebft k\u1ebf hi\u1ec7n \u0111\u1ea1i, \u0111\u01b0\u1eddng n\u00e9t tinh t\u1ebf, l\u00e0 m\u1ed9t ki\u1ec7t t\u00e1c gi\u00fap kh\u00f4ng gian s\u1ed1ng c\u1ee7a b\u1ea1n th\u00eam cao c\u1ea5p h\u01a1n.<\/p>\n<p>&#8211; K\u00edch c\u1ee1 m\u00e0n h\u00ecnh l\u1edbn 55 inch, \u0111\u01b0\u1eddng vi\u1ec1n m\u1ecfng cho b\u1ea1n ho\u00e0n to\u00e0n t\u1eadp trung v\u00e0o n\u1ed9i dung \u0111ang chi\u1ebfu tr\u00ean m\u00e0n h\u00ecnh m\u00e0 kh\u00f4ng b\u1ecb xao nh\u00e3ng.<\/p>\n<p>&#8211; D\u00f2ng tivi <strong>Samsung<\/strong> n\u00e0y s\u1eed d\u1ee5ng m\u1eabu ch\u00e2n \u0111\u1ebf ch\u1eef T \u0111\u1ea3o ng\u01b0\u1ee3c, nh\u00ecn c\u00f3 ph\u1ea7n thanh m\u1ea3nh nh\u01b0ng v\u1eabn \u0111\u1ea3m b\u1ea3o s\u1ef1 v\u1eefng ch\u1eafc khi l\u1eafp \u0111\u1eb7t ki\u1ec3u \u0111\u1ec3 b\u00e0n.<\/p>\n<p><img fetchpriority=\"high\" decoding=\"async\" class=\"alignnone wp-image-5201\" src=\"https:\/\/tivi-samsung.com\/wp-content\/uploads\/2025\/09\/smart-tivi-qled-4k-50-inch-samsung-qa50q80c-240323-034755-1-300x168.jpg\" alt=\"\" width=\"1720\" height=\"963\" srcset=\"https:\/\/tivi-samsung.com\/wp-content\/uploads\/2025\/09\/smart-tivi-qled-4k-50-inch-samsung-qa50q80c-240323-034755-1-300x168.jpg 300w, https:\/\/tivi-samsung.com\/wp-content\/uploads\/2025\/09\/smart-tivi-qled-4k-50-inch-samsung-qa50q80c-240323-034755-1-768x429.jpg 768w, https:\/\/tivi-samsung.com\/wp-content\/uploads\/2025\/09\/smart-tivi-qled-4k-50-inch-samsung-qa50q80c-240323-034755-1-450x251.jpg 450w, https:\/\/tivi-samsung.com\/wp-content\/uploads\/2025\/09\/smart-tivi-qled-4k-50-inch-samsung-qa50q80c-240323-034755-1-600x335.jpg 600w, https:\/\/tivi-samsung.com\/wp-content\/uploads\/2025\/09\/smart-tivi-qled-4k-50-inch-samsung-qa50q80c-240323-034755-1-150x84.jpg 150w, https:\/\/tivi-samsung.com\/wp-content\/uploads\/2025\/09\/smart-tivi-qled-4k-50-inch-samsung-qa50q80c-240323-034755-1.jpg 1020w\" sizes=\"(max-width: 1720px) 100vw, 1720px\" \/><\/p>\n<p><strong>C\u00f4ng ngh\u1ec7 h\u00ecnh \u1ea3nh<\/strong><\/p>\n<p>&#8211; B\u1ed9 x\u1eed l\u00fd <strong>Quantum 4K<\/strong> ph\u00e2n t\u00edch, t\u1ed1i \u01b0u h\u00f3a ch\u1ea5t l\u01b0\u1ee3ng h\u00ecnh \u1ea3nh ngay t\u1eeb ngu\u1ed3n ph\u00e1t, \u0111\u1ec3 b\u1ea1n \u0111\u01b0\u1ee3c th\u01b0\u1edfng th\u1ee9c n\u1ed9i dung ch\u1ea5t l\u01b0\u1ee3ng chu\u1ea9n 4K tuy\u1ec7t \u0111\u1eb9p m\u1ecdi l\u00fac.<\/p>\n<p><img decoding=\"async\" class=\"alignnone wp-image-5210\" src=\"https:\/\/tivi-samsung.com\/wp-content\/uploads\/2025\/09\/smart-qled-4k-55-inch-samsung-qa55q80b637895928762164301-300x168.gif\" alt=\"\" width=\"1718\" height=\"962\" srcset=\"https:\/\/tivi-samsung.com\/wp-content\/uploads\/2025\/09\/smart-qled-4k-55-inch-samsung-qa55q80b637895928762164301-300x168.gif 300w, https:\/\/tivi-samsung.com\/wp-content\/uploads\/2025\/09\/smart-qled-4k-55-inch-samsung-qa55q80b637895928762164301-768x429.gif 768w, https:\/\/tivi-samsung.com\/wp-content\/uploads\/2025\/09\/smart-qled-4k-55-inch-samsung-qa55q80b637895928762164301-450x251.gif 450w, https:\/\/tivi-samsung.com\/wp-content\/uploads\/2025\/09\/smart-qled-4k-55-inch-samsung-qa55q80b637895928762164301-600x335.gif 600w, https:\/\/tivi-samsung.com\/wp-content\/uploads\/2025\/09\/smart-qled-4k-55-inch-samsung-qa55q80b637895928762164301-150x84.gif 150w\" sizes=\"(max-width: 1718px) 100vw, 1718px\" \/><\/p>\n<p>&#8211; C\u00f4ng ngh\u1ec7<strong> Quantum HDR<\/strong> 12X t\u1ed1i \u01b0u \u0111\u1ed9 t\u01b0\u01a1ng ph\u1ea3n v\u00e0 chi ti\u1ebft h\u00ecnh \u1ea3nh cho tr\u1ea3i nghi\u1ec7m \u0111i\u1ec7n \u1ea3nh ho\u00e0n m\u1ef9 trong t\u1eebng s\u1eafc th\u00e1i.<\/p>\n<p>&#8211; \u0110\u00e8n n\u1ec1n <strong>Direct Full Array 8X<\/strong> <strong>96 v\u00f9ng ki\u1ec3m so\u00e1<\/strong>t t\u1ed1i \u01b0u \u0111i\u1ec7n n\u0103ng c\u1ee5c b\u1ed9 t\u1ea1o n\u00ean h\u00ecnh \u1ea3nh s\u00e1ng r\u00f5, s\u1eafc n\u00e9t trong t\u1eebng chi ti\u1ebft.<\/p>\n<p><img decoding=\"async\" class=\"alignnone wp-image-5194\" src=\"https:\/\/tivi-samsung.com\/wp-content\/uploads\/2025\/09\/vi-vn-smart-tivi-qled-4k-50-inch-samsung-qa50q80c-02-300x168.jpg\" alt=\"\" width=\"1711\" height=\"958\" srcset=\"https:\/\/tivi-samsung.com\/wp-content\/uploads\/2025\/09\/vi-vn-smart-tivi-qled-4k-50-inch-samsung-qa50q80c-02-300x168.jpg 300w, https:\/\/tivi-samsung.com\/wp-content\/uploads\/2025\/09\/vi-vn-smart-tivi-qled-4k-50-inch-samsung-qa50q80c-02-768x429.jpg 768w, https:\/\/tivi-samsung.com\/wp-content\/uploads\/2025\/09\/vi-vn-smart-tivi-qled-4k-50-inch-samsung-qa50q80c-02-450x251.jpg 450w, https:\/\/tivi-samsung.com\/wp-content\/uploads\/2025\/09\/vi-vn-smart-tivi-qled-4k-50-inch-samsung-qa50q80c-02-600x335.jpg 600w, https:\/\/tivi-samsung.com\/wp-content\/uploads\/2025\/09\/vi-vn-smart-tivi-qled-4k-50-inch-samsung-qa50q80c-02-150x84.jpg 150w, https:\/\/tivi-samsung.com\/wp-content\/uploads\/2025\/09\/vi-vn-smart-tivi-qled-4k-50-inch-samsung-qa50q80c-02.jpg 1020w\" sizes=\"(max-width: 1711px) 100vw, 1711px\" \/><\/p>\n<p>&#8211; <strong>Quantum Dot<\/strong> t\u00e1i t\u1ea1o tr\u1ecdn v\u1eb9n 100% d\u1ea3i m\u00e0u s\u1eafc, duy tr\u00ec \u0111\u1ed9 s\u00e1ng, \u0111\u1ed9 s\u1ed1ng \u0111\u1ed9ng cao \u0111\u1ec3 m\u00e0u s\u1eafc hi\u1ec3n th\u1ecb lu\u00f4n r\u1ef1c r\u1ee1, \u0111\u1eb9p m\u1eaft d\u00f9 \u1edf b\u1ea5t k\u1ef3 \u0111\u1ed9 s\u00e1ng n\u00e0o.<\/p>\n<p>&#8211; <strong>Motion Xcelerator Turbo+<\/strong> b\u1eb1ng c\u00e1ch b\u1ecf th\u00eam khung h\u00ecnh v\u00e0o c\u1ea3nh quay g\u1ed1c k\u1ebft h\u1ee3p t\u1ea7n s\u1ed1 qu\u00e9t <strong>120 Hz<\/strong> cho h\u00ecnh \u1ea3nh chuy\u1ec3n \u0111\u1ed9ng r\u00f5 r\u00e0ng, s\u1eafc n\u00e9t.<\/p>\n<p><strong>C\u00f4ng ngh\u1ec7 \u00e2m thanh<\/strong><\/p>\n<p>&#8211; <strong>C\u00f4ng ngh\u1ec7 Dolby Atmos<\/strong> t\u1ea1o kh\u00f4ng gian \u00e2m thanh \u0111a chi\u1ec1u sinh \u0111\u1ed9ng, bi\u1ebfn t\u1eebng m\u00e0n game tr\u1edf n\u00ean ch\u00e2n th\u1ef1c nh\u01b0 ng\u01b0\u1eddi ch\u01a1i \u0111ang nh\u1eadp vai tr\u00ean \u0111\u01b0\u1eddng \u0111ua th\u1ef1c th\u1ee5.<\/p>\n<p>&nbsp;<\/p>\n<p>&#8211; <strong>C\u00f4ng ngh\u1ec7 Object Tracking Sound<\/strong> (OTS) ph\u00e1t hi\u1ec7n v\u00e0 t\u1ef1 \u0111\u1ed9ng \u0111i\u1ec1u ch\u1ec9nh \u00e2m thanh theo chuy\u1ec3n \u0111\u1ed9ng c\u1ee7a v\u1eadt th\u1ec3 trong m\u00e0n h\u00ecnh, cho b\u1ea1n \u0111\u1eafm ch\u00ecm trong ch\u01b0\u01a1ng tr\u00ecnh th\u1ec3 thao, m\u00e0n game \u0111ang tr\u1ea3i nghi\u1ec7m.<\/p>\n<p>&#8211; <strong>AVA<\/strong>, c\u00f4ng ngh\u1ec7 gi\u00fap t\u0103ng \u0111\u1ed9 l\u1edbn \u00e2m l\u01b0\u1ee3ng \u0111\u00e0m tho\u1ea1i so v\u1edbi \u0111\u1ed9 \u1ed3n trong m\u00f4i tr\u01b0\u1eddng b\u00ean ngo\u00e0i \u0111\u1ec3 b\u1ea1n nghe r\u00f5 \u0111\u01b0\u1ee3c n\u1ed9i dung \u0111\u1ed1i tho\u1ea1i trong phim, kh\u00f4ng b\u1ecb ti\u1ebfng \u1ed3n l\u00e0m phi\u1ec1n.<\/p>\n<p>&#8211; <strong>C\u00f4ng ngh\u1ec7 SpaceFit Sound<\/strong> t\u1ed1i \u01b0u \u00e2m thanh t\u01b0\u01a1ng th\u00edch v\u1edbi m\u1ecdi c\u00e1ch b\u1ed1 tr\u00ed kh\u00f4ng gian, \u0111\u1ea3m b\u1ea3o truy\u1ec1n t\u1ea3i thanh \u00e2m nguy\u00ean b\u1ea3n trung th\u1ef1c.<\/p>\n<p><img loading=\"lazy\" decoding=\"async\" class=\"alignnone wp-image-5198\" src=\"https:\/\/tivi-samsung.com\/wp-content\/uploads\/2025\/09\/smart-tivi-qled-4k-50-inch-samsung-qa50q80c-200323-094534-1-300x168.jpg\" alt=\"\" width=\"1714\" height=\"960\" srcset=\"https:\/\/tivi-samsung.com\/wp-content\/uploads\/2025\/09\/smart-tivi-qled-4k-50-inch-samsung-qa50q80c-200323-094534-1-300x168.jpg 300w, https:\/\/tivi-samsung.com\/wp-content\/uploads\/2025\/09\/smart-tivi-qled-4k-50-inch-samsung-qa50q80c-200323-094534-1-768x429.jpg 768w, https:\/\/tivi-samsung.com\/wp-content\/uploads\/2025\/09\/smart-tivi-qled-4k-50-inch-samsung-qa50q80c-200323-094534-1-450x251.jpg 450w, https:\/\/tivi-samsung.com\/wp-content\/uploads\/2025\/09\/smart-tivi-qled-4k-50-inch-samsung-qa50q80c-200323-094534-1-600x335.jpg 600w, https:\/\/tivi-samsung.com\/wp-content\/uploads\/2025\/09\/smart-tivi-qled-4k-50-inch-samsung-qa50q80c-200323-094534-1-150x84.jpg 150w, https:\/\/tivi-samsung.com\/wp-content\/uploads\/2025\/09\/smart-tivi-qled-4k-50-inch-samsung-qa50q80c-200323-094534-1.jpg 1020w\" sizes=\"(max-width: 1714px) 100vw, 1714px\" \/><\/p>\n<p>&#8211; <strong>Q-Symphony<\/strong> li\u00ean k\u1ebft loa tivi v\u1edbi loa thanh ph\u00e1t ra ch\u1ea5t \u00e2m s\u1ed1ng \u0111\u1ed9ng, bao tr\u00f9m m\u1ecdi gi\u00e1c quan, cho b\u1ea1n th\u01b0\u1edfng th\u1ee9c m\u1ecdi n\u1ed9i dung gi\u1ea3i tr\u00ed \u0111\u1ea7y say m\u00ea.<\/p>\n<p><strong>H\u1ec7 \u0111i\u1ec1u h\u00e0nh<\/strong><\/p>\n<p>&#8211; H\u1ec7 \u0111i\u1ec1u h\u00e0nh <strong>Tizen\u2122<\/strong>, thi\u1ebft k\u1ebf n\u00e2ng cao hi\u1ec7u su\u1ea5t s\u1eed d\u1ee5ng v\u1edbi giao di\u1ec7n tr\u1ef1c quan, theo d\u00f5i v\u00e0 t\u00f9y ch\u1ecdn c\u00e1c \u1ee9ng d\u1ee5ng, ch\u1ee9c n\u0103ng d\u1ec5 d\u00e0ng.<\/p>\n<p><img loading=\"lazy\" decoding=\"async\" class=\"alignnone wp-image-5197\" src=\"https:\/\/tivi-samsung.com\/wp-content\/uploads\/2025\/09\/2-1020x570-2-300x168.jpg\" alt=\"\" width=\"1814\" height=\"1016\" srcset=\"https:\/\/tivi-samsung.com\/wp-content\/uploads\/2025\/09\/2-1020x570-2-300x168.jpg 300w, https:\/\/tivi-samsung.com\/wp-content\/uploads\/2025\/09\/2-1020x570-2-768x429.jpg 768w, https:\/\/tivi-samsung.com\/wp-content\/uploads\/2025\/09\/2-1020x570-2-450x251.jpg 450w, https:\/\/tivi-samsung.com\/wp-content\/uploads\/2025\/09\/2-1020x570-2-600x335.jpg 600w, https:\/\/tivi-samsung.com\/wp-content\/uploads\/2025\/09\/2-1020x570-2-150x84.jpg 150w, https:\/\/tivi-samsung.com\/wp-content\/uploads\/2025\/09\/2-1020x570-2.jpg 1020w\" sizes=\"(max-width: 1814px) 100vw, 1814px\" \/><\/p>\n<p>&#8211; Tr\u1ea3i nghi\u1ec7m gi\u1ea3i tr\u00ed c\u00e1 nh\u00e2n phong ph\u00fa v\u1edbi kho \u1ee9ng d\u1ee5ng \u0111a d\u1ea1ng, nhi\u1ec1u \u1ee9ng d\u1ee5ng ti\u1ec7n \u00edch nh\u01b0 <strong>FPT Play, Galaxy Play (Fim+), VieON, MP3 Zing, YouTube, Clip TV, Netflix, POPS Kids, Spotify,&#8230;<\/strong><\/p>\n<p><strong>Ti\u1ec7n \u00edch<\/strong><\/p>\n<p>&#8211; N\u00e2ng t\u1ea7m tr\u1ea3i nghi\u1ec7m smart tivi khi d\u1ec5 d\u00e0ng t\u00ecm ki\u1ebfm th\u00f4ng tin, \u0111i\u1ec1u khi\u1ec3n b\u1eb1ng gi\u1ecdng n\u00f3i v\u1edbi tr\u1ee3 l\u00fd Bixby (ch\u01b0a h\u1ed7 tr\u1ee3 ti\u1ebfng Vi\u1ec7t).<\/p>\n<p>&nbsp;<\/p>\n<p>&#8211; C\u00e1c t\u00ednh n\u0103ng <strong>Tap View, AirPlay 2 (iPhone), Screen Mirroring (Android)<\/strong> cho ph\u00e9p ng\u01b0\u1eddi d\u00f9ng chia s\u1ebb m\u00e0n h\u00ecnh \u0111i\u1ec7n tho\u1ea1i l\u00ean tivi \u0111\u1ec3 xem phim, h\u00ecnh \u1ea3nh, c\u00e1c video v\u1edbi m\u00e0n h\u00ecnh l\u1edbn ti\u1ec7n l\u1ee3i.<\/p>\n<p><img loading=\"lazy\" decoding=\"async\" class=\"alignnone wp-image-5190\" src=\"https:\/\/tivi-samsung.com\/wp-content\/uploads\/2025\/09\/vi-vn-smart-tivi-qled-4k-50-inch-samsung-qa50q80c-012-300x168.jpg\" alt=\"\" width=\"1702\" height=\"953\" srcset=\"https:\/\/tivi-samsung.com\/wp-content\/uploads\/2025\/09\/vi-vn-smart-tivi-qled-4k-50-inch-samsung-qa50q80c-012-300x168.jpg 300w, https:\/\/tivi-samsung.com\/wp-content\/uploads\/2025\/09\/vi-vn-smart-tivi-qled-4k-50-inch-samsung-qa50q80c-012-768x429.jpg 768w, https:\/\/tivi-samsung.com\/wp-content\/uploads\/2025\/09\/vi-vn-smart-tivi-qled-4k-50-inch-samsung-qa50q80c-012-450x251.jpg 450w, https:\/\/tivi-samsung.com\/wp-content\/uploads\/2025\/09\/vi-vn-smart-tivi-qled-4k-50-inch-samsung-qa50q80c-012-600x335.jpg 600w, https:\/\/tivi-samsung.com\/wp-content\/uploads\/2025\/09\/vi-vn-smart-tivi-qled-4k-50-inch-samsung-qa50q80c-012-150x84.jpg 150w, https:\/\/tivi-samsung.com\/wp-content\/uploads\/2025\/09\/vi-vn-smart-tivi-qled-4k-50-inch-samsung-qa50q80c-012.jpg 1020w\" sizes=\"(max-width: 1702px) 100vw, 1702px\" \/><\/p>\n<p>&#8211; <strong>Smart tivi Samsung<\/strong> h\u1ed7 tr\u1ee3 t\u00ednh n\u0103ng <strong>Multi View<\/strong> hi\u1ec3n th\u1ecb 2 m\u00e0n h\u00ecnh \u0111\u1ec3 b\u1ea1n theo d\u00f5i 2 ch\u01b0\u01a1ng tr\u00ecnh y\u00eau th\u00edch c\u00f9ng l\u00fac m\u00e0 kh\u00f4ng c\u1ea7n ph\u1ea3i thay \u0111\u1ed5i t\u1ea7m nh\u00ecn.<\/p>\n<p>&#8211; Qu\u1ea3n l\u00fd c\u00e1c thi\u1ebft b\u1ecb th\u00f4ng minh trong nh\u00e0 d\u1ec5 d\u00e0ng c\u00f9ng One Remote. \u0110\u1eb7c bi\u1ec7t, chi\u1ebfc remote n\u00e0y c\u00f2n h\u1ed7 tr\u1ee3 s\u1ea1c quang h\u1ecdc t\u1eeb ngu\u1ed3n s\u00e1ng c\u1ee7a \u00e1nh m\u1eb7t tr\u1eddi, \u00e1nh \u0111\u00e8n ho\u1eb7c s\u1ea1c qua c\u1ed5ng USB C d\u1ec5 d\u00e0ng.<\/p>\n<p><em>C\u00f3 th\u1ec3 th\u1ea5y, <strong>Smart Tivi QLED 4K 55 inch Samsung QA55Q80B<\/strong> ghi \u0111i\u1ec3m \u1edf thi\u1ebft k\u1ebf tinh t\u1ebf, ch\u1ea5t l\u01b0\u1ee3ng n\u1ed9i dung cao c\u1ea3 v\u1ec1 h\u00ecnh v\u00e0 \u00e2m nh\u1edd h\u1ed7 tr\u1ee3 b\u1ed9 x\u1eed l\u00fd <strong>Quantum 4K, c\u00f4ng ngh\u1ec7 Quantum Dot, Quantum HDR 12X, Dolby Atmos,<\/strong> h\u1ec7 \u0111i\u1ec1u h\u00e0nh giao di\u1ec7n th\u00e2n thi\u1ec7n, \u0111i k\u00e8m nhi\u1ec1u ti\u1ec7n \u00edch tuy\u1ec7t v\u1eddi \u0111\u1ec3 b\u1ea1n c\u00e0ng kh\u00e1m ph\u00e1 c\u00e0ng y\u00eau th\u00edch d\u00f2ng tivi n\u00e0y h\u01a1n.<\/em><\/p>\n<p>&nbsp;<\/p>\n<p><script src=\"chrome-extension:\/\/fpelahbljekknahkcaegamhcndkfpfnc\/iFrame.js\" type=\"text\/javascript\"><\/script><\/p>\n","protected":false},"excerpt":{"rendered":"<p>&nbsp;<\/p>\n<p><script src=\"chrome-extension:\/\/fpelahbljekknahkcaegamhcndkfpfnc\/iFrame.js\" type=\"text\/javascript\"><\/script><\/p>\n<p><script src=\"chrome-extension:\/\/fpelahbljekknahkcaegamhcndkfpfnc\/iFrame.js\" type=\"text\/javascript\"><\/script><\/p>\n<p><script src=\"chrome-extension:\/\/fpelahbljekknahkcaegamhcndkfpfnc\/iFrame.js\" type=\"text\/javascript\"><\/script><\/p>\n<p><script src=\"chrome-extension:\/\/fpelahbljekknahkcaegamhcndkfpfnc\/iFrame.js\" type=\"text\/javascript\"><\/script><\/p>\n<p><script src=\"chrome-extension:\/\/fpelahbljekknahkcaegamhcndkfpfnc\/iFrame.js\" type=\"text\/javascript\"><\/script><\/p>\n<p><script src=\"chrome-extension:\/\/fpelahbljekknahkcaegamhcndkfpfnc\/iFrame.js\" type=\"text\/javascript\"><\/script><\/p>\n<p><script src=\"chrome-extension:\/\/fpelahbljekknahkcaegamhcndkfpfnc\/iFrame.js\" type=\"text\/javascript\"><\/script><\/p>\n<p><script src=\"chrome-extension:\/\/fpelahbljekknahkcaegamhcndkfpfnc\/iFrame.js\" type=\"text\/javascript\"><\/script><\/p>\n","protected":false},"featured_media":6071,"comment_status":"open","ping_status":"closed","template":"","meta":[],"product_brand":[88],"product_cat":[94,158,68,76],"product_tag":[],"class_list":{"0":"post-4484","1":"product","2":"type-product","3":"status-publish","4":"has-post-thumbnail","6":"product_brand-samsung","7":"product_cat-qled-tv","8":"product_cat-samsung-q80b-2022","9":"product_cat-smart-tv","10":"product_cat-televisions","11":"pa_kich-co-man-hinh-55-inch","13":"first","14":"instock","15":"shipping-taxable","16":"purchasable","17":"product-type-simple"},"_links":{"self":[{"href":"https:\/\/tivi-samsung.com\/index.php?rest_route=\/wp\/v2\/product\/4484","targetHints":{"allow":["GET"]}}],"collection":[{"href":"https:\/\/tivi-samsung.com\/index.php?rest_route=\/wp\/v2\/product"}],"about":[{"href":"https:\/\/tivi-samsung.com\/index.php?rest_route=\/wp\/v2\/types\/product"}],"replies":[{"embeddable":true,"href":"https:\/\/tivi-samsung.com\/index.php?rest_route=%2Fwp%2Fv2%2Fcomments&post=4484"}],"version-history":[{"count":10,"href":"https:\/\/tivi-samsung.com\/index.php?rest_route=\/wp\/v2\/product\/4484\/revisions"}],"predecessor-version":[{"id":8393,"href":"https:\/\/tivi-samsung.com\/index.php?rest_route=\/wp\/v2\/product\/4484\/revisions\/8393"}],"wp:featuredmedia":[{"embeddable":true,"href":"https:\/\/tivi-samsung.com\/index.php?rest_route=\/wp\/v2\/media\/6071"}],"wp:attachment":[{"href":"https:\/\/tivi-samsung.com\/index.php?rest_route=%2Fwp%2Fv2%2Fmedia&parent=4484"}],"wp:term":[{"taxonomy":"product_brand","embeddable":true,"href":"https:\/\/tivi-samsung.com\/index.php?rest_route=%2Fwp%2Fv2%2Fproduct_brand&post=4484"},{"taxonomy":"product_cat","embeddable":true,"href":"https:\/\/tivi-samsung.com\/index.php?rest_route=%2Fwp%2Fv2%2Fproduct_cat&post=4484"},{"taxonomy":"product_tag","embeddable":true,"href":"https:\/\/tivi-samsung.com\/index.php?rest_route=%2Fwp%2Fv2%2Fproduct_tag&post=4484"}],"curies":[{"name":"wp","href":"https:\/\/api.w.org\/{rel}","templated":true}]}}