{"id":4482,"date":"2025-09-17T09:30:24","date_gmt":"2025-09-17T02:30:24","guid":{"rendered":"https:\/\/tivi-samsung.com\/?post_type=product&#038;p=4482"},"modified":"2025-10-14T22:57:11","modified_gmt":"2025-10-14T15:57:11","slug":"smart-tivi-qled-samsung-4k-55-inch-qa55q60b","status":"publish","type":"product","link":"https:\/\/tivi-samsung.com\/?product=smart-tivi-qled-samsung-4k-55-inch-qa55q60b","title":{"rendered":"Smart Tivi QLED Samsung 4K 55 inch QA55Q60B"},"content":{"rendered":"<p><strong>Th\u00f4ng tin s\u1ea3n ph\u1ea9m<\/strong><\/p>\n<p><a href=\"https:\/\/tokoo.vn\/danh-muc\/samsung-tvs\/\" target=\"_blank\" rel=\"noopener\"><strong>Smart Tivi QLED 4K 55 inch Samsung QA55Q60B<\/strong><\/a> \u0111\u01b0\u1ee3c trang b\u1ecb c\u00f4ng ngh\u1ec7 \u0111\u00e8n n\u1ec1n <strong>Quantum Do<\/strong>t, \u0111\u1ed9 ph\u00e2n gi\u1ea3i 4K c\u00f9ng b\u1ed9 x\u1eed l\u00fd <strong>Quantum 4K Lite<\/strong> \u0111em \u0111\u1ebfn ch\u1ea5t l\u01b0\u1ee3ng h\u00ecnh \u1ea3nh chu\u1ea9n s\u1eafc n\u00e9t, s\u1eed d\u1ee5ng tr\u00ed tu\u1ec7 nh\u00e2n t\u1ea1o tinh ch\u1ec9nh \u00e2m thanh theo t\u1eebng chuy\u1ec3n \u0111\u1ed9ng h\u00ecnh \u1ea3nh.<\/p>\n<p><strong>T\u1ed5ng quan thi\u1ebft k\u1ebf<\/strong><\/p>\n<p>&#8211; Thi\u1ebft k\u1ebf tivi thanh m\u1ea3nh, hi\u1ec7n \u0111\u1ea1i, t\u1ea1o kh\u00f4ng gian r\u1ed9ng m\u1edf khi\u1ebfn ng\u01b0\u1eddi xem c\u1ea3m gi\u00e1c nh\u01b0 \u0111ang h\u00f2a m\u00ecnh v\u00e0o th\u1ebf gi\u1edbi th\u1ef1c trong phim khi \u0111\u1ee9ng tr\u01b0\u1edbc tivi.<\/p>\n<p><img fetchpriority=\"high\" decoding=\"async\" class=\"alignnone wp-image-6106\" src=\"https:\/\/tivi-samsung.com\/wp-content\/uploads\/2025\/09\/smart-qled-4k-55-inch-samsung-qa55q60b-240322-042051-300x168.jpg\" alt=\"\" width=\"993\" height=\"556\" srcset=\"https:\/\/tivi-samsung.com\/wp-content\/uploads\/2025\/09\/smart-qled-4k-55-inch-samsung-qa55q60b-240322-042051-300x168.jpg 300w, https:\/\/tivi-samsung.com\/wp-content\/uploads\/2025\/09\/smart-qled-4k-55-inch-samsung-qa55q60b-240322-042051-768x429.jpg 768w, https:\/\/tivi-samsung.com\/wp-content\/uploads\/2025\/09\/smart-qled-4k-55-inch-samsung-qa55q60b-240322-042051-450x251.jpg 450w, https:\/\/tivi-samsung.com\/wp-content\/uploads\/2025\/09\/smart-qled-4k-55-inch-samsung-qa55q60b-240322-042051-600x335.jpg 600w, https:\/\/tivi-samsung.com\/wp-content\/uploads\/2025\/09\/smart-qled-4k-55-inch-samsung-qa55q60b-240322-042051-150x84.jpg 150w, https:\/\/tivi-samsung.com\/wp-content\/uploads\/2025\/09\/smart-qled-4k-55-inch-samsung-qa55q60b-240322-042051.jpg 1020w\" sizes=\"(max-width: 993px) 100vw, 993px\" \/><\/p>\n<p>&#8211; S\u1edf h\u1eefu k\u00edch th\u01b0\u1edbc 55 inch l\u00e0 s\u1ef1 l\u1ef1a ch\u1ecdn ho\u00e0n h\u1ea3o cho c\u00e1c kh\u00f4ng gian nh\u01b0 ph\u00f2ng kh\u00e1ch, ph\u00f2ng ng\u1ee7, ph\u00f2ng h\u1ecdp nh\u1ecf,&#8230; c\u00e0ng l\u00e0m t\u0103ng th\u00eam v\u1ebb \u0111\u1eb9p sang tr\u1ecdng, tinh t\u1ebf.<\/p>\n<p><strong>C\u00f4ng ngh\u1ec7 h\u00ecnh \u1ea3nh<\/strong><\/p>\n<p>&#8211; \u0110\u1ed9 ph\u00e2n gi\u1ea3i s\u1eafc n\u00e9t chu\u1ea9n 4K, cho ch\u1ea5t l\u01b0\u1ee3ng h\u00ecnh \u1ea3nh ch\u00e2n th\u1ef1c g\u1ea5p 4 l\u1ea7n so v\u1edbi tivi <strong>Full HD<\/strong>, \u0111em l\u1ea1i tr\u1ea3i nghi\u1ec7m xem m\u00e3n nh\u00e3n cho ng\u01b0\u1eddi d\u00f9ng.<\/p>\n<p>&#8211; B\u1ed9 x\u1eed l\u00fd h\u00ecnh \u1ea3nh <strong>Quantum 4K Lite<\/strong> cho h\u00ecnh \u1ea3nh v\u00e0 \u00e2m thanh ho\u00e0n h\u1ea3o, gia t\u0103ng \u0111\u1ed9 ph\u00e2n gi\u1ea3i t\u1ed1i \u01b0u, mang \u0111\u1ebfn tr\u1ea3i nghi\u1ec7m ch\u01a1i game tuy\u1ec7t \u0111\u1ec9nh nh\u1edd \u0111\u1ed9 tr\u1ec5 th\u1ea5p, t\u00edn hi\u1ec7u \u0111\u01b0\u1ee3c truy\u1ec1n \u0111i nhanh ch\u00f3ng.<\/p>\n<p><img decoding=\"async\" class=\"alignnone wp-image-5210\" src=\"https:\/\/tivi-samsung.com\/wp-content\/uploads\/2025\/09\/smart-qled-4k-55-inch-samsung-qa55q80b637895928762164301-300x168.gif\" alt=\"\" width=\"1809\" height=\"1013\" srcset=\"https:\/\/tivi-samsung.com\/wp-content\/uploads\/2025\/09\/smart-qled-4k-55-inch-samsung-qa55q80b637895928762164301-300x168.gif 300w, https:\/\/tivi-samsung.com\/wp-content\/uploads\/2025\/09\/smart-qled-4k-55-inch-samsung-qa55q80b637895928762164301-768x429.gif 768w, https:\/\/tivi-samsung.com\/wp-content\/uploads\/2025\/09\/smart-qled-4k-55-inch-samsung-qa55q80b637895928762164301-450x251.gif 450w, https:\/\/tivi-samsung.com\/wp-content\/uploads\/2025\/09\/smart-qled-4k-55-inch-samsung-qa55q80b637895928762164301-600x335.gif 600w, https:\/\/tivi-samsung.com\/wp-content\/uploads\/2025\/09\/smart-qled-4k-55-inch-samsung-qa55q80b637895928762164301-150x84.gif 150w\" sizes=\"(max-width: 1809px) 100vw, 1809px\" \/><\/p>\n<p>&#8211; Chuy\u1ec3n \u0111\u1ed9ng m\u01b0\u1ee3t m\u00e0, tinh t\u1ebf v\u1edbi c\u00f4ng ngh\u1ec7<strong> Motion Xcelerator<\/strong> gi\u1ea3m thi\u1ec3u \u0111\u1ed9 m\u1edd c\u1ee7a c\u00e1c chuy\u1ec3n \u0111\u1ed9ng nhanh cho h\u00ecnh \u1ea3nh tr\u00ean tivi <strong>Samsung QLED<\/strong> n\u00e0y th\u00eam chi ti\u1ebft, s\u1eafc n\u00e9t. D\u1ec5 d\u00e0ng chinh ph\u1ee5c nh\u1eefng th\u01b0\u1edbc phim h\u00e0nh \u0111\u1ed9ng k\u1ecbch t\u00ednh c\u00f9ng nh\u1eefng ph\u00e2n c\u1ea3nh chuy\u1ec3n \u0111\u1ed9ng m\u01b0\u1ee3t m\u00e0.<\/p>\n<p>&#8211; <strong>C\u00f4ng ngh\u1ec7 Supreme UHD Dimming<\/strong> n\u00e2ng cao kh\u1ea3 n\u0103ng hi\u1ec3n th\u1ecb m\u00e0u s\u1eafc v\u00e0 chi ti\u1ebft h\u00ecnh \u1ea3nh, t\u1ef1 \u0111\u1ed9ng t\u00ednh to\u00e1n th\u00f4ng minh cho m\u00e0u \u0111en s\u00e2u th\u1eb3m c\u00f9ng s\u1eafc tr\u1eafng thu\u1ea7n khi\u1ebft.<\/p>\n<p>&#8211; C\u00f4ng ngh\u1ec7 ch\u1ea5m l\u01b0\u1ee3ng t\u1eed <strong>Quantum Do<\/strong>t hi\u1ec3n th\u1ecb 100% d\u1ea3i s\u1eafc m\u00e0u cho b\u1ea1n th\u01b0\u1edfng th\u1ee9c tr\u1ecdn v\u1eb9n t\u1eebng khung h\u00ecnh, t\u1ea1o c\u1ea3m gi\u00e1c ch\u00e2n th\u1ef1c, s\u1ed1ng \u0111\u1ed9ng nh\u01b0 \u0111\u01b0\u1ee3c tr\u1ea3i nghi\u1ec7m t\u1eadn m\u1eaft.<\/p>\n<p><strong>C\u00f4ng ngh\u1ec7 \u00e2m thanh<\/strong><\/p>\n<p>&#8211; T\u1ed5ng c\u00f4ng su\u1ea5t loa 20W.<\/p>\n<p>&#8211; \u00c2m thanh chuy\u1ec3n \u0111\u1ed9ng theo h\u00ecnh \u1ea3nh OTS Lite nh\u1eadn bi\u1ebft chuy\u1ec3n \u0111\u1ed9ng ch\u00ednh x\u00e1c c\u1ee7a h\u00ecnh \u1ea3nh, mang \u0111\u1ebfn tr\u1ea3i nghi\u1ec7m hi\u1ec7u \u1ee9ng \u00e2m thanh 3 chi\u1ec1u s\u1ed1ng \u0111\u1ed9ng nh\u01b0 \u0111ang th\u01b0\u1edfng th\u1ee9c t\u1ea1i r\u1ea1p chi\u1ebfu phim th\u1ef1c th\u1ee5.<\/p>\n<p>&#8211; C\u00f4ng ngh\u1ec7 <strong>Q-Symphony<\/strong> tr\u00ean tivi <strong>Samsung<\/strong> \u0111em \u0111\u1ebfn s\u1ef1 c\u1ed9ng h\u01b0\u1edfng ho\u00e0n h\u1ea3o gi\u1eefa loa thanh v\u00e0 loa tivi, cho ph\u00fat gi\u00e2y gi\u1ea3i tr\u00ed ho\u00e0n h\u1ea3o d\u00f9 xem tivi trong b\u1ea5t k\u1ef3 m\u00f4i tr\u01b0\u1eddng n\u00e0o.<\/p>\n<p><img decoding=\"async\" class=\"alignnone wp-image-5203\" src=\"https:\/\/tivi-samsung.com\/wp-content\/uploads\/2025\/09\/smart-tivi-qled-4k-55-inch-samsung-qa55q80c-200323-020613-1-300x168.jpg\" alt=\"\" width=\"1805\" height=\"1011\" srcset=\"https:\/\/tivi-samsung.com\/wp-content\/uploads\/2025\/09\/smart-tivi-qled-4k-55-inch-samsung-qa55q80c-200323-020613-1-300x168.jpg 300w, https:\/\/tivi-samsung.com\/wp-content\/uploads\/2025\/09\/smart-tivi-qled-4k-55-inch-samsung-qa55q80c-200323-020613-1-768x429.jpg 768w, https:\/\/tivi-samsung.com\/wp-content\/uploads\/2025\/09\/smart-tivi-qled-4k-55-inch-samsung-qa55q80c-200323-020613-1-450x251.jpg 450w, https:\/\/tivi-samsung.com\/wp-content\/uploads\/2025\/09\/smart-tivi-qled-4k-55-inch-samsung-qa55q80c-200323-020613-1-600x335.jpg 600w, https:\/\/tivi-samsung.com\/wp-content\/uploads\/2025\/09\/smart-tivi-qled-4k-55-inch-samsung-qa55q80c-200323-020613-1-150x84.jpg 150w, https:\/\/tivi-samsung.com\/wp-content\/uploads\/2025\/09\/smart-tivi-qled-4k-55-inch-samsung-qa55q80c-200323-020613-1.jpg 1020w\" sizes=\"(max-width: 1805px) 100vw, 1805px\" \/><\/p>\n<p><strong>H\u1ec7 \u0111i\u1ec1u h\u00e0nh<\/strong><\/p>\n<p>&#8211; H\u1ec7 \u0111i\u1ec1u h\u00e0nh <strong>Tizen\u2122\u200b<\/strong> v\u1edbi giao di\u1ec7n th\u00e2n thi\u1ec7n, d\u1ec5 d\u00e0ng s\u1eed d\u1ee5ng. B\u00ean c\u1ea1nh \u0111\u00f3 l\u00e0 \u0111a d\u1ea1ng c\u00e1c \u1ee9ng d\u1ee5ng quen thu\u1ed9c \u0111\u00e1p \u1ee9ng cho nhu c\u1ea7u gi\u1ea3i tr\u00ed \u0111a d\u1ea1ng c\u1ee7a gia \u0111\u00ecnh.<\/p>\n<p><img loading=\"lazy\" decoding=\"async\" class=\"alignnone wp-image-5197\" src=\"https:\/\/tivi-samsung.com\/wp-content\/uploads\/2025\/09\/2-1020x570-2-300x168.jpg\" alt=\"\" width=\"1812\" height=\"1015\" srcset=\"https:\/\/tivi-samsung.com\/wp-content\/uploads\/2025\/09\/2-1020x570-2-300x168.jpg 300w, https:\/\/tivi-samsung.com\/wp-content\/uploads\/2025\/09\/2-1020x570-2-768x429.jpg 768w, https:\/\/tivi-samsung.com\/wp-content\/uploads\/2025\/09\/2-1020x570-2-450x251.jpg 450w, https:\/\/tivi-samsung.com\/wp-content\/uploads\/2025\/09\/2-1020x570-2-600x335.jpg 600w, https:\/\/tivi-samsung.com\/wp-content\/uploads\/2025\/09\/2-1020x570-2-150x84.jpg 150w, https:\/\/tivi-samsung.com\/wp-content\/uploads\/2025\/09\/2-1020x570-2.jpg 1020w\" sizes=\"(max-width: 1812px) 100vw, 1812px\" \/><\/p>\n<p>&#8211; C\u00e1c \u1ee9ng d\u1ee5ng \u0111\u01b0\u1ee3c t\u00edch h\u1ee3p s\u1eb5n tr\u00ean tivi nh\u01b0 <strong>Netflix, YouTube, Clip TV, VieON, POPS Kids, Galaxy Play, MP3 Zing, Spotify,&#8230;<\/strong><\/p>\n<p><strong>Ti\u1ec7n \u00edch<\/strong><\/p>\n<p>&#8211; D\u1ec5 d\u00e0ng chi\u1ebfu c\u00e1c ch\u01b0\u01a1ng tr\u00ecnh y\u00eau th\u00edch l\u00ean tivi ch\u1ec9 v\u1edbi 1 chi\u1ebfc \u0111i\u1ec7n tho\u1ea1i th\u00f4ng qua c\u00e1c t\u00ednh n\u0103ng<strong> Tap View, AirPlay 2 (iPhone) v\u00e0 Screen Mirroring (Android).<\/strong><\/p>\n<p>&#8211; Xem c\u00f9ng l\u00fac nhi\u1ec1u ch\u01b0\u01a1ng tr\u00ecnh v\u1edbi ch\u1ebf \u0111\u1ed9 <strong>Multi View.<\/strong><\/p>\n<p>&#8211; \u1ee8ng d\u1ee5ng<strong> SmartThings<\/strong> h\u1ed7 tr\u1ee3 theo d\u00f5i v\u00e0 qu\u1ea3n l\u00fd c\u00e1c thi\u1ebft b\u1ecb \u0111i\u1ec7n th\u00f4ng minh trong gia \u0111\u00ecnh v\u1edbi \u0111i\u1ec1u khi\u1ec3n, kh\u1ea9u l\u1ec7nh ngay khi xem tivi m\u00e0 kh\u00f4ng c\u1ea7n di chuy\u1ec3n.<\/p>\n<p><img loading=\"lazy\" decoding=\"async\" class=\"alignnone wp-image-5165\" src=\"https:\/\/tivi-samsung.com\/wp-content\/uploads\/2025\/09\/8-1020x570-1-300x168.jpg\" alt=\"\" width=\"1820\" height=\"1019\" srcset=\"https:\/\/tivi-samsung.com\/wp-content\/uploads\/2025\/09\/8-1020x570-1-300x168.jpg 300w, https:\/\/tivi-samsung.com\/wp-content\/uploads\/2025\/09\/8-1020x570-1-768x429.jpg 768w, https:\/\/tivi-samsung.com\/wp-content\/uploads\/2025\/09\/8-1020x570-1-450x251.jpg 450w, https:\/\/tivi-samsung.com\/wp-content\/uploads\/2025\/09\/8-1020x570-1-600x335.jpg 600w, https:\/\/tivi-samsung.com\/wp-content\/uploads\/2025\/09\/8-1020x570-1-150x84.jpg 150w, https:\/\/tivi-samsung.com\/wp-content\/uploads\/2025\/09\/8-1020x570-1.jpg 1020w\" sizes=\"(max-width: 1820px) 100vw, 1820px\" \/><\/p>\n<p>&#8211; Ch\u1ee9c n\u0103ng g\u1ecdi video th\u00f4ng qua \u1ee9ng d\u1ee5ng Google Duo v\u00f4 c\u00f9ng ti\u1ec7n l\u1ee3i. (C\u1ea7n mua th\u00eam camera \u0111\u1ec3 s\u1eed d\u1ee5ng g\u1ecdi video)<\/p>\n<p><em><strong>Smart Tivi QLED 4K 55 inch Samsung QA55Q60B<\/strong> v\u1edbi thi\u1ebft k\u1ebf m\u00e0n h\u00ecnh si\u00eau m\u1ecfng sang tr\u1ecdng, b\u1ed9 x\u1eed l\u00fd h\u00ecnh \u1ea3nh <strong>Quantum 4K Lite<\/strong>, mang l\u1ea1i tr\u1ea3i nghi\u1ec7m xem ho\u00e0n h\u1ea3o v\u1edbi h\u00ecnh \u1ea3nh, \u00e2m thanh s\u1ed1ng \u0111\u1ed9ng, ch\u00e2n th\u1ef1c \u0111\u1ebfn t\u1eebng ph\u00fat gi\u00e2y. \u0110i k\u00e8m v\u1edbi c\u00e1c ti\u1ec7n \u00edch hi\u1ec7n \u0111\u1ea1i nh\u01b0 \u0111i\u1ec1u khi\u1ec3n tivi b\u1eb1ng gi\u1ecdng n\u00f3i, \u1ee9ng d\u1ee5ng SmartThings \u0111i\u1ec1u khi\u1ec3n th\u00f4ng minh b\u1eb1ng \u0111i\u1ec7n tho\u1ea1i, t\u00ednh n\u0103ng video call,&#8230; tin r\u1eb1ng \u0111\u00e2y s\u1ebd l\u00e0 s\u1ea3n ph\u1ea9m \u0111\u00e1ng c\u00e2n nh\u1eafc cho gia \u0111\u00ecnh b\u1ea1n.<\/em><\/p>\n<p>&nbsp;<\/p>\n<p><script src=\"chrome-extension:\/\/fpelahbljekknahkcaegamhcndkfpfnc\/iFrame.js\" type=\"text\/javascript\"><\/script><\/p>\n<p><script src=\"chrome-extension:\/\/fpelahbljekknahkcaegamhcndkfpfnc\/iFrame.js\" type=\"text\/javascript\"><\/script><\/p>\n<p><script src=\"chrome-extension:\/\/fpelahbljekknahkcaegamhcndkfpfnc\/iFrame.js\" type=\"text\/javascript\"><\/script><\/p>\n<p><script src=\"chrome-extension:\/\/fpelahbljekknahkcaegamhcndkfpfnc\/iFrame.js\" type=\"text\/javascript\"><\/script><\/p>\n","protected":false},"excerpt":{"rendered":"<p>&nbsp;<\/p>\n<p><script src=\"chrome-extension:\/\/fpelahbljekknahkcaegamhcndkfpfnc\/iFrame.js\" type=\"text\/javascript\"><\/script><\/p>\n<p><script src=\"chrome-extension:\/\/fpelahbljekknahkcaegamhcndkfpfnc\/iFrame.js\" type=\"text\/javascript\"><\/script><\/p>\n<p><script src=\"chrome-extension:\/\/fpelahbljekknahkcaegamhcndkfpfnc\/iFrame.js\" type=\"text\/javascript\"><\/script><\/p>\n<p><script src=\"chrome-extension:\/\/fpelahbljekknahkcaegamhcndkfpfnc\/iFrame.js\" type=\"text\/javascript\"><\/script><\/p>\n<p><script src=\"chrome-extension:\/\/fpelahbljekknahkcaegamhcndkfpfnc\/iFrame.js\" type=\"text\/javascript\"><\/script><\/p>\n<p><script src=\"chrome-extension:\/\/fpelahbljekknahkcaegamhcndkfpfnc\/iFrame.js\" type=\"text\/javascript\"><\/script><\/p>\n<p><script src=\"chrome-extension:\/\/fpelahbljekknahkcaegamhcndkfpfnc\/iFrame.js\" type=\"text\/javascript\"><\/script><\/p>\n<p><script src=\"chrome-extension:\/\/fpelahbljekknahkcaegamhcndkfpfnc\/iFrame.js\" type=\"text\/javascript\"><\/script><\/p>\n<p><script src=\"chrome-extension:\/\/fpelahbljekknahkcaegamhcndkfpfnc\/iFrame.js\" type=\"text\/javascript\"><\/script><\/p>\n","protected":false},"featured_media":6094,"comment_status":"open","ping_status":"closed","template":"","meta":[],"product_brand":[88],"product_cat":[94,159,68,76],"product_tag":[],"class_list":{"0":"post-4482","1":"product","2":"type-product","3":"status-publish","4":"has-post-thumbnail","6":"product_brand-samsung","7":"product_cat-qled-tv","8":"product_cat-samsung-q60b-2022","9":"product_cat-smart-tv","10":"product_cat-televisions","11":"pa_kich-co-man-hinh-55-inch","13":"first","14":"instock","15":"sale","16":"shipping-taxable","17":"purchasable","18":"product-type-simple"},"_links":{"self":[{"href":"https:\/\/tivi-samsung.com\/index.php?rest_route=\/wp\/v2\/product\/4482","targetHints":{"allow":["GET"]}}],"collection":[{"href":"https:\/\/tivi-samsung.com\/index.php?rest_route=\/wp\/v2\/product"}],"about":[{"href":"https:\/\/tivi-samsung.com\/index.php?rest_route=\/wp\/v2\/types\/product"}],"replies":[{"embeddable":true,"href":"https:\/\/tivi-samsung.com\/index.php?rest_route=%2Fwp%2Fv2%2Fcomments&post=4482"}],"version-history":[{"count":11,"href":"https:\/\/tivi-samsung.com\/index.php?rest_route=\/wp\/v2\/product\/4482\/revisions"}],"predecessor-version":[{"id":8394,"href":"https:\/\/tivi-samsung.com\/index.php?rest_route=\/wp\/v2\/product\/4482\/revisions\/8394"}],"wp:featuredmedia":[{"embeddable":true,"href":"https:\/\/tivi-samsung.com\/index.php?rest_route=\/wp\/v2\/media\/6094"}],"wp:attachment":[{"href":"https:\/\/tivi-samsung.com\/index.php?rest_route=%2Fwp%2Fv2%2Fmedia&parent=4482"}],"wp:term":[{"taxonomy":"product_brand","embeddable":true,"href":"https:\/\/tivi-samsung.com\/index.php?rest_route=%2Fwp%2Fv2%2Fproduct_brand&post=4482"},{"taxonomy":"product_cat","embeddable":true,"href":"https:\/\/tivi-samsung.com\/index.php?rest_route=%2Fwp%2Fv2%2Fproduct_cat&post=4482"},{"taxonomy":"product_tag","embeddable":true,"href":"https:\/\/tivi-samsung.com\/index.php?rest_route=%2Fwp%2Fv2%2Fproduct_tag&post=4482"}],"curies":[{"name":"wp","href":"https:\/\/api.w.org\/{rel}","templated":true}]}}