{"id":4480,"date":"2025-09-17T09:28:53","date_gmt":"2025-09-17T02:28:53","guid":{"rendered":"https:\/\/tivi-samsung.com\/?post_type=product&#038;p=4480"},"modified":"2025-10-14T22:58:24","modified_gmt":"2025-10-14T15:58:24","slug":"smart-tivi-qled-samsung-4k-65-inch-qa65q60c","status":"publish","type":"product","link":"https:\/\/tivi-samsung.com\/?product=smart-tivi-qled-samsung-4k-65-inch-qa65q60c","title":{"rendered":"Smart Tivi QLED Samsung 4K 65 inch QA65Q60C"},"content":{"rendered":"<p><strong>Th\u00f4ng tin s\u1ea3n ph\u1ea9m<\/strong><\/p>\n<p><a href=\"https:\/\/tokoo.vn\/danh-muc\/samsung-tvs\/\" target=\"_blank\" rel=\"noopener\"><strong>Smart Tivi QLED 4K 65 inch Samsung QA65Q60C<\/strong> <\/a>s\u1edf h\u1eefu thi\u1ebft k\u1ebf thanh l\u1ecbch, cung c\u1ea5p m\u00e0n h\u00ecnh tr\u1ea3i nghi\u1ec7m tuy\u1ec7t \u0111\u1eb9p v\u1edbi \u0111\u1ed9 ph\u00e2n gi\u1ea3i 4K s\u1eafc n\u00e9t, khung h\u00ecnh s\u1ed1ng \u0111\u1ed9ng nh\u1edd b\u1ed9 vi x\u1eed l\u00fd <strong>Quantum 4K Lite<\/strong>, t\u1eadn h\u01b0\u1edfng tr\u1ea3i nghi\u1ec7m \u0111\u1eafm ch\u00ecm \u0111a d\u1ea1ng t\u1ef7 l\u1ec7 m\u00e0n h\u00ecnh v\u1edbi <strong>Super Ultra Wide<\/strong> <strong>Game View &amp; Game Bar<\/strong>, \u00e2m thanh chuy\u1ec3n \u0111\u1ed9ng theo h\u00ecnh \u1ea3nh <strong>OTS Lit<\/strong>e, h\u1ed7 tr\u1ee3 t\u00ecm ki\u1ebfm b\u1eb1ng gi\u1ecdng n\u00f3i ti\u1ebfng Vi\u1ec7t,\u2026 c\u00f9ng nhi\u1ec1u ti\u1ec7n \u00edch th\u00f4ng minh kh\u00e1c.<\/p>\n<p><strong>T\u1ed5ng quan thi\u1ebft k\u1ebf<\/strong><\/p>\n<p>&#8211;<strong> Smart Tivi QLED 4K 65 inch Samsung QA65Q60C<\/strong> ho\u00e0n thi\u1ec7n thi\u1ebft k\u1ebf n\u1ed9i th\u1ea5t nh\u1edd thi\u1ebft k\u1ebf thanh l\u1ecbch, m\u00e0n h\u00ecnh 65 inch, \u0111\u01b0\u1eddng vi\u1ec1n b\u1eb1ng nh\u1ef1a m\u00e0u \u0111en l\u00e0m n\u1ed5i b\u1eadt n\u1ed9i dung \u0111ang ph\u00e1t tr\u00ean m\u00e0n h\u00ecnh.<\/p>\n<p>&#8211; Ph\u00f9 h\u1ee3p s\u1eed d\u1ee5ng trong nhi\u1ec1u kh\u00f4ng gian kh\u00e1c nhau nh\u01b0 ph\u00f2ng kh\u00e1ch, ph\u00f2ng ng\u1ee7, ph\u00f2ng l\u00e0m vi\u1ec7c,\u2026<\/p>\n<p><img fetchpriority=\"high\" decoding=\"async\" class=\"alignnone wp-image-5108\" src=\"https:\/\/tivi-samsung.com\/wp-content\/uploads\/2025\/09\/smart-tivi-qled-4k-43-inch-samsung-qa43q60c-240323-033231-300x168.jpg\" alt=\"\" width=\"1782\" height=\"998\" srcset=\"https:\/\/tivi-samsung.com\/wp-content\/uploads\/2025\/09\/smart-tivi-qled-4k-43-inch-samsung-qa43q60c-240323-033231-300x168.jpg 300w, https:\/\/tivi-samsung.com\/wp-content\/uploads\/2025\/09\/smart-tivi-qled-4k-43-inch-samsung-qa43q60c-240323-033231-768x429.jpg 768w, https:\/\/tivi-samsung.com\/wp-content\/uploads\/2025\/09\/smart-tivi-qled-4k-43-inch-samsung-qa43q60c-240323-033231-450x251.jpg 450w, https:\/\/tivi-samsung.com\/wp-content\/uploads\/2025\/09\/smart-tivi-qled-4k-43-inch-samsung-qa43q60c-240323-033231-600x335.jpg 600w, https:\/\/tivi-samsung.com\/wp-content\/uploads\/2025\/09\/smart-tivi-qled-4k-43-inch-samsung-qa43q60c-240323-033231-150x84.jpg 150w, https:\/\/tivi-samsung.com\/wp-content\/uploads\/2025\/09\/smart-tivi-qled-4k-43-inch-samsung-qa43q60c-240323-033231.jpg 1020w\" sizes=\"(max-width: 1782px) 100vw, 1782px\" \/><\/p>\n<p>&#8211; Ch\u00e2n \u0111\u1ebf ch\u1eafc ch\u1eafn \u0111\u01b0\u1ee3c l\u00e0m t\u1eeb nh\u1ef1a, ti\u1ec7n l\u1ee3i \u0111\u1eb7t \u0111\u1ec3 tivi l\u00ean tr\u00ean k\u1ec7 t\u1ee7.<\/p>\n<p><strong>C\u00f4ng ngh\u1ec7 h\u00ecnh \u1ea3nh<\/strong><\/p>\n<p>&#8211; <strong>\u0110\u1ed9 ph\u00e2n gi\u1ea3i 4K (Ultra HD)<\/strong> s\u1eafc n\u00e9t v\u1edbi m\u1eadt \u0111\u1ed9 \u0111i\u1ec3m \u1ea3nh cao, t\u00e1i hi\u1ec7n c\u00e1c th\u01b0\u1edbc phim s\u1ed1ng \u0111\u1ed9ng, chi ti\u1ebft.<\/p>\n<p><strong>&#8211; B\u1ed9 x\u1eed l\u00fd Quantum 4K Lite<\/strong> gi\u00fap n\u00e2ng c\u1ea5p ch\u1ea5t l\u01b0\u1ee3ng h\u00ecnh \u1ea3nh g\u1ea7n chu\u1ea9n 4K, ng\u01b0\u1eddi d\u00f9ng s\u1ebd \u0111\u01b0\u1ee3c th\u01b0\u1edfng th\u1ee9c nh\u1eefng khung h\u00ecnh s\u1eafc n\u00e9t, \u0111\u1ea7y sinh \u0111\u1ed9ng b\u1ea5t k\u1ec3 ch\u1ea5t l\u01b0\u1ee3ng ngu\u1ed3n ph\u00e1t ban \u0111\u1ea7u.<\/p>\n<p>&#8211; <strong>C\u00f4ng ngh\u1ec7 Ultimate UHD Dimming<\/strong> gi\u00fap t\u0103ng \u0111\u1ed9 s\u00e1ng v\u00e0 l\u1ecdc h\u00ecnh \u1ea3nh tr\u1edf n\u00ean s\u1ed1ng \u0111\u1ed9ng h\u01a1n.<\/p>\n<p><img decoding=\"async\" class=\"alignnone wp-image-5109\" src=\"https:\/\/tivi-samsung.com\/wp-content\/uploads\/2025\/09\/smart-tivi-qled-4k-75-inch-samsung-qa75q60c-160323-091054-300x168.jpg\" alt=\"\" width=\"1780\" height=\"997\" srcset=\"https:\/\/tivi-samsung.com\/wp-content\/uploads\/2025\/09\/smart-tivi-qled-4k-75-inch-samsung-qa75q60c-160323-091054-300x168.jpg 300w, https:\/\/tivi-samsung.com\/wp-content\/uploads\/2025\/09\/smart-tivi-qled-4k-75-inch-samsung-qa75q60c-160323-091054-768x429.jpg 768w, https:\/\/tivi-samsung.com\/wp-content\/uploads\/2025\/09\/smart-tivi-qled-4k-75-inch-samsung-qa75q60c-160323-091054-450x251.jpg 450w, https:\/\/tivi-samsung.com\/wp-content\/uploads\/2025\/09\/smart-tivi-qled-4k-75-inch-samsung-qa75q60c-160323-091054-600x335.jpg 600w, https:\/\/tivi-samsung.com\/wp-content\/uploads\/2025\/09\/smart-tivi-qled-4k-75-inch-samsung-qa75q60c-160323-091054-150x84.jpg 150w, https:\/\/tivi-samsung.com\/wp-content\/uploads\/2025\/09\/smart-tivi-qled-4k-75-inch-samsung-qa75q60c-160323-091054.jpg 1020w\" sizes=\"(max-width: 1780px) 100vw, 1780px\" \/><\/p>\n<p>&#8211; M\u00e0n h\u00ecnh ch\u1ea5m l\u01b0\u1ee3ng t\u1eed <strong>Quantum Dot<\/strong> hi\u1ec3n th\u1ecb 100% d\u1ea3i s\u1eafc m\u00e0u, gi\u00fap b\u1ea1n th\u01b0\u1edfng th\u1ee9c t\u1eebng khung h\u00ecnh tr\u00ean tivi<strong> Samsung QLED<\/strong> n\u00e0y v\u1edbi m\u00e0u s\u1eafc r\u1ef1c r\u1ee1, s\u1ed1ng \u0111\u1ed9ng.<\/p>\n<p>&#8211; Ki\u1ec3m so\u00e1t \u0111\u00e8n n\u1ec1n t\u1ed1t v\u1edbi c\u00f4ng ngh\u1ec7 <strong>Dual LED<\/strong> gi\u00fap ng\u01b0\u1eddi xem c\u00f3 th\u1ec3 tr\u1ea3i nghi\u1ec7m nh\u1eefng n\u1ed9i dung v\u1edbi ch\u1ea5t l\u01b0\u1ee3ng m\u00e0u s\u1eafc h\u00ecnh \u1ea3nh \u0111\u01b0\u1ee3c t\u1ed1i \u01b0u nh\u1ea5t.<\/p>\n<p>&#8211; Ch\u1ebf \u0111\u1ed9<strong> Brightness\/Color Detection<\/strong> gi\u00fap h\u00ecnh \u1ea3nh hi\u1ec3n th\u1ecb \u0111\u01b0\u1ee3c \u0111i\u1ec1u ch\u1ec9nh t\u1ed1i \u01b0u v\u1ec1 \u0111\u1ed9 s\u00e1ng l\u1eabn m\u00e0u s\u1eafc theo \u0111i\u1ec1u ki\u1ec7n m\u00f4i tr\u01b0\u1eddng xung quanh, mang \u0111\u1ebfn h\u00ecnh \u1ea3nh ho\u00e0n h\u1ea3o cho ng\u01b0\u1eddi xem khi \u0111\u1eb7t tivi \u1edf v\u1ecb tr\u00ed c\u00f3 \u0111i\u1ec1u ki\u1ec7n \u00e1nh s\u00e1ng kh\u00e1c nhau.<\/p>\n<p><img decoding=\"async\" class=\"alignnone wp-image-5110\" src=\"https:\/\/tivi-samsung.com\/wp-content\/uploads\/2025\/09\/smart-tivi-qled-4k-75-inch-samsung-qa75q60c-210323-031944-300x168.jpg\" alt=\"\" width=\"1780\" height=\"997\" srcset=\"https:\/\/tivi-samsung.com\/wp-content\/uploads\/2025\/09\/smart-tivi-qled-4k-75-inch-samsung-qa75q60c-210323-031944-300x168.jpg 300w, https:\/\/tivi-samsung.com\/wp-content\/uploads\/2025\/09\/smart-tivi-qled-4k-75-inch-samsung-qa75q60c-210323-031944-768x429.jpg 768w, https:\/\/tivi-samsung.com\/wp-content\/uploads\/2025\/09\/smart-tivi-qled-4k-75-inch-samsung-qa75q60c-210323-031944-450x251.jpg 450w, https:\/\/tivi-samsung.com\/wp-content\/uploads\/2025\/09\/smart-tivi-qled-4k-75-inch-samsung-qa75q60c-210323-031944-600x335.jpg 600w, https:\/\/tivi-samsung.com\/wp-content\/uploads\/2025\/09\/smart-tivi-qled-4k-75-inch-samsung-qa75q60c-210323-031944-150x84.jpg 150w, https:\/\/tivi-samsung.com\/wp-content\/uploads\/2025\/09\/smart-tivi-qled-4k-75-inch-samsung-qa75q60c-210323-031944.jpg 1020w\" sizes=\"(max-width: 1780px) 100vw, 1780px\" \/><\/p>\n<p>&#8211; <strong>Quantum HDR<\/strong> cho h\u00ecnh \u1ea3nh \u0111\u1eb9p v\u00e0 c\u00f3 \u0111\u1ed9 s\u00e1ng v\u01b0\u1ee3t tr\u1ed9i \u0111em \u0111\u1ebfn cho ng\u01b0\u1eddi d\u00f9ng ch\u1ea5t l\u01b0\u1ee3ng h\u00ecnh \u1ea3nh \u0111\u1ec9nh cao.<\/p>\n<p><img loading=\"lazy\" decoding=\"async\" class=\"alignnone wp-image-5113\" src=\"https:\/\/tivi-samsung.com\/wp-content\/uploads\/2025\/09\/vi-vn-smart-tivi-qled-4k-43-inch-samsung-qa43q60c-3-300x168.jpg\" alt=\"\" width=\"1780\" height=\"997\" srcset=\"https:\/\/tivi-samsung.com\/wp-content\/uploads\/2025\/09\/vi-vn-smart-tivi-qled-4k-43-inch-samsung-qa43q60c-3-300x168.jpg 300w, https:\/\/tivi-samsung.com\/wp-content\/uploads\/2025\/09\/vi-vn-smart-tivi-qled-4k-43-inch-samsung-qa43q60c-3-768x429.jpg 768w, https:\/\/tivi-samsung.com\/wp-content\/uploads\/2025\/09\/vi-vn-smart-tivi-qled-4k-43-inch-samsung-qa43q60c-3-450x251.jpg 450w, https:\/\/tivi-samsung.com\/wp-content\/uploads\/2025\/09\/vi-vn-smart-tivi-qled-4k-43-inch-samsung-qa43q60c-3-600x335.jpg 600w, https:\/\/tivi-samsung.com\/wp-content\/uploads\/2025\/09\/vi-vn-smart-tivi-qled-4k-43-inch-samsung-qa43q60c-3-150x84.jpg 150w, https:\/\/tivi-samsung.com\/wp-content\/uploads\/2025\/09\/vi-vn-smart-tivi-qled-4k-43-inch-samsung-qa43q60c-3.jpg 1020w\" sizes=\"(max-width: 1780px) 100vw, 1780px\" \/><\/p>\n<p>&#8211; <strong>Game Motion Plus, Super Ultra Wide Game View &amp; Game Bar<\/strong> gi\u00fap gi\u1ea3m thi\u1ec3u gi\u1eadt lag, t\u0103ng c\u01b0\u1eddng tr\u1ea3i nghi\u1ec7m game m\u01b0\u1ee3t m\u00e0 h\u01a1n.<\/p>\n<p><strong>C\u00f4ng ngh\u1ec7 \u00e2m thanh<\/strong><\/p>\n<p>&#8211; T\u1ed5ng c\u00f4\u200bng su\u1ea5t loa <strong>20W<\/strong> cho ch\u1ea5t \u00e2m m\u1ea1nh m\u1ebd, trung th\u1ef1c.<\/p>\n<p>&#8211; \u00c2m thanh chuy\u1ec3n \u0111\u1ed9ng theo h\u00ecnh \u1ea3nh<strong> OTS Lite<\/strong> mang \u0111\u1ebfn tr\u1ea3i nghi\u1ec7m \u00e2m thanh v\u00f2m s\u1ed1ng \u0111\u1ed9ng theo t\u1eebng chuy\u1ec3n \u0111\u1ed9ng.<\/p>\n<p><img loading=\"lazy\" decoding=\"async\" class=\"alignnone wp-image-5114\" src=\"https:\/\/tivi-samsung.com\/wp-content\/uploads\/2025\/09\/vi-vn-smart-tivi-qled-4k-43-inch-samsung-qa43q60c-7-300x168.jpg\" alt=\"\" width=\"1777\" height=\"995\" srcset=\"https:\/\/tivi-samsung.com\/wp-content\/uploads\/2025\/09\/vi-vn-smart-tivi-qled-4k-43-inch-samsung-qa43q60c-7-300x168.jpg 300w, https:\/\/tivi-samsung.com\/wp-content\/uploads\/2025\/09\/vi-vn-smart-tivi-qled-4k-43-inch-samsung-qa43q60c-7-768x429.jpg 768w, https:\/\/tivi-samsung.com\/wp-content\/uploads\/2025\/09\/vi-vn-smart-tivi-qled-4k-43-inch-samsung-qa43q60c-7-450x251.jpg 450w, https:\/\/tivi-samsung.com\/wp-content\/uploads\/2025\/09\/vi-vn-smart-tivi-qled-4k-43-inch-samsung-qa43q60c-7-600x335.jpg 600w, https:\/\/tivi-samsung.com\/wp-content\/uploads\/2025\/09\/vi-vn-smart-tivi-qled-4k-43-inch-samsung-qa43q60c-7-150x84.jpg 150w, https:\/\/tivi-samsung.com\/wp-content\/uploads\/2025\/09\/vi-vn-smart-tivi-qled-4k-43-inch-samsung-qa43q60c-7.jpg 1020w\" sizes=\"(max-width: 1777px) 100vw, 1777px\" \/><\/p>\n<p>&#8211; <strong>C\u00f4ng ngh\u1ec7 Q-Symphony<\/strong> mang \u0111\u1ebfn tr\u1ea3i nghi\u1ec7m \u0111\u1ed3ng b\u1ed9 nh\u1edd s\u1ef1 k\u1ebft h\u1ee3p loa tivi v\u1edbi loa thanh, \u0111em l\u1ea1i tr\u1ea3i nghi\u1ec7m \u00e2m thanh ho\u00e0n ch\u1ec9nh v\u00e0 th\u1ecfa m\u00e3n cho ng\u01b0\u1eddi nghe.<\/p>\n<p><img loading=\"lazy\" decoding=\"async\" class=\"alignnone wp-image-5115\" src=\"https:\/\/tivi-samsung.com\/wp-content\/uploads\/2025\/09\/vi-vn-smart-tivi-qled-4k-43-inch-samsung-qa43q60c-8-300x168.jpg\" alt=\"\" width=\"1773\" height=\"993\" srcset=\"https:\/\/tivi-samsung.com\/wp-content\/uploads\/2025\/09\/vi-vn-smart-tivi-qled-4k-43-inch-samsung-qa43q60c-8-300x168.jpg 300w, https:\/\/tivi-samsung.com\/wp-content\/uploads\/2025\/09\/vi-vn-smart-tivi-qled-4k-43-inch-samsung-qa43q60c-8-768x429.jpg 768w, https:\/\/tivi-samsung.com\/wp-content\/uploads\/2025\/09\/vi-vn-smart-tivi-qled-4k-43-inch-samsung-qa43q60c-8-450x251.jpg 450w, https:\/\/tivi-samsung.com\/wp-content\/uploads\/2025\/09\/vi-vn-smart-tivi-qled-4k-43-inch-samsung-qa43q60c-8-600x335.jpg 600w, https:\/\/tivi-samsung.com\/wp-content\/uploads\/2025\/09\/vi-vn-smart-tivi-qled-4k-43-inch-samsung-qa43q60c-8-150x84.jpg 150w, https:\/\/tivi-samsung.com\/wp-content\/uploads\/2025\/09\/vi-vn-smart-tivi-qled-4k-43-inch-samsung-qa43q60c-8.jpg 1020w\" sizes=\"(max-width: 1773px) 100vw, 1773px\" \/><\/p>\n<p><strong>H\u1ec7 \u0111i\u1ec1u h\u00e0nh<\/strong><\/p>\n<p>&#8211; Tivi Samsung s\u1eed d\u1ee5ng h\u1ec7 \u0111i\u1ec1u h\u00e0nh <strong>Tizen\u2122<\/strong> v\u1edbi giao di\u1ec7n tr\u1ef1c quan d\u1ec5 s\u1eed d\u1ee5ng, gi\u1ea3i tr\u00ed th\u1ecfa th\u00edch v\u1edbi kho \u1ee9ng d\u1ee5ng v\u00f4 c\u00f9ng phong ph\u00fa.<\/p>\n<p><img loading=\"lazy\" decoding=\"async\" class=\"alignnone wp-image-5168\" src=\"https:\/\/tivi-samsung.com\/wp-content\/uploads\/2025\/09\/11-1020x570-1-300x168.jpg\" alt=\"\" width=\"1771\" height=\"992\" srcset=\"https:\/\/tivi-samsung.com\/wp-content\/uploads\/2025\/09\/11-1020x570-1-300x168.jpg 300w, https:\/\/tivi-samsung.com\/wp-content\/uploads\/2025\/09\/11-1020x570-1-768x429.jpg 768w, https:\/\/tivi-samsung.com\/wp-content\/uploads\/2025\/09\/11-1020x570-1-450x251.jpg 450w, https:\/\/tivi-samsung.com\/wp-content\/uploads\/2025\/09\/11-1020x570-1-600x335.jpg 600w, https:\/\/tivi-samsung.com\/wp-content\/uploads\/2025\/09\/11-1020x570-1-150x84.jpg 150w, https:\/\/tivi-samsung.com\/wp-content\/uploads\/2025\/09\/11-1020x570-1.jpg 1020w\" sizes=\"(max-width: 1771px) 100vw, 1771px\" \/><\/p>\n<p><strong>Ti\u1ec7n \u00edch<\/strong><\/p>\n<p>&#8211; \u0110i\u1ec1u khi\u1ec3n v\u00e0 t\u00ecm ki\u1ebfm b\u1eb1ng gi\u1ecdng n\u00f3i ti\u1ebfng Vi\u1ec7t qua <strong>One Remote<\/strong> s\u1ea1c qua USB C &amp; n\u0103ng l\u01b0\u1ee3ng m\u1eb7t tr\u1eddi, b\u1ea3o v\u1ec7 m\u00f4i tr\u01b0\u1eddng, ti\u1ebft ki\u1ec7m chi ph\u00ed.<\/p>\n<p>&#8211; T\u00ednh n\u0103ng<strong> Multi View<\/strong> (c\u00f3 th\u1ec3 k\u1ebft n\u1ed1i camera g\u1eafn r\u1eddi) th\u01b0\u1edfng th\u1ee9c nhi\u1ec1u n\u1ed9i dung gi\u1ea3i tr\u00ed t\u1eeb nhi\u1ec1u ngu\u1ed3n tr\u00ean c\u00f9ng m\u1ed9t m\u00e0n h\u00ecnh (2 m\u00e0n h\u00ecnh).<\/p>\n<p>&#8211; D\u1ec5 d\u00e0ng chia s\u1ebb n\u1ed9i dung t\u1eeb m\u00e0n h\u00ecnh \u0111i\u1ec7n tho\u1ea1i l\u00ean Tivi ch\u1ec9 v\u1edbi v\u00e0i thao t\u00e1c \u0111\u01a1n gi\u1ea3n nh\u1edd t\u00ednh n\u0103ng <strong>AirPlay 2 (iPhone), Tap View (Samsung) ho\u1eb7c Screen Mirroring.<\/strong><\/p>\n<p>&#8211; <strong>SmartThing<\/strong>s t\u00edch h\u1ee3p IoT Hub: Qu\u1ea3n l\u00fd ng\u00f4i nh\u00e0 th\u00f4ng minh, k\u1ebft n\u1ed1i nhanh ch\u00f3ng \u0111a thi\u1ebft b\u1ecb nh\u1edd t\u00edch h\u1ee3p IoT Hub v\u00e0 ch\u1ebf \u0111\u1ed9 hi\u1ec3n th\u1ecb 3D.<\/p>\n<p>+ N\u00e2ng c\u1ea5p kh\u1ea3 n\u0103ng k\u1ebft n\u1ed1i v\u1edbi c\u00e1c thi\u1ebft b\u1ecb audio nh\u1edd <strong>Dual Bud<\/strong>s c\u1ee7a Samsung (2 c\u1eb7p tai nghe k\u1ebft n\u1ed1i c\u00f9ng 1 l\u00fac).<\/p>\n<p>+ N\u00e2ng cao tr\u1ea3i nghi\u1ec7m xem tr\u00ean tivi d\u01b0\u1edbi d\u1ea1ng r\u1ea1p chi\u1ebfu phim v\u1edbi<strong> Media Home.<\/strong><\/p>\n<p>+ <strong>Built-in IoT Hub<\/strong> gi\u00fap k\u1ebft n\u1ed1i d\u1ec5 d\u00e0ng v\u1edbi c\u00e1c thi\u1ebft b\u1ecb <strong>Zigbee, Thread, Matter<\/strong> m\u00e0 kh\u00f4ng c\u1ea7n Dongle.<\/p>\n<p><img loading=\"lazy\" decoding=\"async\" class=\"alignnone wp-image-5178\" src=\"https:\/\/tivi-samsung.com\/wp-content\/uploads\/2025\/09\/smart-tivi-qled-4k-50-inch-samsung-qa50q80c-200323-100637-300x168.jpg\" alt=\"\" width=\"1764\" height=\"988\" srcset=\"https:\/\/tivi-samsung.com\/wp-content\/uploads\/2025\/09\/smart-tivi-qled-4k-50-inch-samsung-qa50q80c-200323-100637-300x168.jpg 300w, https:\/\/tivi-samsung.com\/wp-content\/uploads\/2025\/09\/smart-tivi-qled-4k-50-inch-samsung-qa50q80c-200323-100637-768x429.jpg 768w, https:\/\/tivi-samsung.com\/wp-content\/uploads\/2025\/09\/smart-tivi-qled-4k-50-inch-samsung-qa50q80c-200323-100637-450x251.jpg 450w, https:\/\/tivi-samsung.com\/wp-content\/uploads\/2025\/09\/smart-tivi-qled-4k-50-inch-samsung-qa50q80c-200323-100637-600x335.jpg 600w, https:\/\/tivi-samsung.com\/wp-content\/uploads\/2025\/09\/smart-tivi-qled-4k-50-inch-samsung-qa50q80c-200323-100637-150x84.jpg 150w, https:\/\/tivi-samsung.com\/wp-content\/uploads\/2025\/09\/smart-tivi-qled-4k-50-inch-samsung-qa50q80c-200323-100637.jpg 1020w\" sizes=\"(max-width: 1764px) 100vw, 1764px\" \/><\/p>\n<p><em>V\u1edbi th\u00e0nh c\u00f4ng t\u1eeb s\u1ea3n ph\u1ea9m <\/em><strong>Smart Tivi QLED 4K 65 inch Samsung QA65Q60B<\/strong><em> \u0111\u01b0\u1ee3c ra m\u1eaft n\u0103m 2022, Samsung ra m\u1eaft phi\u00ean b\u1ea3n n\u0103m 2023 Smart Tivi QLED 4K 65 inch Samsung QA65Q60C mang \u0111\u1ebfn tr\u1ea3i nghi\u1ec7m xem \u1ea5n t\u01b0\u1ee3ng v\u1edbi b\u1ed9 x\u1eed l\u00fd Quantum 4K Lite, h\u00ecnh \u1ea3nh s\u1eafc n\u00e9t v\u00e0 chi ti\u1ebft nh\u1edd \u0111\u1ed9 ph\u00e2n gi\u1ea3i 4K, ki\u1ebfn t\u1ea1o kh\u00f4ng gian \u00e2m thanh s\u1ed1ng \u0111\u1ed9ng v\u1edbi <strong>OTS Lite<\/strong>, h\u1ec7 \u0111i\u1ec1u h\u00e0nh <strong>Tizen\u2122<\/strong> tr\u1ef1c quan d\u1ec5 s\u1eed d\u1ee5ng, t\u00ecm ki\u1ebfm b\u1eb1ng gi\u1ecdng n\u00f3i ti\u1ebfng Vi\u1ec7t ti\u1ec7n l\u1ee3i c\u00f9ng nhi\u1ec1u ti\u1ec7n \u00edch th\u00f4ng minh kh\u00e1<\/em>c.<\/p>\n<p><script src=\"chrome-extension:\/\/fpelahbljekknahkcaegamhcndkfpfnc\/iFrame.js\" type=\"text\/javascript\"><\/script><\/p>\n<p><script src=\"chrome-extension:\/\/fpelahbljekknahkcaegamhcndkfpfnc\/iFrame.js\" type=\"text\/javascript\"><\/script><\/p>\n<p><script src=\"chrome-extension:\/\/fpelahbljekknahkcaegamhcndkfpfnc\/iFrame.js\" type=\"text\/javascript\"><\/script><\/p>\n","protected":false},"excerpt":{"rendered":"<p>&nbsp;<\/p>\n<p><script src=\"chrome-extension:\/\/fpelahbljekknahkcaegamhcndkfpfnc\/iFrame.js\" type=\"text\/javascript\"><\/script><\/p>\n<p><script src=\"chrome-extension:\/\/fpelahbljekknahkcaegamhcndkfpfnc\/iFrame.js\" type=\"text\/javascript\"><\/script><\/p>\n<p><script src=\"chrome-extension:\/\/fpelahbljekknahkcaegamhcndkfpfnc\/iFrame.js\" type=\"text\/javascript\"><\/script><\/p>\n<p><script src=\"chrome-extension:\/\/fpelahbljekknahkcaegamhcndkfpfnc\/iFrame.js\" type=\"text\/javascript\"><\/script><\/p>\n<p><script src=\"chrome-extension:\/\/fpelahbljekknahkcaegamhcndkfpfnc\/iFrame.js\" type=\"text\/javascript\"><\/script><\/p>\n<p><script src=\"chrome-extension:\/\/fpelahbljekknahkcaegamhcndkfpfnc\/iFrame.js\" type=\"text\/javascript\"><\/script><\/p>\n<p><script src=\"chrome-extension:\/\/fpelahbljekknahkcaegamhcndkfpfnc\/iFrame.js\" type=\"text\/javascript\"><\/script><\/p>\n<p><script src=\"chrome-extension:\/\/fpelahbljekknahkcaegamhcndkfpfnc\/iFrame.js\" type=\"text\/javascript\"><\/script><\/p>\n","protected":false},"featured_media":4713,"comment_status":"open","ping_status":"closed","template":"","meta":[],"product_brand":[88],"product_cat":[94,160,68,76],"product_tag":[],"class_list":{"0":"post-4480","1":"product","2":"type-product","3":"status-publish","4":"has-post-thumbnail","6":"product_brand-samsung","7":"product_cat-qled-tv","8":"product_cat-samsung-q60c-2023","9":"product_cat-smart-tv","10":"product_cat-televisions","11":"pa_kich-co-man-hinh-65-inch","13":"first","14":"instock","15":"shipping-taxable","16":"purchasable","17":"product-type-simple"},"_links":{"self":[{"href":"https:\/\/tivi-samsung.com\/index.php?rest_route=\/wp\/v2\/product\/4480","targetHints":{"allow":["GET"]}}],"collection":[{"href":"https:\/\/tivi-samsung.com\/index.php?rest_route=\/wp\/v2\/product"}],"about":[{"href":"https:\/\/tivi-samsung.com\/index.php?rest_route=\/wp\/v2\/types\/product"}],"replies":[{"embeddable":true,"href":"https:\/\/tivi-samsung.com\/index.php?rest_route=%2Fwp%2Fv2%2Fcomments&post=4480"}],"version-history":[{"count":10,"href":"https:\/\/tivi-samsung.com\/index.php?rest_route=\/wp\/v2\/product\/4480\/revisions"}],"predecessor-version":[{"id":8395,"href":"https:\/\/tivi-samsung.com\/index.php?rest_route=\/wp\/v2\/product\/4480\/revisions\/8395"}],"wp:featuredmedia":[{"embeddable":true,"href":"https:\/\/tivi-samsung.com\/index.php?rest_route=\/wp\/v2\/media\/4713"}],"wp:attachment":[{"href":"https:\/\/tivi-samsung.com\/index.php?rest_route=%2Fwp%2Fv2%2Fmedia&parent=4480"}],"wp:term":[{"taxonomy":"product_brand","embeddable":true,"href":"https:\/\/tivi-samsung.com\/index.php?rest_route=%2Fwp%2Fv2%2Fproduct_brand&post=4480"},{"taxonomy":"product_cat","embeddable":true,"href":"https:\/\/tivi-samsung.com\/index.php?rest_route=%2Fwp%2Fv2%2Fproduct_cat&post=4480"},{"taxonomy":"product_tag","embeddable":true,"href":"https:\/\/tivi-samsung.com\/index.php?rest_route=%2Fwp%2Fv2%2Fproduct_tag&post=4480"}],"curies":[{"name":"wp","href":"https:\/\/api.w.org\/{rel}","templated":true}]}}