{"id":4478,"date":"2025-09-17T09:21:31","date_gmt":"2025-09-17T02:21:31","guid":{"rendered":"https:\/\/tivi-samsung.com\/?post_type=product&#038;p=4478"},"modified":"2025-10-14T22:59:35","modified_gmt":"2025-10-14T15:59:35","slug":"smart-tivi-qled-samsung-4k-55-inch-qa55q60c","status":"publish","type":"product","link":"https:\/\/tivi-samsung.com\/?product=smart-tivi-qled-samsung-4k-55-inch-qa55q60c","title":{"rendered":"Smart Tivi QLED Samsung 4K 55 inch QA55Q60C"},"content":{"rendered":"<p><a href=\"https:\/\/tokoo.vn\/danh-muc\/samsung-tvs\/\" target=\"_blank\" rel=\"noopener\"><strong>Smart Tivi QLED 4K 55 inch Samsung QA55Q60C<\/strong><\/a> tinh gi\u1ea3n trong thi\u1ebft k\u1ebf, khung h\u00ecnh 55 inch v\u1edbi \u0111\u1ed9 ph\u00e2n gi\u1ea3i 4K s\u1eafc n\u00e9t, <strong>b\u1ed9 x\u1eed l\u00fd Quantum 4K Lite<\/strong>, c\u00f4ng ngh\u1ec7 <strong>OTS Lite<\/strong> mang \u0111\u1ebfn tr\u1ea3i nghi\u1ec7m h\u00ecnh \u1ea3nh v\u00e0 \u00e2m thanh ch\u00e2n th\u1eadt, h\u1ec7 \u0111i\u1ec1u h\u00e0nh<strong> Tizen\u2122<\/strong> giao di\u1ec7n tr\u1ef1c quan d\u1ec5 s\u1eed d\u1ee5ng, t\u00ecm ki\u1ebfm b\u1eb1ng gi\u1ecdng n\u00f3i ti\u1ebfng Vi\u1ec7t, g\u1ecdi video qua Google Duo,\u2026<\/p>\n<p><strong>T\u1ed5ng quan thi\u1ebft k\u1ebf<\/strong><\/p>\n<p>&#8211; M\u00e0n h\u00ecnh tivi k\u00edch th\u01b0\u1edbc<strong> 55 inch<\/strong>, thi\u1ebft k\u1ebf li\u1ec1n m\u1ea1ch, c\u1ea1nh vi\u1ec1n thanh tho\u00e1t g\u00f3p ph\u1ea7n t\u00f4 \u0111i\u1ec3m cho kh\u00f4ng gian n\u1ed9i th\u1ea5t.<\/p>\n<p>&#8211; Ch\u00e2n \u0111\u1ebf \u0111\u1ee1 tivi \u0111\u01b0\u1ee3c l\u00e0m b\u1eb1ng ch\u1ea5t li\u1ec7u nh\u1ef1a, n\u00e2ng \u0111\u1ee1 ch\u1eafc ch\u1eafn, l\u00e0 s\u1ef1 tuy\u1ec7t v\u1eddi cho kh\u00f4ng gian ph\u00f2ng kh\u00e1ch, ph\u00f2ng l\u00e0m vi\u1ec7c, ph\u00f2ng ng\u1ee7,\u2026<\/p>\n<p><img fetchpriority=\"high\" decoding=\"async\" class=\"alignnone wp-image-5108\" src=\"https:\/\/tivi-samsung.com\/wp-content\/uploads\/2025\/09\/smart-tivi-qled-4k-43-inch-samsung-qa43q60c-240323-033231-300x168.jpg\" alt=\"\" width=\"1843\" height=\"1032\" srcset=\"https:\/\/tivi-samsung.com\/wp-content\/uploads\/2025\/09\/smart-tivi-qled-4k-43-inch-samsung-qa43q60c-240323-033231-300x168.jpg 300w, https:\/\/tivi-samsung.com\/wp-content\/uploads\/2025\/09\/smart-tivi-qled-4k-43-inch-samsung-qa43q60c-240323-033231-768x429.jpg 768w, https:\/\/tivi-samsung.com\/wp-content\/uploads\/2025\/09\/smart-tivi-qled-4k-43-inch-samsung-qa43q60c-240323-033231-450x251.jpg 450w, https:\/\/tivi-samsung.com\/wp-content\/uploads\/2025\/09\/smart-tivi-qled-4k-43-inch-samsung-qa43q60c-240323-033231-600x335.jpg 600w, https:\/\/tivi-samsung.com\/wp-content\/uploads\/2025\/09\/smart-tivi-qled-4k-43-inch-samsung-qa43q60c-240323-033231-150x84.jpg 150w, https:\/\/tivi-samsung.com\/wp-content\/uploads\/2025\/09\/smart-tivi-qled-4k-43-inch-samsung-qa43q60c-240323-033231.jpg 1020w\" sizes=\"(max-width: 1843px) 100vw, 1843px\" \/><\/p>\n<p><strong>C\u00f4ng ngh\u1ec7 h\u00ecnh \u1ea3nh<\/strong><\/p>\n<p>&#8211; \u0110\u1ed9 ph\u00e2n gi\u1ea3i <strong>4K<\/strong> (Ultra HD) s\u1eafc n\u00e9t v\u1edbi h\u01a1n 8 tri\u1ec7u \u0111i\u1ec3m \u1ea3nh.<\/p>\n<p>&#8211; B\u1ed9 x\u1eed l\u00fd <strong>Quantum 4K Lite<\/strong> gi\u00fap t\u1ed1i \u01b0u h\u00f3a ch\u1ea5t l\u01b0\u1ee3ng h\u00ecnh \u1ea3nh ngu\u1ed3n ph\u00e1t g\u1ea7n chu\u1ea9n 4K.<\/p>\n<p>&#8211; C\u00f4ng ngh\u1ec7 <strong>Brightness\/Color Detection<\/strong> v\u1edbi kh\u1ea3 n\u0103ng \u0111i\u1ec1u ch\u1ec9nh t\u1ed1i \u01b0u \u0111\u1ed9 s\u00e1ng, m\u00e0u s\u1eafc theo \u0111i\u1ec1u ki\u1ec7n m\u00f4i tr\u01b0\u1eddng, mang \u0111\u1ebfn h\u00ecnh \u1ea3nh ch\u00e2n th\u1ef1c, ho\u00e0n h\u1ea3o nh\u1ea5t khi ng\u01b0\u1eddi d\u00f9ng \u0111\u1eb7t \u0111\u1ec3 tivi \u1edf v\u1ecb tr\u00ed c\u00f3 \u0111i\u1ec1u ki\u1ec7n \u00e1nh s\u00e1ng kh\u00e1c nhau.<\/p>\n<p>&#8211; C\u00f4ng ngh\u1ec7 <strong>Ultimate UHD Dimming<\/strong> gi\u00fap t\u0103ng \u0111\u1ed9 s\u00e1ng v\u00e0 l\u1ecdc h\u00ecnh \u1ea3nh tr\u00ean tivi <strong>Samsung QLED<\/strong> tr\u1edf n\u00ean s\u1ed1ng \u0111\u1ed9ng h\u01a1n.<\/p>\n<p><img decoding=\"async\" class=\"alignnone wp-image-5109\" src=\"https:\/\/tivi-samsung.com\/wp-content\/uploads\/2025\/09\/smart-tivi-qled-4k-75-inch-samsung-qa75q60c-160323-091054-300x168.jpg\" alt=\"\" width=\"1852\" height=\"1037\" srcset=\"https:\/\/tivi-samsung.com\/wp-content\/uploads\/2025\/09\/smart-tivi-qled-4k-75-inch-samsung-qa75q60c-160323-091054-300x168.jpg 300w, https:\/\/tivi-samsung.com\/wp-content\/uploads\/2025\/09\/smart-tivi-qled-4k-75-inch-samsung-qa75q60c-160323-091054-768x429.jpg 768w, https:\/\/tivi-samsung.com\/wp-content\/uploads\/2025\/09\/smart-tivi-qled-4k-75-inch-samsung-qa75q60c-160323-091054-450x251.jpg 450w, https:\/\/tivi-samsung.com\/wp-content\/uploads\/2025\/09\/smart-tivi-qled-4k-75-inch-samsung-qa75q60c-160323-091054-600x335.jpg 600w, https:\/\/tivi-samsung.com\/wp-content\/uploads\/2025\/09\/smart-tivi-qled-4k-75-inch-samsung-qa75q60c-160323-091054-150x84.jpg 150w, https:\/\/tivi-samsung.com\/wp-content\/uploads\/2025\/09\/smart-tivi-qled-4k-75-inch-samsung-qa75q60c-160323-091054.jpg 1020w\" sizes=\"(max-width: 1852px) 100vw, 1852px\" \/><\/p>\n<p>&#8211; <strong>Quantum Dot<\/strong> hi\u1ec3n th\u1ecb 100% d\u1ea3i s\u1eafc m\u00e0u, duy tr\u00ec \u0111\u1ed9 s\u00e1ng v\u00e0 \u0111\u1ed9 s\u1ed1ng \u0111\u1ed9ng cho m\u00e0u s\u1eafc b\u1ec1n b\u1ec9 d\u00e0i l\u00e2u.<\/p>\n<p>&#8211; <strong>Ch\u1ebf \u0111\u1ed9 Auto Low Latency<\/strong> t\u1ef1 \u0111\u1ed9ng gi\u1ea3m thi\u1ec3u \u0111\u1ed9 tr\u1ec5 \u0111\u1ea7u v\u00e0o, hi\u1ec7u \u1ee9ng ph\u1ea3n h\u1ed3i nh\u1ea1y b\u00e9n h\u01a1n, ng\u01b0\u1eddi d\u00f9ng ch\u01a1i game m\u01b0\u1ee3t m\u00e0 m\u00e0 kh\u00f4ng b\u1ecb gi\u1eadt, lag.<\/p>\n<p><img decoding=\"async\" class=\"alignnone wp-image-5110\" src=\"https:\/\/tivi-samsung.com\/wp-content\/uploads\/2025\/09\/smart-tivi-qled-4k-75-inch-samsung-qa75q60c-210323-031944-300x168.jpg\" alt=\"\" width=\"1846\" height=\"1034\" srcset=\"https:\/\/tivi-samsung.com\/wp-content\/uploads\/2025\/09\/smart-tivi-qled-4k-75-inch-samsung-qa75q60c-210323-031944-300x168.jpg 300w, https:\/\/tivi-samsung.com\/wp-content\/uploads\/2025\/09\/smart-tivi-qled-4k-75-inch-samsung-qa75q60c-210323-031944-768x429.jpg 768w, https:\/\/tivi-samsung.com\/wp-content\/uploads\/2025\/09\/smart-tivi-qled-4k-75-inch-samsung-qa75q60c-210323-031944-450x251.jpg 450w, https:\/\/tivi-samsung.com\/wp-content\/uploads\/2025\/09\/smart-tivi-qled-4k-75-inch-samsung-qa75q60c-210323-031944-600x335.jpg 600w, https:\/\/tivi-samsung.com\/wp-content\/uploads\/2025\/09\/smart-tivi-qled-4k-75-inch-samsung-qa75q60c-210323-031944-150x84.jpg 150w, https:\/\/tivi-samsung.com\/wp-content\/uploads\/2025\/09\/smart-tivi-qled-4k-75-inch-samsung-qa75q60c-210323-031944.jpg 1020w\" sizes=\"(max-width: 1846px) 100vw, 1846px\" \/><\/p>\n<p>&#8211; <strong>Quantum HDR<\/strong> cho h\u00ecnh \u1ea3nh \u0111\u1eb9p v\u00e0 c\u00f3 \u0111\u1ed9 s\u00e1ng v\u01b0\u1ee3t tr\u1ed9i \u0111em \u0111\u1ebfn cho ng\u01b0\u1eddi d\u00f9ng ch\u1ea5t l\u01b0\u1ee3ng h\u00ecnh \u1ea3nh \u0111\u1ec9nh cao.<\/p>\n<p><img loading=\"lazy\" decoding=\"async\" class=\"alignnone wp-image-5113\" src=\"https:\/\/tivi-samsung.com\/wp-content\/uploads\/2025\/09\/vi-vn-smart-tivi-qled-4k-43-inch-samsung-qa43q60c-3-300x168.jpg\" alt=\"\" width=\"1839\" height=\"1030\" srcset=\"https:\/\/tivi-samsung.com\/wp-content\/uploads\/2025\/09\/vi-vn-smart-tivi-qled-4k-43-inch-samsung-qa43q60c-3-300x168.jpg 300w, https:\/\/tivi-samsung.com\/wp-content\/uploads\/2025\/09\/vi-vn-smart-tivi-qled-4k-43-inch-samsung-qa43q60c-3-768x429.jpg 768w, https:\/\/tivi-samsung.com\/wp-content\/uploads\/2025\/09\/vi-vn-smart-tivi-qled-4k-43-inch-samsung-qa43q60c-3-450x251.jpg 450w, https:\/\/tivi-samsung.com\/wp-content\/uploads\/2025\/09\/vi-vn-smart-tivi-qled-4k-43-inch-samsung-qa43q60c-3-600x335.jpg 600w, https:\/\/tivi-samsung.com\/wp-content\/uploads\/2025\/09\/vi-vn-smart-tivi-qled-4k-43-inch-samsung-qa43q60c-3-150x84.jpg 150w, https:\/\/tivi-samsung.com\/wp-content\/uploads\/2025\/09\/vi-vn-smart-tivi-qled-4k-43-inch-samsung-qa43q60c-3.jpg 1020w\" sizes=\"(max-width: 1839px) 100vw, 1839px\" \/><\/p>\n<p>&#8211; Chuy\u1ec3n \u0111\u1ed9ng m\u01b0\u1ee3t <strong>Motion Xcelerator<\/strong> gi\u00fap n\u00e2ng cao \u0111\u1ed9 r\u00f5 n\u00e9t c\u1ee7a chuy\u1ec3n \u0111\u1ed9ng, gi\u1ea3m thi\u1ec3u \u0111\u1ed9 m\u1edd nh\u1eb1m b\u1eaft tr\u1ecdn m\u1ecdi h\u00e0nh \u0111\u1ed9ng chuy\u1ec3n \u0111\u1ed9ng nhanh, chinh ph\u1ee5c m\u1ecdi tr\u1eadn game m\u01b0\u1ee3t m\u00e0.<\/p>\n<p>&#8211; <strong>Game Motion Plus, Super Ultra Wide Game View &amp; Game Bar<\/strong> gi\u00fap gi\u1ea3m thi\u1ec3u gi\u1eadt lag, t\u0103ng c\u01b0\u1eddng tr\u1ea3i nghi\u1ec7m game m\u01b0\u1ee3t m\u00e0 h\u01a1n.<\/p>\n<p><strong>C\u00f4ng ngh\u1ec7 \u00e2m thanh<\/strong><\/p>\n<p>&#8211; T\u1ed5ng c\u00f4ng su\u1ea5t loa c\u1ee7a chi\u1ebfc tivi Samsung n\u00e0y l\u00e0 20W.<\/p>\n<p>&#8211; C\u00f4ng ngh\u1ec7 <strong>OTS Lite<\/strong> (Object Tracking Sound Lite) mang l\u1ea1i tr\u1ea3i nghi\u1ec7m \u00e2m thanh v\u00f2m chuy\u1ec3n \u0111\u1ed9ng theo h\u00ecnh \u1ea3nh. &#8211; C\u00f4ng ngh\u1ec7 <strong>Q-Symphony<\/strong> l\u00e0 s\u1ef1 k\u1ebft h\u1ee3p loa tivi v\u00e0 loa thanh, t\u1ea1o l\u1eadp kh\u00f4ng gian gi\u1ea3i tr\u00ed \u0111\u1ec9nh cao, bao tr\u00f9m m\u1ecdi gi\u00e1c quan.<\/p>\n<p><img loading=\"lazy\" decoding=\"async\" class=\"alignnone wp-image-5115\" src=\"https:\/\/tivi-samsung.com\/wp-content\/uploads\/2025\/09\/vi-vn-smart-tivi-qled-4k-43-inch-samsung-qa43q60c-8-300x168.jpg\" alt=\"\" width=\"1836\" height=\"1028\" srcset=\"https:\/\/tivi-samsung.com\/wp-content\/uploads\/2025\/09\/vi-vn-smart-tivi-qled-4k-43-inch-samsung-qa43q60c-8-300x168.jpg 300w, https:\/\/tivi-samsung.com\/wp-content\/uploads\/2025\/09\/vi-vn-smart-tivi-qled-4k-43-inch-samsung-qa43q60c-8-768x429.jpg 768w, https:\/\/tivi-samsung.com\/wp-content\/uploads\/2025\/09\/vi-vn-smart-tivi-qled-4k-43-inch-samsung-qa43q60c-8-450x251.jpg 450w, https:\/\/tivi-samsung.com\/wp-content\/uploads\/2025\/09\/vi-vn-smart-tivi-qled-4k-43-inch-samsung-qa43q60c-8-600x335.jpg 600w, https:\/\/tivi-samsung.com\/wp-content\/uploads\/2025\/09\/vi-vn-smart-tivi-qled-4k-43-inch-samsung-qa43q60c-8-150x84.jpg 150w, https:\/\/tivi-samsung.com\/wp-content\/uploads\/2025\/09\/vi-vn-smart-tivi-qled-4k-43-inch-samsung-qa43q60c-8.jpg 1020w\" sizes=\"(max-width: 1836px) 100vw, 1836px\" \/><\/p>\n<p>&#8211; C\u00f4ng ngh\u1ec7<strong> Dual Buds<\/strong> mang \u0111\u1ebfn tr\u1ea3i nghi\u1ec7m \u00e2m thanh v\u1edbi \u0111a d\u1ea1ng n\u1ed9i dung c\u00f9ng l\u00fac.<\/p>\n<p><strong>H\u1ec7 \u0111i\u1ec1u h\u00e0nh<\/strong><\/p>\n<p>&#8211; H\u1ec7 \u0111i\u1ec1u h\u00e0nh <strong>Tizen\u2122<\/strong> v\u1edbi giao di\u1ec7n tinh gi\u1ea3n, tr\u1ef1c quan, cho ph\u00e9p ng\u01b0\u1eddi d\u00f9ng d\u1ec5 d\u00e0ng t\u00ecm ki\u1ebfm v\u00e0 truy c\u1eadp v\u00e0o c\u00e1c n\u1ed9i dung y\u00eau th\u00edch.<\/p>\n<p><img loading=\"lazy\" decoding=\"async\" class=\"alignnone wp-image-5119\" src=\"https:\/\/tivi-samsung.com\/wp-content\/uploads\/2025\/09\/vi-vn-smart-tivi-qled-4k-43-inch-samsung-qa43q60c-13-300x168.jpg\" alt=\"\" width=\"1830\" height=\"1025\" srcset=\"https:\/\/tivi-samsung.com\/wp-content\/uploads\/2025\/09\/vi-vn-smart-tivi-qled-4k-43-inch-samsung-qa43q60c-13-300x168.jpg 300w, https:\/\/tivi-samsung.com\/wp-content\/uploads\/2025\/09\/vi-vn-smart-tivi-qled-4k-43-inch-samsung-qa43q60c-13-768x429.jpg 768w, https:\/\/tivi-samsung.com\/wp-content\/uploads\/2025\/09\/vi-vn-smart-tivi-qled-4k-43-inch-samsung-qa43q60c-13-450x251.jpg 450w, https:\/\/tivi-samsung.com\/wp-content\/uploads\/2025\/09\/vi-vn-smart-tivi-qled-4k-43-inch-samsung-qa43q60c-13-600x335.jpg 600w, https:\/\/tivi-samsung.com\/wp-content\/uploads\/2025\/09\/vi-vn-smart-tivi-qled-4k-43-inch-samsung-qa43q60c-13-150x84.jpg 150w, https:\/\/tivi-samsung.com\/wp-content\/uploads\/2025\/09\/vi-vn-smart-tivi-qled-4k-43-inch-samsung-qa43q60c-13.jpg 1020w\" sizes=\"(max-width: 1830px) 100vw, 1830px\" \/><\/p>\n<p>&nbsp;<\/p>\n<p>&#8211; T\u00edch h\u1ee3p kho \u1ee9ng d\u1ee5ng \u0111a d\u1ea1ng v\u1edbi nhi\u1ec1u \u1ee9ng d\u1ee5ng quen thu\u1ed9c, \u0111em \u0111\u1ebfn tr\u1ea3i nghi\u1ec7m phong ph\u00fa.<\/p>\n<p><strong>Ti\u1ec7n \u00edch<\/strong><\/p>\n<p>&#8211; T\u00ecm ki\u1ebfm gi\u1ecdng n\u00f3i tr\u00ean YouTube b\u1eb1ng ti\u1ebfng Vi\u1ec7t, h\u1ed7 tr\u1ee3 tr\u1ee3 l\u00fd gi\u1ecdng n\u00f3i Bixby.<\/p>\n<p>&#8211; Ch\u1ebf \u0111\u1ed9 m\u00e1y t\u00ednh PC tr\u00ean tivi bi\u1ebfn tivi tr\u1edf th\u00e0nh thi\u1ebft b\u1ecb h\u1ed7 tr\u1ee3 l\u00e0m vi\u1ec7c, tr\u00ecnh chi\u1ebfu hi\u1ec7u qu\u1ea3.<\/p>\n<p><strong>&#8211; SmartThings<\/strong> t\u00edch h\u1ee3p IoT Hub: Qu\u1ea3n l\u00fd ng\u00f4i nh\u00e0 th\u00f4ng minh, k\u1ebft n\u1ed1i nhanh ch\u00f3ng \u0111a thi\u1ebft b\u1ecb nh\u1edd t\u00edch h\u1ee3p IoT Hub v\u00e0 ch\u1ebf \u0111\u1ed9 hi\u1ec3n th\u1ecb 3D.<\/p>\n<p><img loading=\"lazy\" decoding=\"async\" class=\"alignnone wp-image-5116\" src=\"https:\/\/tivi-samsung.com\/wp-content\/uploads\/2025\/09\/vi-vn-smart-tivi-qled-4k-43-inch-samsung-qa43q60c-9-300x168.jpg\" alt=\"\" width=\"1853\" height=\"1038\" srcset=\"https:\/\/tivi-samsung.com\/wp-content\/uploads\/2025\/09\/vi-vn-smart-tivi-qled-4k-43-inch-samsung-qa43q60c-9-300x168.jpg 300w, https:\/\/tivi-samsung.com\/wp-content\/uploads\/2025\/09\/vi-vn-smart-tivi-qled-4k-43-inch-samsung-qa43q60c-9-768x429.jpg 768w, https:\/\/tivi-samsung.com\/wp-content\/uploads\/2025\/09\/vi-vn-smart-tivi-qled-4k-43-inch-samsung-qa43q60c-9-450x251.jpg 450w, https:\/\/tivi-samsung.com\/wp-content\/uploads\/2025\/09\/vi-vn-smart-tivi-qled-4k-43-inch-samsung-qa43q60c-9-600x335.jpg 600w, https:\/\/tivi-samsung.com\/wp-content\/uploads\/2025\/09\/vi-vn-smart-tivi-qled-4k-43-inch-samsung-qa43q60c-9-150x84.jpg 150w, https:\/\/tivi-samsung.com\/wp-content\/uploads\/2025\/09\/vi-vn-smart-tivi-qled-4k-43-inch-samsung-qa43q60c-9.jpg 1020w\" sizes=\"(max-width: 1853px) 100vw, 1853px\" \/><\/p>\n<p>+ N\u00e2ng c\u1ea5p kh\u1ea3 n\u0103ng k\u1ebft n\u1ed1i v\u1edbi c\u00e1c thi\u1ebft b\u1ecb audio v\u00e0 \u0111\u1eb7c bi\u1ec7t l\u00e0 tai nghe buds c\u1ee7a Samsung (2 c\u1eb7p tai nghe k\u1ebft n\u1ed1i c\u00f9ng 1 l\u00fac).<\/p>\n<p>+ N\u00e2ng cao tr\u1ea3i nghi\u1ec7m xem tr\u00ean tivi d\u01b0\u1edbi d\u1ea1ng r\u1ea1p chi\u1ebfu phim v\u1edbi <strong>Media Home.<\/strong><\/p>\n<p>+ <strong>Built-in IoT Hub<\/strong> gi\u00fap k\u1ebft n\u1ed1i d\u1ec5 d\u00e0ng v\u1edbi c\u00e1c thi\u1ebft b\u1ecb<strong> Zigbee, Thread, Matter<\/strong> m\u00e0 kh\u00f4ng c\u1ea7n Dongle.<\/p>\n<p>&#8211; G\u1ecdi video mi\u1ec5n ph\u00ed tr\u00ean tivi qua \u1ee9ng d\u1ee5ng <strong>Google Duo<\/strong> (c\u1ea7n mua th\u00eam camera).<\/p>\n<p>&#8211; T\u00ednh n\u0103ng <strong>Multi View<\/strong> (c\u00f3 th\u1ec3 k\u1ebft n\u1ed1i camera g\u1eafn r\u1eddi) th\u01b0\u1edfng th\u1ee9c nhi\u1ec1u n\u1ed9i dung gi\u1ea3i tr\u00ed t\u1eeb nhi\u1ec1u ngu\u1ed3n tr\u00ean c\u00f9ng m\u1ed9t m\u00e0n h\u00ecnh (2 m\u00e0n h\u00ecnh).<\/p>\n<p>&#8211; Tr\u00ecnh chi\u1ebfu h\u00ecnh \u1ea3nh, video l\u00ean m\u00e0n h\u00ecnh tivi qua t\u00ednh n\u0103ng <strong>AirPlay 2 (iPhone), TapView (Samsung) hay Screen Mirroring (Android).<\/strong><\/p>\n<p><img loading=\"lazy\" decoding=\"async\" class=\"alignnone wp-image-5117\" src=\"https:\/\/tivi-samsung.com\/wp-content\/uploads\/2025\/09\/vi-vn-smart-tivi-qled-4k-43-inch-samsung-qa43q60c-10-300x168.jpg\" alt=\"\" width=\"1852\" height=\"1037\" srcset=\"https:\/\/tivi-samsung.com\/wp-content\/uploads\/2025\/09\/vi-vn-smart-tivi-qled-4k-43-inch-samsung-qa43q60c-10-300x168.jpg 300w, https:\/\/tivi-samsung.com\/wp-content\/uploads\/2025\/09\/vi-vn-smart-tivi-qled-4k-43-inch-samsung-qa43q60c-10-768x429.jpg 768w, https:\/\/tivi-samsung.com\/wp-content\/uploads\/2025\/09\/vi-vn-smart-tivi-qled-4k-43-inch-samsung-qa43q60c-10-450x251.jpg 450w, https:\/\/tivi-samsung.com\/wp-content\/uploads\/2025\/09\/vi-vn-smart-tivi-qled-4k-43-inch-samsung-qa43q60c-10-600x335.jpg 600w, https:\/\/tivi-samsung.com\/wp-content\/uploads\/2025\/09\/vi-vn-smart-tivi-qled-4k-43-inch-samsung-qa43q60c-10-150x84.jpg 150w, https:\/\/tivi-samsung.com\/wp-content\/uploads\/2025\/09\/vi-vn-smart-tivi-qled-4k-43-inch-samsung-qa43q60c-10.jpg 1020w\" sizes=\"(max-width: 1852px) 100vw, 1852px\" \/><\/p>\n<p>&nbsp;<\/p>\n<p>&#8211; \u0110i\u1ec1u khi\u1ec3n tivi b\u1eb1ng \u0111i\u1ec7n tho\u1ea1i qua \u1ee9ng d\u1ee5ng <strong>SmartThings.<\/strong><\/p>\n<p><em>V\u1edbi th\u00e0nh c\u00f4ng t\u1eeb s\u1ea3n ph\u1ea9m <strong>Smart Tivi QLED 4K 55 inch Samsung QA55Q60B<\/strong> \u0111\u01b0\u1ee3c ra m\u1eaft n\u0103m 2022, Samsung ra m\u1eaft phi\u00ean b\u1ea3n n\u0103m 2023\u200b <strong>Smart Tivi QLED 4K 55 inch Samsung QA55Q60C<\/strong> s\u1edf h\u1eefu di\u1ec7n m\u1ea1o thanh l\u1ecbch, \u0111em l\u1ea1i c\u1ea3m gi\u00e1c m\u00e3n nh\u00e3n v\u1edbi h\u00ecnh \u1ea3nh \u0111\u1eb9p m\u1eaft, s\u1eafc n\u00e9t nh\u1edd b\u1ed9 x\u1eed l\u00fd Quantum 4K Lite m\u1ea1nh m\u1ebd, ch\u1ea5t \u00e2m s\u1ed1ng \u0111\u1ed9ng, \u00e2m thanh v\u00f2m lan t\u1ecfa, h\u1ec7 \u0111i\u1ec1u h\u00e0nh ti\u00ean ti\u1ebfn c\u00f9ng kho \u1ee9ng d\u1ee5ng \u0111a d\u1ea1ng, \u0111i\u1ec1u khi\u1ec3n b\u1eb1ng gi\u1ecdng n\u00f3i ti\u1ebfng Vi\u1ec7t th\u00e2n thi\u1ec7n c\u00f9ng nhi\u1ec1u t\u00ednh n\u0103ng ti\u1ec7n \u00edch hi\u1ec7n \u0111\u1ea1i. L\u00e0 s\u1ef1 l\u1ef1a ch\u1ecdn ph\u00f9 h\u1ee3p cho gia \u0111\u00ecnh b\u1ea1n.<\/em><\/p>\n<p><script src=\"chrome-extension:\/\/fpelahbljekknahkcaegamhcndkfpfnc\/iFrame.js\" type=\"text\/javascript\"><\/script><\/p>\n<p><script src=\"chrome-extension:\/\/fpelahbljekknahkcaegamhcndkfpfnc\/iFrame.js\" type=\"text\/javascript\"><\/script><\/p>\n<p><script src=\"chrome-extension:\/\/fpelahbljekknahkcaegamhcndkfpfnc\/iFrame.js\" type=\"text\/javascript\"><\/script><\/p>\n<p><script src=\"chrome-extension:\/\/fpelahbljekknahkcaegamhcndkfpfnc\/iFrame.js\" type=\"text\/javascript\"><\/script><\/p>\n","protected":false},"excerpt":{"rendered":"<p>&nbsp;<\/p>\n<p><script src=\"chrome-extension:\/\/fpelahbljekknahkcaegamhcndkfpfnc\/iFrame.js\" type=\"text\/javascript\"><\/script><\/p>\n<p><script src=\"chrome-extension:\/\/fpelahbljekknahkcaegamhcndkfpfnc\/iFrame.js\" type=\"text\/javascript\"><\/script><\/p>\n<p><script src=\"chrome-extension:\/\/fpelahbljekknahkcaegamhcndkfpfnc\/iFrame.js\" type=\"text\/javascript\"><\/script><\/p>\n<p><script src=\"chrome-extension:\/\/fpelahbljekknahkcaegamhcndkfpfnc\/iFrame.js\" type=\"text\/javascript\"><\/script><\/p>\n<p><script src=\"chrome-extension:\/\/fpelahbljekknahkcaegamhcndkfpfnc\/iFrame.js\" type=\"text\/javascript\"><\/script><\/p>\n<p><script src=\"chrome-extension:\/\/fpelahbljekknahkcaegamhcndkfpfnc\/iFrame.js\" type=\"text\/javascript\"><\/script><\/p>\n<p><script src=\"chrome-extension:\/\/fpelahbljekknahkcaegamhcndkfpfnc\/iFrame.js\" type=\"text\/javascript\"><\/script><\/p>\n<p><script src=\"chrome-extension:\/\/fpelahbljekknahkcaegamhcndkfpfnc\/iFrame.js\" type=\"text\/javascript\"><\/script><\/p>\n<p><script src=\"chrome-extension:\/\/fpelahbljekknahkcaegamhcndkfpfnc\/iFrame.js\" type=\"text\/javascript\"><\/script><\/p>\n<p><script src=\"chrome-extension:\/\/fpelahbljekknahkcaegamhcndkfpfnc\/iFrame.js\" type=\"text\/javascript\"><\/script><\/p>\n","protected":false},"featured_media":4713,"comment_status":"open","ping_status":"closed","template":"","meta":[],"product_brand":[88],"product_cat":[94,160,68,76],"product_tag":[],"class_list":{"0":"post-4478","1":"product","2":"type-product","3":"status-publish","4":"has-post-thumbnail","6":"product_brand-samsung","7":"product_cat-qled-tv","8":"product_cat-samsung-q60c-2023","9":"product_cat-smart-tv","10":"product_cat-televisions","11":"pa_kich-co-man-hinh-55-inch","13":"first","14":"instock","15":"shipping-taxable","16":"purchasable","17":"product-type-simple"},"_links":{"self":[{"href":"https:\/\/tivi-samsung.com\/index.php?rest_route=\/wp\/v2\/product\/4478","targetHints":{"allow":["GET"]}}],"collection":[{"href":"https:\/\/tivi-samsung.com\/index.php?rest_route=\/wp\/v2\/product"}],"about":[{"href":"https:\/\/tivi-samsung.com\/index.php?rest_route=\/wp\/v2\/types\/product"}],"replies":[{"embeddable":true,"href":"https:\/\/tivi-samsung.com\/index.php?rest_route=%2Fwp%2Fv2%2Fcomments&post=4478"}],"version-history":[{"count":12,"href":"https:\/\/tivi-samsung.com\/index.php?rest_route=\/wp\/v2\/product\/4478\/revisions"}],"predecessor-version":[{"id":8396,"href":"https:\/\/tivi-samsung.com\/index.php?rest_route=\/wp\/v2\/product\/4478\/revisions\/8396"}],"wp:featuredmedia":[{"embeddable":true,"href":"https:\/\/tivi-samsung.com\/index.php?rest_route=\/wp\/v2\/media\/4713"}],"wp:attachment":[{"href":"https:\/\/tivi-samsung.com\/index.php?rest_route=%2Fwp%2Fv2%2Fmedia&parent=4478"}],"wp:term":[{"taxonomy":"product_brand","embeddable":true,"href":"https:\/\/tivi-samsung.com\/index.php?rest_route=%2Fwp%2Fv2%2Fproduct_brand&post=4478"},{"taxonomy":"product_cat","embeddable":true,"href":"https:\/\/tivi-samsung.com\/index.php?rest_route=%2Fwp%2Fv2%2Fproduct_cat&post=4478"},{"taxonomy":"product_tag","embeddable":true,"href":"https:\/\/tivi-samsung.com\/index.php?rest_route=%2Fwp%2Fv2%2Fproduct_tag&post=4478"}],"curies":[{"name":"wp","href":"https:\/\/api.w.org\/{rel}","templated":true}]}}