{"id":4463,"date":"2025-09-17T09:02:28","date_gmt":"2025-09-17T02:02:28","guid":{"rendered":"https:\/\/tivi-samsung.com\/?post_type=product&#038;p=4463"},"modified":"2025-10-14T23:01:40","modified_gmt":"2025-10-14T16:01:40","slug":"smart-tivi-neo-qled-samsung-ai-4k-65-inch-qa65qn80f","status":"publish","type":"product","link":"https:\/\/tivi-samsung.com\/?product=smart-tivi-neo-qled-samsung-ai-4k-65-inch-qa65qn80f","title":{"rendered":"Smart Tivi Neo QLED Samsung AI 4K 65 inch QA65QN80F"},"content":{"rendered":"<p><strong>Th\u00f4ng tin s\u1ea3n ph\u1ea9m<\/strong><\/p>\n<p><a href=\"https:\/\/tokoo.vn\/danh-muc\/samsung-tvs\/\" target=\"_blank\" rel=\"noopener\"><strong>Smart Tivi Neo QLED Samsung AI 4K 65 inch QA65QN80F<\/strong> <\/a>s\u1edf h\u1eefu c\u00f4ng ngh\u1ec7 \u0111\u00e8n n\u1ec1n<strong> Mini LED, b\u1ed9 x\u1eed l\u00fd AI NQ4 Gen2<\/strong> v\u00e0 \u00e2m thanh <strong>Dolby Atmos<\/strong> s\u1ed1ng \u0111\u1ed9ng. K\u1ebft h\u1ee3p v\u1edbi h\u1ec7 \u0111i\u1ec1u h\u00e0nh <strong>Tizen<\/strong> hi\u1ec7n \u0111\u1ea1i v\u00e0 thi\u1ebft k\u1ebf g\u1ecdn g\u00e0ng, s\u1ea3n ph\u1ea9m ph\u00f9 h\u1ee3p cho nhu c\u1ea7u gi\u1ea3i tr\u00ed t\u1ea1i gia t\u1eeb xem phim, ch\u01a1i game \u0111\u1ebfn k\u1ebft n\u1ed1i h\u1ec7 sinh th\u00e1i thi\u1ebft b\u1ecb th\u00f4ng minh.<\/p>\n<p><strong>Thi\u1ebft k\u1ebf<\/strong><\/p>\n<p>&#8211; <strong>QA65QN80F<\/strong> mang phong c\u00e1ch t\u1ed1i gi\u1ea3n v\u1edbi vi\u1ec1n m\u1ecfng, mang l\u1ea1i hi\u1ec7u \u1ee9ng m\u1edf r\u1ed9ng kh\u00f4ng gian v\u00e0 t\u00ednh th\u1ea9m m\u1ef9 cao cho ph\u00f2ng kh\u00e1ch ho\u1eb7c ph\u00f2ng gi\u1ea3i tr\u00ed.<\/p>\n<p><img fetchpriority=\"high\" decoding=\"async\" class=\"alignnone wp-image-5229\" src=\"https:\/\/tivi-samsung.com\/wp-content\/uploads\/2025\/09\/04f287944bdfe34b80ff0d07b1f9f66b-300x168.jpg\" alt=\"\" width=\"1841\" height=\"1031\" srcset=\"https:\/\/tivi-samsung.com\/wp-content\/uploads\/2025\/09\/04f287944bdfe34b80ff0d07b1f9f66b-300x168.jpg 300w, https:\/\/tivi-samsung.com\/wp-content\/uploads\/2025\/09\/04f287944bdfe34b80ff0d07b1f9f66b-768x429.jpg 768w, https:\/\/tivi-samsung.com\/wp-content\/uploads\/2025\/09\/04f287944bdfe34b80ff0d07b1f9f66b-450x251.jpg 450w, https:\/\/tivi-samsung.com\/wp-content\/uploads\/2025\/09\/04f287944bdfe34b80ff0d07b1f9f66b-600x335.jpg 600w, https:\/\/tivi-samsung.com\/wp-content\/uploads\/2025\/09\/04f287944bdfe34b80ff0d07b1f9f66b-150x84.jpg 150w, https:\/\/tivi-samsung.com\/wp-content\/uploads\/2025\/09\/04f287944bdfe34b80ff0d07b1f9f66b.jpg 1020w\" sizes=\"(max-width: 1841px) 100vw, 1841px\" \/><\/p>\n<p>&#8211; K\u00edch th\u01b0\u1edbc 65 inch ph\u00f9 h\u1ee3p \u0111\u1eb7t tr\u00ean k\u1ec7 ho\u1eb7c treo t\u01b0\u1eddng trong kh\u00f4ng gian v\u1eeba \u0111\u1ebfn l\u1edbn. Ch\u00e2n \u0111\u1ebf trung t\u00e2m mang l\u1ea1i c\u1ea3m gi\u00e1c v\u1eefng ch\u1eafc v\u00e0 h\u00e0i h\u00f2a v\u1edbi ki\u1ec3u d\u00e1ng t\u1ed5ng th\u1ec3.<\/p>\n<p><strong>C\u00f4ng ngh\u1ec7 h\u00ecnh \u1ea3nh<\/strong><\/p>\n<p>&#8211; B\u1ed9 x\u1eed l\u00fd<strong> AI NQ4<\/strong> th\u1ebf h\u1ec7 2 ph\u00e2n t\u00edch d\u1eef li\u1ec7u h\u00ecnh \u1ea3nh theo th\u1eddi gian th\u1ef1c, t\u1ed1i \u01b0u ch\u1ea5t l\u01b0\u1ee3ng hi\u1ec3n th\u1ecb v\u1ec1 \u0111\u1ed9 n\u00e9t, m\u00e0u s\u1eafc v\u00e0 \u0111\u1ed9 t\u01b0\u01a1ng ph\u1ea3n nh\u1eb1m t\u0103ng chi\u1ec1u s\u00e2u v\u00e0 s\u1ef1 t\u1ef1 nhi\u00ean trong t\u1eebng khung h\u00ecnh.<\/p>\n<p>&#8211; C\u00f4ng ngh\u1ec7<strong> Color Booster Pro<\/strong> h\u1ed7 tr\u1ee3 m\u1edf r\u1ed9ng d\u1ea3i m\u00e0u v\u00e0 n\u00e2ng cao \u0111\u1ed9 ch\u00ednh x\u00e1c trong qu\u00e1 tr\u00ecnh hi\u1ec3n th\u1ecb, gi\u00fap m\u00e0u s\u1eafc tr\u1edf n\u00ean r\u1ef1c r\u1ee1, s\u1ed1ng \u0111\u1ed9ng nh\u01b0ng v\u1eabn gi\u1eef \u0111\u01b0\u1ee3c \u0111\u1ed9 trung th\u1ef1c v\u00e0 h\u00e0i h\u00f2a so v\u1edbi n\u1ed9i dung g\u1ed1c ban \u0111\u1ea7u.<\/p>\n<p>&#8211; <strong>Supreme UHD Dimming<\/strong> chia m\u00e0n h\u00ecnh th\u00e0nh nhi\u1ec1u v\u00f9ng nh\u1ecf ri\u00eang bi\u1ec7t v\u00e0 th\u1ef1c hi\u1ec7n tinh ch\u1ec9nh \u0111\u1ed9 s\u00e1ng, \u0111\u1ed9 t\u01b0\u01a1ng ph\u1ea3n cho t\u1eebng khu v\u1ef1c, gi\u00fap t\u1ed1i \u01b0u chi ti\u1ebft v\u00f9ng s\u00e1ng &#8211; t\u1ed1i, c\u1ea3i thi\u1ec7n \u0111\u1ed9 s\u00e2u h\u00ecnh \u1ea3nh v\u00e0 t\u0103ng \u0111\u1ed9 r\u00f5 n\u00e9t t\u1ed5ng th\u1ec3 trong t\u1eebng khung h\u00ecnh hi\u1ec3n th\u1ecb.<\/p>\n<p><img decoding=\"async\" class=\"alignnone wp-image-5227\" src=\"https:\/\/tivi-samsung.com\/wp-content\/uploads\/2025\/09\/f82249c0be0935cb4e4d5bd039393ed6-300x168.jpg\" alt=\"\" width=\"1843\" height=\"1032\" srcset=\"https:\/\/tivi-samsung.com\/wp-content\/uploads\/2025\/09\/f82249c0be0935cb4e4d5bd039393ed6-300x168.jpg 300w, https:\/\/tivi-samsung.com\/wp-content\/uploads\/2025\/09\/f82249c0be0935cb4e4d5bd039393ed6-768x429.jpg 768w, https:\/\/tivi-samsung.com\/wp-content\/uploads\/2025\/09\/f82249c0be0935cb4e4d5bd039393ed6-450x251.jpg 450w, https:\/\/tivi-samsung.com\/wp-content\/uploads\/2025\/09\/f82249c0be0935cb4e4d5bd039393ed6-600x335.jpg 600w, https:\/\/tivi-samsung.com\/wp-content\/uploads\/2025\/09\/f82249c0be0935cb4e4d5bd039393ed6-150x84.jpg 150w, https:\/\/tivi-samsung.com\/wp-content\/uploads\/2025\/09\/f82249c0be0935cb4e4d5bd039393ed6.jpg 1020w\" sizes=\"(max-width: 1843px) 100vw, 1843px\" \/><\/p>\n<p>&#8211; C\u00f4ng ngh\u1ec7<strong> Quantum Matrix Technology Core<\/strong> ki\u1ec3m so\u00e1t ch\u00ednh x\u00e1c h\u1ec7 th\u1ed1ng \u0111\u00e8n n\u1ec1n Mini LED b\u1eb1ng c\u00e1ch ph\u00e2n chia v\u00e0 \u0111i\u1ec1u ch\u1ec9nh t\u1eebng v\u00f9ng s\u00e1ng nh\u1ecf \u0111\u1ed9c l\u1eadp, t\u1eeb \u0111\u00f3 h\u00ecnh \u1ea3nh hi\u1ec3n th\u1ecb c\u00f3 \u0111\u1ed9 t\u01b0\u01a1ng ph\u1ea3n v\u01b0\u1ee3t tr\u1ed9i, v\u00f9ng s\u00e1ng r\u00f5 n\u00e9t, v\u00f9ng t\u1ed1i s\u00e2u h\u01a1n v\u00e0 s\u1eafc \u0111\u1ed9 chuy\u1ec3n m\u00e0u m\u01b0\u1ee3t m\u00e0 ngay c\u1ea3 trong c\u00e1c c\u1ea3nh c\u00f3 \u00e1nh s\u00e1ng ph\u1ee9c t\u1ea1p<\/p>\n<p>&#8211; <strong>Real Depth Enhancer<\/strong> ph\u1ed1i h\u1ee3p c\u00f9ng <strong>Smart Calibration<\/strong> \u0111\u1ec3 t\u0103ng n\u1ed5i kh\u1ed1i ch\u1ee7 th\u1ec3 v\u00e0 \u0111i\u1ec1u ch\u1ec9nh m\u00e0u s\u1eafc ph\u00f9 h\u1ee3p v\u1edbi \u0111i\u1ec1u ki\u1ec7n \u00e1nh s\u00e1ng trong ph\u00f2ng, gi\u1eef \u0111\u1ed9 \u1ed5n \u0111\u1ecbnh v\u00e0 t\u1ef1 nhi\u00ean cho h\u00ecnh \u1ea3nh.<\/p>\n<p>&#8211;<strong> Motion Xcelerator 144 Hz<\/strong> gi\u1ea3m thi\u1ec3u hi\u1ec7n t\u01b0\u1ee3ng nh\u00f2e v\u00e0 gi\u1eadt h\u00ecnh, mang \u0111\u1ebfn h\u00ecnh \u1ea3nh m\u01b0\u1ee3t m\u00e0 khi xem c\u00e1c n\u1ed9i dung chuy\u1ec3n \u0111\u1ed9ng nhanh nh\u01b0 th\u1ec3 thao hay game h\u00e0nh \u0111\u1ed9ng.<\/p>\n<p>&#8211; B\u1ed9 ba c\u00f4ng ngh\u1ec7<strong> FreeSync Premium Pro<\/strong>, <strong>Game Motion Plus v\u00e0 ALLM<\/strong> gi\u00fap t\u1ed1i \u01b0u tr\u1ea3i nghi\u1ec7m ch\u01a1i game b\u1eb1ng c\u00e1ch gi\u1ea3m thi\u1ec3u hi\u1ec7n t\u01b0\u1ee3ng gi\u1eadt h\u00ecnh, h\u1ea1 \u0111\u1ed9 tr\u1ec5 \u0111\u1ea7u v\u00e0o v\u00e0 t\u0103ng t\u1ed1c \u0111\u1ed9 ph\u1ea3n h\u1ed3i, mang l\u1ea1i chuy\u1ec3n \u0111\u1ed9ng m\u01b0\u1ee3t m\u00e0, khung h\u00ecnh \u1ed5n \u0111\u1ecbnh v\u00e0 kh\u1ea3 n\u0103ng \u0111i\u1ec1u khi\u1ec3n ch\u00ednh x\u00e1c trong t\u1eebng pha h\u00e0nh \u0111\u1ed9ng nhanh.<\/p>\n<p><img decoding=\"async\" class=\"alignnone wp-image-5231\" src=\"https:\/\/tivi-samsung.com\/wp-content\/uploads\/2025\/09\/smart-tivi-neo-qled-samsung-ai-4k-75-inch-qa75qn80f-3-638886893310418656-300x168.jpg\" alt=\"\" width=\"1843\" height=\"1032\" srcset=\"https:\/\/tivi-samsung.com\/wp-content\/uploads\/2025\/09\/smart-tivi-neo-qled-samsung-ai-4k-75-inch-qa75qn80f-3-638886893310418656-300x168.jpg 300w, https:\/\/tivi-samsung.com\/wp-content\/uploads\/2025\/09\/smart-tivi-neo-qled-samsung-ai-4k-75-inch-qa75qn80f-3-638886893310418656-768x429.jpg 768w, https:\/\/tivi-samsung.com\/wp-content\/uploads\/2025\/09\/smart-tivi-neo-qled-samsung-ai-4k-75-inch-qa75qn80f-3-638886893310418656-450x251.jpg 450w, https:\/\/tivi-samsung.com\/wp-content\/uploads\/2025\/09\/smart-tivi-neo-qled-samsung-ai-4k-75-inch-qa75qn80f-3-638886893310418656-600x335.jpg 600w, https:\/\/tivi-samsung.com\/wp-content\/uploads\/2025\/09\/smart-tivi-neo-qled-samsung-ai-4k-75-inch-qa75qn80f-3-638886893310418656-150x84.jpg 150w, https:\/\/tivi-samsung.com\/wp-content\/uploads\/2025\/09\/smart-tivi-neo-qled-samsung-ai-4k-75-inch-qa75qn80f-3-638886893310418656.jpg 1020w\" sizes=\"(max-width: 1843px) 100vw, 1843px\" \/><\/p>\n<p><strong>C\u00f4ng ngh\u1ec7 \u00e2m thanh<\/strong><\/p>\n<p>&#8211;<strong> Dolby Atmos<\/strong> t\u1ea1o hi\u1ec7u \u1ee9ng \u00e2m thanh chuy\u1ec3n \u0111\u1ed9ng theo kh\u00f4ng gian ba chi\u1ec1u, cho c\u1ea3m gi\u00e1c \u00e2m thanh \u0111\u1ebfn t\u1eeb nhi\u1ec1u h\u01b0\u1edbng kh\u00e1c nhau, t\u0103ng s\u1ef1 ch\u00e2n th\u1eadt khi xem phim ho\u1eb7c ch\u01b0\u01a1ng tr\u00ecnh th\u1ec3 thao.<\/p>\n<p>&#8211;<strong> Object Tracking Sound Lite<\/strong> t\u00e1i t\u1ea1o \u00e2m thanh theo chuy\u1ec3n \u0111\u1ed9ng c\u1ee7a h\u00ecnh \u1ea3nh tr\u00ean m\u00e0n h\u00ecnh, \u0111\u1ed3ng b\u1ed9 h\u00f3a h\u01b0\u1edbng ph\u00e1t \u00e2m v\u1edbi v\u1ecb tr\u00ed h\u00e0nh \u0111\u1ed9ng, mang l\u1ea1i tr\u1ea3i nghi\u1ec7m nghe s\u1ed1ng \u0111\u1ed9ng, li\u1ec1n m\u1ea1ch v\u00e0 t\u1ef1 nhi\u00ean h\u01a1n cho ng\u01b0\u1eddi xem.<\/p>\n<p><img loading=\"lazy\" decoding=\"async\" class=\"alignnone wp-image-5231\" src=\"https:\/\/tivi-samsung.com\/wp-content\/uploads\/2025\/09\/smart-tivi-neo-qled-samsung-ai-4k-75-inch-qa75qn80f-3-638886893310418656-300x168.jpg\" alt=\"\" width=\"1845\" height=\"1033\" srcset=\"https:\/\/tivi-samsung.com\/wp-content\/uploads\/2025\/09\/smart-tivi-neo-qled-samsung-ai-4k-75-inch-qa75qn80f-3-638886893310418656-300x168.jpg 300w, https:\/\/tivi-samsung.com\/wp-content\/uploads\/2025\/09\/smart-tivi-neo-qled-samsung-ai-4k-75-inch-qa75qn80f-3-638886893310418656-768x429.jpg 768w, https:\/\/tivi-samsung.com\/wp-content\/uploads\/2025\/09\/smart-tivi-neo-qled-samsung-ai-4k-75-inch-qa75qn80f-3-638886893310418656-450x251.jpg 450w, https:\/\/tivi-samsung.com\/wp-content\/uploads\/2025\/09\/smart-tivi-neo-qled-samsung-ai-4k-75-inch-qa75qn80f-3-638886893310418656-600x335.jpg 600w, https:\/\/tivi-samsung.com\/wp-content\/uploads\/2025\/09\/smart-tivi-neo-qled-samsung-ai-4k-75-inch-qa75qn80f-3-638886893310418656-150x84.jpg 150w, https:\/\/tivi-samsung.com\/wp-content\/uploads\/2025\/09\/smart-tivi-neo-qled-samsung-ai-4k-75-inch-qa75qn80f-3-638886893310418656.jpg 1020w\" sizes=\"(max-width: 1845px) 100vw, 1845px\" \/><\/p>\n<p>&#8211;<strong> Q-Symphony Next<\/strong> cho ph\u00e9p loa tivi ho\u1ea1t \u0111\u1ed9ng \u0111\u1ed3ng b\u1ed9 v\u1edbi loa thanh Samsung t\u01b0\u01a1ng th\u00edch, m\u1edf r\u1ed9ng d\u1ea3i \u00e2m v\u00e0 t\u0103ng c\u01b0\u1eddng \u0111\u1ed9 r\u00f5 n\u00e9t cho \u00e2m thanh t\u1ed5ng th\u1ec3.<\/p>\n<p>&#8211; <strong>Adaptive Sound Pro<\/strong> t\u1ef1 \u0111\u1ed9ng \u0111i\u1ec1u ch\u1ec9nh ch\u1ea5t \u00e2m d\u1ef1a tr\u00ean th\u1ec3 lo\u1ea1i n\u1ed9i dung, t\u1eeb l\u1eddi tho\u1ea1i \u0111\u1ebfn nh\u1ea1c n\u1ec1n, mang l\u1ea1i s\u1ef1 ph\u00f9 h\u1ee3p t\u1ed1i \u01b0u v\u1edbi t\u1eebng t\u00ecnh hu\u1ed1ng xem.<\/p>\n<p>&#8211;<strong> Active Voice Amplifier Pro<\/strong> nh\u1eadn bi\u1ebft \u00e2m thanh m\u00f4i tr\u01b0\u1eddng v\u00e0 t\u0103ng \u00e2m l\u01b0\u1ee3ng h\u1ed9i tho\u1ea1i \u0111\u1ec3 b\u1ea1n nghe r\u00f5 t\u1eebng c\u00e2u n\u00f3i ngay c\u1ea3 trong kh\u00f4ng gian c\u00f3 ti\u1ebfng \u1ed3n.<\/p>\n<p><img loading=\"lazy\" decoding=\"async\" class=\"alignnone wp-image-5225\" src=\"https:\/\/tivi-samsung.com\/wp-content\/uploads\/2025\/09\/d44c62c5d5b764aaa10d058531b39b2e-300x168.jpg\" alt=\"\" width=\"1845\" height=\"1033\" srcset=\"https:\/\/tivi-samsung.com\/wp-content\/uploads\/2025\/09\/d44c62c5d5b764aaa10d058531b39b2e-300x168.jpg 300w, https:\/\/tivi-samsung.com\/wp-content\/uploads\/2025\/09\/d44c62c5d5b764aaa10d058531b39b2e-768x429.jpg 768w, https:\/\/tivi-samsung.com\/wp-content\/uploads\/2025\/09\/d44c62c5d5b764aaa10d058531b39b2e-450x251.jpg 450w, https:\/\/tivi-samsung.com\/wp-content\/uploads\/2025\/09\/d44c62c5d5b764aaa10d058531b39b2e-600x335.jpg 600w, https:\/\/tivi-samsung.com\/wp-content\/uploads\/2025\/09\/d44c62c5d5b764aaa10d058531b39b2e-150x84.jpg 150w, https:\/\/tivi-samsung.com\/wp-content\/uploads\/2025\/09\/d44c62c5d5b764aaa10d058531b39b2e.jpg 1020w\" sizes=\"(max-width: 1845px) 100vw, 1845px\" \/><\/p>\n<p><strong>H\u1ec7 \u0111i\u1ec1u h\u00e0nh<\/strong><\/p>\n<p>&#8211; Tivi Samsung s\u1eed d\u1ee5ng h\u1ec7 \u0111i\u1ec1u h\u00e0nh <strong>Tizen\u2122<\/strong> v\u1edbi giao di\u1ec7n hi\u1ec7n \u0111\u1ea1i, thao t\u00e1c m\u01b0\u1ee3t m\u00e0 v\u00e0 t\u1ed1c \u0111\u1ed9 ph\u1ea3n h\u1ed3i nhanh, gi\u00fap ng\u01b0\u1eddi d\u00f9ng d\u1ec5 d\u00e0ng l\u00e0m quen v\u00e0 s\u1eed d\u1ee5ng h\u1eb1ng ng\u00e0y.<\/p>\n<p>&#8211; H\u1ed7 tr\u1ee3 c\u00e1c \u1ee9ng d\u1ee5ng gi\u1ea3i tr\u00ed ph\u1ed5 bi\u1ebfn nh\u01b0: <strong>YouTube, Netflix, FPT Play, TV360, VieON,\u2026<\/strong> \u0111\u00e1p \u1ee9ng nhu c\u1ea7u xem phim, nghe nh\u1ea1c, theo d\u00f5i truy\u1ec1n h\u00ecnh tr\u1ef1c tuy\u1ebfn ti\u1ec7n l\u1ee3i.<\/p>\n<p><img loading=\"lazy\" decoding=\"async\" class=\"alignnone wp-image-5224\" src=\"https:\/\/tivi-samsung.com\/wp-content\/uploads\/2025\/09\/b9d6c07c9a5b33db0ad9c7ae35d7ba3f-300x168.jpg\" alt=\"\" width=\"1843\" height=\"1032\" srcset=\"https:\/\/tivi-samsung.com\/wp-content\/uploads\/2025\/09\/b9d6c07c9a5b33db0ad9c7ae35d7ba3f-300x168.jpg 300w, https:\/\/tivi-samsung.com\/wp-content\/uploads\/2025\/09\/b9d6c07c9a5b33db0ad9c7ae35d7ba3f-768x429.jpg 768w, https:\/\/tivi-samsung.com\/wp-content\/uploads\/2025\/09\/b9d6c07c9a5b33db0ad9c7ae35d7ba3f-450x251.jpg 450w, https:\/\/tivi-samsung.com\/wp-content\/uploads\/2025\/09\/b9d6c07c9a5b33db0ad9c7ae35d7ba3f-600x335.jpg 600w, https:\/\/tivi-samsung.com\/wp-content\/uploads\/2025\/09\/b9d6c07c9a5b33db0ad9c7ae35d7ba3f-150x84.jpg 150w, https:\/\/tivi-samsung.com\/wp-content\/uploads\/2025\/09\/b9d6c07c9a5b33db0ad9c7ae35d7ba3f.jpg 1020w\" sizes=\"(max-width: 1843px) 100vw, 1843px\" \/><\/p>\n<p><strong>Ti\u1ec7n \u00edch<\/strong><\/p>\n<p>&#8211; <strong>One Remote Control<\/strong> trang b\u1ecb pin s\u1ea1c b\u1eb1ng n\u0103ng l\u01b0\u1ee3ng m\u1eb7t tr\u1eddi, d\u1ec5 s\u1eed d\u1ee5ng v\u00e0 th\u00e2n thi\u1ec7n m\u00f4i tr\u01b0\u1eddng. \u0110\u1ed3ng th\u1eddi remote c\u00f2n t\u00edch h\u1ee3p micro v\u00e0 tr\u1ee3 l\u00fd \u1ea3o Bixby ti\u1ebfng Vi\u1ec7t, h\u1ed7 tr\u1ee3 \u0111i\u1ec1u khi\u1ec3n tivi b\u1eb1ng gi\u1ecdng n\u00f3i d\u1ec5 d\u00e0ng.<\/p>\n<p>&#8211; <strong>SmartThings<\/strong> cho ph\u00e9p ng\u01b0\u1eddi d\u00f9ng qu\u1ea3n l\u00fd tivi <strong>Samsung Neo QLED<\/strong> v\u00e0 c\u00e1c thi\u1ebft b\u1ecb th\u00f4ng minh Samsung trong c\u00f9ng h\u1ec7 sinh th\u00e1i t\u1eeb m\u1ed9t giao di\u1ec7n trung t\u00e2m, d\u1ec5 quan s\u00e1t v\u00e0 \u0111i\u1ec1u ch\u1ec9nh.<\/p>\n<p>&#8211; <strong>AirPlay 2<\/strong> h\u1ed7 tr\u1ee3 chi\u1ebfu n\u1ed9i dung t\u1eeb thi\u1ebft b\u1ecb Apple l\u00ean tivi m\u1ed9t c\u00e1ch nhanh ch\u00f3ng, ti\u1ec7n l\u1ee3i cho h\u1ecdc t\u1eadp, l\u00e0m vi\u1ec7c ho\u1eb7c chia s\u1ebb gi\u1ea3i tr\u00ed c\u00e1 nh\u00e2n.<\/p>\n<p>&#8211; <strong>Universal Gestures<\/strong> cho ph\u00e9p \u0111i\u1ec1u khi\u1ec3n tivi b\u1eb1ng c\u1eed ch\u1ec9 tay khi k\u1ebft n\u1ed1i v\u1edbi \u0111\u1ed3ng h\u1ed3 th\u00f4ng minh <strong>Galaxy Watch<\/strong> (t\u1eeb Watch 4 tr\u1edf l\u00ean), t\u0103ng t\u00ednh t\u01b0\u01a1ng t\u00e1c v\u00e0 ti\u1ec7n d\u1ee5ng.<\/p>\n<p>&#8211; <strong>Multi View<\/strong> chia \u0111\u00f4i m\u00e0n h\u00ecnh \u0111\u1ec3 theo d\u00f5i hai n\u1ed9i dung c\u00f9ng l\u00fac, ph\u00f9 h\u1ee3p cho ng\u01b0\u1eddi d\u00f9ng c\u00f3 nhu c\u1ea7u theo d\u00f5i tin t\u1ee9c, xem tivi v\u00e0 s\u1eed d\u1ee5ng \u1ee9ng d\u1ee5ng \u0111\u1ed3ng th\u1eddi.<\/p>\n<p><img loading=\"lazy\" decoding=\"async\" class=\"alignnone wp-image-5230\" src=\"https:\/\/tivi-samsung.com\/wp-content\/uploads\/2025\/09\/66c520078e1bcc2c8b96c1c701e8731b-300x168.jpg\" alt=\"\" width=\"1843\" height=\"1032\" srcset=\"https:\/\/tivi-samsung.com\/wp-content\/uploads\/2025\/09\/66c520078e1bcc2c8b96c1c701e8731b-300x168.jpg 300w, https:\/\/tivi-samsung.com\/wp-content\/uploads\/2025\/09\/66c520078e1bcc2c8b96c1c701e8731b-768x429.jpg 768w, https:\/\/tivi-samsung.com\/wp-content\/uploads\/2025\/09\/66c520078e1bcc2c8b96c1c701e8731b-450x251.jpg 450w, https:\/\/tivi-samsung.com\/wp-content\/uploads\/2025\/09\/66c520078e1bcc2c8b96c1c701e8731b-600x335.jpg 600w, https:\/\/tivi-samsung.com\/wp-content\/uploads\/2025\/09\/66c520078e1bcc2c8b96c1c701e8731b-150x84.jpg 150w, https:\/\/tivi-samsung.com\/wp-content\/uploads\/2025\/09\/66c520078e1bcc2c8b96c1c701e8731b.jpg 1020w\" sizes=\"(max-width: 1843px) 100vw, 1843px\" \/><\/p>\n<p><em><strong>Smart Tivi Samsung Neo QLED 4K 65 inch QA65QN80F<\/strong> l\u00e0 l\u1ef1a ch\u1ecdn \u0111\u00e1ng c\u00e2n nh\u1eafc cho c\u00e1c gia \u0111\u00ecnh hi\u1ec7n \u0111\u1ea1i y\u00eau th\u00edch tr\u1ea3i nghi\u1ec7m h\u00ecnh \u1ea3nh s\u1eafc n\u00e9t v\u00e0 \u00e2m thanh v\u00f2m s\u1ed1ng \u0111\u1ed9ng. V\u1edbi s\u1ef1 k\u1ebft h\u1ee3p c\u1ee7a c\u00f4ng ngh\u1ec7 \u0111\u00e8n n\u1ec1n Mini LED, b\u1ed9 x\u1eed l\u00fd AI th\u00f4ng minh v\u00e0 h\u1ec7 \u0111i\u1ec1u h\u00e0nh Tizen th\u00e2n thi\u1ec7n, s\u1ea3n ph\u1ea9m \u0111\u00e1p \u1ee9ng t\u1ed1t c\u00e1c nhu c\u1ea7u xem phim, ch\u01a1i game l\u1eabn k\u1ebft n\u1ed1i thi\u1ebft b\u1ecb th\u00f4ng minh trong c\u00f9ng kh\u00f4ng gian gi\u1ea3i tr\u00ed.<\/em><\/p>\n<p><script src=\"chrome-extension:\/\/fpelahbljekknahkcaegamhcndkfpfnc\/iFrame.js\" type=\"text\/javascript\"><\/script><\/p>\n<p><script src=\"chrome-extension:\/\/fpelahbljekknahkcaegamhcndkfpfnc\/iFrame.js\" type=\"text\/javascript\"><\/script><\/p>\n<p><script src=\"chrome-extension:\/\/fpelahbljekknahkcaegamhcndkfpfnc\/iFrame.js\" type=\"text\/javascript\"><\/script><\/p>\n","protected":false},"excerpt":{"rendered":"<p>&nbsp;<\/p>\n<p><script src=\"chrome-extension:\/\/fpelahbljekknahkcaegamhcndkfpfnc\/iFrame.js\" type=\"text\/javascript\"><\/script><\/p>\n<p><script src=\"chrome-extension:\/\/fpelahbljekknahkcaegamhcndkfpfnc\/iFrame.js\" type=\"text\/javascript\"><\/script><\/p>\n<p><script src=\"chrome-extension:\/\/fpelahbljekknahkcaegamhcndkfpfnc\/iFrame.js\" type=\"text\/javascript\"><\/script><\/p>\n<p><script src=\"chrome-extension:\/\/fpelahbljekknahkcaegamhcndkfpfnc\/iFrame.js\" type=\"text\/javascript\"><\/script><\/p>\n<p><script src=\"chrome-extension:\/\/fpelahbljekknahkcaegamhcndkfpfnc\/iFrame.js\" type=\"text\/javascript\"><\/script><\/p>\n<p><script src=\"chrome-extension:\/\/fpelahbljekknahkcaegamhcndkfpfnc\/iFrame.js\" type=\"text\/javascript\"><\/script><\/p>\n<p><script src=\"chrome-extension:\/\/fpelahbljekknahkcaegamhcndkfpfnc\/iFrame.js\" type=\"text\/javascript\"><\/script><\/p>\n","protected":false},"featured_media":6251,"comment_status":"open","ping_status":"closed","template":"","meta":[],"product_brand":[88],"product_cat":[68,76,139],"product_tag":[],"class_list":{"0":"post-4463","1":"product","2":"type-product","3":"status-publish","4":"has-post-thumbnail","6":"product_brand-samsung","7":"product_cat-smart-tv","8":"product_cat-televisions","9":"product_cat-tv-neo-qled","10":"pa_kich-co-man-hinh-65-inch","12":"first","13":"instock","14":"sale","15":"shipping-taxable","16":"purchasable","17":"product-type-simple"},"_links":{"self":[{"href":"https:\/\/tivi-samsung.com\/index.php?rest_route=\/wp\/v2\/product\/4463","targetHints":{"allow":["GET"]}}],"collection":[{"href":"https:\/\/tivi-samsung.com\/index.php?rest_route=\/wp\/v2\/product"}],"about":[{"href":"https:\/\/tivi-samsung.com\/index.php?rest_route=\/wp\/v2\/types\/product"}],"replies":[{"embeddable":true,"href":"https:\/\/tivi-samsung.com\/index.php?rest_route=%2Fwp%2Fv2%2Fcomments&post=4463"}],"version-history":[{"count":10,"href":"https:\/\/tivi-samsung.com\/index.php?rest_route=\/wp\/v2\/product\/4463\/revisions"}],"predecessor-version":[{"id":8398,"href":"https:\/\/tivi-samsung.com\/index.php?rest_route=\/wp\/v2\/product\/4463\/revisions\/8398"}],"wp:featuredmedia":[{"embeddable":true,"href":"https:\/\/tivi-samsung.com\/index.php?rest_route=\/wp\/v2\/media\/6251"}],"wp:attachment":[{"href":"https:\/\/tivi-samsung.com\/index.php?rest_route=%2Fwp%2Fv2%2Fmedia&parent=4463"}],"wp:term":[{"taxonomy":"product_brand","embeddable":true,"href":"https:\/\/tivi-samsung.com\/index.php?rest_route=%2Fwp%2Fv2%2Fproduct_brand&post=4463"},{"taxonomy":"product_cat","embeddable":true,"href":"https:\/\/tivi-samsung.com\/index.php?rest_route=%2Fwp%2Fv2%2Fproduct_cat&post=4463"},{"taxonomy":"product_tag","embeddable":true,"href":"https:\/\/tivi-samsung.com\/index.php?rest_route=%2Fwp%2Fv2%2Fproduct_tag&post=4463"}],"curies":[{"name":"wp","href":"https:\/\/api.w.org\/{rel}","templated":true}]}}