{"id":4380,"date":"2025-09-16T18:39:41","date_gmt":"2025-09-16T18:39:41","guid":{"rendered":"https:\/\/tivi-samsung.com\/?post_type=product&#038;p=4380"},"modified":"2025-10-14T23:27:45","modified_gmt":"2025-10-14T16:27:45","slug":"smart-tivi-neo-qled-samsung-ai-4k-55-inch-qa55qn85d","status":"publish","type":"product","link":"https:\/\/tivi-samsung.com\/?product=smart-tivi-neo-qled-samsung-ai-4k-55-inch-qa55qn85d","title":{"rendered":"Smart Tivi Neo QLED Samsung AI 4K 55 inch QA55QN85D"},"content":{"rendered":"<p><strong>Th\u00f4ng tin s\u1ea3n ph\u1ea9m<\/strong><\/p>\n<p><a href=\"https:\/\/tokoo.vn\/danh-muc\/samsung-tvs\/\" target=\"_blank\" rel=\"noopener\"><strong>Smart Tivi Neo QLED Samsung 4K 55 inch QA55QN85D<\/strong><\/a> v\u1edbi thi\u1ebft k\u1ebf tinh t\u1ebf, m\u1ecfng nh\u1eb9 v\u00e0 sang tr\u1ecdng. B\u1ed9 x\u1eed l\u00fd <strong>AI NQ4<\/strong> th\u1ebf h\u1ec7 2 t\u00e1i t\u1ea1o h\u00ecnh \u1ea3nh 4K s\u1eafc n\u00e9t. C\u00f4ng ngh\u1ec7 Quantum Matrix gi\u00fap t\u0103ng \u0111\u1ed9 t\u01b0\u01a1ng ph\u1ea3n c\u1ee7a h\u00ecnh \u1ea3nh, c\u00f4ng ngh\u1ec7 Neo Quantum HDR mang \u0111\u1ebfn m\u00e0u s\u1eafc phong ph\u00fa v\u00e0 s\u1ed1ng \u0111\u1ed9ng. Ngo\u00e0i ra, tivi n\u00e0y c\u00f2n t\u00edch h\u1ee3p c\u00f4ng ngh\u1ec7 \u00e2m thanh <strong>Dolby Atmos<\/strong>, mang \u0111\u1ebfn tr\u1ea3i nghi\u1ec7m \u00e2m thanh v\u00f2m nh\u01b0 \u0111ang \u1edf trong r\u1ea1p chi\u1ebfu phim. V\u1edbi h\u1ec7 \u0111i\u1ec1u h\u00e0nh <strong>Tizen\u2122<\/strong>, b\u1ea1n c\u00f3 th\u1ec3 thao t\u00e1c m\u1ed9t c\u00e1ch d\u1ec5 d\u00e0ng.<\/p>\n<p><strong>Thi\u1ebft k\u1ebf<\/strong><\/p>\n<p>&#8211; <strong>Tivi Samsung<\/strong> mang \u0111\u1ebfn cho b\u1ea1n m\u1ed9t kh\u00f4ng gian s\u1ed1ng sang tr\u1ecdng v\u00e0 cao c\u1ea5p v\u1edbi thi\u1ebft k\u1ebf hi\u1ec7n \u0111\u1ea1i, tinh x\u1ea3o v\u00e0 ho\u00e0n thi\u1ec7n.<\/p>\n<p>&#8211; M\u00e0n h\u00ecnh 55 inch c\u00f9ng ch\u00e2n \u0111\u1ebf kim lo\u1ea1i ch\u1eafc ch\u1eafn gi\u00fap tivi \u0111\u1ee9ng v\u1eefng tr\u00ean k\u1ec7 t\u1ee7, ho\u1eb7c c\u00f3 th\u1ec3 treo l\u00ean t\u01b0\u1eddng \u0111\u1ec3 t\u1ea1o kh\u00f4ng gian r\u1ed9ng r\u00e3i v\u00e0 th\u1eddi th\u01b0\u1ee3ng h\u01a1n.<\/p>\n<p><img fetchpriority=\"high\" decoding=\"async\" class=\"alignnone wp-image-6253\" src=\"https:\/\/tivi-samsung.com\/wp-content\/uploads\/2025\/09\/Frame30-1020x570-2-300x168.jpg\" alt=\"\" width=\"995\" height=\"557\" srcset=\"https:\/\/tivi-samsung.com\/wp-content\/uploads\/2025\/09\/Frame30-1020x570-2-300x168.jpg 300w, https:\/\/tivi-samsung.com\/wp-content\/uploads\/2025\/09\/Frame30-1020x570-2-768x429.jpg 768w, https:\/\/tivi-samsung.com\/wp-content\/uploads\/2025\/09\/Frame30-1020x570-2-450x251.jpg 450w, https:\/\/tivi-samsung.com\/wp-content\/uploads\/2025\/09\/Frame30-1020x570-2-600x335.jpg 600w, https:\/\/tivi-samsung.com\/wp-content\/uploads\/2025\/09\/Frame30-1020x570-2-150x84.jpg 150w, https:\/\/tivi-samsung.com\/wp-content\/uploads\/2025\/09\/Frame30-1020x570-2.jpg 1020w\" sizes=\"(max-width: 995px) 100vw, 995px\" \/><\/p>\n<p><strong>C\u00f4ng ngh\u1ec7 h\u00ecnh \u1ea3nh<\/strong><\/p>\n<p>&#8211; Tivi n\u00e0y c\u00f3 \u0111\u1ed9 ph\u00e2n gi\u1ea3i <strong>4K<\/strong>, mang l\u1ea1i h\u00ecnh \u1ea3nh n\u00e9t h\u01a1n g\u1ea5p 4 l\u1ea7n so v\u1edbi <strong>Full HD.<\/strong><\/p>\n<p>&#8211; B\u1ed9 x\u1eed l\u00fd <strong>AI NQ4<\/strong> th\u1ebf h\u1ec7 2 v\u1edbi tr\u00ed tu\u1ec7 nh\u00e2n t\u1ea1o gi\u00fap n\u00e2ng cao ch\u1ea5t l\u01b0\u1ee3ng h\u00ecnh \u1ea3nh l\u00ean ti\u00eau chu\u1ea9n 4K ho\u00e0n h\u1ea3o.<\/p>\n<p>&#8211; C\u00f4ng ngh\u1ec7 <strong>Quantum Matrix<\/strong> gi\u00fap t\u0103ng \u0111\u1ed9 s\u00e1ng cho h\u00ecnh \u1ea3nh, t\u1ea1o ra \u0111\u1ed9 chi ti\u1ebft cao d\u00f9 trong c\u1ea3nh t\u1ed1i hay s\u00e1ng.<\/p>\n<p><img decoding=\"async\" class=\"alignnone wp-image-5241\" src=\"https:\/\/tivi-samsung.com\/wp-content\/uploads\/2025\/09\/smart-tivi-neo-qled-4k-85-inch-samsung-qa85qn85c-090323-031443-1020x570-1-300x168.jpg\" alt=\"\" width=\"1805\" height=\"1011\" srcset=\"https:\/\/tivi-samsung.com\/wp-content\/uploads\/2025\/09\/smart-tivi-neo-qled-4k-85-inch-samsung-qa85qn85c-090323-031443-1020x570-1-300x168.jpg 300w, https:\/\/tivi-samsung.com\/wp-content\/uploads\/2025\/09\/smart-tivi-neo-qled-4k-85-inch-samsung-qa85qn85c-090323-031443-1020x570-1-768x429.jpg 768w, https:\/\/tivi-samsung.com\/wp-content\/uploads\/2025\/09\/smart-tivi-neo-qled-4k-85-inch-samsung-qa85qn85c-090323-031443-1020x570-1-450x251.jpg 450w, https:\/\/tivi-samsung.com\/wp-content\/uploads\/2025\/09\/smart-tivi-neo-qled-4k-85-inch-samsung-qa85qn85c-090323-031443-1020x570-1-600x335.jpg 600w, https:\/\/tivi-samsung.com\/wp-content\/uploads\/2025\/09\/smart-tivi-neo-qled-4k-85-inch-samsung-qa85qn85c-090323-031443-1020x570-1-150x84.jpg 150w, https:\/\/tivi-samsung.com\/wp-content\/uploads\/2025\/09\/smart-tivi-neo-qled-4k-85-inch-samsung-qa85qn85c-090323-031443-1020x570-1.jpg 1020w\" sizes=\"(max-width: 1805px) 100vw, 1805px\" \/><\/p>\n<p>&#8211; <strong>C\u00f4ng ngh\u1ec7 AI HDR Remastering<\/strong> t\u1ef1 \u0111\u1ed9ng n\u00e2ng c\u1ea5p h\u00ecnh \u1ea3nh t\u1eeb <strong>SDR<\/strong> l\u00ean <strong>HDR<\/strong>, l\u00e0m cho chi ti\u1ebft h\u00ecnh \u1ea3nh v\u00e0 m\u00e0u s\u1eafc tr\u1edf n\u00ean s\u1ed1ng \u0111\u1ed9ng h\u01a1n.<\/p>\n<p>&nbsp;<\/p>\n<p>&#8211; <strong>Neo Quantum HDR<\/strong> t\u00e1i hi\u1ec7n h\u00ecnh \u1ea3nh 4K m\u1ed9t c\u00e1ch chu\u1ea9n x\u00e1c, mang \u0111\u1ebfn m\u00e0u s\u1eafc t\u01b0\u01a1i t\u1eafn v\u00e0 \u1ea5n t\u01b0\u1ee3ng.<\/p>\n<p><img decoding=\"async\" class=\"alignnone wp-image-5243\" src=\"https:\/\/tivi-samsung.com\/wp-content\/uploads\/2025\/09\/smart-tivi-neo-qled-8k-65-inch-samsung-qa65qn800c-140323-021934-1020x570-1-300x168.jpg\" alt=\"\" width=\"1804\" height=\"1010\" srcset=\"https:\/\/tivi-samsung.com\/wp-content\/uploads\/2025\/09\/smart-tivi-neo-qled-8k-65-inch-samsung-qa65qn800c-140323-021934-1020x570-1-300x168.jpg 300w, https:\/\/tivi-samsung.com\/wp-content\/uploads\/2025\/09\/smart-tivi-neo-qled-8k-65-inch-samsung-qa65qn800c-140323-021934-1020x570-1-768x429.jpg 768w, https:\/\/tivi-samsung.com\/wp-content\/uploads\/2025\/09\/smart-tivi-neo-qled-8k-65-inch-samsung-qa65qn800c-140323-021934-1020x570-1-450x251.jpg 450w, https:\/\/tivi-samsung.com\/wp-content\/uploads\/2025\/09\/smart-tivi-neo-qled-8k-65-inch-samsung-qa65qn800c-140323-021934-1020x570-1-600x335.jpg 600w, https:\/\/tivi-samsung.com\/wp-content\/uploads\/2025\/09\/smart-tivi-neo-qled-8k-65-inch-samsung-qa65qn800c-140323-021934-1020x570-1-150x84.jpg 150w, https:\/\/tivi-samsung.com\/wp-content\/uploads\/2025\/09\/smart-tivi-neo-qled-8k-65-inch-samsung-qa65qn800c-140323-021934-1020x570-1.jpg 1020w\" sizes=\"(max-width: 1804px) 100vw, 1804px\" \/><\/p>\n<p>&#8211; <strong>Motion Xcelerator<\/strong> v\u00e0 t\u1ea7n s\u1ed1 qu\u00e9t <strong>120 Hz<\/strong> gi\u00fap ng\u01b0\u1eddi xem th\u01b0\u1edfng th\u1ee9c nh\u1eefng pha h\u00e0nh \u0111\u1ed9ng m\u01b0\u1ee3t m\u00e0, kh\u00f4ng b\u1ecb m\u1edd hay gi\u1eadt lag.<\/p>\n<p>&nbsp;<\/p>\n<p>&#8211; C\u00f4ng ngh\u1ec7 <strong>FreeSync Premium Pro<\/strong> v\u00e0 ch\u1ebf \u0111\u1ed9 <strong>Auto Low Latency Mode (ALLM)<\/strong> mang \u0111\u1ebfn tr\u1ea3i nghi\u1ec7m ch\u01a1i game v\u1edbi hi\u1ec7u su\u1ea5t cao, \u0111\u1ed9 tr\u1ec5 th\u1ea5p v\u00e0 h\u00ecnh \u1ea3nh HDR tuy\u1ec7t v\u1eddi.<\/p>\n<p><img loading=\"lazy\" decoding=\"async\" class=\"alignnone wp-image-5240\" src=\"https:\/\/tivi-samsung.com\/wp-content\/uploads\/2025\/09\/Frame34-1020x570-1-300x168.jpg\" alt=\"\" width=\"1804\" height=\"1010\" srcset=\"https:\/\/tivi-samsung.com\/wp-content\/uploads\/2025\/09\/Frame34-1020x570-1-300x168.jpg 300w, https:\/\/tivi-samsung.com\/wp-content\/uploads\/2025\/09\/Frame34-1020x570-1-768x429.jpg 768w, https:\/\/tivi-samsung.com\/wp-content\/uploads\/2025\/09\/Frame34-1020x570-1-450x251.jpg 450w, https:\/\/tivi-samsung.com\/wp-content\/uploads\/2025\/09\/Frame34-1020x570-1-600x335.jpg 600w, https:\/\/tivi-samsung.com\/wp-content\/uploads\/2025\/09\/Frame34-1020x570-1-150x84.jpg 150w, https:\/\/tivi-samsung.com\/wp-content\/uploads\/2025\/09\/Frame34-1020x570-1.jpg 1020w\" sizes=\"(max-width: 1804px) 100vw, 1804px\" \/><\/p>\n<p><strong>C\u00f4ng ngh\u1ec7 \u00e2m thanh<\/strong><\/p>\n<p>&#8211; V\u1ec1 \u00e2m thanh, tivi <strong>Samsung 4K<\/strong> n\u00e0y c\u00f3 t\u1ed5ng c\u00f4ng su\u1ea5t 40W, t\u00e1i t\u1ea1o \u00e2m thanh m\u1ea1nh m\u1ebd v\u00e0 s\u1ed1ng \u0111\u1ed9ng.<\/p>\n<p>&nbsp;<\/p>\n<p>&#8211; C\u00f4ng ngh\u1ec7 <strong>OTS<\/strong> v\u00e0<strong> Dolby Atmo<\/strong>s \u0111\u1ec3 mang \u0111\u1ebfn tr\u1ea3i nghi\u1ec7m \u00e2m thanh <strong>3D<\/strong> si\u00eau th\u1ef1c.<\/p>\n<p><img loading=\"lazy\" decoding=\"async\" class=\"alignnone wp-image-5242\" src=\"https:\/\/tivi-samsung.com\/wp-content\/uploads\/2025\/09\/smart-tivi-neo-qled-4k-85-inch-samsung-qa85qn85c-090323-031958-1020x570-1-300x168.jpg\" alt=\"\" width=\"1798\" height=\"1007\" srcset=\"https:\/\/tivi-samsung.com\/wp-content\/uploads\/2025\/09\/smart-tivi-neo-qled-4k-85-inch-samsung-qa85qn85c-090323-031958-1020x570-1-300x168.jpg 300w, https:\/\/tivi-samsung.com\/wp-content\/uploads\/2025\/09\/smart-tivi-neo-qled-4k-85-inch-samsung-qa85qn85c-090323-031958-1020x570-1-768x429.jpg 768w, https:\/\/tivi-samsung.com\/wp-content\/uploads\/2025\/09\/smart-tivi-neo-qled-4k-85-inch-samsung-qa85qn85c-090323-031958-1020x570-1-450x251.jpg 450w, https:\/\/tivi-samsung.com\/wp-content\/uploads\/2025\/09\/smart-tivi-neo-qled-4k-85-inch-samsung-qa85qn85c-090323-031958-1020x570-1-600x335.jpg 600w, https:\/\/tivi-samsung.com\/wp-content\/uploads\/2025\/09\/smart-tivi-neo-qled-4k-85-inch-samsung-qa85qn85c-090323-031958-1020x570-1-150x84.jpg 150w, https:\/\/tivi-samsung.com\/wp-content\/uploads\/2025\/09\/smart-tivi-neo-qled-4k-85-inch-samsung-qa85qn85c-090323-031958-1020x570-1.jpg 1020w\" sizes=\"(max-width: 1798px) 100vw, 1798px\" \/><\/p>\n<p>&#8211; <strong>Q-Symphony Nex<\/strong>t k\u1ebft h\u1ee3p loa tivi v\u1edbi loa thanh b\u1eb1ng AI \u0111\u1ed3ng b\u1ed9 h\u00f3a loa thanh v\u00e0 d\u00e0n loa tivi \u0111\u1ec3 t\u1ea1o ra \u00e2m thanh m\u1ea1nh m\u1ebd.<\/p>\n<p>&nbsp;<\/p>\n<p>&#8211; <strong>Active Voice Amplifie<\/strong>r t\u0103ng c\u01b0\u1eddng \u00e2m tho\u1ea1i khi m\u00f4i tr\u01b0\u1eddng xung quanh \u1ed3n \u00e0o.<\/p>\n<p><img loading=\"lazy\" decoding=\"async\" class=\"alignnone wp-image-5244\" src=\"https:\/\/tivi-samsung.com\/wp-content\/uploads\/2025\/09\/smart-tivi-neo-qled-8k-85-inch-samsung-qa85qn800c-200323-114718-1020x570-1-300x168.jpg\" alt=\"\" width=\"1798\" height=\"1007\" srcset=\"https:\/\/tivi-samsung.com\/wp-content\/uploads\/2025\/09\/smart-tivi-neo-qled-8k-85-inch-samsung-qa85qn800c-200323-114718-1020x570-1-300x168.jpg 300w, https:\/\/tivi-samsung.com\/wp-content\/uploads\/2025\/09\/smart-tivi-neo-qled-8k-85-inch-samsung-qa85qn800c-200323-114718-1020x570-1-768x429.jpg 768w, https:\/\/tivi-samsung.com\/wp-content\/uploads\/2025\/09\/smart-tivi-neo-qled-8k-85-inch-samsung-qa85qn800c-200323-114718-1020x570-1-450x251.jpg 450w, https:\/\/tivi-samsung.com\/wp-content\/uploads\/2025\/09\/smart-tivi-neo-qled-8k-85-inch-samsung-qa85qn800c-200323-114718-1020x570-1-600x335.jpg 600w, https:\/\/tivi-samsung.com\/wp-content\/uploads\/2025\/09\/smart-tivi-neo-qled-8k-85-inch-samsung-qa85qn800c-200323-114718-1020x570-1-150x84.jpg 150w, https:\/\/tivi-samsung.com\/wp-content\/uploads\/2025\/09\/smart-tivi-neo-qled-8k-85-inch-samsung-qa85qn800c-200323-114718-1020x570-1.jpg 1020w\" sizes=\"(max-width: 1798px) 100vw, 1798px\" \/><\/p>\n<p><strong>H\u1ec7 \u0111i\u1ec1u h\u00e0nh<\/strong><\/p>\n<p>H\u1ec7 \u0111i\u1ec1u h\u00e0nh <strong>Tizen\u2122<\/strong> c\u1ee7a tivi c\u00f3 giao di\u1ec7n tr\u1ef1c quan, gi\u00fap ng\u01b0\u1eddi d\u00f9ng d\u1ec5 d\u00e0ng t\u00ecm ki\u1ebfm n\u1ed9i dung v\u00e0 \u1ee9ng d\u1ee5ng. Th\u01b0 vi\u1ec7n \u1ee9ng d\u1ee5ng phong ph\u00fa cung c\u1ea5p nhi\u1ec1u l\u1ef1a ch\u1ecdn gi\u1ea3i tr\u00ed cho ng\u01b0\u1eddi d\u00f9ng.<\/p>\n<p><img loading=\"lazy\" decoding=\"async\" class=\"alignnone wp-image-5238\" src=\"https:\/\/tivi-samsung.com\/wp-content\/uploads\/2025\/09\/Frame31-1020x570-1-300x168.jpg\" alt=\"\" width=\"1795\" height=\"1005\" srcset=\"https:\/\/tivi-samsung.com\/wp-content\/uploads\/2025\/09\/Frame31-1020x570-1-300x168.jpg 300w, https:\/\/tivi-samsung.com\/wp-content\/uploads\/2025\/09\/Frame31-1020x570-1-768x429.jpg 768w, https:\/\/tivi-samsung.com\/wp-content\/uploads\/2025\/09\/Frame31-1020x570-1-450x251.jpg 450w, https:\/\/tivi-samsung.com\/wp-content\/uploads\/2025\/09\/Frame31-1020x570-1-600x335.jpg 600w, https:\/\/tivi-samsung.com\/wp-content\/uploads\/2025\/09\/Frame31-1020x570-1-150x84.jpg 150w, https:\/\/tivi-samsung.com\/wp-content\/uploads\/2025\/09\/Frame31-1020x570-1.jpg 1020w\" sizes=\"(max-width: 1795px) 100vw, 1795px\" \/><\/p>\n<p><strong>Ti\u1ec7n \u00edch th\u00f4ng minh<\/strong><\/p>\n<p>&#8211; B\u1ea1n c\u00f3 th\u1ec3 s\u1eed d\u1ee5ng tr\u1ee3 l\u00fd gi\u1ecdng n\u00f3i <strong>Bixby<\/strong> \u0111\u1ec3 \u0111i\u1ec1u ch\u1ec9nh tivi m\u1ed9t c\u00e1ch \u0111\u01a1n gi\u1ea3n v\u00e0 nhanh ch\u00f3ng.<\/p>\n<p>&#8211; \u0110i\u1ec1u khi\u1ec3n<strong> One Remote Control t<\/strong>\u00edch h\u1ee3p<strong> Solar Cell Remote<\/strong> c\u00f3 th\u1ec3 n\u1ea1p \u0111\u1ea7y n\u0103ng l\u01b0\u1ee3ng t\u1eeb b\u1ea5t k\u1ef3 ngu\u1ed3n s\u00e1ng n\u00e0o.<\/p>\n<p>&#8211; <strong>SmartThings<\/strong> cho ph\u00e9p b\u1ea1n theo d\u00f5i v\u00e0 ki\u1ec3m so\u00e1t c\u00e1c thi\u1ebft b\u1ecb \u0111i\u1ec7n t\u1eed trong nh\u00e0 m\u1ed9t c\u00e1ch ti\u1ec7n l\u1ee3i.<\/p>\n<p>&#8211; T\u00ednh n\u0103ng <strong>Multi View<\/strong> cho ph\u00e9p b\u1ea1n chia m\u00e0n h\u00ecnh tivi th\u00e0nh hai m\u00e0n h\u00ecnh nh\u1ecf \u0111\u1ec3 xem n\u1ed9i dung t\u1eeb tivi v\u00e0 thi\u1ebft b\u1ecb di \u0111\u1ed9ng c\u00f9ng m\u1ed9t l\u00fac.<\/p>\n<p>&#8211; Ngo\u00e0i ra, tivi c\u00f2n h\u1ed7 tr\u1ee3 truy\u1ec1n ph\u00e1t \u00e2m thanh, h\u00ecnh \u1ea3nh v\u00e0 video t\u1eeb \u0111i\u1ec7n tho\u1ea1i l\u00ean tivi th\u00f4ng qua<strong> AirPlay 2.<\/strong><\/p>\n<p><img loading=\"lazy\" decoding=\"async\" class=\"alignnone wp-image-5239\" src=\"https:\/\/tivi-samsung.com\/wp-content\/uploads\/2025\/09\/Frame33-1020x570-1-300x168.jpg\" alt=\"\" width=\"1457\" height=\"816\" srcset=\"https:\/\/tivi-samsung.com\/wp-content\/uploads\/2025\/09\/Frame33-1020x570-1-300x168.jpg 300w, https:\/\/tivi-samsung.com\/wp-content\/uploads\/2025\/09\/Frame33-1020x570-1-768x429.jpg 768w, https:\/\/tivi-samsung.com\/wp-content\/uploads\/2025\/09\/Frame33-1020x570-1-450x251.jpg 450w, https:\/\/tivi-samsung.com\/wp-content\/uploads\/2025\/09\/Frame33-1020x570-1-600x335.jpg 600w, https:\/\/tivi-samsung.com\/wp-content\/uploads\/2025\/09\/Frame33-1020x570-1-150x84.jpg 150w, https:\/\/tivi-samsung.com\/wp-content\/uploads\/2025\/09\/Frame33-1020x570-1.jpg 1020w\" sizes=\"(max-width: 1457px) 100vw, 1457px\" \/><\/p>\n<p><em><strong>Smart Tivi Neo QLED 4K 55 inch QA55QN85D v<\/strong>\u1edbi thi\u1ebft k\u1ebf si\u00eau m\u1ecfng, hi\u1ec3n th\u1ecb 4K, \u00e2m thanh \u0111a chi\u1ec1u s\u1ed1ng \u0111\u1ed9ng v\u00e0 nhi\u1ec1u ti\u1ec7n \u00edch h\u1ed7 tr\u1ee3, tivi n\u00e0y l\u00e0 l\u1ef1a ch\u1ecdn ph\u00f9 h\u1ee3p cho m\u1ecdi gia \u0111\u00ecnh Vi\u1ec7t.<\/em><\/p>\n<p>&nbsp;<\/p>\n<p><script src=\"chrome-extension:\/\/fpelahbljekknahkcaegamhcndkfpfnc\/iFrame.js\" type=\"text\/javascript\"><\/script><\/p>\n<p><script src=\"chrome-extension:\/\/fpelahbljekknahkcaegamhcndkfpfnc\/iFrame.js\" type=\"text\/javascript\"><\/script><\/p>\n","protected":false},"excerpt":{"rendered":"<p>&nbsp;<\/p>\n<p><script src=\"chrome-extension:\/\/fpelahbljekknahkcaegamhcndkfpfnc\/iFrame.js\" type=\"text\/javascript\"><\/script><\/p>\n<p><script src=\"chrome-extension:\/\/fpelahbljekknahkcaegamhcndkfpfnc\/iFrame.js\" type=\"text\/javascript\"><\/script><\/p>\n<p><script src=\"chrome-extension:\/\/fpelahbljekknahkcaegamhcndkfpfnc\/iFrame.js\" type=\"text\/javascript\"><\/script><\/p>\n<p><script src=\"chrome-extension:\/\/fpelahbljekknahkcaegamhcndkfpfnc\/iFrame.js\" type=\"text\/javascript\"><\/script><\/p>\n<p><script src=\"chrome-extension:\/\/fpelahbljekknahkcaegamhcndkfpfnc\/iFrame.js\" type=\"text\/javascript\"><\/script><\/p>\n<p><script src=\"chrome-extension:\/\/fpelahbljekknahkcaegamhcndkfpfnc\/iFrame.js\" type=\"text\/javascript\"><\/script><\/p>\n<p><script src=\"chrome-extension:\/\/fpelahbljekknahkcaegamhcndkfpfnc\/iFrame.js\" type=\"text\/javascript\"><\/script><\/p>\n<p><script src=\"chrome-extension:\/\/fpelahbljekknahkcaegamhcndkfpfnc\/iFrame.js\" type=\"text\/javascript\"><\/script><\/p>\n<p><script src=\"chrome-extension:\/\/fpelahbljekknahkcaegamhcndkfpfnc\/iFrame.js\" type=\"text\/javascript\"><\/script><\/p>\n","protected":false},"featured_media":6196,"comment_status":"open","ping_status":"closed","template":"","meta":[],"product_brand":[88],"product_cat":[68,76,139],"product_tag":[],"class_list":{"0":"post-4380","1":"product","2":"type-product","3":"status-publish","4":"has-post-thumbnail","6":"product_brand-samsung","7":"product_cat-smart-tv","8":"product_cat-televisions","9":"product_cat-tv-neo-qled","10":"pa_kich-co-man-hinh-55-inch","12":"first","13":"instock","14":"shipping-taxable","15":"purchasable","16":"product-type-simple"},"_links":{"self":[{"href":"https:\/\/tivi-samsung.com\/index.php?rest_route=\/wp\/v2\/product\/4380","targetHints":{"allow":["GET"]}}],"collection":[{"href":"https:\/\/tivi-samsung.com\/index.php?rest_route=\/wp\/v2\/product"}],"about":[{"href":"https:\/\/tivi-samsung.com\/index.php?rest_route=\/wp\/v2\/types\/product"}],"replies":[{"embeddable":true,"href":"https:\/\/tivi-samsung.com\/index.php?rest_route=%2Fwp%2Fv2%2Fcomments&post=4380"}],"version-history":[{"count":11,"href":"https:\/\/tivi-samsung.com\/index.php?rest_route=\/wp\/v2\/product\/4380\/revisions"}],"predecessor-version":[{"id":8400,"href":"https:\/\/tivi-samsung.com\/index.php?rest_route=\/wp\/v2\/product\/4380\/revisions\/8400"}],"wp:featuredmedia":[{"embeddable":true,"href":"https:\/\/tivi-samsung.com\/index.php?rest_route=\/wp\/v2\/media\/6196"}],"wp:attachment":[{"href":"https:\/\/tivi-samsung.com\/index.php?rest_route=%2Fwp%2Fv2%2Fmedia&parent=4380"}],"wp:term":[{"taxonomy":"product_brand","embeddable":true,"href":"https:\/\/tivi-samsung.com\/index.php?rest_route=%2Fwp%2Fv2%2Fproduct_brand&post=4380"},{"taxonomy":"product_cat","embeddable":true,"href":"https:\/\/tivi-samsung.com\/index.php?rest_route=%2Fwp%2Fv2%2Fproduct_cat&post=4380"},{"taxonomy":"product_tag","embeddable":true,"href":"https:\/\/tivi-samsung.com\/index.php?rest_route=%2Fwp%2Fv2%2Fproduct_tag&post=4380"}],"curies":[{"name":"wp","href":"https:\/\/api.w.org\/{rel}","templated":true}]}}