{"id":4368,"date":"2025-09-16T18:26:09","date_gmt":"2025-09-16T18:26:09","guid":{"rendered":"https:\/\/tivi-samsung.com\/?post_type=product&#038;p=4368"},"modified":"2025-10-14T23:33:11","modified_gmt":"2025-10-14T16:33:11","slug":"smart-tivi-neo-qled-samsung-ai-4k-65-inch-qa65qn85f","status":"publish","type":"product","link":"https:\/\/tivi-samsung.com\/?product=smart-tivi-neo-qled-samsung-ai-4k-65-inch-qa65qn85f","title":{"rendered":"Smart Tivi Neo QLED Samsung AI 4K 65 inch QA65QN85F"},"content":{"rendered":"<p><strong>Th\u00f4ng tin s\u1ea3n ph\u1ea9m<\/strong><\/p>\n<p><a href=\"https:\/\/tokoo.vn\/danh-muc\/samsung-tvs\/\" target=\"_blank\" rel=\"noopener\"><strong>Smart Tivi Neo QLED Samsung AI 4K 65 inch QA65QN85F<\/strong> <\/a>s\u1eed d\u1ee5ng b\u1ed9 x\u1eed l\u00fd <strong>AI NQ4<\/strong> Gen 2, t\u1ed1i \u01b0u h\u00ecnh \u1ea3nh l\u00ean 4K chi ti\u1ebft, m\u00e0u s\u1eafc chu\u1ea9n x\u00e1c v\u00e0 \u0111\u1ed9 s\u00e1ng ph\u00f9 h\u1ee3p m\u00f4i tr\u01b0\u1eddng, \u0111em \u0111\u1ebfn tr\u1ea3i nghi\u1ec7m gi\u1ea3i tr\u00ed \u0111\u1ec9nh cao.<\/p>\n<p><strong>Thi\u1ebft k\u1ebf<\/strong><\/p>\n<p>M\u1eabu 65 inch \u0111\u01b0\u1ee3c thi\u1ebft k\u1ebf tinh t\u1ebf v\u1edbi vi\u1ec1n m\u1ecfng bao quanh, t\u1ea1o c\u1ea3m gi\u00e1c sang tr\u1ecdng ngay c\u1ea3 khi t\u1eaft m\u00e1y.<\/p>\n<p>Ch\u00e2n \u0111\u1ebf nh\u1ef1a ch\u1eafc ch\u1eafn, t\u1ed5ng th\u1ec3 tivi nh\u1eb9 v\u00e0 d\u1ec5 l\u1eafp \u0111\u1eb7t. V\u1edbi k\u00edch th\u01b0\u1edbc g\u1ecdn h\u01a1n, s\u1ea3n ph\u1ea9m ph\u00f9 h\u1ee3p cho c\u0103n h\u1ed9 chung c\u01b0, ph\u00f2ng ng\u1ee7 hay ph\u00f2ng kh\u00e1ch nh\u1ecf.<\/p>\n<p><strong>Remote Solar Cell<\/strong> \u0111i k\u00e8m tivi Samsung ti\u1ebfp t\u1ee5c l\u00e0 \u0111i\u1ec3m nh\u1ea5n v\u1ec1 s\u1ef1 ti\u1ec7n \u00edch v\u00e0 t\u00ednh b\u1ec1n v\u1eefng<\/p>\n<p>.<img fetchpriority=\"high\" decoding=\"async\" class=\"alignnone wp-image-5267\" style=\"letter-spacing: 0px;\" src=\"https:\/\/tivi-samsung.com\/wp-content\/uploads\/2025\/09\/smart-tivi-neo-qled-samsung-ai-4k-65-inch-qa65qn85f-120925-115334-301-300x168.jpg\" alt=\"\" width=\"1814\" height=\"1016\" srcset=\"https:\/\/tivi-samsung.com\/wp-content\/uploads\/2025\/09\/smart-tivi-neo-qled-samsung-ai-4k-65-inch-qa65qn85f-120925-115334-301-300x168.jpg 300w, https:\/\/tivi-samsung.com\/wp-content\/uploads\/2025\/09\/smart-tivi-neo-qled-samsung-ai-4k-65-inch-qa65qn85f-120925-115334-301-768x429.jpg 768w, https:\/\/tivi-samsung.com\/wp-content\/uploads\/2025\/09\/smart-tivi-neo-qled-samsung-ai-4k-65-inch-qa65qn85f-120925-115334-301-450x251.jpg 450w, https:\/\/tivi-samsung.com\/wp-content\/uploads\/2025\/09\/smart-tivi-neo-qled-samsung-ai-4k-65-inch-qa65qn85f-120925-115334-301-600x335.jpg 600w, https:\/\/tivi-samsung.com\/wp-content\/uploads\/2025\/09\/smart-tivi-neo-qled-samsung-ai-4k-65-inch-qa65qn85f-120925-115334-301-150x84.jpg 150w, https:\/\/tivi-samsung.com\/wp-content\/uploads\/2025\/09\/smart-tivi-neo-qled-samsung-ai-4k-65-inch-qa65qn85f-120925-115334-301.jpg 1020w\" sizes=\"(max-width: 1814px) 100vw, 1814px\" \/><\/p>\n<p><strong>C\u00f4ng ngh\u1ec7 h\u00ecnh \u1ea3nh<\/strong><\/p>\n<p><strong>AI NQ4<\/strong> th\u1ebf h\u1ec7 2 n\u00e2ng cao ch\u1ea5t l\u01b0\u1ee3ng hi\u1ec3n th\u1ecb v\u1edbi thu\u1eadt to\u00e1n th\u00f4ng minh, cho khung h\u00ecnh s\u1eafc n\u00e9t, t\u1ef1 nhi\u00ean v\u00e0 ch\u00e2n th\u1ef1c h\u01a1n khi xem phim hay ch\u01a1i game.<\/p>\n<p><img decoding=\"async\" class=\"alignnone wp-image-5273\" src=\"https:\/\/tivi-samsung.com\/wp-content\/uploads\/2025\/09\/2-1020x570-1-1-300x168.jpg\" alt=\"\" width=\"1820\" height=\"1019\" srcset=\"https:\/\/tivi-samsung.com\/wp-content\/uploads\/2025\/09\/2-1020x570-1-1-300x168.jpg 300w, https:\/\/tivi-samsung.com\/wp-content\/uploads\/2025\/09\/2-1020x570-1-1-768x429.jpg 768w, https:\/\/tivi-samsung.com\/wp-content\/uploads\/2025\/09\/2-1020x570-1-1-450x251.jpg 450w, https:\/\/tivi-samsung.com\/wp-content\/uploads\/2025\/09\/2-1020x570-1-1-600x335.jpg 600w, https:\/\/tivi-samsung.com\/wp-content\/uploads\/2025\/09\/2-1020x570-1-1-150x84.jpg 150w, https:\/\/tivi-samsung.com\/wp-content\/uploads\/2025\/09\/2-1020x570-1-1.jpg 1020w\" sizes=\"(max-width: 1820px) 100vw, 1820px\" \/><\/p>\n<p>Nh\u1edd<strong> Quantum Matrix Technology Plus<\/strong> c\u00f9ng h\u1ec7 \u0111\u00e8n n\u1ec1n <strong>Mini LED<\/strong>, h\u00ecnh \u1ea3nh s\u00e1ng &#8211; t\u1ed1i \u0111\u01b0\u1ee3c ki\u1ec3m so\u00e1t ch\u1eb7t ch\u1ebd.<\/p>\n<p><img decoding=\"async\" class=\"alignnone wp-image-5278\" src=\"https:\/\/tivi-samsung.com\/wp-content\/uploads\/2025\/09\/smart-tivi-neo-qled-samsung-ai-4k-65-inch-qa65qn85f-120925-115420-102-1-300x168.jpg\" alt=\"\" width=\"1823\" height=\"1021\" srcset=\"https:\/\/tivi-samsung.com\/wp-content\/uploads\/2025\/09\/smart-tivi-neo-qled-samsung-ai-4k-65-inch-qa65qn85f-120925-115420-102-1-300x168.jpg 300w, https:\/\/tivi-samsung.com\/wp-content\/uploads\/2025\/09\/smart-tivi-neo-qled-samsung-ai-4k-65-inch-qa65qn85f-120925-115420-102-1-768x429.jpg 768w, https:\/\/tivi-samsung.com\/wp-content\/uploads\/2025\/09\/smart-tivi-neo-qled-samsung-ai-4k-65-inch-qa65qn85f-120925-115420-102-1-450x251.jpg 450w, https:\/\/tivi-samsung.com\/wp-content\/uploads\/2025\/09\/smart-tivi-neo-qled-samsung-ai-4k-65-inch-qa65qn85f-120925-115420-102-1-600x335.jpg 600w, https:\/\/tivi-samsung.com\/wp-content\/uploads\/2025\/09\/smart-tivi-neo-qled-samsung-ai-4k-65-inch-qa65qn85f-120925-115420-102-1-150x84.jpg 150w, https:\/\/tivi-samsung.com\/wp-content\/uploads\/2025\/09\/smart-tivi-neo-qled-samsung-ai-4k-65-inch-qa65qn85f-120925-115420-102-1.jpg 1020w\" sizes=\"(max-width: 1823px) 100vw, 1823px\" \/><\/p>\n<p><strong>Neo Quantum HDR<\/strong>+ k\u1ebft h\u1ee3p <strong>HDR Brightness Optimizer<\/strong> mang \u0111\u1ebfn \u0111\u1ed9 s\u00e1ng r\u1ef1c r\u1ee1, trong khi <strong>Supreme UHD Dimming<\/strong> gi\u00fap chi ti\u1ebft trong v\u00f9ng s\u00e1ng t\u1ed1i tr\u1edf n\u00ean r\u00f5 r\u00e0ng h\u01a1n.<\/p>\n<p><img loading=\"lazy\" decoding=\"async\" class=\"alignnone wp-image-5270\" src=\"https:\/\/tivi-samsung.com\/wp-content\/uploads\/2025\/09\/smart-tivi-neo-qled-samsung-ai-4k-65-inch-qa65qn85f-120925-115445-423-300x168.jpg\" alt=\"\" width=\"1829\" height=\"1024\" srcset=\"https:\/\/tivi-samsung.com\/wp-content\/uploads\/2025\/09\/smart-tivi-neo-qled-samsung-ai-4k-65-inch-qa65qn85f-120925-115445-423-300x168.jpg 300w, https:\/\/tivi-samsung.com\/wp-content\/uploads\/2025\/09\/smart-tivi-neo-qled-samsung-ai-4k-65-inch-qa65qn85f-120925-115445-423-768x429.jpg 768w, https:\/\/tivi-samsung.com\/wp-content\/uploads\/2025\/09\/smart-tivi-neo-qled-samsung-ai-4k-65-inch-qa65qn85f-120925-115445-423-450x251.jpg 450w, https:\/\/tivi-samsung.com\/wp-content\/uploads\/2025\/09\/smart-tivi-neo-qled-samsung-ai-4k-65-inch-qa65qn85f-120925-115445-423-600x335.jpg 600w, https:\/\/tivi-samsung.com\/wp-content\/uploads\/2025\/09\/smart-tivi-neo-qled-samsung-ai-4k-65-inch-qa65qn85f-120925-115445-423-150x84.jpg 150w, https:\/\/tivi-samsung.com\/wp-content\/uploads\/2025\/09\/smart-tivi-neo-qled-samsung-ai-4k-65-inch-qa65qn85f-120925-115445-423.jpg 1020w\" sizes=\"(max-width: 1829px) 100vw, 1829px\" \/><\/p>\n<p><strong>Color Booster Pr<\/strong>o m\u1edf r\u1ed9ng gam m\u00e0u, <strong>Real Depth Enhancer<\/strong> t\u1ea1o chi\u1ec1u s\u00e2u cho khung h\u00ecnh, c\u00f2n <strong>AI Upscaling 4K<\/strong> x\u1eed l\u00fd c\u00e1c n\u1ed9i dung c\u00f3 \u0111\u1ed9 ph\u00e2n gi\u1ea3i th\u1ea5p. V\u1edbi <strong>Smart Calibration<\/strong>, ng\u01b0\u1eddi d\u00f9ng c\u00f3 th\u1ec3 tinh ch\u1ec9nh m\u00e0u s\u1eafc ch\u00ednh x\u00e1c, c\u00f2n Auto HDR Remastering n\u00e2ng ch\u1ea5t SDR th\u00e0nh g\u1ea7n HDR. Wide Viewing Angle gi\u1eef h\u00ecnh \u1ea3nh \u0111\u1ed3ng \u0111\u1ec1u \u1edf m\u1ecdi g\u00f3c nh\u00ecn.<\/p>\n<p><img loading=\"lazy\" decoding=\"async\" class=\"alignnone wp-image-5271\" src=\"https:\/\/tivi-samsung.com\/wp-content\/uploads\/2025\/09\/smart-tivi-neo-qled-samsung-ai-4k-65-inch-qa65qn85f-120925-115508-255-300x168.jpg\" alt=\"\" width=\"1832\" height=\"1026\" srcset=\"https:\/\/tivi-samsung.com\/wp-content\/uploads\/2025\/09\/smart-tivi-neo-qled-samsung-ai-4k-65-inch-qa65qn85f-120925-115508-255-300x168.jpg 300w, https:\/\/tivi-samsung.com\/wp-content\/uploads\/2025\/09\/smart-tivi-neo-qled-samsung-ai-4k-65-inch-qa65qn85f-120925-115508-255-768x429.jpg 768w, https:\/\/tivi-samsung.com\/wp-content\/uploads\/2025\/09\/smart-tivi-neo-qled-samsung-ai-4k-65-inch-qa65qn85f-120925-115508-255-450x251.jpg 450w, https:\/\/tivi-samsung.com\/wp-content\/uploads\/2025\/09\/smart-tivi-neo-qled-samsung-ai-4k-65-inch-qa65qn85f-120925-115508-255-600x335.jpg 600w, https:\/\/tivi-samsung.com\/wp-content\/uploads\/2025\/09\/smart-tivi-neo-qled-samsung-ai-4k-65-inch-qa65qn85f-120925-115508-255-150x84.jpg 150w, https:\/\/tivi-samsung.com\/wp-content\/uploads\/2025\/09\/smart-tivi-neo-qled-samsung-ai-4k-65-inch-qa65qn85f-120925-115508-255.jpg 1020w\" sizes=\"(max-width: 1832px) 100vw, 1832px\" \/><\/p>\n<p>\u0110\u1eb7c bi\u1ec7t, game th\u1ee7 s\u1ebd h\u00e0i l\u00f2ng v\u1edbi <strong>Motion Xcelerator 144Hz<\/strong>, <strong>Game Motion Plus, FreeSync Premium Pro, ALLM<\/strong>, c\u00f9ng Game Bar \u0111\u1ec3 t\u00f9y ch\u1ec9nh hi\u1ec3n th\u1ecb khi ch\u01a1i.<\/p>\n<p><img loading=\"lazy\" decoding=\"async\" class=\"alignnone wp-image-5272\" src=\"https:\/\/tivi-samsung.com\/wp-content\/uploads\/2025\/09\/smart-tivi-neo-qled-samsung-ai-4k-65-inch-qa65qn85f-120925-115546-479-300x168.jpg\" alt=\"\" width=\"1839\" height=\"1030\" srcset=\"https:\/\/tivi-samsung.com\/wp-content\/uploads\/2025\/09\/smart-tivi-neo-qled-samsung-ai-4k-65-inch-qa65qn85f-120925-115546-479-300x168.jpg 300w, https:\/\/tivi-samsung.com\/wp-content\/uploads\/2025\/09\/smart-tivi-neo-qled-samsung-ai-4k-65-inch-qa65qn85f-120925-115546-479-768x429.jpg 768w, https:\/\/tivi-samsung.com\/wp-content\/uploads\/2025\/09\/smart-tivi-neo-qled-samsung-ai-4k-65-inch-qa65qn85f-120925-115546-479-450x251.jpg 450w, https:\/\/tivi-samsung.com\/wp-content\/uploads\/2025\/09\/smart-tivi-neo-qled-samsung-ai-4k-65-inch-qa65qn85f-120925-115546-479-600x335.jpg 600w, https:\/\/tivi-samsung.com\/wp-content\/uploads\/2025\/09\/smart-tivi-neo-qled-samsung-ai-4k-65-inch-qa65qn85f-120925-115546-479-150x84.jpg 150w, https:\/\/tivi-samsung.com\/wp-content\/uploads\/2025\/09\/smart-tivi-neo-qled-samsung-ai-4k-65-inch-qa65qn85f-120925-115546-479.jpg 1020w\" sizes=\"(max-width: 1839px) 100vw, 1839px\" \/><\/p>\n<p><strong>C\u00f4ng ngh\u1ec7 \u00e2m thanh<\/strong><\/p>\n<p>\u00c2m thanh s\u1ed1ng \u0111\u1ed9ng nh\u1edd t\u1ed5ng c\u00f4ng su\u1ea5t 40W, h\u1ed7 tr\u1ee3 <strong>Dolby Atmos<\/strong> v\u00e0 <strong>OTS Lite<\/strong> cho tr\u1ea3i nghi\u1ec7m v\u00f2m ch\u00e2n th\u1ef1c. <strong>Q-Symphony Next<\/strong> k\u1ebft h\u1ee3p loa ngo\u00e0i \u0111\u1ec3 t\u0103ng c\u01b0\u1eddng ch\u1ea5t l\u01b0\u1ee3ng.<\/p>\n<p>&nbsp;<\/p>\n<p>C\u00f4ng ngh\u1ec7 <strong>Adaptive Sound Pro<\/strong> v\u00e0<strong> Active Voice Amplifier Pro<\/strong> gi\u1eef l\u1eddi tho\u1ea1i r\u00f5 r\u00e0ng, ngay c\u1ea3 khi m\u00f4i tr\u01b0\u1eddng nhi\u1ec1u ti\u1ebfng \u1ed3n.<\/p>\n<p><img loading=\"lazy\" decoding=\"async\" class=\"alignnone wp-image-5280\" src=\"https:\/\/tivi-samsung.com\/wp-content\/uploads\/2025\/09\/smart-tivi-neo-qled-samsung-ai-4k-65-inch-qa65qn85f-120925-115618-215-1-300x168.jpg\" alt=\"\" width=\"1836\" height=\"1028\" srcset=\"https:\/\/tivi-samsung.com\/wp-content\/uploads\/2025\/09\/smart-tivi-neo-qled-samsung-ai-4k-65-inch-qa65qn85f-120925-115618-215-1-300x168.jpg 300w, https:\/\/tivi-samsung.com\/wp-content\/uploads\/2025\/09\/smart-tivi-neo-qled-samsung-ai-4k-65-inch-qa65qn85f-120925-115618-215-1-768x429.jpg 768w, https:\/\/tivi-samsung.com\/wp-content\/uploads\/2025\/09\/smart-tivi-neo-qled-samsung-ai-4k-65-inch-qa65qn85f-120925-115618-215-1-450x251.jpg 450w, https:\/\/tivi-samsung.com\/wp-content\/uploads\/2025\/09\/smart-tivi-neo-qled-samsung-ai-4k-65-inch-qa65qn85f-120925-115618-215-1-600x335.jpg 600w, https:\/\/tivi-samsung.com\/wp-content\/uploads\/2025\/09\/smart-tivi-neo-qled-samsung-ai-4k-65-inch-qa65qn85f-120925-115618-215-1-150x84.jpg 150w, https:\/\/tivi-samsung.com\/wp-content\/uploads\/2025\/09\/smart-tivi-neo-qled-samsung-ai-4k-65-inch-qa65qn85f-120925-115618-215-1.jpg 1020w\" sizes=\"(max-width: 1836px) 100vw, 1836px\" \/><\/p>\n<p>&nbsp;<\/p>\n<p>&nbsp;<\/p>\n<p>&nbsp;<\/p>\n<p><strong>H\u1ec7 \u0111i\u1ec1u h\u00e0nh<\/strong><\/p>\n<p><strong>Neo QLED Samsung AI 4K 65 inch QA65QN85F<\/strong> ch\u1ea1y tr\u00ean h\u1ec7 \u0111i\u1ec1u h\u00e0nh <strong>Tizen\u2122<\/strong>, kho \u1ee9ng d\u1ee5ng phong ph\u00fa nh\u01b0 <strong>Netflix, YouTube, FPT Play.<\/strong><\/p>\n<p><img loading=\"lazy\" decoding=\"async\" class=\"alignnone wp-image-5224\" src=\"https:\/\/tivi-samsung.com\/wp-content\/uploads\/2025\/09\/b9d6c07c9a5b33db0ad9c7ae35d7ba3f-300x168.jpg\" alt=\"\" width=\"1814\" height=\"1016\" srcset=\"https:\/\/tivi-samsung.com\/wp-content\/uploads\/2025\/09\/b9d6c07c9a5b33db0ad9c7ae35d7ba3f-300x168.jpg 300w, https:\/\/tivi-samsung.com\/wp-content\/uploads\/2025\/09\/b9d6c07c9a5b33db0ad9c7ae35d7ba3f-768x429.jpg 768w, https:\/\/tivi-samsung.com\/wp-content\/uploads\/2025\/09\/b9d6c07c9a5b33db0ad9c7ae35d7ba3f-450x251.jpg 450w, https:\/\/tivi-samsung.com\/wp-content\/uploads\/2025\/09\/b9d6c07c9a5b33db0ad9c7ae35d7ba3f-600x335.jpg 600w, https:\/\/tivi-samsung.com\/wp-content\/uploads\/2025\/09\/b9d6c07c9a5b33db0ad9c7ae35d7ba3f-150x84.jpg 150w, https:\/\/tivi-samsung.com\/wp-content\/uploads\/2025\/09\/b9d6c07c9a5b33db0ad9c7ae35d7ba3f.jpg 1020w\" sizes=\"(max-width: 1814px) 100vw, 1814px\" \/><\/p>\n<p><strong>Ti\u1ec7n \u00edch<\/strong><\/p>\n<p>T\u00ednh n\u0103ng <strong>SmartThings<\/strong> gi\u00fap k\u1ebft n\u1ed1i v\u00e0 \u0111i\u1ec1u khi\u1ec3n thi\u1ebft b\u1ecb trong nh\u00e0.<\/p>\n<p><img loading=\"lazy\" decoding=\"async\" class=\"alignnone wp-image-5281\" src=\"https:\/\/tivi-samsung.com\/wp-content\/uploads\/2025\/09\/smart-tivi-neo-qled-samsung-ai-4k-65-inch-qa65qn85f-120925-115704-080-300x168.jpg\" alt=\"\" width=\"1820\" height=\"1019\" srcset=\"https:\/\/tivi-samsung.com\/wp-content\/uploads\/2025\/09\/smart-tivi-neo-qled-samsung-ai-4k-65-inch-qa65qn85f-120925-115704-080-300x168.jpg 300w, https:\/\/tivi-samsung.com\/wp-content\/uploads\/2025\/09\/smart-tivi-neo-qled-samsung-ai-4k-65-inch-qa65qn85f-120925-115704-080-768x429.jpg 768w, https:\/\/tivi-samsung.com\/wp-content\/uploads\/2025\/09\/smart-tivi-neo-qled-samsung-ai-4k-65-inch-qa65qn85f-120925-115704-080-450x251.jpg 450w, https:\/\/tivi-samsung.com\/wp-content\/uploads\/2025\/09\/smart-tivi-neo-qled-samsung-ai-4k-65-inch-qa65qn85f-120925-115704-080-600x335.jpg 600w, https:\/\/tivi-samsung.com\/wp-content\/uploads\/2025\/09\/smart-tivi-neo-qled-samsung-ai-4k-65-inch-qa65qn85f-120925-115704-080-150x84.jpg 150w, https:\/\/tivi-samsung.com\/wp-content\/uploads\/2025\/09\/smart-tivi-neo-qled-samsung-ai-4k-65-inch-qa65qn85f-120925-115704-080.jpg 1020w\" sizes=\"(max-width: 1820px) 100vw, 1820px\" \/><\/p>\n<p>Ng\u01b0\u1eddi d\u00f9ng c\u00f3 th\u1ec3 t\u00ecm ki\u1ebfm gi\u1ecdng n\u00f3i b\u1eb1ng ti\u1ebfng Vi\u1ec7t, chia s\u1ebb n\u1ed9i dung v\u1edbi<strong> AirPlay 2<\/strong>, d\u00f9ng <strong>Multi View<\/strong> \u0111\u1ec3 chia nh\u1ecf m\u00e0n h\u00ecnh.<\/p>\n<p>&nbsp;<\/p>\n<p>B\u00ean c\u1ea1nh \u0111\u00f3, <strong>Art Store, Quick Remote v\u00e0 Universal Gestures<\/strong> tr\u00ean<strong> Galaxy Watch<\/strong> bi\u1ebfn chi\u1ebfc tivi th\u00e0nh trung t\u00e2m gi\u1ea3i tr\u00ed l\u1eabn trang tr\u00ed.<\/p>\n<p><img loading=\"lazy\" decoding=\"async\" class=\"alignnone wp-image-5282\" src=\"https:\/\/tivi-samsung.com\/wp-content\/uploads\/2025\/09\/smart-tivi-neo-qled-samsung-ai-4k-65-inch-qa65qn85f-120925-115726-090-300x168.jpg\" alt=\"\" width=\"1830\" height=\"1025\" srcset=\"https:\/\/tivi-samsung.com\/wp-content\/uploads\/2025\/09\/smart-tivi-neo-qled-samsung-ai-4k-65-inch-qa65qn85f-120925-115726-090-300x168.jpg 300w, https:\/\/tivi-samsung.com\/wp-content\/uploads\/2025\/09\/smart-tivi-neo-qled-samsung-ai-4k-65-inch-qa65qn85f-120925-115726-090-768x429.jpg 768w, https:\/\/tivi-samsung.com\/wp-content\/uploads\/2025\/09\/smart-tivi-neo-qled-samsung-ai-4k-65-inch-qa65qn85f-120925-115726-090-450x251.jpg 450w, https:\/\/tivi-samsung.com\/wp-content\/uploads\/2025\/09\/smart-tivi-neo-qled-samsung-ai-4k-65-inch-qa65qn85f-120925-115726-090-600x335.jpg 600w, https:\/\/tivi-samsung.com\/wp-content\/uploads\/2025\/09\/smart-tivi-neo-qled-samsung-ai-4k-65-inch-qa65qn85f-120925-115726-090-150x84.jpg 150w, https:\/\/tivi-samsung.com\/wp-content\/uploads\/2025\/09\/smart-tivi-neo-qled-samsung-ai-4k-65-inch-qa65qn85f-120925-115726-090.jpg 1020w\" sizes=\"(max-width: 1830px) 100vw, 1830px\" \/><\/p>\n<p><em><strong>Smart Tivi Neo QLED Samsung AI 4K 65 inch QA65QN85F<\/strong> l\u00e0 l\u1ef1a ch\u1ecdn l\u00fd t\u01b0\u1edfng cho h\u1ed9 gia \u0111\u00ecnh nh\u1ecf ho\u1eb7c c\u0103n h\u1ed9 chung c\u01b0, mang l\u1ea1i s\u1ef1 c\u00e2n b\u1eb1ng gi\u1eefa k\u00edch th\u01b0\u1edbc v\u00e0 hi\u1ec7u n\u0103ng. N\u1ed5i b\u1eadt v\u1edbi b\u1ed9 x\u1eed l\u00fd <strong>AI NQ4 Gen 2<\/strong>, c\u00f4ng ngh\u1ec7 h\u00ecnh \u1ea3nh <strong>Mini LED &#8211; HDR+<\/strong>, c\u00f9ng h\u1ec7 sinh th\u00e1i th\u00f4ng minh <strong>SmartThings<\/strong>, s\u1ea3n ph\u1ea9m mang l\u1ea1i tr\u1ea3i nghi\u1ec7m cao c\u1ea5p trong m\u1ed9t thi\u1ebft k\u1ebf g\u1ecdn g\u00e0ng, hi\u1ec7n \u0111\u1ea1i.<\/em><\/p>\n<p>&nbsp;<\/p>\n<p><script src=\"chrome-extension:\/\/fpelahbljekknahkcaegamhcndkfpfnc\/iFrame.js\" type=\"text\/javascript\"><\/script><\/p>\n","protected":false},"excerpt":{"rendered":"<p>&nbsp;<\/p>\n<p><script src=\"chrome-extension:\/\/fpelahbljekknahkcaegamhcndkfpfnc\/iFrame.js\" type=\"text\/javascript\"><\/script><\/p>\n<p><script src=\"chrome-extension:\/\/fpelahbljekknahkcaegamhcndkfpfnc\/iFrame.js\" type=\"text\/javascript\"><\/script><\/p>\n<p><script src=\"chrome-extension:\/\/fpelahbljekknahkcaegamhcndkfpfnc\/iFrame.js\" type=\"text\/javascript\"><\/script><\/p>\n<p><script src=\"chrome-extension:\/\/fpelahbljekknahkcaegamhcndkfpfnc\/iFrame.js\" type=\"text\/javascript\"><\/script><\/p>\n<p><script src=\"chrome-extension:\/\/fpelahbljekknahkcaegamhcndkfpfnc\/iFrame.js\" type=\"text\/javascript\"><\/script><\/p>\n<p><script src=\"chrome-extension:\/\/fpelahbljekknahkcaegamhcndkfpfnc\/iFrame.js\" type=\"text\/javascript\"><\/script><\/p>\n<p><script src=\"chrome-extension:\/\/fpelahbljekknahkcaegamhcndkfpfnc\/iFrame.js\" type=\"text\/javascript\"><\/script><\/p>\n","protected":false},"featured_media":4833,"comment_status":"open","ping_status":"closed","template":"","meta":[],"product_brand":[88],"product_cat":[68,76,139],"product_tag":[],"class_list":{"0":"post-4368","1":"product","2":"type-product","3":"status-publish","4":"has-post-thumbnail","6":"product_brand-samsung","7":"product_cat-smart-tv","8":"product_cat-televisions","9":"product_cat-tv-neo-qled","11":"first","12":"instock","13":"shipping-taxable","14":"purchasable","15":"product-type-simple"},"_links":{"self":[{"href":"https:\/\/tivi-samsung.com\/index.php?rest_route=\/wp\/v2\/product\/4368","targetHints":{"allow":["GET"]}}],"collection":[{"href":"https:\/\/tivi-samsung.com\/index.php?rest_route=\/wp\/v2\/product"}],"about":[{"href":"https:\/\/tivi-samsung.com\/index.php?rest_route=\/wp\/v2\/types\/product"}],"replies":[{"embeddable":true,"href":"https:\/\/tivi-samsung.com\/index.php?rest_route=%2Fwp%2Fv2%2Fcomments&post=4368"}],"version-history":[{"count":9,"href":"https:\/\/tivi-samsung.com\/index.php?rest_route=\/wp\/v2\/product\/4368\/revisions"}],"predecessor-version":[{"id":8404,"href":"https:\/\/tivi-samsung.com\/index.php?rest_route=\/wp\/v2\/product\/4368\/revisions\/8404"}],"wp:featuredmedia":[{"embeddable":true,"href":"https:\/\/tivi-samsung.com\/index.php?rest_route=\/wp\/v2\/media\/4833"}],"wp:attachment":[{"href":"https:\/\/tivi-samsung.com\/index.php?rest_route=%2Fwp%2Fv2%2Fmedia&parent=4368"}],"wp:term":[{"taxonomy":"product_brand","embeddable":true,"href":"https:\/\/tivi-samsung.com\/index.php?rest_route=%2Fwp%2Fv2%2Fproduct_brand&post=4368"},{"taxonomy":"product_cat","embeddable":true,"href":"https:\/\/tivi-samsung.com\/index.php?rest_route=%2Fwp%2Fv2%2Fproduct_cat&post=4368"},{"taxonomy":"product_tag","embeddable":true,"href":"https:\/\/tivi-samsung.com\/index.php?rest_route=%2Fwp%2Fv2%2Fproduct_tag&post=4368"}],"curies":[{"name":"wp","href":"https:\/\/api.w.org\/{rel}","templated":true}]}}