{"id":4366,"date":"2025-09-16T18:18:05","date_gmt":"2025-09-16T18:18:05","guid":{"rendered":"https:\/\/tivi-samsung.com\/?post_type=product&#038;p=4366"},"modified":"2025-10-14T23:38:15","modified_gmt":"2025-10-14T16:38:15","slug":"smart-tivi-neo-qled-samsung-ai-4k-55-inch-qa55qn90d","status":"publish","type":"product","link":"https:\/\/tivi-samsung.com\/?product=smart-tivi-neo-qled-samsung-ai-4k-55-inch-qa55qn90d","title":{"rendered":"Smart Tivi Neo QLED Samsung AI 4K 55 inch\u00a0QA55QN90D"},"content":{"rendered":"<p><strong>Th\u00f4ng tin s\u1ea3n ph\u1ea9m<\/strong><\/p>\n<p><a href=\"https:\/\/tokoo.vn\/danh-muc\/samsung-tvs\/\" target=\"_blank\" rel=\"noopener\"><strong>Smart Tivi Neo QLED Samsung 4K 55 inch QA55QN90D<\/strong><\/a> c\u00f3 v\u1ebb ngo\u00e0i thanh m\u1ea3nh m\u00e0 ch\u1eafc ch\u1eafn, hi\u1ec3n th\u1ecb h\u00ecnh \u1ea3nh \u0111\u1ed9 ph\u00e2n gi\u1ea3i 4K v\u1edbi \u0111\u1ed9 chi ti\u1ebft \u0111\u00e1ng kinh ng\u1ea1c nh\u1edd c\u00f4ng ngh\u1ec7 Quantum Matrix Technology, khung h\u00ecnh b\u1eebng s\u00e1ng v\u1edbi m\u00e0u s\u1eafc s\u1ed1ng \u0111\u1ed9ng nh\u1edd Neo Quantum HDR+, t\u00edch h\u1ee3p \u00e2m thanh \u0111a chi\u1ec1u ch\u00e2n th\u1ef1c nh\u1edd c\u00f4ng ngh\u1ec7<strong> Dolby Atmos, OTS+,<\/strong> d\u1ec5 d\u00e0ng qu\u1ea3n l\u00fd nhi\u1ec1u thi\u1ebft b\u1ecb v\u1edbi \u1ee9ng d\u1ee5ng <strong>SmartThings.<\/strong><\/p>\n<p><strong>T\u1ed5ng quan thi\u1ebft k\u1ebf<\/strong><\/p>\n<p>&#8211; <strong>Samsung 4K 55 inch QA55QN90D<\/strong> thi\u1ebft k\u1ebf<strong> NeoSlim<\/strong> si\u00eau m\u1ecfng, 3 c\u1ea1nh kh\u00f4ng vi\u1ec1n cho kh\u00f4ng gian hi\u1ec3n th\u1ecb n\u1ed9i dung r\u1ed9ng, gi\u00fap mang \u0111\u1ebfn tr\u1ea3i nghi\u1ec7m th\u1ecb gi\u00e1c m\u00e3n nh\u00e3n v\u00e0 t\u1eadp trung h\u01a1n.<\/p>\n<p>&#8211; L\u1ef1a ch\u1ecdn ph\u00f9 h\u1ee3p v\u1edbi nh\u1eefng gian ph\u00f2ng ng\u1ee7, ph\u00f2ng kh\u00e1ch hay ph\u00f2ng h\u1ecdp c\u00f3 di\u1ec7n t\u00edch v\u1eeba ph\u1ea3i nh\u1edd trang b\u1ecb m\u00e0n h\u00ecnh 55 inch.<\/p>\n<p>&#8211; Ch\u00e2n \u0111\u1ebf l\u00e0m t\u1eeb kim lo\u1ea1i, m\u1eb7t \u0111\u1ebf d\u1ea1ng t\u1ea5m l\u1edbn tr\u00f4ng thanh m\u1ea3nh nh\u01b0ng ch\u1eafc ch\u1eafn n\u00ean d\u00f9 l\u1eafp \u0111\u1eb7t \u1edf ch\u00ednh gi\u1eefa tivi v\u1eabn \u0111\u1ee7 kh\u1ea3 n\u0103ng \u0111\u1ec3 gi\u1eef m\u00e0n h\u00ecnh \u1ed5n \u0111\u1ecbnh, kh\u00f4ng b\u1ecb nghi\u00eang, \u0111\u1ed5.<\/p>\n<p><img fetchpriority=\"high\" decoding=\"async\" class=\"alignnone wp-image-5286\" src=\"https:\/\/tivi-samsung.com\/wp-content\/uploads\/2025\/09\/tivi-neo-qled-samsung-4k-55-inch-qa55qn90d-1-1020x570-1-300x168.jpg\" alt=\"\" width=\"1396\" height=\"782\" srcset=\"https:\/\/tivi-samsung.com\/wp-content\/uploads\/2025\/09\/tivi-neo-qled-samsung-4k-55-inch-qa55qn90d-1-1020x570-1-300x168.jpg 300w, https:\/\/tivi-samsung.com\/wp-content\/uploads\/2025\/09\/tivi-neo-qled-samsung-4k-55-inch-qa55qn90d-1-1020x570-1-768x429.jpg 768w, https:\/\/tivi-samsung.com\/wp-content\/uploads\/2025\/09\/tivi-neo-qled-samsung-4k-55-inch-qa55qn90d-1-1020x570-1-450x251.jpg 450w, https:\/\/tivi-samsung.com\/wp-content\/uploads\/2025\/09\/tivi-neo-qled-samsung-4k-55-inch-qa55qn90d-1-1020x570-1-600x335.jpg 600w, https:\/\/tivi-samsung.com\/wp-content\/uploads\/2025\/09\/tivi-neo-qled-samsung-4k-55-inch-qa55qn90d-1-1020x570-1-150x84.jpg 150w, https:\/\/tivi-samsung.com\/wp-content\/uploads\/2025\/09\/tivi-neo-qled-samsung-4k-55-inch-qa55qn90d-1-1020x570-1.jpg 1020w\" sizes=\"(max-width: 1396px) 100vw, 1396px\" \/><\/p>\n<p><strong>C\u00f4ng ngh\u1ec7 h\u00ecnh \u1ea3nh<\/strong><\/p>\n<p>&#8211; \u0110\u1ed9 ph\u00e2n gi\u1ea3i 4K v\u1edbi 8 tri\u1ec7u \u0111i\u1ec3m \u1ea3nh gi\u00fap t\u00e1i hi\u1ec7n n\u00ean nh\u1eefng khung h\u00ecnh s\u1eafc n\u00e9t, s\u1ed1ng \u0111\u1ed9ng.<\/p>\n<p>&#8211; B\u1ed9 x\u1eed l\u00fd <strong>AI NQ4<\/strong> th\u1ebf h\u1ec7 2 tinh ch\u1ec9nh \u00e2m thanh v\u00e0 h\u00ecnh \u1ea3nh cho tr\u1ea3i nghi\u1ec7m nghe nh\u00ecn chu\u1ea9n ch\u1ea5t l\u01b0\u1ee3ng 4K. N\u00e2ng c\u1ea5p c\u00e1c n\u1ed9i dung \u0111\u1ea7u v\u00e0o l\u00ean \u0111\u1ed9 ph\u00e2n gi\u1ea3i 4K m\u01b0\u1ee3t m\u00e0, r\u00f5 r\u00e0ng nh\u1edd 20 m\u1ea1ng m\u00f4 ph\u1ecfng th\u1ea7n kinh, c\u00f4ng ngh\u1ec7 <strong>4K AI Upscaling<\/strong>.<\/p>\n<p><img decoding=\"async\" class=\"alignnone wp-image-5290\" src=\"https:\/\/tivi-samsung.com\/wp-content\/uploads\/2025\/09\/tivi-neo-qled-samsung-4k-55-inch-qa55qn90d-2-1020x570-1-300x168.jpg\" alt=\"\" width=\"1396\" height=\"782\" srcset=\"https:\/\/tivi-samsung.com\/wp-content\/uploads\/2025\/09\/tivi-neo-qled-samsung-4k-55-inch-qa55qn90d-2-1020x570-1-300x168.jpg 300w, https:\/\/tivi-samsung.com\/wp-content\/uploads\/2025\/09\/tivi-neo-qled-samsung-4k-55-inch-qa55qn90d-2-1020x570-1-768x429.jpg 768w, https:\/\/tivi-samsung.com\/wp-content\/uploads\/2025\/09\/tivi-neo-qled-samsung-4k-55-inch-qa55qn90d-2-1020x570-1-450x251.jpg 450w, https:\/\/tivi-samsung.com\/wp-content\/uploads\/2025\/09\/tivi-neo-qled-samsung-4k-55-inch-qa55qn90d-2-1020x570-1-600x335.jpg 600w, https:\/\/tivi-samsung.com\/wp-content\/uploads\/2025\/09\/tivi-neo-qled-samsung-4k-55-inch-qa55qn90d-2-1020x570-1-150x84.jpg 150w, https:\/\/tivi-samsung.com\/wp-content\/uploads\/2025\/09\/tivi-neo-qled-samsung-4k-55-inch-qa55qn90d-2-1020x570-1.jpg 1020w\" sizes=\"(max-width: 1396px) 100vw, 1396px\" \/><\/p>\n<p>&#8211; C\u00f4ng ngh\u1ec7 <strong>Quantum Matrix Technology<\/strong> v\u1edbi \u0111\u1ed9 t\u01b0\u01a1ng ph\u1ea3n v\u01b0\u1ee3t tr\u1ed9i c\u00f9ng c\u00f4ng ngh\u1ec7 ki\u1ec3m so\u00e1t \u0111\u1ed9 s\u00e1ng <strong>Quantum Mini LED<\/strong> trau chu\u1ed1t t\u1eebng chi ti\u1ebft cho h\u00ecnh \u1ea3nh tr\u1edf n\u00ean r\u00f5 r\u00e0ng v\u00e0 sinh \u0111\u1ed9ng ngo\u1ea1n m\u1ee5c.<\/p>\n<p>&#8211; <strong>Neo Quantum HDR+<\/strong> gia t\u0103ng \u0111\u1ed9 s\u00e1ng g\u1ea5p 2 l\u1ea7n <strong>Neo Quantum HDR<\/strong> gi\u00fap t\u1ea1o n\u00ean khung h\u00ecnh t\u01b0\u01a1i s\u00e1ng, m\u00e0u s\u1eafc t\u01b0\u01a1i t\u1eafn, bi\u1ebfn nh\u1eefng c\u1ea3nh \u0111\u00eam, c\u1ea3nh thi\u00ean nhi\u00ean tr\u1edf n\u00ean ho\u00e0nh tr\u00e1ng, thu h\u00fat h\u01a1n.<\/p>\n<p><img decoding=\"async\" class=\"alignnone wp-image-5288\" src=\"https:\/\/tivi-samsung.com\/wp-content\/uploads\/2025\/09\/tivi-neo-qled-samsung-4k-55-inch-qa55qn90d-3-1020x570-1-300x168.jpg\" alt=\"\" width=\"1393\" height=\"780\" srcset=\"https:\/\/tivi-samsung.com\/wp-content\/uploads\/2025\/09\/tivi-neo-qled-samsung-4k-55-inch-qa55qn90d-3-1020x570-1-300x168.jpg 300w, https:\/\/tivi-samsung.com\/wp-content\/uploads\/2025\/09\/tivi-neo-qled-samsung-4k-55-inch-qa55qn90d-3-1020x570-1-768x429.jpg 768w, https:\/\/tivi-samsung.com\/wp-content\/uploads\/2025\/09\/tivi-neo-qled-samsung-4k-55-inch-qa55qn90d-3-1020x570-1-450x251.jpg 450w, https:\/\/tivi-samsung.com\/wp-content\/uploads\/2025\/09\/tivi-neo-qled-samsung-4k-55-inch-qa55qn90d-3-1020x570-1-600x335.jpg 600w, https:\/\/tivi-samsung.com\/wp-content\/uploads\/2025\/09\/tivi-neo-qled-samsung-4k-55-inch-qa55qn90d-3-1020x570-1-150x84.jpg 150w, https:\/\/tivi-samsung.com\/wp-content\/uploads\/2025\/09\/tivi-neo-qled-samsung-4k-55-inch-qa55qn90d-3-1020x570-1.jpg 1020w\" sizes=\"(max-width: 1393px) 100vw, 1393px\" \/><\/p>\n<p>&#8211; C\u00f4ng ngh\u1ec7 <strong>Anti Reflection<\/strong> \u0111\u01b0\u1ee3c nhi\u1ec1u chuy\u00ean gia \u0111\u00e1nh gi\u00e1 t\u1ed1t v\u1edbi kh\u1ea3 n\u0103ng ch\u1ed1ng ch\u00f3i cao, cho b\u1ea1n tr\u1ea3i nghi\u1ec7m c\u00e1c n\u1ed9i dung m\u00e3n nh\u00e3n, kh\u00f4ng b\u1ecb t\u00e1c \u0111\u1ed9ng b\u1edfi \u00e1nh s\u00e1ng m\u00f4i tr\u01b0\u1eddng.<\/p>\n<p>&#8211; C\u00f4ng ngh\u1ec7 <strong>Real Depth Enhancer Pro<\/strong> mang \u0111\u1ebfn \u0111\u1ed9 s\u00e2u ch\u00e2n th\u1ef1c cho t\u1eebng ph\u00e2n c\u1ea3nh cho c\u1ea3m gi\u00e1c b\u1ea1n nh\u01b0 t\u1eadn m\u1eaft nh\u00ecn th\u1ea5y c\u1ea3nh s\u1eafc th\u1ef1c t\u1ebf.<\/p>\n<p><img loading=\"lazy\" decoding=\"async\" class=\"alignnone wp-image-5287\" src=\"https:\/\/tivi-samsung.com\/wp-content\/uploads\/2025\/09\/tivi-neo-qled-samsung-4k-55-inch-qa55qn90d-4-1020x570-1-300x168.jpg\" alt=\"\" width=\"1393\" height=\"780\" srcset=\"https:\/\/tivi-samsung.com\/wp-content\/uploads\/2025\/09\/tivi-neo-qled-samsung-4k-55-inch-qa55qn90d-4-1020x570-1-300x168.jpg 300w, https:\/\/tivi-samsung.com\/wp-content\/uploads\/2025\/09\/tivi-neo-qled-samsung-4k-55-inch-qa55qn90d-4-1020x570-1-768x429.jpg 768w, https:\/\/tivi-samsung.com\/wp-content\/uploads\/2025\/09\/tivi-neo-qled-samsung-4k-55-inch-qa55qn90d-4-1020x570-1-450x251.jpg 450w, https:\/\/tivi-samsung.com\/wp-content\/uploads\/2025\/09\/tivi-neo-qled-samsung-4k-55-inch-qa55qn90d-4-1020x570-1-600x335.jpg 600w, https:\/\/tivi-samsung.com\/wp-content\/uploads\/2025\/09\/tivi-neo-qled-samsung-4k-55-inch-qa55qn90d-4-1020x570-1-150x84.jpg 150w, https:\/\/tivi-samsung.com\/wp-content\/uploads\/2025\/09\/tivi-neo-qled-samsung-4k-55-inch-qa55qn90d-4-1020x570-1.jpg 1020w\" sizes=\"(max-width: 1393px) 100vw, 1393px\" \/><\/p>\n<p>&#8211; C\u00f4ng ngh\u1ec7 <strong>Ultimate UHD Dimming<\/strong> n\u00e2ng cao kh\u1ea3 n\u0103ng hi\u1ec3n th\u1ecb chi ti\u1ebft v\u00e0 m\u00e0u s\u1eafc trong khung h\u00ecnh th\u00f4ng qua vi\u1ec7c chia nh\u1ecf h\u00ecnh \u1ea3nh th\u00e0nh nhi\u1ec1u khu v\u1ef1c, t\u00ednh to\u00e1n m\u00e0u s\u1eafc, \u0111\u1ed9 n\u00e9t, \u0111\u1ed9 t\u01b0\u01a1ng ph\u1ea3n \u0111\u1ec3 h\u00ecnh \u1ea3nh t\u00e1i t\u1ea1o \u0111\u1eb9p nh\u1ea5t.<\/p>\n<p>&#8211; M\u1eabu tivi <strong>Samsung<\/strong> n\u00e0y h\u1ed7 tr\u1ee3 t\u1ea7n s\u1ed1 qu\u00e9t 144 Hz, t\u00edch h\u1ee3p c\u00e1c c\u00f4ng ngh\u1ec7 <strong>FreeSync Premium Pro<\/strong>, <strong>Game Motion Plus<\/strong> gi\u1ea3m thi\u1ec3u t\u00ecnh tr\u1ea1ng gi\u1eadt h\u00ecnh, x\u00e9 h\u00ecnh, \u0111\u1ed9 tr\u1ec5 th\u1ea5p cho b\u1ea1n chi\u1ebfn game v\u1edbi t\u1ed1c \u0111\u1ed9 \u1ea5n t\u01b0\u1ee3ng. Ch\u1ebf \u0111\u1ed9 <strong>Super Ultra Wide Game View<\/strong> v\u00e0 <strong>Game Bar<\/strong> cho game th\u1ee7 t\u00f9y ch\u1ec9nh m\u00e0n h\u00ecnh game theo t\u1ec9 l\u1ec7 21:9, 32:9 d\u1ec5 d\u00e0ng.<\/p>\n<p><img loading=\"lazy\" decoding=\"async\" class=\"alignnone wp-image-5291\" src=\"https:\/\/tivi-samsung.com\/wp-content\/uploads\/2025\/09\/tivi-neo-qled-samsung-4k-55-inch-qa55qn90d-5-1020x570-1-300x168.jpg\" alt=\"\" width=\"1393\" height=\"780\" srcset=\"https:\/\/tivi-samsung.com\/wp-content\/uploads\/2025\/09\/tivi-neo-qled-samsung-4k-55-inch-qa55qn90d-5-1020x570-1-300x168.jpg 300w, https:\/\/tivi-samsung.com\/wp-content\/uploads\/2025\/09\/tivi-neo-qled-samsung-4k-55-inch-qa55qn90d-5-1020x570-1-768x429.jpg 768w, https:\/\/tivi-samsung.com\/wp-content\/uploads\/2025\/09\/tivi-neo-qled-samsung-4k-55-inch-qa55qn90d-5-1020x570-1-450x251.jpg 450w, https:\/\/tivi-samsung.com\/wp-content\/uploads\/2025\/09\/tivi-neo-qled-samsung-4k-55-inch-qa55qn90d-5-1020x570-1-600x335.jpg 600w, https:\/\/tivi-samsung.com\/wp-content\/uploads\/2025\/09\/tivi-neo-qled-samsung-4k-55-inch-qa55qn90d-5-1020x570-1-150x84.jpg 150w, https:\/\/tivi-samsung.com\/wp-content\/uploads\/2025\/09\/tivi-neo-qled-samsung-4k-55-inch-qa55qn90d-5-1020x570-1.jpg 1020w\" sizes=\"(max-width: 1393px) 100vw, 1393px\" \/><\/p>\n<p><strong>C\u00f4ng ngh\u1ec7 \u00e2m thanh<\/strong><\/p>\n<p>&#8211; T\u1ed5ng c\u00f4ng su\u1ea5t 60W, c\u00f4ng ngh\u1ec7 <strong>OTS+<\/strong> t\u1ea1o ra \u00e2m thanh ch\u1ea5t l\u01b0\u1ee3ng 3D \u0111\u1ec3 ng\u01b0\u1eddi nghe c\u1ea3m nh\u1eadn n\u1ed9i dung ch\u00e2n th\u1ef1c m\u1ed9t c\u00e1ch tr\u1ecdn v\u1eb9n.<\/p>\n<p>&#8211; <strong>Dolby Atmos<\/strong>, c\u00f4ng ngh\u1ec7 \u00e2m thanh v\u00f2m cho b\u1ea1n t\u1eadn h\u01b0\u1edfng ch\u1ea5t \u00e2m phong ph\u00fa t\u1ef1a nh\u01b0 \u1edf r\u1ea1p h\u00e1t.<\/p>\n<p>&#8211; C\u00f4ng ngh\u1ec7 <strong>Q-Symphony Next<\/strong> t\u1ea1o n\u00ean kh\u00f4ng gian \u00e2m thanh s\u1ed1ng \u0111\u1ed9ng m\u00e0 h\u00e0i h\u00f2a ho\u00e0n h\u1ea3o gi\u1eefa loa thanh v\u00e0 to\u00e0n b\u1ed9 loa c\u1ee7a <strong>Smart tivi Samsung<\/strong>.<\/p>\n<p>&#8211; C\u00f4ng ngh\u1ec7 <strong>Active Voice Amplifie<\/strong>r b\u1eb1ng c\u00e1ch t\u0103ng \u0111\u1ed9 l\u1edbn c\u1ee7a ti\u1ebfng \u0111\u00e0m tho\u1ea1i cho b\u1ea1n nghe \u0111\u01b0\u1ee3c n\u1ed9i dung cu\u1ed9c tr\u00f2 chuy\u1ec7n c\u1ee7a c\u00e1c ch\u1ee7 th\u1ec3 r\u00f5 r\u00e0ng b\u1ea5t ch\u1ea5p \u0111\u1ed9 \u1ed3n trong m\u00f4i tr\u01b0\u1eddng.<\/p>\n<p>&#8211; <strong>Adaptive Sound Pro<\/strong> \u0111i\u1ec1u ch\u1ec9nh v\u00e0 t\u1ed1i \u01b0u ch\u1ea5t \u00e2m t\u1ef1 \u0111\u1ed9ng theo kh\u00f4ng gian v\u00e0 n\u1ed9i dung \u00e2m thanh cho ch\u1ea5t \u00e2m ph\u00e1t ra sinh \u0111\u1ed9ng, c\u00e2n b\u1eb1ng.<\/p>\n<p><img loading=\"lazy\" decoding=\"async\" class=\"alignnone wp-image-5294\" src=\"https:\/\/tivi-samsung.com\/wp-content\/uploads\/2025\/09\/tivi-neo-qled-samsung-4k-55-inch-qa55qn90d-6-1020x570-1-300x168.jpg\" alt=\"\" width=\"1393\" height=\"780\" srcset=\"https:\/\/tivi-samsung.com\/wp-content\/uploads\/2025\/09\/tivi-neo-qled-samsung-4k-55-inch-qa55qn90d-6-1020x570-1-300x168.jpg 300w, https:\/\/tivi-samsung.com\/wp-content\/uploads\/2025\/09\/tivi-neo-qled-samsung-4k-55-inch-qa55qn90d-6-1020x570-1-768x429.jpg 768w, https:\/\/tivi-samsung.com\/wp-content\/uploads\/2025\/09\/tivi-neo-qled-samsung-4k-55-inch-qa55qn90d-6-1020x570-1-450x251.jpg 450w, https:\/\/tivi-samsung.com\/wp-content\/uploads\/2025\/09\/tivi-neo-qled-samsung-4k-55-inch-qa55qn90d-6-1020x570-1-600x335.jpg 600w, https:\/\/tivi-samsung.com\/wp-content\/uploads\/2025\/09\/tivi-neo-qled-samsung-4k-55-inch-qa55qn90d-6-1020x570-1-150x84.jpg 150w, https:\/\/tivi-samsung.com\/wp-content\/uploads\/2025\/09\/tivi-neo-qled-samsung-4k-55-inch-qa55qn90d-6-1020x570-1.jpg 1020w\" sizes=\"(max-width: 1393px) 100vw, 1393px\" \/><\/p>\n<p><strong>H\u1ec7 \u0111i\u1ec1u h\u00e0nh<\/strong><\/p>\n<p>&#8211; H\u1ec7 \u0111i\u1ec1u h\u00e0nh <strong>Tizen\u2122<\/strong> c\u00f3 giao di\u1ec7n thi\u1ebft k\u1ebf hi\u1ec7n \u0111\u1ea1i, s\u1eafp x\u1ebfp c\u00e1c n\u1ed9i dung cho b\u1ea1n quan s\u00e1t v\u00e0 truy c\u1eadp linh ho\u1ea1t. Trang b\u1ecb <strong>Daily+<\/strong> g\u1ed3m nhi\u1ec1u \u1ee9ng d\u1ee5ng, d\u1ecbch v\u1ee5 nh\u01b0 <strong>SmartThings, Workspace<\/strong> gi\u00fap ng\u01b0\u1eddi d\u00f9ng ki\u1ec3m so\u00e1t ho\u1ea1t \u0111\u1ed9ng h\u1eb1ng ng\u00e0y tho\u1ea3i m\u00e1i.<\/p>\n<p>&#8211; L\u1ef1a ch\u1ecdn gi\u1ea3i tr\u00ed phong ph\u00fa v\u1edbi th\u01b0 vi\u1ec7n \u1ee9ng d\u1ee5ng \u0111a d\u1ea1ng c\u00f3 nhi\u1ec1u \u1ee9ng d\u1ee5ng ph\u1ed5 bi\u1ebfn nh\u01b0 <strong>YouTube, Netflix, Clip TV, FPT Play, MyTV,&#8230;<\/strong><\/p>\n<p><img loading=\"lazy\" decoding=\"async\" class=\"alignnone wp-image-5293\" src=\"https:\/\/tivi-samsung.com\/wp-content\/uploads\/2025\/09\/tivi-neo-qled-samsung-4k-55-inch-qa55qn90d-7-1020x570-1-300x168.jpg\" alt=\"\" width=\"1393\" height=\"780\" srcset=\"https:\/\/tivi-samsung.com\/wp-content\/uploads\/2025\/09\/tivi-neo-qled-samsung-4k-55-inch-qa55qn90d-7-1020x570-1-300x168.jpg 300w, https:\/\/tivi-samsung.com\/wp-content\/uploads\/2025\/09\/tivi-neo-qled-samsung-4k-55-inch-qa55qn90d-7-1020x570-1-768x429.jpg 768w, https:\/\/tivi-samsung.com\/wp-content\/uploads\/2025\/09\/tivi-neo-qled-samsung-4k-55-inch-qa55qn90d-7-1020x570-1-450x251.jpg 450w, https:\/\/tivi-samsung.com\/wp-content\/uploads\/2025\/09\/tivi-neo-qled-samsung-4k-55-inch-qa55qn90d-7-1020x570-1-600x335.jpg 600w, https:\/\/tivi-samsung.com\/wp-content\/uploads\/2025\/09\/tivi-neo-qled-samsung-4k-55-inch-qa55qn90d-7-1020x570-1-150x84.jpg 150w, https:\/\/tivi-samsung.com\/wp-content\/uploads\/2025\/09\/tivi-neo-qled-samsung-4k-55-inch-qa55qn90d-7-1020x570-1.jpg 1020w\" sizes=\"(max-width: 1393px) 100vw, 1393px\" \/><\/p>\n<p><strong>Ti\u1ec7n \u00edch<\/strong><\/p>\n<p>&#8211; T\u00ecm ki\u1ebfm b\u1eb1ng gi\u1ecdng n\u00f3i ti\u1ebfng Vi\u1ec7t tr\u00ean <strong>YouTube<\/strong>, v\u1edbi tr\u1ee3 l\u00fd \u1ea3o <strong>Bixby<\/strong> c\u00f3 ti\u1ebfng Vi\u1ec7t cho vi\u1ec7c thao t\u00e1c v\u1edbi Smart tivi th\u00eam nh\u1eb9 nh\u00e0ng, nhanh ch\u00f3ng h\u01a1n.<\/p>\n<p>&#8211; <strong>SmartThings<\/strong> li\u00ean k\u1ebft v\u00e0 t\u1ed1i \u01b0u c\u00e1c thi\u1ebft b\u1ecb gi\u00fap t\u1ea1o cho b\u1ea1n m\u1ed9t l\u1ed1i s\u1ed1ng th\u00f4ng minh \u0111\u1ea7y ti\u1ec7n nghi ngay trong ng\u00f4i nh\u00e0 m\u00ecnh.<\/p>\n<p>&#8211; C\u00f3 \u0111i\u1ec1u khi\u1ec3n t\u1eeb xa l\u00e0 <strong>One Remote<\/strong> d\u1ec5 thao t\u00e1c v\u1edbi c\u00e1c ph\u00edm b\u1ea5m nhanh nh\u1ea1y, s\u1ea1c pin qua \u00e1nh m\u1eb7t tr\u1eddi, \u00e1nh \u0111\u00e8n r\u1ea5t th\u00e2n thi\u1ec7n m\u00f4i tr\u01b0\u1eddng.<\/p>\n<p>&#8211; T\u00ednh n\u0103ng <strong>AirPlay 2<\/strong> (iPhone) tr\u00ecnh chi\u1ebfu nhanh video, h\u00ecnh \u1ea3nh t\u1eeb thi\u1ebft b\u1ecb di \u0111\u1ed9ng l\u00ean m\u00e0n h\u00ecnh r\u1ed9ng c\u1ee7a tivi cho b\u1ea1n ti\u1ec7n chia s\u1ebb v\u00e0 tr\u1ea3i nghi\u1ec7m c\u00f9ng m\u1ecdi ng\u01b0\u1eddi.<\/p>\n<p>&#8211; H\u1ed7 tr\u1ee3 t\u00ednh n\u0103ng <strong>Multi View<\/strong> chia nh\u1ecf m\u00e0n h\u00ecnh tivi gi\u00fap b\u1ea1n theo d\u00f5i \u0111\u01b0\u1ee3c \u0111\u1ed3ng th\u1eddi n\u1ed9i dung tr\u00ean tivi v\u00e0 n\u1ed9i dung \u0111\u01b0\u1ee3c chia s\u1ebb t\u1eeb \u0111i\u1ec7n tho\u1ea1i l\u00ean d\u1ec5 d\u00e0ng.<\/p>\n<p><img loading=\"lazy\" decoding=\"async\" class=\"alignnone wp-image-5292\" src=\"https:\/\/tivi-samsung.com\/wp-content\/uploads\/2025\/09\/tivi-neo-qled-samsung-4k-55-inch-qa55qn90d-8-1020x570-1-300x168.jpg\" alt=\"\" width=\"1391\" height=\"779\" srcset=\"https:\/\/tivi-samsung.com\/wp-content\/uploads\/2025\/09\/tivi-neo-qled-samsung-4k-55-inch-qa55qn90d-8-1020x570-1-300x168.jpg 300w, https:\/\/tivi-samsung.com\/wp-content\/uploads\/2025\/09\/tivi-neo-qled-samsung-4k-55-inch-qa55qn90d-8-1020x570-1-768x429.jpg 768w, https:\/\/tivi-samsung.com\/wp-content\/uploads\/2025\/09\/tivi-neo-qled-samsung-4k-55-inch-qa55qn90d-8-1020x570-1-450x251.jpg 450w, https:\/\/tivi-samsung.com\/wp-content\/uploads\/2025\/09\/tivi-neo-qled-samsung-4k-55-inch-qa55qn90d-8-1020x570-1-600x335.jpg 600w, https:\/\/tivi-samsung.com\/wp-content\/uploads\/2025\/09\/tivi-neo-qled-samsung-4k-55-inch-qa55qn90d-8-1020x570-1-150x84.jpg 150w, https:\/\/tivi-samsung.com\/wp-content\/uploads\/2025\/09\/tivi-neo-qled-samsung-4k-55-inch-qa55qn90d-8-1020x570-1.jpg 1020w\" sizes=\"(max-width: 1391px) 100vw, 1391px\" \/><\/p>\n<p><em>T\u00f3m l\u1ea1i, <strong>Smart Tivi Neo QLED Samsung 4K 55 inch QA55QN90D<\/strong> l\u00e0 m\u1ed9t m\u1eabu tivi <strong>Neo QLED<\/strong> x\u1ee9ng \u0111\u00e1ng c\u00f3 m\u1eb7t trong m\u1ecdi gia \u0111\u00ecnh, s\u1edf h\u1eefu thi\u1ebft k\u1ebf trang nh\u00e3 gi\u00fap t\u00f4n vinh phong c\u00e1ch n\u1ed9i th\u1ea5t th\u1eddi th\u01b0\u1ee3ng c\u1ee7a gia ch\u1ee7 \u0111\u1ed3ng th\u1eddi h\u1ed7 tr\u1ee3 \u0111a d\u1ea1ng c\u00f4ng ngh\u1ec7, ti\u1ec7n \u00edch mang \u0111\u1ebfn tr\u1ea3i nghi\u1ec7m xem, ch\u01a1i game tuy\u1ec7t \u0111\u1ec9nh cho m\u1ecdi ng\u01b0\u1eddi d\u00f9ng.<\/em><\/p>\n<p>&nbsp;<\/p>\n<p><script src=\"chrome-extension:\/\/fpelahbljekknahkcaegamhcndkfpfnc\/iFrame.js\" type=\"text\/javascript\"><\/script><\/p>\n<p><script src=\"chrome-extension:\/\/fpelahbljekknahkcaegamhcndkfpfnc\/iFrame.js\" type=\"text\/javascript\"><\/script><\/p>\n","protected":false},"excerpt":{"rendered":"<p>&nbsp;<\/p>\n<p><script src=\"chrome-extension:\/\/fpelahbljekknahkcaegamhcndkfpfnc\/iFrame.js\" type=\"text\/javascript\"><\/script><\/p>\n<p><script src=\"chrome-extension:\/\/fpelahbljekknahkcaegamhcndkfpfnc\/iFrame.js\" type=\"text\/javascript\"><\/script><\/p>\n<p><script src=\"chrome-extension:\/\/fpelahbljekknahkcaegamhcndkfpfnc\/iFrame.js\" type=\"text\/javascript\"><\/script><\/p>\n<p><script src=\"chrome-extension:\/\/fpelahbljekknahkcaegamhcndkfpfnc\/iFrame.js\" type=\"text\/javascript\"><\/script><\/p>\n<p><script src=\"chrome-extension:\/\/fpelahbljekknahkcaegamhcndkfpfnc\/iFrame.js\" type=\"text\/javascript\"><\/script><\/p>\n<p><script src=\"chrome-extension:\/\/fpelahbljekknahkcaegamhcndkfpfnc\/iFrame.js\" type=\"text\/javascript\"><\/script><\/p>\n<p><script src=\"chrome-extension:\/\/fpelahbljekknahkcaegamhcndkfpfnc\/iFrame.js\" type=\"text\/javascript\"><\/script><\/p>\n<p><script src=\"chrome-extension:\/\/fpelahbljekknahkcaegamhcndkfpfnc\/iFrame.js\" type=\"text\/javascript\"><\/script><\/p>\n<p><script src=\"chrome-extension:\/\/fpelahbljekknahkcaegamhcndkfpfnc\/iFrame.js\" type=\"text\/javascript\"><\/script><\/p>\n","protected":false},"featured_media":6284,"comment_status":"open","ping_status":"closed","template":"","meta":[],"product_brand":[88],"product_cat":[68,76,139],"product_tag":[],"class_list":{"0":"post-4366","1":"product","2":"type-product","3":"status-publish","4":"has-post-thumbnail","6":"product_brand-samsung","7":"product_cat-smart-tv","8":"product_cat-televisions","9":"product_cat-tv-neo-qled","10":"pa_kich-co-man-hinh-55-inch","12":"first","13":"instock","14":"shipping-taxable","15":"purchasable","16":"product-type-simple"},"_links":{"self":[{"href":"https:\/\/tivi-samsung.com\/index.php?rest_route=\/wp\/v2\/product\/4366","targetHints":{"allow":["GET"]}}],"collection":[{"href":"https:\/\/tivi-samsung.com\/index.php?rest_route=\/wp\/v2\/product"}],"about":[{"href":"https:\/\/tivi-samsung.com\/index.php?rest_route=\/wp\/v2\/types\/product"}],"replies":[{"embeddable":true,"href":"https:\/\/tivi-samsung.com\/index.php?rest_route=%2Fwp%2Fv2%2Fcomments&post=4366"}],"version-history":[{"count":11,"href":"https:\/\/tivi-samsung.com\/index.php?rest_route=\/wp\/v2\/product\/4366\/revisions"}],"predecessor-version":[{"id":8406,"href":"https:\/\/tivi-samsung.com\/index.php?rest_route=\/wp\/v2\/product\/4366\/revisions\/8406"}],"wp:featuredmedia":[{"embeddable":true,"href":"https:\/\/tivi-samsung.com\/index.php?rest_route=\/wp\/v2\/media\/6284"}],"wp:attachment":[{"href":"https:\/\/tivi-samsung.com\/index.php?rest_route=%2Fwp%2Fv2%2Fmedia&parent=4366"}],"wp:term":[{"taxonomy":"product_brand","embeddable":true,"href":"https:\/\/tivi-samsung.com\/index.php?rest_route=%2Fwp%2Fv2%2Fproduct_brand&post=4366"},{"taxonomy":"product_cat","embeddable":true,"href":"https:\/\/tivi-samsung.com\/index.php?rest_route=%2Fwp%2Fv2%2Fproduct_cat&post=4366"},{"taxonomy":"product_tag","embeddable":true,"href":"https:\/\/tivi-samsung.com\/index.php?rest_route=%2Fwp%2Fv2%2Fproduct_tag&post=4366"}],"curies":[{"name":"wp","href":"https:\/\/api.w.org\/{rel}","templated":true}]}}