{"id":4364,"date":"2025-09-16T18:16:10","date_gmt":"2025-09-16T18:16:10","guid":{"rendered":"https:\/\/tivi-samsung.com\/?post_type=product&#038;p=4364"},"modified":"2025-10-14T23:38:57","modified_gmt":"2025-10-14T16:38:57","slug":"smart-tivi-neo-qled-samsung-ai-4k-65-inch-qa65qn90d","status":"publish","type":"product","link":"https:\/\/tivi-samsung.com\/?product=smart-tivi-neo-qled-samsung-ai-4k-65-inch-qa65qn90d","title":{"rendered":"Smart Tivi Neo QLED Samsung AI 4K 65 inch\u00a0 QA65QN90D"},"content":{"rendered":"<p><strong>Th\u00f4ng tin s\u1ea3n ph\u1ea9m<\/strong><\/p>\n<p><a href=\"https:\/\/tokoo.vn\/danh-muc\/samsung-tvs\/\" target=\"_blank\" rel=\"noopener\"><strong>Smart Tivi Neo QLED Samsung 4K 65 inch QA65QN90D<\/strong><\/a> m\u1edf ra th\u1ebf gi\u1edbi gi\u1ea3i tr\u00ed tuy\u1ec7t v\u1eddi c\u00f9ng khung h\u00ecnh ch\u1ea5t l\u01b0\u1ee3ng 4K s\u1ed1ng \u0111\u1ed9ng nh\u1edd b\u1ed9 x\u1eed l\u00fd <strong>AI NQ4<\/strong> th\u1ebf h\u1ec7 2, nh\u1eefng chi ti\u1ebft \u1ea9n tr\u1edf n\u00ean r\u00f5 r\u00e0ng h\u01a1n v\u1edbi c\u00f4ng ngh\u1ec7 Quantum Matrix Technology, th\u01b0\u1edfng th\u1ee9c \u00e2m thanh bao tr\u00f9m m\u1ecdi gi\u00e1c quan v\u1edbi <strong>Q-Symphony Next<\/strong>, h\u1ec7 \u0111i\u1ec1u h\u00e0nh <strong>Tizen\u2122<\/strong> c\u1ea3i ti\u1ebfn d\u1ec5 s\u1eed d\u1ee5ng v\u00e0 tr\u1ea3i nghi\u1ec7m kho \u1ee9ng d\u1ee5ng phong ph\u00fa.<\/p>\n<p><strong>T\u1ed5ng quan thi\u1ebft k\u1ebf<\/strong><\/p>\n<p>&#8211; Chi\u1ebfc tivi <strong>Samsung<\/strong> n\u00e0y c\u00f3 v\u1ebb ngo\u00e0i thanh m\u1ea3nh, thi\u1ebft k\u1ebf <strong>NeoSlim<\/strong> hi\u1ec7n \u0111\u1ea1i c\u00f9ng \u0111\u01b0\u1eddng n\u00e9t tinh x\u1ea3o trong m\u1ecdi g\u00f3c nh\u00ecn cho c\u1ea3m gi\u00e1c t\u1ef1a nh\u01b0 m\u1ed9t ki\u1ec7t t\u00e1c ngh\u1ec7 thu\u1eadt th\u1ef1c th\u1ee5.<\/p>\n<p>&#8211; K\u00edch th\u01b0\u1edbc m\u00e0n h\u00ecnh 65 inch l\u00e0 l\u1ef1a ch\u1ecdn l\u00fd t\u01b0\u1edfng \u0111\u1ec3 d\u00f9ng trong nh\u1eefng gian ph\u00f2ng, khu v\u1ef1c c\u00f3 kh\u00f4ng gian r\u1ed9ng v\u00e0 v\u1eeba ph\u1ea3i.<\/p>\n<p>&#8211; Ch\u00e2n \u0111\u1ebf tivi kim lo\u1ea1i \u0111\u01b0\u1ee3c t\u1ea1o d\u00e1ng \u0111\u1eb9p m\u1eaft m\u00e0 ch\u1eafc ch\u1eafn, n\u00e2ng \u0111\u1ee1 m\u00e0n h\u00ecnh c\u00e2n b\u1eb1ng khi l\u1eafp \u0111\u1eb7t ki\u1ec3u \u0111\u1ec3 b\u00e0n. Ngo\u00e0i ra, thi\u1ebft b\u1ecb c\u0169ng c\u00f3 th\u1ec3 s\u1eafp \u0111\u1eb7t theo phong c\u00e1ch treo t\u01b0\u1eddng linh ho\u1ea1t khi th\u00e1o r\u1eddi ch\u00e2n \u0111\u1ebf ra.<\/p>\n<p><img fetchpriority=\"high\" decoding=\"async\" class=\"alignnone wp-image-5286\" src=\"https:\/\/tivi-samsung.com\/wp-content\/uploads\/2025\/09\/tivi-neo-qled-samsung-4k-55-inch-qa55qn90d-1-1020x570-1-300x168.jpg\" alt=\"\" width=\"1407\" height=\"788\" srcset=\"https:\/\/tivi-samsung.com\/wp-content\/uploads\/2025\/09\/tivi-neo-qled-samsung-4k-55-inch-qa55qn90d-1-1020x570-1-300x168.jpg 300w, https:\/\/tivi-samsung.com\/wp-content\/uploads\/2025\/09\/tivi-neo-qled-samsung-4k-55-inch-qa55qn90d-1-1020x570-1-768x429.jpg 768w, https:\/\/tivi-samsung.com\/wp-content\/uploads\/2025\/09\/tivi-neo-qled-samsung-4k-55-inch-qa55qn90d-1-1020x570-1-450x251.jpg 450w, https:\/\/tivi-samsung.com\/wp-content\/uploads\/2025\/09\/tivi-neo-qled-samsung-4k-55-inch-qa55qn90d-1-1020x570-1-600x335.jpg 600w, https:\/\/tivi-samsung.com\/wp-content\/uploads\/2025\/09\/tivi-neo-qled-samsung-4k-55-inch-qa55qn90d-1-1020x570-1-150x84.jpg 150w, https:\/\/tivi-samsung.com\/wp-content\/uploads\/2025\/09\/tivi-neo-qled-samsung-4k-55-inch-qa55qn90d-1-1020x570-1.jpg 1020w\" sizes=\"(max-width: 1407px) 100vw, 1407px\" \/><\/p>\n<p><strong>C\u00f4ng ngh\u1ec7 h\u00ecnh \u1ea3nh<\/strong><\/p>\n<p>&#8211; \u0110\u1ed9 ph\u00e2n gi\u1ea3i 4K th\u1ec3 hi\u1ec7n h\u00ecnh \u1ea3nh v\u1edbi \u0111\u1ed9 n\u00e9t g\u1ea5p 4 l\u1ea7n Full HD.<\/p>\n<p>&#8211; Th\u01b0\u1edfng th\u1ee9c \u00e2m thanh v\u00e0 h\u00ecnh \u1ea3nh \u0111\u01b0\u1ee3c t\u1ed1i \u01b0u v\u1edbi ch\u1ea5t l\u01b0\u1ee3ng 4K \u0111\u00e1ng kinh ng\u1ea1c nh\u1edd t\u00edch h\u1ee3p b\u1ed9 x\u1eed l\u00fd AI NQ4 th\u1ebf h\u1ec7 2. C\u00f4ng ngh\u1ec7 4K AI Upscaling v\u1edbi 20 m\u1ea1ng m\u00f4 ph\u1ecfng th\u1ea7n kinh t\u1ef1 \u0111\u1ed9ng n\u00e2ng c\u1ea5p c\u00e1c n\u1ed9i dung \u1edf \u0111\u1ed9 ph\u00e2n gi\u1ea3i th\u1ea5p l\u00ean chu\u1ea9n 4K sinh \u0111\u1ed9ng.<\/p>\n<p><img decoding=\"async\" class=\"alignnone wp-image-5161\" src=\"https:\/\/tivi-samsung.com\/wp-content\/uploads\/2025\/09\/4-1020x570-1-300x168.jpg\" alt=\"\" width=\"1421\" height=\"796\" srcset=\"https:\/\/tivi-samsung.com\/wp-content\/uploads\/2025\/09\/4-1020x570-1-300x168.jpg 300w, https:\/\/tivi-samsung.com\/wp-content\/uploads\/2025\/09\/4-1020x570-1-768x429.jpg 768w, https:\/\/tivi-samsung.com\/wp-content\/uploads\/2025\/09\/4-1020x570-1-450x251.jpg 450w, https:\/\/tivi-samsung.com\/wp-content\/uploads\/2025\/09\/4-1020x570-1-600x335.jpg 600w, https:\/\/tivi-samsung.com\/wp-content\/uploads\/2025\/09\/4-1020x570-1-150x84.jpg 150w, https:\/\/tivi-samsung.com\/wp-content\/uploads\/2025\/09\/4-1020x570-1.jpg 1020w\" sizes=\"(max-width: 1421px) 100vw, 1421px\" \/><\/p>\n<p>&#8211; <strong>Real Depth Enhancer Pro<\/strong> t\u1ea1o n\u00ean \u0111\u1ed9 s\u00e2u cho khung h\u00ecnh gi\u00fap cho nh\u1eefng c\u1ea3nh quay m\u00e0 b\u1ea1n th\u01b0\u1edfng th\u1ee9c tr\u00f4ng th\u1ef1c t\u1ebf, \u1ea5n t\u01b0\u1ee3ng h\u01a1n.<\/p>\n<p>&#8211; C\u00f4ng ngh\u1ec7 <strong>Neo Quantum HDR+<\/strong> t\u0103ng c\u01b0\u1eddng \u0111\u1ed9 s\u00e1ng, m\u00e0u s\u1eafc hi\u1ec3n th\u1ecb n\u00ean h\u00ecnh \u1ea3nh s\u00e1ng b\u1eebng, b\u1eaft m\u1eaft v\u1edbi ch\u1ea5t l\u01b0\u1ee3ng 4K.<\/p>\n<p><img decoding=\"async\" class=\"alignnone wp-image-5288\" src=\"https:\/\/tivi-samsung.com\/wp-content\/uploads\/2025\/09\/tivi-neo-qled-samsung-4k-55-inch-qa55qn90d-3-1020x570-1-300x168.jpg\" alt=\"\" width=\"1421\" height=\"796\" srcset=\"https:\/\/tivi-samsung.com\/wp-content\/uploads\/2025\/09\/tivi-neo-qled-samsung-4k-55-inch-qa55qn90d-3-1020x570-1-300x168.jpg 300w, https:\/\/tivi-samsung.com\/wp-content\/uploads\/2025\/09\/tivi-neo-qled-samsung-4k-55-inch-qa55qn90d-3-1020x570-1-768x429.jpg 768w, https:\/\/tivi-samsung.com\/wp-content\/uploads\/2025\/09\/tivi-neo-qled-samsung-4k-55-inch-qa55qn90d-3-1020x570-1-450x251.jpg 450w, https:\/\/tivi-samsung.com\/wp-content\/uploads\/2025\/09\/tivi-neo-qled-samsung-4k-55-inch-qa55qn90d-3-1020x570-1-600x335.jpg 600w, https:\/\/tivi-samsung.com\/wp-content\/uploads\/2025\/09\/tivi-neo-qled-samsung-4k-55-inch-qa55qn90d-3-1020x570-1-150x84.jpg 150w, https:\/\/tivi-samsung.com\/wp-content\/uploads\/2025\/09\/tivi-neo-qled-samsung-4k-55-inch-qa55qn90d-3-1020x570-1.jpg 1020w\" sizes=\"(max-width: 1421px) 100vw, 1421px\" \/><\/p>\n<p>&#8211; C\u00f4ng ngh\u1ec7 <strong>Quantum Matrix Technology<\/strong> t\u00e1i t\u1ea1o \u0111\u01b0\u1ee3c nh\u1eefng chi ti\u1ebft \u1ea9n ch\u00ednh x\u00e1c v\u1edbi t\u1ef7 l\u1ec7 t\u01b0\u01a1ng ph\u1ea3n cao v\u00e0 ngu\u1ed3n s\u00e1ng t\u1eeb c\u00f4ng ngh\u1ec7 \u0111\u00e8n <strong>Quantum Mini LED<\/strong> ti\u00ean ti\u1ebfn.<\/p>\n<p>&#8211; C\u00f4ng ngh\u1ec7 <strong>Anti Reflection<\/strong> ch\u1ed1ng ph\u1ea3n chi\u1ebfu \u00e1nh s\u00e1ng cho b\u1ea1n th\u01b0\u1edfng th\u1ee9c c\u00e1c n\u1ed9i dung r\u00f5 r\u00e0ng m\u00e0 kh\u00f4ng b\u1ecb \u1ea3nh h\u01b0\u1edfng b\u1edfi \u00e1nh s\u00e1ng b\u00ean ngo\u00e0i.<\/p>\n<p>&#8211; C\u00f4ng ngh\u1ec7<strong> AI HDR Remastering<\/strong> s\u1eed d\u1ee5ng thu\u1eadt to\u00e1n<strong> Deep Learning<\/strong> cho b\u1ea1n xem \u0111\u01b0\u1ee3c h\u00ecnh \u1ea3nh ch\u1ea5t l\u01b0\u1ee3ng <strong>SDR<\/strong> \u1edf chu\u1ea9n <strong>HDR<\/strong> v\u1edbi m\u00e0u s\u1eafc lung linh, c\u00e1c \u0111i\u1ec3m nh\u1ea5n chi ti\u1ebft n\u1ed5i b\u1eadt h\u01a1n.<\/p>\n<p>&#8211; Tr\u1ea3i nghi\u1ec7m game \u0111\u00edch th\u1ef1c v\u1edbi t\u1ea7n s\u1ed1 qu\u00e9t <strong>144 Hz<\/strong>, c\u00f4ng ngh\u1ec7 ch\u1ed1ng x\u00e9 h\u00ecnh <strong>FreeSync Premium Pro<\/strong>, ch\u1ebf \u0111\u1ed9 <strong>Game Motion Plus<\/strong> t\u1ea1o n\u00ean hi\u1ec7u \u1ee9ng game m\u01b0\u1ee3t m\u00e0, kh\u00f4ng b\u1ecb gi\u1eadt lag.<\/p>\n<p><img loading=\"lazy\" decoding=\"async\" class=\"alignnone wp-image-5297\" src=\"https:\/\/tivi-samsung.com\/wp-content\/uploads\/2025\/09\/tivi-neo-qled-samsung-4k-65-inch-qa65qn90d-5-1020x570-1-300x168.jpg\" alt=\"\" width=\"1421\" height=\"796\" srcset=\"https:\/\/tivi-samsung.com\/wp-content\/uploads\/2025\/09\/tivi-neo-qled-samsung-4k-65-inch-qa65qn90d-5-1020x570-1-300x168.jpg 300w, https:\/\/tivi-samsung.com\/wp-content\/uploads\/2025\/09\/tivi-neo-qled-samsung-4k-65-inch-qa65qn90d-5-1020x570-1-768x429.jpg 768w, https:\/\/tivi-samsung.com\/wp-content\/uploads\/2025\/09\/tivi-neo-qled-samsung-4k-65-inch-qa65qn90d-5-1020x570-1-450x251.jpg 450w, https:\/\/tivi-samsung.com\/wp-content\/uploads\/2025\/09\/tivi-neo-qled-samsung-4k-65-inch-qa65qn90d-5-1020x570-1-600x335.jpg 600w, https:\/\/tivi-samsung.com\/wp-content\/uploads\/2025\/09\/tivi-neo-qled-samsung-4k-65-inch-qa65qn90d-5-1020x570-1-150x84.jpg 150w, https:\/\/tivi-samsung.com\/wp-content\/uploads\/2025\/09\/tivi-neo-qled-samsung-4k-65-inch-qa65qn90d-5-1020x570-1.jpg 1020w\" sizes=\"(max-width: 1421px) 100vw, 1421px\" \/><\/p>\n<p><strong>C\u00f4ng ngh\u1ec7 \u00e2m thanh<\/strong><\/p>\n<p>&#8211; T\u1ed5ng c\u00f4ng su\u1ea5t 60W cho ch\u1ea5t l\u01b0\u1ee3ng \u00e2m thanh m\u1ea1nh m\u1ebd.<\/p>\n<p>&#8211; C\u00f4ng ngh\u1ec7 <strong>OTS+<\/strong> v\u1edbi loa t\u00edch h\u1ee3p 4.2.2CH c\u00f9ng \u00e2m thanh theo d\u1ea5u h\u00e0nh \u0111\u1ed9ng \u0111\u01b0\u1ee3c h\u1ed7 tr\u1ee3 b\u1edfi AI cho b\u1ea1n t\u1eadn h\u01b0\u1edfng ch\u1ea5t \u00e2m 3D trung th\u1ef1c. C\u00f4ng ngh\u1ec7 \u00e2m thanh v\u00f2m Dolby Atmos v\u00e0 loa \u0111\u00e1nh tr\u1ea7n cho kh\u00f4ng gian tr\u00e0n ng\u1eadp \u00e2m thanh s\u1ed1ng \u0111\u1ed9ng l\u00e0m b\u1ea1n \u0111\u1eafm ch\u00ecm trong tr\u1eadn c\u1ea7u gay c\u1ea5n, b\u1ea3n nh\u1ea1c rock s\u00f4i \u0111\u1ed9ng l\u00fac n\u00e0o kh\u00f4ng hay.<\/p>\n<p>&#8211; C\u00f4ng ngh\u1ec7 <strong>Q-Symphony Next<\/strong>, b\u1eb1ng c\u00e1ch k\u1ebft n\u1ed1i m\u1ed9t c\u00e1ch h\u00e0i h\u00f2a d\u00e0n loa c\u1ee7a <strong>Smart tivi Samsung<\/strong> v\u00e0 loa thanh ki\u1ebfn t\u1ea1o n\u00ean kh\u00f4ng gian gi\u1ea3i tr\u00ed v\u1edbi \u00e2m thanh vang d\u1ed9i, m\u1ea1nh m\u1ebd.<\/p>\n<p>&#8211;<strong> Active Voice Amplifie<\/strong>r gi\u00fap b\u1ea1n lu\u00f4n nghe r\u00f5 \u0111\u01b0\u1ee3c cu\u1ed9c tr\u00f2 chuy\u1ec7n gi\u1eefa c\u00e1c nh\u00e2n v\u1eadt m\u00e0 kh\u00f4ng b\u1ecb ph\u00e2n t\u00e2m b\u1edfi ti\u1ebfng \u1ed3n trong m\u00f4i tr\u01b0\u1eddng.<\/p>\n<p>&#8211; <strong>Adaptive Sound Pro<\/strong> v\u1edbi x\u1eed l\u00fd t\u1eeb AI gi\u00fap t\u0103ng \u0111\u1ed9 r\u00f5 cho gi\u1ecdng n\u00f3i, \u00e2m thanh sinh \u0111\u1ed9ng m\u1ed9t c\u00e1ch chu\u1ea9n x\u00e1c nh\u01b0 \u00fd \u0111\u1ecbnh t\u1eeb nh\u00e0 s\u00e1ng t\u1ea1o n\u1ed9i dung.<\/p>\n<p><img loading=\"lazy\" decoding=\"async\" class=\"alignnone wp-image-5298\" src=\"https:\/\/tivi-samsung.com\/wp-content\/uploads\/2025\/09\/tivi-neo-qled-samsung-4k-65-inch-qa65qn90d-6-1020x570-1-300x168.jpg\" alt=\"\" width=\"1421\" height=\"796\" srcset=\"https:\/\/tivi-samsung.com\/wp-content\/uploads\/2025\/09\/tivi-neo-qled-samsung-4k-65-inch-qa65qn90d-6-1020x570-1-300x168.jpg 300w, https:\/\/tivi-samsung.com\/wp-content\/uploads\/2025\/09\/tivi-neo-qled-samsung-4k-65-inch-qa65qn90d-6-1020x570-1-768x429.jpg 768w, https:\/\/tivi-samsung.com\/wp-content\/uploads\/2025\/09\/tivi-neo-qled-samsung-4k-65-inch-qa65qn90d-6-1020x570-1-450x251.jpg 450w, https:\/\/tivi-samsung.com\/wp-content\/uploads\/2025\/09\/tivi-neo-qled-samsung-4k-65-inch-qa65qn90d-6-1020x570-1-600x335.jpg 600w, https:\/\/tivi-samsung.com\/wp-content\/uploads\/2025\/09\/tivi-neo-qled-samsung-4k-65-inch-qa65qn90d-6-1020x570-1-150x84.jpg 150w, https:\/\/tivi-samsung.com\/wp-content\/uploads\/2025\/09\/tivi-neo-qled-samsung-4k-65-inch-qa65qn90d-6-1020x570-1.jpg 1020w\" sizes=\"(max-width: 1421px) 100vw, 1421px\" \/><\/p>\n<p><strong>H\u1ec7 \u0111i\u1ec1u h\u00e0nh<\/strong><\/p>\n<p>&#8211; Smart tivi trang b\u1ecb h\u1ec7 \u0111i\u1ec1u h\u00e0nh <strong>Tizen\u2122<\/strong> c\u00f3 nhi\u1ec1u c\u1ea3i ti\u1ebfn gi\u00fap n\u00e2ng cao tr\u1ea3i nghi\u1ec7m cho ng\u01b0\u1eddi d\u00f9ng v\u1edbi c\u00e1c k\u00eanh truy\u1ec1n h\u00ecnh mi\u1ec5n ph\u00ed, qu\u1ea3n l\u00fd nh\u1eefng ho\u1ea1t \u0111\u1ed9ng th\u01b0\u1eddng nh\u1eadt qua <strong>Daily+<\/strong>. T\u1eadn h\u01b0\u1edfng kho \u1ee9ng d\u1ee5ng phong ph\u00fa v\u1edbi c\u00e1c \u1ee9ng d\u1ee5ng quen thu\u1ed9c nh\u01b0<strong> YouTube, Netflix, Clip TV, FPT Play, MyTV,&#8230;<\/strong><\/p>\n<p><img loading=\"lazy\" decoding=\"async\" class=\"alignnone wp-image-5293\" src=\"https:\/\/tivi-samsung.com\/wp-content\/uploads\/2025\/09\/tivi-neo-qled-samsung-4k-55-inch-qa55qn90d-7-1020x570-1-300x168.jpg\" alt=\"\" width=\"1418\" height=\"794\" srcset=\"https:\/\/tivi-samsung.com\/wp-content\/uploads\/2025\/09\/tivi-neo-qled-samsung-4k-55-inch-qa55qn90d-7-1020x570-1-300x168.jpg 300w, https:\/\/tivi-samsung.com\/wp-content\/uploads\/2025\/09\/tivi-neo-qled-samsung-4k-55-inch-qa55qn90d-7-1020x570-1-768x429.jpg 768w, https:\/\/tivi-samsung.com\/wp-content\/uploads\/2025\/09\/tivi-neo-qled-samsung-4k-55-inch-qa55qn90d-7-1020x570-1-450x251.jpg 450w, https:\/\/tivi-samsung.com\/wp-content\/uploads\/2025\/09\/tivi-neo-qled-samsung-4k-55-inch-qa55qn90d-7-1020x570-1-600x335.jpg 600w, https:\/\/tivi-samsung.com\/wp-content\/uploads\/2025\/09\/tivi-neo-qled-samsung-4k-55-inch-qa55qn90d-7-1020x570-1-150x84.jpg 150w, https:\/\/tivi-samsung.com\/wp-content\/uploads\/2025\/09\/tivi-neo-qled-samsung-4k-55-inch-qa55qn90d-7-1020x570-1.jpg 1020w\" sizes=\"(max-width: 1418px) 100vw, 1418px\" \/><\/p>\n<p><strong>Ti\u1ec7n \u00edch<\/strong><\/p>\n<p>&#8211; S\u1eed d\u1ee5ng gi\u1ecdng tho\u1ea1i b\u1eb1ng ti\u1ebfng Vi\u1ec7t \u0111\u1ec3 \u0111\u1eb7t l\u1ec7nh t\u00ecm ki\u1ebfm tr\u00ean <strong>YouTube<\/strong> hay t\u00ecm ki\u1ebfm v\u1edbi tr\u1ee3 l\u00fd gi\u1ecdng n\u00f3i Bixby c\u00f3 ti\u1ebfng Vi\u1ec7t ti\u1ec7n l\u1ee3i v\u00e0 ti\u1ebft ki\u1ec7m th\u1eddi gian h\u01a1n.<\/p>\n<p>&#8211; <strong>SmartThings<\/strong> k\u1ebft n\u1ed1i \u0111a thi\u1ebft b\u1ecb v\u00e0 bi\u1ebfn tivi th\u00e0nh trung t\u00e2m \u0111i\u1ec1u khi\u1ec3n gi\u00fap b\u1ea1n d\u1ec5 d\u00e0ng ki\u1ec3m so\u00e1t ho\u1ea1t \u0111\u1ed9ng c\u1ee7a h\u1ec7 th\u1ed1ng \u0111\u00e8n trong nh\u00e0, t\u1ee7 l\u1ea1nh, b\u1ebfp n\u1ea5u,&#8230;<\/p>\n<p>&#8211; T\u00ednh n\u0103ng<strong> AirPlay 2<\/strong> (iPhone) gi\u00fap truy\u1ec1n ph\u00e1t n\u1ed9i dung t\u1eeb \u0111i\u1ec7n tho\u1ea1i l\u00ean tivi \u0111\u1ec3 b\u1ea1n l\u00e0m vi\u1ec7c, h\u1ecdc t\u1eadp th\u00eam thu\u1eadn l\u1ee3i.<\/p>\n<p>&#8211; One Remote d\u00f9ng \u0111\u1ec3 \u0111i\u1ec1u khi\u1ec3n \u0111\u01b0\u1ee3c m\u1ecdi thi\u1ebft b\u1ecb t\u01b0\u01a1ng th\u00edch, n\u1ea1p pin nhanh ch\u00f3ng b\u1eb1ng n\u0103ng l\u01b0\u1ee3ng \u00e1nh m\u1eb7t tr\u1eddi, \u00e1nh \u0111\u00e8n.<\/p>\n<p>&#8211; Ch\u1ebf \u0111\u1ed9 \u0111a m\u00e0n h\u00ecnh <strong>Multi View<\/strong> gi\u00fap ng\u01b0\u1eddi d\u00f9ng tho\u1ea3i m\u00e1i xem 2 ch\u01b0\u01a1ng tr\u00ecnh tr\u00ean tivi v\u00e0 tr\u00ean thi\u1ebft b\u1ecb di \u0111\u1ed9ng c\u00f9ng l\u00fac m\u00e0 kh\u00f4ng ph\u1ea3i xoay chuy\u1ec3n t\u1ea7m m\u1eaft.<\/p>\n<p><em>Nh\u01b0 v\u1eady, <strong>Smart Tivi Neo QLED Samsung 4K 65 inch QA65QN90D<\/strong> v\u1edbi b\u1ed9 x\u1eed l\u00fd AI NQ4 th\u1ebf h\u1ec7 2 c\u00f9ng c\u00e1c c\u00f4ng ngh\u1ec7 <strong>Quantum Matrix Technology, Neo Quantum HDR+, Real Depth Enhancer Pro, OTS+, Q-Symphony Next,<\/strong> h\u1ec7 \u0111i\u1ec1u h\u00e0nh <strong>Tizen\u2122<\/strong>, tr\u1ee3 l\u00fd gi\u1ecdng n\u00f3i <strong>Bixby,..<\/strong>. Cung c\u1ea5p tr\u1ea3i nghi\u1ec7m nghe nh\u00ecn ch\u00e2n th\u1ef1c v\u00e0 s\u1ed1ng \u0111\u1ed9ng gi\u00fap nh\u1eefng gi\u1edd ph\u00fat th\u01b0 gi\u00e3n t\u1ea1i nh\u00e0 c\u1ee7a b\u1ea1n tr\u1edf n\u00ean tr\u00e0n \u0111\u1ea7y th\u00fa v\u1ecb v\u00e0 h\u1ea5p d\u1eabn<\/em> h\u01a1n.<\/p>\n<p><script src=\"chrome-extension:\/\/fpelahbljekknahkcaegamhcndkfpfnc\/iFrame.js\" type=\"text\/javascript\"><\/script><\/p>\n<p><script src=\"chrome-extension:\/\/fpelahbljekknahkcaegamhcndkfpfnc\/iFrame.js\" type=\"text\/javascript\"><\/script><\/p>\n<p><script src=\"chrome-extension:\/\/fpelahbljekknahkcaegamhcndkfpfnc\/iFrame.js\" type=\"text\/javascript\"><\/script><\/p>\n<p><script src=\"chrome-extension:\/\/fpelahbljekknahkcaegamhcndkfpfnc\/iFrame.js\" type=\"text\/javascript\"><\/script><\/p>\n","protected":false},"excerpt":{"rendered":"<p>&nbsp;<\/p>\n<p><script src=\"chrome-extension:\/\/fpelahbljekknahkcaegamhcndkfpfnc\/iFrame.js\" type=\"text\/javascript\"><\/script><\/p>\n<p><script src=\"chrome-extension:\/\/fpelahbljekknahkcaegamhcndkfpfnc\/iFrame.js\" type=\"text\/javascript\"><\/script><\/p>\n<p><script src=\"chrome-extension:\/\/fpelahbljekknahkcaegamhcndkfpfnc\/iFrame.js\" type=\"text\/javascript\"><\/script><\/p>\n<p><script src=\"chrome-extension:\/\/fpelahbljekknahkcaegamhcndkfpfnc\/iFrame.js\" type=\"text\/javascript\"><\/script><\/p>\n<p><script src=\"chrome-extension:\/\/fpelahbljekknahkcaegamhcndkfpfnc\/iFrame.js\" type=\"text\/javascript\"><\/script><\/p>\n<p><script src=\"chrome-extension:\/\/fpelahbljekknahkcaegamhcndkfpfnc\/iFrame.js\" type=\"text\/javascript\"><\/script><\/p>\n<p><script src=\"chrome-extension:\/\/fpelahbljekknahkcaegamhcndkfpfnc\/iFrame.js\" type=\"text\/javascript\"><\/script><\/p>\n","protected":false},"featured_media":6284,"comment_status":"open","ping_status":"closed","template":"","meta":[],"product_brand":[88],"product_cat":[68,76,139],"product_tag":[],"class_list":{"0":"post-4364","1":"product","2":"type-product","3":"status-publish","4":"has-post-thumbnail","6":"product_brand-samsung","7":"product_cat-smart-tv","8":"product_cat-televisions","9":"product_cat-tv-neo-qled","10":"pa_kich-co-man-hinh-65-inch","12":"first","13":"instock","14":"shipping-taxable","15":"purchasable","16":"product-type-simple"},"_links":{"self":[{"href":"https:\/\/tivi-samsung.com\/index.php?rest_route=\/wp\/v2\/product\/4364","targetHints":{"allow":["GET"]}}],"collection":[{"href":"https:\/\/tivi-samsung.com\/index.php?rest_route=\/wp\/v2\/product"}],"about":[{"href":"https:\/\/tivi-samsung.com\/index.php?rest_route=\/wp\/v2\/types\/product"}],"replies":[{"embeddable":true,"href":"https:\/\/tivi-samsung.com\/index.php?rest_route=%2Fwp%2Fv2%2Fcomments&post=4364"}],"version-history":[{"count":9,"href":"https:\/\/tivi-samsung.com\/index.php?rest_route=\/wp\/v2\/product\/4364\/revisions"}],"predecessor-version":[{"id":8407,"href":"https:\/\/tivi-samsung.com\/index.php?rest_route=\/wp\/v2\/product\/4364\/revisions\/8407"}],"wp:featuredmedia":[{"embeddable":true,"href":"https:\/\/tivi-samsung.com\/index.php?rest_route=\/wp\/v2\/media\/6284"}],"wp:attachment":[{"href":"https:\/\/tivi-samsung.com\/index.php?rest_route=%2Fwp%2Fv2%2Fmedia&parent=4364"}],"wp:term":[{"taxonomy":"product_brand","embeddable":true,"href":"https:\/\/tivi-samsung.com\/index.php?rest_route=%2Fwp%2Fv2%2Fproduct_brand&post=4364"},{"taxonomy":"product_cat","embeddable":true,"href":"https:\/\/tivi-samsung.com\/index.php?rest_route=%2Fwp%2Fv2%2Fproduct_cat&post=4364"},{"taxonomy":"product_tag","embeddable":true,"href":"https:\/\/tivi-samsung.com\/index.php?rest_route=%2Fwp%2Fv2%2Fproduct_tag&post=4364"}],"curies":[{"name":"wp","href":"https:\/\/api.w.org\/{rel}","templated":true}]}}