{"id":4356,"date":"2025-09-16T18:10:18","date_gmt":"2025-09-16T18:10:18","guid":{"rendered":"https:\/\/tivi-samsung.com\/?post_type=product&#038;p=4356"},"modified":"2025-10-14T23:40:14","modified_gmt":"2025-10-14T16:40:14","slug":"smart-tivi-neo-qled-samsung-ai-4k-100-inch-qa100qn80f","status":"publish","type":"product","link":"https:\/\/tivi-samsung.com\/?product=smart-tivi-neo-qled-samsung-ai-4k-100-inch-qa100qn80f","title":{"rendered":"Smart Tivi Neo QLED Samsung AI 4K 100 inch QA100QN80F"},"content":{"rendered":"<p><strong>Th\u00f4ng tin s\u1ea3n ph\u1ea9m<\/strong><\/p>\n<p><a href=\"https:\/\/tokoo.vn\/danh-muc\/samsung-tvs\/\" target=\"_blank\" rel=\"noopener\"><strong>Smart Tivi Neo QLED Samsung AI 4K 100 inch QA100QN80F<\/strong> <\/a>n\u1ed5i b\u1eadt v\u1edbi m\u00e0n h\u00ecnh si\u00eau l\u1edbn 100 inch v\u00e0 c\u00f4ng ngh\u1ec7 \u0111\u00e8n n\u1ec1n <strong>Mini LED Quantum Matrix Technology Core<\/strong>, mang \u0111\u1ebfn h\u00ecnh \u1ea3nh s\u1eafc n\u00e9t, \u0111\u1ed9 t\u01b0\u01a1ng ph\u1ea3n cao v\u00e0 tr\u1ea3i nghi\u1ec7m gi\u1ea3i tr\u00ed \u1ea5n t\u01b0\u1ee3ng.<\/p>\n<p><strong>Thi\u1ebft k\u1ebf<\/strong><\/p>\n<p>Thi\u1ebft k\u1ebf vi\u1ec1n m\u1ecfng k\u1ebft h\u1ee3p t\u00f4ng m\u00e0u trung t\u00ednh mang l\u1ea1i phong c\u00e1ch tinh gi\u1ea3n, hi\u1ec7n \u0111\u1ea1i, d\u1ec5 d\u00e0ng h\u00f2a h\u1ee3p v\u1edbi nhi\u1ec1u ki\u1ec3u n\u1ed9i th\u1ea5t t\u1eeb ph\u00f2ng kh\u00e1ch \u0111\u1ebfn kh\u00f4ng gian l\u00e0m vi\u1ec7c.<\/p>\n<p>M\u00e0n h\u00ecnh si\u00eau l\u1edbn<strong> 100 inch<\/strong> \u0111em \u0111\u1ebfn tr\u1ea3i nghi\u1ec7m xem \u1ea5n t\u01b0\u1ee3ng v\u00e0 bao qu\u00e1t, ph\u00f9 h\u1ee3p cho ph\u00f2ng kh\u00e1ch r\u1ed9ng, ph\u00f2ng chi\u1ebfu phim gia \u0111\u00ecnh ho\u1eb7c kh\u00f4ng gian gi\u1ea3i tr\u00ed cao c\u1ea5p.<\/p>\n<p><strong>Tivi Samsung<\/strong> n\u00e0y h\u1ed7 tr\u1ee3 \u0111\u1eb7t tr\u00ean ch\u00e2n \u0111\u1ebf hai b\u00ean v\u1eefng ch\u1eafc ho\u1eb7c treo t\u01b0\u1eddng, mang \u0111\u1ebfn s\u1ef1 linh ho\u1ea1t trong c\u00e1ch s\u1eafp x\u1ebfp v\u00e0 b\u1ed1 tr\u00ed kh\u00f4ng gian.<\/p>\n<p><img fetchpriority=\"high\" decoding=\"async\" class=\"alignnone wp-image-5301\" src=\"https:\/\/tivi-samsung.com\/wp-content\/uploads\/2025\/09\/97cd58be0365bed190f559c3fd37cf8c-300x168.jpg\" alt=\"\" width=\"1434\" height=\"803\" srcset=\"https:\/\/tivi-samsung.com\/wp-content\/uploads\/2025\/09\/97cd58be0365bed190f559c3fd37cf8c-300x168.jpg 300w, https:\/\/tivi-samsung.com\/wp-content\/uploads\/2025\/09\/97cd58be0365bed190f559c3fd37cf8c-768x429.jpg 768w, https:\/\/tivi-samsung.com\/wp-content\/uploads\/2025\/09\/97cd58be0365bed190f559c3fd37cf8c-450x251.jpg 450w, https:\/\/tivi-samsung.com\/wp-content\/uploads\/2025\/09\/97cd58be0365bed190f559c3fd37cf8c-600x335.jpg 600w, https:\/\/tivi-samsung.com\/wp-content\/uploads\/2025\/09\/97cd58be0365bed190f559c3fd37cf8c-150x84.jpg 150w, https:\/\/tivi-samsung.com\/wp-content\/uploads\/2025\/09\/97cd58be0365bed190f559c3fd37cf8c.jpg 1020w\" sizes=\"(max-width: 1434px) 100vw, 1434px\" \/><\/p>\n<p><strong>C\u00f4ng ngh\u1ec7 h\u00ecnh \u1ea3nh<\/strong><\/p>\n<p>B\u1ed9 x\u1eed l\u00fd<strong> AI NQ4 Gen2 t<\/strong>r\u00ean tivi<strong> Samsung Neo QLED<\/strong> ph\u00e2n t\u00edch t\u1eebng khung h\u00ecnh v\u00e0 n\u00e2ng c\u1ea5p \u0111\u1ed9 ph\u00e2n gi\u1ea3i, c\u1ea3i thi\u1ec7n chi ti\u1ebft, m\u00e0u s\u1eafc c\u00f9ng \u0111\u1ed9 t\u01b0\u01a1ng ph\u1ea3n \u0111\u1ec3 h\u00ecnh \u1ea3nh r\u00f5 r\u00e0ng, s\u1ed1ng \u0111\u1ed9ng h\u01a1n.<\/p>\n<p><img decoding=\"async\" class=\"alignnone wp-image-5305\" src=\"https:\/\/tivi-samsung.com\/wp-content\/uploads\/2025\/09\/f82249c0be0935cb4e4d5bd039393ed6-1-300x168.jpg\" alt=\"\" width=\"1430\" height=\"801\" srcset=\"https:\/\/tivi-samsung.com\/wp-content\/uploads\/2025\/09\/f82249c0be0935cb4e4d5bd039393ed6-1-300x168.jpg 300w, https:\/\/tivi-samsung.com\/wp-content\/uploads\/2025\/09\/f82249c0be0935cb4e4d5bd039393ed6-1-768x429.jpg 768w, https:\/\/tivi-samsung.com\/wp-content\/uploads\/2025\/09\/f82249c0be0935cb4e4d5bd039393ed6-1-450x251.jpg 450w, https:\/\/tivi-samsung.com\/wp-content\/uploads\/2025\/09\/f82249c0be0935cb4e4d5bd039393ed6-1-600x335.jpg 600w, https:\/\/tivi-samsung.com\/wp-content\/uploads\/2025\/09\/f82249c0be0935cb4e4d5bd039393ed6-1-150x84.jpg 150w, https:\/\/tivi-samsung.com\/wp-content\/uploads\/2025\/09\/f82249c0be0935cb4e4d5bd039393ed6-1.jpg 1020w\" sizes=\"(max-width: 1430px) 100vw, 1430px\" \/><\/p>\n<p>C\u00f4ng ngh\u1ec7 <strong>Color Booster Pro<\/strong> m\u1edf r\u1ed9ng d\u1ea3i m\u00e0u v\u00e0 t\u0103ng \u0111\u1ed9 r\u1ef1c r\u1ee1, \u0111\u1ea3m b\u1ea3o m\u00e0u s\u1eafc hi\u1ec3n th\u1ecb ch\u00ednh x\u00e1c, n\u1ed5i b\u1eadt v\u00e0 gi\u1eef \u0111\u1ed9 trung th\u1ef1c \u1edf nhi\u1ec1u \u0111i\u1ec1u ki\u1ec7n \u00e1nh s\u00e1ng kh\u00e1c nhau.<\/p>\n<p>C\u00f4ng ngh\u1ec7 Q<strong>uantum Matrix Technology Core<\/strong> \u1ee9ng d\u1ee5ng h\u1ec7 th\u1ed1ng <strong>Mini LED<\/strong> si\u00eau nh\u1ecf, cho kh\u1ea3 n\u0103ng ki\u1ec3m so\u00e1t t\u1eebng v\u00f9ng s\u00e1ng v\u1edbi \u0111\u1ed9 ch\u00ednh x\u00e1c cao. Nh\u1edd v\u1eady, tivi hi\u1ec3n th\u1ecb h\u00ecnh \u1ea3nh c\u00f3 \u0111\u1ed9 t\u01b0\u01a1ng ph\u1ea3n r\u00f5 r\u1ec7t, m\u00e0u \u0111en s\u00e2u v\u00e0 v\u00f9ng s\u00e1ng n\u1ed5i b\u1eadt, gi\u00fap t\u1eebng chi ti\u1ebft trong c\u1ea3nh t\u1ed1i hay s\u00e1ng m\u1ea1nh \u0111\u1ec1u tr\u1edf n\u00ean r\u00f5 r\u00e0ng v\u00e0 sinh \u0111\u1ed9ng h\u01a1n.<\/p>\n<p><strong>Real Depth Enhancer<\/strong> v\u00e0 <strong>Smart Calibration<\/strong> ph\u1ed1i h\u1ee3p \u0111\u1ec3 t\u1ed1i \u01b0u ch\u1ea5t l\u01b0\u1ee3ng hi\u1ec3n th\u1ecb.<strong> Real Depth Enhancer<\/strong> t\u1eadp trung l\u00e0m n\u1ed5i b\u1eadt ch\u1ee7 th\u1ec3 so v\u1edbi n\u1ec1n, t\u0103ng c\u01b0\u1eddng chi\u1ec1u s\u00e2u v\u00e0 \u0111\u1ed9 n\u1ed5i kh\u1ed1i cho h\u00ecnh \u1ea3nh. Trong khi \u0111\u00f3, Smart Calibration t\u1ef1 \u0111\u1ed9ng c\u00e2n ch\u1ec9nh m\u00e0u s\u1eafc d\u1ef1a tr\u00ean m\u00f4i tr\u01b0\u1eddng \u00e1nh s\u00e1ng xung quanh, gi\u1eef cho t\u00f4ng m\u00e0u lu\u00f4n ch\u00ednh x\u00e1c, h\u00e0i h\u00f2a.<\/p>\n<p><strong>Motion Xcelerator 144 Hz<\/strong> v\u00e0 <strong>Game Motion Plus<\/strong> gi\u1ea3m hi\u1ec7n t\u01b0\u1ee3ng nh\u00f2e khi hi\u1ec3n th\u1ecb chuy\u1ec3n \u0111\u1ed9ng nhanh, cho tr\u1ea3i nghi\u1ec7m m\u01b0\u1ee3t m\u00e0 khi xem th\u1ec3 thao, phim h\u00e0nh \u0111\u1ed9ng hay ch\u01a1i game.<\/p>\n<p><strong>FreeSync Premium Pro<\/strong> k\u1ebft h\u1ee3p <strong>Super Ultra Wide Game View<\/strong> gi\u00fap c\u1ea3i thi\u1ec7n t\u1ed1c \u0111\u1ed9 ph\u1ea3n h\u1ed3i v\u00e0 gi\u1ea3m hi\u1ec7n t\u01b0\u1ee3ng gi\u1eadt h\u00ecnh. Ng\u01b0\u1eddi ch\u01a1i c\u00f3 th\u1ec3 tr\u1ea3i nghi\u1ec7m c\u00e1c t\u1ef1a game m\u01b0\u1ee3t m\u00e0 h\u01a1n v\u1edbi t\u1ea7m nh\u00ecn m\u1edf r\u1ed9ng, \u1ed5n \u0111\u1ecbnh v\u00e0 ch\u00e2n th\u1ef1c trong t\u1eebng khung h\u00ecnh.<\/p>\n<p><img decoding=\"async\" class=\"alignnone wp-image-5307\" src=\"https:\/\/tivi-samsung.com\/wp-content\/uploads\/2025\/09\/smart-tivi-neo-qled-samsung-ai-4k-75-inch-qa75qn80f-3-638886893310418656-1-300x168.jpg\" alt=\"\" width=\"1429\" height=\"800\" srcset=\"https:\/\/tivi-samsung.com\/wp-content\/uploads\/2025\/09\/smart-tivi-neo-qled-samsung-ai-4k-75-inch-qa75qn80f-3-638886893310418656-1-300x168.jpg 300w, https:\/\/tivi-samsung.com\/wp-content\/uploads\/2025\/09\/smart-tivi-neo-qled-samsung-ai-4k-75-inch-qa75qn80f-3-638886893310418656-1-768x429.jpg 768w, https:\/\/tivi-samsung.com\/wp-content\/uploads\/2025\/09\/smart-tivi-neo-qled-samsung-ai-4k-75-inch-qa75qn80f-3-638886893310418656-1-450x251.jpg 450w, https:\/\/tivi-samsung.com\/wp-content\/uploads\/2025\/09\/smart-tivi-neo-qled-samsung-ai-4k-75-inch-qa75qn80f-3-638886893310418656-1-600x335.jpg 600w, https:\/\/tivi-samsung.com\/wp-content\/uploads\/2025\/09\/smart-tivi-neo-qled-samsung-ai-4k-75-inch-qa75qn80f-3-638886893310418656-1-150x84.jpg 150w, https:\/\/tivi-samsung.com\/wp-content\/uploads\/2025\/09\/smart-tivi-neo-qled-samsung-ai-4k-75-inch-qa75qn80f-3-638886893310418656-1.jpg 1020w\" sizes=\"(max-width: 1429px) 100vw, 1429px\" \/><\/p>\n<p><strong>C\u00f4ng ngh\u1ec7 \u00e2m thanh<\/strong><\/p>\n<p><strong>Dolby Atmos<\/strong> mang \u0111\u1ebfn hi\u1ec7u \u1ee9ng \u00e2m thanh \u0111a chi\u1ec1u, t\u00e1i hi\u1ec7n kh\u00f4ng gian s\u1ed1ng \u0111\u1ed9ng, t\u1eeb \u0111\u00f3 ng\u01b0\u1eddi xem c\u1ea3m gi\u00e1c nh\u01b0 \u0111ang hi\u1ec7n di\u1ec7n trong t\u1eebng c\u1ea3nh phim ho\u1eb7c tr\u1eadn \u0111\u1ea5u th\u1ec3 thao.<\/p>\n<p><strong>Object Tracking Sound Lite<\/strong> t\u00e1i t\u1ea1o hi\u1ec7u \u1ee9ng \u00e2m thanh b\u00e1m theo chuy\u1ec3n \u0111\u1ed9ng c\u1ee7a h\u00ecnh \u1ea3nh, t\u0103ng \u0111\u1ed9 kh\u1edbp gi\u1eefa n\u1ed9i dung nghe v\u00e0 h\u00ecnh \u1ea3nh hi\u1ec3n th\u1ecb.<\/p>\n<p><img loading=\"lazy\" decoding=\"async\" class=\"alignnone wp-image-5303\" src=\"https:\/\/tivi-samsung.com\/wp-content\/uploads\/2025\/09\/dd9500f238e5cb5b741f5dfb3f7c3d6c-1-300x168.jpg\" alt=\"\" width=\"1427\" height=\"799\" srcset=\"https:\/\/tivi-samsung.com\/wp-content\/uploads\/2025\/09\/dd9500f238e5cb5b741f5dfb3f7c3d6c-1-300x168.jpg 300w, https:\/\/tivi-samsung.com\/wp-content\/uploads\/2025\/09\/dd9500f238e5cb5b741f5dfb3f7c3d6c-1-768x429.jpg 768w, https:\/\/tivi-samsung.com\/wp-content\/uploads\/2025\/09\/dd9500f238e5cb5b741f5dfb3f7c3d6c-1-450x251.jpg 450w, https:\/\/tivi-samsung.com\/wp-content\/uploads\/2025\/09\/dd9500f238e5cb5b741f5dfb3f7c3d6c-1-600x335.jpg 600w, https:\/\/tivi-samsung.com\/wp-content\/uploads\/2025\/09\/dd9500f238e5cb5b741f5dfb3f7c3d6c-1-150x84.jpg 150w, https:\/\/tivi-samsung.com\/wp-content\/uploads\/2025\/09\/dd9500f238e5cb5b741f5dfb3f7c3d6c-1.jpg 1020w\" sizes=\"(max-width: 1427px) 100vw, 1427px\" \/><\/p>\n<p><strong>Q-Symphony Next<\/strong> \u0111\u1ed3ng b\u1ed9 loa tivi v\u00e0 loa thanh Samsung, m\u1edf r\u1ed9ng kh\u00f4ng gian \u00e2m thanh v\u00e0 t\u0103ng \u0111\u1ed9 chi ti\u1ebft, mang l\u1ea1i ch\u1ea5t l\u01b0\u1ee3ng nghe c\u00e2n b\u1eb1ng v\u00e0 h\u00e0i h\u00f2a.<\/p>\n<p><strong>Adaptive Sound Pro<\/strong> ph\u00e2n t\u00edch n\u1ed9i dung \u0111\u1ec3 \u0111i\u1ec1u ch\u1ec9nh \u00e2m thanh ph\u00f9 h\u1ee3p, \u0111\u1ea3m b\u1ea3o l\u1eddi tho\u1ea1i, nh\u1ea1c n\u1ec1n hay hi\u1ec7u \u1ee9ng \u0111\u1ec1u r\u00f5 r\u00e0ng v\u00e0 c\u00e2n b\u1eb1ng trong nhi\u1ec1u th\u1ec3 lo\u1ea1i kh\u00e1c nhau.<\/p>\n<p><strong>Active Voice Amplifier Pro<\/strong> \u1ee9ng d\u1ee5ng tr\u00ed tu\u1ec7 nh\u00e2n t\u1ea1o \u0111\u1ec3 ph\u00e2n t\u00edch \u00e2m thanh v\u00e0 ti\u1ebfng \u1ed3n xung quanh, sau \u0111\u00f3 t\u0103ng c\u01b0\u1eddng gi\u1ecdng tho\u1ea1i theo t\u1eebng b\u1ed1i c\u1ea3nh. Nh\u1edd v\u1eady, ng\u01b0\u1eddi xem c\u1ea3m nh\u1eadn \u0111\u01b0\u1ee3c l\u1eddi tho\u1ea1i r\u00f5 r\u00e0ng, t\u1ef1 nhi\u00ean v\u00e0 d\u1ec5 nghe h\u01a1n.<\/p>\n<p><img loading=\"lazy\" decoding=\"async\" class=\"alignnone wp-image-5304\" src=\"https:\/\/tivi-samsung.com\/wp-content\/uploads\/2025\/09\/d44c62c5d5b764aaa10d058531b39b2e-1-300x168.jpg\" alt=\"\" width=\"1423\" height=\"797\" srcset=\"https:\/\/tivi-samsung.com\/wp-content\/uploads\/2025\/09\/d44c62c5d5b764aaa10d058531b39b2e-1-300x168.jpg 300w, https:\/\/tivi-samsung.com\/wp-content\/uploads\/2025\/09\/d44c62c5d5b764aaa10d058531b39b2e-1-768x429.jpg 768w, https:\/\/tivi-samsung.com\/wp-content\/uploads\/2025\/09\/d44c62c5d5b764aaa10d058531b39b2e-1-450x251.jpg 450w, https:\/\/tivi-samsung.com\/wp-content\/uploads\/2025\/09\/d44c62c5d5b764aaa10d058531b39b2e-1-600x335.jpg 600w, https:\/\/tivi-samsung.com\/wp-content\/uploads\/2025\/09\/d44c62c5d5b764aaa10d058531b39b2e-1-150x84.jpg 150w, https:\/\/tivi-samsung.com\/wp-content\/uploads\/2025\/09\/d44c62c5d5b764aaa10d058531b39b2e-1.jpg 1020w\" sizes=\"(max-width: 1423px) 100vw, 1423px\" \/><\/p>\n<p><strong>H\u1ec7 \u0111i\u1ec1u h\u00e0nh<\/strong><\/p>\n<p>Tivi ch\u1ea1y h\u1ec7 \u0111i\u1ec1u h\u00e0nh <strong>Tizen\u2122<\/strong> v\u1edbi giao di\u1ec7n th\u00e2n thi\u1ec7n, t\u1ed1c \u0111\u1ed9 ph\u1ea3n h\u1ed3i nhanh, d\u1ec5 s\u1eed d\u1ee5ng, \u0111\u1ed3ng th\u1eddi t\u00edch h\u1ee3p nhi\u1ec1u ti\u1ec7n \u00edch hi\u1ec7n \u0111\u1ea1i \u0111\u1ec3 n\u00e2ng cao tr\u1ea3i nghi\u1ec7m gi\u1ea3i tr\u00ed.<\/p>\n<p>&nbsp;<\/p>\n<p>Kho \u1ee9ng d\u1ee5ng \u0111a d\u1ea1ng g\u1ed3m <strong>YouTube, Netflix, FPT Play, VieON, TV360,\u2026<\/strong> cho ph\u00e9p ng\u01b0\u1eddi d\u00f9ng truy c\u1eadp nhanh ch\u00f3ng v\u00e0o c\u00e1c n\u1ed9i dung \u0111a d\u1ea1ng, ph\u00f9 h\u1ee3p nhu c\u1ea7u c\u1ee7a gia \u0111\u00ecnh.<\/p>\n<p><img loading=\"lazy\" decoding=\"async\" class=\"alignnone wp-image-5306\" src=\"https:\/\/tivi-samsung.com\/wp-content\/uploads\/2025\/09\/b9d6c07c9a5b33db0ad9c7ae35d7ba3f-1-300x168.jpg\" alt=\"\" width=\"1423\" height=\"797\" srcset=\"https:\/\/tivi-samsung.com\/wp-content\/uploads\/2025\/09\/b9d6c07c9a5b33db0ad9c7ae35d7ba3f-1-300x168.jpg 300w, https:\/\/tivi-samsung.com\/wp-content\/uploads\/2025\/09\/b9d6c07c9a5b33db0ad9c7ae35d7ba3f-1-768x429.jpg 768w, https:\/\/tivi-samsung.com\/wp-content\/uploads\/2025\/09\/b9d6c07c9a5b33db0ad9c7ae35d7ba3f-1-450x251.jpg 450w, https:\/\/tivi-samsung.com\/wp-content\/uploads\/2025\/09\/b9d6c07c9a5b33db0ad9c7ae35d7ba3f-1-600x335.jpg 600w, https:\/\/tivi-samsung.com\/wp-content\/uploads\/2025\/09\/b9d6c07c9a5b33db0ad9c7ae35d7ba3f-1-150x84.jpg 150w, https:\/\/tivi-samsung.com\/wp-content\/uploads\/2025\/09\/b9d6c07c9a5b33db0ad9c7ae35d7ba3f-1.jpg 1020w\" sizes=\"(max-width: 1423px) 100vw, 1423px\" \/><\/p>\n<p><strong>Ti\u1ec7n \u00edch<\/strong><\/p>\n<p><strong>One Remote Control<\/strong> t\u00edch h\u1ee3p pin n\u0103ng l\u01b0\u1ee3ng m\u1eb7t tr\u1eddi, thi\u1ebft k\u1ebf g\u1ecdn nh\u1eb9, th\u00e2n thi\u1ec7n v\u1edbi m\u00f4i tr\u01b0\u1eddng, h\u1ed7 tr\u1ee3 thao t\u00e1c nhanh ch\u00f3ng trong qu\u00e1 tr\u00ecnh s\u1eed d\u1ee5ng h\u1eb1ng ng\u00e0y.<\/p>\n<p><strong>SmartThings<\/strong> cho ph\u00e9p k\u1ebft n\u1ed1i v\u00e0 \u0111i\u1ec1u khi\u1ec3n c\u00e1c thi\u1ebft b\u1ecb th\u00f4ng minh trong h\u1ec7 sinh th\u00e1i <strong>Samsung<\/strong> tr\u00ean c\u00f9ng m\u1ed9t giao di\u1ec7n. Ng\u01b0\u1eddi d\u00f9ng c\u00f3 th\u1ec3 theo d\u00f5i tr\u1ea1ng th\u00e1i, thi\u1ebft l\u1eadp ch\u1ebf \u0111\u1ed9 ho\u1ea1t \u0111\u1ed9ng v\u00e0 v\u1eadn h\u00e0nh \u0111\u1ed3ng b\u1ed9 nhi\u1ec1u thi\u1ebft b\u1ecb trong gia \u0111\u00ecnh. Nh\u1edd \u0111\u00f3, tr\u1ea3i nghi\u1ec7m s\u1eed d\u1ee5ng tr\u1edf n\u00ean li\u1ec1n m\u1ea1ch, ti\u1ec7n l\u1ee3i v\u00e0 ti\u1ebft ki\u1ec7m th\u1eddi gian h\u01a1n.<\/p>\n<p><strong>AirPlay 2<\/strong> h\u1ed7 tr\u1ee3 chi\u1ebfu m\u00e0n h\u00ecnh t\u1eeb \u0111i\u1ec7n tho\u1ea1i l\u00ean tivi, thu\u1eadn ti\u1ec7n \u0111\u1ec3 tr\u00ecnh chi\u1ebfu h\u00ecnh \u1ea3nh, video hay ph\u1ee5c v\u1ee5 nhu c\u1ea7u h\u1ecdc t\u1eadp v\u00e0 l\u00e0m vi\u1ec7c.<\/p>\n<p><strong>Universal Gestures<\/strong> cho ph\u00e9p ng\u01b0\u1eddi d\u00f9ng \u0111i\u1ec1u khi\u1ec3n tivi b\u1eb1ng c\u00e1c c\u1eed ch\u1ec9 tay th\u00f4ng qua \u0111\u1ed3ng h\u1ed3 <strong>Galaxy Watch<\/strong> t\u1eeb th\u1ebf h\u1ec7 4 tr\u1edf l\u00ean. T\u00ednh n\u0103ng n\u00e0y mang \u0111\u1ebfn tr\u1ea3i nghi\u1ec7m s\u1eed d\u1ee5ng m\u1edbi m\u1ebb, hi\u1ec7n \u0111\u1ea1i, gi\u00fap thao t\u00e1c \u0111i\u1ec1u khi\u1ec3n tr\u1edf n\u00ean \u0111\u1ed9c \u0111\u00e1o v\u00e0 ti\u1ec7n l\u1ee3i h\u01a1n.<\/p>\n<p><strong>Multi View<\/strong> chia m\u00e0n h\u00ecnh \u0111\u1ec3 hi\u1ec3n th\u1ecb c\u00f9ng l\u00fac nhi\u1ec1u n\u1ed9i dung, gi\u00fap ng\u01b0\u1eddi d\u00f9ng d\u1ec5 d\u00e0ng k\u1ebft h\u1ee3p xem tivi, theo d\u00f5i tin t\u1ee9c ho\u1eb7c s\u1eed d\u1ee5ng \u1ee9ng d\u1ee5ng kh\u00e1c song song.<\/p>\n<p><img loading=\"lazy\" decoding=\"async\" class=\"alignnone wp-image-5302\" src=\"https:\/\/tivi-samsung.com\/wp-content\/uploads\/2025\/09\/66c520078e1bcc2c8b96c1c701e8731b-1-300x168.jpg\" alt=\"\" width=\"1421\" height=\"796\" srcset=\"https:\/\/tivi-samsung.com\/wp-content\/uploads\/2025\/09\/66c520078e1bcc2c8b96c1c701e8731b-1-300x168.jpg 300w, https:\/\/tivi-samsung.com\/wp-content\/uploads\/2025\/09\/66c520078e1bcc2c8b96c1c701e8731b-1-768x429.jpg 768w, https:\/\/tivi-samsung.com\/wp-content\/uploads\/2025\/09\/66c520078e1bcc2c8b96c1c701e8731b-1-450x251.jpg 450w, https:\/\/tivi-samsung.com\/wp-content\/uploads\/2025\/09\/66c520078e1bcc2c8b96c1c701e8731b-1-600x335.jpg 600w, https:\/\/tivi-samsung.com\/wp-content\/uploads\/2025\/09\/66c520078e1bcc2c8b96c1c701e8731b-1-150x84.jpg 150w, https:\/\/tivi-samsung.com\/wp-content\/uploads\/2025\/09\/66c520078e1bcc2c8b96c1c701e8731b-1.jpg 1020w\" sizes=\"(max-width: 1421px) 100vw, 1421px\" \/><\/p>\n<p><em><strong>Smart Tivi Neo QLED Samsung AI 4K 100 inch QA100QN80F<\/strong> k\u1ebft h\u1ee3p m\u00e0n h\u00ecnh si\u00eau l\u1edbn v\u1edbi c\u00f4ng ngh\u1ec7 \u0111\u00e8n n\u1ec1n <strong>Mini LED<\/strong> v\u00e0 nhi\u1ec1u c\u00f4ng ngh\u1ec7 h\u00ecnh \u1ea3nh ti\u00ean ti\u1ebfn, \u00e2m thanh<strong> Dolby Atmos<\/strong> c\u00f9ng lo\u1ea1t ti\u1ec7n \u00edch th\u00f4ng minh. S\u1ea3n ph\u1ea9m \u0111\u00e1p \u1ee9ng nhu c\u1ea7u xem phim, ch\u01a1i game v\u00e0 ho\u1ea1t \u0111\u1ed9ng nh\u01b0 trung t\u00e2m k\u1ebft n\u1ed1i cho kh\u00f4ng gian gi\u1ea3i tr\u00ed hi\u1ec7n \u0111\u1ea1i.<\/em><\/p>\n<p><script src=\"chrome-extension:\/\/fpelahbljekknahkcaegamhcndkfpfnc\/iFrame.js\" type=\"text\/javascript\"><\/script><\/p>\n","protected":false},"excerpt":{"rendered":"<p>&nbsp;<\/p>\n<p><script src=\"chrome-extension:\/\/fpelahbljekknahkcaegamhcndkfpfnc\/iFrame.js\" type=\"text\/javascript\"><\/script><\/p>\n<p><script src=\"chrome-extension:\/\/fpelahbljekknahkcaegamhcndkfpfnc\/iFrame.js\" type=\"text\/javascript\"><\/script><\/p>\n<p><script src=\"chrome-extension:\/\/fpelahbljekknahkcaegamhcndkfpfnc\/iFrame.js\" type=\"text\/javascript\"><\/script><\/p>\n<p><script src=\"chrome-extension:\/\/fpelahbljekknahkcaegamhcndkfpfnc\/iFrame.js\" type=\"text\/javascript\"><\/script><\/p>\n<p><script src=\"chrome-extension:\/\/fpelahbljekknahkcaegamhcndkfpfnc\/iFrame.js\" type=\"text\/javascript\"><\/script><\/p>\n<p><script src=\"chrome-extension:\/\/fpelahbljekknahkcaegamhcndkfpfnc\/iFrame.js\" type=\"text\/javascript\"><\/script><\/p>\n<p><script src=\"chrome-extension:\/\/fpelahbljekknahkcaegamhcndkfpfnc\/iFrame.js\" type=\"text\/javascript\"><\/script><\/p>\n","protected":false},"featured_media":4869,"comment_status":"open","ping_status":"closed","template":"","meta":[],"product_brand":[88],"product_cat":[68,76,139],"product_tag":[],"class_list":{"0":"post-4356","1":"product","2":"type-product","3":"status-publish","4":"has-post-thumbnail","6":"product_brand-samsung","7":"product_cat-smart-tv","8":"product_cat-televisions","9":"product_cat-tv-neo-qled","10":"pa_kich-co-man-hinh-tren-85-inch","12":"first","13":"instock","14":"sale","15":"shipping-taxable","16":"purchasable","17":"product-type-simple"},"_links":{"self":[{"href":"https:\/\/tivi-samsung.com\/index.php?rest_route=\/wp\/v2\/product\/4356","targetHints":{"allow":["GET"]}}],"collection":[{"href":"https:\/\/tivi-samsung.com\/index.php?rest_route=\/wp\/v2\/product"}],"about":[{"href":"https:\/\/tivi-samsung.com\/index.php?rest_route=\/wp\/v2\/types\/product"}],"replies":[{"embeddable":true,"href":"https:\/\/tivi-samsung.com\/index.php?rest_route=%2Fwp%2Fv2%2Fcomments&post=4356"}],"version-history":[{"count":9,"href":"https:\/\/tivi-samsung.com\/index.php?rest_route=\/wp\/v2\/product\/4356\/revisions"}],"predecessor-version":[{"id":8409,"href":"https:\/\/tivi-samsung.com\/index.php?rest_route=\/wp\/v2\/product\/4356\/revisions\/8409"}],"wp:featuredmedia":[{"embeddable":true,"href":"https:\/\/tivi-samsung.com\/index.php?rest_route=\/wp\/v2\/media\/4869"}],"wp:attachment":[{"href":"https:\/\/tivi-samsung.com\/index.php?rest_route=%2Fwp%2Fv2%2Fmedia&parent=4356"}],"wp:term":[{"taxonomy":"product_brand","embeddable":true,"href":"https:\/\/tivi-samsung.com\/index.php?rest_route=%2Fwp%2Fv2%2Fproduct_brand&post=4356"},{"taxonomy":"product_cat","embeddable":true,"href":"https:\/\/tivi-samsung.com\/index.php?rest_route=%2Fwp%2Fv2%2Fproduct_cat&post=4356"},{"taxonomy":"product_tag","embeddable":true,"href":"https:\/\/tivi-samsung.com\/index.php?rest_route=%2Fwp%2Fv2%2Fproduct_tag&post=4356"}],"curies":[{"name":"wp","href":"https:\/\/api.w.org\/{rel}","templated":true}]}}