{"id":4353,"date":"2025-09-16T18:07:54","date_gmt":"2025-09-16T18:07:54","guid":{"rendered":"https:\/\/tivi-samsung.com\/?post_type=product&#038;p=4353"},"modified":"2025-10-14T23:41:00","modified_gmt":"2025-10-14T16:41:00","slug":"smart-tivi-neo-qled-samsung-8k-65-inch-qa65qn800d","status":"publish","type":"product","link":"https:\/\/tivi-samsung.com\/?product=smart-tivi-neo-qled-samsung-8k-65-inch-qa65qn800d","title":{"rendered":"Smart Tivi Neo QLED Samsung 8K 65 inch QA65QN800D"},"content":{"rendered":"<p><strong>Th\u00f4ng tin s\u1ea3n ph\u1ea9m<\/strong><\/p>\n<p><a href=\"https:\/\/tokoo.vn\/danh-muc\/samsung-tvs\/\" target=\"_blank\" rel=\"noopener\"><em><strong>Smart Tivi Neo QLED Samsung 8K 65 inch QA65QN800D<\/strong> <\/em><\/a>cho b\u1ea1n th\u01b0\u1edfng th\u1ee9c khung h\u00ecnh 8K tuy\u1ec7t m\u1ef9 v\u1edbi b\u1ed9 x\u1eed l\u00fd<strong> AI NQ8<\/strong> th\u1ebf h\u1ec7 2, h\u1ed7 tr\u1ee3 c\u00f4ng ngh\u1ec7 <strong>8K AI Upscaling<\/strong> gi\u00fap n\u00e2ng c\u1ea5p n\u1ed9i dung l\u00ean ch\u1ea5t l\u01b0\u1ee3ng 8K b\u1eb1ng AI v\u00e0 256 m\u1ea1ng m\u00f4 ph\u1ecfng th\u1ea7n kinh. Trang b\u1ecb c\u00f4ng ngh\u1ec7 <strong>Quantum Matrix Pro<\/strong> t\u00e1i t\u1ea1o h\u00ecnh \u1ea3nh chi ti\u1ebft b\u1ea5t ng\u1edd, th\u01b0\u1edfng th\u1ee9c \u00e2m thanh m\u1ea1nh m\u1ebd, s\u1ed1ng \u0111\u1ed9ng c\u00f9ng c\u00f4ng Ngh\u1ec7<strong> OTS+, Dolby Atmos<\/strong> v\u1edbi t\u1ed5ng c\u00f4ng su\u1ea5t loa 70W, h\u1ec7 \u0111i\u1ec1u h\u00e0nh <strong>Tizen\u2122<\/strong> c\u1ea3i ti\u1ebfn m\u1edf ra th\u1ebf gi\u1edbi gi\u1ea3i tr\u00ed \u0111a d\u1ea1ng.<\/p>\n<p><strong>T\u1ed5ng quan thi\u1ebft k\u1ebf<\/strong><br \/>\n&#8211; M\u1eabu <strong>Smart tivi Samsung<\/strong> n\u00e0y \u0111\u01b0\u1ee3c ho\u00e0n thi\u1ec7n theo xu h\u01b0\u1edbng v\u1ebb \u0111\u1eb9p t\u1ed1i gi\u1ea3n<\/p>\n<p>&#8211; <strong>Infinity One<\/strong>, thi\u1ebft k\u1ebf m\u1ecfng v\u1edbi chi ti\u1ebft s\u1eafc s\u1ea3o, g\u00f3p ph\u1ea7n n\u00e2ng t\u1ea7m s\u1ef1 tinh t\u1ebf, \u0111\u1eb3ng c\u1ea5p cho kh\u00f4ng gian s\u1ed1ng c\u1ee7a b\u1ea1n.<\/p>\n<p>&#8211; K\u00edch c\u1ee1 m\u00e0n h\u00ecnh<strong> 65 inch<\/strong> trang tr\u00ed h\u00e0i h\u00f2a trong nh\u1eefng c\u0103n ph\u00f2ng c\u00f3 di\u1ec7n t\u00edch r\u1ed9ng.<\/p>\n<p>&#8211; Ch\u00e2n \u0111\u1ebf kim lo\u1ea1i c\u00f3 \u0111\u1ed9 b\u1ec1n cao, thi\u1ebft k\u1ebf r\u1eafn ch\u1eafc gi\u00fap n\u00e2ng \u0111\u1ee1 tivi c\u00e2n b\u1eb1ng v\u00e0 kh\u00f4ng lo ng\u1ea1i b\u1ecb \u0111\u1ed5, nghi\u00eang khi b\u1ed1 tr\u00ed ki\u1ec3u \u0111\u1ec3 b\u00e0n.<\/p>\n<p><img fetchpriority=\"high\" decoding=\"async\" class=\"alignnone wp-image-5318\" src=\"https:\/\/tivi-samsung.com\/wp-content\/uploads\/2025\/09\/tivi-neo-qled-samsung-8k-65-inch-qa65qn800d-1-1020x570-1-300x168.jpg\" alt=\"\" width=\"1423\" height=\"797\" srcset=\"https:\/\/tivi-samsung.com\/wp-content\/uploads\/2025\/09\/tivi-neo-qled-samsung-8k-65-inch-qa65qn800d-1-1020x570-1-300x168.jpg 300w, https:\/\/tivi-samsung.com\/wp-content\/uploads\/2025\/09\/tivi-neo-qled-samsung-8k-65-inch-qa65qn800d-1-1020x570-1-768x429.jpg 768w, https:\/\/tivi-samsung.com\/wp-content\/uploads\/2025\/09\/tivi-neo-qled-samsung-8k-65-inch-qa65qn800d-1-1020x570-1-450x251.jpg 450w, https:\/\/tivi-samsung.com\/wp-content\/uploads\/2025\/09\/tivi-neo-qled-samsung-8k-65-inch-qa65qn800d-1-1020x570-1-600x335.jpg 600w, https:\/\/tivi-samsung.com\/wp-content\/uploads\/2025\/09\/tivi-neo-qled-samsung-8k-65-inch-qa65qn800d-1-1020x570-1-150x84.jpg 150w, https:\/\/tivi-samsung.com\/wp-content\/uploads\/2025\/09\/tivi-neo-qled-samsung-8k-65-inch-qa65qn800d-1-1020x570-1.jpg 1020w\" sizes=\"(max-width: 1423px) 100vw, 1423px\" \/><\/p>\n<p><strong>C\u00f4ng ngh\u1ec7 h\u00ecnh \u1ea3nh<\/strong><br \/>\n&#8211; \u0110\u1ed9 ph\u00e2n gi\u1ea3i 8K (7.680 x 4.320 pixel) cho \u0111\u1ed9 s\u1eafc n\u00e9t g\u1ea5p 4 l\u1ea7n m\u00e0n h\u00ecnh 4K.<\/p>\n<p>&#8211; B\u1ed9 x\u1eed l\u00fd AI NQ8 th\u1ebf h\u1ec7 2 cho b\u1ea1n th\u01b0\u1edfng th\u1ee9c h\u00ecnh \u1ea3nh 8K v\u1edbi quy\u1ec1n n\u0103ng AI ti\u00ean ti\u1ebfn \u0111\u1ed3ng th\u1eddi t\u1ed1i \u01b0u h\u00f3a \u00e2m thanh sao cho h\u00f2a quy\u1ec7n ho\u00e0n h\u1ea3o v\u1edbi khung h\u00ecnh 8K tuy\u1ec7t m\u1ef9. C\u00f4ng ngh\u1ec7 8K AI Upscaling nh\u1edd h\u1ed7 tr\u1ee3 c\u1ee7a 256 m\u1ea1ng m\u00f4 ph\u1ecfng th\u1ea7n kinh v\u00e0 AI gi\u00fap n\u00e2ng c\u1ea5p m\u1ecdi n\u1ed9i dung l\u00ean chu\u1ea9n 8K cho c\u1ea3nh phim r\u00f5 n\u00e9t, m\u01b0\u1ee3t m\u00e0 ch\u01b0a t\u1eebng th\u1ea5y.<\/p>\n<p><img decoding=\"async\" class=\"alignnone wp-image-5317\" src=\"https:\/\/tivi-samsung.com\/wp-content\/uploads\/2025\/09\/tivi-neo-qled-samsung-8k-65-inch-qa65qn800d-2-1020x570-1-300x168.jpg\" alt=\"\" width=\"1430\" height=\"801\" srcset=\"https:\/\/tivi-samsung.com\/wp-content\/uploads\/2025\/09\/tivi-neo-qled-samsung-8k-65-inch-qa65qn800d-2-1020x570-1-300x168.jpg 300w, https:\/\/tivi-samsung.com\/wp-content\/uploads\/2025\/09\/tivi-neo-qled-samsung-8k-65-inch-qa65qn800d-2-1020x570-1-768x429.jpg 768w, https:\/\/tivi-samsung.com\/wp-content\/uploads\/2025\/09\/tivi-neo-qled-samsung-8k-65-inch-qa65qn800d-2-1020x570-1-450x251.jpg 450w, https:\/\/tivi-samsung.com\/wp-content\/uploads\/2025\/09\/tivi-neo-qled-samsung-8k-65-inch-qa65qn800d-2-1020x570-1-600x335.jpg 600w, https:\/\/tivi-samsung.com\/wp-content\/uploads\/2025\/09\/tivi-neo-qled-samsung-8k-65-inch-qa65qn800d-2-1020x570-1-150x84.jpg 150w, https:\/\/tivi-samsung.com\/wp-content\/uploads\/2025\/09\/tivi-neo-qled-samsung-8k-65-inch-qa65qn800d-2-1020x570-1.jpg 1020w\" sizes=\"(max-width: 1430px) 100vw, 1430px\" \/><\/p>\n<p>&#8211; <strong>Quantum Matrix Technology Pro<\/strong> c\u1ea3i ti\u1ebfn \u01b0u vi\u1ec7t v\u1edbi v\u00f9ng chi\u1ebfu s\u00e1ng nhi\u1ec1u g\u1ea5p 1.5 l\u1ea7n so v\u1edbi <strong>Quantum Matrix,<\/strong> hi\u1ec3n th\u1ecb chi ti\u1ebft v\u01b0\u1ee3t mong \u0111\u1ee3i v\u1edbi \u0111\u1ed9 t\u01b0\u01a1ng ph\u1ea3n cao v\u00e0 ngu\u1ed3n s\u00e1ng t\u1eeb c\u00f4ng ngh\u1ec7<strong> Quantum Mini LED<\/strong>, cho h\u00ecnh \u1ea3nh \u0111\u1ea1t \u0111\u1ed9 n\u00e9t \u1ea5n t\u01b0\u1ee3ng d\u00f9 trong khung h\u00ecnh t\u1ed1i \u0111en hay s\u00e1ng ch\u00f3i.<\/p>\n<p><img decoding=\"async\" class=\"alignnone wp-image-5312\" src=\"https:\/\/tivi-samsung.com\/wp-content\/uploads\/2025\/09\/tivi-neo-qled-samsung-8k-65-inch-qa65qn800d-3-1020x570-1-300x168.jpg\" alt=\"\" width=\"1436\" height=\"804\" srcset=\"https:\/\/tivi-samsung.com\/wp-content\/uploads\/2025\/09\/tivi-neo-qled-samsung-8k-65-inch-qa65qn800d-3-1020x570-1-300x168.jpg 300w, https:\/\/tivi-samsung.com\/wp-content\/uploads\/2025\/09\/tivi-neo-qled-samsung-8k-65-inch-qa65qn800d-3-1020x570-1-768x429.jpg 768w, https:\/\/tivi-samsung.com\/wp-content\/uploads\/2025\/09\/tivi-neo-qled-samsung-8k-65-inch-qa65qn800d-3-1020x570-1-450x251.jpg 450w, https:\/\/tivi-samsung.com\/wp-content\/uploads\/2025\/09\/tivi-neo-qled-samsung-8k-65-inch-qa65qn800d-3-1020x570-1-600x335.jpg 600w, https:\/\/tivi-samsung.com\/wp-content\/uploads\/2025\/09\/tivi-neo-qled-samsung-8k-65-inch-qa65qn800d-3-1020x570-1-150x84.jpg 150w, https:\/\/tivi-samsung.com\/wp-content\/uploads\/2025\/09\/tivi-neo-qled-samsung-8k-65-inch-qa65qn800d-3-1020x570-1.jpg 1020w\" sizes=\"(max-width: 1436px) 100vw, 1436px\" \/><\/p>\n<p>&#8211; <strong>Quantum Matrix Technology Pro<\/strong><\/p>\n<p>&#8211; <strong>Neo Quantum HDR 8K+<\/strong> cho ng\u01b0\u1eddi xem t\u1eadn h\u01b0\u1edfng tri\u1ec7u s\u1eafc m\u00e0u si\u00eau th\u1ef1c \u1edf m\u1ecdi c\u1ea5p \u0111\u1ed9, c\u00f9ng v\u1edbi c\u00f4ng ngh\u1ec7 HDR10+ th\u00edch \u1ee9ng s\u1eafc th\u00e1i \u0111\u1ed9ng bi\u1ebfn \u0111\u1ed5i theo m\u1ed7i khung h\u00ecnh cho b\u1ea1n c\u1ea3m nh\u1eadn tr\u1ecdn v\u1eb9n m\u00e0u s\u1eafc r\u1ef1c r\u1ee1 \u1edf \u0111\u1ed9 ph\u00e2n gi\u1ea3i 8K.<\/p>\n<p>&#8211; C\u00f4ng ngh\u1ec7<strong> AI Motion Enhancer<\/strong> v\u1edbi b\u1ed9 x\u1eed l\u00fd t\u1ed1i \u01b0u 256 m\u1ea1ng m\u00f4 ph\u1ecfng th\u1ea7n kinh b\u1edfi Al gi\u00fap cho v\u1eadt th\u1ec3, v\u0103n b\u1ea3n tr\u00f4ng m\u01b0\u1ee3t m\u00e0 v\u00e0 r\u00f5 n\u00e9t h\u01a1n.<\/p>\n<p><img loading=\"lazy\" decoding=\"async\" class=\"alignnone wp-image-5316\" src=\"https:\/\/tivi-samsung.com\/wp-content\/uploads\/2025\/09\/tivi-neo-qled-samsung-8k-65-inch-qa65qn800d-4-1020x570-1-300x168.jpg\" alt=\"\" width=\"1429\" height=\"800\" srcset=\"https:\/\/tivi-samsung.com\/wp-content\/uploads\/2025\/09\/tivi-neo-qled-samsung-8k-65-inch-qa65qn800d-4-1020x570-1-300x168.jpg 300w, https:\/\/tivi-samsung.com\/wp-content\/uploads\/2025\/09\/tivi-neo-qled-samsung-8k-65-inch-qa65qn800d-4-1020x570-1-768x429.jpg 768w, https:\/\/tivi-samsung.com\/wp-content\/uploads\/2025\/09\/tivi-neo-qled-samsung-8k-65-inch-qa65qn800d-4-1020x570-1-450x251.jpg 450w, https:\/\/tivi-samsung.com\/wp-content\/uploads\/2025\/09\/tivi-neo-qled-samsung-8k-65-inch-qa65qn800d-4-1020x570-1-600x335.jpg 600w, https:\/\/tivi-samsung.com\/wp-content\/uploads\/2025\/09\/tivi-neo-qled-samsung-8k-65-inch-qa65qn800d-4-1020x570-1-150x84.jpg 150w, https:\/\/tivi-samsung.com\/wp-content\/uploads\/2025\/09\/tivi-neo-qled-samsung-8k-65-inch-qa65qn800d-4-1020x570-1.jpg 1020w\" sizes=\"(max-width: 1429px) 100vw, 1429px\" \/><\/p>\n<p>&#8211; <strong>Real Depth Enhancer Pro<\/strong> t\u00e1i t\u1ea1o c\u1ea3nh quay v\u1edbi \u0111\u1ed9 s\u00e2u ch\u00e2n th\u1ef1c t\u1ef1a nh\u01b0 b\u1ea1n t\u1eadn m\u1eaft \u0111\u01b0\u1ee3c chi\u00eam ng\u01b0\u1ee1ng c\u1ea3nh v\u1eadt \u1ea5y.<\/p>\n<p>&#8211; C\u00f4ng ngh\u1ec7<strong> AI HDR Remastering<\/strong> n\u00e2ng c\u1ea5p nh\u1eefng khung h\u00ecnh \u1edf ch\u1ea5t l\u01b0\u1ee3ng SDR l\u00ean chu\u1ea9n HDR v\u1edbi c\u00e1c \u0111i\u1ec3m nh\u1ea5n chi ti\u1ebft, m\u00e0u s\u1eafc t\u01b0\u01a1i t\u1eafn trong m\u1ecdi khung h\u00ecnh.<\/p>\n<p>&#8211; C\u00f4ng ngh\u1ec7 <strong>Motion Xcelerator 120 Hz<\/strong> t\u1ef1 \u0111\u1ed9ng b\u1ecf th\u00eam khung h\u00ecnh v\u00e0o n\u1ed9i dung ban \u0111\u1ea7u t\u1ea1o n\u00ean nh\u1eefng c\u1ea3nh chuy\u1ec3n \u0111\u1ed9ng kh\u00e1c bi\u1ec7t, h\u1ed7 tr\u1ee3 t\u1ed1c \u0111\u1ed9 l\u00e0m m\u1edbi \u0111\u1ebfn 120 Hz cho c\u00e1c t\u1ef1a game VRR. C\u00f4ng ngh\u1ec7 <strong>FreeSync Premium Pr<\/strong>o ch\u1ed1ng x\u00e9 h\u00ecnh, <strong>Super Ultra Wide Game View v\u00e0 Game Bar<\/strong> cho b\u1ea1n m\u1edf r\u1ed9ng t\u1ea7m nh\u00ecn chi\u1ebfn game c\u1ef1c \u0111\u00e3 v\u1edbi m\u00e0n h\u00ecnh l\u1edbn h\u01a1n, r\u1ed9ng h\u01a1n c\u00f9ng t\u1ec9 l\u1ec7 21:9, 32:9.<\/p>\n<p><img loading=\"lazy\" decoding=\"async\" class=\"alignnone wp-image-5314\" src=\"https:\/\/tivi-samsung.com\/wp-content\/uploads\/2025\/09\/tivi-neo-qled-samsung-8k-65-inch-qa65qn800d-5-1020x570-1-300x168.jpg\" alt=\"\" width=\"1430\" height=\"801\" srcset=\"https:\/\/tivi-samsung.com\/wp-content\/uploads\/2025\/09\/tivi-neo-qled-samsung-8k-65-inch-qa65qn800d-5-1020x570-1-300x168.jpg 300w, https:\/\/tivi-samsung.com\/wp-content\/uploads\/2025\/09\/tivi-neo-qled-samsung-8k-65-inch-qa65qn800d-5-1020x570-1-768x429.jpg 768w, https:\/\/tivi-samsung.com\/wp-content\/uploads\/2025\/09\/tivi-neo-qled-samsung-8k-65-inch-qa65qn800d-5-1020x570-1-450x251.jpg 450w, https:\/\/tivi-samsung.com\/wp-content\/uploads\/2025\/09\/tivi-neo-qled-samsung-8k-65-inch-qa65qn800d-5-1020x570-1-600x335.jpg 600w, https:\/\/tivi-samsung.com\/wp-content\/uploads\/2025\/09\/tivi-neo-qled-samsung-8k-65-inch-qa65qn800d-5-1020x570-1-150x84.jpg 150w, https:\/\/tivi-samsung.com\/wp-content\/uploads\/2025\/09\/tivi-neo-qled-samsung-8k-65-inch-qa65qn800d-5-1020x570-1.jpg 1020w\" sizes=\"(max-width: 1430px) 100vw, 1430px\" \/><\/p>\n<p>&nbsp;<\/p>\n<p><strong>C\u00f4ng ngh\u1ec7 \u00e2m thanh<\/strong><br \/>\n&#8211; H\u1ec7 th\u1ed1ng loa 4.2.2CH, t\u1ed5ng c\u00f4ng su\u1ea5t 70W.<\/p>\n<p>&#8211; C\u00f4ng ngh\u1ec7 <strong>Dolby Atmos<\/strong>,<strong> OTS+<\/strong> t\u1ea1o n\u00ean \u00e2m thanh s\u1ed1ng \u0111\u1ed9ng theo d\u00f5i chuy\u1ec3n \u0111\u1ed9ng t\u1eeb m\u1ecdi g\u00f3c cho tr\u1ea3i nghi\u1ec7m ch\u1ea5t \u00e2m l\u00f4i cu\u1ed1n, ch\u00e2n th\u1eadt \u0111\u1ea7y \u1ea5n t\u01b0\u1ee3ng.<\/p>\n<p><img loading=\"lazy\" decoding=\"async\" class=\"alignnone wp-image-5309\" src=\"https:\/\/tivi-samsung.com\/wp-content\/uploads\/2025\/09\/tivi-neo-qled-samsung-8k-65-inch-qa65qn800d-6-1020x570-1-300x168.jpg\" alt=\"\" width=\"1420\" height=\"795\" srcset=\"https:\/\/tivi-samsung.com\/wp-content\/uploads\/2025\/09\/tivi-neo-qled-samsung-8k-65-inch-qa65qn800d-6-1020x570-1-300x168.jpg 300w, https:\/\/tivi-samsung.com\/wp-content\/uploads\/2025\/09\/tivi-neo-qled-samsung-8k-65-inch-qa65qn800d-6-1020x570-1-768x429.jpg 768w, https:\/\/tivi-samsung.com\/wp-content\/uploads\/2025\/09\/tivi-neo-qled-samsung-8k-65-inch-qa65qn800d-6-1020x570-1-450x251.jpg 450w, https:\/\/tivi-samsung.com\/wp-content\/uploads\/2025\/09\/tivi-neo-qled-samsung-8k-65-inch-qa65qn800d-6-1020x570-1-600x335.jpg 600w, https:\/\/tivi-samsung.com\/wp-content\/uploads\/2025\/09\/tivi-neo-qled-samsung-8k-65-inch-qa65qn800d-6-1020x570-1-150x84.jpg 150w, https:\/\/tivi-samsung.com\/wp-content\/uploads\/2025\/09\/tivi-neo-qled-samsung-8k-65-inch-qa65qn800d-6-1020x570-1.jpg 1020w\" sizes=\"(max-width: 1420px) 100vw, 1420px\" \/><\/p>\n<p>&#8211;<strong> Q-symphony Next<\/strong> \u0111\u1ed3ng b\u1ed9 li\u1ec1n m\u1ea1ch \u00e2m thanh c\u1ee7a loa thanh v\u00e0 d\u00e0n loa c\u1ee7a tivi Samsung cho b\u1ea1n th\u0103ng hoa trong kh\u00f4ng gian tr\u00e0n ng\u1eadp \u00e2m nh\u1ea1c.<\/p>\n<p>&#8211; C\u00f4ng ngh\u1ec7<strong> Active Voice Amplifie<\/strong>r gi\u00fap khu\u1ebfch \u0111\u1ea1i gi\u1ecdng n\u00f3i cho b\u1ea1n n\u1eafm b\u1eaft \u0111\u01b0\u1ee3c r\u00f5 r\u00e0ng n\u1ed9i dung c\u1ee7a cu\u1ed9c \u0111\u1ed1i tho\u1ea1i m\u00e0 kh\u00f4ng b\u1ecb ph\u00e2n t\u00e2m.<\/p>\n<p>&#8211; <strong>Adaptive Sound Pro<\/strong> s\u1eed d\u1ee5ng tr\u00ed tu\u1ec7 nh\u00e2n t\u1ea1o \u0111\u1ec3 x\u1eed l\u00fd v\u00e0 tr\u00edch xu\u1ea5t c\u00e1c \u0111\u1ed1i t\u01b0\u1ee3ng \u00e2m kh\u00e1c nhau, t\u0103ng \u0111\u1ed9 r\u00f5 cho gi\u1ecdng n\u00f3i, gi\u00fap ch\u1ea5t \u00e2m s\u1ed1ng \u0111\u1ed9ng m\u1ed9t c\u00e1ch chu\u1ea9n x\u00e1c nh\u01b0 c\u00e1ch nh\u00e0 s\u00e1ng t\u1ea1o mu\u1ed1n.<\/p>\n<p><img loading=\"lazy\" decoding=\"async\" class=\"alignnone wp-image-5315\" src=\"https:\/\/tivi-samsung.com\/wp-content\/uploads\/2025\/09\/tivi-neo-qled-samsung-8k-65-inch-qa65qn800d-7-1020x570-1-300x168.jpg\" alt=\"\" width=\"1421\" height=\"796\" srcset=\"https:\/\/tivi-samsung.com\/wp-content\/uploads\/2025\/09\/tivi-neo-qled-samsung-8k-65-inch-qa65qn800d-7-1020x570-1-300x168.jpg 300w, https:\/\/tivi-samsung.com\/wp-content\/uploads\/2025\/09\/tivi-neo-qled-samsung-8k-65-inch-qa65qn800d-7-1020x570-1-768x429.jpg 768w, https:\/\/tivi-samsung.com\/wp-content\/uploads\/2025\/09\/tivi-neo-qled-samsung-8k-65-inch-qa65qn800d-7-1020x570-1-450x251.jpg 450w, https:\/\/tivi-samsung.com\/wp-content\/uploads\/2025\/09\/tivi-neo-qled-samsung-8k-65-inch-qa65qn800d-7-1020x570-1-600x335.jpg 600w, https:\/\/tivi-samsung.com\/wp-content\/uploads\/2025\/09\/tivi-neo-qled-samsung-8k-65-inch-qa65qn800d-7-1020x570-1-150x84.jpg 150w, https:\/\/tivi-samsung.com\/wp-content\/uploads\/2025\/09\/tivi-neo-qled-samsung-8k-65-inch-qa65qn800d-7-1020x570-1.jpg 1020w\" sizes=\"(max-width: 1421px) 100vw, 1421px\" \/><\/p>\n<p><strong>H\u1ec7 \u0111i\u1ec1u h\u00e0nh<\/strong><br \/>\n&#8211; Giao di\u1ec7n tr\u1ef1c quan c\u1ee7a<strong> Tizen\u2122<\/strong> cho ng\u01b0\u1eddi d\u00f9ng ti\u1ebfp c\u1eadn v\u1edbi th\u01b0 vi\u1ec7n \u1ee9ng d\u1ee5ng \u0111\u1ed3 s\u1ed9 c\u00f9ng c\u00e1c d\u1ecbch v\u1ee5 \u0111a d\u1ea1ng t\u1eeb h\u1ec7 \u0111i\u1ec1u h\u00e0nh v\u00f4 c\u00f9ng ti\u1ec7n l\u1ee3i. T\u1eeb \u0111\u00f3, b\u1ea1n th\u1ecfa s\u1ee9c kh\u00e1m ph\u00e1, khai m\u1edf to\u00e0n b\u1ed9 kh\u1ea3 n\u0103ng gi\u1ea3i tr\u00ed th\u00fa v\u1ecb m\u00e0 <strong>Tizen\u2122<\/strong> s\u1edf h\u1eefu.<\/p>\n<p><img loading=\"lazy\" decoding=\"async\" class=\"alignnone wp-image-5313\" src=\"https:\/\/tivi-samsung.com\/wp-content\/uploads\/2025\/09\/tivi-neo-qled-samsung-8k-65-inch-qa65qn800d-8-1020x570-1-300x168.jpg\" alt=\"\" width=\"1420\" height=\"795\" srcset=\"https:\/\/tivi-samsung.com\/wp-content\/uploads\/2025\/09\/tivi-neo-qled-samsung-8k-65-inch-qa65qn800d-8-1020x570-1-300x168.jpg 300w, https:\/\/tivi-samsung.com\/wp-content\/uploads\/2025\/09\/tivi-neo-qled-samsung-8k-65-inch-qa65qn800d-8-1020x570-1-768x429.jpg 768w, https:\/\/tivi-samsung.com\/wp-content\/uploads\/2025\/09\/tivi-neo-qled-samsung-8k-65-inch-qa65qn800d-8-1020x570-1-450x251.jpg 450w, https:\/\/tivi-samsung.com\/wp-content\/uploads\/2025\/09\/tivi-neo-qled-samsung-8k-65-inch-qa65qn800d-8-1020x570-1-600x335.jpg 600w, https:\/\/tivi-samsung.com\/wp-content\/uploads\/2025\/09\/tivi-neo-qled-samsung-8k-65-inch-qa65qn800d-8-1020x570-1-150x84.jpg 150w, https:\/\/tivi-samsung.com\/wp-content\/uploads\/2025\/09\/tivi-neo-qled-samsung-8k-65-inch-qa65qn800d-8-1020x570-1.jpg 1020w\" sizes=\"(max-width: 1420px) 100vw, 1420px\" \/><\/p>\n<p><strong>Ti\u1ec7n \u00edch<\/strong><br \/>\n&#8211; \u1ee8ng d\u1ee5ng <strong>SmartThings<\/strong> k\u1ebft n\u1ed1i nhi\u1ec1u thi\u1ebft b\u1ecb trong nh\u00e0, \u0111i\u1ec1u khi\u1ec3n d\u1ec5 d\u00e0ng v\u1edbi trung t\u00e2m <strong>SmartThings<\/strong> t\u00edch h\u1ee3p, cho c\u00f4ng vi\u1ec7c h\u1eb1ng ng\u00e0y th\u00eam \u0111\u01a1n gi\u1ea3n h\u01a1n.<\/p>\n<p><img loading=\"lazy\" decoding=\"async\" class=\"alignnone wp-image-5310\" src=\"https:\/\/tivi-samsung.com\/wp-content\/uploads\/2025\/09\/tivi-neo-qled-samsung-8k-65-inch-qa65qn800d-9-1020x570-1-300x168.jpg\" alt=\"\" width=\"1405\" height=\"787\" srcset=\"https:\/\/tivi-samsung.com\/wp-content\/uploads\/2025\/09\/tivi-neo-qled-samsung-8k-65-inch-qa65qn800d-9-1020x570-1-300x168.jpg 300w, https:\/\/tivi-samsung.com\/wp-content\/uploads\/2025\/09\/tivi-neo-qled-samsung-8k-65-inch-qa65qn800d-9-1020x570-1-768x429.jpg 768w, https:\/\/tivi-samsung.com\/wp-content\/uploads\/2025\/09\/tivi-neo-qled-samsung-8k-65-inch-qa65qn800d-9-1020x570-1-450x251.jpg 450w, https:\/\/tivi-samsung.com\/wp-content\/uploads\/2025\/09\/tivi-neo-qled-samsung-8k-65-inch-qa65qn800d-9-1020x570-1-600x335.jpg 600w, https:\/\/tivi-samsung.com\/wp-content\/uploads\/2025\/09\/tivi-neo-qled-samsung-8k-65-inch-qa65qn800d-9-1020x570-1-150x84.jpg 150w, https:\/\/tivi-samsung.com\/wp-content\/uploads\/2025\/09\/tivi-neo-qled-samsung-8k-65-inch-qa65qn800d-9-1020x570-1.jpg 1020w\" sizes=\"(max-width: 1405px) 100vw, 1405px\" \/><\/p>\n<p>&#8211; Tho\u1ea3i m\u00e1i t\u00ecm ki\u1ebfm b\u1eb1ng gi\u1ecdng n\u00f3i tr\u00ean<strong> YouTube<\/strong>, thao t\u00e1c v\u1edbi tivi c\u00f9ng tr\u1ee3 l\u00fd \u1ea3o Bixby ho\u00e0n to\u00e0n b\u1eb1ng ti\u1ebfng Vi\u1ec7t.<\/p>\n<p>&#8211; <strong>One Remote<\/strong> thi\u1ebft k\u1ebf g\u1ecdn nh\u1eb9 cho b\u1ea1n \u0111i\u1ec1u khi\u1ec3n Smart tivi ti\u1ec7n l\u1ee3i, s\u1ea1c d\u1ec5 d\u00e0ng qua n\u0103ng l\u01b0\u1ee3ng m\u1eb7t tr\u1eddi, m\u1ed9t s\u1ea3n ph\u1ea9m th\u00e2n thi\u1ec7n m\u00f4i tr\u01b0\u1eddng \u0111\u1ebfn t\u1eeb <strong>Samsung.<\/strong><\/p>\n<p>&#8211; T\u00ednh n\u0103ng <strong>AirPlay 2<\/strong> (iPhone) h\u1ed7 tr\u1ee3 tr\u00ecnh chi\u1ebfu n\u1ed9i dung t\u1eeb \u0111i\u1ec7n tho\u1ea1i l\u00ean tivi ch\u1ec9 v\u1edbi v\u00e0i thao t\u00e1c cho b\u1ea1n t\u1eadn h\u01b0\u1edfng gi\u1ea3i tr\u00ed c\u00f9ng gia \u0111\u00ecnh th\u1ecfa th\u00edch.<\/p>\n<p>&#8211;<strong> Multi View<\/strong> cho b\u1ea1n theo d\u00f5i \u0111\u1ed3ng th\u1eddi 4 n\u1ed9i dung tr\u00ean c\u00f9ng m\u1ed9t m\u00e0n h\u00ecnh nh\u1edd \u0111\u00f3 c\u00f3 th\u1ec3 v\u1eeba xem nhi\u1ec1u tr\u1eadn c\u1ea7u, xem s\u1ed1 li\u1ec7u th\u1ed1ng k\u00ea c\u1ee7a tr\u1eadn b\u00f3ng, tr\u00f2 chuy\u1ec7n v\u1edbi b\u1ea1n b\u00e8 m\u00e0 kh\u00f4ng c\u1ea7n chuy\u1ec3n t\u1ea7m nh\u00ecn. L\u01b0u \u00fd, khi d\u00f9ng t\u00ednh n\u0103ng n\u00e0y c\u00f3 th\u1ec3 k\u1ebft n\u1ed1i v\u1edbi camera g\u1eafn r\u1eddi.<\/p>\n<p><img loading=\"lazy\" decoding=\"async\" class=\"alignnone wp-image-5311\" src=\"https:\/\/tivi-samsung.com\/wp-content\/uploads\/2025\/09\/tivi-neo-qled-samsung-8k-65-inch-qa65qn800d-10-1020x570-1-300x168.jpg\" alt=\"\" width=\"1432\" height=\"802\" srcset=\"https:\/\/tivi-samsung.com\/wp-content\/uploads\/2025\/09\/tivi-neo-qled-samsung-8k-65-inch-qa65qn800d-10-1020x570-1-300x168.jpg 300w, https:\/\/tivi-samsung.com\/wp-content\/uploads\/2025\/09\/tivi-neo-qled-samsung-8k-65-inch-qa65qn800d-10-1020x570-1-768x429.jpg 768w, https:\/\/tivi-samsung.com\/wp-content\/uploads\/2025\/09\/tivi-neo-qled-samsung-8k-65-inch-qa65qn800d-10-1020x570-1-450x251.jpg 450w, https:\/\/tivi-samsung.com\/wp-content\/uploads\/2025\/09\/tivi-neo-qled-samsung-8k-65-inch-qa65qn800d-10-1020x570-1-600x335.jpg 600w, https:\/\/tivi-samsung.com\/wp-content\/uploads\/2025\/09\/tivi-neo-qled-samsung-8k-65-inch-qa65qn800d-10-1020x570-1-150x84.jpg 150w, https:\/\/tivi-samsung.com\/wp-content\/uploads\/2025\/09\/tivi-neo-qled-samsung-8k-65-inch-qa65qn800d-10-1020x570-1.jpg 1020w\" sizes=\"(max-width: 1432px) 100vw, 1432px\" \/><\/p>\n<p><em>M\u1ed9t trong nh\u1eefng m\u1eabu <strong>Neo QLED 8K<\/strong> c\u1ef1c \u0111\u00e1ng l\u1ef1a ch\u1ecdn c\u1ee7a nh\u00e0 Samsung trong n\u0103m 2024 ch\u1eafc ch\u1eafn kh\u00f4ng th\u1ec3 thi\u1ebfu m\u1eabu Smart Tivi Neo QLED Samsung 8K 65 inch QA65QN800D, s\u1ea3n ph\u1ea9m mang thi\u1ebft k\u1ebf h\u1ee3p xu h\u01b0\u1edbng t\u1eeb v\u1ebb ngo\u00e0i, ch\u1ea5t l\u01b0\u1ee3ng \u1edf b\u00ean trong khi hi\u1ec3n th\u1ecb n\u1ed9i dung v\u1edbi h\u00ecnh \u1ea3nh v\u00e0 \u00e2m thanh s\u1ed1ng \u0111\u1ed9ng nh\u01b0 th\u1ef1c, \u0111i\u1ec1u khi\u1ec3n ti\u1ec7n l\u1ee3i v\u1edbi h\u1ec7 \u0111i\u1ec1u h\u00e0nh hi\u1ec7n \u0111\u1ea1i, h\u1ed7 tr\u1ee3 nhi\u1ec1u t\u00ednh n\u0103ng ti\u1ec7n \u00edch.<\/em><\/p>\n<p><script src=\"chrome-extension:\/\/fpelahbljekknahkcaegamhcndkfpfnc\/iFrame.js\" type=\"text\/javascript\"><\/script><\/p>\n","protected":false},"excerpt":{"rendered":"<p>&nbsp;<\/p>\n<p><script src=\"chrome-extension:\/\/fpelahbljekknahkcaegamhcndkfpfnc\/iFrame.js\" type=\"text\/javascript\"><\/script><\/p>\n<p><script src=\"chrome-extension:\/\/fpelahbljekknahkcaegamhcndkfpfnc\/iFrame.js\" type=\"text\/javascript\"><\/script><\/p>\n<p><script src=\"chrome-extension:\/\/fpelahbljekknahkcaegamhcndkfpfnc\/iFrame.js\" type=\"text\/javascript\"><\/script><\/p>\n<p><script src=\"chrome-extension:\/\/fpelahbljekknahkcaegamhcndkfpfnc\/iFrame.js\" type=\"text\/javascript\"><\/script><\/p>\n<p><script src=\"chrome-extension:\/\/fpelahbljekknahkcaegamhcndkfpfnc\/iFrame.js\" type=\"text\/javascript\"><\/script><\/p>\n<p><script src=\"chrome-extension:\/\/fpelahbljekknahkcaegamhcndkfpfnc\/iFrame.js\" type=\"text\/javascript\"><\/script><\/p>\n<p><script src=\"chrome-extension:\/\/fpelahbljekknahkcaegamhcndkfpfnc\/iFrame.js\" type=\"text\/javascript\"><\/script><\/p>\n<p><script src=\"chrome-extension:\/\/fpelahbljekknahkcaegamhcndkfpfnc\/iFrame.js\" type=\"text\/javascript\"><\/script><\/p>\n","protected":false},"featured_media":6311,"comment_status":"open","ping_status":"closed","template":"","meta":[],"product_brand":[88],"product_cat":[68,76,139,144],"product_tag":[],"class_list":{"0":"post-4353","1":"product","2":"type-product","3":"status-publish","4":"has-post-thumbnail","6":"product_brand-samsung","7":"product_cat-smart-tv","8":"product_cat-televisions","9":"product_cat-tv-neo-qled","10":"product_cat-tv-neo-qled-8k","11":"pa_kich-co-man-hinh-65-inch","13":"first","14":"instock","15":"shipping-taxable","16":"purchasable","17":"product-type-simple"},"_links":{"self":[{"href":"https:\/\/tivi-samsung.com\/index.php?rest_route=\/wp\/v2\/product\/4353","targetHints":{"allow":["GET"]}}],"collection":[{"href":"https:\/\/tivi-samsung.com\/index.php?rest_route=\/wp\/v2\/product"}],"about":[{"href":"https:\/\/tivi-samsung.com\/index.php?rest_route=\/wp\/v2\/types\/product"}],"replies":[{"embeddable":true,"href":"https:\/\/tivi-samsung.com\/index.php?rest_route=%2Fwp%2Fv2%2Fcomments&post=4353"}],"version-history":[{"count":10,"href":"https:\/\/tivi-samsung.com\/index.php?rest_route=\/wp\/v2\/product\/4353\/revisions"}],"predecessor-version":[{"id":8410,"href":"https:\/\/tivi-samsung.com\/index.php?rest_route=\/wp\/v2\/product\/4353\/revisions\/8410"}],"wp:featuredmedia":[{"embeddable":true,"href":"https:\/\/tivi-samsung.com\/index.php?rest_route=\/wp\/v2\/media\/6311"}],"wp:attachment":[{"href":"https:\/\/tivi-samsung.com\/index.php?rest_route=%2Fwp%2Fv2%2Fmedia&parent=4353"}],"wp:term":[{"taxonomy":"product_brand","embeddable":true,"href":"https:\/\/tivi-samsung.com\/index.php?rest_route=%2Fwp%2Fv2%2Fproduct_brand&post=4353"},{"taxonomy":"product_cat","embeddable":true,"href":"https:\/\/tivi-samsung.com\/index.php?rest_route=%2Fwp%2Fv2%2Fproduct_cat&post=4353"},{"taxonomy":"product_tag","embeddable":true,"href":"https:\/\/tivi-samsung.com\/index.php?rest_route=%2Fwp%2Fv2%2Fproduct_tag&post=4353"}],"curies":[{"name":"wp","href":"https:\/\/api.w.org\/{rel}","templated":true}]}}