{"id":4336,"date":"2025-09-16T17:53:28","date_gmt":"2025-09-16T17:53:28","guid":{"rendered":"https:\/\/tivi-samsung.com\/?post_type=product&#038;p=4336"},"modified":"2025-10-14T23:46:48","modified_gmt":"2025-10-14T16:46:48","slug":"smart-tivi-qled-samsung-4k-55-inch-qa55q65d","status":"publish","type":"product","link":"https:\/\/tivi-samsung.com\/?product=smart-tivi-qled-samsung-4k-55-inch-qa55q65d","title":{"rendered":"Smart Tivi QLED Samsung 4K 55 inch QA55Q65D"},"content":{"rendered":"<p><strong>Th\u00f4ng tin s\u1ea3n ph\u1ea9m<\/strong><\/p>\n<p><a href=\"https:\/\/tokoo.vn\/danh-muc\/samsung-tvs\/\" target=\"_blank\" rel=\"noopener\"><strong>Tivi QLED Samsung 4K 55 inch QA55Q65D<\/strong><\/a> s\u1edf h\u1eefu v\u1ebb ngo\u00e0i sang tr\u1ecdng, k\u00edch th\u01b0\u1edbc m\u00e0n h\u00ecnh 55 inch, vi\u1ec1n tivi \u0111\u01b0\u1ee3c thi\u1ebft k\u1ebf m\u1ecfng gi\u00fap b\u1ea1n d\u1ec5 d\u00e0ng t\u1eadp trung v\u00e0o m\u00e0n h\u00ecnh, h\u00ecnh \u1ea3nh hi\u1ec3n th\u1ecb s\u1eafc n\u00e9t chu\u1ea9n 4K, \u00e2m thanh v\u00f2m chuy\u1ec3n \u0111\u1ed9ng theo h\u00ecnh \u1ea3nh OTS Lite cho b\u1ea1n tr\u1ea3i nghi\u1ec7m xem phim \u0111\u1ea7y l\u00f4i cu\u1ed1n.<\/p>\n<p><strong>T\u1ed5ng quan thi\u1ebft k\u1ebf<\/strong><\/p>\n<p>&#8211; Tivi <strong>Samsung<\/strong> c\u00f3 k\u00edch th\u01b0\u1edbc m\u00e0n h\u00ecnh 55 inch, thi\u1ebft k\u1ebf vi\u1ec1n \u0111en t\u0103ng v\u1ebb sang tr\u1ecdng cho tivi.<\/p>\n<p>&#8211; Ph\u00f9 h\u1ee3p v\u1edbi h\u1ea7u h\u1ebft kh\u00f4ng gian n\u1ed9i th\u1ea5t nh\u01b0 ph\u00f2ng kh\u00e1ch, ph\u00f2ng ng\u1ee7, ph\u00f2ng h\u1ecdp,\u2026<\/p>\n<p>&#8211; Ch\u00e2n \u0111\u1ebf \u0111\u01b0\u1ee3c l\u00e0m b\u1eb1ng nh\u1ef1a, c\u00f3 s\u1ef1 ch\u1eafc ch\u1eafn khi \u0111\u1eb7t tivi tr\u00ean b\u00e0n, k\u1ec7 t\u1ee7. Ngo\u00e0i ra, b\u1ea1n c\u00f3 th\u1ec3 th\u00e1o r\u1eddi ch\u00e2n \u0111\u1ebf \u0111\u1ec3 l\u1eafp \u0111\u1eb7t treo t\u01b0\u1eddng, ti\u1ebft ki\u1ec7m kh\u00f4ng gian s\u1ed1ng, t\u0103ng t\u00ednh th\u1ea9m m\u1ef9.<\/p>\n<p><img fetchpriority=\"high\" decoding=\"async\" class=\"alignnone wp-image-5333\" src=\"https:\/\/tivi-samsung.com\/wp-content\/uploads\/2025\/09\/tivi-qled-samsung-4k-55-inch-qa55q65d-thiet-ke-sang-trong-1020x570-1-300x168.png\" alt=\"\" width=\"1443\" height=\"808\" srcset=\"https:\/\/tivi-samsung.com\/wp-content\/uploads\/2025\/09\/tivi-qled-samsung-4k-55-inch-qa55q65d-thiet-ke-sang-trong-1020x570-1-300x168.png 300w, https:\/\/tivi-samsung.com\/wp-content\/uploads\/2025\/09\/tivi-qled-samsung-4k-55-inch-qa55q65d-thiet-ke-sang-trong-1020x570-1-768x429.png 768w, https:\/\/tivi-samsung.com\/wp-content\/uploads\/2025\/09\/tivi-qled-samsung-4k-55-inch-qa55q65d-thiet-ke-sang-trong-1020x570-1-450x251.png 450w, https:\/\/tivi-samsung.com\/wp-content\/uploads\/2025\/09\/tivi-qled-samsung-4k-55-inch-qa55q65d-thiet-ke-sang-trong-1020x570-1-600x335.png 600w, https:\/\/tivi-samsung.com\/wp-content\/uploads\/2025\/09\/tivi-qled-samsung-4k-55-inch-qa55q65d-thiet-ke-sang-trong-1020x570-1-150x84.png 150w, https:\/\/tivi-samsung.com\/wp-content\/uploads\/2025\/09\/tivi-qled-samsung-4k-55-inch-qa55q65d-thiet-ke-sang-trong-1020x570-1.png 1020w\" sizes=\"(max-width: 1443px) 100vw, 1443px\" \/><\/p>\n<p><strong>C\u00f4ng ngh\u1ec7 h\u00ecnh \u1ea3nh<\/strong><\/p>\n<p>&#8211;<strong> \u0110\u1ed9 ph\u00e2n gi\u1ea3i 4K (Ultra HD)<\/strong> n\u00e2ng c\u1ea5p h\u00ecnh \u1ea3nh s\u1eafc n\u00e9t g\u1ea5p 4 l\u1ea7n so v\u1edbi <strong>Full HD.<\/strong><\/p>\n<p>&#8211;<strong> B\u1ed9 x\u1eed l\u00fd Quantum 4K Lite<\/strong> gi\u00fap t\u1ed1i \u01b0u h\u00f3a ch\u1ea5t l\u01b0\u1ee3ng h\u00ecnh \u1ea3nh ngu\u1ed3n ph\u00e1t g\u1ea7n chu\u1ea9n 4K.<\/p>\n<p>&#8211; <strong>C\u00f4ng ngh\u1ec7 Supreme UHD Dimming<\/strong> n\u00e2ng cao kh\u1ea3 n\u0103ng hi\u1ec3n th\u1ecb m\u00e0u s\u1eafc v\u00e0 chi ti\u1ebft h\u00ecnh \u1ea3nh, h\u00ecnh \u1ea3nh c\u00f3 \u0111\u1ed9 t\u01b0\u01a1ng ph\u1ea3n cao, m\u00e0u \u0111en s\u00e2u, m\u00e0u tr\u1eafng tinh khi\u1ebft.<\/p>\n<p>&#8211; <strong>Quantum HDR<\/strong> l\u00e0 s\u1ef1 k\u1ebft h\u1ee3p gi\u1eefa hai c\u00f4ng ngh\u1ec7 m\u00e0n h\u00ecnh ch\u1ea5m l\u01b0\u1ee3ng t\u1eed <strong>QLED v\u00e0 HDR<\/strong>, cho h\u00ecnh \u1ea3nh \u0111\u1eb9p v\u00e0 c\u00f3 \u0111\u1ed9 s\u00e1ng v\u01b0\u1ee3t tr\u1ed9i.<\/p>\n<p>&nbsp;<\/p>\n<p>&#8211; C\u00f4ng ngh\u1ec7 <strong>Quantum Dot t<\/strong>r\u00ean tivi <strong>Samsung QLED<\/strong> hi\u1ec3n th\u1ecb 100% d\u1ea3i m\u00e0u nh\u1edd c\u00e1c h\u1ea1t nano h\u1ea5p th\u1ee5, bi\u1ebfn \u00e1nh s\u00e1ng th\u00e0nh 1 t\u1ef7 s\u1eafc m\u00e0u, h\u00ecnh \u1ea3nh hi\u1ec3n th\u1ecb r\u00f5 n\u00e9t, s\u1ed1ng \u0111\u1ed9ng \u1edf m\u1ecdi m\u1ee9c \u0111\u1ed9 s\u00e1ng.<\/p>\n<p><img decoding=\"async\" class=\"alignnone wp-image-5155\" src=\"https:\/\/tivi-samsung.com\/wp-content\/uploads\/2025\/09\/tivi-qled-samsung-4k-65-inch-qa65qn70d-cong-nghe-hinh-anh-1020x570-1-300x168.jpg\" alt=\"\" width=\"1400\" height=\"784\" srcset=\"https:\/\/tivi-samsung.com\/wp-content\/uploads\/2025\/09\/tivi-qled-samsung-4k-65-inch-qa65qn70d-cong-nghe-hinh-anh-1020x570-1-300x168.jpg 300w, https:\/\/tivi-samsung.com\/wp-content\/uploads\/2025\/09\/tivi-qled-samsung-4k-65-inch-qa65qn70d-cong-nghe-hinh-anh-1020x570-1-768x429.jpg 768w, https:\/\/tivi-samsung.com\/wp-content\/uploads\/2025\/09\/tivi-qled-samsung-4k-65-inch-qa65qn70d-cong-nghe-hinh-anh-1020x570-1-450x251.jpg 450w, https:\/\/tivi-samsung.com\/wp-content\/uploads\/2025\/09\/tivi-qled-samsung-4k-65-inch-qa65qn70d-cong-nghe-hinh-anh-1020x570-1-600x335.jpg 600w, https:\/\/tivi-samsung.com\/wp-content\/uploads\/2025\/09\/tivi-qled-samsung-4k-65-inch-qa65qn70d-cong-nghe-hinh-anh-1020x570-1-150x84.jpg 150w, https:\/\/tivi-samsung.com\/wp-content\/uploads\/2025\/09\/tivi-qled-samsung-4k-65-inch-qa65qn70d-cong-nghe-hinh-anh-1020x570-1.jpg 1020w\" sizes=\"(max-width: 1400px) 100vw, 1400px\" \/><\/p>\n<p>&#8211; <strong>Motion Xcelerator<\/strong> \u0111em \u0111\u1ebfn cho game th\u1ee7 tr\u1ea3i nghi\u1ec7m ch\u01a1i game m\u01b0\u1ee3t m\u00e0, kh\u00f4ng m\u1edd nh\u00f2e hay gi\u1eadt lag.<\/p>\n<p>&#8211; <strong>Super Ultra Wide Game View<\/strong> \u0111em \u0111\u1ebfn cho b\u1ea1n tr\u1ea3i nghi\u1ec7m \u0111\u1eafm ch\u00ecm \u0111a d\u1ea1ng t\u1ef7 l\u1ec7 m\u00e0n h\u00ecnh gi\u00fap ng\u01b0\u1eddi ch\u01a1i c\u00f3 c\u00e1i nh\u00ecn bao qu\u00e1t.<\/p>\n<p>&#8211; B\u1ea3o v\u1ec7 m\u1eaft v\u1edbi c\u00f4ng ngh\u1ec7 <strong>EyeComfort,<\/strong> t\u1ef1 \u0111\u1ed9ng \u0111i\u1ec1u ch\u1ec9nh \u0111\u1ed9 s\u00e1ng v\u00e0 t\u00f4ng m\u00e0u d\u1ef1a tr\u00ean c\u1ea3m bi\u1ebfn \u00e1nh s\u00e1ng t\u00edch h\u1ee3p.<\/p>\n<p>&#8211; <strong>Ch\u1ebf \u0111\u1ed9 Auto Low Latency Mode (ALLM)<\/strong> h\u1ea1n ch\u1ebf \u0111\u1ed9 tr\u1ec5 \u0111\u1ea7u v\u00e0o t\u1ef1 \u0111\u1ed9ng \u0111\u1ec3 gi\u1ea3m thi\u1ec3u \u0111\u1ed9 tr\u1ec5 cho hi\u1ec7u \u1ee9ng ph\u1ea3n h\u1ed3i nh\u1ea1y h\u01a1n. Ch\u1ebf \u0111\u1ed9 Game Motion Plus gi\u00fap ng\u01b0\u1eddi ch\u01a1i \u0111i\u1ec1u ch\u1ec9nh th\u00f4ng s\u1ed1 cho tr\u1ea3i nghi\u1ec7m ch\u01a1i game m\u01b0\u1ee3t m\u00e0, t\u1ef1 tin chi\u1ebfn c\u00e1c t\u1ef1a game y\u00eau th\u00edch.<\/p>\n<p><strong>C\u00f4ng ngh\u1ec7 \u00e2m thanh<\/strong><\/p>\n<p>&#8211; C\u00f4ng ngh\u1ec7 \u00e2m thanh v\u00f2m <strong>Object Tracking Sound Lite (OTS Lite)<\/strong> ph\u00e1t ra theo t\u1eebng chuy\u1ec3n \u0111\u1ed9ng c\u1ee7a h\u00ecnh \u1ea3nh k\u1ebft h\u1ee3p v\u1edbi h\u1ec7 th\u1ed1ng loa v\u1edbi t\u1ed5ng c\u00f4ng su\u1ea5t 20W, \u0111em \u0111\u1ebfn tr\u1ea3i nghi\u1ec7m \u00e2m thanh ch\u00e2n th\u1ef1c nh\u01b0 \u0111ang ng\u1ed3i trong r\u1ea1p chi\u1ebfu phim.<\/p>\n<p>&#8211; C\u00f4ng ngh\u1ec7 <strong>Q-Symphony Next<\/strong> k\u1ebft h\u1ee3p loa tivi <strong>QLED<\/strong> v\u1edbi loa thanh t\u1ea1o n\u00ean \u00e2m thanh b\u00f9ng n\u1ed5, \u0111\u1ea9y kh\u00f4ng kh\u00ed b\u1eefa ti\u1ec7c l\u00ean cao tr\u00e0o.<\/p>\n<p>&#8211; <strong>Adaptive Sound<\/strong> t\u1ed1i \u01b0u h\u00f3a \u00e2m thanh d\u1ef1a tr\u00ean m\u00f4i tr\u01b0\u1eddng xung quanh, cho tr\u1ea3i nghi\u1ec7m \u00e2m thanh ch\u1ea5t l\u01b0\u1ee3ng cao d\u00f9 xem trong b\u1ea5t k\u1ef3 m\u00f4i tr\u01b0\u1eddng n\u00e0o.<\/p>\n<p><img decoding=\"async\" class=\"alignnone wp-image-5309\" src=\"https:\/\/tivi-samsung.com\/wp-content\/uploads\/2025\/09\/tivi-neo-qled-samsung-8k-65-inch-qa65qn800d-6-1020x570-1-300x168.jpg\" alt=\"\" width=\"1398\" height=\"783\" srcset=\"https:\/\/tivi-samsung.com\/wp-content\/uploads\/2025\/09\/tivi-neo-qled-samsung-8k-65-inch-qa65qn800d-6-1020x570-1-300x168.jpg 300w, https:\/\/tivi-samsung.com\/wp-content\/uploads\/2025\/09\/tivi-neo-qled-samsung-8k-65-inch-qa65qn800d-6-1020x570-1-768x429.jpg 768w, https:\/\/tivi-samsung.com\/wp-content\/uploads\/2025\/09\/tivi-neo-qled-samsung-8k-65-inch-qa65qn800d-6-1020x570-1-450x251.jpg 450w, https:\/\/tivi-samsung.com\/wp-content\/uploads\/2025\/09\/tivi-neo-qled-samsung-8k-65-inch-qa65qn800d-6-1020x570-1-600x335.jpg 600w, https:\/\/tivi-samsung.com\/wp-content\/uploads\/2025\/09\/tivi-neo-qled-samsung-8k-65-inch-qa65qn800d-6-1020x570-1-150x84.jpg 150w, https:\/\/tivi-samsung.com\/wp-content\/uploads\/2025\/09\/tivi-neo-qled-samsung-8k-65-inch-qa65qn800d-6-1020x570-1.jpg 1020w\" sizes=\"(max-width: 1398px) 100vw, 1398px\" \/><\/p>\n<p><strong>H\u1ec7 \u0111i\u1ec1u h\u00e0nh<\/strong><\/p>\n<p>&#8211; Giao di\u1ec7n h\u1ec7 \u0111i\u1ec1u h\u00e0nh <strong>Tizen\u2122<\/strong> thi\u1ebft k\u1ebf tr\u1ef1c quan, tinh gi\u1ea3n, hi\u1ec7n \u0111\u1ea1i, ng\u01b0\u1eddi d\u00f9ng d\u1ec5 d\u00e0ng t\u00ecm ki\u1ebfm c\u00e1c n\u1ed9i dung m\u1ed9t c\u00e1ch nhanh ch\u00f3ng. Th\u01b0 vi\u1ec7n \u1ee9ng d\u1ee5ng \u0111\u1ed3 s\u1ed9, cung c\u1ea5p \u0111a n\u1ed9i dung gi\u1ea3i tr\u00ed cho b\u1ea1n kh\u00e1m ph\u00e1 th\u1ecfa th\u00edch.<\/p>\n<p><img loading=\"lazy\" decoding=\"async\" class=\"alignnone wp-image-5313\" src=\"https:\/\/tivi-samsung.com\/wp-content\/uploads\/2025\/09\/tivi-neo-qled-samsung-8k-65-inch-qa65qn800d-8-1020x570-1-300x168.jpg\" alt=\"\" width=\"1395\" height=\"781\" srcset=\"https:\/\/tivi-samsung.com\/wp-content\/uploads\/2025\/09\/tivi-neo-qled-samsung-8k-65-inch-qa65qn800d-8-1020x570-1-300x168.jpg 300w, https:\/\/tivi-samsung.com\/wp-content\/uploads\/2025\/09\/tivi-neo-qled-samsung-8k-65-inch-qa65qn800d-8-1020x570-1-768x429.jpg 768w, https:\/\/tivi-samsung.com\/wp-content\/uploads\/2025\/09\/tivi-neo-qled-samsung-8k-65-inch-qa65qn800d-8-1020x570-1-450x251.jpg 450w, https:\/\/tivi-samsung.com\/wp-content\/uploads\/2025\/09\/tivi-neo-qled-samsung-8k-65-inch-qa65qn800d-8-1020x570-1-600x335.jpg 600w, https:\/\/tivi-samsung.com\/wp-content\/uploads\/2025\/09\/tivi-neo-qled-samsung-8k-65-inch-qa65qn800d-8-1020x570-1-150x84.jpg 150w, https:\/\/tivi-samsung.com\/wp-content\/uploads\/2025\/09\/tivi-neo-qled-samsung-8k-65-inch-qa65qn800d-8-1020x570-1.jpg 1020w\" sizes=\"(max-width: 1395px) 100vw, 1395px\" \/><\/p>\n<p><strong>Ti\u1ec7n \u00edch<\/strong><\/p>\n<p>&#8211; T\u00ecm ki\u1ebfm gi\u1ecdng n\u00f3i tr\u00ean<strong> YouTube<\/strong> b\u1eb1ng ti\u1ebfng Vi\u1ec7t, h\u1ed7 tr\u1ee3 tr\u1ee3 l\u00fd \u1ea3o<strong> Bixby<\/strong> (c\u00f3 ti\u1ebfng Vi\u1ec7t).<\/p>\n<p>&#8211; \u0110i\u1ec1u khi\u1ec3n tivi b\u1eb1ng \u0111i\u1ec7n tho\u1ea1i th\u00f4ng minh qua \u1ee9ng d\u1ee5ng<strong> SmartThings.<\/strong><\/p>\n<p>&#8211; \u0110i\u1ec1u khi\u1ec3n t\u1eeb xa d\u1ec5 d\u00e0ng v\u1edb<strong>i One Remote,<\/strong> s\u1ea1c nhanh qua USB C ho\u1eb7c b\u1ea5t k\u1ef3 ngu\u1ed3n n\u0103ng l\u01b0\u1ee3ng n\u00e0o t\u1eeb ngu\u1ed3n s\u00e1ng nh\u01b0 \u00e1nh \u0111\u00e8n, n\u0103ng l\u01b0\u1ee3ng m\u1eb7t tr\u1eddi.<\/p>\n<p>&nbsp;<\/p>\n<p>&#8211; H\u1ed7 tr\u1ee3 truy\u1ec1n ph\u00e1t \u00e2m thanh, c\u00e1c n\u1ed9i dung y\u00eau th\u00edch t\u1eeb m\u00e0n h\u00ecnh \u0111i\u1ec7n tho\u1ea1i l\u00ean tivi qua <strong>Tap View, AirPlay 2.<\/strong><\/p>\n<p>&#8211; T\u00ednh n\u0103ng Multi View cho ph\u00e9p ng\u01b0\u1eddi d\u00f9ng xem c\u00f9ng l\u00fac nhi\u1ec1u n\u1ed9i dung tr\u00ean c\u00f9ng m\u1ed9t m\u00e0n h\u00ecnh tivi<\/p>\n<p><img loading=\"lazy\" decoding=\"async\" class=\"alignnone wp-image-5322\" src=\"https:\/\/tivi-samsung.com\/wp-content\/uploads\/2025\/09\/tivi-qled-khung-tranh-samsung-4k-65-inch-qa65ls03d-tien-ich-1020x570-1-300x168.jpg\" alt=\"\" width=\"1391\" height=\"779\" srcset=\"https:\/\/tivi-samsung.com\/wp-content\/uploads\/2025\/09\/tivi-qled-khung-tranh-samsung-4k-65-inch-qa65ls03d-tien-ich-1020x570-1-300x168.jpg 300w, https:\/\/tivi-samsung.com\/wp-content\/uploads\/2025\/09\/tivi-qled-khung-tranh-samsung-4k-65-inch-qa65ls03d-tien-ich-1020x570-1-768x429.jpg 768w, https:\/\/tivi-samsung.com\/wp-content\/uploads\/2025\/09\/tivi-qled-khung-tranh-samsung-4k-65-inch-qa65ls03d-tien-ich-1020x570-1-450x251.jpg 450w, https:\/\/tivi-samsung.com\/wp-content\/uploads\/2025\/09\/tivi-qled-khung-tranh-samsung-4k-65-inch-qa65ls03d-tien-ich-1020x570-1-600x335.jpg 600w, https:\/\/tivi-samsung.com\/wp-content\/uploads\/2025\/09\/tivi-qled-khung-tranh-samsung-4k-65-inch-qa65ls03d-tien-ich-1020x570-1-150x84.jpg 150w, https:\/\/tivi-samsung.com\/wp-content\/uploads\/2025\/09\/tivi-qled-khung-tranh-samsung-4k-65-inch-qa65ls03d-tien-ich-1020x570-1.jpg 1020w\" sizes=\"(max-width: 1391px) 100vw, 1391px\" \/><\/p>\n<p><em>Nh\u00ecn chung, tivi<strong> QLED Samsung 4K 55 inch QA55Q65D<\/strong> v\u1edbi thi\u1ebft k\u1ebf sang tr\u1ecdng, ch\u1ea5t l\u01b0\u1ee3ng h\u00ecnh \u1ea3nh 4K s\u1eafc n\u00e9t, b\u1ed9 x\u1eed l\u00fd <strong>Quantum 4K Lite<\/strong>, c\u00f4ng ngh\u1ec7 <strong>Quantum Dot<\/strong> cho d\u1ea3i m\u00e0u r\u1ef1c r\u1ee1, \u00e2m thanh v\u00f2m chuy\u1ec3n \u0111\u1ed9ng theo h\u00ecnh \u1ea3nh v\u1edbi OTS Lite, h\u1ec7 \u0111i\u1ec1u h\u00e0nh Tizen\u2122 hi\u1ec7n \u0111\u1ea1i c\u00f9ng nhi\u1ec1u ti\u1ec7n \u00edch th\u00f4ng minh gi\u00fap n\u00e2ng t\u1ea7m ch\u1ea5t l\u01b0\u1ee3ng cu\u1ed9c s\u1ed1ng trong gia \u0111\u00ecnh b\u1ea1n.<\/em><\/p>\n<p>&nbsp;<\/p>\n<p><script src=\"chrome-extension:\/\/fpelahbljekknahkcaegamhcndkfpfnc\/iFrame.js\" type=\"text\/javascript\"><\/script><\/p>\n","protected":false},"excerpt":{"rendered":"<p>&nbsp;<\/p>\n<p><script src=\"chrome-extension:\/\/fpelahbljekknahkcaegamhcndkfpfnc\/iFrame.js\" type=\"text\/javascript\"><\/script><\/p>\n<p><script src=\"chrome-extension:\/\/fpelahbljekknahkcaegamhcndkfpfnc\/iFrame.js\" type=\"text\/javascript\"><\/script><\/p>\n<p><script src=\"chrome-extension:\/\/fpelahbljekknahkcaegamhcndkfpfnc\/iFrame.js\" type=\"text\/javascript\"><\/script><\/p>\n<p><script src=\"chrome-extension:\/\/fpelahbljekknahkcaegamhcndkfpfnc\/iFrame.js\" type=\"text\/javascript\"><\/script><\/p>\n<p><script src=\"chrome-extension:\/\/fpelahbljekknahkcaegamhcndkfpfnc\/iFrame.js\" type=\"text\/javascript\"><\/script><\/p>\n<p><script src=\"chrome-extension:\/\/fpelahbljekknahkcaegamhcndkfpfnc\/iFrame.js\" type=\"text\/javascript\"><\/script><\/p>\n<p><script src=\"chrome-extension:\/\/fpelahbljekknahkcaegamhcndkfpfnc\/iFrame.js\" type=\"text\/javascript\"><\/script><\/p>\n<p><script src=\"chrome-extension:\/\/fpelahbljekknahkcaegamhcndkfpfnc\/iFrame.js\" type=\"text\/javascript\"><\/script><\/p>\n<p><script src=\"chrome-extension:\/\/fpelahbljekknahkcaegamhcndkfpfnc\/iFrame.js\" type=\"text\/javascript\"><\/script><\/p>\n","protected":false},"featured_media":4743,"comment_status":"open","ping_status":"closed","template":"","meta":[],"product_brand":[88],"product_cat":[94,161,68,76],"product_tag":[],"class_list":{"0":"post-4336","1":"product","2":"type-product","3":"status-publish","4":"has-post-thumbnail","6":"product_brand-samsung","7":"product_cat-qled-tv","8":"product_cat-samsung-q65d-2024","9":"product_cat-smart-tv","10":"product_cat-televisions","11":"pa_kich-co-man-hinh-55-inch","13":"first","14":"instock","15":"sale","16":"shipping-taxable","17":"purchasable","18":"product-type-simple"},"_links":{"self":[{"href":"https:\/\/tivi-samsung.com\/index.php?rest_route=\/wp\/v2\/product\/4336","targetHints":{"allow":["GET"]}}],"collection":[{"href":"https:\/\/tivi-samsung.com\/index.php?rest_route=\/wp\/v2\/product"}],"about":[{"href":"https:\/\/tivi-samsung.com\/index.php?rest_route=\/wp\/v2\/types\/product"}],"replies":[{"embeddable":true,"href":"https:\/\/tivi-samsung.com\/index.php?rest_route=%2Fwp%2Fv2%2Fcomments&post=4336"}],"version-history":[{"count":12,"href":"https:\/\/tivi-samsung.com\/index.php?rest_route=\/wp\/v2\/product\/4336\/revisions"}],"predecessor-version":[{"id":4957,"href":"https:\/\/tivi-samsung.com\/index.php?rest_route=\/wp\/v2\/product\/4336\/revisions\/4957"}],"wp:featuredmedia":[{"embeddable":true,"href":"https:\/\/tivi-samsung.com\/index.php?rest_route=\/wp\/v2\/media\/4743"}],"wp:attachment":[{"href":"https:\/\/tivi-samsung.com\/index.php?rest_route=%2Fwp%2Fv2%2Fmedia&parent=4336"}],"wp:term":[{"taxonomy":"product_brand","embeddable":true,"href":"https:\/\/tivi-samsung.com\/index.php?rest_route=%2Fwp%2Fv2%2Fproduct_brand&post=4336"},{"taxonomy":"product_cat","embeddable":true,"href":"https:\/\/tivi-samsung.com\/index.php?rest_route=%2Fwp%2Fv2%2Fproduct_cat&post=4336"},{"taxonomy":"product_tag","embeddable":true,"href":"https:\/\/tivi-samsung.com\/index.php?rest_route=%2Fwp%2Fv2%2Fproduct_tag&post=4336"}],"curies":[{"name":"wp","href":"https:\/\/api.w.org\/{rel}","templated":true}]}}