{"id":4330,"date":"2025-09-16T17:45:58","date_gmt":"2025-09-16T17:45:58","guid":{"rendered":"https:\/\/tivi-samsung.com\/?post_type=product&#038;p=4330"},"modified":"2025-10-14T23:49:15","modified_gmt":"2025-10-14T16:49:15","slug":"smart-tivi-crystal-uhd-samsung-4k-50-inch-ua50cu8000","status":"publish","type":"product","link":"https:\/\/tivi-samsung.com\/?product=smart-tivi-crystal-uhd-samsung-4k-50-inch-ua50cu8000","title":{"rendered":"Smart Tivi Crystal UHD Samsung 4K\u00a050 inch \u00a0UA50CU8000"},"content":{"rendered":"<p><strong>Th\u00f4ng tin s\u1ea3n ph\u1ea9m<\/strong><\/p>\n<p><a href=\"https:\/\/tokoo.vn\/danh-muc\/samsung-tvs\/\" target=\"_blank\" rel=\"noopener\"><strong>Smart Tivi Samsung 4K 50 inch UA50CU8000<\/strong><\/a> g\u00e2y \u1ea5n t\u01b0\u1ee3ng v\u1edbi thi\u1ebft k\u1ebf tinh t\u1ebf, k\u1ebft c\u1ea5u \u0111\u01a1n gi\u1ea3n, h\u00ecnh \u1ea3nh t\u1ef1 nhi\u00ean ch\u00e2n th\u1ef1c nh\u1edd \u0111\u1ed9 ph\u00e2n gi\u1ea3i 4K, b\u1ed9 x\u1eed l\u00fd <strong>Crystal 4K<\/strong>, k\u1ebft h\u1ee3p \u00e2m thanh chuy\u1ec3n \u0111\u1ed9ng theo h\u00ecnh \u1ea3nh <strong>OTS Lite, Q-Symphony<\/strong> mang \u0111\u1ebfn nh\u1eefng gi\u00e2y ph\u00fat tr\u1ea3i nghi\u1ec7m tuy\u1ec7t v\u1eddi v\u00e0 th\u00fa v\u1ecb.<\/p>\n<p><strong>T\u1ed5ng quan thi\u1ebft k\u1ebf<\/strong><br \/>\n&#8211; <strong>Smart Tivi Samsung<\/strong> s\u1edf h\u1eefu k\u00edch th\u01b0\u1edbc m\u00e0n h\u00ecnh 50 inch, ph\u00f9 h\u1ee3p d\u00f9ng cho c\u00e1c ph\u00f2ng c\u00f3 di\u1ec7n t\u00edch trung b\u00ecnh nh\u01b0 ph\u00f2ng kh\u00e1ch, ph\u00f2ng h\u1ecdp, ph\u00f2ng l\u00e0m vi\u1ec7c, hay s\u1ea3nh nh\u1ecf,\u2026<\/p>\n<p>&#8211; Thi\u1ebft k\u1ebf thanh m\u1ea3nh, tinh t\u1ebf nh\u1edd c\u1ea1nh vi\u1ec1n si\u00eau m\u1ecfng, to\u00e1t l\u00ean \u0111\u01b0\u1ee3c v\u1ebb sang tr\u1ecdng.<\/p>\n<p>&#8211; Ch\u00e2n \u0111\u1ebf tivi b\u1eb1ng nh\u1ef1a cao c\u1ea5p, \u0111\u1ea3m b\u1ea3o \u0111\u1ed9 b\u1ec1n ch\u1eafc \u0111\u1ec3 n\u00e2ng \u0111\u1ee1 m\u00e0n h\u00ecnh khi l\u1eafp \u0111\u1eb7t tr\u00ean k\u1ec7 t\u1ee7, c\u00f3 th\u1ec3 th\u00e1o r\u1eddi ch\u00e2n \u0111\u1ebf \u0111\u1ec3 b\u1ed1 tr\u00ed tivi tr\u00ean t\u01b0\u1eddng nh\u1eb1m ti\u1ebft ki\u1ec7m kh\u00f4ng gian.<\/p>\n<p><img fetchpriority=\"high\" decoding=\"async\" class=\"alignnone wp-image-6395\" src=\"https:\/\/tivi-samsung.com\/wp-content\/uploads\/2025\/09\/smart-tivi-samsung-4k-50-inch-ua50cu8000-170323-104001-300x168.jpg\" alt=\"\" width=\"977\" height=\"547\" srcset=\"https:\/\/tivi-samsung.com\/wp-content\/uploads\/2025\/09\/smart-tivi-samsung-4k-50-inch-ua50cu8000-170323-104001-300x168.jpg 300w, https:\/\/tivi-samsung.com\/wp-content\/uploads\/2025\/09\/smart-tivi-samsung-4k-50-inch-ua50cu8000-170323-104001-768x429.jpg 768w, https:\/\/tivi-samsung.com\/wp-content\/uploads\/2025\/09\/smart-tivi-samsung-4k-50-inch-ua50cu8000-170323-104001-450x251.jpg 450w, https:\/\/tivi-samsung.com\/wp-content\/uploads\/2025\/09\/smart-tivi-samsung-4k-50-inch-ua50cu8000-170323-104001-600x335.jpg 600w, https:\/\/tivi-samsung.com\/wp-content\/uploads\/2025\/09\/smart-tivi-samsung-4k-50-inch-ua50cu8000-170323-104001-150x84.jpg 150w, https:\/\/tivi-samsung.com\/wp-content\/uploads\/2025\/09\/smart-tivi-samsung-4k-50-inch-ua50cu8000-170323-104001.jpg 1020w\" sizes=\"(max-width: 977px) 100vw, 977px\" \/><\/p>\n<p><strong>C\u00f4ng ngh\u1ec7 h\u00ecnh \u1ea3nh<\/strong><br \/>\n&#8211; H\u00ecnh \u1ea3nh hi\u1ec3n th\u1ecb s\u1eafc n\u00e9t nh\u1edd \u0111\u1ed9 ph\u00e2n gi\u1ea3i <strong>4K<\/strong> v\u1edbi g\u1ea7n 8.3 tri\u1ec7u \u0111i\u1ec3m \u1ea3nh.<\/p>\n<p>&#8211; <strong>B\u1ed9 x\u1eed l\u00fd Crystal 4K<\/strong> n\u00e2ng c\u1ea5p \u0111\u1ed9 chi ti\u1ebft cho t\u1eebng m\u00e0u s\u1eafc tr\u00ean khung h\u00ecnh, chuy\u1ec3n s\u1eafc th\u00e1i m\u00e0u tinh t\u1ebf gi\u00fap h\u00ecnh \u1ea3nh hi\u1ec3n th\u1ecb r\u00f5 r\u00e0ng, ch\u00e2n th\u1ef1c.<\/p>\n<p><img decoding=\"async\" class=\"alignnone wp-image-5155\" src=\"https:\/\/tivi-samsung.com\/wp-content\/uploads\/2025\/09\/tivi-qled-samsung-4k-65-inch-qa65qn70d-cong-nghe-hinh-anh-1020x570-1-300x168.jpg\" alt=\"\" width=\"1441\" height=\"807\" srcset=\"https:\/\/tivi-samsung.com\/wp-content\/uploads\/2025\/09\/tivi-qled-samsung-4k-65-inch-qa65qn70d-cong-nghe-hinh-anh-1020x570-1-300x168.jpg 300w, https:\/\/tivi-samsung.com\/wp-content\/uploads\/2025\/09\/tivi-qled-samsung-4k-65-inch-qa65qn70d-cong-nghe-hinh-anh-1020x570-1-768x429.jpg 768w, https:\/\/tivi-samsung.com\/wp-content\/uploads\/2025\/09\/tivi-qled-samsung-4k-65-inch-qa65qn70d-cong-nghe-hinh-anh-1020x570-1-450x251.jpg 450w, https:\/\/tivi-samsung.com\/wp-content\/uploads\/2025\/09\/tivi-qled-samsung-4k-65-inch-qa65qn70d-cong-nghe-hinh-anh-1020x570-1-600x335.jpg 600w, https:\/\/tivi-samsung.com\/wp-content\/uploads\/2025\/09\/tivi-qled-samsung-4k-65-inch-qa65qn70d-cong-nghe-hinh-anh-1020x570-1-150x84.jpg 150w, https:\/\/tivi-samsung.com\/wp-content\/uploads\/2025\/09\/tivi-qled-samsung-4k-65-inch-qa65qn70d-cong-nghe-hinh-anh-1020x570-1.jpg 1020w\" sizes=\"(max-width: 1441px) 100vw, 1441px\" \/><\/p>\n<p>&#8211; <strong>C\u00f4ng ngh\u1ec7 HDR10+<\/strong> t\u0103ng c\u01b0\u1eddng \u0111\u1ed9 s\u00e1ng, \u0111\u1ed9 s\u00e2u v\u00e0 \u0111\u1ed9 chi ti\u1ebft cho h\u00ecnh \u1ea3nh nh\u01b0ng kh\u00f4ng l\u00e0m thay \u0111\u1ed5i nh\u1eefng \u0111\u1eb7c t\u00ednh v\u1ed1n c\u00f3, nh\u1edd \u0111\u00f3 h\u00ecnh \u1ea3nh hi\u1ec3n th\u1ecb trung th\u1ef1c \u0111\u1ebfn t\u1eebng chi ti\u1ebft.<\/p>\n<p>&#8211; <strong>C\u00f4ng ngh\u1ec7 UHD Dimmin<\/strong>g cho m\u00e0u \u0111en hi\u1ec3n th\u1ecb s\u00e2u h\u01a1n, m\u00e0u tr\u1eafng t\u01b0\u01a1i s\u00e1ng h\u01a1n.<\/p>\n<p>&#8211; <strong>C\u00f4ng ngh\u1ec7 Contrast Enhancer<\/strong> t\u0103ng c\u01b0\u1eddng \u0111\u1ed9 t\u01b0\u01a1ng ph\u1ea3n cho h\u00ecnh \u1ea3nh b\u1eb1ng vi\u1ec7c bao tr\u00f9m l\u00ean m\u00e0n h\u00ecnh nhi\u1ec1u l\u1edbp s\u00e1ng t\u1ed1i, t\u1ea1o n\u00ean khung h\u00ecnh sinh \u0111\u1ed9ng, c\u00f3 chi\u1ec1u s\u00e2u.<\/p>\n<p>&#8211; <strong>C\u00f4ng ngh\u1ec7 Motion Xcelerator<\/strong>, v\u1edbi c\u01a1 ch\u1ebf th\u00eam h\u00ecnh \u1ea3nh v\u00e0o c\u00e1c khung c\u1ea3nh chuy\u1ec3n \u0111\u1ed9ng, ch\u01a1i game m\u01b0\u1ee3t m\u00e0, tr\u01a1n tru h\u01a1n.<\/p>\n<p><img decoding=\"async\" class=\"alignnone wp-image-5342\" src=\"https:\/\/tivi-samsung.com\/wp-content\/uploads\/2025\/09\/smart-tivi-samsung-4k-75-inch-ua75cu8000-170323-024431-300x168.jpg\" alt=\"\" width=\"1439\" height=\"806\" srcset=\"https:\/\/tivi-samsung.com\/wp-content\/uploads\/2025\/09\/smart-tivi-samsung-4k-75-inch-ua75cu8000-170323-024431-300x168.jpg 300w, https:\/\/tivi-samsung.com\/wp-content\/uploads\/2025\/09\/smart-tivi-samsung-4k-75-inch-ua75cu8000-170323-024431-768x429.jpg 768w, https:\/\/tivi-samsung.com\/wp-content\/uploads\/2025\/09\/smart-tivi-samsung-4k-75-inch-ua75cu8000-170323-024431-450x251.jpg 450w, https:\/\/tivi-samsung.com\/wp-content\/uploads\/2025\/09\/smart-tivi-samsung-4k-75-inch-ua75cu8000-170323-024431-600x335.jpg 600w, https:\/\/tivi-samsung.com\/wp-content\/uploads\/2025\/09\/smart-tivi-samsung-4k-75-inch-ua75cu8000-170323-024431-150x84.jpg 150w, https:\/\/tivi-samsung.com\/wp-content\/uploads\/2025\/09\/smart-tivi-samsung-4k-75-inch-ua75cu8000-170323-024431.jpg 1020w\" sizes=\"(max-width: 1439px) 100vw, 1439px\" \/><\/p>\n<p><strong>C\u00f4ng ngh\u1ec7 \u00e2m thanh<\/strong><\/p>\n<p>&#8211; <strong>Tivi Samsung<\/strong> n\u00e0y c\u00f3 t\u1ed5ng c\u00f4ng su\u1ea5t loa 20W cho ch\u1ea5t \u00e2m vang d\u1ed9i, m\u1ea1nh m\u1ebd.<\/p>\n<p>&#8211; <strong>C\u00f4ng ngh\u1ec7 OTS Lite<\/strong> mang \u0111\u1ebfn tr\u1ea3i nghi\u1ec7m \u00e2m thanh chuy\u1ec3n \u0111\u1ed9ng theo h\u00ecnh \u1ea3nh sinh \u0111\u1ed9ng.<\/p>\n<p><img loading=\"lazy\" decoding=\"async\" class=\"alignnone wp-image-5105\" src=\"https:\/\/tivi-samsung.com\/wp-content\/uploads\/2025\/09\/smart-tivi-qled-4k-43-inch-samsung-qa43q60c-160323-095105-300x168.jpg\" alt=\"\" width=\"1439\" height=\"806\" srcset=\"https:\/\/tivi-samsung.com\/wp-content\/uploads\/2025\/09\/smart-tivi-qled-4k-43-inch-samsung-qa43q60c-160323-095105-300x168.jpg 300w, https:\/\/tivi-samsung.com\/wp-content\/uploads\/2025\/09\/smart-tivi-qled-4k-43-inch-samsung-qa43q60c-160323-095105-768x429.jpg 768w, https:\/\/tivi-samsung.com\/wp-content\/uploads\/2025\/09\/smart-tivi-qled-4k-43-inch-samsung-qa43q60c-160323-095105-450x251.jpg 450w, https:\/\/tivi-samsung.com\/wp-content\/uploads\/2025\/09\/smart-tivi-qled-4k-43-inch-samsung-qa43q60c-160323-095105-600x335.jpg 600w, https:\/\/tivi-samsung.com\/wp-content\/uploads\/2025\/09\/smart-tivi-qled-4k-43-inch-samsung-qa43q60c-160323-095105-150x84.jpg 150w, https:\/\/tivi-samsung.com\/wp-content\/uploads\/2025\/09\/smart-tivi-qled-4k-43-inch-samsung-qa43q60c-160323-095105.jpg 1020w\" sizes=\"(max-width: 1439px) 100vw, 1439px\" \/><\/p>\n<p>&#8211; <strong>C\u00f4ng ngh\u1ec7 Adaptive Sound<\/strong> \u0111i\u1ec1u ch\u1ec9nh \u00e2m thanh ph\u00f9 h\u1ee3p v\u1edbi n\u1ed9i dung \u0111ang ph\u00e1t, \u0111em l\u1ea1i tr\u1ea3i nghi\u1ec7m li\u1ec1n m\u1ea1ch v\u00e0 d\u1ec5 ch\u1ecbu m\u1ed7i khi thay \u0111\u1ed5i n\u1ed9i dung xem ho\u1eb7c chuy\u1ec3n k\u00eanh kh\u00e1c.<\/p>\n<p>&#8211; <strong>C\u00f4ng ngh\u1ec7 Q-Symphony<\/strong> \u0111\u1ed3ng b\u1ed9 loa thanh ngo\u00e0i v\u00e0 loa tivi gi\u00fap n\u00e2ng c\u1ea5p ch\u1ea5t l\u01b0\u1ee3ng \u00e2m thanh ho\u00e0n thi\u1ec7n h\u01a1n, \u0111em l\u1ea1i tr\u1ea3i nghi\u1ec7m gi\u1ea3i tr\u00ed tuy\u1ec7t v\u1eddi.<\/p>\n<p><img loading=\"lazy\" decoding=\"async\" class=\"alignnone wp-image-5128\" src=\"https:\/\/tivi-samsung.com\/wp-content\/uploads\/2025\/09\/smart-tivi-neo-qled-4k-75-inch-samsung-qa75qn85c-090323-045615-300x168.jpg\" alt=\"\" width=\"1437\" height=\"805\" srcset=\"https:\/\/tivi-samsung.com\/wp-content\/uploads\/2025\/09\/smart-tivi-neo-qled-4k-75-inch-samsung-qa75qn85c-090323-045615-300x168.jpg 300w, https:\/\/tivi-samsung.com\/wp-content\/uploads\/2025\/09\/smart-tivi-neo-qled-4k-75-inch-samsung-qa75qn85c-090323-045615-768x429.jpg 768w, https:\/\/tivi-samsung.com\/wp-content\/uploads\/2025\/09\/smart-tivi-neo-qled-4k-75-inch-samsung-qa75qn85c-090323-045615-450x251.jpg 450w, https:\/\/tivi-samsung.com\/wp-content\/uploads\/2025\/09\/smart-tivi-neo-qled-4k-75-inch-samsung-qa75qn85c-090323-045615-600x335.jpg 600w, https:\/\/tivi-samsung.com\/wp-content\/uploads\/2025\/09\/smart-tivi-neo-qled-4k-75-inch-samsung-qa75qn85c-090323-045615-150x84.jpg 150w, https:\/\/tivi-samsung.com\/wp-content\/uploads\/2025\/09\/smart-tivi-neo-qled-4k-75-inch-samsung-qa75qn85c-090323-045615.jpg 1020w\" sizes=\"(max-width: 1437px) 100vw, 1437px\" \/><\/p>\n<p><strong>H\u1ec7 \u0111i\u1ec1u h\u00e0nh<\/strong><\/p>\n<p>H\u1ec7 \u0111i\u1ec1u h\u00e0nh<strong> Tizen\u2122<\/strong> v\u1edbi thi\u1ebft k\u1ebf giao di\u1ec7n tr\u1ef1c quan, d\u1ec5 d\u00f9ng v\u00e0 th\u00e2n thi\u1ec7n v\u1edbi ng\u01b0\u1eddi d\u00f9ng. \u0110\u1eb7c bi\u1ec7t, kho \u1ee9ng d\u1ee5ng v\u00f4 c\u00f9ng phong ph\u00fa, \u0111\u00e1p \u1ee9ng \u0111a d\u1ea1ng nhu c\u1ea7u gi\u1ea3i tr\u00ed c\u1ee7a c\u00e1c th\u00e0nh vi\u00ean trong gia \u0111\u00ecnh, t\u1eeb tr\u1ebb nh\u1ecf cho \u0111\u1ebfn ng\u01b0\u1eddi gi\u00e0.<\/p>\n<p><img loading=\"lazy\" decoding=\"async\" class=\"alignnone wp-image-5139\" src=\"https:\/\/tivi-samsung.com\/wp-content\/uploads\/2025\/09\/smart-tivi-qled-4k-85-inch-samsung-qa85q80c-190323-075726-300x168.jpg\" alt=\"\" width=\"1448\" height=\"811\" srcset=\"https:\/\/tivi-samsung.com\/wp-content\/uploads\/2025\/09\/smart-tivi-qled-4k-85-inch-samsung-qa85q80c-190323-075726-300x168.jpg 300w, https:\/\/tivi-samsung.com\/wp-content\/uploads\/2025\/09\/smart-tivi-qled-4k-85-inch-samsung-qa85q80c-190323-075726-768x429.jpg 768w, https:\/\/tivi-samsung.com\/wp-content\/uploads\/2025\/09\/smart-tivi-qled-4k-85-inch-samsung-qa85q80c-190323-075726-450x251.jpg 450w, https:\/\/tivi-samsung.com\/wp-content\/uploads\/2025\/09\/smart-tivi-qled-4k-85-inch-samsung-qa85q80c-190323-075726-600x335.jpg 600w, https:\/\/tivi-samsung.com\/wp-content\/uploads\/2025\/09\/smart-tivi-qled-4k-85-inch-samsung-qa85q80c-190323-075726-150x84.jpg 150w, https:\/\/tivi-samsung.com\/wp-content\/uploads\/2025\/09\/smart-tivi-qled-4k-85-inch-samsung-qa85q80c-190323-075726.jpg 1020w\" sizes=\"(max-width: 1448px) 100vw, 1448px\" \/><\/p>\n<p><strong>Ti\u1ec7n \u00edch<\/strong><br \/>\n&#8211; T\u00ecm ki\u1ebfm b\u1eb1ng gi\u1ecdng n\u00f3i c\u00f3 ti\u1ebfng Vi\u1ec7t tr\u00ean <strong>YouTube<\/strong> qua <strong>One Remote<\/strong>, h\u1ed7 tr\u1ee3 tr\u1ee3 l\u00fd \u1ea3o Bixby c\u00f3 ti\u1ebfng Vi\u1ec7t. \u0110\u1eb7c bi\u1ec7t, One Remote c\u00f3 th\u1ec3 s\u1ea1c b\u1eb1ng n\u0103ng l\u01b0\u1ee3ng m\u1eb7t tr\u1eddi, v\u1eeba ti\u1ebft ki\u1ec7m chi ph\u00ed \u0111\u1ed3ng th\u1eddi b\u1ea3o v\u1ec7 m\u00f4i tr\u01b0\u1eddng.<\/p>\n<p>&#8211; \u0110i\u1ec1u khi\u1ec3n tivi b\u1eb1ng \u0111i\u1ec7n tho\u1ea1i ti\u1ec7n l\u1ee3i, linh ho\u1ea1t qua \u1ee9ng d\u1ee5ng <strong>SmartThings<\/strong>.<\/p>\n<p>&#8211; D\u1ec5 d\u00e0ng chia s\u1ebb n\u1ed9i dung tr\u00ean m\u00e0n h\u00ecnh \u0111i\u1ec7n tho\u1ea1i l\u00ean tivi nh\u1edd t\u00ednh n\u0103ng <strong>AirPlay 2 (iPhone), Tap View (Samsung) v\u00e0 Screen Mirroring (Android).<\/strong><\/p>\n<p>&#8211; H\u1ed7 tr\u1ee3 \u0111a d\u1ea1ng c\u1ed5ng k\u1ebft n\u1ed1i nh\u01b0 c\u1ed5ng <strong>USB A, HDMI, Optical, eARC,\u2026<\/strong><\/p>\n<p>&#8211; <strong>SmartThings<\/strong> t\u00edch h\u1ee3p IoT Hub: Qu\u1ea3n l\u00fd ng\u00f4i nh\u00e0 th\u00f4ng minh, k\u1ebft n\u1ed1i nhanh ch\u00f3ng \u0111a thi\u1ebft b\u1ecb nh\u1edd t\u00edch h\u1ee3p IoT Hub v\u00e0 ch\u1ebf \u0111\u1ed9 hi\u1ec3n th\u1ecb 3D.<\/p>\n<p>+ N\u00e2ng c\u1ea5p kh\u1ea3 n\u0103ng k\u1ebft n\u1ed1i v\u1edbi c\u00e1c thi\u1ebft b\u1ecb audio v\u00e0 \u0111\u1eb7c bi\u1ec7t l\u00e0 tai nghe buds c\u1ee7a Samsung (2 c\u1eb7p tai nghe k\u1ebft n\u1ed1i c\u00f9ng 1 l\u00fac).<\/p>\n<p>+ N\u00e2ng cao tr\u1ea3i nghi\u1ec7m xem tr\u00ean tivi d\u01b0\u1edbi d\u1ea1ng r\u1ea1p chi\u1ebfu phim v\u1edbi Media home.<\/p>\n<p>+ <strong>Built-in IoT Hub<\/strong> gi\u00fap k\u1ebft n\u1ed1i d\u1ec5 d\u00e0ng v\u1edbi c\u00e1c thi\u1ebft b\u1ecb Zigbee, Thread, Matter m\u00e0 kh\u00f4ng c\u1ea7n Dongle.<\/p>\n<p><img loading=\"lazy\" decoding=\"async\" class=\"alignnone wp-image-5253\" src=\"https:\/\/tivi-samsung.com\/wp-content\/uploads\/2025\/09\/smart-tivi-neo-qled-4k-55-inch-samsung-qa55qn85c-190323-030451-300x168.jpg\" alt=\"\" width=\"1441\" height=\"807\" srcset=\"https:\/\/tivi-samsung.com\/wp-content\/uploads\/2025\/09\/smart-tivi-neo-qled-4k-55-inch-samsung-qa55qn85c-190323-030451-300x168.jpg 300w, https:\/\/tivi-samsung.com\/wp-content\/uploads\/2025\/09\/smart-tivi-neo-qled-4k-55-inch-samsung-qa55qn85c-190323-030451-768x429.jpg 768w, https:\/\/tivi-samsung.com\/wp-content\/uploads\/2025\/09\/smart-tivi-neo-qled-4k-55-inch-samsung-qa55qn85c-190323-030451-450x251.jpg 450w, https:\/\/tivi-samsung.com\/wp-content\/uploads\/2025\/09\/smart-tivi-neo-qled-4k-55-inch-samsung-qa55qn85c-190323-030451-600x335.jpg 600w, https:\/\/tivi-samsung.com\/wp-content\/uploads\/2025\/09\/smart-tivi-neo-qled-4k-55-inch-samsung-qa55qn85c-190323-030451-150x84.jpg 150w, https:\/\/tivi-samsung.com\/wp-content\/uploads\/2025\/09\/smart-tivi-neo-qled-4k-55-inch-samsung-qa55qn85c-190323-030451.jpg 1020w\" sizes=\"(max-width: 1441px) 100vw, 1441px\" \/><\/p>\n<p><em>V\u1edbi th\u00e0nh c\u00f4ng t\u1eeb s\u1ea3n ph\u1ea9m <strong>Smart Tivi Samsung 4K Crystal UHD 50 inch UA50BU8000<\/strong> \u0111\u01b0\u1ee3c ra m\u1eaft n\u0103m 2022, Samsung ra m\u1eaft phi\u00ean b\u1ea3n n\u0103m 2023 <strong>Smart Tivi Samsung 4K 50 inch UA50CU8000<\/strong> l\u00e0 s\u1ef1 l\u1ef1a ch\u1ecdn ho\u00e0n h\u1ea3o cho ng\u00f4i nh\u00e0 Vi\u1ec7t v\u1edbi m\u00e0n h\u00ecnh 50 inch, h\u00ecnh \u1ea3nh hi\u1ec3n th\u1ecb r\u00f5 n\u00e9t v\u1edbi b\u1ed9 x\u1eed l\u00fd<strong> Crystal 4K<\/strong>, xem \u0111a d\u1ea1ng n\u1ed9i dung v\u1edbi ch\u1ea5t l\u01b0\u1ee3ng g\u1ea7n chu\u1ea9n 4K, \u00e2m thanh trung th\u1ef1c, vang d\u1ed9i, \u0111i\u1ec1u khi\u1ec3n nhanh b\u1eb1ng gi\u1ecdng n\u00f3i ti\u1ebfng Vi\u1ec7t, qu\u1ea3n l\u00fd thi\u1ebft b\u1ecb ti\u1ec7n l\u1ee3i c\u00f9ng <strong>SmartThings<\/strong>.<\/em><\/p>\n<p>&nbsp;<\/p>\n<p><script src=\"chrome-extension:\/\/fpelahbljekknahkcaegamhcndkfpfnc\/iFrame.js\" type=\"text\/javascript\"><\/script><\/p>\n","protected":false},"excerpt":{"rendered":"<p>&nbsp;<\/p>\n<p><script src=\"chrome-extension:\/\/fpelahbljekknahkcaegamhcndkfpfnc\/iFrame.js\" type=\"text\/javascript\"><\/script><\/p>\n<p><script src=\"chrome-extension:\/\/fpelahbljekknahkcaegamhcndkfpfnc\/iFrame.js\" type=\"text\/javascript\"><\/script><\/p>\n<p><script src=\"chrome-extension:\/\/fpelahbljekknahkcaegamhcndkfpfnc\/iFrame.js\" type=\"text\/javascript\"><\/script><\/p>\n<p><script src=\"chrome-extension:\/\/fpelahbljekknahkcaegamhcndkfpfnc\/iFrame.js\" type=\"text\/javascript\"><\/script><\/p>\n<p><script src=\"chrome-extension:\/\/fpelahbljekknahkcaegamhcndkfpfnc\/iFrame.js\" type=\"text\/javascript\"><\/script><\/p>\n<p><script src=\"chrome-extension:\/\/fpelahbljekknahkcaegamhcndkfpfnc\/iFrame.js\" type=\"text\/javascript\"><\/script><\/p>\n<p><script src=\"chrome-extension:\/\/fpelahbljekknahkcaegamhcndkfpfnc\/iFrame.js\" type=\"text\/javascript\"><\/script><\/p>\n<p><script src=\"chrome-extension:\/\/fpelahbljekknahkcaegamhcndkfpfnc\/iFrame.js\" type=\"text\/javascript\"><\/script><\/p>\n","protected":false},"featured_media":4710,"comment_status":"open","ping_status":"closed","template":"","meta":[],"product_brand":[88],"product_cat":[150,68,76,138],"product_tag":[],"class_list":{"0":"post-4330","1":"product","2":"type-product","3":"status-publish","4":"has-post-thumbnail","6":"product_brand-samsung","7":"product_cat-samsung-cu8000-2023","8":"product_cat-smart-tv","9":"product_cat-televisions","10":"product_cat-tv-crystal-uhd","11":"pa_kich-co-man-hinh-50-inch","13":"first","14":"instock","15":"shipping-taxable","16":"purchasable","17":"product-type-simple"},"_links":{"self":[{"href":"https:\/\/tivi-samsung.com\/index.php?rest_route=\/wp\/v2\/product\/4330","targetHints":{"allow":["GET"]}}],"collection":[{"href":"https:\/\/tivi-samsung.com\/index.php?rest_route=\/wp\/v2\/product"}],"about":[{"href":"https:\/\/tivi-samsung.com\/index.php?rest_route=\/wp\/v2\/types\/product"}],"replies":[{"embeddable":true,"href":"https:\/\/tivi-samsung.com\/index.php?rest_route=%2Fwp%2Fv2%2Fcomments&post=4330"}],"version-history":[{"count":10,"href":"https:\/\/tivi-samsung.com\/index.php?rest_route=\/wp\/v2\/product\/4330\/revisions"}],"predecessor-version":[{"id":8419,"href":"https:\/\/tivi-samsung.com\/index.php?rest_route=\/wp\/v2\/product\/4330\/revisions\/8419"}],"wp:featuredmedia":[{"embeddable":true,"href":"https:\/\/tivi-samsung.com\/index.php?rest_route=\/wp\/v2\/media\/4710"}],"wp:attachment":[{"href":"https:\/\/tivi-samsung.com\/index.php?rest_route=%2Fwp%2Fv2%2Fmedia&parent=4330"}],"wp:term":[{"taxonomy":"product_brand","embeddable":true,"href":"https:\/\/tivi-samsung.com\/index.php?rest_route=%2Fwp%2Fv2%2Fproduct_brand&post=4330"},{"taxonomy":"product_cat","embeddable":true,"href":"https:\/\/tivi-samsung.com\/index.php?rest_route=%2Fwp%2Fv2%2Fproduct_cat&post=4330"},{"taxonomy":"product_tag","embeddable":true,"href":"https:\/\/tivi-samsung.com\/index.php?rest_route=%2Fwp%2Fv2%2Fproduct_tag&post=4330"}],"curies":[{"name":"wp","href":"https:\/\/api.w.org\/{rel}","templated":true}]}}