{"id":4326,"date":"2025-09-16T17:43:24","date_gmt":"2025-09-16T17:43:24","guid":{"rendered":"https:\/\/tivi-samsung.com\/?post_type=product&#038;p=4326"},"modified":"2025-10-14T23:50:19","modified_gmt":"2025-10-14T16:50:19","slug":"smart-tivi-qled-samsung-4k-50-inch-qa50q60b","status":"publish","type":"product","link":"https:\/\/tivi-samsung.com\/?product=smart-tivi-qled-samsung-4k-50-inch-qa50q60b","title":{"rendered":"Smart Tivi QLED Samsung 4K 50 inch QA50Q60B"},"content":{"rendered":"<p><strong>Th\u00f4ng tin s\u1ea3n ph\u1ea9m<\/strong><\/p>\n<p><a href=\"https:\/\/tokoo.vn\/danh-muc\/samsung-tvs\/\" target=\"_blank\" rel=\"noopener\"><strong>Smart Tivi QLED 4K 50 inch Samsung QA50Q60B<\/strong><\/a> s\u1edf h\u1eefu v\u1ebb ngo\u00e0i cu\u1ed1n h\u00fat v\u1edbi thi\u1ebft k\u1ebf<strong> AirSlim<\/strong> thanh m\u1ea3nh. B\u00ean c\u1ea1nh \u0111\u00f3, tivi trang b\u1ecb c\u00e1c c\u00f4ng ngh\u1ec7 h\u00ecnh \u1ea3nh, \u00e2m thanh hi\u1ec7n \u0111\u1ea1i nh\u01b0 Quantum Dot, b\u1ed9 x\u1eed l\u00fd Quantum 4K Lite, \u00e2m thanh chuy\u1ec3n \u0111\u1ed9ng theo h\u00ecnh \u1ea3nh <strong>OTS Lite<\/strong> cho tr\u1ea3i nghi\u1ec7m nghe nh\u00ecn tr\u00ean tivi Samsung tr\u1edf n\u00ean ho\u00e0n h\u1ea3o.<\/p>\n<p>&nbsp;<\/p>\n<p><strong>Thi\u1ebft k\u1ebf<\/strong><\/p>\n<p>&#8211;<strong> Smart Tivi QLED 4K 50 inch Samsung QA50Q60B<\/strong> s\u1edf h\u1eefu thi\u1ebft k\u1ebf <strong>AirSlim<\/strong> thanh m\u1ea3nh, c\u1ea1nh vi\u1ec1n b\u1eb1ng nh\u1ef1a m\u1ecfng t\u1ea1o c\u1ea3m gi\u00e1c xem m\u1edf r\u1ed9ng, tr\u00e1nh sao nh\u00e3ng khi xem tivi.<\/p>\n<p>&#8211; Smart tivi Samsung c\u00f3 k\u00edch th\u01b0\u1edbc m\u00e0n h\u00ecnh 50 inch \u0111\u01b0\u1ee3c n\u00e2ng \u0111\u1ee1 v\u1eefng ch\u1eafc b\u1edfi ch\u00e2n \u0111\u1ebf ch\u1eef L \u00e1nh \u0111en cu\u1ed1n h\u00fat. Tivi l\u00e0 s\u1ef1 l\u1ef1a ch\u1ecdn ph\u00f9 h\u1ee3p v\u1edbi c\u00e1c kh\u00f4ng gian ph\u00f2ng kh\u00e1ch, ph\u00f2ng ng\u1ee7, ph\u00f2ng h\u1ecdp,&#8230;<\/p>\n<p><img fetchpriority=\"high\" decoding=\"async\" class=\"alignnone wp-image-6410\" src=\"https:\/\/tivi-samsung.com\/wp-content\/uploads\/2025\/09\/smart-qled-4k-50-inch-samsung-qa50q60b-250322-021853-300x168.jpg\" alt=\"\" width=\"998\" height=\"559\" srcset=\"https:\/\/tivi-samsung.com\/wp-content\/uploads\/2025\/09\/smart-qled-4k-50-inch-samsung-qa50q60b-250322-021853-300x168.jpg 300w, https:\/\/tivi-samsung.com\/wp-content\/uploads\/2025\/09\/smart-qled-4k-50-inch-samsung-qa50q60b-250322-021853-768x429.jpg 768w, https:\/\/tivi-samsung.com\/wp-content\/uploads\/2025\/09\/smart-qled-4k-50-inch-samsung-qa50q60b-250322-021853-450x251.jpg 450w, https:\/\/tivi-samsung.com\/wp-content\/uploads\/2025\/09\/smart-qled-4k-50-inch-samsung-qa50q60b-250322-021853-600x335.jpg 600w, https:\/\/tivi-samsung.com\/wp-content\/uploads\/2025\/09\/smart-qled-4k-50-inch-samsung-qa50q60b-250322-021853-150x84.jpg 150w, https:\/\/tivi-samsung.com\/wp-content\/uploads\/2025\/09\/smart-qled-4k-50-inch-samsung-qa50q60b-250322-021853.jpg 1020w\" sizes=\"(max-width: 998px) 100vw, 998px\" \/><\/p>\n<p><strong>C\u00f4ng ngh\u1ec7 h\u00ecnh \u1ea3nh<\/strong><\/p>\n<p>&#8211; C\u00f4ng ngh\u1ec7 <strong>Quantum Dot<\/strong> hi\u1ec3n th\u1ecb 100% d\u1ea3i m\u00e0u, tivi hi\u1ec3n th\u1ecb h\u00ecnh \u1ea3nh v\u1edbi \u0111\u1ed9 n\u00e9t cao, mang \u0111\u1ebfn th\u1ebf gi\u1edbi m\u00e0u s\u1eafc ch\u00e2n th\u1ef1c, s\u1ed1ng \u0111\u1ed9ng.<\/p>\n<p>&#8211; C\u00f4ng ngh\u1ec7 \u0111\u00e8n n\u1ec1n <strong>Dual LED<\/strong> t\u00edch h\u1ee3p c\u00f4ng ngh\u1ec7<strong> Quantum HDR<\/strong> gi\u00fap n\u00e2ng cao \u0111\u1ed9 t\u01b0\u01a1ng ph\u1ea3n, m\u00e0u s\u1eafc ch\u00ednh x\u00e1c, tivi Samsung cho h\u00ecnh \u1ea3nh \u0111\u1eb9p m\u1eaft v\u1edbi \u0111\u1ed9 s\u00e1ng cao.<\/p>\n<p>&#8211; B\u1ed9 x\u1eed l\u00fd<strong> Quantum 4K Lite<\/strong> n\u00e2ng c\u1ea5p ch\u1ea5t l\u01b0\u1ee3ng h\u00ecnh \u1ea3nh \u0111\u1ea7u v\u00e0o c\u1ee7a tivi <strong>Samsung QLED<\/strong> l\u00ean g\u1ea7n chu\u1ea9n 4K, c\u00e1c c\u1ea3nh phim, ch\u01b0\u01a1ng tr\u00ecnh th\u1ec3 thao, ca nh\u1ea1c,&#8230; \u0111\u01b0\u1ee3c tr\u00ecnh chi\u1ebfu v\u1edbi ch\u1ea5t l\u01b0\u1ee3ng ho\u00e0n h\u1ea3o.<\/p>\n<p>&#8211; Chuy\u1ec3n \u0111\u1ed9ng m\u01b0\u1ee3t <strong>Motion Xcelerator<\/strong> gi\u00fap gi\u1ea3m \u0111\u1ed9 m\u1edd, \u0111\u1ed9 n\u00e9t chuy\u1ec3n \u0111\u1ed9ng \u0111\u01b0\u1ee3c n\u00e2ng cao, gi\u1edd \u0111\u00e2y b\u1ea1n c\u00f3 th\u1ec3 b\u1eaft tr\u1ecdn t\u1eebng kho\u1ea3nh kh\u1eafc c\u1ee7a c\u00e1c n\u1ed9i dung y\u00eau th\u00edch.<\/p>\n<p><img decoding=\"async\" class=\"alignnone wp-image-5155\" src=\"https:\/\/tivi-samsung.com\/wp-content\/uploads\/2025\/09\/tivi-qled-samsung-4k-65-inch-qa65qn70d-cong-nghe-hinh-anh-1020x570-1-300x168.jpg\" alt=\"\" width=\"1427\" height=\"799\" srcset=\"https:\/\/tivi-samsung.com\/wp-content\/uploads\/2025\/09\/tivi-qled-samsung-4k-65-inch-qa65qn70d-cong-nghe-hinh-anh-1020x570-1-300x168.jpg 300w, https:\/\/tivi-samsung.com\/wp-content\/uploads\/2025\/09\/tivi-qled-samsung-4k-65-inch-qa65qn70d-cong-nghe-hinh-anh-1020x570-1-768x429.jpg 768w, https:\/\/tivi-samsung.com\/wp-content\/uploads\/2025\/09\/tivi-qled-samsung-4k-65-inch-qa65qn70d-cong-nghe-hinh-anh-1020x570-1-450x251.jpg 450w, https:\/\/tivi-samsung.com\/wp-content\/uploads\/2025\/09\/tivi-qled-samsung-4k-65-inch-qa65qn70d-cong-nghe-hinh-anh-1020x570-1-600x335.jpg 600w, https:\/\/tivi-samsung.com\/wp-content\/uploads\/2025\/09\/tivi-qled-samsung-4k-65-inch-qa65qn70d-cong-nghe-hinh-anh-1020x570-1-150x84.jpg 150w, https:\/\/tivi-samsung.com\/wp-content\/uploads\/2025\/09\/tivi-qled-samsung-4k-65-inch-qa65qn70d-cong-nghe-hinh-anh-1020x570-1.jpg 1020w\" sizes=\"(max-width: 1427px) 100vw, 1427px\" \/><\/p>\n<p><strong>C\u00f4ng ngh\u1ec7 \u00e2m thanh<\/strong><\/p>\n<p>&#8211; Tivi <strong>Samsung 4K<\/strong> s\u1edf h\u1eefu h\u1ec7 th\u1ed1ng loa v\u1edbi t\u1ed5ng c\u00f4ng su\u1ea5t 20W.<\/p>\n<p>&#8211; C\u00f4ng ngh\u1ec7 \u00e2m thanh <strong>OTS Lite<\/strong> cho \u00e2m thanh v\u00f2m ph\u00e1t ra theo t\u1eebng chuy\u1ec3n \u0111\u1ed9ng c\u1ee7a h\u00ecnh \u1ea3nh, gi\u00fap b\u1ea1n tr\u1ea3i nghi\u1ec7m hi\u1ec7u \u1ee9ng \u00e2m thanh s\u1ed1ng \u0111\u1ed9ng, c\u1ea3m gi\u00e1c ch\u00e2n th\u1ef1c nh\u01b0 \u0111ang \u1edf trong hi\u1ec7n tr\u01b0\u1eddng.<\/p>\n<p>&#8211; <strong>Q-Symphony<\/strong> k\u1ebft h\u1ee3p loa tivi v\u1edbi loa thanh l\u00e0 s\u1ef1 c\u1ed9ng h\u01b0\u1edfng ho\u00e0n h\u1ea3o, \u00e2m thanh tivi tr\u1edf n\u00ean ho\u00e0n h\u1ea3o, vang d\u1ed9i h\u01a1n.<\/p>\n<p><strong>Th\u00f4ng tin s\u1ea3n ph\u1ea9m<\/strong><\/p>\n<p>Chi\u1ebfc tivi Samsung 50 inch \u0111\u01b0\u1ee3c t\u00edch h\u1ee3p h\u1ec7 \u0111i\u1ec1u h\u00e0nh <strong>Tizen\u2122<\/strong> v\u1edbi giao di\u1ec7n tr\u1ef1c quan, th\u00e2n thi\u1ec7n v\u1edbi m\u1ecdi l\u1ee9a tu\u1ed5i. Gi\u1edd \u0111\u00e2y, c\u1ea3 gia \u0111\u00ecnh c\u00f3 th\u1ec3 tho\u1ea3 s\u1ee9c gi\u1ea3i tr\u00ed b\u00ean tivi <strong>Samsung<\/strong> c\u00f9ng kho \u1ee9ng d\u1ee5ng phong ph\u00fa nh\u01b0 <strong>Clip TV, FPT Play, Galaxy Play (Fim+), MP3 Zing,&#8230;<\/strong><\/p>\n<p><img decoding=\"async\" class=\"alignnone wp-image-5156\" src=\"https:\/\/tivi-samsung.com\/wp-content\/uploads\/2025\/09\/tivi-qled-samsung-4k-65-inch-qa65qn70d-he-dieu-hanh-1020x570-1-300x168.jpg\" alt=\"\" width=\"1420\" height=\"795\" srcset=\"https:\/\/tivi-samsung.com\/wp-content\/uploads\/2025\/09\/tivi-qled-samsung-4k-65-inch-qa65qn70d-he-dieu-hanh-1020x570-1-300x168.jpg 300w, https:\/\/tivi-samsung.com\/wp-content\/uploads\/2025\/09\/tivi-qled-samsung-4k-65-inch-qa65qn70d-he-dieu-hanh-1020x570-1-768x429.jpg 768w, https:\/\/tivi-samsung.com\/wp-content\/uploads\/2025\/09\/tivi-qled-samsung-4k-65-inch-qa65qn70d-he-dieu-hanh-1020x570-1-450x251.jpg 450w, https:\/\/tivi-samsung.com\/wp-content\/uploads\/2025\/09\/tivi-qled-samsung-4k-65-inch-qa65qn70d-he-dieu-hanh-1020x570-1-600x335.jpg 600w, https:\/\/tivi-samsung.com\/wp-content\/uploads\/2025\/09\/tivi-qled-samsung-4k-65-inch-qa65qn70d-he-dieu-hanh-1020x570-1-150x84.jpg 150w, https:\/\/tivi-samsung.com\/wp-content\/uploads\/2025\/09\/tivi-qled-samsung-4k-65-inch-qa65qn70d-he-dieu-hanh-1020x570-1.jpg 1020w\" sizes=\"(max-width: 1420px) 100vw, 1420px\" \/><\/p>\n<p><strong>Ti\u1ec7n \u00edch<\/strong><\/p>\n<p>&#8211; <strong>Multi View<\/strong> chia hai m\u00e0n h\u00ecnh tivi h\u1ed7 tr\u1ee3 xem c\u00f9ng l\u00fac nhi\u1ec1u n\u1ed9i dung.<\/p>\n<p>&#8211; D\u1ec5 d\u00e0ng t\u00ecnh chi\u1ebfu n\u1ed9i dung m\u00e0n h\u00ecnh t\u1eeb \u0111i\u1ec7n tho\u1ea1i l\u00ean tivi th\u00f4ng qua <strong>AirPlay 2 (iPhone) , Screen Mirroring (Android), Tap View<\/strong> 1 ch\u1ea1m.<\/p>\n<p>&#8211; <strong>\u1ee8ng d\u1ee5ng SmartThings<\/strong> ti\u1ec7n g\u1ecdn gi\u00fap k\u1ebft n\u1ed1i, \u0111i\u1ec1u khi\u1ec3n tivi Samsung, thi\u1ebft b\u1ecb \u0111i\u1ec7n t\u1eed trong h\u1ec7 sinh th\u00e1i Samsung th\u00f4ng qua \u0111i\u1ec7n tho\u1ea1i th\u00f4ng minh.<\/p>\n<p><img loading=\"lazy\" decoding=\"async\" class=\"alignnone wp-image-5178\" src=\"https:\/\/tivi-samsung.com\/wp-content\/uploads\/2025\/09\/smart-tivi-qled-4k-50-inch-samsung-qa50q80c-200323-100637-300x168.jpg\" alt=\"\" width=\"1418\" height=\"794\" srcset=\"https:\/\/tivi-samsung.com\/wp-content\/uploads\/2025\/09\/smart-tivi-qled-4k-50-inch-samsung-qa50q80c-200323-100637-300x168.jpg 300w, https:\/\/tivi-samsung.com\/wp-content\/uploads\/2025\/09\/smart-tivi-qled-4k-50-inch-samsung-qa50q80c-200323-100637-768x429.jpg 768w, https:\/\/tivi-samsung.com\/wp-content\/uploads\/2025\/09\/smart-tivi-qled-4k-50-inch-samsung-qa50q80c-200323-100637-450x251.jpg 450w, https:\/\/tivi-samsung.com\/wp-content\/uploads\/2025\/09\/smart-tivi-qled-4k-50-inch-samsung-qa50q80c-200323-100637-600x335.jpg 600w, https:\/\/tivi-samsung.com\/wp-content\/uploads\/2025\/09\/smart-tivi-qled-4k-50-inch-samsung-qa50q80c-200323-100637-150x84.jpg 150w, https:\/\/tivi-samsung.com\/wp-content\/uploads\/2025\/09\/smart-tivi-qled-4k-50-inch-samsung-qa50q80c-200323-100637.jpg 1020w\" sizes=\"(max-width: 1418px) 100vw, 1418px\" \/><\/p>\n<p><em><strong>Smart Tivi QLED 4K 50 inch Samsung QA50Q60B<\/strong> v\u1edbi thi\u1ebft k\u1ebf tinh t\u1ebf, hi\u1ec3n th\u1ecb ch\u1ea5t l\u01b0\u1ee3ng h\u00ecnh \u1ea3nh v\u00e0 \u00e2m thanh tuy\u1ec7t h\u1ea3o, nhi\u1ec1u t\u00ednh n\u0103ng th\u00f4ng minh, ti\u1ec7n \u00edch, mang \u0111\u1ebfn cho b\u1ea1n nh\u1eefng tr\u1ea3i nghi\u1ec7m phong ph\u00fa, th\u00fa v\u1ecb trong t\u1eebng ph\u00fat gi\u00e2y t\u1eadn h\u01b0\u1edfng gi\u1ea3i tr\u00ed c\u00f9ng tivi.<\/em><\/p>\n<p>&nbsp;<\/p>\n<p><script src=\"chrome-extension:\/\/fpelahbljekknahkcaegamhcndkfpfnc\/iFrame.js\" type=\"text\/javascript\"><\/script><\/p>\n","protected":false},"excerpt":{"rendered":"<p>&nbsp;<\/p>\n<p><script src=\"chrome-extension:\/\/fpelahbljekknahkcaegamhcndkfpfnc\/iFrame.js\" type=\"text\/javascript\"><\/script><\/p>\n<p><script src=\"chrome-extension:\/\/fpelahbljekknahkcaegamhcndkfpfnc\/iFrame.js\" type=\"text\/javascript\"><\/script><\/p>\n<p><script src=\"chrome-extension:\/\/fpelahbljekknahkcaegamhcndkfpfnc\/iFrame.js\" type=\"text\/javascript\"><\/script><\/p>\n<p><script src=\"chrome-extension:\/\/fpelahbljekknahkcaegamhcndkfpfnc\/iFrame.js\" type=\"text\/javascript\"><\/script><\/p>\n<p><script src=\"chrome-extension:\/\/fpelahbljekknahkcaegamhcndkfpfnc\/iFrame.js\" type=\"text\/javascript\"><\/script><\/p>\n<p><script src=\"chrome-extension:\/\/fpelahbljekknahkcaegamhcndkfpfnc\/iFrame.js\" type=\"text\/javascript\"><\/script><\/p>\n<p><script src=\"chrome-extension:\/\/fpelahbljekknahkcaegamhcndkfpfnc\/iFrame.js\" type=\"text\/javascript\"><\/script><\/p>\n","protected":false},"featured_media":6409,"comment_status":"open","ping_status":"closed","template":"","meta":[],"product_brand":[88],"product_cat":[94,159,68,76],"product_tag":[],"class_list":{"0":"post-4326","1":"product","2":"type-product","3":"status-publish","4":"has-post-thumbnail","6":"product_brand-samsung","7":"product_cat-qled-tv","8":"product_cat-samsung-q60b-2022","9":"product_cat-smart-tv","10":"product_cat-televisions","11":"pa_kich-co-man-hinh-50-inch","13":"first","14":"instock","15":"sale","16":"shipping-taxable","17":"purchasable","18":"product-type-simple"},"_links":{"self":[{"href":"https:\/\/tivi-samsung.com\/index.php?rest_route=\/wp\/v2\/product\/4326","targetHints":{"allow":["GET"]}}],"collection":[{"href":"https:\/\/tivi-samsung.com\/index.php?rest_route=\/wp\/v2\/product"}],"about":[{"href":"https:\/\/tivi-samsung.com\/index.php?rest_route=\/wp\/v2\/types\/product"}],"replies":[{"embeddable":true,"href":"https:\/\/tivi-samsung.com\/index.php?rest_route=%2Fwp%2Fv2%2Fcomments&post=4326"}],"version-history":[{"count":9,"href":"https:\/\/tivi-samsung.com\/index.php?rest_route=\/wp\/v2\/product\/4326\/revisions"}],"predecessor-version":[{"id":8420,"href":"https:\/\/tivi-samsung.com\/index.php?rest_route=\/wp\/v2\/product\/4326\/revisions\/8420"}],"wp:featuredmedia":[{"embeddable":true,"href":"https:\/\/tivi-samsung.com\/index.php?rest_route=\/wp\/v2\/media\/6409"}],"wp:attachment":[{"href":"https:\/\/tivi-samsung.com\/index.php?rest_route=%2Fwp%2Fv2%2Fmedia&parent=4326"}],"wp:term":[{"taxonomy":"product_brand","embeddable":true,"href":"https:\/\/tivi-samsung.com\/index.php?rest_route=%2Fwp%2Fv2%2Fproduct_brand&post=4326"},{"taxonomy":"product_cat","embeddable":true,"href":"https:\/\/tivi-samsung.com\/index.php?rest_route=%2Fwp%2Fv2%2Fproduct_cat&post=4326"},{"taxonomy":"product_tag","embeddable":true,"href":"https:\/\/tivi-samsung.com\/index.php?rest_route=%2Fwp%2Fv2%2Fproduct_tag&post=4326"}],"curies":[{"name":"wp","href":"https:\/\/api.w.org\/{rel}","templated":true}]}}