{"id":4322,"date":"2025-09-16T17:37:07","date_gmt":"2025-09-16T17:37:07","guid":{"rendered":"https:\/\/tivi-samsung.com\/?post_type=product&#038;p=4322"},"modified":"2025-10-14T23:51:59","modified_gmt":"2025-10-14T16:51:59","slug":"smart-tivi-qled-samsung-4k-43-inch-qa43q60b","status":"publish","type":"product","link":"https:\/\/tivi-samsung.com\/?product=smart-tivi-qled-samsung-4k-43-inch-qa43q60b","title":{"rendered":"Smart Tivi QLED Samsung 4K 43 inch\u00a0QA43Q60B"},"content":{"rendered":"<p><strong>Th\u00f4ng tin s\u1ea3n ph\u1ea9m<\/strong><\/p>\n<p><a href=\"https:\/\/tokoo.vn\/danh-muc\/samsung-tvs\/\" target=\"_blank\" rel=\"noopener\"><strong>Smart Tivi QLED 4K 43 inch Samsung QA43Q60B<\/strong> <\/a>thi\u1ebft k\u1ebf sang tr\u1ecdng, m\u00e0n h\u00ecnh si\u00eau m\u1ecfng \u0111i c\u00f9ng \u0111\u1ed9 ph\u00e2n gi\u1ea3i 4K s\u1eafc n\u00e9t, c\u00f4ng ngh\u1ec7 OTS Lite \u00e2m thanh chuy\u1ec3n \u0111\u1ed9ng theo h\u00ecnh \u1ea3nh s\u1ed1ng \u0111\u1ed9ng, h\u1ec7 \u0111i\u1ec1u h\u00e0nh <strong>Tizen\u2122<\/strong> giao di\u1ec7n th\u00e2n thi\u1ec7n, s\u1eed d\u1ee5ng d\u1ec5 d\u00e0ng v\u00e0 c\u00e1c ti\u1ec7n \u00edch th\u00fa v\u1ecb h\u1ed7 tr\u1ee3 nhu c\u1ea7u gi\u1ea3i tr\u00ed c\u01a1 b\u1ea3n c\u1ee7a ng\u01b0\u1eddi d\u00f9ng.<\/p>\n<p><strong>T\u1ed5ng quan thi\u1ebft k\u1ebf<\/strong><\/p>\n<p>&#8211;<strong> Smart Tivi QLED 4K 43 inch Samsung QA43Q60B<\/strong> \u0111\u01b0\u1ee3c thi\u1ebft k\u1ebf v\u1edbi nh\u1eefng \u0111\u01b0\u1eddng n\u00e9t c\u1ee9ng c\u00e1p nh\u01b0ng kh\u00f4ng th\u00f4 c\u1ee9ng, m\u00e0n h\u00ecnh si\u00eau m\u1ecfng, ch\u00e2n \u0111\u1ebf ch\u1eef L thanh m\u1ea3nh, ch\u1eafc ch\u1eafn, t\u1ed5ng th\u1ec3 h\u00e0i h\u00f2a quy\u1ec7n v\u1edbi m\u1ecdi kh\u00f4ng gian. C\u1ea1nh vi\u1ec1n m\u1ecfng gi\u00fap ng\u01b0\u1eddi d\u00f9ng th\u01b0\u1edfng th\u1ee9c nh\u1eefng khung h\u00ecnh kh\u00f4ng gi\u1edbi h\u1ea1n.<\/p>\n<p>&#8211; V\u1edbi k\u00edch th\u01b0\u1edbc m\u00e0n h\u00ecnh 43 inch tivi s\u1ebd l\u00e0 \u0111i\u1ec3m xuy\u1ebft tuy\u1ec7t v\u1eddi cho kh\u00f4ng gian ph\u00f2ng kh\u00e1ch v\u00e0 ph\u00f2ng ng\u1ee7.<\/p>\n<p><img fetchpriority=\"high\" decoding=\"async\" class=\"alignnone wp-image-6423\" src=\"https:\/\/tivi-samsung.com\/wp-content\/uploads\/2025\/09\/smart-qled-4k-43-inch-samsung-qa43q60b-260322-084454-300x168.jpg\" alt=\"\" width=\"1002\" height=\"561\" srcset=\"https:\/\/tivi-samsung.com\/wp-content\/uploads\/2025\/09\/smart-qled-4k-43-inch-samsung-qa43q60b-260322-084454-300x168.jpg 300w, https:\/\/tivi-samsung.com\/wp-content\/uploads\/2025\/09\/smart-qled-4k-43-inch-samsung-qa43q60b-260322-084454-768x429.jpg 768w, https:\/\/tivi-samsung.com\/wp-content\/uploads\/2025\/09\/smart-qled-4k-43-inch-samsung-qa43q60b-260322-084454-450x251.jpg 450w, https:\/\/tivi-samsung.com\/wp-content\/uploads\/2025\/09\/smart-qled-4k-43-inch-samsung-qa43q60b-260322-084454-600x335.jpg 600w, https:\/\/tivi-samsung.com\/wp-content\/uploads\/2025\/09\/smart-qled-4k-43-inch-samsung-qa43q60b-260322-084454-150x84.jpg 150w, https:\/\/tivi-samsung.com\/wp-content\/uploads\/2025\/09\/smart-qled-4k-43-inch-samsung-qa43q60b-260322-084454.jpg 1020w\" sizes=\"(max-width: 1002px) 100vw, 1002px\" \/><\/p>\n<p><strong>C\u00f4ng ngh\u1ec7 h\u00ecnh \u1ea3nh<\/strong><\/p>\n<p>&#8211; <strong>\u0110\u1ed9 ph\u00e2n gi\u1ea3i 4K<\/strong> h\u00ecnh \u1ea3nh s\u1eafc n\u00e9t \u0111\u1ebfn t\u1eebng chi ti\u1ebft.<\/p>\n<p>&#8211; <strong>C\u00f4ng ngh\u1ec7 Quantum Dot<\/strong> t\u00e1i hi\u1ec7n 100% d\u1ea3i m\u00e0u s\u1eafc nh\u1edd \u0111\u00f3 m\u00e0u s\u1eafc s\u1ed1ng \u0111\u1ed9ng, \u0111\u1ed9 s\u00e1ng ho\u00e0n h\u1ea3o.<\/p>\n<p>&#8211; <strong>B\u1ed9 x\u1eed l\u00fd Quantum 4K Lite<\/strong> c\u1ea3i thi\u1ec7n ch\u1ea5t l\u01b0\u1ee3ng h\u00ecnh \u1ea3nh mang \u0111\u1ebfn \u0111\u1ed9 ph\u00e2n gi\u1ea3i g\u1ea7n chu\u1ea9n 4K b\u1ea5t k\u1ec3 ngu\u1ed3n v\u00e0o l\u00e0 SD, HD hay 2K.<\/p>\n<p>&#8211; <strong>C\u00f4ng ngh\u1ec7 Quantum HDR<\/strong> t\u1ed1i \u01b0u chi ti\u1ebft v\u00e0 \u0111\u1ed9 t\u01b0\u01a1ng ph\u1ea3n c\u1ee7a h\u00ecnh \u1ea3nh, cho nh\u1eefng th\u01b0\u1edbc phim tr\u00ean tivi <strong>Samsung QLED<\/strong> c\u00f3 chi\u1ec1u s\u00e2u, m\u00e0u s\u1eafc chu\u1ea9n x\u00e1c.<\/p>\n<p>&#8211; <strong>Motion Xcelerator<\/strong> gi\u1ea3m \u0111\u1ed9 m\u1edd v\u00e0 ch\u1ed1ng x\u00e9 h\u00ecnh, t\u1eeb \u0111\u00f3 c\u00e1c ph\u00e2n c\u1ea3nh chuy\u1ec3n \u0111\u1ed9ng tr\u1edf n\u00ean r\u00f5 r\u00e0ng, m\u01b0\u1ee3t m\u00e0 nh\u1edd kh\u1ea3 n\u0103ng th\u00eam h\u00ecnh \u1ea3nh v\u00e0o chuy\u1ec3n \u0111\u1ed9ng.<\/p>\n<p><img decoding=\"async\" class=\"alignnone wp-image-5155\" src=\"https:\/\/tivi-samsung.com\/wp-content\/uploads\/2025\/09\/tivi-qled-samsung-4k-65-inch-qa65qn70d-cong-nghe-hinh-anh-1020x570-1-300x168.jpg\" alt=\"\" width=\"1405\" height=\"787\" srcset=\"https:\/\/tivi-samsung.com\/wp-content\/uploads\/2025\/09\/tivi-qled-samsung-4k-65-inch-qa65qn70d-cong-nghe-hinh-anh-1020x570-1-300x168.jpg 300w, https:\/\/tivi-samsung.com\/wp-content\/uploads\/2025\/09\/tivi-qled-samsung-4k-65-inch-qa65qn70d-cong-nghe-hinh-anh-1020x570-1-768x429.jpg 768w, https:\/\/tivi-samsung.com\/wp-content\/uploads\/2025\/09\/tivi-qled-samsung-4k-65-inch-qa65qn70d-cong-nghe-hinh-anh-1020x570-1-450x251.jpg 450w, https:\/\/tivi-samsung.com\/wp-content\/uploads\/2025\/09\/tivi-qled-samsung-4k-65-inch-qa65qn70d-cong-nghe-hinh-anh-1020x570-1-600x335.jpg 600w, https:\/\/tivi-samsung.com\/wp-content\/uploads\/2025\/09\/tivi-qled-samsung-4k-65-inch-qa65qn70d-cong-nghe-hinh-anh-1020x570-1-150x84.jpg 150w, https:\/\/tivi-samsung.com\/wp-content\/uploads\/2025\/09\/tivi-qled-samsung-4k-65-inch-qa65qn70d-cong-nghe-hinh-anh-1020x570-1.jpg 1020w\" sizes=\"(max-width: 1405px) 100vw, 1405px\" \/><\/p>\n<p><strong>C\u00f4ng ngh\u1ec7 \u00e2m thanh<\/strong><\/p>\n<p>&#8211; <strong>OTS Lite<\/strong> \u00e2m thanh chuy\u1ec3n \u0111\u1ed9ng theo h\u00ecnh \u1ea3nh, c\u00e1c v\u1eadt th\u1ec3 trong tivi nh\u01b0 tho\u00e1t ra kh\u1ecfi m\u00e0n h\u00ecnh, b\u1ea1n s\u1ebd c\u1ea3m nh\u1eadn nh\u01b0 \u0111ang ng\u1ed3i t\u1ea1i r\u1ea1p chi\u1ebfu phim.<\/p>\n<p>&#8211; <strong>Q-Symphony<\/strong> k\u1ebft h\u1ee3p loa tivi v\u1edbi loa thanh t\u1ea1o n\u00ean ch\u1ea5t \u00e2m cu\u1ed1n h\u00fat, ki\u1ebfn t\u1ea1o kh\u00f4ng gian \u00e2m nh\u1ea1c \u0111\u1ec9nh cao.<\/p>\n<p><img decoding=\"async\" class=\"alignnone wp-image-5309\" src=\"https:\/\/tivi-samsung.com\/wp-content\/uploads\/2025\/09\/tivi-neo-qled-samsung-8k-65-inch-qa65qn800d-6-1020x570-1-300x168.jpg\" alt=\"\" width=\"1402\" height=\"785\" srcset=\"https:\/\/tivi-samsung.com\/wp-content\/uploads\/2025\/09\/tivi-neo-qled-samsung-8k-65-inch-qa65qn800d-6-1020x570-1-300x168.jpg 300w, https:\/\/tivi-samsung.com\/wp-content\/uploads\/2025\/09\/tivi-neo-qled-samsung-8k-65-inch-qa65qn800d-6-1020x570-1-768x429.jpg 768w, https:\/\/tivi-samsung.com\/wp-content\/uploads\/2025\/09\/tivi-neo-qled-samsung-8k-65-inch-qa65qn800d-6-1020x570-1-450x251.jpg 450w, https:\/\/tivi-samsung.com\/wp-content\/uploads\/2025\/09\/tivi-neo-qled-samsung-8k-65-inch-qa65qn800d-6-1020x570-1-600x335.jpg 600w, https:\/\/tivi-samsung.com\/wp-content\/uploads\/2025\/09\/tivi-neo-qled-samsung-8k-65-inch-qa65qn800d-6-1020x570-1-150x84.jpg 150w, https:\/\/tivi-samsung.com\/wp-content\/uploads\/2025\/09\/tivi-neo-qled-samsung-8k-65-inch-qa65qn800d-6-1020x570-1.jpg 1020w\" sizes=\"(max-width: 1402px) 100vw, 1402px\" \/><\/p>\n<p><strong>H\u1ec7 \u0111i\u1ec1u h\u00e0nh<\/strong><\/p>\n<p>&#8211;<strong> H\u1ec7 \u0111i\u1ec1u h\u00e0nh Tizen\u2122<\/strong> \u0111a nhi\u1ec7m, d\u1ec5 d\u00e0ng thao t\u00e1c, mang \u0111\u1ebfn tr\u1ea3i nghi\u1ec7m m\u1edbi m\u1ebb cho ng\u01b0\u1eddi d\u00f9ng.<\/p>\n<p>&#8211; H\u1ec7 \u0111i\u1ec1u h\u00e0nh tr\u00ean tivi Samsung n\u00e0y t\u00edch h\u1ee3p c\u00e1c \u1ee9ng d\u1ee5ng nh\u01b0: <strong>YouTube, FPT Play, Galaxy Play (Fim+), Clip TV, Netflix, MyTV, POPS Kids, Spotify,&#8230;<\/strong><\/p>\n<p><img loading=\"lazy\" decoding=\"async\" class=\"alignnone wp-image-5293\" src=\"https:\/\/tivi-samsung.com\/wp-content\/uploads\/2025\/09\/tivi-neo-qled-samsung-4k-55-inch-qa55qn90d-7-1020x570-1-300x168.jpg\" alt=\"\" width=\"1398\" height=\"783\" srcset=\"https:\/\/tivi-samsung.com\/wp-content\/uploads\/2025\/09\/tivi-neo-qled-samsung-4k-55-inch-qa55qn90d-7-1020x570-1-300x168.jpg 300w, https:\/\/tivi-samsung.com\/wp-content\/uploads\/2025\/09\/tivi-neo-qled-samsung-4k-55-inch-qa55qn90d-7-1020x570-1-768x429.jpg 768w, https:\/\/tivi-samsung.com\/wp-content\/uploads\/2025\/09\/tivi-neo-qled-samsung-4k-55-inch-qa55qn90d-7-1020x570-1-450x251.jpg 450w, https:\/\/tivi-samsung.com\/wp-content\/uploads\/2025\/09\/tivi-neo-qled-samsung-4k-55-inch-qa55qn90d-7-1020x570-1-600x335.jpg 600w, https:\/\/tivi-samsung.com\/wp-content\/uploads\/2025\/09\/tivi-neo-qled-samsung-4k-55-inch-qa55qn90d-7-1020x570-1-150x84.jpg 150w, https:\/\/tivi-samsung.com\/wp-content\/uploads\/2025\/09\/tivi-neo-qled-samsung-4k-55-inch-qa55qn90d-7-1020x570-1.jpg 1020w\" sizes=\"(max-width: 1398px) 100vw, 1398px\" \/><\/p>\n<p><strong>Ti\u1ec7n \u00edch<\/strong><\/p>\n<p>&#8211; G\u1ecdi video cho ng\u01b0\u1eddi th\u00e2n v\u00e0 b\u1ea1n b\u00e8 \u0111\u01a1n gi\u1ea3n h\u01a1n nh\u1edd <strong>Google Duo<\/strong> (c\u1ea7n mua th\u00eam camera \u0111\u1ec3 g\u1ecdi video).<\/p>\n<p>&#8211; Chi\u1ebfu m\u00e0n h\u00ecnh t\u1eeb \u0111i\u1ec7n tho\u1ea1i th\u00f4ng minh nh\u1edd<strong> AirPlay 2, Screen Mirroring, Tap View,<\/strong> b\u1ea1n c\u00f3 th\u1ec3 \u0111\u1ecdc b\u00e1o, xem phim hay ch\u01a1i game v\u00f4 c\u00f9ng ti\u1ec7n l\u1ee3i.<\/p>\n<p>&#8211; <strong>Multi View<\/strong> chia hai m\u00e0n h\u00ecnh tivi h\u1ed7 tr\u1ee3 xem c\u00f9ng l\u00fac nhi\u1ec1u n\u1ed9i dung.<\/p>\n<p>&#8211; <strong>\u1ee8ng d\u1ee5ng SmartThings<\/strong> c\u00f3 th\u1ec3 xem nh\u01b0 m\u1ed9t &#8220;tr\u1ee3 l\u00fd&#8221; h\u1ed7 tr\u1ee3 b\u1ea1n \u0111i\u1ec1u khi\u1ec3n tivi v\u00e0 c\u00e1c thi\u1ebft b\u1ecb trong nh\u00e0 hi\u1ec7u qu\u1ea3.<\/p>\n<p>&#8211; One Remote c\u00f3 th\u1ec3 s\u1ea1c b\u1eb1ng \u00e1nh s\u00e1ng, ti\u1ebft ki\u1ec7m pin, \u0111i\u1ec1u khi\u1ec3n nhanh ch\u00f3ng.<\/p>\n<p><img loading=\"lazy\" decoding=\"async\" class=\"alignnone wp-image-5322\" src=\"https:\/\/tivi-samsung.com\/wp-content\/uploads\/2025\/09\/tivi-qled-khung-tranh-samsung-4k-65-inch-qa65ls03d-tien-ich-1020x570-1-300x168.jpg\" alt=\"\" width=\"1407\" height=\"788\" srcset=\"https:\/\/tivi-samsung.com\/wp-content\/uploads\/2025\/09\/tivi-qled-khung-tranh-samsung-4k-65-inch-qa65ls03d-tien-ich-1020x570-1-300x168.jpg 300w, https:\/\/tivi-samsung.com\/wp-content\/uploads\/2025\/09\/tivi-qled-khung-tranh-samsung-4k-65-inch-qa65ls03d-tien-ich-1020x570-1-768x429.jpg 768w, https:\/\/tivi-samsung.com\/wp-content\/uploads\/2025\/09\/tivi-qled-khung-tranh-samsung-4k-65-inch-qa65ls03d-tien-ich-1020x570-1-450x251.jpg 450w, https:\/\/tivi-samsung.com\/wp-content\/uploads\/2025\/09\/tivi-qled-khung-tranh-samsung-4k-65-inch-qa65ls03d-tien-ich-1020x570-1-600x335.jpg 600w, https:\/\/tivi-samsung.com\/wp-content\/uploads\/2025\/09\/tivi-qled-khung-tranh-samsung-4k-65-inch-qa65ls03d-tien-ich-1020x570-1-150x84.jpg 150w, https:\/\/tivi-samsung.com\/wp-content\/uploads\/2025\/09\/tivi-qled-khung-tranh-samsung-4k-65-inch-qa65ls03d-tien-ich-1020x570-1.jpg 1020w\" sizes=\"(max-width: 1407px) 100vw, 1407px\" \/><\/p>\n<p><em>V\u1edbi c\u00e1c \u01b0u \u0111i\u1ec3m c\u1ee7a <strong>Smart Tivi QLED 4K 43 inch Samsung QA43Q60B<\/strong> nh\u01b0 thi\u1ebft k\u1ebf sang tr\u1ecdng, c\u1ee9ng c\u00e1p, m\u00e0n h\u00ecnh si\u00eau m\u1ecfng, b\u1ed9 x\u1eed l\u00fd <strong>Quantum 4K Lite<\/strong> \u0111a n\u0103ng, c\u00f4ng ngh\u1ec7 <strong>OTS Lite<\/strong> \u00e2m thanh chuy\u1ec3n \u0111\u1ed9ng theo n\u1ed9i dung, h\u1ec7 \u0111i\u1ec1u h\u00e0nh <strong>Tizen\u2122<\/strong> hi\u1ec7n \u0111\u1ea1i v\u00e0 v\u00f4 v\u00e0n ti\u1ec7n \u00edch th\u00fa v\u1ecb s\u1ebd khi\u1ebfn b\u1ea5t k\u1ef3 t\u00edn \u0111\u1ed3 c\u00f4ng ngh\u1ec7 n\u00e0o h\u00e0i l\u00f2ng.<\/em><\/p>\n<p>&nbsp;<\/p>\n<p><script src=\"chrome-extension:\/\/fpelahbljekknahkcaegamhcndkfpfnc\/iFrame.js\" type=\"text\/javascript\"><\/script><\/p>\n","protected":false},"excerpt":{"rendered":"<p>&nbsp;<\/p>\n<p><script src=\"chrome-extension:\/\/fpelahbljekknahkcaegamhcndkfpfnc\/iFrame.js\" type=\"text\/javascript\"><\/script><\/p>\n<p><script src=\"chrome-extension:\/\/fpelahbljekknahkcaegamhcndkfpfnc\/iFrame.js\" type=\"text\/javascript\"><\/script><\/p>\n<p><script src=\"chrome-extension:\/\/fpelahbljekknahkcaegamhcndkfpfnc\/iFrame.js\" type=\"text\/javascript\"><\/script><\/p>\n<p><script src=\"chrome-extension:\/\/fpelahbljekknahkcaegamhcndkfpfnc\/iFrame.js\" type=\"text\/javascript\"><\/script><\/p>\n<p><script src=\"chrome-extension:\/\/fpelahbljekknahkcaegamhcndkfpfnc\/iFrame.js\" type=\"text\/javascript\"><\/script><\/p>\n<p><script src=\"chrome-extension:\/\/fpelahbljekknahkcaegamhcndkfpfnc\/iFrame.js\" type=\"text\/javascript\"><\/script><\/p>\n<p><script src=\"chrome-extension:\/\/fpelahbljekknahkcaegamhcndkfpfnc\/iFrame.js\" type=\"text\/javascript\"><\/script><\/p>\n","protected":false},"featured_media":4730,"comment_status":"open","ping_status":"closed","template":"","meta":[],"product_brand":[88],"product_cat":[94,159,68,76],"product_tag":[],"class_list":{"0":"post-4322","1":"product","2":"type-product","3":"status-publish","4":"has-post-thumbnail","6":"product_brand-samsung","7":"product_cat-qled-tv","8":"product_cat-samsung-q60b-2022","9":"product_cat-smart-tv","10":"product_cat-televisions","11":"pa_kich-co-man-hinh-43-inch","13":"first","14":"instock","15":"shipping-taxable","16":"purchasable","17":"product-type-simple"},"_links":{"self":[{"href":"https:\/\/tivi-samsung.com\/index.php?rest_route=\/wp\/v2\/product\/4322","targetHints":{"allow":["GET"]}}],"collection":[{"href":"https:\/\/tivi-samsung.com\/index.php?rest_route=\/wp\/v2\/product"}],"about":[{"href":"https:\/\/tivi-samsung.com\/index.php?rest_route=\/wp\/v2\/types\/product"}],"replies":[{"embeddable":true,"href":"https:\/\/tivi-samsung.com\/index.php?rest_route=%2Fwp%2Fv2%2Fcomments&post=4322"}],"version-history":[{"count":9,"href":"https:\/\/tivi-samsung.com\/index.php?rest_route=\/wp\/v2\/product\/4322\/revisions"}],"predecessor-version":[{"id":8421,"href":"https:\/\/tivi-samsung.com\/index.php?rest_route=\/wp\/v2\/product\/4322\/revisions\/8421"}],"wp:featuredmedia":[{"embeddable":true,"href":"https:\/\/tivi-samsung.com\/index.php?rest_route=\/wp\/v2\/media\/4730"}],"wp:attachment":[{"href":"https:\/\/tivi-samsung.com\/index.php?rest_route=%2Fwp%2Fv2%2Fmedia&parent=4322"}],"wp:term":[{"taxonomy":"product_brand","embeddable":true,"href":"https:\/\/tivi-samsung.com\/index.php?rest_route=%2Fwp%2Fv2%2Fproduct_brand&post=4322"},{"taxonomy":"product_cat","embeddable":true,"href":"https:\/\/tivi-samsung.com\/index.php?rest_route=%2Fwp%2Fv2%2Fproduct_cat&post=4322"},{"taxonomy":"product_tag","embeddable":true,"href":"https:\/\/tivi-samsung.com\/index.php?rest_route=%2Fwp%2Fv2%2Fproduct_tag&post=4322"}],"curies":[{"name":"wp","href":"https:\/\/api.w.org\/{rel}","templated":true}]}}