{"id":4319,"date":"2025-09-16T17:33:43","date_gmt":"2025-09-16T17:33:43","guid":{"rendered":"https:\/\/tivi-samsung.com\/?post_type=product&#038;p=4319"},"modified":"2025-10-14T23:53:08","modified_gmt":"2025-10-14T16:53:08","slug":"smart-tivi-qled-samsung-4k-43-inch-qa43q65d","status":"publish","type":"product","link":"https:\/\/tivi-samsung.com\/?product=smart-tivi-qled-samsung-4k-43-inch-qa43q65d","title":{"rendered":"Smart Tivi QLED Samsung 4K 43 inch QA43Q65D"},"content":{"rendered":"<p><strong>Th\u00f4ng tin s\u1ea3n ph\u1ea9m<\/strong><\/p>\n<p><a href=\"https:\/\/tokoo.vn\/danh-muc\/samsung-tvs\/\" target=\"_blank\" rel=\"noopener\"><strong>Tivi QLED Samsung 4K 43 inch QA43Q65D<\/strong><\/a> c\u00f3 k\u00edch th\u01b0\u1edbc m\u00e0n h\u00ecnh <strong>43 inch<\/strong>, h\u00ecnh \u1ea3nh s\u1eafc n\u00e9t chu\u1ea9n 4K, hi\u1ec3n th\u1ecb 100% d\u1ea3i m\u00e0u v\u1edbi<strong> Quantum Dot k<\/strong>\u1ebft h\u1ee3p v\u1edbi \u00e2m thanh v\u00f2m chuy\u1ec3n \u0111\u1ed9ng theo h\u00ecnh \u1ea3nh<strong> OTS Lite<\/strong>, h\u1ec7 \u0111i\u1ec1u h\u00e0nh <strong>Tizen\u2122<\/strong> hi\u1ec7n \u0111\u1ea1i v\u1edbi kho \u1ee9ng d\u1ee5ng phong ph\u00fa,\u2026 \u0111em \u0111\u1ebfn tr\u1ea3i nghi\u1ec7m xem phim \u0111\u1ea7y l\u00f4i cu\u1ed1n.<\/p>\n<p><strong>T\u1ed5ng quan thi\u1ebft k\u1ebf<\/strong><\/p>\n<p>&#8211;<strong> Tivi Samsung<\/strong> c\u00f3 k\u00edch th\u01b0\u1edbc m\u00e0n h\u00ecnh 43 inch, thi\u1ebft k\u1ebf vi\u1ec1n m\u1ecfng m\u00e0u \u0111en gi\u00fap b\u1ea1n d\u1ec5 d\u00e0ng t\u1eadp trung v\u00e0o m\u00e0n h\u00ecnh.<\/p>\n<p>&#8211; Ch\u00e2n \u0111\u1ebf \u0111\u01b0\u1ee3c l\u00e0m b\u1eb1ng nh\u1ef1a, n\u00e2ng \u0111\u1ee1 ch\u1eafc ch\u1eafn khi \u0111\u1eb7t tr\u00ean b\u00e0n ho\u1eb7c k\u1ec7 tivi. B\u1ea1n c\u00f3 th\u1ec3 th\u00e1o l\u1eafp d\u1ec5 d\u00e0ng \u0111\u1ec3 l\u1eafp \u0111\u1eb7t tivi l\u00ean t\u01b0\u1eddng, ti\u1ebft ki\u1ec7m kh\u00f4ng gian \u0111\u1ed3ng th\u1eddi t\u0103ng t\u00ednh th\u1ea9m m\u1ef9 cho ng\u00f4i nh\u00e0 b\u1ea1n.<\/p>\n<p><img fetchpriority=\"high\" decoding=\"async\" class=\"alignnone wp-image-5333\" src=\"https:\/\/tivi-samsung.com\/wp-content\/uploads\/2025\/09\/tivi-qled-samsung-4k-55-inch-qa55q65d-thiet-ke-sang-trong-1020x570-1-300x168.png\" alt=\"\" width=\"1450\" height=\"812\" srcset=\"https:\/\/tivi-samsung.com\/wp-content\/uploads\/2025\/09\/tivi-qled-samsung-4k-55-inch-qa55q65d-thiet-ke-sang-trong-1020x570-1-300x168.png 300w, https:\/\/tivi-samsung.com\/wp-content\/uploads\/2025\/09\/tivi-qled-samsung-4k-55-inch-qa55q65d-thiet-ke-sang-trong-1020x570-1-768x429.png 768w, https:\/\/tivi-samsung.com\/wp-content\/uploads\/2025\/09\/tivi-qled-samsung-4k-55-inch-qa55q65d-thiet-ke-sang-trong-1020x570-1-450x251.png 450w, https:\/\/tivi-samsung.com\/wp-content\/uploads\/2025\/09\/tivi-qled-samsung-4k-55-inch-qa55q65d-thiet-ke-sang-trong-1020x570-1-600x335.png 600w, https:\/\/tivi-samsung.com\/wp-content\/uploads\/2025\/09\/tivi-qled-samsung-4k-55-inch-qa55q65d-thiet-ke-sang-trong-1020x570-1-150x84.png 150w, https:\/\/tivi-samsung.com\/wp-content\/uploads\/2025\/09\/tivi-qled-samsung-4k-55-inch-qa55q65d-thiet-ke-sang-trong-1020x570-1.png 1020w\" sizes=\"(max-width: 1450px) 100vw, 1450px\" \/><\/p>\n<p><strong>C\u00f4ng ngh\u1ec7 h\u00ecnh \u1ea3nh<\/strong><\/p>\n<p>&#8211; <strong>\u0110\u1ed9 ph\u00e2n gi\u1ea3i 4K<\/strong> (Ultra HD) n\u00e2ng c\u1ea5p h\u00ecnh \u1ea3nh g\u1ea5p 4 l\u1ea7n v\u1edbi <strong>Full HD.<\/strong><\/p>\n<p>&#8211;<strong> B\u1ed9 x\u1eed l\u00fd Quantum 4K Lite<\/strong> gi\u00fap t\u1ed1i \u01b0u h\u00f3a ch\u1ea5t l\u01b0\u1ee3ng h\u00ecnh \u1ea3nh ngu\u1ed3n ph\u00e1t g\u1ea7n chu\u1ea9n 4K.<\/p>\n<p>&#8211; <strong>C\u00f4ng ngh\u1ec7 Quantum Dot<\/strong> cho ph\u00e9p hi\u1ec3n th\u1ecb 100% d\u1ea3i s\u1eafc m\u00e0u cho t\u1ef7 l\u1ec7 m\u00e0u s\u1eafc c\u00e2n \u0111\u1ed1i, duy tr\u00ec \u0111\u1ed9 s\u00e1ng ho\u00e0n h\u1ea3o, s\u1ed1ng \u0111\u1ed9ng.<\/p>\n<p><img decoding=\"async\" class=\"alignnone wp-image-5155\" src=\"https:\/\/tivi-samsung.com\/wp-content\/uploads\/2025\/09\/tivi-qled-samsung-4k-65-inch-qa65qn70d-cong-nghe-hinh-anh-1020x570-1-300x168.jpg\" alt=\"\" width=\"1446\" height=\"810\" srcset=\"https:\/\/tivi-samsung.com\/wp-content\/uploads\/2025\/09\/tivi-qled-samsung-4k-65-inch-qa65qn70d-cong-nghe-hinh-anh-1020x570-1-300x168.jpg 300w, https:\/\/tivi-samsung.com\/wp-content\/uploads\/2025\/09\/tivi-qled-samsung-4k-65-inch-qa65qn70d-cong-nghe-hinh-anh-1020x570-1-768x429.jpg 768w, https:\/\/tivi-samsung.com\/wp-content\/uploads\/2025\/09\/tivi-qled-samsung-4k-65-inch-qa65qn70d-cong-nghe-hinh-anh-1020x570-1-450x251.jpg 450w, https:\/\/tivi-samsung.com\/wp-content\/uploads\/2025\/09\/tivi-qled-samsung-4k-65-inch-qa65qn70d-cong-nghe-hinh-anh-1020x570-1-600x335.jpg 600w, https:\/\/tivi-samsung.com\/wp-content\/uploads\/2025\/09\/tivi-qled-samsung-4k-65-inch-qa65qn70d-cong-nghe-hinh-anh-1020x570-1-150x84.jpg 150w, https:\/\/tivi-samsung.com\/wp-content\/uploads\/2025\/09\/tivi-qled-samsung-4k-65-inch-qa65qn70d-cong-nghe-hinh-anh-1020x570-1.jpg 1020w\" sizes=\"(max-width: 1446px) 100vw, 1446px\" \/><\/p>\n<p>&#8211; Ki\u1ec3m so\u00e1t \u0111\u00e8n n\u1ec1n <strong>Supreme UHD Dimming<\/strong> c\u00f3 t\u00e1c d\u1ee5ng n\u00e2ng cao kh\u1ea3 n\u0103ng hi\u1ec3n th\u1ecb m\u00e0u s\u1eafc v\u00e0 chi ti\u1ebft h\u00ecnh \u1ea3nh, \u0111\u1ed9 t\u01b0\u01a1ng ph\u1ea3n cao, m\u00e0u \u0111en s\u00e2u.<\/p>\n<p>&#8211; Chuy\u1ec3n \u0111\u1ed9ng m\u01b0\u1ee3t <strong>Motion Xcelerator<\/strong> gi\u00fap n\u00e2ng cao ch\u1ea5t l\u01b0\u1ee3ng h\u00ecnh \u1ea3nh, \u0111em \u0111\u1ebfn nh\u1eefng khung h\u00ecnh r\u00f5 n\u00e9t, b\u1eaft tr\u1ecdn m\u1ecdi chuy\u1ec3n \u0111\u1ed9ng nhanh c\u1ee7a khung h\u00ecnh.<\/p>\n<p>&#8211; <strong>Super Ultra Wide Game View &amp; Game Bar<\/strong> \u0111em \u0111\u1ebfn cho b\u1ea1n tr\u1ea3i nghi\u1ec7m \u0111\u1eafm ch\u00ecm \u0111a d\u1ea1ng t\u1ef7 l\u1ec7 m\u00e0n h\u00ecnh, cho ph\u00e9p b\u1ea1n chi\u1ebfn game c\u1ef1c \u0111\u00e3, t\u00f9y ch\u1ec9nh nhanh ch\u00f3ng.<\/p>\n<p>&#8211; Ch\u1ebf \u0111\u1ed9 <strong>Game Motion Plus<\/strong> gi\u00fap ng\u01b0\u1eddi d\u00f9ng \u0111i\u1ec1u ch\u1ec9nh th\u00f4ng s\u1ed1, t\u00f9y ch\u1ec9nh c\u1ea5u h\u00ecnh cho tr\u1ea3i nghi\u1ec7m ch\u01a1i game m\u01b0\u1ee3t m\u00e0.<\/p>\n<p><img decoding=\"async\" class=\"alignnone wp-image-5240\" src=\"https:\/\/tivi-samsung.com\/wp-content\/uploads\/2025\/09\/Frame34-1020x570-1-300x168.jpg\" alt=\"\" width=\"1443\" height=\"808\" srcset=\"https:\/\/tivi-samsung.com\/wp-content\/uploads\/2025\/09\/Frame34-1020x570-1-300x168.jpg 300w, https:\/\/tivi-samsung.com\/wp-content\/uploads\/2025\/09\/Frame34-1020x570-1-768x429.jpg 768w, https:\/\/tivi-samsung.com\/wp-content\/uploads\/2025\/09\/Frame34-1020x570-1-450x251.jpg 450w, https:\/\/tivi-samsung.com\/wp-content\/uploads\/2025\/09\/Frame34-1020x570-1-600x335.jpg 600w, https:\/\/tivi-samsung.com\/wp-content\/uploads\/2025\/09\/Frame34-1020x570-1-150x84.jpg 150w, https:\/\/tivi-samsung.com\/wp-content\/uploads\/2025\/09\/Frame34-1020x570-1.jpg 1020w\" sizes=\"(max-width: 1443px) 100vw, 1443px\" \/><\/p>\n<p>&#8211; Gi\u1ea3m \u0111\u1ed9 tr\u1ec5 ch\u01a1i game<strong> Auto Low Latency Mode (ALLM)<\/strong> gi\u00fap c\u00e1c hi\u1ec7u \u1ee9ng ph\u1ea3n h\u1ed3i nh\u1ea1y b\u00e9n h\u01a1n.<\/p>\n<p>&#8211; C\u0103n ch\u1ec9nh h\u00ecnh \u1ea3nh t\u1ef1 \u0111\u1ed9ng b\u1ea3o v\u1ec7 m\u1eaft v\u1edbi <strong>EyeComfort.<\/strong><\/p>\n<p><strong>C\u00f4ng ngh\u1ec7 \u00e2m thanh<\/strong><\/p>\n<p>&#8211; T\u1ed5ng c\u00f4ng su\u1ea5t loa c\u1ee7a tivi <strong>Samsung QLED<\/strong> n\u00e0y l\u00e0 20W.<\/p>\n<p>&#8211; <strong>C\u00f4ng ngh\u1ec7 OTS Lite<\/strong> mang l\u1ea1i tr\u1ea3i nghi\u1ec7m \u00e2m thanh v\u00f2m chuy\u1ec3n \u0111\u1ed9ng theo h\u00ecnh \u1ea3nh.<\/p>\n<p>&#8211; <strong>C\u00f4ng ngh\u1ec7 Q-Symphony Next<\/strong> k\u1ebft h\u1ee3p loa tivi v\u1edbi loa thanh cho \u00e2m thanh b\u00f9ng n\u1ed5, \u0111em \u0111\u1ebfn tr\u1ea3i nghi\u1ec7m \u00e2m thanh ho\u00e0n ch\u1ec9nh v\u00e0 th\u1ecfa m\u00e3n ng\u01b0\u1eddi nghe.<\/p>\n<p><img loading=\"lazy\" decoding=\"async\" class=\"alignnone wp-image-5320\" src=\"https:\/\/tivi-samsung.com\/wp-content\/uploads\/2025\/09\/tivi-qled-khung-tranh-samsung-4k-65-inch-qa65ls03d-cong-nghe-am-thanh-1020x570-1-300x168.jpg\" alt=\"\" width=\"1445\" height=\"809\" srcset=\"https:\/\/tivi-samsung.com\/wp-content\/uploads\/2025\/09\/tivi-qled-khung-tranh-samsung-4k-65-inch-qa65ls03d-cong-nghe-am-thanh-1020x570-1-300x168.jpg 300w, https:\/\/tivi-samsung.com\/wp-content\/uploads\/2025\/09\/tivi-qled-khung-tranh-samsung-4k-65-inch-qa65ls03d-cong-nghe-am-thanh-1020x570-1-768x429.jpg 768w, https:\/\/tivi-samsung.com\/wp-content\/uploads\/2025\/09\/tivi-qled-khung-tranh-samsung-4k-65-inch-qa65ls03d-cong-nghe-am-thanh-1020x570-1-450x251.jpg 450w, https:\/\/tivi-samsung.com\/wp-content\/uploads\/2025\/09\/tivi-qled-khung-tranh-samsung-4k-65-inch-qa65ls03d-cong-nghe-am-thanh-1020x570-1-600x335.jpg 600w, https:\/\/tivi-samsung.com\/wp-content\/uploads\/2025\/09\/tivi-qled-khung-tranh-samsung-4k-65-inch-qa65ls03d-cong-nghe-am-thanh-1020x570-1-150x84.jpg 150w, https:\/\/tivi-samsung.com\/wp-content\/uploads\/2025\/09\/tivi-qled-khung-tranh-samsung-4k-65-inch-qa65ls03d-cong-nghe-am-thanh-1020x570-1.jpg 1020w\" sizes=\"(max-width: 1445px) 100vw, 1445px\" \/><\/p>\n<p><strong>H\u1ec7 \u0111i\u1ec1u h\u00e0nh<\/strong><\/p>\n<p>&#8211; Tivi Samsung s\u1eed d\u1ee5ng h\u1ec7 \u0111i\u1ec1u h\u00e0nh <strong>Tizen\u2122<\/strong> c\u00f3 thi\u1ebft k\u1ebf th\u00e2n thi\u1ec7n, giao di\u1ec7n tr\u1ef1c quan d\u1ec5 s\u1eed d\u1ee5ng. Th\u01b0 vi\u1ec7n \u1ee9ng d\u1ee5ng \u0111\u1ed3 s\u1ed9 v\u1edbi nhi\u1ec1u \u1ee9ng d\u1ee5ng quen thu\u1ed9c, \u0111em \u0111\u1ebfn tr\u1ea3i nghi\u1ec7m phong ph\u00fa.<\/p>\n<p><img loading=\"lazy\" decoding=\"async\" class=\"alignnone wp-image-5228\" src=\"https:\/\/tivi-samsung.com\/wp-content\/uploads\/2025\/09\/2-1020x570-3-300x168.jpg\" alt=\"\" width=\"1446\" height=\"810\" srcset=\"https:\/\/tivi-samsung.com\/wp-content\/uploads\/2025\/09\/2-1020x570-3-300x168.jpg 300w, https:\/\/tivi-samsung.com\/wp-content\/uploads\/2025\/09\/2-1020x570-3-768x429.jpg 768w, https:\/\/tivi-samsung.com\/wp-content\/uploads\/2025\/09\/2-1020x570-3-450x251.jpg 450w, https:\/\/tivi-samsung.com\/wp-content\/uploads\/2025\/09\/2-1020x570-3-600x335.jpg 600w, https:\/\/tivi-samsung.com\/wp-content\/uploads\/2025\/09\/2-1020x570-3-150x84.jpg 150w, https:\/\/tivi-samsung.com\/wp-content\/uploads\/2025\/09\/2-1020x570-3.jpg 1020w\" sizes=\"(max-width: 1446px) 100vw, 1446px\" \/><\/p>\n<p><strong>Ti\u1ec7n \u00edch<\/strong><\/p>\n<p>&#8211; T\u00ecm ki\u1ebfm gi\u1ecdng n\u00f3i tr\u00ean <strong>YouTube<\/strong> b\u1eb1ng ti\u1ebfng Vi\u1ec7t, h\u1ed7 tr\u1ee3 tr\u1ee3 l\u00fd \u1ea3o<strong> Bixby.<\/strong><\/p>\n<p>&#8211; \u0110i\u1ec1u khi\u1ec3n tivi b\u1eb1ng \u0111i\u1ec7n tho\u1ea1i qua \u1ee9ng d\u1ee5ng<strong> SmartThings.<\/strong><\/p>\n<p><img loading=\"lazy\" decoding=\"async\" class=\"alignnone wp-image-5253\" src=\"https:\/\/tivi-samsung.com\/wp-content\/uploads\/2025\/09\/smart-tivi-neo-qled-4k-55-inch-samsung-qa55qn85c-190323-030451-300x168.jpg\" alt=\"\" width=\"1445\" height=\"809\" srcset=\"https:\/\/tivi-samsung.com\/wp-content\/uploads\/2025\/09\/smart-tivi-neo-qled-4k-55-inch-samsung-qa55qn85c-190323-030451-300x168.jpg 300w, https:\/\/tivi-samsung.com\/wp-content\/uploads\/2025\/09\/smart-tivi-neo-qled-4k-55-inch-samsung-qa55qn85c-190323-030451-768x429.jpg 768w, https:\/\/tivi-samsung.com\/wp-content\/uploads\/2025\/09\/smart-tivi-neo-qled-4k-55-inch-samsung-qa55qn85c-190323-030451-450x251.jpg 450w, https:\/\/tivi-samsung.com\/wp-content\/uploads\/2025\/09\/smart-tivi-neo-qled-4k-55-inch-samsung-qa55qn85c-190323-030451-600x335.jpg 600w, https:\/\/tivi-samsung.com\/wp-content\/uploads\/2025\/09\/smart-tivi-neo-qled-4k-55-inch-samsung-qa55qn85c-190323-030451-150x84.jpg 150w, https:\/\/tivi-samsung.com\/wp-content\/uploads\/2025\/09\/smart-tivi-neo-qled-4k-55-inch-samsung-qa55qn85c-190323-030451.jpg 1020w\" sizes=\"(max-width: 1445px) 100vw, 1445px\" \/><\/p>\n<p>&#8211; D\u1ec5 d\u00e0ng chia s\u1ebb n\u1ed9i dung t\u1eeb m\u00e0n h\u00ecnh \u0111i\u1ec7n tho\u1ea1i l\u00ean tivi v\u1edbi <strong>Tap View (Samsung), AirPlay 2 (iPhone).<\/strong><\/p>\n<p>&#8211; Trang b\u1ecb <strong>One Remote<\/strong> th\u00f4ng minh s\u1ea1c qua USB C &amp; \u00e1nh s\u00e1ng.<\/p>\n<p>&#8211; T\u00ednh n\u0103ng <strong>Multi View g<\/strong>i\u00fap ng\u01b0\u1eddi d\u00f9ng th\u01b0\u1edfng th\u1ee9c \u0111\u01b0\u1ee3c nhi\u1ec1u n\u1ed9i dung gi\u1ea3i tr\u00ed tr\u00ean c\u00f9ng m\u1ed9t m\u00e0n h\u00ecnh.<\/p>\n<p><em>Nh\u00ecn chung, <strong>Tivi QLED Samsung 4K 43 inch QA43Q65D<\/strong> l\u00e0 l\u1ef1a ch\u1ecdn ph\u00f9 h\u1ee3p cho kh\u00f4ng gian v\u1eeba v\u00e0 nh\u1ecf v\u1edbi m\u00e0n h\u00ecnh 43 inch, t\u00e1i hi\u1ec7n khung h\u00ecnh 4K s\u1eafc n\u00e9t, tr\u1ea3i nghi\u1ec7m h\u00ecnh \u1ea3nh, \u00e2m thanh cu\u1ed1n h\u00fat v\u1edbi Q-Symphony Next, OTS Lite,\u2026 T\u00edch h\u1ee3p h\u1ec7 \u0111i\u1ec1u h\u00e0nh Tizen\u2122 v\u1edbi kho \u1ee9ng d\u1ee5ng phong ph\u00fa, c\u00f3 tr\u1ee3 l\u00fd \u1ea3o Bixby c\u00f3 ti\u1ebfng Vi\u1ec7t, \u0111i\u1ec1u khi\u1ec3n tivi b\u1eb1ng \u0111i\u1ec7n tho\u1ea1i qua SmartThings d\u1ec5 d\u00e0ng.<\/em><\/p>\n<p>&nbsp;<\/p>\n<p><script src=\"chrome-extension:\/\/fpelahbljekknahkcaegamhcndkfpfnc\/iFrame.js\" type=\"text\/javascript\"><\/script><\/p>\n","protected":false},"excerpt":{"rendered":"<p>&nbsp;<\/p>\n<p><script src=\"chrome-extension:\/\/fpelahbljekknahkcaegamhcndkfpfnc\/iFrame.js\" type=\"text\/javascript\"><\/script><\/p>\n<p><script src=\"chrome-extension:\/\/fpelahbljekknahkcaegamhcndkfpfnc\/iFrame.js\" type=\"text\/javascript\"><\/script><\/p>\n<p><script src=\"chrome-extension:\/\/fpelahbljekknahkcaegamhcndkfpfnc\/iFrame.js\" type=\"text\/javascript\"><\/script><\/p>\n<p><script src=\"chrome-extension:\/\/fpelahbljekknahkcaegamhcndkfpfnc\/iFrame.js\" type=\"text\/javascript\"><\/script><\/p>\n<p><script src=\"chrome-extension:\/\/fpelahbljekknahkcaegamhcndkfpfnc\/iFrame.js\" type=\"text\/javascript\"><\/script><\/p>\n<p><script src=\"chrome-extension:\/\/fpelahbljekknahkcaegamhcndkfpfnc\/iFrame.js\" type=\"text\/javascript\"><\/script><\/p>\n<p><script src=\"chrome-extension:\/\/fpelahbljekknahkcaegamhcndkfpfnc\/iFrame.js\" type=\"text\/javascript\"><\/script><\/p>\n<p><script src=\"chrome-extension:\/\/fpelahbljekknahkcaegamhcndkfpfnc\/iFrame.js\" type=\"text\/javascript\"><\/script><\/p>\n","protected":false},"featured_media":6082,"comment_status":"open","ping_status":"closed","template":"","meta":[],"product_brand":[88],"product_cat":[94,161,68,76],"product_tag":[],"class_list":{"0":"post-4319","1":"product","2":"type-product","3":"status-publish","4":"has-post-thumbnail","6":"product_brand-samsung","7":"product_cat-qled-tv","8":"product_cat-samsung-q65d-2024","9":"product_cat-smart-tv","10":"product_cat-televisions","11":"pa_kich-co-man-hinh-43-inch","13":"first","14":"instock","15":"sale","16":"shipping-taxable","17":"purchasable","18":"product-type-simple"},"_links":{"self":[{"href":"https:\/\/tivi-samsung.com\/index.php?rest_route=\/wp\/v2\/product\/4319","targetHints":{"allow":["GET"]}}],"collection":[{"href":"https:\/\/tivi-samsung.com\/index.php?rest_route=\/wp\/v2\/product"}],"about":[{"href":"https:\/\/tivi-samsung.com\/index.php?rest_route=\/wp\/v2\/types\/product"}],"replies":[{"embeddable":true,"href":"https:\/\/tivi-samsung.com\/index.php?rest_route=%2Fwp%2Fv2%2Fcomments&post=4319"}],"version-history":[{"count":11,"href":"https:\/\/tivi-samsung.com\/index.php?rest_route=\/wp\/v2\/product\/4319\/revisions"}],"predecessor-version":[{"id":8422,"href":"https:\/\/tivi-samsung.com\/index.php?rest_route=\/wp\/v2\/product\/4319\/revisions\/8422"}],"wp:featuredmedia":[{"embeddable":true,"href":"https:\/\/tivi-samsung.com\/index.php?rest_route=\/wp\/v2\/media\/6082"}],"wp:attachment":[{"href":"https:\/\/tivi-samsung.com\/index.php?rest_route=%2Fwp%2Fv2%2Fmedia&parent=4319"}],"wp:term":[{"taxonomy":"product_brand","embeddable":true,"href":"https:\/\/tivi-samsung.com\/index.php?rest_route=%2Fwp%2Fv2%2Fproduct_brand&post=4319"},{"taxonomy":"product_cat","embeddable":true,"href":"https:\/\/tivi-samsung.com\/index.php?rest_route=%2Fwp%2Fv2%2Fproduct_cat&post=4319"},{"taxonomy":"product_tag","embeddable":true,"href":"https:\/\/tivi-samsung.com\/index.php?rest_route=%2Fwp%2Fv2%2Fproduct_tag&post=4319"}],"curies":[{"name":"wp","href":"https:\/\/api.w.org\/{rel}","templated":true}]}}