{"id":4314,"date":"2025-09-16T17:03:35","date_gmt":"2025-09-16T17:03:35","guid":{"rendered":"https:\/\/tivi-samsung.com\/?post_type=product&#038;p=4314"},"modified":"2025-10-14T23:55:11","modified_gmt":"2025-10-14T16:55:11","slug":"smart-tivi-crystal-uhd-samsung-4k-43-inch-ua43cu8000","status":"publish","type":"product","link":"https:\/\/tivi-samsung.com\/?product=smart-tivi-crystal-uhd-samsung-4k-43-inch-ua43cu8000","title":{"rendered":"Smart Tivi Crystal UHD Samsung 4K\u00a043 inch UA43CU8000"},"content":{"rendered":"<p><strong>Th\u00f4ng tin s\u1ea3n ph\u1ea9m<\/strong><\/p>\n<p><a href=\"https:\/\/tokoo.vn\/danh-muc\/samsung-tvs\/\" target=\"_blank\" rel=\"noopener\"><strong>Smart Tivi Samsung 4K 43 inch UA43CU8000<\/strong><\/a> cung c\u1ea5p m\u00e0n h\u00ecnh tr\u1ea3i nghi\u1ec7m tuy\u1ec7t v\u1eddi v\u1edbi \u0111\u1ed9 ph\u00e2n gi\u1ea3i 4K h\u01a1n 8 tri\u1ec7u \u0111i\u1ec3m \u1ea3nh, khung h\u00ecnh s\u1ed1ng \u0111\u1ed9ng nh\u1edd b\u1ed9 x\u1eed l\u00fd <strong>Crystal 4K<\/strong>, c\u1ea3m nh\u1eadn \u00e2m thanh chuy\u1ec3n \u0111\u1ed9ng theo h\u00ecnh \u1ea3nh <strong>OTS Lite<\/strong>, h\u1ed7 tr\u1ee3 t\u00ecm ki\u1ebfm b\u1eb1ng gi\u1ecdng n\u00f3i ti\u1ebfng Vi\u1ec7t ti\u1ec7n l\u1ee3i, linh ho\u1ea1t,\u2026 mang \u0111\u1ebfn cho ng\u01b0\u1eddi d\u00f9ng nh\u1eefng tr\u1ea3i nghi\u1ec7m \u0111\u1ea7y l\u00fd th\u00fa v\u1edbi kho \u1ee9ng d\u1ee5ng gi\u1ea3i tr\u00ed \u0111a d\u1ea1ng.<\/p>\n<p>&nbsp;<\/p>\n<p><strong>T\u1ed5ng quan thi\u1ebft k\u1ebf<\/strong><\/p>\n<p>&#8211; <strong>Smart Tivi Samsung UA43CU8000<\/strong> s\u1edf h\u1eefu k\u00edch th\u01b0\u1edbc m\u00e0n h\u00ecnh 43 inch, ki\u1ec3u d\u00e1ng t\u1ed1i gi\u1ea3n gi\u00fap l\u00e0m n\u1ed5i b\u1eadt m\u00e0n h\u00ecnh c\u1ee7a tivi, ng\u01b0\u1eddi xem ho\u00e0n to\u00e0n \u0111\u1eafm ch\u00ecm v\u00e0o n\u1ed9i dung \u0111ang tr\u00ecnh chi\u1ebfu.<\/p>\n<p>&#8211; Tivi ph\u00f9 h\u1ee3p l\u1eafp \u0111\u1eb7t cho c\u00e1c kh\u00f4ng gian nh\u01b0 ph\u00f2ng kh\u00e1ch, ph\u00f2ng l\u00e0m vi\u1ec7c, ph\u00f2ng ng\u1ee7, k\u1ec3 c\u1ea3 ph\u00f2ng h\u1ecdp.<\/p>\n<p>&#8211; Ch\u00e2n \u0111\u1ebf tivi b\u1eb1ng nh\u1ef1a cao c\u1ea5p, n\u00e2ng \u0111\u1ee1 m\u00e0n h\u00ecnh ch\u1eafc ch\u1eafn tr\u00ean k\u1ec7 t\u1ee7, bi\u1ebfn kh\u00f4ng gian n\u1ed9i th\u1ea5t tr\u1edf n\u00ean sang tr\u1ecdng, tinh t\u1ebf.<\/p>\n<p><img fetchpriority=\"high\" decoding=\"async\" class=\"alignnone wp-image-5248\" src=\"https:\/\/tivi-samsung.com\/wp-content\/uploads\/2025\/09\/smart-tivi-neo-qled-4k-55-inch-samsung-qa55qn85c-12-638684956737512819-700x467-1-300x200.jpg\" alt=\"\" width=\"1413\" height=\"942\" srcset=\"https:\/\/tivi-samsung.com\/wp-content\/uploads\/2025\/09\/smart-tivi-neo-qled-4k-55-inch-samsung-qa55qn85c-12-638684956737512819-700x467-1-300x200.jpg 300w, https:\/\/tivi-samsung.com\/wp-content\/uploads\/2025\/09\/smart-tivi-neo-qled-4k-55-inch-samsung-qa55qn85c-12-638684956737512819-700x467-1-450x300.jpg 450w, https:\/\/tivi-samsung.com\/wp-content\/uploads\/2025\/09\/smart-tivi-neo-qled-4k-55-inch-samsung-qa55qn85c-12-638684956737512819-700x467-1-600x400.jpg 600w, https:\/\/tivi-samsung.com\/wp-content\/uploads\/2025\/09\/smart-tivi-neo-qled-4k-55-inch-samsung-qa55qn85c-12-638684956737512819-700x467-1-150x100.jpg 150w, https:\/\/tivi-samsung.com\/wp-content\/uploads\/2025\/09\/smart-tivi-neo-qled-4k-55-inch-samsung-qa55qn85c-12-638684956737512819-700x467-1.jpg 700w\" sizes=\"(max-width: 1413px) 100vw, 1413px\" \/><\/p>\n<p><strong>C\u00f4ng ngh\u1ec7 h\u00ecnh \u1ea3nh<\/strong><\/p>\n<p>&#8211; Th\u01b0\u1edfng th\u1ee9c h\u00ecnh \u1ea3nh s\u1eafc n\u00e9t, r\u00f5 r\u00e0ng nh\u1edd \u0111\u1ed9 ph\u00e2n gi\u1ea3i <strong>4K<\/strong> v\u1edbi g\u1ea7n 8.3 tri\u1ec7u \u0111i\u1ec3m \u1ea3nh, g\u1ea5p 4 l\u1ea7n<strong> Full HD<\/strong>.<\/p>\n<p>&#8211; B\u1ed9 x\u1eed l\u00fd <strong>Crystal 4K<\/strong> t\u1ef1 \u0111\u1ed9ng \u0111i\u1ec1u ch\u1ec9nh m\u00e0u s\u1eafc, t\u1ed1i \u01b0u t\u1ef7 l\u1ec7 t\u01b0\u01a1ng ph\u1ea3n, \u0111em l\u1ea1i ch\u1ea5t l\u01b0\u1ee3ng h\u00ecnh \u1ea3nh s\u1eafc n\u00e9t.<\/p>\n<p><img decoding=\"async\" class=\"alignnone wp-image-5155\" src=\"https:\/\/tivi-samsung.com\/wp-content\/uploads\/2025\/09\/tivi-qled-samsung-4k-65-inch-qa65qn70d-cong-nghe-hinh-anh-1020x570-1-300x168.jpg\" alt=\"\" width=\"1398\" height=\"783\" srcset=\"https:\/\/tivi-samsung.com\/wp-content\/uploads\/2025\/09\/tivi-qled-samsung-4k-65-inch-qa65qn70d-cong-nghe-hinh-anh-1020x570-1-300x168.jpg 300w, https:\/\/tivi-samsung.com\/wp-content\/uploads\/2025\/09\/tivi-qled-samsung-4k-65-inch-qa65qn70d-cong-nghe-hinh-anh-1020x570-1-768x429.jpg 768w, https:\/\/tivi-samsung.com\/wp-content\/uploads\/2025\/09\/tivi-qled-samsung-4k-65-inch-qa65qn70d-cong-nghe-hinh-anh-1020x570-1-450x251.jpg 450w, https:\/\/tivi-samsung.com\/wp-content\/uploads\/2025\/09\/tivi-qled-samsung-4k-65-inch-qa65qn70d-cong-nghe-hinh-anh-1020x570-1-600x335.jpg 600w, https:\/\/tivi-samsung.com\/wp-content\/uploads\/2025\/09\/tivi-qled-samsung-4k-65-inch-qa65qn70d-cong-nghe-hinh-anh-1020x570-1-150x84.jpg 150w, https:\/\/tivi-samsung.com\/wp-content\/uploads\/2025\/09\/tivi-qled-samsung-4k-65-inch-qa65qn70d-cong-nghe-hinh-anh-1020x570-1.jpg 1020w\" sizes=\"(max-width: 1398px) 100vw, 1398px\" \/><\/p>\n<p>&#8211; C\u00f4ng ngh\u1ec7<strong> HDR10+<\/strong> t\u0103ng c\u01b0\u1eddng \u0111\u1ed9 hi\u1ec3n th\u1ecb cho ph\u00e2n c\u1ea3nh, \u0111em l\u1ea1i chi\u1ec1u s\u00e2u ho\u00e0n h\u1ea3o v\u00e0 chi ti\u1ebft h\u01a1n khi kh\u00f4ng l\u00e0m thay \u0111\u1ed5i m\u00e0u s\u1eafc nguy\u00ean b\u1ea3n.<\/p>\n<p>&#8211; C\u00f4ng ngh\u1ec7 <strong>Motion Xcelerator<\/strong> b\u1ed5 sung th\u00eam khung h\u00ecnh v\u00e0o n\u1ed9i dung g\u1ed1c, n\u00e2ng cao \u0111\u1ed9 s\u1eafc n\u00e9t c\u1ee7a chuy\u1ec3n \u0111\u1ed9ng, ch\u01a1i game m\u01b0\u1ee3t m\u00e0 h\u01a1n.<\/p>\n<p>&#8211; Ngo\u00e0i ra c\u00f2n c\u00f3 c\u00e1c c\u00f4ng ngh\u1ec7 nh\u01b0: <strong>UHD Dimming<\/strong> hi\u1ec3n th\u1ecb h\u00ecnh \u1ea3nh v\u1edbi s\u1eafc \u0111en s\u00e2u th\u1eb3m, <strong>Contrast Enhancer<\/strong> t\u0103ng c\u01b0\u1eddng \u0111\u1ed9 t\u01b0\u01a1ng ph\u1ea3n.<\/p>\n<p><img decoding=\"async\" class=\"alignnone wp-image-5342\" src=\"https:\/\/tivi-samsung.com\/wp-content\/uploads\/2025\/09\/smart-tivi-samsung-4k-75-inch-ua75cu8000-170323-024431-300x168.jpg\" alt=\"\" width=\"1380\" height=\"773\" srcset=\"https:\/\/tivi-samsung.com\/wp-content\/uploads\/2025\/09\/smart-tivi-samsung-4k-75-inch-ua75cu8000-170323-024431-300x168.jpg 300w, https:\/\/tivi-samsung.com\/wp-content\/uploads\/2025\/09\/smart-tivi-samsung-4k-75-inch-ua75cu8000-170323-024431-768x429.jpg 768w, https:\/\/tivi-samsung.com\/wp-content\/uploads\/2025\/09\/smart-tivi-samsung-4k-75-inch-ua75cu8000-170323-024431-450x251.jpg 450w, https:\/\/tivi-samsung.com\/wp-content\/uploads\/2025\/09\/smart-tivi-samsung-4k-75-inch-ua75cu8000-170323-024431-600x335.jpg 600w, https:\/\/tivi-samsung.com\/wp-content\/uploads\/2025\/09\/smart-tivi-samsung-4k-75-inch-ua75cu8000-170323-024431-150x84.jpg 150w, https:\/\/tivi-samsung.com\/wp-content\/uploads\/2025\/09\/smart-tivi-samsung-4k-75-inch-ua75cu8000-170323-024431.jpg 1020w\" sizes=\"(max-width: 1380px) 100vw, 1380px\" \/><\/p>\n<p><strong>C\u00f4ng ngh\u1ec7 \u00e2m thanh<\/strong><\/p>\n<p>&#8211; Tivi Samsung n\u00e0y c\u00f3 t\u1ed5ng c\u00f4ng su\u1ea5t loa 20W cho ch\u1ea5t \u00e2m vang d\u1ed9i, m\u1ea1nh m\u1ebd.<\/p>\n<p>&#8211; C\u00f4ng ngh\u1ec7 <strong>OTS Lite<\/strong> \u0111\u01b0\u1ee3c trang b\u1ecb cho tivi c\u00f3 h\u1ec7 th\u1ed1ng \u00e2m thanh 2.2, gi\u00fap ng\u01b0\u1eddi nghe c\u1ea3m nh\u1eadn \u00e2m thanh chuy\u1ec3n \u0111\u1ed9ng theo h\u00ecnh \u1ea3nh. B\u1ea1n s\u1ebd c\u1ea3m th\u1ea5y nh\u01b0 \u0111ang ng\u1ed3i trong r\u1ea1p chi\u1ebfu phim.<\/p>\n<p><img loading=\"lazy\" decoding=\"async\" class=\"alignnone wp-image-5163\" src=\"https:\/\/tivi-samsung.com\/wp-content\/uploads\/2025\/09\/6-1020x570-1-300x168.jpg\" alt=\"\" width=\"1395\" height=\"781\" srcset=\"https:\/\/tivi-samsung.com\/wp-content\/uploads\/2025\/09\/6-1020x570-1-300x168.jpg 300w, https:\/\/tivi-samsung.com\/wp-content\/uploads\/2025\/09\/6-1020x570-1-768x429.jpg 768w, https:\/\/tivi-samsung.com\/wp-content\/uploads\/2025\/09\/6-1020x570-1-450x251.jpg 450w, https:\/\/tivi-samsung.com\/wp-content\/uploads\/2025\/09\/6-1020x570-1-600x335.jpg 600w, https:\/\/tivi-samsung.com\/wp-content\/uploads\/2025\/09\/6-1020x570-1-150x84.jpg 150w, https:\/\/tivi-samsung.com\/wp-content\/uploads\/2025\/09\/6-1020x570-1.jpg 1020w\" sizes=\"(max-width: 1395px) 100vw, 1395px\" \/><\/p>\n<p>&#8211; C\u00f4ng ngh\u1ec7 <strong>Adaptive Sound v\u00e0 Q-Symphony<\/strong> cho \u00e2m thanh trung th\u1ef1c, bao tr\u00f9m m\u1ecdi gi\u00e1c quan theo t\u1eebng b\u1ed1i c\u1ea3nh.<\/p>\n<p><img loading=\"lazy\" decoding=\"async\" class=\"alignnone wp-image-5294\" src=\"https:\/\/tivi-samsung.com\/wp-content\/uploads\/2025\/09\/tivi-neo-qled-samsung-4k-55-inch-qa55qn90d-6-1020x570-1-300x168.jpg\" alt=\"\" width=\"1393\" height=\"780\" srcset=\"https:\/\/tivi-samsung.com\/wp-content\/uploads\/2025\/09\/tivi-neo-qled-samsung-4k-55-inch-qa55qn90d-6-1020x570-1-300x168.jpg 300w, https:\/\/tivi-samsung.com\/wp-content\/uploads\/2025\/09\/tivi-neo-qled-samsung-4k-55-inch-qa55qn90d-6-1020x570-1-768x429.jpg 768w, https:\/\/tivi-samsung.com\/wp-content\/uploads\/2025\/09\/tivi-neo-qled-samsung-4k-55-inch-qa55qn90d-6-1020x570-1-450x251.jpg 450w, https:\/\/tivi-samsung.com\/wp-content\/uploads\/2025\/09\/tivi-neo-qled-samsung-4k-55-inch-qa55qn90d-6-1020x570-1-600x335.jpg 600w, https:\/\/tivi-samsung.com\/wp-content\/uploads\/2025\/09\/tivi-neo-qled-samsung-4k-55-inch-qa55qn90d-6-1020x570-1-150x84.jpg 150w, https:\/\/tivi-samsung.com\/wp-content\/uploads\/2025\/09\/tivi-neo-qled-samsung-4k-55-inch-qa55qn90d-6-1020x570-1.jpg 1020w\" sizes=\"(max-width: 1393px) 100vw, 1393px\" \/><\/p>\n<p><strong>H\u1ec7 \u0111i\u1ec1u h\u00e0nh<\/strong><\/p>\n<p>&#8211; H\u1ec7 \u0111i\u1ec1u h\u00e0nh <strong>Tizen\u2122<\/strong> c\u00f3 giao di\u1ec7n \u0111\u01a1n gi\u1ea3n, bi\u1ec3u t\u01b0\u1ee3ng r\u00f5 r\u00e0ng, d\u1ec5 s\u1eed d\u1ee5ng. B\u00ean c\u1ea1nh \u0111\u00f3 l\u00e0 kho \u1ee9ng d\u1ee5ng phong ph\u00fa cho ng\u01b0\u1eddi d\u00f9ng l\u1ef1a ch\u1ecdn theo s\u1edf th\u00edch.<\/p>\n<p><img loading=\"lazy\" decoding=\"async\" class=\"alignnone wp-image-5252\" src=\"https:\/\/tivi-samsung.com\/wp-content\/uploads\/2025\/09\/smart-tivi-neo-qled-4k-55-inch-samsung-qa55qn85c-190323-030438-300x168.jpg\" alt=\"\" width=\"1393\" height=\"780\" srcset=\"https:\/\/tivi-samsung.com\/wp-content\/uploads\/2025\/09\/smart-tivi-neo-qled-4k-55-inch-samsung-qa55qn85c-190323-030438-300x168.jpg 300w, https:\/\/tivi-samsung.com\/wp-content\/uploads\/2025\/09\/smart-tivi-neo-qled-4k-55-inch-samsung-qa55qn85c-190323-030438-768x429.jpg 768w, https:\/\/tivi-samsung.com\/wp-content\/uploads\/2025\/09\/smart-tivi-neo-qled-4k-55-inch-samsung-qa55qn85c-190323-030438-450x251.jpg 450w, https:\/\/tivi-samsung.com\/wp-content\/uploads\/2025\/09\/smart-tivi-neo-qled-4k-55-inch-samsung-qa55qn85c-190323-030438-600x335.jpg 600w, https:\/\/tivi-samsung.com\/wp-content\/uploads\/2025\/09\/smart-tivi-neo-qled-4k-55-inch-samsung-qa55qn85c-190323-030438-150x84.jpg 150w, https:\/\/tivi-samsung.com\/wp-content\/uploads\/2025\/09\/smart-tivi-neo-qled-4k-55-inch-samsung-qa55qn85c-190323-030438.jpg 1020w\" sizes=\"(max-width: 1393px) 100vw, 1393px\" \/><\/p>\n<p><strong>Ti\u1ec7n \u00edch<\/strong><\/p>\n<p>&#8211; \u0110i\u1ec1u khi\u1ec3n tivi b\u1eb1ng gi\u1ecdng n\u00f3i linh ho\u1ea1t, h\u1ed7 tr\u1ee3 ti\u1ebfng Vi\u1ec7t v\u1edbi One Remote, Bixby.<\/p>\n<p>&#8211; D\u1ec5 d\u00e0ng qu\u1ea3n l\u00fd Smart tivi c\u00f9ng c\u00e1c thi\u1ebft b\u1ecb \u0111i\u1ec7n t\u1eed th\u00f4ng minh trong nh\u00e0 qua \u1ee9ng d\u1ee5ng SmartThings.<\/p>\n<p>&#8211; Tr\u00ecnh chi\u1ebfu m\u00e0n h\u00ecnh \u0111i\u1ec7n tho\u1ea1i l\u00ean tivi qua t\u00ednh n\u0103ng AirPlay 2 (iPhone), Tap View (Samsung) v\u00e0 Screen Mirroring (Android).<\/p>\n<p>&#8211; H\u1ed7 tr\u1ee3 \u0111a d\u1ea1ng c\u1ed5ng k\u1ebft n\u1ed1i kh\u00f4ng d\u00e2y v\u00e0 c\u00f3 d\u00e2y nh\u01b0 Wifi, Bluetooth, HDMI, c\u1ed5ng USB, Optical,\u2026<\/p>\n<p>&#8211; SmartThings t\u00edch h\u1ee3p IoT Hub: Qu\u1ea3n l\u00fd ng\u00f4i nh\u00e0 th\u00f4ng minh, k\u1ebft n\u1ed1i nhanh ch\u00f3ng \u0111a thi\u1ebft b\u1ecb nh\u1edd t\u00edch h\u1ee3p IoT Hub v\u00e0 ch\u1ebf \u0111\u1ed9 hi\u1ec3n th\u1ecb b\u1ea3n \u0111\u1ed3 3D k\u1ebft n\u1ed1i c\u00e1c thi\u1ebft b\u1ecb.<\/p>\n<p>+ N\u00e2ng cao tr\u1ea3i nghi\u1ec7m xem tr\u00ean tivi d\u01b0\u1edbi d\u1ea1ng r\u1ea1p chi\u1ebfu phim v\u1edbi Media home.<\/p>\n<p>+ Built-in IoT Hub gi\u00fap k\u1ebft n\u1ed1i d\u1ec5 d\u00e0ng v\u1edbi c\u00e1c thi\u1ebft b\u1ecb Zigbee, Thread, Matter m\u00e0 kh\u00f4ng c\u1ea7n Dongle.<\/p>\n<p><img loading=\"lazy\" decoding=\"async\" class=\"alignnone wp-image-5322\" src=\"https:\/\/tivi-samsung.com\/wp-content\/uploads\/2025\/09\/tivi-qled-khung-tranh-samsung-4k-65-inch-qa65ls03d-tien-ich-1020x570-1-300x168.jpg\" alt=\"\" width=\"1443\" height=\"808\" srcset=\"https:\/\/tivi-samsung.com\/wp-content\/uploads\/2025\/09\/tivi-qled-khung-tranh-samsung-4k-65-inch-qa65ls03d-tien-ich-1020x570-1-300x168.jpg 300w, https:\/\/tivi-samsung.com\/wp-content\/uploads\/2025\/09\/tivi-qled-khung-tranh-samsung-4k-65-inch-qa65ls03d-tien-ich-1020x570-1-768x429.jpg 768w, https:\/\/tivi-samsung.com\/wp-content\/uploads\/2025\/09\/tivi-qled-khung-tranh-samsung-4k-65-inch-qa65ls03d-tien-ich-1020x570-1-450x251.jpg 450w, https:\/\/tivi-samsung.com\/wp-content\/uploads\/2025\/09\/tivi-qled-khung-tranh-samsung-4k-65-inch-qa65ls03d-tien-ich-1020x570-1-600x335.jpg 600w, https:\/\/tivi-samsung.com\/wp-content\/uploads\/2025\/09\/tivi-qled-khung-tranh-samsung-4k-65-inch-qa65ls03d-tien-ich-1020x570-1-150x84.jpg 150w, https:\/\/tivi-samsung.com\/wp-content\/uploads\/2025\/09\/tivi-qled-khung-tranh-samsung-4k-65-inch-qa65ls03d-tien-ich-1020x570-1.jpg 1020w\" sizes=\"(max-width: 1443px) 100vw, 1443px\" \/><\/p>\n<p><em>V\u1edbi th\u00e0nh c\u00f4ng t\u1eeb s\u1ea3n ph\u1ea9m <strong>Smart Tivi Samsung 4K Crystal UHD 43 inch UA43BU8000<\/strong> \u0111\u01b0\u1ee3c ra m\u1eaft n\u0103m 2022, Samsung ra m\u1eaft phi\u00ean b\u1ea3n n\u0103m 2023 Smart Tivi <strong>Samsung 4K<\/strong> 43 inch UA43CU8000 v\u1edbi b\u1ed9 x\u1eed l\u00fd Crystal 4K m\u1ea1nh m\u1ebd, c\u00f4ng ngh\u1ec7 UHD Dimming t\u00ednh to\u00e1n c\u00e1c th\u00f4ng s\u1ed1 v\u1ec1 m\u00e0u s\u1eafc, \u0111\u1ed9 t\u01b0\u01a1ng ph\u1ea3n, gi\u1ea3m \u0111\u1ed9 tr\u1ec5 khi ch\u01a1i game v\u1edbi <strong>Auto Low Latency Mode<\/strong>, c\u1ea3m nh\u1eadn \u00e2m thanh 3 chi\u1ec1u s\u1ed1ng \u0111\u1ed9ng v\u1edbi OTS Lite c\u00f9ng nhi\u1ec1u ti\u1ec7n \u00edch th\u00f4ng minh kh\u00e1c h\u1ee9a h\u1eb9n mang \u0111\u1ebfn nh\u1eefng ph\u00fat gi\u00e2y th\u01b0 gi\u00e3n cho b\u1ea1n v\u00e0 c\u1ea3 gia \u0111\u00ecnh.<\/em><\/p>\n<p><script src=\"chrome-extension:\/\/fpelahbljekknahkcaegamhcndkfpfnc\/iFrame.js\" type=\"text\/javascript\"><\/script><\/p>\n<p><script src=\"chrome-extension:\/\/fpelahbljekknahkcaegamhcndkfpfnc\/iFrame.js\" type=\"text\/javascript\"><\/script><\/p>\n<p><script src=\"chrome-extension:\/\/fpelahbljekknahkcaegamhcndkfpfnc\/iFrame.js\" type=\"text\/javascript\"><\/script><\/p>\n","protected":false},"excerpt":{"rendered":"<p>&nbsp;<\/p>\n<p><script src=\"chrome-extension:\/\/fpelahbljekknahkcaegamhcndkfpfnc\/iFrame.js\" type=\"text\/javascript\"><\/script><\/p>\n<p><script src=\"chrome-extension:\/\/fpelahbljekknahkcaegamhcndkfpfnc\/iFrame.js\" type=\"text\/javascript\"><\/script><\/p>\n<p><script src=\"chrome-extension:\/\/fpelahbljekknahkcaegamhcndkfpfnc\/iFrame.js\" type=\"text\/javascript\"><\/script><\/p>\n<p><script src=\"chrome-extension:\/\/fpelahbljekknahkcaegamhcndkfpfnc\/iFrame.js\" type=\"text\/javascript\"><\/script><\/p>\n<p><script src=\"chrome-extension:\/\/fpelahbljekknahkcaegamhcndkfpfnc\/iFrame.js\" type=\"text\/javascript\"><\/script><\/p>\n<p><script src=\"chrome-extension:\/\/fpelahbljekknahkcaegamhcndkfpfnc\/iFrame.js\" type=\"text\/javascript\"><\/script><\/p>\n<p><script src=\"chrome-extension:\/\/fpelahbljekknahkcaegamhcndkfpfnc\/iFrame.js\" type=\"text\/javascript\"><\/script><\/p>\n","protected":false},"featured_media":4710,"comment_status":"open","ping_status":"closed","template":"","meta":[],"product_brand":[88],"product_cat":[150,68,76,138],"product_tag":[],"class_list":{"0":"post-4314","1":"product","2":"type-product","3":"status-publish","4":"has-post-thumbnail","6":"product_brand-samsung","7":"product_cat-samsung-cu8000-2023","8":"product_cat-smart-tv","9":"product_cat-televisions","10":"product_cat-tv-crystal-uhd","11":"pa_kich-co-man-hinh-43-inch","13":"first","14":"instock","15":"sale","16":"shipping-taxable","17":"purchasable","18":"product-type-simple"},"_links":{"self":[{"href":"https:\/\/tivi-samsung.com\/index.php?rest_route=\/wp\/v2\/product\/4314","targetHints":{"allow":["GET"]}}],"collection":[{"href":"https:\/\/tivi-samsung.com\/index.php?rest_route=\/wp\/v2\/product"}],"about":[{"href":"https:\/\/tivi-samsung.com\/index.php?rest_route=\/wp\/v2\/types\/product"}],"replies":[{"embeddable":true,"href":"https:\/\/tivi-samsung.com\/index.php?rest_route=%2Fwp%2Fv2%2Fcomments&post=4314"}],"version-history":[{"count":9,"href":"https:\/\/tivi-samsung.com\/index.php?rest_route=\/wp\/v2\/product\/4314\/revisions"}],"predecessor-version":[{"id":8424,"href":"https:\/\/tivi-samsung.com\/index.php?rest_route=\/wp\/v2\/product\/4314\/revisions\/8424"}],"wp:featuredmedia":[{"embeddable":true,"href":"https:\/\/tivi-samsung.com\/index.php?rest_route=\/wp\/v2\/media\/4710"}],"wp:attachment":[{"href":"https:\/\/tivi-samsung.com\/index.php?rest_route=%2Fwp%2Fv2%2Fmedia&parent=4314"}],"wp:term":[{"taxonomy":"product_brand","embeddable":true,"href":"https:\/\/tivi-samsung.com\/index.php?rest_route=%2Fwp%2Fv2%2Fproduct_brand&post=4314"},{"taxonomy":"product_cat","embeddable":true,"href":"https:\/\/tivi-samsung.com\/index.php?rest_route=%2Fwp%2Fv2%2Fproduct_cat&post=4314"},{"taxonomy":"product_tag","embeddable":true,"href":"https:\/\/tivi-samsung.com\/index.php?rest_route=%2Fwp%2Fv2%2Fproduct_tag&post=4314"}],"curies":[{"name":"wp","href":"https:\/\/api.w.org\/{rel}","templated":true}]}}