{"id":4311,"date":"2025-09-16T17:00:46","date_gmt":"2025-09-16T17:00:46","guid":{"rendered":"https:\/\/tivi-samsung.com\/?post_type=product&#038;p=4311"},"modified":"2025-10-14T23:56:05","modified_gmt":"2025-10-14T16:56:05","slug":"smart-tivi-crystal-uhd-samsung-4k-43-inch-ua43u8550f","status":"publish","type":"product","link":"https:\/\/tivi-samsung.com\/?product=smart-tivi-crystal-uhd-samsung-4k-43-inch-ua43u8550f","title":{"rendered":"Smart Tivi Crystal UHD Samsung 4K 43 inch UA43U8550F"},"content":{"rendered":"<p><strong>\u0110\u1eb7c \u0111i\u1ec3m n\u1ed5i b\u1eadt<\/strong><\/p>\n<p><a href=\"https:\/\/tokoo.vn\/danh-muc\/samsung-tvs\/\" target=\"_blank\" rel=\"noopener\"><strong>Smart Tivi Crystal UHD Samsung 4K 43 inch UA43U8550F<\/strong><\/a><\/p>\n<p><strong>M\u00e0n h\u00ecnh 43 inch<\/strong> c\u00f9ng \u0111\u1ed9 ph\u00e2n gi\u1ea3i <strong>4K<\/strong>, ph\u00f9 h\u1ee3p v\u1edbi kh\u00f4ng gian nh\u1ecf v\u00e0 v\u1eeba.<br \/>\n<strong>C\u00f4ng ngh\u1ec7 UHD Dimming<\/strong> t\u1ed1i \u01b0u \u0111\u1ed9 t\u01b0\u01a1ng ph\u1ea3n v\u00e0 chi ti\u1ebft cho t\u1eebng v\u00f9ng s\u00e1ng t\u1ed1i.<br \/>\n<strong>B\u1ed9 x\u1eed l\u00fd Crystal 4K<\/strong> t\u0103ng c\u01b0\u1eddng kh\u1ea3 n\u0103ng x\u1eed l\u00fd h\u00ecnh \u1ea3nh m\u01b0\u1ee3t v\u00e0 r\u00f5 n\u00e9t h\u01a1n.<br \/>\n\u00c2m thanh chuy\u1ec3n \u0111\u1ed9ng c\u00f9ng n\u1ed9i dung nh\u1edd c\u00f4ng ngh\u1ec7 <strong>OTS Lite.<\/strong><br \/>\nH\u1ec7 \u0111i\u1ec1u h\u00e0nh <strong>Tizen<\/strong> th\u00e2n thi\u1ec7n, d\u1ec5 thao t\u00e1c v\u00e0 h\u1ed7 tr\u1ee3 nhi\u1ec1u \u1ee9ng d\u1ee5ng ph\u1ed5 bi\u1ebfn.<br \/>\n\u1ee8ng d\u1ee5ng <strong>SmartThings<\/strong> gi\u00fap d\u1ec5 d\u00e0ng \u0111i\u1ec1u khi\u1ec3n tivi v\u00e0 c\u00e1c thi\u1ebft b\u1ecb trong c\u00f9ng h\u1ec7 sinh th\u00e1i.<\/p>\n<p><script src=\"chrome-extension:\/\/fpelahbljekknahkcaegamhcndkfpfnc\/iFrame.js\" type=\"text\/javascript\"><\/script><\/p>\n","protected":false},"excerpt":{"rendered":"<p>&nbsp;<\/p>\n<p><script src=\"chrome-extension:\/\/fpelahbljekknahkcaegamhcndkfpfnc\/iFrame.js\" type=\"text\/javascript\"><\/script><\/p>\n<p><script src=\"chrome-extension:\/\/fpelahbljekknahkcaegamhcndkfpfnc\/iFrame.js\" type=\"text\/javascript\"><\/script><\/p>\n<p><script src=\"chrome-extension:\/\/fpelahbljekknahkcaegamhcndkfpfnc\/iFrame.js\" type=\"text\/javascript\"><\/script><\/p>\n<p><script src=\"chrome-extension:\/\/fpelahbljekknahkcaegamhcndkfpfnc\/iFrame.js\" type=\"text\/javascript\"><\/script><\/p>\n<p><script src=\"chrome-extension:\/\/fpelahbljekknahkcaegamhcndkfpfnc\/iFrame.js\" type=\"text\/javascript\"><\/script><\/p>\n<p><script src=\"chrome-extension:\/\/fpelahbljekknahkcaegamhcndkfpfnc\/iFrame.js\" type=\"text\/javascript\"><\/script><\/p>\n<p><script src=\"chrome-extension:\/\/fpelahbljekknahkcaegamhcndkfpfnc\/iFrame.js\" type=\"text\/javascript\"><\/script><\/p>\n<p><script src=\"chrome-extension:\/\/fpelahbljekknahkcaegamhcndkfpfnc\/iFrame.js\" type=\"text\/javascript\"><\/script><\/p>\n","protected":false},"featured_media":4706,"comment_status":"open","ping_status":"closed","template":"","meta":[],"product_brand":[88],"product_cat":[147,68,76,138],"product_tag":[],"class_list":{"0":"post-4311","1":"product","2":"type-product","3":"status-publish","4":"has-post-thumbnail","6":"product_brand-samsung","7":"product_cat-u8500f","8":"product_cat-smart-tv","9":"product_cat-televisions","10":"product_cat-tv-crystal-uhd","11":"pa_kich-co-man-hinh-43-inch","13":"first","14":"instock","15":"sale","16":"shipping-taxable","17":"purchasable","18":"product-type-simple"},"_links":{"self":[{"href":"https:\/\/tivi-samsung.com\/index.php?rest_route=\/wp\/v2\/product\/4311","targetHints":{"allow":["GET"]}}],"collection":[{"href":"https:\/\/tivi-samsung.com\/index.php?rest_route=\/wp\/v2\/product"}],"about":[{"href":"https:\/\/tivi-samsung.com\/index.php?rest_route=\/wp\/v2\/types\/product"}],"replies":[{"embeddable":true,"href":"https:\/\/tivi-samsung.com\/index.php?rest_route=%2Fwp%2Fv2%2Fcomments&post=4311"}],"version-history":[{"count":10,"href":"https:\/\/tivi-samsung.com\/index.php?rest_route=\/wp\/v2\/product\/4311\/revisions"}],"predecessor-version":[{"id":8425,"href":"https:\/\/tivi-samsung.com\/index.php?rest_route=\/wp\/v2\/product\/4311\/revisions\/8425"}],"wp:featuredmedia":[{"embeddable":true,"href":"https:\/\/tivi-samsung.com\/index.php?rest_route=\/wp\/v2\/media\/4706"}],"wp:attachment":[{"href":"https:\/\/tivi-samsung.com\/index.php?rest_route=%2Fwp%2Fv2%2Fmedia&parent=4311"}],"wp:term":[{"taxonomy":"product_brand","embeddable":true,"href":"https:\/\/tivi-samsung.com\/index.php?rest_route=%2Fwp%2Fv2%2Fproduct_brand&post=4311"},{"taxonomy":"product_cat","embeddable":true,"href":"https:\/\/tivi-samsung.com\/index.php?rest_route=%2Fwp%2Fv2%2Fproduct_cat&post=4311"},{"taxonomy":"product_tag","embeddable":true,"href":"https:\/\/tivi-samsung.com\/index.php?rest_route=%2Fwp%2Fv2%2Fproduct_tag&post=4311"}],"curies":[{"name":"wp","href":"https:\/\/api.w.org\/{rel}","templated":true}]}}