{"id":4307,"date":"2025-09-16T16:58:26","date_gmt":"2025-09-16T16:58:26","guid":{"rendered":"https:\/\/tivi-samsung.com\/?post_type=product&#038;p=4307"},"modified":"2025-10-14T23:56:44","modified_gmt":"2025-10-14T16:56:44","slug":"smart-tivi-crystal-uhd-samsung-4k-43-inch-ua43du7000","status":"publish","type":"product","link":"https:\/\/tivi-samsung.com\/?product=smart-tivi-crystal-uhd-samsung-4k-43-inch-ua43du7000","title":{"rendered":"Smart Tivi Crystal UHD Samsung 4K 43 inch UA43DU7000"},"content":{"rendered":"<p><strong>Th\u00f4ng tin s\u1ea3n ph\u1ea9m<\/strong><\/p>\n<p><a href=\"https:\/\/tokoo.vn\/danh-muc\/samsung-tvs\/\" target=\"_blank\" rel=\"noopener\"><strong>Smart Tivi Samsung 4K Crystal UHD 43 inch UA43DU7000<\/strong><\/a> n\u00e2ng t\u1ea7m kh\u00f4ng gian s\u1ed1ng v\u1edbi thi\u1ebft k\u1ebf thanh l\u1ecbch, m\u00e0n h\u00ecnh 43 inch c\u00f9ng \u0111\u1ed9 ph\u00e2n gi\u1ea3i 4K mang \u0111\u1ebfn h\u00ecnh \u1ea3nh s\u1eafc n\u00e9t v\u00e0 ch\u00e2n th\u1ef1c. B\u1ed9 x\u1eed l\u00fd <strong>Crystal 4K<\/strong> t\u1ed1i \u01b0u h\u00f3a m\u00e0u s\u1eafc v\u00e0 \u0111\u1ed9 t\u01b0\u01a1ng ph\u1ea3n, mang l\u1ea1i tr\u1ea3i nghi\u1ec7m gi\u1ea3i tr\u00ed ho\u00e0n h\u1ea3o.<\/p>\n<p><strong>Thi\u1ebft k\u1ebf<\/strong><\/p>\n<p>&#8211; Tivi s\u1edf h\u1eefu thi\u1ebft k\u1ebf hi\u1ec7n \u0111\u1ea1i v\u1edbi vi\u1ec1n m\u00e0n h\u00ecnh m\u1ecfng, t\u1ea1o c\u1ea3m gi\u00e1c sang tr\u1ecdng v\u00e0 tinh t\u1ebf, ph\u00f9 h\u1ee3p v\u1edbi nhi\u1ec1u kh\u00f4ng gian n\u1ed9i th\u1ea5t kh\u00e1c nhau.<\/p>\n<p>&#8211; M\u00e0n h\u00ecnh 43 inch nh\u1ecf g\u1ecdn, l\u00fd t\u01b0\u1edfng cho ph\u00f2ng kh\u00e1ch, ph\u00f2ng ng\u1ee7 ho\u1eb7c kh\u00f4ng gian l\u00e0m vi\u1ec7c.<\/p>\n<p>&#8211; Ch\u00e2n \u0111\u1ebf l\u00e0m t\u1eeb nh\u1ef1a ch\u1eafc ch\u1eafn, gi\u00fap tivi \u0111\u1ee9ng v\u1eefng tr\u00ean c\u00e1c b\u1ec1 m\u1eb7t. Ngo\u00e0i ra, b\u1ea1n c\u0169ng c\u00f3 th\u1ec3 treo tivi l\u00ean t\u01b0\u1eddng \u0111\u1ec3 t\u1ed1i \u01b0u di\u1ec7n t\u00edch s\u1eed d\u1ee5ng.<\/p>\n<p><img fetchpriority=\"high\" decoding=\"async\" class=\"alignnone wp-image-5360\" src=\"https:\/\/tivi-samsung.com\/wp-content\/uploads\/2025\/09\/60e5e7d78d60cbffe03590eb0f8dce1d-300x168.jpg\" alt=\"\" width=\"1469\" height=\"823\" srcset=\"https:\/\/tivi-samsung.com\/wp-content\/uploads\/2025\/09\/60e5e7d78d60cbffe03590eb0f8dce1d-300x168.jpg 300w, https:\/\/tivi-samsung.com\/wp-content\/uploads\/2025\/09\/60e5e7d78d60cbffe03590eb0f8dce1d-768x429.jpg 768w, https:\/\/tivi-samsung.com\/wp-content\/uploads\/2025\/09\/60e5e7d78d60cbffe03590eb0f8dce1d-450x251.jpg 450w, https:\/\/tivi-samsung.com\/wp-content\/uploads\/2025\/09\/60e5e7d78d60cbffe03590eb0f8dce1d-600x335.jpg 600w, https:\/\/tivi-samsung.com\/wp-content\/uploads\/2025\/09\/60e5e7d78d60cbffe03590eb0f8dce1d-150x84.jpg 150w, https:\/\/tivi-samsung.com\/wp-content\/uploads\/2025\/09\/60e5e7d78d60cbffe03590eb0f8dce1d.jpg 1020w\" sizes=\"(max-width: 1469px) 100vw, 1469px\" \/><\/p>\n<p><strong>C\u00f4ng ngh\u1ec7 h\u00ecnh \u1ea3nh<\/strong><\/p>\n<p>&#8211; <strong>\u0110\u1ed9 ph\u00e2n gi\u1ea3i 4K<\/strong> mang l\u1ea1i h\u00ecnh \u1ea3nh s\u1eafc n\u00e9t, \u0111\u1ed9 chi ti\u1ebft cao, \u0111\u01b0a ng\u01b0\u1eddi xem v\u00e0o th\u1ebf gi\u1edbi n\u1ed9i dung s\u1ed1ng \u0111\u1ed9ng.<\/p>\n<p>&#8211; <strong>B\u1ed9 x\u1eed l\u00fd Crystal 4K<\/strong> t\u1ed1i \u01b0u m\u00e0u s\u1eafc v\u00e0 t\u1ef7 l\u1ec7 t\u01b0\u01a1ng ph\u1ea3n, gi\u00fap h\u00ecnh \u1ea3nh tr\u1edf n\u00ean ch\u00e2n th\u1ef1c v\u00e0 r\u00f5 n\u00e9t h\u01a1n.<\/p>\n<p>&#8211; <strong>C\u00f4ng ngh\u1ec7 HDR<\/strong> t\u0103ng c\u01b0\u1eddng \u0111\u1ed9 s\u00e1ng v\u00e0 chi ti\u1ebft \u1edf nh\u1eefng v\u00f9ng t\u1ed1i v\u00e0 s\u00e1ng, mang l\u1ea1i \u0111\u1ed9 s\u00e2u h\u00ecnh \u1ea3nh \u1ea5n t\u01b0\u1ee3ng.<\/p>\n<p>&#8211; <strong>C\u00f4ng ngh\u1ec7 Motion Xcelerator<\/strong> gi\u1ea3m hi\u1ec7n t\u01b0\u1ee3ng nh\u00f2e v\u00e0 b\u00f3ng m\u1edd, gi\u1eef cho c\u00e1c chuy\u1ec3n \u0111\u1ed9ng m\u01b0\u1ee3t m\u00e0 v\u00e0 r\u00f5 r\u00e0ng h\u01a1n.<\/p>\n<p>&#8211; <strong>C\u00f4ng ngh\u1ec7 PurColor<\/strong> hi\u1ec3n th\u1ecb d\u1ea3i m\u00e0u s\u1eafc phong ph\u00fa v\u00e0 r\u1ef1c r\u1ee1, cho h\u00ecnh \u1ea3nh ch\u00e2n th\u1ef1c v\u00e0 cu\u1ed1n h\u00fat h\u01a1n bao gi\u1edd h\u1ebft.<\/p>\n<p><img decoding=\"async\" class=\"alignnone wp-image-5359\" src=\"https:\/\/tivi-samsung.com\/wp-content\/uploads\/2025\/09\/a1da636b697b61c12a2313b6e16662d6-300x168.jpg\" alt=\"\" width=\"1448\" height=\"811\" srcset=\"https:\/\/tivi-samsung.com\/wp-content\/uploads\/2025\/09\/a1da636b697b61c12a2313b6e16662d6-300x168.jpg 300w, https:\/\/tivi-samsung.com\/wp-content\/uploads\/2025\/09\/a1da636b697b61c12a2313b6e16662d6-768x429.jpg 768w, https:\/\/tivi-samsung.com\/wp-content\/uploads\/2025\/09\/a1da636b697b61c12a2313b6e16662d6-450x251.jpg 450w, https:\/\/tivi-samsung.com\/wp-content\/uploads\/2025\/09\/a1da636b697b61c12a2313b6e16662d6-600x335.jpg 600w, https:\/\/tivi-samsung.com\/wp-content\/uploads\/2025\/09\/a1da636b697b61c12a2313b6e16662d6-150x84.jpg 150w, https:\/\/tivi-samsung.com\/wp-content\/uploads\/2025\/09\/a1da636b697b61c12a2313b6e16662d6.jpg 1020w\" sizes=\"(max-width: 1448px) 100vw, 1448px\" \/><\/p>\n<p>&#8211; <strong>C\u00f4ng ngh\u1ec7 UHD Dimming<\/strong> chia m\u00e0n h\u00ecnh th\u00e0nh nhi\u1ec1u v\u00f9ng nh\u1ecf, tinh ch\u1ec9nh \u0111\u1ed9 t\u01b0\u01a1ng ph\u1ea3n v\u00e0 s\u1eafc n\u00e9t \u1edf t\u1eebng khu v\u1ef1c.<\/p>\n<p>&#8211; <strong>Ch\u1ebf \u0111\u1ed9 ALLM<\/strong> l\u00e0m gi\u1ea3m \u0111\u1ed9 tr\u1ec5 \u0111\u1ea7u v\u00e0o, mang l\u1ea1i tr\u1ea3i nghi\u1ec7m ch\u01a1i game m\u01b0\u1ee3t m\u00e0 h\u01a1n.<\/p>\n<p>&#8211; <strong>C\u00f4ng ngh\u1ec7 Contrast Enhancer<\/strong> t\u1ef1 \u0111\u1ed9ng \u0111i\u1ec1u ch\u1ec9nh \u0111\u1ed9 t\u01b0\u01a1ng ph\u1ea3n, nh\u1edd \u0111\u00f3 h\u00ecnh \u1ea3nh c\u00f3 chi\u1ec1u s\u00e2u v\u00e0 sinh \u0111\u1ed9ng h\u01a1n.<\/p>\n<p><strong>C\u00f4ng ngh\u1ec7 \u00e2m thanh<\/strong><\/p>\n<p>&#8211; <strong>Tivi Samsung<\/strong> s\u1edf h\u1eefu h\u1ec7 th\u1ed1ng loa c\u00f3 t\u1ed5ng c\u00f4ng su\u1ea5t 20W, mang \u0111\u1ebfn \u00e2m thanh m\u1ea1nh m\u1ebd v\u00e0 r\u00f5 r\u00e0ng.<\/p>\n<p>&#8211; <strong>C\u00f4ng ngh\u1ec7 Object Tracking Sound Lite (OTS Lite)<\/strong> gi\u00fap \u00e2m thanh di chuy\u1ec3n theo chuy\u1ec3n \u0111\u1ed9ng h\u00ecnh \u1ea3nh, t\u1ea1o hi\u1ec7u \u1ee9ng \u00e2m thanh v\u00f2m s\u1ed1ng \u0111\u1ed9ng.<\/p>\n<p><img decoding=\"async\" class=\"alignnone wp-image-5320\" src=\"https:\/\/tivi-samsung.com\/wp-content\/uploads\/2025\/09\/tivi-qled-khung-tranh-samsung-4k-65-inch-qa65ls03d-cong-nghe-am-thanh-1020x570-1-300x168.jpg\" alt=\"\" width=\"1427\" height=\"799\" srcset=\"https:\/\/tivi-samsung.com\/wp-content\/uploads\/2025\/09\/tivi-qled-khung-tranh-samsung-4k-65-inch-qa65ls03d-cong-nghe-am-thanh-1020x570-1-300x168.jpg 300w, https:\/\/tivi-samsung.com\/wp-content\/uploads\/2025\/09\/tivi-qled-khung-tranh-samsung-4k-65-inch-qa65ls03d-cong-nghe-am-thanh-1020x570-1-768x429.jpg 768w, https:\/\/tivi-samsung.com\/wp-content\/uploads\/2025\/09\/tivi-qled-khung-tranh-samsung-4k-65-inch-qa65ls03d-cong-nghe-am-thanh-1020x570-1-450x251.jpg 450w, https:\/\/tivi-samsung.com\/wp-content\/uploads\/2025\/09\/tivi-qled-khung-tranh-samsung-4k-65-inch-qa65ls03d-cong-nghe-am-thanh-1020x570-1-600x335.jpg 600w, https:\/\/tivi-samsung.com\/wp-content\/uploads\/2025\/09\/tivi-qled-khung-tranh-samsung-4k-65-inch-qa65ls03d-cong-nghe-am-thanh-1020x570-1-150x84.jpg 150w, https:\/\/tivi-samsung.com\/wp-content\/uploads\/2025\/09\/tivi-qled-khung-tranh-samsung-4k-65-inch-qa65ls03d-cong-nghe-am-thanh-1020x570-1.jpg 1020w\" sizes=\"(max-width: 1427px) 100vw, 1427px\" \/><\/p>\n<p><strong>H\u1ec7 \u0111i\u1ec1u h\u00e0nh<\/strong><\/p>\n<p>&#8211; Tivi s\u1eed d\u1ee5ng h\u1ec7 \u0111i\u1ec1u h\u00e0nh <strong>Tizen\u2122<\/strong> v\u1edbi giao di\u1ec7n th\u00e2n thi\u1ec7n, d\u1ec5 d\u00e0ng thao t\u00e1c v\u00e0 \u0111i\u1ec1u khi\u1ec3n.<\/p>\n<p>&#8211; Kho \u1ee9ng d\u1ee5ng phong ph\u00fa \u0111\u00e1p \u1ee9ng nhu c\u1ea7u gi\u1ea3i tr\u00ed \u0111a d\u1ea1ng c\u1ee7a ng\u01b0\u1eddi d\u00f9ng, t\u1eeb xem phim, nghe nh\u1ea1c \u0111\u1ebfn ch\u01a1i game.<\/p>\n<p><img loading=\"lazy\" decoding=\"async\" class=\"alignnone wp-image-5313\" src=\"https:\/\/tivi-samsung.com\/wp-content\/uploads\/2025\/09\/tivi-neo-qled-samsung-8k-65-inch-qa65qn800d-8-1020x570-1-300x168.jpg\" alt=\"\" width=\"1425\" height=\"798\" srcset=\"https:\/\/tivi-samsung.com\/wp-content\/uploads\/2025\/09\/tivi-neo-qled-samsung-8k-65-inch-qa65qn800d-8-1020x570-1-300x168.jpg 300w, https:\/\/tivi-samsung.com\/wp-content\/uploads\/2025\/09\/tivi-neo-qled-samsung-8k-65-inch-qa65qn800d-8-1020x570-1-768x429.jpg 768w, https:\/\/tivi-samsung.com\/wp-content\/uploads\/2025\/09\/tivi-neo-qled-samsung-8k-65-inch-qa65qn800d-8-1020x570-1-450x251.jpg 450w, https:\/\/tivi-samsung.com\/wp-content\/uploads\/2025\/09\/tivi-neo-qled-samsung-8k-65-inch-qa65qn800d-8-1020x570-1-600x335.jpg 600w, https:\/\/tivi-samsung.com\/wp-content\/uploads\/2025\/09\/tivi-neo-qled-samsung-8k-65-inch-qa65qn800d-8-1020x570-1-150x84.jpg 150w, https:\/\/tivi-samsung.com\/wp-content\/uploads\/2025\/09\/tivi-neo-qled-samsung-8k-65-inch-qa65qn800d-8-1020x570-1.jpg 1020w\" sizes=\"(max-width: 1425px) 100vw, 1425px\" \/><\/p>\n<p><strong>Ti\u1ec7n \u00edch<\/strong><\/p>\n<p>&#8211; Ch\u1ec9 v\u1edbi m\u1ed9t ch\u1ea1m nh\u1eb9 \u0111i\u1ec7n tho\u1ea1i v\u00e0o tivi, t\u00ednh n\u0103ng <strong>Tap View<\/strong> cho ph\u00e9p b\u1ea1n k\u1ebft n\u1ed1i v\u00e0 chia s\u1ebb n\u1ed9i dung m\u1ed9t c\u00e1ch nhanh ch\u00f3ng v\u00e0 d\u1ec5 d\u00e0ng.<\/p>\n<p>&#8211; Tr\u00ecnh chi\u1ebfu h\u00ecnh \u1ea3nh, video v\u00e0 c\u00e1c n\u1ed9i dung kh\u00e1c t\u1eeb c\u00e1c thi\u1ebft b\u1ecb <strong>Apple<\/strong> l\u00ean m\u00e0n h\u00ecnh l\u1edbn c\u1ee7a tivi th\u00f4ng qua<strong> AirPlay 2.<\/strong><\/p>\n<p>&#8211; Bi\u1ebfn chi\u1ebfc tivi c\u1ee7a b\u1ea1n th\u00e0nh m\u1ed9t m\u00e0n h\u00ecnh m\u00e1y t\u00ednh ti\u1ec7n l\u1ee3i \u0111\u1ec3 l\u00e0m vi\u1ec7c v\u00e0 h\u1ecdc t\u1eadp t\u1ea1i nh\u00e0 v\u1edbi ch\u1ebf \u0111\u1ed9 PC tr\u00ean Tivi.<\/p>\n<p>&#8211; <strong>\u1ee8ng d\u1ee5ng SmartThings<\/strong> gi\u00fap qu\u1ea3n l\u00fd c\u00e1c thi\u1ebft b\u1ecb th\u00f4ng minh trong gia \u0111\u00ecnh d\u1ec5 d\u00e0ng h\u01a1n.<\/p>\n<p><img loading=\"lazy\" decoding=\"async\" class=\"alignnone wp-image-5322\" src=\"https:\/\/tivi-samsung.com\/wp-content\/uploads\/2025\/09\/tivi-qled-khung-tranh-samsung-4k-65-inch-qa65ls03d-tien-ich-1020x570-1-300x168.jpg\" alt=\"\" width=\"1423\" height=\"797\" srcset=\"https:\/\/tivi-samsung.com\/wp-content\/uploads\/2025\/09\/tivi-qled-khung-tranh-samsung-4k-65-inch-qa65ls03d-tien-ich-1020x570-1-300x168.jpg 300w, https:\/\/tivi-samsung.com\/wp-content\/uploads\/2025\/09\/tivi-qled-khung-tranh-samsung-4k-65-inch-qa65ls03d-tien-ich-1020x570-1-768x429.jpg 768w, https:\/\/tivi-samsung.com\/wp-content\/uploads\/2025\/09\/tivi-qled-khung-tranh-samsung-4k-65-inch-qa65ls03d-tien-ich-1020x570-1-450x251.jpg 450w, https:\/\/tivi-samsung.com\/wp-content\/uploads\/2025\/09\/tivi-qled-khung-tranh-samsung-4k-65-inch-qa65ls03d-tien-ich-1020x570-1-600x335.jpg 600w, https:\/\/tivi-samsung.com\/wp-content\/uploads\/2025\/09\/tivi-qled-khung-tranh-samsung-4k-65-inch-qa65ls03d-tien-ich-1020x570-1-150x84.jpg 150w, https:\/\/tivi-samsung.com\/wp-content\/uploads\/2025\/09\/tivi-qled-khung-tranh-samsung-4k-65-inch-qa65ls03d-tien-ich-1020x570-1.jpg 1020w\" sizes=\"(max-width: 1423px) 100vw, 1423px\" \/><\/p>\n<p><em><strong>Smart Tivi Samsung 4K Crystal UHD 43 inch UA43DU7000<\/strong> mang \u0111\u1ebfn tr\u1ea3i nghi\u1ec7m gi\u1ea3i tr\u00ed \u1ea5n t\u01b0\u1ee3ng v\u1edbi m\u00e0n h\u00ecnh 4K s\u1eafc n\u00e9t, c\u00f4ng ngh\u1ec7 h\u00ecnh \u1ea3nh ti\u00ean ti\u1ebfn v\u00e0 h\u1ec7 th\u1ed1ng \u00e2m thanh s\u1ed1ng \u0111\u1ed9ng. H\u1ec7 \u0111i\u1ec1u h\u00e0nh <strong>Tizen\u2122<\/strong> d\u1ec5 s\u1eed d\u1ee5ng c\u00f9ng nhi\u1ec1u t\u00ednh n\u0103ng ti\u1ec7n \u00edch gi\u00fap ng\u01b0\u1eddi d\u00f9ng t\u1eadn h\u01b0\u1edfng nh\u1eefng gi\u00e2y ph\u00fat gi\u1ea3i tr\u00ed tuy\u1ec7t v\u1eddi ngay t\u1ea1i nh\u00e0<\/em>.<\/p>\n<p>&nbsp;<\/p>\n<p><script src=\"chrome-extension:\/\/fpelahbljekknahkcaegamhcndkfpfnc\/iFrame.js\" type=\"text\/javascript\"><\/script><\/p>\n","protected":false},"excerpt":{"rendered":"<p>&nbsp;<\/p>\n<p><script src=\"chrome-extension:\/\/fpelahbljekknahkcaegamhcndkfpfnc\/iFrame.js\" type=\"text\/javascript\"><\/script><\/p>\n<p><script src=\"chrome-extension:\/\/fpelahbljekknahkcaegamhcndkfpfnc\/iFrame.js\" type=\"text\/javascript\"><\/script><\/p>\n<p><script src=\"chrome-extension:\/\/fpelahbljekknahkcaegamhcndkfpfnc\/iFrame.js\" type=\"text\/javascript\"><\/script><\/p>\n<p><script src=\"chrome-extension:\/\/fpelahbljekknahkcaegamhcndkfpfnc\/iFrame.js\" type=\"text\/javascript\"><\/script><\/p>\n<p><script src=\"chrome-extension:\/\/fpelahbljekknahkcaegamhcndkfpfnc\/iFrame.js\" type=\"text\/javascript\"><\/script><\/p>\n<p><script src=\"chrome-extension:\/\/fpelahbljekknahkcaegamhcndkfpfnc\/iFrame.js\" type=\"text\/javascript\"><\/script><\/p>\n<p><script src=\"chrome-extension:\/\/fpelahbljekknahkcaegamhcndkfpfnc\/iFrame.js\" type=\"text\/javascript\"><\/script><\/p>\n","protected":false},"featured_media":4704,"comment_status":"open","ping_status":"closed","template":"","meta":[],"product_brand":[88],"product_cat":[148,68,76,138],"product_tag":[],"class_list":{"0":"post-4307","1":"product","2":"type-product","3":"status-publish","4":"has-post-thumbnail","6":"product_brand-samsung","7":"product_cat-du7000-2024","8":"product_cat-smart-tv","9":"product_cat-televisions","10":"product_cat-tv-crystal-uhd","11":"pa_kich-co-man-hinh-43-inch","13":"first","14":"instock","15":"sale","16":"shipping-taxable","17":"purchasable","18":"product-type-simple"},"_links":{"self":[{"href":"https:\/\/tivi-samsung.com\/index.php?rest_route=\/wp\/v2\/product\/4307","targetHints":{"allow":["GET"]}}],"collection":[{"href":"https:\/\/tivi-samsung.com\/index.php?rest_route=\/wp\/v2\/product"}],"about":[{"href":"https:\/\/tivi-samsung.com\/index.php?rest_route=\/wp\/v2\/types\/product"}],"replies":[{"embeddable":true,"href":"https:\/\/tivi-samsung.com\/index.php?rest_route=%2Fwp%2Fv2%2Fcomments&post=4307"}],"version-history":[{"count":9,"href":"https:\/\/tivi-samsung.com\/index.php?rest_route=\/wp\/v2\/product\/4307\/revisions"}],"predecessor-version":[{"id":8426,"href":"https:\/\/tivi-samsung.com\/index.php?rest_route=\/wp\/v2\/product\/4307\/revisions\/8426"}],"wp:featuredmedia":[{"embeddable":true,"href":"https:\/\/tivi-samsung.com\/index.php?rest_route=\/wp\/v2\/media\/4704"}],"wp:attachment":[{"href":"https:\/\/tivi-samsung.com\/index.php?rest_route=%2Fwp%2Fv2%2Fmedia&parent=4307"}],"wp:term":[{"taxonomy":"product_brand","embeddable":true,"href":"https:\/\/tivi-samsung.com\/index.php?rest_route=%2Fwp%2Fv2%2Fproduct_brand&post=4307"},{"taxonomy":"product_cat","embeddable":true,"href":"https:\/\/tivi-samsung.com\/index.php?rest_route=%2Fwp%2Fv2%2Fproduct_cat&post=4307"},{"taxonomy":"product_tag","embeddable":true,"href":"https:\/\/tivi-samsung.com\/index.php?rest_route=%2Fwp%2Fv2%2Fproduct_tag&post=4307"}],"curies":[{"name":"wp","href":"https:\/\/api.w.org\/{rel}","templated":true}]}}