{"id":4304,"date":"2025-09-16T16:55:46","date_gmt":"2025-09-16T16:55:46","guid":{"rendered":"https:\/\/tivi-samsung.com\/?post_type=product&#038;p=4304"},"modified":"2025-10-14T23:57:45","modified_gmt":"2025-10-14T16:57:45","slug":"smart-tivi-samsung-32-inch-ua32t4202","status":"publish","type":"product","link":"https:\/\/tivi-samsung.com\/?product=smart-tivi-samsung-32-inch-ua32t4202","title":{"rendered":"Smart Tivi Samsung 32 inch\u00a0 UA32T4202"},"content":{"rendered":"<p><strong>Th\u00f4ng tin s\u1ea3n ph\u1ea9m<\/strong><br \/>\n<a href=\"https:\/\/tokoo.vn\/danh-muc\/samsung-tvs\/\" target=\"_blank\" rel=\"noopener\"><strong>Smart Tivi Samsung 32 inch UA32T4202<\/strong> <\/a>thi\u1ebft k\u1ebf \u0111\u01a1n gi\u1ea3n, h\u00e0i h\u00f2a cho nhi\u1ec1u kh\u00f4ng gian, khung h\u00ecnh HD r\u00f5 n\u00e9t k\u1ebft h\u1ee3p c\u00f4ng ngh\u1ec7 <strong>PurColor<\/strong> t\u0103ng c\u01b0\u1eddng m\u00e0u s\u1eafc v\u00e0 <strong>Micro Dimming Pro<\/strong> gia t\u0103ng \u0111\u1ed9 t\u01b0\u01a1ng ph\u1ea3n cho khung h\u00ecnh th\u00eam s\u1ed1ng \u0111\u1ed9ng, \u00e2m thanh v\u00f2m <strong>Dolby Digital Plus<\/strong> l\u00f4i cu\u1ed1n, mang \u0111\u1ebfn nh\u1eefng tr\u1ea3i nghi\u1ec7m th\u1eadt th\u00edch th\u00fa c\u00f9ng kho \u1ee9ng d\u1ee5ng<strong> Tizen\u2122<\/strong> phong ph\u00fa.<\/p>\n<p><strong>T\u1ed5ng quan thi\u1ebft k\u1ebf<\/strong><br \/>\n&#8211; <strong>Samsung UA32T4202<\/strong> thi\u1ebft k\u1ebf tinh gi\u1ea3n, g\u1ecdn \u0111\u1eb9p, ph\u00f9 h\u1ee3p cho nhi\u1ec1u kh\u00f4ng gian t\u1eeb ki\u1ebfn tr\u00fac hi\u1ec7n \u0111\u1ea1i \u0111\u1ebfn c\u00e1c ph\u00f2ng n\u1ed9i th\u1ea5t \u0111\u01a1n gi\u1ea3n, t\u0103ng n\u00e9t th\u1ea9m m\u1ef9 cho kh\u00f4ng gian l\u1eafp \u0111\u1eb7t.<\/p>\n<p>&#8211; <strong>Tivi Samsung 32<\/strong> inch b\u1ed1 tr\u00ed thu\u1eadn ti\u1ec7n cho ph\u00f2ng kh\u00e1ch nh\u1ecf gia \u0111\u00ecnh, ph\u00f2ng ng\u1ee7 hay ph\u00f2ng h\u1ecdp nh\u1ecf,\u2026<\/p>\n<p>&#8211; Tivi s\u1eed d\u1ee5ng ch\u00e2n \u0111\u1ebf \u0111\u1ed9c \u0111\u00e1o, \u0111\u1eb9p m\u1eaft m\u00e0 r\u1ea5t g\u1ecdn g\u00e0ng, n\u00e2ng \u0111\u1ee1 ch\u1eafc ch\u1eafn m\u00e0n h\u00ecnh, c\u00f3 th\u1ec3 \u0111\u1eb7t k\u1ec7 t\u1ee7 ho\u1eb7c th\u00e1o r\u1eddi \u0111\u1ec3 treo t\u01b0\u1eddng th\u00eam ti\u1ebft ki\u1ec7m di\u1ec7n t\u00edch.<\/p>\n<p><img fetchpriority=\"high\" decoding=\"async\" class=\"alignnone wp-image-5364\" src=\"https:\/\/tivi-samsung.com\/wp-content\/uploads\/2025\/09\/smart-tivi-samsung-32-inch-ua32t4202-01-300x166.jpg\" alt=\"\" width=\"1417\" height=\"784\" srcset=\"https:\/\/tivi-samsung.com\/wp-content\/uploads\/2025\/09\/smart-tivi-samsung-32-inch-ua32t4202-01-300x166.jpg 300w, https:\/\/tivi-samsung.com\/wp-content\/uploads\/2025\/09\/smart-tivi-samsung-32-inch-ua32t4202-01-768x426.jpg 768w, https:\/\/tivi-samsung.com\/wp-content\/uploads\/2025\/09\/smart-tivi-samsung-32-inch-ua32t4202-01-450x250.jpg 450w, https:\/\/tivi-samsung.com\/wp-content\/uploads\/2025\/09\/smart-tivi-samsung-32-inch-ua32t4202-01-600x333.jpg 600w, https:\/\/tivi-samsung.com\/wp-content\/uploads\/2025\/09\/smart-tivi-samsung-32-inch-ua32t4202-01-150x83.jpg 150w\" sizes=\"(max-width: 1417px) 100vw, 1417px\" \/><\/p>\n<p><strong>C\u00f4ng ngh\u1ec7 h\u00ecnh \u1ea3nh<\/strong><br \/>\n&#8211; \u0110\u1ed9 ph\u00e2n gi\u1ea3i HD cho h\u00ecnh \u1ea3nh r\u00f5 n\u00e9t.<\/p>\n<p>&#8211; D\u1ea3i m\u00e0u phong ph\u00fa, m\u00e0u s\u1eafc t\u1ef1 nhi\u00ean, r\u1ef1c r\u1ee1 v\u00e0 ch\u00e2n th\u1ef1c qua c\u00f4ng ngh\u1ec7 <strong>PurColor.<\/strong><\/p>\n<p>M\u1eddi b\u1ea1n t\u00ecm hi\u1ec3u th\u00eam v\u1ec1 &#8220;M\u1eadt \u0111\u1ed9 \u0111i\u1ec3m \u1ea3nh v\u00e0 \u0111\u1ed9 ph\u00e2n gi\u1ea3i tr\u00ean m\u00e0n h\u00ecnh TV l\u00e0 g\u00ec?&#8221;<\/p>\n<p>&#8211; C\u00f4ng ngh\u1ec7 <strong>Mega Contrast<\/strong> gi\u1ea3m thi\u1ec3u s\u1ef1 ph\u1ea3n chi\u1ebfu v\u00e0 ki\u1ec3m so\u00e1t \u0111\u00e8n n\u1ec1n<strong> Micro Dimming Pro<\/strong> ch\u1ed1ng m\u1edd ho\u00e0n h\u1ea3o, \u0111\u1ed3ng th\u1eddi <strong>Contrast Enhance<\/strong>r t\u0103ng c\u01b0\u1eddng t\u01b0\u01a1ng ph\u1ea3n cho t\u1eebng chi ti\u1ebft tr\u00ean m\u00e0n h\u00ecnh, gi\u00fap h\u00ecnh \u1ea3nh th\u00eam chi\u1ec1u s\u00e2u, cu\u1ed1n h\u00fat.<\/p>\n<p>&#8211;<strong> Hyper Real Engine<\/strong> gia t\u0103ng \u0111\u1ed9 ch\u00e2n th\u1ef1c v\u1ec1 m\u00e0u s\u1eafc v\u00e0 chi\u1ec1u s\u00e2u \u0111i\u1ec3m \u1ea3nh \u0111\u1ec3 chinh ph\u1ee5c th\u1ecb gi\u00e1c ng\u01b0\u1eddi xem tr\u00ean t\u1eebng khung h\u00ecnh.<\/p>\n<p><img decoding=\"async\" class=\"alignnone wp-image-5365\" src=\"https:\/\/tivi-samsung.com\/wp-content\/uploads\/2025\/09\/smart-tivi-samsung-32-inch-ua32t4202-02-300x166.jpg\" alt=\"\" width=\"1413\" height=\"782\" srcset=\"https:\/\/tivi-samsung.com\/wp-content\/uploads\/2025\/09\/smart-tivi-samsung-32-inch-ua32t4202-02-300x166.jpg 300w, https:\/\/tivi-samsung.com\/wp-content\/uploads\/2025\/09\/smart-tivi-samsung-32-inch-ua32t4202-02-768x426.jpg 768w, https:\/\/tivi-samsung.com\/wp-content\/uploads\/2025\/09\/smart-tivi-samsung-32-inch-ua32t4202-02-450x250.jpg 450w, https:\/\/tivi-samsung.com\/wp-content\/uploads\/2025\/09\/smart-tivi-samsung-32-inch-ua32t4202-02-600x333.jpg 600w, https:\/\/tivi-samsung.com\/wp-content\/uploads\/2025\/09\/smart-tivi-samsung-32-inch-ua32t4202-02-150x83.jpg 150w, https:\/\/tivi-samsung.com\/wp-content\/uploads\/2025\/09\/smart-tivi-samsung-32-inch-ua32t4202-02.jpg 1020w\" sizes=\"(max-width: 1413px) 100vw, 1413px\" \/><\/p>\n<p><strong>C\u00f4ng ngh\u1ec7 \u00e2m thanh<\/strong><br \/>\n&#8211; <strong>Tivi Samsung<\/strong> trang b\u1ecb h\u1ec7 th\u1ed1ng 2 loa t\u1ed5ng c\u00f4ng su\u1ea5t 10W cho \u00e2m thanh s\u1ed1ng \u0111\u1ed9ng, t\u00e1i t\u1ea1o \u00e2m thanh v\u00f2m l\u00f4i cu\u1ed1n b\u1eb1ng c\u00f4ng ngh\u1ec7 Dolby Digital Plus \u0111\u1ec3 b\u1ea1n c\u1ea3m th\u1ee5 \u00e2m thanh \u0111a chi\u1ec1u ng\u1eadp tr\u00e0n, lan t\u1ecfa, b\u00f9ng n\u1ed5 v\u00e0 \u0111\u1eafm ch\u00ecm theo t\u1eebng n\u1ed9i dung xem.<\/p>\n<p><img decoding=\"async\" class=\"alignnone wp-image-5369\" src=\"https:\/\/tivi-samsung.com\/wp-content\/uploads\/2025\/09\/smart-tivi-samsung-32-inch-ua32t4202-03-300x166.jpg\" alt=\"\" width=\"1411\" height=\"781\" srcset=\"https:\/\/tivi-samsung.com\/wp-content\/uploads\/2025\/09\/smart-tivi-samsung-32-inch-ua32t4202-03-300x166.jpg 300w, https:\/\/tivi-samsung.com\/wp-content\/uploads\/2025\/09\/smart-tivi-samsung-32-inch-ua32t4202-03-768x426.jpg 768w, https:\/\/tivi-samsung.com\/wp-content\/uploads\/2025\/09\/smart-tivi-samsung-32-inch-ua32t4202-03-450x250.jpg 450w, https:\/\/tivi-samsung.com\/wp-content\/uploads\/2025\/09\/smart-tivi-samsung-32-inch-ua32t4202-03-600x333.jpg 600w, https:\/\/tivi-samsung.com\/wp-content\/uploads\/2025\/09\/smart-tivi-samsung-32-inch-ua32t4202-03-150x83.jpg 150w, https:\/\/tivi-samsung.com\/wp-content\/uploads\/2025\/09\/smart-tivi-samsung-32-inch-ua32t4202-03.jpg 1020w\" sizes=\"(max-width: 1411px) 100vw, 1411px\" \/><\/p>\n<p><strong>H\u1ec7 \u0111i\u1ec1u h\u00e0nh<\/strong><br \/>\n<strong>Smart tivi Samsung<\/strong> thi\u1ebft l\u1eadp h\u1ec7 \u0111i\u1ec1u h\u00e0nh <strong>Tizen\u2122<\/strong> tr\u1ef1c quan, kho \u1ee9ng d\u1ee5ng phong ph\u00fa nh\u01b0: <strong>YouTube, Netflix, Tr\u00ecnh duy\u1ec7t web, Prime Video,..<\/strong>. \u0111\u00e1p \u1ee9ng t\u1ed1t nhu c\u1ea7u gi\u1ea3i tr\u00ed c\u1ee7a c\u00e1c th\u00e0nh vi\u00ean trong gia \u0111\u00ecnh.<\/p>\n<p><img loading=\"lazy\" decoding=\"async\" class=\"alignnone wp-image-5363\" src=\"https:\/\/tivi-samsung.com\/wp-content\/uploads\/2025\/09\/smart-tivi-samsung-32-inch-ua32t4202-04-1-1-300x168.jpg\" alt=\"\" width=\"1414\" height=\"792\" srcset=\"https:\/\/tivi-samsung.com\/wp-content\/uploads\/2025\/09\/smart-tivi-samsung-32-inch-ua32t4202-04-1-1-300x168.jpg 300w, https:\/\/tivi-samsung.com\/wp-content\/uploads\/2025\/09\/smart-tivi-samsung-32-inch-ua32t4202-04-1-1-768x429.jpg 768w, https:\/\/tivi-samsung.com\/wp-content\/uploads\/2025\/09\/smart-tivi-samsung-32-inch-ua32t4202-04-1-1-450x251.jpg 450w, https:\/\/tivi-samsung.com\/wp-content\/uploads\/2025\/09\/smart-tivi-samsung-32-inch-ua32t4202-04-1-1-600x335.jpg 600w, https:\/\/tivi-samsung.com\/wp-content\/uploads\/2025\/09\/smart-tivi-samsung-32-inch-ua32t4202-04-1-1-150x84.jpg 150w, https:\/\/tivi-samsung.com\/wp-content\/uploads\/2025\/09\/smart-tivi-samsung-32-inch-ua32t4202-04-1-1.jpg 1020w\" sizes=\"(max-width: 1414px) 100vw, 1414px\" \/><\/p>\n<p><strong>Ti\u1ec7n \u00edch<\/strong><br \/>\n&#8211; <strong>Smart tivi<\/strong> c\u00f3 ch\u1ebf \u0111\u1ed9 PC tr\u00ean tivi cho ph\u00e9p k\u1ebft n\u1ed1i tivi v\u1edbi PC, chu\u1ed9t m\u00e1y t\u00ednh \u0111\u1ec3 d\u00f9ng cho c\u00e1c t\u00e1c v\u1ee5 v\u0103n ph\u00f2ng, h\u1ecdc t\u1eadp, t\u1eadn h\u01b0\u1edfng khung h\u00ecnh l\u1edbn h\u01a1n \u0111\u1ec3 \u0111\u1ea1t k\u1ebft qu\u1ea3 t\u1ed1t h\u01a1n.<\/p>\n<p><img loading=\"lazy\" decoding=\"async\" class=\"alignnone wp-image-5362\" src=\"https:\/\/tivi-samsung.com\/wp-content\/uploads\/2025\/09\/smart-tivi-samsung-32-inch-ua32t4202-05-300x169.jpg\" alt=\"\" width=\"1414\" height=\"797\" srcset=\"https:\/\/tivi-samsung.com\/wp-content\/uploads\/2025\/09\/smart-tivi-samsung-32-inch-ua32t4202-05-300x169.jpg 300w, https:\/\/tivi-samsung.com\/wp-content\/uploads\/2025\/09\/smart-tivi-samsung-32-inch-ua32t4202-05-768x432.jpg 768w, https:\/\/tivi-samsung.com\/wp-content\/uploads\/2025\/09\/smart-tivi-samsung-32-inch-ua32t4202-05-450x253.jpg 450w, https:\/\/tivi-samsung.com\/wp-content\/uploads\/2025\/09\/smart-tivi-samsung-32-inch-ua32t4202-05-600x338.jpg 600w, https:\/\/tivi-samsung.com\/wp-content\/uploads\/2025\/09\/smart-tivi-samsung-32-inch-ua32t4202-05-150x84.jpg 150w, https:\/\/tivi-samsung.com\/wp-content\/uploads\/2025\/09\/smart-tivi-samsung-32-inch-ua32t4202-05.jpg 1020w\" sizes=\"(max-width: 1414px) 100vw, 1414px\" \/><\/p>\n<p><em>T\u00f3m l\u1ea1i, <strong>Smart Tivi Samsung 32 inch UA32T4202<\/strong> nh\u1ecf g\u1ecdn, mang ch\u1ea5t l\u01b0\u1ee3ng h\u00ecnh \u1ea3nh v\u00e0 \u00e2m thanh t\u1ed1t s\u1ebd l\u00e0 l\u1ef1a ch\u1ecdn t\u1ed1t \u0111\u1ec3 s\u1eed d\u1ee5ng cho h\u1ea7u h\u1ebft c\u00e1c gia \u0111\u00ecnh trong m\u1ecdi ph\u00e2n kh\u00fac ti\u00eau d\u00f9ng, t\u1eadn h\u01b0\u1edfng c\u00f4ng ngh\u1ec7 hi\u1ec7n \u0111\u1ea1i, gi\u1ea3i tr\u00ed b\u1ea5t t\u1eadn v\u1edbi kho \u1ee9ng d\u1ee5ng phong ph\u00fa m\u00e0 n\u00f3 mang \u0111\u1ebfn cho b\u1ea1n v\u00e0 gia \u0111\u00ecnh.<\/em><\/p>\n<p>&nbsp;<\/p>\n<p><script src=\"chrome-extension:\/\/fpelahbljekknahkcaegamhcndkfpfnc\/iFrame.js\" type=\"text\/javascript\"><\/script><\/p>\n<p><script src=\"chrome-extension:\/\/fpelahbljekknahkcaegamhcndkfpfnc\/iFrame.js\" type=\"text\/javascript\"><\/script><\/p>\n","protected":false},"excerpt":{"rendered":"<p>&nbsp;<\/p>\n<p><script src=\"chrome-extension:\/\/fpelahbljekknahkcaegamhcndkfpfnc\/iFrame.js\" type=\"text\/javascript\"><\/script><\/p>\n<p><script src=\"chrome-extension:\/\/fpelahbljekknahkcaegamhcndkfpfnc\/iFrame.js\" type=\"text\/javascript\"><\/script><\/p>\n<p><script src=\"chrome-extension:\/\/fpelahbljekknahkcaegamhcndkfpfnc\/iFrame.js\" type=\"text\/javascript\"><\/script><\/p>\n<p><script src=\"chrome-extension:\/\/fpelahbljekknahkcaegamhcndkfpfnc\/iFrame.js\" type=\"text\/javascript\"><\/script><\/p>\n<p><script src=\"chrome-extension:\/\/fpelahbljekknahkcaegamhcndkfpfnc\/iFrame.js\" type=\"text\/javascript\"><\/script><\/p>\n<p><script src=\"chrome-extension:\/\/fpelahbljekknahkcaegamhcndkfpfnc\/iFrame.js\" type=\"text\/javascript\"><\/script><\/p>\n<p><script src=\"chrome-extension:\/\/fpelahbljekknahkcaegamhcndkfpfnc\/iFrame.js\" type=\"text\/javascript\"><\/script><\/p>\n<p><script src=\"chrome-extension:\/\/fpelahbljekknahkcaegamhcndkfpfnc\/iFrame.js\" type=\"text\/javascript\"><\/script><\/p>\n","protected":false},"featured_media":4702,"comment_status":"open","ping_status":"closed","template":"","meta":[],"product_brand":[88],"product_cat":[141,68,76],"product_tag":[],"class_list":{"0":"post-4304","1":"product","2":"type-product","3":"status-publish","4":"has-post-thumbnail","6":"product_brand-samsung","7":"product_cat-full-hd-hd","8":"product_cat-smart-tv","9":"product_cat-televisions","10":"pa_kich-co-man-hinh-32-inch","12":"first","13":"instock","14":"shipping-taxable","15":"purchasable","16":"product-type-simple"},"_links":{"self":[{"href":"https:\/\/tivi-samsung.com\/index.php?rest_route=\/wp\/v2\/product\/4304","targetHints":{"allow":["GET"]}}],"collection":[{"href":"https:\/\/tivi-samsung.com\/index.php?rest_route=\/wp\/v2\/product"}],"about":[{"href":"https:\/\/tivi-samsung.com\/index.php?rest_route=\/wp\/v2\/types\/product"}],"replies":[{"embeddable":true,"href":"https:\/\/tivi-samsung.com\/index.php?rest_route=%2Fwp%2Fv2%2Fcomments&post=4304"}],"version-history":[{"count":10,"href":"https:\/\/tivi-samsung.com\/index.php?rest_route=\/wp\/v2\/product\/4304\/revisions"}],"predecessor-version":[{"id":8427,"href":"https:\/\/tivi-samsung.com\/index.php?rest_route=\/wp\/v2\/product\/4304\/revisions\/8427"}],"wp:featuredmedia":[{"embeddable":true,"href":"https:\/\/tivi-samsung.com\/index.php?rest_route=\/wp\/v2\/media\/4702"}],"wp:attachment":[{"href":"https:\/\/tivi-samsung.com\/index.php?rest_route=%2Fwp%2Fv2%2Fmedia&parent=4304"}],"wp:term":[{"taxonomy":"product_brand","embeddable":true,"href":"https:\/\/tivi-samsung.com\/index.php?rest_route=%2Fwp%2Fv2%2Fproduct_brand&post=4304"},{"taxonomy":"product_cat","embeddable":true,"href":"https:\/\/tivi-samsung.com\/index.php?rest_route=%2Fwp%2Fv2%2Fproduct_cat&post=4304"},{"taxonomy":"product_tag","embeddable":true,"href":"https:\/\/tivi-samsung.com\/index.php?rest_route=%2Fwp%2Fv2%2Fproduct_tag&post=4304"}],"curies":[{"name":"wp","href":"https:\/\/api.w.org\/{rel}","templated":true}]}}