{"id":4297,"date":"2025-09-16T16:50:48","date_gmt":"2025-09-16T16:50:48","guid":{"rendered":"https:\/\/tivi-samsung.com\/?post_type=product&#038;p=4297"},"modified":"2025-10-14T23:59:30","modified_gmt":"2025-10-14T16:59:30","slug":"smart-tivi-oled-samsung-ai-4k-83-inch-qa83s90f","status":"publish","type":"product","link":"https:\/\/tivi-samsung.com\/?product=smart-tivi-oled-samsung-ai-4k-83-inch-qa83s90f","title":{"rendered":"Smart Tivi OLED Samsung AI 4K 83 inch  QA83S90F"},"content":{"rendered":"<p><strong>Th\u00f4ng tin s\u1ea3n ph\u1ea9m<\/strong><\/p>\n<p><a href=\"https:\/\/tokoo.vn\/danh-muc\/samsung-tvs\/\" target=\"_blank\" rel=\"noopener\"><strong>Smart tivi OLED<\/strong><\/a> k\u00edch th\u01b0\u1edbc 83 inch hi\u1ec3n th\u1ecb s\u1eafc n\u00e9t, m\u00e0u \u0111en s\u00e2u v\u00e0 \u0111\u1ed9 t\u01b0\u01a1ng ph\u1ea3n cao, mang \u0111\u1ebfn tr\u1ea3i nghi\u1ec7m xem s\u1ed1ng \u0111\u1ed9ng nh\u01b0 r\u1ea1p chi\u1ebfu ngay t\u1ea1i nh\u00e0.<\/p>\n<p><strong>Thi\u1ebft k\u1ebf<\/strong><\/p>\n<p>S\u1edf h\u1eefu thi\u1ebft k\u1ebf vi\u1ec1n m\u1ecfng tinh t\u1ebf, t\u1ed1i \u0111a di\u1ec7n t\u00edch hi\u1ec3n th\u1ecb v\u00e0 t\u1ea1o c\u1ea3m gi\u00e1c tr\u00e0n vi\u1ec1n, v\u1eeba t\u0103ng t\u00ednh th\u1ea9m m\u1ef9 v\u1eeba gi\u00fap ng\u01b0\u1eddi d\u00f9ng \u0111\u1eafm ch\u00ecm v\u00e0o h\u00ecnh \u1ea3nh, ph\u00f9 h\u1ee3p v\u1edbi kh\u00f4ng gian gi\u1ea3i tr\u00ed hi\u1ec7n \u0111\u1ea1i v\u00e0 cao c\u1ea5p.<\/p>\n<p>K\u00edch th\u01b0\u1edbc m\u00e0n h\u00ecnh 83 inch t\u1ea1o n\u00ean \u0111i\u1ec3m nh\u1ea5n n\u1ed5i b\u1eadt trong m\u1ecdi kh\u00f4ng gian, \u0111\u00e1p \u1ee9ng t\u1ed1t nhu c\u1ea7u th\u01b0\u1edfng th\u1ee9c n\u1ed9i dung tr\u00ean m\u00e0n \u1ea3nh r\u1ed9ng, \u0111\u1ed3ng th\u1eddi th\u00edch h\u1ee3p treo t\u01b0\u1eddng ho\u1eb7c \u0111\u1eb7t b\u00e0n t\u00f9y theo phong c\u00e1ch thi\u1ebft k\u1ebf ph\u00f2ng.<\/p>\n<p><img fetchpriority=\"high\" decoding=\"async\" class=\"alignnone wp-image-5375\" src=\"https:\/\/tivi-samsung.com\/wp-content\/uploads\/2025\/09\/2abd64f12412fbfdf1e8466346a25bbb-300x168.jpg\" alt=\"\" width=\"1409\" height=\"789\" srcset=\"https:\/\/tivi-samsung.com\/wp-content\/uploads\/2025\/09\/2abd64f12412fbfdf1e8466346a25bbb-300x168.jpg 300w, https:\/\/tivi-samsung.com\/wp-content\/uploads\/2025\/09\/2abd64f12412fbfdf1e8466346a25bbb-768x429.jpg 768w, https:\/\/tivi-samsung.com\/wp-content\/uploads\/2025\/09\/2abd64f12412fbfdf1e8466346a25bbb-450x251.jpg 450w, https:\/\/tivi-samsung.com\/wp-content\/uploads\/2025\/09\/2abd64f12412fbfdf1e8466346a25bbb-600x335.jpg 600w, https:\/\/tivi-samsung.com\/wp-content\/uploads\/2025\/09\/2abd64f12412fbfdf1e8466346a25bbb-150x84.jpg 150w, https:\/\/tivi-samsung.com\/wp-content\/uploads\/2025\/09\/2abd64f12412fbfdf1e8466346a25bbb.jpg 1020w\" sizes=\"(max-width: 1409px) 100vw, 1409px\" \/><\/p>\n<p><strong>C\u00f4ng ngh\u1ec7 h\u00ecnh \u1ea3nh<\/strong><\/p>\n<p><strong>B\u1ed9 x\u1eed l\u00fd AI NQ4 Gen 3<\/strong> s\u1eed d\u1ee5ng tr\u00ed tu\u1ec7 nh\u00e2n t\u1ea1o \u0111\u1ec3 ph\u00e2n t\u00edch t\u1eebng khung h\u00ecnh, \u0111i\u1ec1u ch\u1ec9nh chi ti\u1ebft, m\u00e0u s\u1eafc v\u00e0 \u0111\u1ed9 t\u01b0\u01a1ng ph\u1ea3n, mang l\u1ea1i h\u00ecnh \u1ea3nh m\u01b0\u1ee3t m\u00e0, s\u1eafc n\u00e9t v\u00e0 c\u00e2n b\u1eb1ng.<\/p>\n<p><strong>Color Booster Pro<\/strong> t\u1ed1i \u01b0u t\u1eebng d\u1ea3i m\u00e0u ri\u00eang bi\u1ec7t, t\u0103ng c\u01b0\u1eddng \u0111\u1ed9 r\u1ef1c r\u1ee1 v\u00e0 \u0111\u1ed9 s\u00e1ng, cho c\u1ea3nh quay s\u1ed1ng \u0111\u1ed9ng v\u00e0 \u0111\u1ed3ng \u0111\u1ec1u, \u0111\u1ed3ng th\u1eddi \u0111\u1ea1t chu\u1ea9n hi\u1ec3n th\u1ecb m\u00e0u s\u1eafc <strong>PANTONE<\/strong>, mang l\u1ea1i tr\u1ea3i nghi\u1ec7m ch\u00e2n th\u1eadt v\u00e0 t\u1ef1 nhi\u00ean nh\u01b0 ngo\u00e0i \u0111\u1eddi th\u1ef1c.<\/p>\n<p><img decoding=\"async\" class=\"alignnone wp-image-5376\" src=\"https:\/\/tivi-samsung.com\/wp-content\/uploads\/2025\/09\/1c5e6f650b3d29109dc12e08b8d93ffd-300x168.jpg\" alt=\"\" width=\"1407\" height=\"788\" srcset=\"https:\/\/tivi-samsung.com\/wp-content\/uploads\/2025\/09\/1c5e6f650b3d29109dc12e08b8d93ffd-300x168.jpg 300w, https:\/\/tivi-samsung.com\/wp-content\/uploads\/2025\/09\/1c5e6f650b3d29109dc12e08b8d93ffd-768x429.jpg 768w, https:\/\/tivi-samsung.com\/wp-content\/uploads\/2025\/09\/1c5e6f650b3d29109dc12e08b8d93ffd-450x251.jpg 450w, https:\/\/tivi-samsung.com\/wp-content\/uploads\/2025\/09\/1c5e6f650b3d29109dc12e08b8d93ffd-600x335.jpg 600w, https:\/\/tivi-samsung.com\/wp-content\/uploads\/2025\/09\/1c5e6f650b3d29109dc12e08b8d93ffd-150x84.jpg 150w, https:\/\/tivi-samsung.com\/wp-content\/uploads\/2025\/09\/1c5e6f650b3d29109dc12e08b8d93ffd.jpg 1020w\" sizes=\"(max-width: 1407px) 100vw, 1407px\" \/><\/p>\n<p><strong>OLED HDR+ v\u00e0 Auto HDR Remastering Pro<\/strong> tr\u00ean <strong>Smart Tivi OLED<\/strong> c\u1ea3i thi\u1ec7n \u0111\u1ed9 s\u00e1ng, m\u1edf r\u1ed9ng d\u1ea3i t\u01b0\u01a1ng ph\u1ea3n, t\u00e1i t\u1ea1o chi ti\u1ebft r\u00f5 r\u00e0ng \u1edf c\u1ea3 v\u00f9ng s\u00e1ng l\u1eabn t\u1ed1i, mang \u0111\u1ebfn h\u00ecnh \u1ea3nh c\u00e2n \u0111\u1ed1i v\u00e0 gi\u00e0u chi\u1ec1u s\u00e2u tr\u00ean m\u00e0n h\u00ecnh l\u1edbn.<\/p>\n<p><strong>Real Depth Enhancer<\/strong> gia t\u0103ng \u0111\u1ed9 t\u01b0\u01a1ng ph\u1ea3n gi\u1eefa ch\u1ee7 th\u1ec3 v\u00e0 h\u1eadu c\u1ea3nh, m\u00f4 ph\u1ecfng c\u00e1ch m\u1eaft ng\u01b0\u1eddi t\u1eadp trung, t\u1eeb \u0111\u00f3 t\u00e1i hi\u1ec7n h\u00ecnh \u1ea3nh c\u00f3 chi\u1ec1u s\u00e2u t\u1ef1 nhi\u00ean, khi\u1ebfn nh\u00e2n v\u1eadt v\u00e0 c\u1ea3nh v\u1eadt tr\u1edf n\u00ean n\u1ed5i kh\u1ed1i v\u00e0 ch\u00e2n th\u1ef1c h\u01a1n khi th\u01b0\u1edfng th\u1ee9c.<\/p>\n<p><img decoding=\"async\" class=\"alignnone wp-image-5373\" src=\"https:\/\/tivi-samsung.com\/wp-content\/uploads\/2025\/09\/b3ced6960eb3953fc234451e17a4fca1-300x168.jpg\" alt=\"\" width=\"1405\" height=\"787\" srcset=\"https:\/\/tivi-samsung.com\/wp-content\/uploads\/2025\/09\/b3ced6960eb3953fc234451e17a4fca1-300x168.jpg 300w, https:\/\/tivi-samsung.com\/wp-content\/uploads\/2025\/09\/b3ced6960eb3953fc234451e17a4fca1-768x429.jpg 768w, https:\/\/tivi-samsung.com\/wp-content\/uploads\/2025\/09\/b3ced6960eb3953fc234451e17a4fca1-450x251.jpg 450w, https:\/\/tivi-samsung.com\/wp-content\/uploads\/2025\/09\/b3ced6960eb3953fc234451e17a4fca1-600x335.jpg 600w, https:\/\/tivi-samsung.com\/wp-content\/uploads\/2025\/09\/b3ced6960eb3953fc234451e17a4fca1-150x84.jpg 150w, https:\/\/tivi-samsung.com\/wp-content\/uploads\/2025\/09\/b3ced6960eb3953fc234451e17a4fca1.jpg 1020w\" sizes=\"(max-width: 1405px) 100vw, 1405px\" \/><\/p>\n<p><strong>Motion Xcelerator 144 Hz<\/strong> hi\u1ec3n th\u1ecb c\u00e1c c\u1ea3nh chuy\u1ec3n \u0111\u1ed9ng nhanh m\u01b0\u1ee3t m\u00e0, gi\u1ea3m hi\u1ec7n t\u01b0\u1ee3ng nh\u00f2e h\u00ecnh, mang l\u1ea1i tr\u1ea3i nghi\u1ec7m l\u00fd t\u01b0\u1edfng khi xem th\u1ec3 thao, phim h\u00e0nh \u0111\u1ed9ng ho\u1eb7c ch\u01a1i game t\u1ed1c \u0111\u1ed9 cao tr\u00ean m\u00e0n h\u00ecnh l\u1edbn.<\/p>\n<p><strong>FreeSync Premium<\/strong> v\u00e0<strong> Auto Low Latency Mode (ALLM)<\/strong> gi\u1ea3m thi\u1ec3u \u0111\u1ed9 tr\u1ec5 \u0111\u1ea7u v\u00e0o, ng\u0103n hi\u1ec7n t\u01b0\u1ee3ng x\u00e9 h\u00ecnh, t\u0103ng \u0111\u1ed9 ph\u1ea3n h\u1ed3i v\u00e0 \u0111\u1ea3m b\u1ea3o tr\u1ea3i nghi\u1ec7m ch\u01a1i game m\u01b0\u1ee3t m\u00e0, \u0111\u1eb7c bi\u1ec7t v\u1edbi nh\u1eefng t\u1ef1a game FPS h\u00e0nh \u0111\u1ed9ng nhanh.<\/p>\n<p><strong>Ultra Viewing Angle<\/strong> m\u1edf r\u1ed9ng g\u00f3c nh\u00ecn, gi\u1eef \u0111\u01b0\u1ee3c \u0111\u1ed9 s\u00e1ng v\u00e0 ch\u00ednh x\u00e1c m\u00e0u s\u1eafc t\u1eeb nhi\u1ec1u v\u1ecb tr\u00ed, trong khi<strong> Anti Reflection<\/strong> h\u1ea1n ch\u1ebf \u00e1nh s\u00e1ng ph\u1ea3n chi\u1ebfu, gi\u00fap ng\u01b0\u1eddi xem th\u01b0\u1edfng th\u1ee9c h\u00ecnh \u1ea3nh r\u00f5 n\u00e9t ngay c\u1ea3 trong ph\u00f2ng nhi\u1ec1u \u00e1nh s\u00e1ng.<\/p>\n<p><img loading=\"lazy\" decoding=\"async\" class=\"alignnone wp-image-5386\" src=\"https:\/\/tivi-samsung.com\/wp-content\/uploads\/2025\/09\/smart-tivi-oled-samsung-ai-4k-77-inch-qa77s90f638938959616847548-300x168.jpg\" alt=\"\" width=\"1387\" height=\"777\" srcset=\"https:\/\/tivi-samsung.com\/wp-content\/uploads\/2025\/09\/smart-tivi-oled-samsung-ai-4k-77-inch-qa77s90f638938959616847548-300x168.jpg 300w, https:\/\/tivi-samsung.com\/wp-content\/uploads\/2025\/09\/smart-tivi-oled-samsung-ai-4k-77-inch-qa77s90f638938959616847548-768x429.jpg 768w, https:\/\/tivi-samsung.com\/wp-content\/uploads\/2025\/09\/smart-tivi-oled-samsung-ai-4k-77-inch-qa77s90f638938959616847548-450x251.jpg 450w, https:\/\/tivi-samsung.com\/wp-content\/uploads\/2025\/09\/smart-tivi-oled-samsung-ai-4k-77-inch-qa77s90f638938959616847548-600x335.jpg 600w, https:\/\/tivi-samsung.com\/wp-content\/uploads\/2025\/09\/smart-tivi-oled-samsung-ai-4k-77-inch-qa77s90f638938959616847548-150x84.jpg 150w, https:\/\/tivi-samsung.com\/wp-content\/uploads\/2025\/09\/smart-tivi-oled-samsung-ai-4k-77-inch-qa77s90f638938959616847548.jpg 1020w\" sizes=\"(max-width: 1387px) 100vw, 1387px\" \/><\/p>\n<p><strong>C\u00f4ng ngh\u1ec7 \u00e2m thanh<\/strong><\/p>\n<p><strong>Dolby Atmos<\/strong> t\u00e1i t\u1ea1o \u00e2m thanh \u0111a chi\u1ec1u, bao ph\u1ee7 kh\u00f4ng gian ph\u00f2ng, t\u1eeb \u0111\u00f3 ng\u01b0\u1eddi nghe c\u1ea3m nh\u1eadn r\u00f5 s\u1ef1 di chuy\u1ec3n c\u1ee7a \u00e2m thanh, mang l\u1ea1i tr\u1ea3i nghi\u1ec7m s\u1ed1ng \u0111\u1ed9ng nh\u01b0 \u0111ang hi\u1ec7n di\u1ec7n trong t\u1eebng c\u1ea3nh phim, tr\u1eadn \u0111\u1ea5u hay bu\u1ed5i h\u00f2a nh\u1ea1c.<\/p>\n<p><strong>Q-Symphony Next<\/strong> \u0111\u1ed3ng b\u1ed9 loa tivi Samsung v\u00e0 loa thanh t\u01b0\u01a1ng th\u00edch, t\u1ea1o n\u00ean s\u1ef1 h\u00f2a quy\u1ec7n \u00e2m thanh m\u1ea1nh m\u1ebd, m\u1edf r\u1ed9ng d\u1ea3i \u00e2m v\u00e0 gia t\u0103ng hi\u1ec7u \u1ee9ng, \u0111em \u0111\u1ebfn tr\u1ea3i nghi\u1ec7m nghe ch\u00e2n th\u1ef1c, \u1ea5n t\u01b0\u1ee3ng h\u01a1n so v\u1edbi ch\u1ec9 d\u00f9ng loa tivi.<\/p>\n<p><img loading=\"lazy\" decoding=\"async\" class=\"alignnone wp-image-5385\" src=\"https:\/\/tivi-samsung.com\/wp-content\/uploads\/2025\/09\/smart-tivi-oled-samsung-ai-4k-77-inch-qa77s90f638938959618027474-300x168.jpg\" alt=\"\" width=\"1386\" height=\"776\" srcset=\"https:\/\/tivi-samsung.com\/wp-content\/uploads\/2025\/09\/smart-tivi-oled-samsung-ai-4k-77-inch-qa77s90f638938959618027474-300x168.jpg 300w, https:\/\/tivi-samsung.com\/wp-content\/uploads\/2025\/09\/smart-tivi-oled-samsung-ai-4k-77-inch-qa77s90f638938959618027474-768x429.jpg 768w, https:\/\/tivi-samsung.com\/wp-content\/uploads\/2025\/09\/smart-tivi-oled-samsung-ai-4k-77-inch-qa77s90f638938959618027474-450x251.jpg 450w, https:\/\/tivi-samsung.com\/wp-content\/uploads\/2025\/09\/smart-tivi-oled-samsung-ai-4k-77-inch-qa77s90f638938959618027474-600x335.jpg 600w, https:\/\/tivi-samsung.com\/wp-content\/uploads\/2025\/09\/smart-tivi-oled-samsung-ai-4k-77-inch-qa77s90f638938959618027474-150x84.jpg 150w, https:\/\/tivi-samsung.com\/wp-content\/uploads\/2025\/09\/smart-tivi-oled-samsung-ai-4k-77-inch-qa77s90f638938959618027474.jpg 1020w\" sizes=\"(max-width: 1386px) 100vw, 1386px\" \/><\/p>\n<p><strong>Object Tracking Sound Lite (OTS Lite)<\/strong> ph\u00e2n t\u00edch chuy\u1ec3n \u0111\u1ed9ng c\u1ee7a h\u00ecnh \u1ea3nh tr\u00ean m\u00e0n h\u00ecnh v\u00e0 ph\u00e1t \u00e2m thanh \u0111\u1ed3ng b\u1ed9 theo v\u1ecb tr\u00ed, t\u0103ng \u0111\u1ed9 ch\u00e2n th\u1ef1c khi theo d\u00f5i c\u1ea3nh h\u00e0nh \u0111\u1ed9ng, phim bom t\u1ea5n ho\u1eb7c n\u1ed9i dung th\u1ec3 thao tr\u1ef1c ti\u1ebfp.<\/p>\n<p><strong>Adaptive Sound Pro<\/strong> t\u1ef1 \u0111\u1ed9ng \u0111i\u1ec1u ch\u1ec9nh ch\u1ebf \u0111\u1ed9 \u00e2m thanh d\u1ef1a tr\u00ean n\u1ed9i dung hi\u1ec3n th\u1ecb, t\u1eeb l\u1eddi tho\u1ea1i phim, b\u1ea3n nh\u1ea1c n\u1ec1n cho \u0111\u1ebfn hi\u1ec7u \u1ee9ng h\u00e0nh \u0111\u1ed9ng, \u0111\u1ea3m b\u1ea3o \u00e2m thanh c\u00e2n b\u1eb1ng, h\u00e0i h\u00f2a v\u00e0 ph\u00f9 h\u1ee3p v\u1edbi t\u1eebng t\u00ecnh hu\u1ed1ng.<\/p>\n<p><strong>Active Voice Amplifier Pro<\/strong> ph\u00e1t hi\u1ec7n ti\u1ebfng \u1ed3n trong m\u00f4i tr\u01b0\u1eddng v\u00e0 ch\u1ee7 \u0111\u1ed9ng n\u00e2ng \u00e2m l\u01b0\u1ee3ng h\u1ed9i tho\u1ea1i, gi\u00fap l\u1eddi tho\u1ea1i r\u00f5 r\u00e0ng h\u01a1n, tr\u00e1nh b\u1ecb l\u1ea5n \u00e1t b\u1edfi \u00e2m thanh b\u00ean ngo\u00e0i.<\/p>\n<p><img loading=\"lazy\" decoding=\"async\" class=\"alignnone wp-image-5379\" src=\"https:\/\/tivi-samsung.com\/wp-content\/uploads\/2025\/09\/ca946dcd613db1e5811c7ebba67022d9-300x168.jpg\" alt=\"\" width=\"1368\" height=\"766\" srcset=\"https:\/\/tivi-samsung.com\/wp-content\/uploads\/2025\/09\/ca946dcd613db1e5811c7ebba67022d9-300x168.jpg 300w, https:\/\/tivi-samsung.com\/wp-content\/uploads\/2025\/09\/ca946dcd613db1e5811c7ebba67022d9-768x429.jpg 768w, https:\/\/tivi-samsung.com\/wp-content\/uploads\/2025\/09\/ca946dcd613db1e5811c7ebba67022d9-450x251.jpg 450w, https:\/\/tivi-samsung.com\/wp-content\/uploads\/2025\/09\/ca946dcd613db1e5811c7ebba67022d9-600x335.jpg 600w, https:\/\/tivi-samsung.com\/wp-content\/uploads\/2025\/09\/ca946dcd613db1e5811c7ebba67022d9-150x84.jpg 150w, https:\/\/tivi-samsung.com\/wp-content\/uploads\/2025\/09\/ca946dcd613db1e5811c7ebba67022d9.jpg 1020w\" sizes=\"(max-width: 1368px) 100vw, 1368px\" \/><\/p>\n<p><strong>H\u1ec7 \u0111i\u1ec1u h\u00e0nh<\/strong><\/p>\n<p>Tivi s\u1eed d\u1ee5ng h\u1ec7 \u0111i\u1ec1u h\u00e0nh <strong>Tizen\u2122<\/strong> c\u00f3 giao di\u1ec7n th\u00e2n thi\u1ec7n, thao t\u00e1c nhanh ch\u00f3ng, gi\u00fap ng\u01b0\u1eddi d\u00f9ng d\u1ec5 d\u00e0ng l\u00e0m quen v\u00e0 s\u1eed d\u1ee5ng, \u0111\u1ed3ng th\u1eddi \u0111\u1ea3m b\u1ea3o kh\u1ea3 n\u0103ng ph\u1ea3n h\u1ed3i m\u01b0\u1ee3t m\u00e0 khi chuy\u1ec3n \u0111\u1ed5i gi\u1eefa c\u00e1c \u1ee9ng d\u1ee5ng kh\u00e1c nhau.<\/p>\n<p>Kho \u1ee9ng d\u1ee5ng phong ph\u00fa t\u00edch h\u1ee3p s\u1eb5n: <strong>YouTube, Netflix, FPT Play, TV360, VieON,\u2026<\/strong> \u0111\u00e1p \u1ee9ng nhu c\u1ea7u gi\u1ea3i tr\u00ed \u0111a d\u1ea1ng t\u1eeb xem phim, truy\u1ec1n h\u00ecnh, th\u1ec3 thao \u0111\u1ebfn c\u00e1c n\u1ed9i dung h\u1ecdc t\u1eadp, ph\u00f9 h\u1ee3p cho m\u1ecdi th\u00e0nh vi\u00ean trong gia \u0111\u00ecnh.<\/p>\n<p><img loading=\"lazy\" decoding=\"async\" class=\"alignnone wp-image-5378\" src=\"https:\/\/tivi-samsung.com\/wp-content\/uploads\/2025\/09\/19f38d017fca2b80e808ed54009e0b51-300x168.jpg\" alt=\"\" width=\"1396\" height=\"782\" srcset=\"https:\/\/tivi-samsung.com\/wp-content\/uploads\/2025\/09\/19f38d017fca2b80e808ed54009e0b51-300x168.jpg 300w, https:\/\/tivi-samsung.com\/wp-content\/uploads\/2025\/09\/19f38d017fca2b80e808ed54009e0b51-768x429.jpg 768w, https:\/\/tivi-samsung.com\/wp-content\/uploads\/2025\/09\/19f38d017fca2b80e808ed54009e0b51-450x251.jpg 450w, https:\/\/tivi-samsung.com\/wp-content\/uploads\/2025\/09\/19f38d017fca2b80e808ed54009e0b51-600x335.jpg 600w, https:\/\/tivi-samsung.com\/wp-content\/uploads\/2025\/09\/19f38d017fca2b80e808ed54009e0b51-150x84.jpg 150w, https:\/\/tivi-samsung.com\/wp-content\/uploads\/2025\/09\/19f38d017fca2b80e808ed54009e0b51.jpg 1020w\" sizes=\"(max-width: 1396px) 100vw, 1396px\" \/><\/p>\n<p><strong>Ti\u1ec7n \u00edch<\/strong><\/p>\n<p><strong>SmartThings<\/strong> cho ph\u00e9p k\u1ebft n\u1ed1i v\u00e0 qu\u1ea3n l\u00fd \u0111\u1ed3ng b\u1ed9 c\u00e1c thi\u1ebft b\u1ecb th\u00f4ng minh trong h\u1ec7 sinh th\u00e1i Samsung, gi\u00fap b\u1ea1n d\u1ec5 d\u00e0ng theo d\u00f5i, ki\u1ec3m so\u00e1t v\u00e0 \u0111i\u1ec1u ch\u1ec9nh t\u1eeb xa qua \u0111i\u1ec7n tho\u1ea1i v\u1edbi giao di\u1ec7n tr\u1ef1c quan, ti\u1ec7n l\u1ee3i.<\/p>\n<p><strong>One Remote Control<\/strong> t\u00edch h\u1ee3p pin n\u0103ng l\u01b0\u1ee3ng m\u1eb7t tr\u1eddi, th\u00e2n thi\u1ec7n v\u1edbi m\u00f4i tr\u01b0\u1eddng, thi\u1ebft k\u1ebf t\u1ed1i gi\u1ea3n, d\u1ec5 s\u1eed d\u1ee5ng v\u00e0 h\u1ed7 tr\u1ee3 \u0111i\u1ec1u khi\u1ec3n gi\u1ecdng n\u00f3i Bixby ti\u1ebfng Vi\u1ec7t, mang l\u1ea1i tr\u1ea3i nghi\u1ec7m thao t\u00e1c nhanh ch\u00f3ng v\u00e0 ti\u1ec7n l\u1ee3i h\u01a1n.<\/p>\n<p><strong>AirPlay 2<\/strong> h\u1ed7 tr\u1ee3 k\u1ebft n\u1ed1i kh\u00f4ng d\u00e2y v\u1edbi iPhone, iPad, cho ph\u00e9p tr\u00ecnh chi\u1ebfu n\u1ed9i dung l\u00ean m\u00e0n h\u00ecnh l\u1edbn, \u0111\u00e1p \u1ee9ng nhu c\u1ea7u h\u1ecdc t\u1eadp, l\u00e0m vi\u1ec7c v\u00e0 gi\u1ea3i tr\u00ed c\u1ee7a gia \u0111\u00ecnh.<\/p>\n<p><strong>Multi View<\/strong> chia \u0111\u00f4i m\u00e0n h\u00ecnh, hi\u1ec3n th\u1ecb \u0111\u1ed3ng th\u1eddi hai n\u1ed9i dung kh\u00e1c nhau, gi\u00fap ng\u01b0\u1eddi d\u00f9ng v\u1eeba xem video v\u1eeba theo d\u00f5i \u1ee9ng d\u1ee5ng kh\u00e1c, t\u1ed1i \u01b0u tr\u1ea3i nghi\u1ec7m \u0111a nhi\u1ec7m.<\/p>\n<p><strong>Universal Gestures<\/strong> bi\u1ebfn \u0111\u1ed3ng h\u1ed3 Galaxy Watch th\u00e0nh thi\u1ebft b\u1ecb \u0111i\u1ec1u khi\u1ec3n th\u00f4ng qua c\u1eed ch\u1ec9 tay (h\u1ed7 tr\u1ee3 t\u1eeb phi\u00ean b\u1ea3n Watch 4 tr\u1edf l\u00ean), mang \u0111\u1ebfn c\u00e1ch \u0111i\u1ec1u khi\u1ec3n \u0111\u1ed9c \u0111\u00e1o v\u00e0 ti\u1ec7n l\u1ee3i h\u01a1n so v\u1edbi remote truy\u1ec1n th\u1ed1ng.<\/p>\n<p><img loading=\"lazy\" decoding=\"async\" class=\"alignnone wp-image-5377\" src=\"https:\/\/tivi-samsung.com\/wp-content\/uploads\/2025\/09\/333d6d98d6a1e6e6009404b7c71a0bfc-300x168.jpg\" alt=\"\" width=\"1425\" height=\"798\" srcset=\"https:\/\/tivi-samsung.com\/wp-content\/uploads\/2025\/09\/333d6d98d6a1e6e6009404b7c71a0bfc-300x168.jpg 300w, https:\/\/tivi-samsung.com\/wp-content\/uploads\/2025\/09\/333d6d98d6a1e6e6009404b7c71a0bfc-768x429.jpg 768w, https:\/\/tivi-samsung.com\/wp-content\/uploads\/2025\/09\/333d6d98d6a1e6e6009404b7c71a0bfc-450x251.jpg 450w, https:\/\/tivi-samsung.com\/wp-content\/uploads\/2025\/09\/333d6d98d6a1e6e6009404b7c71a0bfc-600x335.jpg 600w, https:\/\/tivi-samsung.com\/wp-content\/uploads\/2025\/09\/333d6d98d6a1e6e6009404b7c71a0bfc-150x84.jpg 150w, https:\/\/tivi-samsung.com\/wp-content\/uploads\/2025\/09\/333d6d98d6a1e6e6009404b7c71a0bfc.jpg 1020w\" sizes=\"(max-width: 1425px) 100vw, 1425px\" \/><\/p>\n<p><em><strong>Smart Tivi OLED Samsung AI 4K 83 inch QA83S90F<\/strong> l\u00e0 l\u1ef1a ch\u1ecdn ho\u00e0n h\u1ea3o cho kh\u00f4ng gian gi\u1ea3i tr\u00ed hi\u1ec7n \u0111\u1ea1i, v\u1edbi m\u00e0n h\u00ecnh OLED k\u00edch th\u01b0\u1edbc l\u1edbn, c\u00f4ng ngh\u1ec7 h\u00ecnh \u1ea3nh v\u00e0 \u00e2m thanh ti\u00ean ti\u1ebfn, c\u00f9ng nhi\u1ec1u ti\u1ec7n \u00edch th\u00f4ng minh. S\u1ea3n ph\u1ea9m s\u1ebd mang \u0111\u1ebfn tr\u1ea3i nghi\u1ec7m cao c\u1ea5p ngay t\u1ea1i gia<\/em><\/p>\n<p><script src=\"chrome-extension:\/\/fpelahbljekknahkcaegamhcndkfpfnc\/iFrame.js\" type=\"text\/javascript\"><\/script><\/p>\n<p><script src=\"chrome-extension:\/\/fpelahbljekknahkcaegamhcndkfpfnc\/iFrame.js\" type=\"text\/javascript\"><\/script><\/p>\n<p><script src=\"chrome-extension:\/\/fpelahbljekknahkcaegamhcndkfpfnc\/iFrame.js\" type=\"text\/javascript\"><\/script><\/p>\n","protected":false},"excerpt":{"rendered":"<p>&nbsp;<\/p>\n<p><script src=\"chrome-extension:\/\/fpelahbljekknahkcaegamhcndkfpfnc\/iFrame.js\" type=\"text\/javascript\"><\/script><\/p>\n<p><script src=\"chrome-extension:\/\/fpelahbljekknahkcaegamhcndkfpfnc\/iFrame.js\" type=\"text\/javascript\"><\/script><\/p>\n<p><script src=\"chrome-extension:\/\/fpelahbljekknahkcaegamhcndkfpfnc\/iFrame.js\" type=\"text\/javascript\"><\/script><\/p>\n<p><script src=\"chrome-extension:\/\/fpelahbljekknahkcaegamhcndkfpfnc\/iFrame.js\" type=\"text\/javascript\"><\/script><\/p>\n<p><script src=\"chrome-extension:\/\/fpelahbljekknahkcaegamhcndkfpfnc\/iFrame.js\" type=\"text\/javascript\"><\/script><\/p>\n<p><script src=\"chrome-extension:\/\/fpelahbljekknahkcaegamhcndkfpfnc\/iFrame.js\" type=\"text\/javascript\"><\/script><\/p>\n<p><script src=\"chrome-extension:\/\/fpelahbljekknahkcaegamhcndkfpfnc\/iFrame.js\" type=\"text\/javascript\"><\/script><\/p>\n<p><script src=\"chrome-extension:\/\/fpelahbljekknahkcaegamhcndkfpfnc\/iFrame.js\" type=\"text\/javascript\"><\/script><\/p>\n","protected":false},"featured_media":5609,"comment_status":"open","ping_status":"closed","template":"","meta":[],"product_brand":[88],"product_cat":[68,76,140],"product_tag":[],"class_list":{"0":"post-4297","1":"product","2":"type-product","3":"status-publish","4":"has-post-thumbnail","6":"product_brand-samsung","7":"product_cat-smart-tv","8":"product_cat-televisions","9":"product_cat-tv-oled","10":"pa_kich-co-man-hinh-tu-75-85-inch","12":"first","13":"instock","14":"shipping-taxable","15":"purchasable","16":"product-type-simple"},"_links":{"self":[{"href":"https:\/\/tivi-samsung.com\/index.php?rest_route=\/wp\/v2\/product\/4297","targetHints":{"allow":["GET"]}}],"collection":[{"href":"https:\/\/tivi-samsung.com\/index.php?rest_route=\/wp\/v2\/product"}],"about":[{"href":"https:\/\/tivi-samsung.com\/index.php?rest_route=\/wp\/v2\/types\/product"}],"replies":[{"embeddable":true,"href":"https:\/\/tivi-samsung.com\/index.php?rest_route=%2Fwp%2Fv2%2Fcomments&post=4297"}],"version-history":[{"count":10,"href":"https:\/\/tivi-samsung.com\/index.php?rest_route=\/wp\/v2\/product\/4297\/revisions"}],"predecessor-version":[{"id":8429,"href":"https:\/\/tivi-samsung.com\/index.php?rest_route=\/wp\/v2\/product\/4297\/revisions\/8429"}],"wp:featuredmedia":[{"embeddable":true,"href":"https:\/\/tivi-samsung.com\/index.php?rest_route=\/wp\/v2\/media\/5609"}],"wp:attachment":[{"href":"https:\/\/tivi-samsung.com\/index.php?rest_route=%2Fwp%2Fv2%2Fmedia&parent=4297"}],"wp:term":[{"taxonomy":"product_brand","embeddable":true,"href":"https:\/\/tivi-samsung.com\/index.php?rest_route=%2Fwp%2Fv2%2Fproduct_brand&post=4297"},{"taxonomy":"product_cat","embeddable":true,"href":"https:\/\/tivi-samsung.com\/index.php?rest_route=%2Fwp%2Fv2%2Fproduct_cat&post=4297"},{"taxonomy":"product_tag","embeddable":true,"href":"https:\/\/tivi-samsung.com\/index.php?rest_route=%2Fwp%2Fv2%2Fproduct_tag&post=4297"}],"curies":[{"name":"wp","href":"https:\/\/api.w.org\/{rel}","templated":true}]}}