{"id":4294,"date":"2025-09-16T16:49:03","date_gmt":"2025-09-16T16:49:03","guid":{"rendered":"https:\/\/tivi-samsung.com\/?post_type=product&#038;p=4294"},"modified":"2025-10-15T00:00:16","modified_gmt":"2025-10-14T17:00:16","slug":"smart-tivi-oled-samsung-ai-4k-83-inch-qa83s95f","status":"publish","type":"product","link":"https:\/\/tivi-samsung.com\/?product=smart-tivi-oled-samsung-ai-4k-83-inch-qa83s95f","title":{"rendered":"Smart Tivi OLED Samsung AI 4K 83 inch QA83S95F"},"content":{"rendered":"<p><strong>\u0110\u1eb7c \u0111i\u1ec3m n\u1ed5i b\u1eadt<\/strong><\/p>\n<p><a href=\"https:\/\/tokoo.vn\/danh-muc\/samsung-tvs\/\" target=\"_blank\" rel=\"noopener\"><strong>Smart Tivi OLED Samsung AI 4K 83 inch QA83S95F<\/strong><\/a><\/p>\n<ul>\n<li><strong>M\u00e0n h\u00ecnh 83 inch<\/strong>\u00a0v\u1edbi thi\u1ebft k\u1ebf vi\u1ec1n si\u00eau m\u1ecfng, b\u1ec1 m\u1eb7t ph\u1eb3ng, mang \u0111\u1ebfn tr\u1ea3i nghi\u1ec7m h\u00ecnh \u1ea3nh tr\u00e0n vi\u1ec1n.<\/li>\n<li><strong>C\u00f4ng ngh\u1ec7 OLED<\/strong>\u00a0t\u1ef1 ph\u00e1t s\u00e1ng hi\u1ec3n th\u1ecb m\u00e0u \u0111en s\u00e2u, c\u1ea3i thi\u1ec7n \u0111\u1ed9 t\u01b0\u01a1ng ph\u1ea3n tr\u00ean t\u1eebng \u0111i\u1ec3m \u1ea3nh.<\/li>\n<li><strong>Motion Xcelerator 165 Hz<\/strong>\u00a0mang \u0111\u1ebfn chuy\u1ec3n \u0111\u1ed9ng si\u00eau m\u01b0\u1ee3t, ph\u00f9 h\u1ee3p ch\u01a1i game v\u00e0 xem n\u1ed9i dung t\u1ed1c \u0111\u1ed9 cao.<\/li>\n<li><strong>C\u00f4ng ngh\u1ec7 \u00e2m thanh OTS+<\/strong>\u00a0\u0111\u1ecbnh v\u1ecb \u00e2m thanh theo chuy\u1ec3n \u0111\u1ed9ng tr\u00ean m\u00e0n h\u00ecnh, t\u0103ng chi\u1ec1u s\u00e2u khi xem phim.<\/li>\n<li><strong>H\u1ec7 \u0111i\u1ec1u h\u00e0nh Tizen<\/strong>\u00a0giao di\u1ec7n tr\u1ef1c quan, truy c\u1eadp nhanh v\u00e0o nhi\u1ec1u n\u1ec1n t\u1ea3ng gi\u1ea3i tr\u00ed ph\u1ed5 bi\u1ebfn.<\/li>\n<li>Tivi h\u1ed7 tr\u1ee3 \u0111i\u1ec1u khi\u1ec3n b\u1eb1ng gi\u1ecdng n\u00f3i qua\u00a0<strong>Bixby c\u00f3 ti\u1ebfng Vi\u1ec7t<\/strong>, thao t\u00e1c nhanh ch\u00f3ng v\u00e0 ti\u1ec7n l\u1ee3i.<\/li>\n<li><strong>SmartThings<\/strong> gi\u00fap \u0111\u1ed3ng b\u1ed9 v\u00e0 \u0111i\u1ec1u khi\u1ec3n c\u00e1c thi\u1ebft b\u1ecb th\u00f4ng minh trong nh\u00e0 d\u1ec5 d\u00e0ng h\u01a1n.<\/li>\n<\/ul>\n<p>&nbsp;<\/p>\n<p><script src=\"chrome-extension:\/\/fpelahbljekknahkcaegamhcndkfpfnc\/iFrame.js\" type=\"text\/javascript\"><\/script><\/p>\n","protected":false},"excerpt":{"rendered":"<p>&nbsp;<\/p>\n<p><script src=\"chrome-extension:\/\/fpelahbljekknahkcaegamhcndkfpfnc\/iFrame.js\" type=\"text\/javascript\"><\/script><\/p>\n<p><script src=\"chrome-extension:\/\/fpelahbljekknahkcaegamhcndkfpfnc\/iFrame.js\" type=\"text\/javascript\"><\/script><\/p>\n<p><script src=\"chrome-extension:\/\/fpelahbljekknahkcaegamhcndkfpfnc\/iFrame.js\" type=\"text\/javascript\"><\/script><\/p>\n<p><script src=\"chrome-extension:\/\/fpelahbljekknahkcaegamhcndkfpfnc\/iFrame.js\" type=\"text\/javascript\"><\/script><\/p>\n<p><script src=\"chrome-extension:\/\/fpelahbljekknahkcaegamhcndkfpfnc\/iFrame.js\" type=\"text\/javascript\"><\/script><\/p>\n<p><script src=\"chrome-extension:\/\/fpelahbljekknahkcaegamhcndkfpfnc\/iFrame.js\" type=\"text\/javascript\"><\/script><\/p>\n<p><script src=\"chrome-extension:\/\/fpelahbljekknahkcaegamhcndkfpfnc\/iFrame.js\" type=\"text\/javascript\"><\/script><\/p>\n<p><script src=\"chrome-extension:\/\/fpelahbljekknahkcaegamhcndkfpfnc\/iFrame.js\" type=\"text\/javascript\"><\/script><\/p>\n<p><script src=\"chrome-extension:\/\/fpelahbljekknahkcaegamhcndkfpfnc\/iFrame.js\" type=\"text\/javascript\"><\/script><\/p>\n<p><script src=\"chrome-extension:\/\/fpelahbljekknahkcaegamhcndkfpfnc\/iFrame.js\" type=\"text\/javascript\"><\/script><\/p>\n<p><script src=\"chrome-extension:\/\/fpelahbljekknahkcaegamhcndkfpfnc\/iFrame.js\" type=\"text\/javascript\"><\/script><\/p>\n","protected":false},"featured_media":5612,"comment_status":"open","ping_status":"closed","template":"","meta":[],"product_brand":[88],"product_cat":[68,76,140],"product_tag":[],"class_list":{"0":"post-4294","1":"product","2":"type-product","3":"status-publish","4":"has-post-thumbnail","6":"product_brand-samsung","7":"product_cat-smart-tv","8":"product_cat-televisions","9":"product_cat-tv-oled","10":"pa_kich-co-man-hinh-tu-75-85-inch","12":"first","13":"instock","14":"shipping-taxable","15":"purchasable","16":"product-type-simple"},"_links":{"self":[{"href":"https:\/\/tivi-samsung.com\/index.php?rest_route=\/wp\/v2\/product\/4294","targetHints":{"allow":["GET"]}}],"collection":[{"href":"https:\/\/tivi-samsung.com\/index.php?rest_route=\/wp\/v2\/product"}],"about":[{"href":"https:\/\/tivi-samsung.com\/index.php?rest_route=\/wp\/v2\/types\/product"}],"replies":[{"embeddable":true,"href":"https:\/\/tivi-samsung.com\/index.php?rest_route=%2Fwp%2Fv2%2Fcomments&post=4294"}],"version-history":[{"count":13,"href":"https:\/\/tivi-samsung.com\/index.php?rest_route=\/wp\/v2\/product\/4294\/revisions"}],"predecessor-version":[{"id":8430,"href":"https:\/\/tivi-samsung.com\/index.php?rest_route=\/wp\/v2\/product\/4294\/revisions\/8430"}],"wp:featuredmedia":[{"embeddable":true,"href":"https:\/\/tivi-samsung.com\/index.php?rest_route=\/wp\/v2\/media\/5612"}],"wp:attachment":[{"href":"https:\/\/tivi-samsung.com\/index.php?rest_route=%2Fwp%2Fv2%2Fmedia&parent=4294"}],"wp:term":[{"taxonomy":"product_brand","embeddable":true,"href":"https:\/\/tivi-samsung.com\/index.php?rest_route=%2Fwp%2Fv2%2Fproduct_brand&post=4294"},{"taxonomy":"product_cat","embeddable":true,"href":"https:\/\/tivi-samsung.com\/index.php?rest_route=%2Fwp%2Fv2%2Fproduct_cat&post=4294"},{"taxonomy":"product_tag","embeddable":true,"href":"https:\/\/tivi-samsung.com\/index.php?rest_route=%2Fwp%2Fv2%2Fproduct_tag&post=4294"}],"curies":[{"name":"wp","href":"https:\/\/api.w.org\/{rel}","templated":true}]}}