{"id":4291,"date":"2025-09-16T16:46:34","date_gmt":"2025-09-16T16:46:34","guid":{"rendered":"https:\/\/tivi-samsung.com\/?post_type=product&#038;p=4291"},"modified":"2025-10-15T00:01:07","modified_gmt":"2025-10-14T17:01:07","slug":"smart-tivi-neo-qled-samsung-ai-4k-98-inch-qa98qn90f","status":"publish","type":"product","link":"https:\/\/tivi-samsung.com\/?product=smart-tivi-neo-qled-samsung-ai-4k-98-inch-qa98qn90f","title":{"rendered":"Smart Tivi Neo QLED Samsung AI 4K 98 inch QA98QN90F"},"content":{"rendered":"<p><strong>Th\u00f4ng tin s\u1ea3n ph\u1ea9m<\/strong><br \/>\n<a href=\"https:\/\/tokoo.vn\/danh-muc\/samsung-tvs\/\" target=\"_blank\" rel=\"noopener\"><strong>Smart Tivi Neo QLED Samsung AI 4K 98 inch QA98QN90F<\/strong> <\/a>v\u1edbi m\u00e0n h\u00ecnh <strong>Mini LED<\/strong> si\u00eau l\u1edbn, mang \u0111\u1ebfn tr\u1ea3i nghi\u1ec7m r\u1ea1p chi\u1ebfu phim t\u1ea1i gia.<\/p>\n<p><strong>Thi\u1ebft k\u1ebf<\/strong><br \/>\nM\u00e0n h\u00ecnh 98 inch si\u00eau l\u1edbn mang \u0111\u1ebfn tr\u1ea3i nghi\u1ec7m h\u00ecnh \u1ea3nh nh\u01b0 r\u1ea1p chi\u1ebfu t\u1ea1i gia, t\u00e1i hi\u1ec7n n\u1ed9i dung r\u00f5 n\u00e9t v\u00e0 s\u1ed1ng \u0111\u1ed9ng, \u0111\u1eb7c bi\u1ec7t ph\u00f9 h\u1ee3p kh\u00f4ng gian ph\u00f2ng kh\u00e1ch r\u1ed9ng ho\u1eb7c khu gi\u1ea3i tr\u00ed chuy\u00ean bi\u1ec7t.<\/p>\n<p><strong>D\u00f2ng QN90F<\/strong> c\u00f3 thi\u1ebft k\u1ebf <strong>Neo Slim<\/strong> th\u00e2n m\u00e1y m\u1ecfng v\u00e0 \u0111\u01b0\u1eddng n\u00e9t t\u1ed1i gi\u1ea3n, t\u1ea1o n\u00ean v\u1ebb ngo\u00e0i tinh t\u1ebf, sang tr\u1ecdng, d\u1ec5 d\u00e0ng h\u00e0i h\u00f2a trong nhi\u1ec1u phong c\u00e1ch n\u1ed9i th\u1ea5t, \u0111\u1ed3ng th\u1eddi t\u1ed1i \u01b0u tr\u1ea3i nghi\u1ec7m xem v\u1edbi hi\u1ec7u \u1ee9ng h\u00ecnh \u1ea3nh tr\u00e0n vi\u1ec1n.<\/p>\n<p>Ch\u00e2n \u0111\u1ebf g\u1ecdn g\u00e0ng nh\u01b0ng v\u1eefng ch\u1eafc, gi\u1eef tivi \u1ed5n \u0111\u1ecbnh tr\u00ean nhi\u1ec1u b\u1ec1 m\u1eb7t, d\u1ec5 l\u1eafp \u0111\u1eb7t ho\u1eb7c th\u00e1o r\u1eddi khi c\u1ea7n treo t\u01b0\u1eddng, mang l\u1ea1i s\u1ef1 linh ho\u1ea1t trong b\u1ed1 tr\u00ed kh\u00f4ng gian.<\/p>\n<p><img fetchpriority=\"high\" decoding=\"async\" class=\"alignnone wp-image-5403\" src=\"https:\/\/tivi-samsung.com\/wp-content\/uploads\/2025\/09\/6daf15e7b1e6c266e41ed93ffaed9135-300x168.jpg\" alt=\"\" width=\"1423\" height=\"797\" srcset=\"https:\/\/tivi-samsung.com\/wp-content\/uploads\/2025\/09\/6daf15e7b1e6c266e41ed93ffaed9135-300x168.jpg 300w, https:\/\/tivi-samsung.com\/wp-content\/uploads\/2025\/09\/6daf15e7b1e6c266e41ed93ffaed9135-768x429.jpg 768w, https:\/\/tivi-samsung.com\/wp-content\/uploads\/2025\/09\/6daf15e7b1e6c266e41ed93ffaed9135-450x251.jpg 450w, https:\/\/tivi-samsung.com\/wp-content\/uploads\/2025\/09\/6daf15e7b1e6c266e41ed93ffaed9135-600x335.jpg 600w, https:\/\/tivi-samsung.com\/wp-content\/uploads\/2025\/09\/6daf15e7b1e6c266e41ed93ffaed9135-150x84.jpg 150w, https:\/\/tivi-samsung.com\/wp-content\/uploads\/2025\/09\/6daf15e7b1e6c266e41ed93ffaed9135.jpg 1020w\" sizes=\"(max-width: 1423px) 100vw, 1423px\" \/><\/p>\n<p>&nbsp;<\/p>\n<p><strong>C\u00f4ng ngh\u1ec7 h\u00ecnh \u1ea3nh<\/strong><br \/>\n<strong>B\u1ed9 x\u1eed l\u00fd AI NQ4<\/strong> th\u1ebf h\u1ec7 3 ph\u00e2n t\u00edch n\u1ed9i dung theo th\u1eddi gian th\u1ef1c, t\u1ed1i \u01b0u t\u1eebng khung h\u00ecnh v\u00e0 n\u00e2ng c\u1ea5p h\u00ecnh \u1ea3nh l\u00ean g\u1ea7n chu\u1ea9n 4K. Nh\u1edd \u0111\u00f3, ng\u01b0\u1eddi xem tr\u1ea3i nghi\u1ec7m h\u00ecnh \u1ea3nh s\u1eafc n\u00e9t, c\u00e2n b\u1eb1ng m\u00e0u s\u1eafc v\u00e0 chi ti\u1ebft s\u1ed1ng \u0111\u1ed9ng.<\/p>\n<p>M\u00e0n h\u00ecnh ch\u1ed1ng ph\u1ea3n s\u00e1ng <strong>Glare Free<\/strong> gi\u1ea3m thi\u1ec3u t\u1ed1i \u0111a hi\u1ec7n t\u01b0\u1ee3ng ph\u1ea3n chi\u1ebfu t\u1eeb \u00e1nh s\u00e1ng m\u00f4i tr\u01b0\u1eddng, gi\u1eef cho h\u00ecnh \u1ea3nh r\u00f5 n\u00e9t, m\u00e0u s\u1eafc v\u00e0 \u0111\u1ed9 s\u00e1ng \u1ed5n \u0111\u1ecbnh, mang \u0111\u1ebfn tr\u1ea3i nghi\u1ec7m xem tho\u1ea3i m\u00e1i trong nhi\u1ec1u \u0111i\u1ec1u ki\u1ec7n \u00e1nh s\u00e1ng kh\u00e1c nhau.<\/p>\n<p><strong>C\u00f4ng ngh\u1ec7 Real Depth Enhancer Pro<\/strong> t\u0103ng c\u01b0\u1eddng \u0111\u1ed9 s\u00e2u c\u1ee7a h\u00ecnh \u1ea3nh b\u1eb1ng c\u00e1ch nh\u1ea5n m\u1ea1nh chi ti\u1ebft \u1edf v\u00f9ng ti\u1ec1n c\u1ea3nh v\u00e0 h\u1eadu c\u1ea3nh, gi\u00fap khung h\u00ecnh tr\u1edf n\u00ean ch\u00e2n th\u1ef1c v\u00e0 t\u1ef1 nhi\u00ean h\u01a1n khi hi\u1ec3n th\u1ecb tr\u00ean m\u00e0n h\u00ecnh l\u1edbn.<\/p>\n<p><strong>C\u00f4ng ngh\u1ec7 Supersize Picture Enhancer<\/strong> \u1ee9ng d\u1ee5ng AI \u0111\u1ec3 t\u1ed1i \u01b0u chi ti\u1ebft v\u00e0 \u0111\u1ed9 s\u1eafc n\u00e9t tr\u00ean m\u00e0n h\u00ecnh si\u00eau l\u1edbn, gi\u1ea3m nh\u00f2e v\u00e0 gi\u1eef \u0111\u1ed9 r\u00f5 r\u00e0ng, mang \u0111\u1ebfn tr\u1ea3i nghi\u1ec7m xem m\u01b0\u1ee3t m\u00e0, s\u1ed1ng \u0111\u1ed9ng nh\u01b0 r\u1ea1p chi\u1ebfu t\u1ea1i gia.<\/p>\n<p><img decoding=\"async\" class=\"alignnone wp-image-5399\" src=\"https:\/\/tivi-samsung.com\/wp-content\/uploads\/2025\/09\/2-1020x570-7-300x168.jpg\" alt=\"\" width=\"1421\" height=\"796\" srcset=\"https:\/\/tivi-samsung.com\/wp-content\/uploads\/2025\/09\/2-1020x570-7-300x168.jpg 300w, https:\/\/tivi-samsung.com\/wp-content\/uploads\/2025\/09\/2-1020x570-7-768x429.jpg 768w, https:\/\/tivi-samsung.com\/wp-content\/uploads\/2025\/09\/2-1020x570-7-450x251.jpg 450w, https:\/\/tivi-samsung.com\/wp-content\/uploads\/2025\/09\/2-1020x570-7-600x335.jpg 600w, https:\/\/tivi-samsung.com\/wp-content\/uploads\/2025\/09\/2-1020x570-7-150x84.jpg 150w, https:\/\/tivi-samsung.com\/wp-content\/uploads\/2025\/09\/2-1020x570-7.jpg 1020w\" sizes=\"(max-width: 1421px) 100vw, 1421px\" \/><\/p>\n<p><strong>Smart Tivi Neo QLED<\/strong> trang b\u1ecb c\u00f4ng ngh\u1ec7 <strong>Quantum Matrix Technology Plus<\/strong> v\u1edbi h\u1ec7 th\u1ed1ng \u0111\u00e8n <strong>Mini LED<\/strong> si\u00eau nh\u1ecf, cho kh\u1ea3 n\u0103ng ki\u1ec3m so\u00e1t \u00e1nh s\u00e1ng ch\u00ednh x\u00e1c, t\u00e1i t\u1ea1o v\u00f9ng s\u00e1ng t\u1ed1i r\u00f5 r\u00e0ng, n\u00e2ng cao \u0111\u1ed9 t\u01b0\u01a1ng ph\u1ea3n v\u00e0 chi\u1ec1u s\u00e2u cho h\u00ecnh \u1ea3nh.<\/p>\n<p><strong>Color Booster Pro<\/strong> m\u1edf r\u1ed9ng d\u1ea3i m\u00e0u, t\u00e1i t\u1ea1o gam m\u00e0u r\u1ef1c r\u1ee1, t\u01b0\u01a1i s\u00e1ng v\u00e0 ch\u00e2n th\u1ef1c, \u0111\u1ed3ng th\u1eddi v\u1eabn gi\u1eef \u0111\u01b0\u1ee3c s\u1ef1 t\u1ef1 nhi\u00ean. K\u1ebft h\u1ee3p c\u00f9ng<strong> Professional Calibration<\/strong>, tivi c\u00e2n ch\u1ec9nh m\u00e0u s\u1eafc chu\u1ea9n x\u00e1c, \u0111\u00e1p \u1ee9ng c\u1ea3 nhu c\u1ea7u gi\u1ea3i tr\u00ed gia \u0111\u00ecnh l\u1eabn tr\u00ecnh chi\u1ebfu chuy\u00ean nghi\u1ec7p.<\/p>\n<p><strong>C\u00f4ng ngh\u1ec7 Motion Xcelerator 165 Hz<\/strong>, tivi hi\u1ec3n th\u1ecb m\u01b0\u1ee3t m\u00e0 c\u00e1c c\u1ea3nh chuy\u1ec3n \u0111\u1ed9ng nhanh trong phim h\u00e0nh \u0111\u1ed9ng, th\u1ec3 thao hay game t\u1ed1c \u0111\u1ed9 cao, gi\u1ea3m thi\u1ec3u hi\u1ec7n t\u01b0\u1ee3ng nh\u00f2e h\u00ecnh v\u00e0 gi\u1eef tr\u1ecdn v\u1eb9n \u0111\u1ed9 r\u00f5 n\u00e9t.<\/p>\n<p><strong>Super Ultra Wide Game View &amp; Game Bar<\/strong> m\u1edf r\u1ed9ng t\u1ec9 l\u1ec7 khung h\u00ecnh v\u00e0 h\u1ed7 tr\u1ee3 t\u00f9y ch\u1ec9nh th\u00f4ng s\u1ed1 nhanh ch\u00f3ng, trong khi <strong>Game Motion Plus<\/strong> duy tr\u00ec chuy\u1ec3n \u0111\u1ed9ng m\u01b0\u1ee3t m\u00e0, mang \u0111\u1ebfn tr\u1ea3i nghi\u1ec7m ch\u01a1i game s\u1ed1ng \u0111\u1ed9ng v\u00e0 \u1ed5n \u0111\u1ecbnh h\u01a1n.<\/p>\n<p><img decoding=\"async\" class=\"alignnone wp-image-5398\" src=\"https:\/\/tivi-samsung.com\/wp-content\/uploads\/2025\/09\/9ebdaf29ee20eb971c96ac8009340c62-300x168.jpg\" alt=\"\" width=\"1413\" height=\"791\" srcset=\"https:\/\/tivi-samsung.com\/wp-content\/uploads\/2025\/09\/9ebdaf29ee20eb971c96ac8009340c62-300x168.jpg 300w, https:\/\/tivi-samsung.com\/wp-content\/uploads\/2025\/09\/9ebdaf29ee20eb971c96ac8009340c62-768x429.jpg 768w, https:\/\/tivi-samsung.com\/wp-content\/uploads\/2025\/09\/9ebdaf29ee20eb971c96ac8009340c62-450x251.jpg 450w, https:\/\/tivi-samsung.com\/wp-content\/uploads\/2025\/09\/9ebdaf29ee20eb971c96ac8009340c62-600x335.jpg 600w, https:\/\/tivi-samsung.com\/wp-content\/uploads\/2025\/09\/9ebdaf29ee20eb971c96ac8009340c62-150x84.jpg 150w, https:\/\/tivi-samsung.com\/wp-content\/uploads\/2025\/09\/9ebdaf29ee20eb971c96ac8009340c62.jpg 1020w\" sizes=\"(max-width: 1413px) 100vw, 1413px\" \/><\/p>\n<p><strong>C\u00f4ng ngh\u1ec7 \u00e2m thanh<\/strong><br \/>\nH\u1ec7 th\u1ed1ng loa 60W m\u1ea1nh m\u1ebd k\u1ebft h\u1ee3p<strong> Dolby Atmos<\/strong> t\u00e1i hi\u1ec7n \u00e2m thanh v\u00f2m \u0111a chi\u1ec1u, bao ph\u1ee7 to\u00e0n b\u1ed9 kh\u00f4ng gian. Ng\u01b0\u1eddi xem c\u1ea3m nh\u1eadn r\u00f5 r\u00e0ng t\u1eebng chi ti\u1ebft, t\u1eeb \u00e2m n\u1ec1n nh\u1eb9 nh\u00e0ng \u0111\u1ebfn hi\u1ec7u \u1ee9ng m\u1ea1nh m\u1ebd, nh\u01b0 \u0111ang hi\u1ec7n di\u1ec7n trong khung c\u1ea3nh th\u1ef1c.<\/p>\n<p><strong>C\u00f4ng ngh\u1ec7 OTS+<\/strong> cho ph\u00e9p \u00e2m thanh di chuy\u1ec3n \u0111\u1ed3ng b\u1ed9 v\u1edbi h\u00ecnh \u1ea3nh tr\u00ean m\u00e0n h\u00ecnh, t\u1ea1o c\u1ea3m gi\u00e1c \u00e2m thanh \u0111\u1ebfn t\u1eeb \u0111\u00fang v\u1ecb tr\u00ed v\u1eadt th\u1ec3. Nh\u1edd v\u1eady, tr\u1ea3i nghi\u1ec7m nghe nh\u00ecn tr\u1edf n\u00ean ch\u00e2n th\u1ef1c v\u00e0 s\u1ed1ng \u0111\u1ed9ng h\u01a1n.<\/p>\n<p><strong>Q-Symphony Next<\/strong> \u0111\u1ed3ng b\u1ed9 loa tivi v\u00e0 loa thanh Samsung, m\u1edf r\u1ed9ng kh\u00f4ng gian \u00e2m thanh v\u00e0 n\u00e2ng cao s\u1ee9c m\u1ea1nh tr\u00ecnh di\u1ec5n. \u00c2m thanh tr\u1edf n\u00ean gi\u00e0u chi ti\u1ebft, m\u1ea1nh m\u1ebd v\u00e0 c\u00e2n b\u1eb1ng h\u01a1n, mang l\u1ea1i tr\u1ea3i nghi\u1ec7m nghe nh\u00ecn to\u00e0n di\u1ec7n.<\/p>\n<p><strong>Adaptive Sound Pro<\/strong> t\u1ef1 \u0111\u1ed9ng ph\u00e2n t\u00edch n\u1ed9i dung \u0111\u1ec3 c\u00e2n ch\u1ec9nh \u00e2m thanh ph\u00f9 h\u1ee3p, trong khi <strong>Active Voice Amplifier Pro t<\/strong>\u0103ng \u0111\u1ed9 r\u00f5 gi\u1ecdng tho\u1ea1i. \u0110i\u1ec1u n\u00e0y gi\u00fap b\u1ea1n d\u1ec5 d\u00e0ng theo d\u00f5i h\u1ed9i tho\u1ea1i ngay c\u1ea3 trong m\u00f4i tr\u01b0\u1eddng nhi\u1ec1u t\u1ea1p \u00e2m.<\/p>\n<p><img loading=\"lazy\" decoding=\"async\" class=\"alignnone wp-image-5404\" src=\"https:\/\/tivi-samsung.com\/wp-content\/uploads\/2025\/09\/7-1020x570-2-300x168.jpg\" alt=\"\" width=\"1411\" height=\"790\" srcset=\"https:\/\/tivi-samsung.com\/wp-content\/uploads\/2025\/09\/7-1020x570-2-300x168.jpg 300w, https:\/\/tivi-samsung.com\/wp-content\/uploads\/2025\/09\/7-1020x570-2-768x429.jpg 768w, https:\/\/tivi-samsung.com\/wp-content\/uploads\/2025\/09\/7-1020x570-2-450x251.jpg 450w, https:\/\/tivi-samsung.com\/wp-content\/uploads\/2025\/09\/7-1020x570-2-600x335.jpg 600w, https:\/\/tivi-samsung.com\/wp-content\/uploads\/2025\/09\/7-1020x570-2-150x84.jpg 150w, https:\/\/tivi-samsung.com\/wp-content\/uploads\/2025\/09\/7-1020x570-2.jpg 1020w\" sizes=\"(max-width: 1411px) 100vw, 1411px\" \/><\/p>\n<p><strong>H\u1ec7 \u0111i\u1ec1u h\u00e0nh<\/strong><br \/>\n<strong>Tivi Samsung<\/strong> ch\u1ea1y h\u1ec7 \u0111i\u1ec1u h\u00e0nh <strong>Tizen\u2122<\/strong> c\u00f3 giao di\u1ec7n tr\u1ef1c quan v\u00e0 d\u1ec5 s\u1eed d\u1ee5ng, cho ph\u00e9p thao t\u00e1c nhanh ch\u00f3ng. Ng\u01b0\u1eddi d\u00f9ng d\u1ec5 d\u00e0ng kh\u00e1m ph\u00e1 v\u00e0 t\u00f9y ch\u1ec9nh c\u00e1c t\u00ednh n\u0103ng th\u00f4ng minh, t\u1ed1i \u01b0u tr\u1ea3i nghi\u1ec7m gi\u1ea3i tr\u00ed theo s\u1edf th\u00edch c\u00e1 nh\u00e2n.<\/p>\n<p>Kho \u1ee9ng d\u1ee5ng gi\u1ea3i tr\u00ed phong ph\u00fa t\u00edch h\u1ee3p s\u1eb5n, h\u1ed7 tr\u1ee3 t\u1eeb d\u1ecbch v\u1ee5 xem phim tr\u1ef1c tuy\u1ebfn, video \u0111\u1ebfn truy\u1ec1n h\u00ecnh trong n\u01b0\u1edbc. B\u1ea1n c\u00f3 th\u1ec3 truy c\u1eadp \u0111a d\u1ea1ng n\u1ed9i dung gi\u1ea3i tr\u00ed ngay tr\u00ean m\u00e0n h\u00ecnh l\u1edbn.<\/p>\n<p><img loading=\"lazy\" decoding=\"async\" class=\"alignnone wp-image-5395\" src=\"https:\/\/tivi-samsung.com\/wp-content\/uploads\/2025\/09\/smart-tivi-neo-qled-samsung-ai-4k-75-inch-qa75qn90f-150925-031435-080-300x168.jpg\" alt=\"\" width=\"1407\" height=\"788\" srcset=\"https:\/\/tivi-samsung.com\/wp-content\/uploads\/2025\/09\/smart-tivi-neo-qled-samsung-ai-4k-75-inch-qa75qn90f-150925-031435-080-300x168.jpg 300w, https:\/\/tivi-samsung.com\/wp-content\/uploads\/2025\/09\/smart-tivi-neo-qled-samsung-ai-4k-75-inch-qa75qn90f-150925-031435-080-768x429.jpg 768w, https:\/\/tivi-samsung.com\/wp-content\/uploads\/2025\/09\/smart-tivi-neo-qled-samsung-ai-4k-75-inch-qa75qn90f-150925-031435-080-450x251.jpg 450w, https:\/\/tivi-samsung.com\/wp-content\/uploads\/2025\/09\/smart-tivi-neo-qled-samsung-ai-4k-75-inch-qa75qn90f-150925-031435-080-600x335.jpg 600w, https:\/\/tivi-samsung.com\/wp-content\/uploads\/2025\/09\/smart-tivi-neo-qled-samsung-ai-4k-75-inch-qa75qn90f-150925-031435-080-150x84.jpg 150w, https:\/\/tivi-samsung.com\/wp-content\/uploads\/2025\/09\/smart-tivi-neo-qled-samsung-ai-4k-75-inch-qa75qn90f-150925-031435-080.jpg 1020w\" sizes=\"(max-width: 1407px) 100vw, 1407px\" \/><\/p>\n<p><strong>Ti\u1ec7n \u00edch<\/strong><br \/>\n<strong>\u1ee8ng d\u1ee5ng SmartThings<\/strong> cho ph\u00e9p ng\u01b0\u1eddi d\u00f9ng d\u1ec5 d\u00e0ng qu\u1ea3n l\u00fd, k\u1ebft n\u1ed1i v\u00e0 \u0111i\u1ec1u khi\u1ec3n c\u00e1c thi\u1ebft b\u1ecb trong h\u1ec7 sinh th\u00e1i Samsung, bi\u1ebfn<strong> QA98QN90F<\/strong> th\u00e0nh trung t\u00e2m \u0111i\u1ec1u khi\u1ec3n ti\u1ec7n l\u1ee3i cho ng\u00f4i nh\u00e0 hi\u1ec7n \u0111\u1ea1i.<\/p>\n<p><strong>T\u00ednh n\u0103ng Multi View<\/strong> h\u1ed7 tr\u1ee3 chia m\u00e0n h\u00ecnh th\u00e0nh 2 c\u1eeda s\u1ed5 hi\u1ec3n th\u1ecb, gi\u00fap b\u1ea1n v\u1eeba xem b\u00f3ng \u0111\u00e1, phim \u1ea3nh, hay theo d\u00f5i n\u1ed9i dung kh\u00e1c c\u00f9ng l\u00fac m\u00e0 kh\u00f4ng b\u1ecb gi\u00e1n \u0111o\u1ea1n tr\u1ea3i nghi\u1ec7m gi\u1ea3i tr\u00ed.<\/p>\n<p><img loading=\"lazy\" decoding=\"async\" class=\"alignnone wp-image-5401\" src=\"https:\/\/tivi-samsung.com\/wp-content\/uploads\/2025\/09\/8-1020x570-2-300x168.jpg\" alt=\"\" width=\"1405\" height=\"787\" srcset=\"https:\/\/tivi-samsung.com\/wp-content\/uploads\/2025\/09\/8-1020x570-2-300x168.jpg 300w, https:\/\/tivi-samsung.com\/wp-content\/uploads\/2025\/09\/8-1020x570-2-768x429.jpg 768w, https:\/\/tivi-samsung.com\/wp-content\/uploads\/2025\/09\/8-1020x570-2-450x251.jpg 450w, https:\/\/tivi-samsung.com\/wp-content\/uploads\/2025\/09\/8-1020x570-2-600x335.jpg 600w, https:\/\/tivi-samsung.com\/wp-content\/uploads\/2025\/09\/8-1020x570-2-150x84.jpg 150w, https:\/\/tivi-samsung.com\/wp-content\/uploads\/2025\/09\/8-1020x570-2.jpg 1020w\" sizes=\"(max-width: 1405px) 100vw, 1405px\" \/><\/p>\n<p><strong>Art Store<\/strong> bi\u1ebfn m\u00e0n h\u00ecnh tivi th\u00e0nh khung tranh ngh\u1ec7 thu\u1eadt v\u1edbi nhi\u1ec1u l\u1ef1a ch\u1ecdn n\u1ed9i dung k\u1ef9 thu\u1eadt s\u1ed1, v\u1eeba n\u00e2ng t\u1ea7m th\u1ea9m m\u1ef9 cho kh\u00f4ng gian s\u1ed1ng, v\u1eeba t\u1ea1o \u0111i\u1ec3m nh\u1ea5n trang tr\u00ed \u0111\u1ed9c \u0111\u00e1o.<\/p>\n<p><strong>Universal Gestures<\/strong> h\u1ed7 tr\u1ee3 thao t\u00e1c \u0111i\u1ec1u khi\u1ec3n tivi b\u1eb1ng \u0111\u1ed3ng h\u1ed3 h\u1ed7 tr\u1ee3 t\u1eeb <strong>Galaxy Watch 4<\/strong> tr\u1edf l\u00ean, mang \u0111\u1ebfn tr\u1ea3i nghi\u1ec7m s\u1eed d\u1ee5ng linh ho\u1ea1t, hi\u1ec7n \u0111\u1ea1i v\u00e0 thu\u1eadn ti\u1ec7n h\u01a1n trong vi\u1ec7c \u0111i\u1ec1u khi\u1ec3n.<\/p>\n<p><strong>AirPlay 2<\/strong> gi\u00fap chia s\u1ebb nhanh ch\u00f3ng h\u00ecnh \u1ea3nh, video t\u1eeb iPhone ho\u1eb7c iPad l\u00ean m\u00e0n h\u00ecnh, mang l\u1ea1i s\u1ef1 thu\u1eadn ti\u1ec7n cho ng\u01b0\u1eddi d\u00f9ng thi\u1ebft b\u1ecb Apple khi th\u01b0\u1edfng th\u1ee9c n\u1ed9i dung tr\u00ean kh\u00f4ng gian l\u1edbn.<\/p>\n<p><strong>One Remote<\/strong> th\u00f4ng minh \u0111i k\u00e8m s\u1eed d\u1ee5ng pin n\u0103ng l\u01b0\u1ee3ng m\u1eb7t tr\u1eddi, c\u00f3 kh\u1ea3 n\u0103ng s\u1ea1c b\u1eb1ng \u00e1nh s\u00e1ng, mang l\u1ea1i s\u1ef1 ti\u1ec7n l\u1ee3i khi d\u00f9ng l\u00e2u d\u00e0i \u0111\u1ed3ng th\u1eddi g\u00f3p ph\u1ea7n b\u1ea3o v\u1ec7 m\u00f4i tr\u01b0\u1eddng.<\/p>\n<p><img loading=\"lazy\" decoding=\"async\" class=\"alignnone wp-image-5402\" src=\"https:\/\/tivi-samsung.com\/wp-content\/uploads\/2025\/09\/795a2cd3a92f86ceed0727ddc343534a-300x168.jpg\" alt=\"\" width=\"1405\" height=\"787\" srcset=\"https:\/\/tivi-samsung.com\/wp-content\/uploads\/2025\/09\/795a2cd3a92f86ceed0727ddc343534a-300x168.jpg 300w, https:\/\/tivi-samsung.com\/wp-content\/uploads\/2025\/09\/795a2cd3a92f86ceed0727ddc343534a-768x429.jpg 768w, https:\/\/tivi-samsung.com\/wp-content\/uploads\/2025\/09\/795a2cd3a92f86ceed0727ddc343534a-450x251.jpg 450w, https:\/\/tivi-samsung.com\/wp-content\/uploads\/2025\/09\/795a2cd3a92f86ceed0727ddc343534a-600x335.jpg 600w, https:\/\/tivi-samsung.com\/wp-content\/uploads\/2025\/09\/795a2cd3a92f86ceed0727ddc343534a-150x84.jpg 150w, https:\/\/tivi-samsung.com\/wp-content\/uploads\/2025\/09\/795a2cd3a92f86ceed0727ddc343534a.jpg 1020w\" sizes=\"(max-width: 1405px) 100vw, 1405px\" \/><\/p>\n<p>&nbsp;<\/p>\n<p><em><strong>Smart Tivi Neo QLED Samsung AI 4K 98 inch QA98QN90F<\/strong> mang \u0111\u1ebfn tr\u1ea3i nghi\u1ec7m gi\u1ea3i tr\u00ed cao c\u1ea5p nh\u1edd m\u00e0n h\u00ecnh si\u00eau l\u1edbn, c\u00f4ng ngh\u1ec7 Mini LED hi\u1ec7n \u0111\u1ea1i v\u00e0 b\u1ed9 x\u1eed l\u00fd AI m\u1ea1nh m\u1ebd. H\u00ecnh \u1ea3nh r\u00f5 n\u00e9t, \u00e2m thanh \u0111a chi\u1ec1u c\u00f9ng lo\u1ea1t ti\u1ec7n \u00edch th\u00f4ng minh \u0111\u00e1p \u1ee9ng nhu c\u1ea7u xem phim, th\u1ec3 thao, ch\u01a1i game t\u1ea1i gia.<\/em><\/p>\n<p><script src=\"chrome-extension:\/\/fpelahbljekknahkcaegamhcndkfpfnc\/iFrame.js\" type=\"text\/javascript\"><\/script><\/p>\n<p><script src=\"chrome-extension:\/\/fpelahbljekknahkcaegamhcndkfpfnc\/iFrame.js\" type=\"text\/javascript\"><\/script><\/p>\n<p><script src=\"chrome-extension:\/\/fpelahbljekknahkcaegamhcndkfpfnc\/iFrame.js\" type=\"text\/javascript\"><\/script><\/p>\n","protected":false},"excerpt":{"rendered":"<p>&nbsp;<\/p>\n<p><script src=\"chrome-extension:\/\/fpelahbljekknahkcaegamhcndkfpfnc\/iFrame.js\" type=\"text\/javascript\"><\/script><\/p>\n<p><script src=\"chrome-extension:\/\/fpelahbljekknahkcaegamhcndkfpfnc\/iFrame.js\" type=\"text\/javascript\"><\/script><\/p>\n<p><script src=\"chrome-extension:\/\/fpelahbljekknahkcaegamhcndkfpfnc\/iFrame.js\" type=\"text\/javascript\"><\/script><\/p>\n<p><script src=\"chrome-extension:\/\/fpelahbljekknahkcaegamhcndkfpfnc\/iFrame.js\" type=\"text\/javascript\"><\/script><\/p>\n<p><script src=\"chrome-extension:\/\/fpelahbljekknahkcaegamhcndkfpfnc\/iFrame.js\" type=\"text\/javascript\"><\/script><\/p>\n<p><script src=\"chrome-extension:\/\/fpelahbljekknahkcaegamhcndkfpfnc\/iFrame.js\" type=\"text\/javascript\"><\/script><\/p>\n<p><script src=\"chrome-extension:\/\/fpelahbljekknahkcaegamhcndkfpfnc\/iFrame.js\" type=\"text\/javascript\"><\/script><\/p>\n","protected":false},"featured_media":6479,"comment_status":"open","ping_status":"closed","template":"","meta":[],"product_brand":[88],"product_cat":[68,76,139],"product_tag":[],"class_list":{"0":"post-4291","1":"product","2":"type-product","3":"status-publish","4":"has-post-thumbnail","6":"product_brand-samsung","7":"product_cat-smart-tv","8":"product_cat-televisions","9":"product_cat-tv-neo-qled","10":"pa_kich-co-man-hinh-tren-85-inch","12":"first","13":"instock","14":"shipping-taxable","15":"purchasable","16":"product-type-simple"},"_links":{"self":[{"href":"https:\/\/tivi-samsung.com\/index.php?rest_route=\/wp\/v2\/product\/4291","targetHints":{"allow":["GET"]}}],"collection":[{"href":"https:\/\/tivi-samsung.com\/index.php?rest_route=\/wp\/v2\/product"}],"about":[{"href":"https:\/\/tivi-samsung.com\/index.php?rest_route=\/wp\/v2\/types\/product"}],"replies":[{"embeddable":true,"href":"https:\/\/tivi-samsung.com\/index.php?rest_route=%2Fwp%2Fv2%2Fcomments&post=4291"}],"version-history":[{"count":9,"href":"https:\/\/tivi-samsung.com\/index.php?rest_route=\/wp\/v2\/product\/4291\/revisions"}],"predecessor-version":[{"id":8431,"href":"https:\/\/tivi-samsung.com\/index.php?rest_route=\/wp\/v2\/product\/4291\/revisions\/8431"}],"wp:featuredmedia":[{"embeddable":true,"href":"https:\/\/tivi-samsung.com\/index.php?rest_route=\/wp\/v2\/media\/6479"}],"wp:attachment":[{"href":"https:\/\/tivi-samsung.com\/index.php?rest_route=%2Fwp%2Fv2%2Fmedia&parent=4291"}],"wp:term":[{"taxonomy":"product_brand","embeddable":true,"href":"https:\/\/tivi-samsung.com\/index.php?rest_route=%2Fwp%2Fv2%2Fproduct_brand&post=4291"},{"taxonomy":"product_cat","embeddable":true,"href":"https:\/\/tivi-samsung.com\/index.php?rest_route=%2Fwp%2Fv2%2Fproduct_cat&post=4291"},{"taxonomy":"product_tag","embeddable":true,"href":"https:\/\/tivi-samsung.com\/index.php?rest_route=%2Fwp%2Fv2%2Fproduct_tag&post=4291"}],"curies":[{"name":"wp","href":"https:\/\/api.w.org\/{rel}","templated":true}]}}