{"id":4288,"date":"2025-09-16T16:44:14","date_gmt":"2025-09-16T16:44:14","guid":{"rendered":"https:\/\/tivi-samsung.com\/?post_type=product&#038;p=4288"},"modified":"2025-10-15T00:01:51","modified_gmt":"2025-10-14T17:01:51","slug":"smart-tivi-qled-samsung-ai-4k-98-inch-qa98q80c","status":"publish","type":"product","link":"https:\/\/tivi-samsung.com\/?product=smart-tivi-qled-samsung-ai-4k-98-inch-qa98q80c","title":{"rendered":"Smart Tivi QLED Samsung AI 4K 98 inch\u00a0 QA98Q80C"},"content":{"rendered":"<p><strong>Th\u00f4ng tin s\u1ea3n ph\u1ea9m<\/strong><\/p>\n<p><a href=\"https:\/\/tokoo.vn\/danh-muc\/samsung-tvs\/\" target=\"_blank\" rel=\"noopener\"><strong>Smart Tivi QLED 4K 98 inch Samsung QA98Q80C<\/strong><\/a> cho b\u1ea1n th\u01b0\u1edfng th\u1ee9c c\u00e1c b\u1ed9 phim h\u00e0nh \u0111\u1ed9ng m\u00e3n nh\u00e3n v\u1edbi m\u00e0n h\u00ecnh l\u1edbn 98 inch, t\u00e1i hi\u1ec7n n\u1ed9i dung 4K s\u1eafc n\u00e9t nh\u1edd b\u1ed9 x\u1eed l\u00fd <strong>Neural Quantum 4K AI 20 n\u01a1-ron<\/strong>, mang \u0111\u1ebfn m\u00e0u \u0111en s\u00e2u th\u1eb3m, m\u00e0u tr\u1eafng t\u01b0\u01a1i s\u00e1ng nh\u1edd c\u00f4ng ngh\u1ec7 <strong>Direct Full Array 8X,<\/strong> c\u1ea3nh chuy\u1ec3n \u0111\u1ed9ng m\u01b0\u1ee3t m\u00e0 v\u1edbi t\u1ea7n s\u1ed1 qu\u00e9t 120 Hz, c\u00f4ng ngh\u1ec7 <strong>Motion Xcelerator Turbo+<\/strong>, tr\u1ea3i nghi\u1ec7m game tuy\u1ec7t v\u1eddi v\u1edbi \u00e2m thanh \u0111a chi\u1ec1u c\u00f9ng c\u00f4ng ngh\u1ec7 <strong>Dolby Atmos.<\/strong><\/p>\n<p><strong>T\u1ed5ng quan thi\u1ebft k\u1ebf<\/strong><\/p>\n<p>&#8211;<strong> Samsung QA98Q80C<\/strong> c\u00f3 thi\u1ebft k\u1ebf \u0111\u01a1n gi\u1ea3n, \u0111\u01b0\u1eddng n\u00e9t ho\u00e0n thi\u1ec7n, c\u1ea1nh vi\u1ec1n l\u00e0m t\u1eeb ch\u1ea5t li\u1ec7u kim lo\u1ea1i bao b\u1ecdc ch\u1eafc ch\u1eafn c\u00e1c c\u1ea1nh m\u00e0n h\u00ecnh v\u00e0 g\u00f3p ph\u1ea7n gi\u00fap l\u00e0m t\u0103ng \u0111\u1ed9 b\u1ec1n cho tivi.<\/p>\n<p>&#8211; K\u00edch th\u01b0\u1edbc m\u00e0n h\u00ecnh tivi 98 inch gi\u00fap l\u1ea5p \u0111\u1ea7y b\u1ee9c t\u01b0\u1eddng tr\u1ed1ng tr\u1ea3i c\u00f3 di\u1ec7n t\u00edch l\u1edbn trong kh\u00f4ng gian ph\u00f2ng kh\u00e1ch, ph\u00f2ng ng\u1ee7, h\u00e0nh lang r\u1ed9ng c\u1ee7a b\u1ea1n.<\/p>\n<p>&#8211; <strong>Tivi Samsung c<\/strong>\u00f3 ch\u00e2n \u0111\u1ebf b\u1ea3n to ki\u1ec3u ch\u1eef T \u0111\u1eb7t \u1edf gi\u1eefa m\u00e0n h\u00ecnh, \u0111\u01b0\u1ee3c ch\u1ebf t\u00e1c c\u1ee9ng c\u00e1p, gi\u00fap n\u00e2ng \u0111\u1ee1 tivi th\u0103ng b\u1eb1ng khi tr\u01b0ng b\u00e0y ki\u1ec3u \u0111\u1ec3 b\u00e0n.<\/p>\n<p><img fetchpriority=\"high\" decoding=\"async\" class=\"alignnone wp-image-6492\" src=\"https:\/\/tivi-samsung.com\/wp-content\/uploads\/2025\/09\/smart-tivi-qled-4k-75-inch-samsung-qa75q80c-190323-102100-300x168.jpg\" alt=\"\" width=\"1009\" height=\"565\" srcset=\"https:\/\/tivi-samsung.com\/wp-content\/uploads\/2025\/09\/smart-tivi-qled-4k-75-inch-samsung-qa75q80c-190323-102100-300x168.jpg 300w, https:\/\/tivi-samsung.com\/wp-content\/uploads\/2025\/09\/smart-tivi-qled-4k-75-inch-samsung-qa75q80c-190323-102100-768x429.jpg 768w, https:\/\/tivi-samsung.com\/wp-content\/uploads\/2025\/09\/smart-tivi-qled-4k-75-inch-samsung-qa75q80c-190323-102100-450x251.jpg 450w, https:\/\/tivi-samsung.com\/wp-content\/uploads\/2025\/09\/smart-tivi-qled-4k-75-inch-samsung-qa75q80c-190323-102100-600x335.jpg 600w, https:\/\/tivi-samsung.com\/wp-content\/uploads\/2025\/09\/smart-tivi-qled-4k-75-inch-samsung-qa75q80c-190323-102100-150x84.jpg 150w, https:\/\/tivi-samsung.com\/wp-content\/uploads\/2025\/09\/smart-tivi-qled-4k-75-inch-samsung-qa75q80c-190323-102100.jpg 1020w\" sizes=\"(max-width: 1009px) 100vw, 1009px\" \/><\/p>\n<p><strong>C\u00f4ng ngh\u1ec7 h\u00ecnh \u1ea3nh<\/strong><\/p>\n<p>&#8211; V\u1edbi 8 tri\u1ec7u \u0111i\u1ec3m \u1ea3nh, m\u00e0n h\u00ecnh t\u00e1i t\u1ea1o n\u1ed9i dung 4K chi ti\u1ebft, r\u00f5 n\u00e9t.<\/p>\n<p>&#8211; <strong>B\u1ed9 x\u1eed l\u00fd Neural Quantum 4K AI<\/strong> v\u1edbi h\u1ec7 th\u1ed1ng 20 n\u01a1-ron \u0111i\u1ec1u ch\u1ec9nh h\u00ecnh \u1ea3nh, \u00e2m thanh v\u00e0 nhi\u1ec1u y\u1ebfu t\u1ed1 kh\u00e1c m\u1ed9t c\u00e1ch th\u00f4ng minh, n\u00e2ng cao ch\u1ea5t l\u01b0\u1ee3ng khung h\u00ecnh b\u1eb1ng tr\u00ed tu\u1ec7 nh\u00e2n t\u1ea1o \u0111\u1ec3 b\u1ea1n \u0111\u01b0\u1ee3c chi\u00eam ng\u01b0\u1ee1ng khung h\u00ecnh tuy\u1ec7t h\u1ea3o.<\/p>\n<p><img decoding=\"async\" class=\"alignnone wp-image-5249\" src=\"https:\/\/tivi-samsung.com\/wp-content\/uploads\/2025\/09\/smart-tivi-neo-qled-4k-55-inch-samsung-qa55qn85c-190323-030351-300x168.jpg\" alt=\"\" width=\"1446\" height=\"810\" srcset=\"https:\/\/tivi-samsung.com\/wp-content\/uploads\/2025\/09\/smart-tivi-neo-qled-4k-55-inch-samsung-qa55qn85c-190323-030351-300x168.jpg 300w, https:\/\/tivi-samsung.com\/wp-content\/uploads\/2025\/09\/smart-tivi-neo-qled-4k-55-inch-samsung-qa55qn85c-190323-030351-768x429.jpg 768w, https:\/\/tivi-samsung.com\/wp-content\/uploads\/2025\/09\/smart-tivi-neo-qled-4k-55-inch-samsung-qa55qn85c-190323-030351-450x251.jpg 450w, https:\/\/tivi-samsung.com\/wp-content\/uploads\/2025\/09\/smart-tivi-neo-qled-4k-55-inch-samsung-qa55qn85c-190323-030351-600x335.jpg 600w, https:\/\/tivi-samsung.com\/wp-content\/uploads\/2025\/09\/smart-tivi-neo-qled-4k-55-inch-samsung-qa55qn85c-190323-030351-150x84.jpg 150w, https:\/\/tivi-samsung.com\/wp-content\/uploads\/2025\/09\/smart-tivi-neo-qled-4k-55-inch-samsung-qa55qn85c-190323-030351.jpg 1020w\" sizes=\"(max-width: 1446px) 100vw, 1446px\" \/><\/p>\n<p>&#8211; <strong>Direct Full Array 8X<\/strong>, c\u00f4ng ngh\u1ec7 tinh ch\u1ec9nh c\u00e1c v\u00f9ng \u0111\u00e8n LED n\u1ec1n t\u1eadp trung ch\u00ednh x\u00e1c, t\u00e1i t\u1ea1o s\u1eafc \u0111en s\u00e2u h\u01a1n, s\u1eafc tr\u1eafng thu\u1ea7n khi\u1ebft, cho b\u1ea1n \u0111\u01b0\u1ee3c t\u1eadn h\u01b0\u1edfng h\u00ecnh \u1ea3nh s\u00e1ng r\u00f5, chi ti\u1ebft \u1ea5n t\u01b0\u1ee3ng.<\/p>\n<p>&#8211; <strong>C\u00f4ng ngh\u1ec7 Real Depth Enhancer<\/strong> t\u0103ng \u0111\u1ed9 t\u01b0\u01a1ng ph\u1ea3n, \u0111\u1ed9 chi ti\u1ebft cho ch\u1ee7 th\u1ec3 gi\u00fap mang \u0111\u1ebfn h\u00ecnh \u1ea3nh c\u00f3 chi\u1ec1u s\u00e2u ch\u00e2n th\u1ef1c nh\u01b0 m\u1eaft th\u01b0\u1eddng tr\u1ef1c ti\u1ebfp nh\u00ecn th\u1ea5y.<\/p>\n<p>&#8211; M\u00e0u s\u1eafc tivi <strong>Samsung<\/strong> \u0111\u1ea1t ti\u00eau chu\u1ea9n ch\u1ee9ng nh\u1eadn <strong>PANTONE<\/strong>, c\u00f4ng ngh\u1ec7 Quantum Dot t\u00e1i hi\u1ec7n 100% d\u1ea3i m\u00e0u s\u1eafc cho c\u00e1c th\u01b0\u1edbc phim m\u00e0u s\u1eafc s\u1ed1ng \u0111\u1ed9ng t\u1ef1 nhi\u00ean.<\/p>\n<p><img decoding=\"async\" class=\"alignnone wp-image-5205\" src=\"https:\/\/tivi-samsung.com\/wp-content\/uploads\/2025\/09\/smart-qled-4k-55-inch-samsung-qa55q80b-310322-051357-300x168.jpg\" alt=\"\" width=\"1445\" height=\"809\" srcset=\"https:\/\/tivi-samsung.com\/wp-content\/uploads\/2025\/09\/smart-qled-4k-55-inch-samsung-qa55q80b-310322-051357-300x168.jpg 300w, https:\/\/tivi-samsung.com\/wp-content\/uploads\/2025\/09\/smart-qled-4k-55-inch-samsung-qa55q80b-310322-051357-768x429.jpg 768w, https:\/\/tivi-samsung.com\/wp-content\/uploads\/2025\/09\/smart-qled-4k-55-inch-samsung-qa55q80b-310322-051357-450x251.jpg 450w, https:\/\/tivi-samsung.com\/wp-content\/uploads\/2025\/09\/smart-qled-4k-55-inch-samsung-qa55q80b-310322-051357-600x335.jpg 600w, https:\/\/tivi-samsung.com\/wp-content\/uploads\/2025\/09\/smart-qled-4k-55-inch-samsung-qa55q80b-310322-051357-150x84.jpg 150w, https:\/\/tivi-samsung.com\/wp-content\/uploads\/2025\/09\/smart-qled-4k-55-inch-samsung-qa55q80b-310322-051357.jpg 1020w\" sizes=\"(max-width: 1445px) 100vw, 1445px\" \/><\/p>\n<p>&#8211; <strong>C\u00f4ng ngh\u1ec7 Motion Xcelerator Turbo+<\/strong> gi\u00fap b\u1ea1n d\u1eabn \u0111\u1ea7u cu\u1ed9c chi\u1ebfn v\u1edbi t\u1ed1c \u0111\u1ed9 nhanh kh\u00f4ng ng\u1edd v\u1edbi c\u00e1c ph\u00e2n c\u1ea3nh chuy\u1ec3n \u0111\u1ed9ng m\u01b0\u1ee3t m\u00e0 c\u00f9ng t\u1ea7n s\u1ed1 qu\u00e9t l\u00ean \u0111\u1ebfn <strong>120 Hz<\/strong>. C\u00f4ng ngh\u1ec7 <strong>FreeSync Premium Pro<\/strong> gi\u1ea3m thi\u1ec3u gi\u1eadt, x\u00e9 h\u00ecnh, cho b\u1ea1n ch\u01a1i game cu\u1ed3ng nhi\u1ec7t v\u1edbi h\u00ecnh \u1ea3nh HDR ch\u00e2n th\u1ef1c v\u00e0 \u0111\u1ed9 tr\u1ec5 th\u1ea5p.<\/p>\n<p><img loading=\"lazy\" decoding=\"async\" class=\"alignnone wp-image-5254\" src=\"https:\/\/tivi-samsung.com\/wp-content\/uploads\/2025\/09\/smart-tivi-neo-qled-4k-75-inch-samsung-qa75qn85c-210323-025802-1-300x168.jpg\" alt=\"\" width=\"1443\" height=\"808\" srcset=\"https:\/\/tivi-samsung.com\/wp-content\/uploads\/2025\/09\/smart-tivi-neo-qled-4k-75-inch-samsung-qa75qn85c-210323-025802-1-300x168.jpg 300w, https:\/\/tivi-samsung.com\/wp-content\/uploads\/2025\/09\/smart-tivi-neo-qled-4k-75-inch-samsung-qa75qn85c-210323-025802-1-768x429.jpg 768w, https:\/\/tivi-samsung.com\/wp-content\/uploads\/2025\/09\/smart-tivi-neo-qled-4k-75-inch-samsung-qa75qn85c-210323-025802-1-450x251.jpg 450w, https:\/\/tivi-samsung.com\/wp-content\/uploads\/2025\/09\/smart-tivi-neo-qled-4k-75-inch-samsung-qa75qn85c-210323-025802-1-600x335.jpg 600w, https:\/\/tivi-samsung.com\/wp-content\/uploads\/2025\/09\/smart-tivi-neo-qled-4k-75-inch-samsung-qa75qn85c-210323-025802-1-150x84.jpg 150w, https:\/\/tivi-samsung.com\/wp-content\/uploads\/2025\/09\/smart-tivi-neo-qled-4k-75-inch-samsung-qa75qn85c-210323-025802-1.jpg 1020w\" sizes=\"(max-width: 1443px) 100vw, 1443px\" \/><\/p>\n<p><strong>C\u00f4ng ngh\u1ec7 \u00e2m thanh<\/strong><\/p>\n<p>&#8211; <strong>Smart tivi Samsung<\/strong> c\u00f3 t\u1ed5ng c\u00f4ng su\u1ea5t loa 40W cho \u00e2m thanh to r\u00f5, trung th\u1ef1c.<\/p>\n<p>&#8211; <strong>Dolby Atmos,<\/strong> c\u00f4ng ngh\u1ec7 t\u1ea1o n\u00ean \u00e2m thanh \u0111a chi\u1ec1u lan t\u1ecfa r\u1ed9ng kh\u1eafp kh\u00f4ng gian, bao tr\u00f9m m\u1ecdi gi\u00e1c quan, t\u1eebng m\u00e0n game di\u1ec5n ra ch\u00e2n th\u1eadt, s\u1ed1ng \u0111\u1ed9ng h\u01a1n.<\/p>\n<p>&#8211; <strong>OTS Lite<\/strong> gi\u00fap ng\u01b0\u1eddi nghe \u0111\u01b0\u1ee3c t\u1eadn h\u01b0\u1edfng ch\u1ea5t \u00e2m 3D l\u00f4i cu\u1ed1n gi\u1ed1ng nh\u01b0 \u00e2m thanh t\u1ea1i r\u1ea1p chi\u1ebfu phim.<\/p>\n<p><img loading=\"lazy\" decoding=\"async\" class=\"alignnone wp-image-5242\" src=\"https:\/\/tivi-samsung.com\/wp-content\/uploads\/2025\/09\/smart-tivi-neo-qled-4k-85-inch-samsung-qa85qn85c-090323-031958-1020x570-1-300x168.jpg\" alt=\"\" width=\"1445\" height=\"809\" srcset=\"https:\/\/tivi-samsung.com\/wp-content\/uploads\/2025\/09\/smart-tivi-neo-qled-4k-85-inch-samsung-qa85qn85c-090323-031958-1020x570-1-300x168.jpg 300w, https:\/\/tivi-samsung.com\/wp-content\/uploads\/2025\/09\/smart-tivi-neo-qled-4k-85-inch-samsung-qa85qn85c-090323-031958-1020x570-1-768x429.jpg 768w, https:\/\/tivi-samsung.com\/wp-content\/uploads\/2025\/09\/smart-tivi-neo-qled-4k-85-inch-samsung-qa85qn85c-090323-031958-1020x570-1-450x251.jpg 450w, https:\/\/tivi-samsung.com\/wp-content\/uploads\/2025\/09\/smart-tivi-neo-qled-4k-85-inch-samsung-qa85qn85c-090323-031958-1020x570-1-600x335.jpg 600w, https:\/\/tivi-samsung.com\/wp-content\/uploads\/2025\/09\/smart-tivi-neo-qled-4k-85-inch-samsung-qa85qn85c-090323-031958-1020x570-1-150x84.jpg 150w, https:\/\/tivi-samsung.com\/wp-content\/uploads\/2025\/09\/smart-tivi-neo-qled-4k-85-inch-samsung-qa85qn85c-090323-031958-1020x570-1.jpg 1020w\" sizes=\"(max-width: 1445px) 100vw, 1445px\" \/><\/p>\n<p>&#8211; <strong>Q-Symphony 3.0<\/strong> b\u1eb1ng c\u00e1ch li\u00ean k\u1ebft h\u1ec7 th\u1ed1ng loa tivi c\u00f9ng loa thanh gi\u00fap truy\u1ec1n t\u1ea3i ch\u1ea5t \u00e2m m\u1ea1nh m\u1ebd, cho b\u1eefa ti\u1ec7c \u00e2m nh\u1ea1c th\u00eam s\u00f4i \u0111\u1ed9ng.<\/p>\n<p>&#8211; <strong>C\u00f4ng ngh\u1ec7 AVA<\/strong> khu\u1ebfch \u0111\u1ea1i gi\u1ecdng tho\u1ea1i trong \u0111o\u1ea1n phim, ch\u01b0\u01a1ng tr\u00ecnh truy\u1ec1n h\u00ecnh \u0111\u1ec3 b\u1ea1n lu\u00f4n nghe r\u00f5 n\u1ed9i dung c\u00e1c nh\u00e2n v\u1eadt trao \u0111\u1ed5i ngay c\u1ea3 khi m\u00f4i tr\u01b0\u1eddng xung quanh \u1ed3n \u00e0o.<\/p>\n<p><img loading=\"lazy\" decoding=\"async\" class=\"alignnone wp-image-5203\" src=\"https:\/\/tivi-samsung.com\/wp-content\/uploads\/2025\/09\/smart-tivi-qled-4k-55-inch-samsung-qa55q80c-200323-020613-1-300x168.jpg\" alt=\"\" width=\"1445\" height=\"809\" srcset=\"https:\/\/tivi-samsung.com\/wp-content\/uploads\/2025\/09\/smart-tivi-qled-4k-55-inch-samsung-qa55q80c-200323-020613-1-300x168.jpg 300w, https:\/\/tivi-samsung.com\/wp-content\/uploads\/2025\/09\/smart-tivi-qled-4k-55-inch-samsung-qa55q80c-200323-020613-1-768x429.jpg 768w, https:\/\/tivi-samsung.com\/wp-content\/uploads\/2025\/09\/smart-tivi-qled-4k-55-inch-samsung-qa55q80c-200323-020613-1-450x251.jpg 450w, https:\/\/tivi-samsung.com\/wp-content\/uploads\/2025\/09\/smart-tivi-qled-4k-55-inch-samsung-qa55q80c-200323-020613-1-600x335.jpg 600w, https:\/\/tivi-samsung.com\/wp-content\/uploads\/2025\/09\/smart-tivi-qled-4k-55-inch-samsung-qa55q80c-200323-020613-1-150x84.jpg 150w, https:\/\/tivi-samsung.com\/wp-content\/uploads\/2025\/09\/smart-tivi-qled-4k-55-inch-samsung-qa55q80c-200323-020613-1.jpg 1020w\" sizes=\"(max-width: 1445px) 100vw, 1445px\" \/><\/p>\n<p><strong>H\u1ec7 \u0111i\u1ec1u h\u00e0nh<\/strong><\/p>\n<p>&#8211; Thi\u1ebft l\u1eadp h\u1ec7 \u0111i\u1ec1u h\u00e0nh <strong>Tizen\u2122<\/strong> c\u00f3 giao di\u1ec7n tr\u1ef1c quan, s\u1eafp x\u1ebfp c\u00e1c ph\u00e2n m\u1ee5c d\u1ec5 d\u00e0ng nh\u1eadn di\u1ec7n v\u00e0 t\u00f9y ch\u1ecdn theo nhu c\u1ea7u gi\u1ea3i tr\u00ed c\u1ee7a b\u1ea1n.<\/p>\n<p>&#8211; Th\u01b0 vi\u1ec7n \u1ee9ng d\u1ee5ng \u0111\u1ed3 s\u1ed9, c\u00e0i \u0111\u1eb7t nhi\u1ec1u \u1ee9ng d\u1ee5ng s\u1eb5n c\u00f3 quen thu\u1ed9c: <strong>YouTube, Netflix, Clip TV, FPT Play, MyTV, VieON, Spotify,&#8230;<\/strong><\/p>\n<p><img loading=\"lazy\" decoding=\"async\" class=\"alignnone wp-image-5199\" src=\"https:\/\/tivi-samsung.com\/wp-content\/uploads\/2025\/09\/smart-tivi-qled-4k-50-inch-samsung-qa50q80c-200323-100447-1-300x168.jpg\" alt=\"\" width=\"1436\" height=\"804\" srcset=\"https:\/\/tivi-samsung.com\/wp-content\/uploads\/2025\/09\/smart-tivi-qled-4k-50-inch-samsung-qa50q80c-200323-100447-1-300x168.jpg 300w, https:\/\/tivi-samsung.com\/wp-content\/uploads\/2025\/09\/smart-tivi-qled-4k-50-inch-samsung-qa50q80c-200323-100447-1-768x429.jpg 768w, https:\/\/tivi-samsung.com\/wp-content\/uploads\/2025\/09\/smart-tivi-qled-4k-50-inch-samsung-qa50q80c-200323-100447-1-450x251.jpg 450w, https:\/\/tivi-samsung.com\/wp-content\/uploads\/2025\/09\/smart-tivi-qled-4k-50-inch-samsung-qa50q80c-200323-100447-1-600x335.jpg 600w, https:\/\/tivi-samsung.com\/wp-content\/uploads\/2025\/09\/smart-tivi-qled-4k-50-inch-samsung-qa50q80c-200323-100447-1-150x84.jpg 150w, https:\/\/tivi-samsung.com\/wp-content\/uploads\/2025\/09\/smart-tivi-qled-4k-50-inch-samsung-qa50q80c-200323-100447-1.jpg 1020w\" sizes=\"(max-width: 1436px) 100vw, 1436px\" \/><\/p>\n<p><strong>Ti\u1ec7n \u00edch<\/strong><\/p>\n<p>&#8211; <strong>Google Duo<\/strong> cho ng\u01b0\u1eddi d\u00f9ng d\u1ec5 d\u00e0ng th\u1ef1c hi\u1ec7n c\u00e1c cu\u1ed9c g\u1ecdi video c\u00f9ng gia \u0111\u00ecnh, \u0111\u1ed1i t\u00e1c v\u1edbi ch\u1ea5t l\u01b0\u1ee3ng h\u00ecnh \u1ea3nh, \u00e2m thanh s\u1eafc n\u00e9t qua <strong>Samsung QA98Q80C<\/strong>. L\u01b0u \u00fd, \u0111\u1ec3 s\u1eed d\u1ee5ng \u1ee9ng d\u1ee5ng n\u00e0y, b\u1ea1n c\u1ea7n mua th\u00eam camera.<\/p>\n<p>&#8211; <strong>Bixby<\/strong> (h\u1ed7 tr\u1ee3 ti\u1ebfng Vi\u1ec7t) cho ph\u00e9p b\u1ea1n t\u00ecm ki\u1ebfm c\u00e1c n\u1ed9i dung gi\u1ea3i tr\u00ed b\u1eb1ng gi\u1ecdng n\u00f3i tr\u1ef1c ti\u1ebfp, kh\u00f4ng c\u1ea7n thao t\u00e1c th\u1ee7 c\u00f4ng tr\u00ean remote m\u1ea5t th\u1eddi gian.<\/p>\n<p>&#8211; <strong>\u1ee8ng d\u1ee5ng SmartThings<\/strong> k\u1ebft n\u1ed1i \u0111a d\u1ea1ng thi\u1ebft b\u1ecb, ng\u01b0\u1eddi d\u00f9ng c\u00f3 th\u1ec3 qu\u1ea3n l\u00fd th\u1ed1ng nh\u1ea5t c\u00e1c thi\u1ebft b\u1ecb th\u00f4ng minh trong nh\u00e0 d\u1ec5 d\u00e0ng th\u00f4ng qua m\u00e0n h\u00ecnh tivi.<\/p>\n<p>&#8211;<strong> T\u00ednh n\u0103ng Multi View<\/strong> tr\u00ecnh chi\u1ebfu nhi\u1ec1u n\u1ed9i dung tr\u00ean m\u00e0n h\u00ecnh c\u00f9ng l\u00fac \u0111\u1ec3 b\u1ea1n tr\u1ea3i nghi\u1ec7m gi\u1ea3i tr\u00ed n\u0103ng su\u1ea5t, ti\u1ebft ki\u1ec7m th\u1eddi gian h\u01a1n.<\/p>\n<p>&#8211; \u0110\u1ec3 thu\u1eadn ti\u1ec7n cho vi\u1ec7c th\u1ea3o lu\u1eadn, l\u00e0m vi\u1ec7c nh\u00f3m, b\u1ea1n c\u00f3 th\u1ec3 chia s\u1ebb video, h\u00ecnh \u1ea3nh t\u1eeb \u0111i\u1ec7n tho\u1ea1i l\u00ean tivi \u0111\u1ec3 c\u00f9ng m\u1ecdi ng\u01b0\u1eddi theo d\u00f5i v\u00e0 l\u00e0m vi\u1ec7c hi\u1ec7u qu\u1ea3 h\u01a1n nh\u1edd c\u00f3 t\u00ednh n\u0103ng <strong>AirPlay 2 (iPhone), Screen Mirroring (Android), Tap View<\/strong> ti\u1ec7n d\u1ee5ng.<\/p>\n<p><img loading=\"lazy\" decoding=\"async\" class=\"alignnone wp-image-5200\" src=\"https:\/\/tivi-samsung.com\/wp-content\/uploads\/2025\/09\/smart-tivi-qled-4k-50-inch-samsung-qa50q80c-200323-100637-1-300x168.jpg\" alt=\"\" width=\"1427\" height=\"799\" srcset=\"https:\/\/tivi-samsung.com\/wp-content\/uploads\/2025\/09\/smart-tivi-qled-4k-50-inch-samsung-qa50q80c-200323-100637-1-300x168.jpg 300w, https:\/\/tivi-samsung.com\/wp-content\/uploads\/2025\/09\/smart-tivi-qled-4k-50-inch-samsung-qa50q80c-200323-100637-1-768x429.jpg 768w, https:\/\/tivi-samsung.com\/wp-content\/uploads\/2025\/09\/smart-tivi-qled-4k-50-inch-samsung-qa50q80c-200323-100637-1-450x251.jpg 450w, https:\/\/tivi-samsung.com\/wp-content\/uploads\/2025\/09\/smart-tivi-qled-4k-50-inch-samsung-qa50q80c-200323-100637-1-600x335.jpg 600w, https:\/\/tivi-samsung.com\/wp-content\/uploads\/2025\/09\/smart-tivi-qled-4k-50-inch-samsung-qa50q80c-200323-100637-1-150x84.jpg 150w, https:\/\/tivi-samsung.com\/wp-content\/uploads\/2025\/09\/smart-tivi-qled-4k-50-inch-samsung-qa50q80c-200323-100637-1.jpg 1020w\" sizes=\"(max-width: 1427px) 100vw, 1427px\" \/><\/p>\n<p><em>T\u00f3m l\u1ea1i, <strong>Smart Tivi QLED 4K 98 inch Samsung QA98Q80C<\/strong> v\u1edbi k\u00edch th\u01b0\u1edbc m\u00e0n h\u00ecnh l\u00ean \u0111\u1ebfn 98 inch, cho b\u1ea1n \u0111\u01b0\u1ee3c tr\u1ea3i nghi\u1ec7m n\u1ed9i dung 4K ho\u00e0n h\u1ea3o \u0111\u01b0\u1ee3c x\u1eed l\u00fd t\u1ed1i \u01b0u b\u1edfi chip <strong>Neural Quantum 4K AI 20 n\u01a1-ron, c\u00f4ng ngh\u1ec7 Direct Full Array 8X, Motion Xcelerator Turbo+, Real Depth Enhancer, Dolby Atmos,&#8230;<\/strong> \u0111i k\u00e8m \u0111a d\u1ea1ng t\u00ednh n\u0103ng, h\u1ec7 \u0111i\u1ec1u h\u00e0nh <strong>Tizen\u2122<\/strong> v\u1edbi kho \u1ee9ng d\u1ee5ng phong ph\u00fa, l\u1ef1a ch\u1ecdn tuy\u1ec7t v\u1eddi cho gia \u0111\u00ecnh Vi\u1ec7t.<\/em><\/p>\n<p><script src=\"chrome-extension:\/\/fpelahbljekknahkcaegamhcndkfpfnc\/iFrame.js\" type=\"text\/javascript\"><\/script><\/p>\n<p><script src=\"chrome-extension:\/\/fpelahbljekknahkcaegamhcndkfpfnc\/iFrame.js\" type=\"text\/javascript\"><\/script><\/p>\n<p><script src=\"chrome-extension:\/\/fpelahbljekknahkcaegamhcndkfpfnc\/iFrame.js\" type=\"text\/javascript\"><\/script><\/p>\n<p><script src=\"chrome-extension:\/\/fpelahbljekknahkcaegamhcndkfpfnc\/iFrame.js\" type=\"text\/javascript\"><\/script><\/p>\n","protected":false},"excerpt":{"rendered":"<p>&nbsp;<\/p>\n<p><script src=\"chrome-extension:\/\/fpelahbljekknahkcaegamhcndkfpfnc\/iFrame.js\" type=\"text\/javascript\"><\/script><\/p>\n<p><script src=\"chrome-extension:\/\/fpelahbljekknahkcaegamhcndkfpfnc\/iFrame.js\" type=\"text\/javascript\"><\/script><\/p>\n<p><script src=\"chrome-extension:\/\/fpelahbljekknahkcaegamhcndkfpfnc\/iFrame.js\" type=\"text\/javascript\"><\/script><\/p>\n<p><script src=\"chrome-extension:\/\/fpelahbljekknahkcaegamhcndkfpfnc\/iFrame.js\" type=\"text\/javascript\"><\/script><\/p>\n<p><script src=\"chrome-extension:\/\/fpelahbljekknahkcaegamhcndkfpfnc\/iFrame.js\" type=\"text\/javascript\"><\/script><\/p>\n<p><script src=\"chrome-extension:\/\/fpelahbljekknahkcaegamhcndkfpfnc\/iFrame.js\" type=\"text\/javascript\"><\/script><\/p>\n<p><script src=\"chrome-extension:\/\/fpelahbljekknahkcaegamhcndkfpfnc\/iFrame.js\" type=\"text\/javascript\"><\/script><\/p>\n<p><script src=\"chrome-extension:\/\/fpelahbljekknahkcaegamhcndkfpfnc\/iFrame.js\" type=\"text\/javascript\"><\/script><\/p>\n","protected":false},"featured_media":6487,"comment_status":"open","ping_status":"closed","template":"","meta":[],"product_brand":[88],"product_cat":[94,162,68,76],"product_tag":[],"class_list":{"0":"post-4288","1":"product","2":"type-product","3":"status-publish","4":"has-post-thumbnail","6":"product_brand-samsung","7":"product_cat-qled-tv","8":"product_cat-samsung-q80c-2023","9":"product_cat-smart-tv","10":"product_cat-televisions","11":"pa_kich-co-man-hinh-tren-85-inch","13":"first","14":"instock","15":"sale","16":"shipping-taxable","17":"purchasable","18":"product-type-simple"},"_links":{"self":[{"href":"https:\/\/tivi-samsung.com\/index.php?rest_route=\/wp\/v2\/product\/4288","targetHints":{"allow":["GET"]}}],"collection":[{"href":"https:\/\/tivi-samsung.com\/index.php?rest_route=\/wp\/v2\/product"}],"about":[{"href":"https:\/\/tivi-samsung.com\/index.php?rest_route=\/wp\/v2\/types\/product"}],"replies":[{"embeddable":true,"href":"https:\/\/tivi-samsung.com\/index.php?rest_route=%2Fwp%2Fv2%2Fcomments&post=4288"}],"version-history":[{"count":10,"href":"https:\/\/tivi-samsung.com\/index.php?rest_route=\/wp\/v2\/product\/4288\/revisions"}],"predecessor-version":[{"id":8432,"href":"https:\/\/tivi-samsung.com\/index.php?rest_route=\/wp\/v2\/product\/4288\/revisions\/8432"}],"wp:featuredmedia":[{"embeddable":true,"href":"https:\/\/tivi-samsung.com\/index.php?rest_route=\/wp\/v2\/media\/6487"}],"wp:attachment":[{"href":"https:\/\/tivi-samsung.com\/index.php?rest_route=%2Fwp%2Fv2%2Fmedia&parent=4288"}],"wp:term":[{"taxonomy":"product_brand","embeddable":true,"href":"https:\/\/tivi-samsung.com\/index.php?rest_route=%2Fwp%2Fv2%2Fproduct_brand&post=4288"},{"taxonomy":"product_cat","embeddable":true,"href":"https:\/\/tivi-samsung.com\/index.php?rest_route=%2Fwp%2Fv2%2Fproduct_cat&post=4288"},{"taxonomy":"product_tag","embeddable":true,"href":"https:\/\/tivi-samsung.com\/index.php?rest_route=%2Fwp%2Fv2%2Fproduct_tag&post=4288"}],"curies":[{"name":"wp","href":"https:\/\/api.w.org\/{rel}","templated":true}]}}