{"id":4284,"date":"2025-09-16T16:41:50","date_gmt":"2025-09-16T16:41:50","guid":{"rendered":"https:\/\/tivi-samsung.com\/?post_type=product&#038;p=4284"},"modified":"2025-10-15T00:03:35","modified_gmt":"2025-10-14T17:03:35","slug":"smart-tivi-crystal-uhd-samsung-4k-98-inch-ua98du9000","status":"publish","type":"product","link":"https:\/\/tivi-samsung.com\/?product=smart-tivi-crystal-uhd-samsung-4k-98-inch-ua98du9000","title":{"rendered":"Smart Tivi Crystal UHD Samsung 4K 98 inch UA98DU9000"},"content":{"rendered":"<p><strong>\u0110\u1eb7c \u0111i\u1ec3m n\u1ed5i b\u1eadt<\/strong><\/p>\n<p><a href=\"https:\/\/tokoo.vn\/danh-muc\/samsung-tvs\/\" target=\"_blank\" rel=\"noopener\"><strong>Smart Tivi Crystal UHD Samsung 4K 98 inch UA98DU9000<\/strong><\/a><\/p>\n<p><strong>Smart Tivi<\/strong> c\u00f3 k\u00edch th\u01b0\u1edbc m\u00e0n h\u00ecnh 98 inch, \u0111\u1ed9 ph\u00e2n gi\u1ea3i <strong>4K UHD.<\/strong><\/p>\n<p><strong>B\u1ed9 x\u1eed l\u00fd h\u00ecnh \u1ea3nh Crystal 4K<\/strong> n\u00e2ng c\u1ea5p h\u00ecnh \u1ea3nh chu\u1ea9n 4K.<\/p>\n<p><strong>C\u00f4ng ngh\u1ec7 UHD Dimming<\/strong> ki\u1ec3m so\u00e1t chi ti\u1ebft \u0111\u1ed9 t\u01b0\u01a1ng ph\u1ea3n.<\/p>\n<p><strong>Motion Xcelerator 120 Hz<\/strong> t\u1ef1 \u0111\u1ed9ng th\u00eam khung h\u00ecnh v\u00e0o n\u1ed9i dung g\u1ed1c \u0111\u1ec3 h\u00ecnh \u1ea3nh m\u01b0\u1ee3t m\u00e0.<\/p>\n<p><strong>C\u00f4ng ngh\u1ec7 OTS Lite<\/strong> gi\u00fap \u00e2m thanh chuy\u1ec3n \u0111\u1ed9ng theo h\u00ecnh \u1ea3nh.<\/p>\n<p>T\u1ed1i \u01b0u h\u00f3a n\u1ed9i dung \u00e2m thanh v\u00e0 hi\u1ec7u \u1ee9ng \u00e2m thanh v\u00f2m <strong>3D<\/strong> v\u1edbi <strong>Adaptive Sound, Q-Symphony Next.<\/strong><\/p>\n<p>\u0110i\u1ec1u khi\u1ec3n th\u00f4ng minh <strong>One Remote Control<\/strong> d\u00f9ng pin n\u0103ng l\u01b0\u1ee3ng m\u1eb7t tr\u1eddi.<\/p>\n<p><script src=\"chrome-extension:\/\/fpelahbljekknahkcaegamhcndkfpfnc\/iFrame.js\" type=\"text\/javascript\"><\/script><\/p>\n","protected":false},"excerpt":{"rendered":"<p>&nbsp;<\/p>\n<p><script src=\"chrome-extension:\/\/fpelahbljekknahkcaegamhcndkfpfnc\/iFrame.js\" type=\"text\/javascript\"><\/script><\/p>\n<p><script src=\"chrome-extension:\/\/fpelahbljekknahkcaegamhcndkfpfnc\/iFrame.js\" type=\"text\/javascript\"><\/script><\/p>\n<p><script src=\"chrome-extension:\/\/fpelahbljekknahkcaegamhcndkfpfnc\/iFrame.js\" type=\"text\/javascript\"><\/script><\/p>\n<p><script src=\"chrome-extension:\/\/fpelahbljekknahkcaegamhcndkfpfnc\/iFrame.js\" type=\"text\/javascript\"><\/script><\/p>\n<p><script src=\"chrome-extension:\/\/fpelahbljekknahkcaegamhcndkfpfnc\/iFrame.js\" type=\"text\/javascript\"><\/script><\/p>\n<p><script src=\"chrome-extension:\/\/fpelahbljekknahkcaegamhcndkfpfnc\/iFrame.js\" type=\"text\/javascript\"><\/script><\/p>\n<p><script src=\"chrome-extension:\/\/fpelahbljekknahkcaegamhcndkfpfnc\/iFrame.js\" type=\"text\/javascript\"><\/script><\/p>\n<p><script src=\"chrome-extension:\/\/fpelahbljekknahkcaegamhcndkfpfnc\/iFrame.js\" type=\"text\/javascript\"><\/script><\/p>\n<p><script src=\"chrome-extension:\/\/fpelahbljekknahkcaegamhcndkfpfnc\/iFrame.js\" type=\"text\/javascript\"><\/script><\/p>\n","protected":false},"featured_media":6496,"comment_status":"open","ping_status":"closed","template":"","meta":[],"product_brand":[88],"product_cat":[149,68,76,138],"product_tag":[],"class_list":{"0":"post-4284","1":"product","2":"type-product","3":"status-publish","4":"has-post-thumbnail","6":"product_brand-samsung","7":"product_cat-samsung-du9000-98-inch-2024","8":"product_cat-smart-tv","9":"product_cat-televisions","10":"product_cat-tv-crystal-uhd","11":"pa_kich-co-man-hinh-tren-85-inch","13":"first","14":"instock","15":"sale","16":"shipping-taxable","17":"purchasable","18":"product-type-simple"},"_links":{"self":[{"href":"https:\/\/tivi-samsung.com\/index.php?rest_route=\/wp\/v2\/product\/4284","targetHints":{"allow":["GET"]}}],"collection":[{"href":"https:\/\/tivi-samsung.com\/index.php?rest_route=\/wp\/v2\/product"}],"about":[{"href":"https:\/\/tivi-samsung.com\/index.php?rest_route=\/wp\/v2\/types\/product"}],"replies":[{"embeddable":true,"href":"https:\/\/tivi-samsung.com\/index.php?rest_route=%2Fwp%2Fv2%2Fcomments&post=4284"}],"version-history":[{"count":11,"href":"https:\/\/tivi-samsung.com\/index.php?rest_route=\/wp\/v2\/product\/4284\/revisions"}],"predecessor-version":[{"id":8433,"href":"https:\/\/tivi-samsung.com\/index.php?rest_route=\/wp\/v2\/product\/4284\/revisions\/8433"}],"wp:featuredmedia":[{"embeddable":true,"href":"https:\/\/tivi-samsung.com\/index.php?rest_route=\/wp\/v2\/media\/6496"}],"wp:attachment":[{"href":"https:\/\/tivi-samsung.com\/index.php?rest_route=%2Fwp%2Fv2%2Fmedia&parent=4284"}],"wp:term":[{"taxonomy":"product_brand","embeddable":true,"href":"https:\/\/tivi-samsung.com\/index.php?rest_route=%2Fwp%2Fv2%2Fproduct_brand&post=4284"},{"taxonomy":"product_cat","embeddable":true,"href":"https:\/\/tivi-samsung.com\/index.php?rest_route=%2Fwp%2Fv2%2Fproduct_cat&post=4284"},{"taxonomy":"product_tag","embeddable":true,"href":"https:\/\/tivi-samsung.com\/index.php?rest_route=%2Fwp%2Fv2%2Fproduct_tag&post=4284"}],"curies":[{"name":"wp","href":"https:\/\/api.w.org\/{rel}","templated":true}]}}