{"id":4281,"date":"2025-09-16T16:39:10","date_gmt":"2025-09-16T16:39:10","guid":{"rendered":"https:\/\/tivi-samsung.com\/?post_type=product&#038;p=4281"},"modified":"2025-10-15T00:04:24","modified_gmt":"2025-10-14T17:04:24","slug":"smart-tivi-neo-qled-samsung-ai-4k-85-inch-qa85qn90d","status":"publish","type":"product","link":"https:\/\/tivi-samsung.com\/?product=smart-tivi-neo-qled-samsung-ai-4k-85-inch-qa85qn90d","title":{"rendered":"Smart Tivi Neo QLED Samsung AI 4K 85 inch QA85QN90D"},"content":{"rendered":"<p><strong>Th\u00f4ng tin s\u1ea3n ph\u1ea9m<\/strong><br \/>\n<a href=\"https:\/\/tokoo.vn\/danh-muc\/samsung-tvs\/\" target=\"_blank\" rel=\"noopener\"><strong>Smart Tivi Neo QLED Samsung 4K 85 inch QA85QN90D<\/strong> <\/a>quy\u1ebfn r\u0169 \u0111\u00f4i m\u1eaft b\u1ea1n v\u1edbi n\u1ed9i dung 4K s\u1eafc n\u00e9t l\u1ea5p \u0111\u1ea7y m\u00e0n h\u00ecnh c\u1ee1 l\u1edbn 85 inch, t\u1ed1i \u01b0u h\u00ecnh \u1ea3nh v\u00e0 \u00e2m thanh v\u1edbi b\u1ed9 x\u1eed l\u00fd <strong>AI NQ4<\/strong> th\u1ebf h\u1ec7 2 t\u00e2n ti\u1ebfn, c\u00f4ng ngh\u1ec7 <strong>Real Depth Enhancer<\/strong> gi\u00fap t\u0103ng \u0111\u1ed9 s\u00e2u cho khung h\u00ecnh th\u00eam ch\u00e2n th\u1ef1c, th\u01b0\u1edfng th\u1ee9c \u00e2m thanh \u0111a chi\u1ec1u s\u1ed1ng \u0111\u1ed9ng c\u00f9ng c\u00f4ng ngh\u1ec7 <strong>OTS+ v\u00e0 Dolby Atmos.<\/strong><\/p>\n<p><strong>T\u1ed5ng quan thi\u1ebft k\u1ebf<\/strong><br \/>\n&#8211; Chi\u1ebfc <strong>Smart tivi<\/strong> n\u00e0y c\u00f3 ki\u1ec3u d\u00e1ng<strong> NeoSlim<\/strong> thanh m\u1ea3nh, m\u1ed9t h\u00ecnh th\u00e1i trang nh\u00e3 v\u00e0 to\u00e1t l\u00ean s\u1ef1 l\u1ed9ng l\u1eaby d\u00f9 b\u1ed1 tr\u00ed \u1edf b\u1ea5t k\u1ef3 n\u01a1i n\u00e0o trong ng\u00f4i nh\u00e0, v\u0103n ph\u00f2ng c\u1ee7a b\u1ea1n.<\/p>\n<p>&#8211; Thi\u1ebft k\u1ebf m\u00e0n h\u00ecnh 85 inch dung nh\u1eadp h\u00e0i h\u00f2a v\u00e0o nh\u1eefng kh\u00f4ng gian l\u1edbn, r\u1ed9ng r\u00e3i nh\u01b0 ph\u00f2ng kh\u00e1ch, ph\u00f2ng h\u1ed9i ngh\u1ecb, ph\u00f2ng tri\u1ec3n l\u00e3m,&#8230;<\/p>\n<p>&#8211; T\u00edch h\u1ee3p ch\u00e2n \u0111\u1ebf kim lo\u1ea1i cho \u0111\u1ed9 b\u1ec1n t\u1ed1t cao, gi\u1eef \u0111\u01b0\u1ee3c tivi \u0111\u1ee9ng \u1ed5n \u0111\u1ecbnh khi \u0111\u1eb7t tr\u00ean k\u1ec7, b\u1ea1n c\u0169ng c\u00f3 th\u1ec3 th\u00e1o r\u1eddi ra \u0111\u1ec3 l\u1eafp tivi treo t\u01b0\u1eddng, bi\u1ebfn thi\u1ebft b\u1ecb th\u00e0nh b\u1ee9c tranh ngh\u1ec7 thu\u1eadt trang tr\u00ed cho c\u0103n ph\u00f2ng th\u00eam ho\u00e0n thi\u1ec7n, sang tr\u1ecdng.<\/p>\n<p><img fetchpriority=\"high\" decoding=\"async\" class=\"alignnone wp-image-5417\" src=\"https:\/\/tivi-samsung.com\/wp-content\/uploads\/2025\/09\/tivi-neo-qled-samsung-4k-85-inch-qa85qn90d-1-1020x570-1-300x168.jpg\" alt=\"\" width=\"1425\" height=\"798\" srcset=\"https:\/\/tivi-samsung.com\/wp-content\/uploads\/2025\/09\/tivi-neo-qled-samsung-4k-85-inch-qa85qn90d-1-1020x570-1-300x168.jpg 300w, https:\/\/tivi-samsung.com\/wp-content\/uploads\/2025\/09\/tivi-neo-qled-samsung-4k-85-inch-qa85qn90d-1-1020x570-1-768x429.jpg 768w, https:\/\/tivi-samsung.com\/wp-content\/uploads\/2025\/09\/tivi-neo-qled-samsung-4k-85-inch-qa85qn90d-1-1020x570-1-450x251.jpg 450w, https:\/\/tivi-samsung.com\/wp-content\/uploads\/2025\/09\/tivi-neo-qled-samsung-4k-85-inch-qa85qn90d-1-1020x570-1-600x335.jpg 600w, https:\/\/tivi-samsung.com\/wp-content\/uploads\/2025\/09\/tivi-neo-qled-samsung-4k-85-inch-qa85qn90d-1-1020x570-1-150x84.jpg 150w, https:\/\/tivi-samsung.com\/wp-content\/uploads\/2025\/09\/tivi-neo-qled-samsung-4k-85-inch-qa85qn90d-1-1020x570-1.jpg 1020w\" sizes=\"(max-width: 1425px) 100vw, 1425px\" \/><\/p>\n<p><strong>C\u00f4ng ngh\u1ec7 h\u00ecnh \u1ea3nh<\/strong><\/p>\n<p>&#8211; <strong>\u0110\u1ed9 ph\u00e2n gi\u1ea3i 4K<\/strong> cho h\u00ecnh \u1ea3nh hi\u1ec3n th\u1ecb s\u1eafc n\u00e9t, chi ti\u1ebft.<\/p>\n<p>&#8211; Trang b\u1ecb b\u1ed9 x\u1eed l\u00fd <strong>AI NQ4<\/strong> th\u1ebf h\u1ec7 2 cho tr\u1ea3i nghi\u1ec7m \u00e2m thanh v\u00e0 h\u00ecnh \u1ea3nh 4K s\u1ed1ng \u0111\u1ed9ng cho d\u00f9 b\u1ea1n xem tr\u00ean n\u1ec1n t\u1ea3ng OTT, ch\u01a1i game hay th\u01b0\u1edfng th\u1ee9c c\u00e1c ch\u01b0\u01a1ng tr\u00ecnh th\u1ec3 thao tr\u1ef1c ti\u1ebfp. <strong>C\u00f4ng ngh\u1ec7 4K AI Upscaling<\/strong> v\u1edbi 20 m\u1ea1ng m\u00f4 ph\u1ecfng th\u1ea7n kinh v\u00e0 AI n\u00e2ng c\u1ea5p h\u00ecnh \u1ea3nh \u0111\u1ebfn ch\u1ea5t l\u01b0\u1ee3ng 4K cho b\u1ea1n xem c\u00e1c n\u1ed9i dung n\u00e9t, m\u01b0\u1ee3t h\u01a1n.<\/p>\n<p><img decoding=\"async\" class=\"alignnone wp-image-5418\" src=\"https:\/\/tivi-samsung.com\/wp-content\/uploads\/2025\/09\/tivi-neo-qled-samsung-4k-85-inch-qa85qn90d-2-1020x570-1-300x168.jpg\" alt=\"\" width=\"1411\" height=\"790\" srcset=\"https:\/\/tivi-samsung.com\/wp-content\/uploads\/2025\/09\/tivi-neo-qled-samsung-4k-85-inch-qa85qn90d-2-1020x570-1-300x168.jpg 300w, https:\/\/tivi-samsung.com\/wp-content\/uploads\/2025\/09\/tivi-neo-qled-samsung-4k-85-inch-qa85qn90d-2-1020x570-1-768x429.jpg 768w, https:\/\/tivi-samsung.com\/wp-content\/uploads\/2025\/09\/tivi-neo-qled-samsung-4k-85-inch-qa85qn90d-2-1020x570-1-450x251.jpg 450w, https:\/\/tivi-samsung.com\/wp-content\/uploads\/2025\/09\/tivi-neo-qled-samsung-4k-85-inch-qa85qn90d-2-1020x570-1-600x335.jpg 600w, https:\/\/tivi-samsung.com\/wp-content\/uploads\/2025\/09\/tivi-neo-qled-samsung-4k-85-inch-qa85qn90d-2-1020x570-1-150x84.jpg 150w, https:\/\/tivi-samsung.com\/wp-content\/uploads\/2025\/09\/tivi-neo-qled-samsung-4k-85-inch-qa85qn90d-2-1020x570-1.jpg 1020w\" sizes=\"(max-width: 1411px) 100vw, 1411px\" \/><\/p>\n<p>&#8211; <strong>C\u00f4ng ngh\u1ec7 Neo Quantum HDR+<\/strong> chinh ph\u1ee5c th\u1ecb gi\u00e1c c\u1ee7a b\u1ea1n v\u1edbi khung h\u00ecnh b\u1eebng s\u00e1ng, m\u00e0u s\u1eafc t\u01b0\u01a1i t\u1eafn c\u1ee7a chu\u1ea9n 4K.<\/p>\n<p>&#8211; <strong>Quantum Matrix Technology<\/strong> t\u00e1i t\u1ea1o chu\u1ea9n x\u00e1c c\u00e1c chi ti\u1ebft \u1ea9n trong c\u1ea3nh phim v\u1edbi c\u00f4ng ngh\u1ec7 ki\u1ec3m so\u00e1t \u00e1nh s\u00e1ng <strong>Quantum Mini LED<\/strong> ti\u00ean ti\u1ebfn.<\/p>\n<p><img decoding=\"async\" class=\"alignnone wp-image-5419\" src=\"https:\/\/tivi-samsung.com\/wp-content\/uploads\/2025\/09\/tivi-neo-qled-samsung-4k-85-inch-qa85qn90d-3-1020x570-1-300x168.jpg\" alt=\"\" width=\"1409\" height=\"789\" srcset=\"https:\/\/tivi-samsung.com\/wp-content\/uploads\/2025\/09\/tivi-neo-qled-samsung-4k-85-inch-qa85qn90d-3-1020x570-1-300x168.jpg 300w, https:\/\/tivi-samsung.com\/wp-content\/uploads\/2025\/09\/tivi-neo-qled-samsung-4k-85-inch-qa85qn90d-3-1020x570-1-768x429.jpg 768w, https:\/\/tivi-samsung.com\/wp-content\/uploads\/2025\/09\/tivi-neo-qled-samsung-4k-85-inch-qa85qn90d-3-1020x570-1-450x251.jpg 450w, https:\/\/tivi-samsung.com\/wp-content\/uploads\/2025\/09\/tivi-neo-qled-samsung-4k-85-inch-qa85qn90d-3-1020x570-1-600x335.jpg 600w, https:\/\/tivi-samsung.com\/wp-content\/uploads\/2025\/09\/tivi-neo-qled-samsung-4k-85-inch-qa85qn90d-3-1020x570-1-150x84.jpg 150w, https:\/\/tivi-samsung.com\/wp-content\/uploads\/2025\/09\/tivi-neo-qled-samsung-4k-85-inch-qa85qn90d-3-1020x570-1.jpg 1020w\" sizes=\"(max-width: 1409px) 100vw, 1409px\" \/><\/p>\n<p>&nbsp;<\/p>\n<p>&#8211; <strong>AI HDR Remastering<\/strong> ph\u00e2n t\u00edch v\u00e0 n\u00e2ng c\u1ea5p h\u00ecnh \u1ea3nh t\u1ef1 \u0111\u1ed9ng t\u1eeb <strong>SDR<\/strong> sang <strong>HDR<\/strong> \u0111\u1ec3 ng\u01b0\u1eddi xem \u0111\u01b0\u1ee3c \u0111\u1eafm ch\u00ecm v\u00e0o n\u1ed9i dung c\u00f3 chi ti\u1ebft n\u1ed5i b\u1eadt, m\u00e0u s\u1eafc thu h\u00fat.<\/p>\n<p>&#8211; <strong>C\u00f4ng ngh\u1ec7 Real Depth Enhancer Pro<\/strong> n\u00e2ng cao \u0111\u1ed9 s\u00e2u cho h\u00ecnh \u1ea3nh gi\u00fap mang l\u1ea1i c\u1ea3m gi\u00e1c ch\u00e2n th\u1ef1c nh\u01b0 b\u1ea1n t\u1eadn m\u1eaft nh\u00ecn th\u1ea5y c\u1ea3nh s\u1eafc \u0111\u00f3.<\/p>\n<p><img loading=\"lazy\" decoding=\"async\" class=\"alignnone wp-image-5413\" src=\"https:\/\/tivi-samsung.com\/wp-content\/uploads\/2025\/09\/tivi-neo-qled-samsung-4k-85-inch-qa85qn90d-4-1020x570-1-300x168.jpg\" alt=\"\" width=\"1407\" height=\"788\" srcset=\"https:\/\/tivi-samsung.com\/wp-content\/uploads\/2025\/09\/tivi-neo-qled-samsung-4k-85-inch-qa85qn90d-4-1020x570-1-300x168.jpg 300w, https:\/\/tivi-samsung.com\/wp-content\/uploads\/2025\/09\/tivi-neo-qled-samsung-4k-85-inch-qa85qn90d-4-1020x570-1-768x429.jpg 768w, https:\/\/tivi-samsung.com\/wp-content\/uploads\/2025\/09\/tivi-neo-qled-samsung-4k-85-inch-qa85qn90d-4-1020x570-1-450x251.jpg 450w, https:\/\/tivi-samsung.com\/wp-content\/uploads\/2025\/09\/tivi-neo-qled-samsung-4k-85-inch-qa85qn90d-4-1020x570-1-600x335.jpg 600w, https:\/\/tivi-samsung.com\/wp-content\/uploads\/2025\/09\/tivi-neo-qled-samsung-4k-85-inch-qa85qn90d-4-1020x570-1-150x84.jpg 150w, https:\/\/tivi-samsung.com\/wp-content\/uploads\/2025\/09\/tivi-neo-qled-samsung-4k-85-inch-qa85qn90d-4-1020x570-1.jpg 1020w\" sizes=\"(max-width: 1407px) 100vw, 1407px\" \/><\/p>\n<p>&#8211; <strong>C\u00f4ng ngh\u1ec7 Anti Reflection<\/strong> lo\u1ea1i b\u1ecf hi\u1ec7n t\u01b0\u1ee3ng l\u00f3a h\u00ecnh t\u1ed1i \u0111a cho b\u1ea1n xem n\u1ed9i dung r\u00f5 n\u00e9t t\u1eeb m\u1ecdi g\u00f3c nh\u00ecn, m\u1ed9t c\u00f4ng ngh\u1ec7 \u0111\u01b0\u1ee3c chuy\u00ean gia \u0111\u00e1nh gi\u00e1 cao c\u1ee7a Samsung.<\/p>\n<p>&#8211; T\u1eadn h\u01b0\u1edfng tr\u1eadn game m\u00e3n nh\u00e3n v\u1edbi t\u1ed1c \u0111\u1ed9 l\u00e0m t\u01b0\u01a1i 144 Hz, c\u00f4ng ngh\u1ec7 <strong>FreeSync Premium Pro, Game Motion Plus<\/strong> n\u00e2ng cao hi\u1ec7u qu\u1ea3 k\u1ebft n\u1ed1i, gi\u1ea3m gi\u1eadt lag h\u00ecnh cho b\u1ea1n chi\u1ebfn game m\u01b0\u1ee3t h\u01a1n.<strong> Super Ultra Wide Game View v\u00e0 Game Bar c<\/strong>ho ph\u00e9p b\u1ea1n t\u1ed1i \u01b0u l\u1ed1i ch\u01a1i v\u1edbi t\u1ec9 l\u1ec7 m\u00e0n h\u00ecnh 21:9, 32:9, gi\u00fap truy c\u1eadp v\u00e0o c\u00e1c \u0111\u1ea7u game kh\u00e1c nhau d\u1ec5 d\u00e0ng h\u01a1n.<\/p>\n<p><img loading=\"lazy\" decoding=\"async\" class=\"alignnone wp-image-5414\" src=\"https:\/\/tivi-samsung.com\/wp-content\/uploads\/2025\/09\/tivi-neo-qled-samsung-4k-85-inch-qa85qn90d-5-1020x570-1-300x168.jpg\" alt=\"\" width=\"1414\" height=\"792\" srcset=\"https:\/\/tivi-samsung.com\/wp-content\/uploads\/2025\/09\/tivi-neo-qled-samsung-4k-85-inch-qa85qn90d-5-1020x570-1-300x168.jpg 300w, https:\/\/tivi-samsung.com\/wp-content\/uploads\/2025\/09\/tivi-neo-qled-samsung-4k-85-inch-qa85qn90d-5-1020x570-1-768x429.jpg 768w, https:\/\/tivi-samsung.com\/wp-content\/uploads\/2025\/09\/tivi-neo-qled-samsung-4k-85-inch-qa85qn90d-5-1020x570-1-450x251.jpg 450w, https:\/\/tivi-samsung.com\/wp-content\/uploads\/2025\/09\/tivi-neo-qled-samsung-4k-85-inch-qa85qn90d-5-1020x570-1-600x335.jpg 600w, https:\/\/tivi-samsung.com\/wp-content\/uploads\/2025\/09\/tivi-neo-qled-samsung-4k-85-inch-qa85qn90d-5-1020x570-1-150x84.jpg 150w, https:\/\/tivi-samsung.com\/wp-content\/uploads\/2025\/09\/tivi-neo-qled-samsung-4k-85-inch-qa85qn90d-5-1020x570-1.jpg 1020w\" sizes=\"(max-width: 1414px) 100vw, 1414px\" \/><\/p>\n<p><strong>C\u00f4ng ngh\u1ec7 \u00e2m thanh<\/strong><\/p>\n<p>&#8211; M\u1eabu tivi <strong>Samsung<\/strong> n\u00e0y c\u00f3 t\u1ed5ng c\u00f4ng su\u1ea5t l\u00ean \u0111\u1ebfn 60W.<\/p>\n<p>&#8211;<strong> C\u00f4ng ngh\u1ec7 OTS+ v\u1edbi 4.2.2CH<\/strong> v\u00e0 \u00e2m thanh theo d\u1ea5u h\u00e0nh \u0111\u1ed9ng \u0111\u01b0\u1ee3c h\u1ed7 tr\u1ee3 b\u1edfi tr\u00ed tu\u1ec7 nh\u00e2n t\u1ea1o AI mang \u0111\u1ebfn cho ng\u01b0\u1eddi d\u00f9ng ch\u1ea5t \u00e2m 3D s\u1ed1ng \u0111\u1ed9ng trong t\u1eebng ph\u00e2n c\u1ea3nh. Trong khi, c\u00f4ng ngh\u1ec7 <strong>Dolby Atmos<\/strong> v\u00e0 c\u00e1c loa \u0111\u00e1nh tr\u1ea7n v\u1eadt l\u00fd t\u1ea1o n\u00ean \u00e2m thanh ch\u00e2n th\u1eadt nh\u01b0 \u1edf r\u1ea1p chi\u1ebfu phim th\u1ef1c th\u1ee5.<\/p>\n<p><img loading=\"lazy\" decoding=\"async\" class=\"alignnone wp-image-5309\" src=\"https:\/\/tivi-samsung.com\/wp-content\/uploads\/2025\/09\/tivi-neo-qled-samsung-8k-65-inch-qa65qn800d-6-1020x570-1-300x168.jpg\" alt=\"\" width=\"1407\" height=\"788\" srcset=\"https:\/\/tivi-samsung.com\/wp-content\/uploads\/2025\/09\/tivi-neo-qled-samsung-8k-65-inch-qa65qn800d-6-1020x570-1-300x168.jpg 300w, https:\/\/tivi-samsung.com\/wp-content\/uploads\/2025\/09\/tivi-neo-qled-samsung-8k-65-inch-qa65qn800d-6-1020x570-1-768x429.jpg 768w, https:\/\/tivi-samsung.com\/wp-content\/uploads\/2025\/09\/tivi-neo-qled-samsung-8k-65-inch-qa65qn800d-6-1020x570-1-450x251.jpg 450w, https:\/\/tivi-samsung.com\/wp-content\/uploads\/2025\/09\/tivi-neo-qled-samsung-8k-65-inch-qa65qn800d-6-1020x570-1-600x335.jpg 600w, https:\/\/tivi-samsung.com\/wp-content\/uploads\/2025\/09\/tivi-neo-qled-samsung-8k-65-inch-qa65qn800d-6-1020x570-1-150x84.jpg 150w, https:\/\/tivi-samsung.com\/wp-content\/uploads\/2025\/09\/tivi-neo-qled-samsung-8k-65-inch-qa65qn800d-6-1020x570-1.jpg 1020w\" sizes=\"(max-width: 1407px) 100vw, 1407px\" \/><\/p>\n<p>&#8211; <strong>C\u00f4ng ngh\u1ec7 Q-Symphony Next<\/strong>, k\u1ebft n\u1ed1i h\u1ec7 th\u1ed1ng loa tivi v\u1edbi loa thanh li\u1ec1n m\u1ea1ch t\u1ea1o n\u00ean kh\u00f4ng gian gi\u1ea3i tr\u00ed b\u00f9ng n\u1ed5 ngay t\u1ea1i nh\u00e0 c\u1ee7a b\u1ea1n.<\/p>\n<p>&#8211; <strong>C\u00f4ng ngh\u1ec7 Adaptive Sound Pro<\/strong> t\u1ea1o n\u00ean \u00e2m thanh trung th\u1ef1c ch\u00ednh x\u00e1c nh\u01b0 \u00fd \u0111\u1ecbnh c\u1ee7a nh\u00e0 s\u00e1ng t\u1ea1o b\u1eb1ng c\u00e1ch d\u00f9ng AI tr\u00edch xu\u1ea5t, x\u1eed l\u00fd nh\u1eefng \u0111\u1ed1i t\u01b0\u1ee3ng \u00e2m thanh kh\u00e1c nhau.<\/p>\n<p>&#8211; <strong>Active Voice Amplifier<\/strong>, c\u00f4ng ngh\u1ec7 gi\u00fap l\u00e0m r\u00f5 l\u1eddi tho\u1ea1i k\u1ec3 c\u1ea3 trong m\u00f4i tr\u01b0\u1eddng c\u00f3 nhi\u1ec1u t\u1ea1p \u00e2m.<\/p>\n<p><img loading=\"lazy\" decoding=\"async\" class=\"alignnone wp-image-5315\" src=\"https:\/\/tivi-samsung.com\/wp-content\/uploads\/2025\/09\/tivi-neo-qled-samsung-8k-65-inch-qa65qn800d-7-1020x570-1-300x168.jpg\" alt=\"\" width=\"1395\" height=\"781\" srcset=\"https:\/\/tivi-samsung.com\/wp-content\/uploads\/2025\/09\/tivi-neo-qled-samsung-8k-65-inch-qa65qn800d-7-1020x570-1-300x168.jpg 300w, https:\/\/tivi-samsung.com\/wp-content\/uploads\/2025\/09\/tivi-neo-qled-samsung-8k-65-inch-qa65qn800d-7-1020x570-1-768x429.jpg 768w, https:\/\/tivi-samsung.com\/wp-content\/uploads\/2025\/09\/tivi-neo-qled-samsung-8k-65-inch-qa65qn800d-7-1020x570-1-450x251.jpg 450w, https:\/\/tivi-samsung.com\/wp-content\/uploads\/2025\/09\/tivi-neo-qled-samsung-8k-65-inch-qa65qn800d-7-1020x570-1-600x335.jpg 600w, https:\/\/tivi-samsung.com\/wp-content\/uploads\/2025\/09\/tivi-neo-qled-samsung-8k-65-inch-qa65qn800d-7-1020x570-1-150x84.jpg 150w, https:\/\/tivi-samsung.com\/wp-content\/uploads\/2025\/09\/tivi-neo-qled-samsung-8k-65-inch-qa65qn800d-7-1020x570-1.jpg 1020w\" sizes=\"(max-width: 1395px) 100vw, 1395px\" \/><\/p>\n<p><strong>H\u1ec7 \u0111i\u1ec1u h\u00e0nh<\/strong><br \/>\n&#8211; C\u00e0i \u0111\u1eb7t h\u1ec7 \u0111i\u1ec1u h\u00e0nh <strong>Tizen\u2122<\/strong> c\u00f3 giao di\u1ec7n tr\u1ef1c quan, thi\u1ebft k\u1ebf cho ng\u01b0\u1eddi d\u00f9ng l\u00e0m quen v\u00e0 xem n\u1ed9i dung m\u00ecnh mu\u1ed1n d\u1ec5 d\u00e0ng. Kho \u1ee9ng d\u1ee5ng phong ph\u00fa th\u1ecfa m\u00e3n \u0111\u01b0\u1ee3c c\u00e1c s\u1edf th\u00edch gi\u1ea3i tr\u00ed c\u1ee7a t\u1eebng th\u00e0nh vi\u00ean trong gia \u0111\u00ecnh.<\/p>\n<p><img loading=\"lazy\" decoding=\"async\" class=\"alignnone wp-image-5313\" src=\"https:\/\/tivi-samsung.com\/wp-content\/uploads\/2025\/09\/tivi-neo-qled-samsung-8k-65-inch-qa65qn800d-8-1020x570-1-300x168.jpg\" alt=\"\" width=\"1393\" height=\"780\" srcset=\"https:\/\/tivi-samsung.com\/wp-content\/uploads\/2025\/09\/tivi-neo-qled-samsung-8k-65-inch-qa65qn800d-8-1020x570-1-300x168.jpg 300w, https:\/\/tivi-samsung.com\/wp-content\/uploads\/2025\/09\/tivi-neo-qled-samsung-8k-65-inch-qa65qn800d-8-1020x570-1-768x429.jpg 768w, https:\/\/tivi-samsung.com\/wp-content\/uploads\/2025\/09\/tivi-neo-qled-samsung-8k-65-inch-qa65qn800d-8-1020x570-1-450x251.jpg 450w, https:\/\/tivi-samsung.com\/wp-content\/uploads\/2025\/09\/tivi-neo-qled-samsung-8k-65-inch-qa65qn800d-8-1020x570-1-600x335.jpg 600w, https:\/\/tivi-samsung.com\/wp-content\/uploads\/2025\/09\/tivi-neo-qled-samsung-8k-65-inch-qa65qn800d-8-1020x570-1-150x84.jpg 150w, https:\/\/tivi-samsung.com\/wp-content\/uploads\/2025\/09\/tivi-neo-qled-samsung-8k-65-inch-qa65qn800d-8-1020x570-1.jpg 1020w\" sizes=\"(max-width: 1393px) 100vw, 1393px\" \/><\/p>\n<p><strong>Ti\u1ec7n \u00edch<\/strong><br \/>\n&#8211; Tr\u1ee3 l\u00fd \u1ea3o <strong>Bixby<\/strong> h\u1ed7 tr\u1ee3 ti\u1ebfng Vi\u1ec7t, t\u00ednh n\u0103ng t\u00ecm ki\u1ebfm b\u1eb1ng gi\u1ecdng n\u00f3i ti\u1ebfng Vi\u1ec7t tr\u00ean YouTube cho b\u1ea1n thao t\u00e1c v\u1edbi Smart tivi <strong>Samsung<\/strong> b\u1eb1ng c\u00e1c c\u00e2u l\u1ec7nh thu\u1eadn ti\u1ec7n h\u01a1n.<\/p>\n<p>&#8211; Th\u00f4ng qua \u1ee9ng d\u1ee5ng<strong> SmartThings<\/strong> k\u1ebft n\u1ed1i c\u00e1c thi\u1ebft b\u1ecb th\u00f4ng minh v\u1edbi tivi, ki\u1ec3m so\u00e1t ho\u1ea1t \u0111\u1ed9ng d\u1ec5 d\u00e0ng m\u00e0 kh\u00f4ng c\u1ea7n tr\u1ef1c ti\u1ebfp \u0111\u1ebfn g\u1ea7n nh\u1eefng thi\u1ebft b\u1ecb \u0111\u00f3.<\/p>\n<p><img loading=\"lazy\" decoding=\"async\" class=\"alignnone wp-image-5310\" src=\"https:\/\/tivi-samsung.com\/wp-content\/uploads\/2025\/09\/tivi-neo-qled-samsung-8k-65-inch-qa65qn800d-9-1020x570-1-300x168.jpg\" alt=\"\" width=\"1389\" height=\"778\" srcset=\"https:\/\/tivi-samsung.com\/wp-content\/uploads\/2025\/09\/tivi-neo-qled-samsung-8k-65-inch-qa65qn800d-9-1020x570-1-300x168.jpg 300w, https:\/\/tivi-samsung.com\/wp-content\/uploads\/2025\/09\/tivi-neo-qled-samsung-8k-65-inch-qa65qn800d-9-1020x570-1-768x429.jpg 768w, https:\/\/tivi-samsung.com\/wp-content\/uploads\/2025\/09\/tivi-neo-qled-samsung-8k-65-inch-qa65qn800d-9-1020x570-1-450x251.jpg 450w, https:\/\/tivi-samsung.com\/wp-content\/uploads\/2025\/09\/tivi-neo-qled-samsung-8k-65-inch-qa65qn800d-9-1020x570-1-600x335.jpg 600w, https:\/\/tivi-samsung.com\/wp-content\/uploads\/2025\/09\/tivi-neo-qled-samsung-8k-65-inch-qa65qn800d-9-1020x570-1-150x84.jpg 150w, https:\/\/tivi-samsung.com\/wp-content\/uploads\/2025\/09\/tivi-neo-qled-samsung-8k-65-inch-qa65qn800d-9-1020x570-1.jpg 1020w\" sizes=\"(max-width: 1389px) 100vw, 1389px\" \/><\/p>\n<p>&#8211; <strong>T\u00ednh n\u0103ng AirPlay 2 (iPhone)<\/strong> chia s\u1ebb \u0111\u01b0\u1ee3c h\u00ecnh \u1ea3nh, nh\u1ea1c m\u00e0 b\u1ea1n y\u00eau th\u00edch l\u00ean m\u00e0n h\u00ecnh tivi \u0111\u1ec3 tr\u1ea3i nghi\u1ec7m c\u00f9ng b\u1ea1n b\u00e8, gia \u0111\u00ecnh.<\/p>\n<p>&#8211; <strong>One Remote<\/strong> l\u00e0 chi\u1ebfc \u0111i\u1ec1u khi\u1ec3n t\u1eeb xa c\u00f3 th\u1ec3 s\u1ea1c pin l\u1ea1i d\u1ec5 d\u00e0ng qua \u00e1nh n\u1eafng, \u00e1nh \u0111\u00e8n, nh\u1edd \u0111\u00f3 tr\u00e1nh d\u00f9ng pin m\u1ed9t l\u1ea7n g\u00e2y h\u1ea1i cho m\u00f4i tr\u01b0\u1eddng s\u1ed1ng.<\/p>\n<p>&#8211; Xem c\u00f9ng l\u00fac 2 n\u1ed9i dung tr\u00ean m\u00e0n h\u00ecnh tivi th\u00f4ng qua t\u00ednh n\u0103ng <strong>Multi View<\/strong> gi\u00fap b\u1ea1n ti\u1ebft ki\u1ec7m th\u1eddi gian khi kh\u00f4ng c\u1ea7n ph\u1ea3i ch\u1edd \u0111\u1ee3i \u0111\u1ec3 xem t\u1eebng n\u1ed9i dung l\u1ea7n l\u01b0\u1ee3t.<\/p>\n<p><img loading=\"lazy\" decoding=\"async\" class=\"alignnone wp-image-5416\" src=\"https:\/\/tivi-samsung.com\/wp-content\/uploads\/2025\/09\/tivi-neo-qled-samsung-4k-85-inch-qa85qn90d-10-1020x570-1-300x168.jpg\" alt=\"\" width=\"1389\" height=\"778\" srcset=\"https:\/\/tivi-samsung.com\/wp-content\/uploads\/2025\/09\/tivi-neo-qled-samsung-4k-85-inch-qa85qn90d-10-1020x570-1-300x168.jpg 300w, https:\/\/tivi-samsung.com\/wp-content\/uploads\/2025\/09\/tivi-neo-qled-samsung-4k-85-inch-qa85qn90d-10-1020x570-1-768x429.jpg 768w, https:\/\/tivi-samsung.com\/wp-content\/uploads\/2025\/09\/tivi-neo-qled-samsung-4k-85-inch-qa85qn90d-10-1020x570-1-450x251.jpg 450w, https:\/\/tivi-samsung.com\/wp-content\/uploads\/2025\/09\/tivi-neo-qled-samsung-4k-85-inch-qa85qn90d-10-1020x570-1-600x335.jpg 600w, https:\/\/tivi-samsung.com\/wp-content\/uploads\/2025\/09\/tivi-neo-qled-samsung-4k-85-inch-qa85qn90d-10-1020x570-1-150x84.jpg 150w, https:\/\/tivi-samsung.com\/wp-content\/uploads\/2025\/09\/tivi-neo-qled-samsung-4k-85-inch-qa85qn90d-10-1020x570-1.jpg 1020w\" sizes=\"(max-width: 1389px) 100vw, 1389px\" \/><\/p>\n<p><em>Nh\u01b0 v\u1eady, <strong>Smart Tivi Neo QLED Samsung 4K 85 inch QA85QN90D<\/strong> v\u1edbi thi\u1ebft k\u1ebf t\u1ed1i gi\u1ea3n, m\u00e0n h\u00ecnh l\u1edbn, t\u00edch h\u1ee3p b\u1ed9 x\u1eed l\u00fd m\u1ea1nh m\u1ebd, h\u1ed7 tr\u1ee3 nhi\u1ec1u c\u00f4ng ngh\u1ec7 v\u00e0 ti\u1ec7n \u00edch h\u1eefu d\u1ee5ng, s\u1ea3n ph\u1ea9m <strong>Neo QLED 4K<\/strong> n\u00e0y \u0111\u00edch th\u1ef1c l\u00e0 m\u1eabu tivi \u0111\u00e1ng gi\u00e1 \u0111\u1ec3 b\u1ea1n chi\u00eam ng\u01b0\u1ee1ng v\u00e0 s\u1edf h\u1eefu.<\/em><\/p>\n<p>&nbsp;<\/p>\n<p><script src=\"chrome-extension:\/\/fpelahbljekknahkcaegamhcndkfpfnc\/iFrame.js\" type=\"text\/javascript\"><\/script><\/p>\n","protected":false},"excerpt":{"rendered":"<p>&nbsp;<\/p>\n<p><script src=\"chrome-extension:\/\/fpelahbljekknahkcaegamhcndkfpfnc\/iFrame.js\" type=\"text\/javascript\"><\/script><\/p>\n<p><script src=\"chrome-extension:\/\/fpelahbljekknahkcaegamhcndkfpfnc\/iFrame.js\" type=\"text\/javascript\"><\/script><\/p>\n<p><script src=\"chrome-extension:\/\/fpelahbljekknahkcaegamhcndkfpfnc\/iFrame.js\" type=\"text\/javascript\"><\/script><\/p>\n<p><script src=\"chrome-extension:\/\/fpelahbljekknahkcaegamhcndkfpfnc\/iFrame.js\" type=\"text\/javascript\"><\/script><\/p>\n<p><script src=\"chrome-extension:\/\/fpelahbljekknahkcaegamhcndkfpfnc\/iFrame.js\" type=\"text\/javascript\"><\/script><\/p>\n<p><script src=\"chrome-extension:\/\/fpelahbljekknahkcaegamhcndkfpfnc\/iFrame.js\" type=\"text\/javascript\"><\/script><\/p>\n<p><script src=\"chrome-extension:\/\/fpelahbljekknahkcaegamhcndkfpfnc\/iFrame.js\" type=\"text\/javascript\"><\/script><\/p>\n<p><script src=\"chrome-extension:\/\/fpelahbljekknahkcaegamhcndkfpfnc\/iFrame.js\" type=\"text\/javascript\"><\/script><\/p>\n","protected":false},"featured_media":6511,"comment_status":"open","ping_status":"closed","template":"","meta":[],"product_brand":[88],"product_cat":[68,76,139],"product_tag":[],"class_list":{"0":"post-4281","1":"product","2":"type-product","3":"status-publish","4":"has-post-thumbnail","6":"product_brand-samsung","7":"product_cat-smart-tv","8":"product_cat-televisions","9":"product_cat-tv-neo-qled","10":"pa_kich-co-man-hinh-tu-75-85-inch","12":"first","13":"instock","14":"shipping-taxable","15":"purchasable","16":"product-type-simple"},"_links":{"self":[{"href":"https:\/\/tivi-samsung.com\/index.php?rest_route=\/wp\/v2\/product\/4281","targetHints":{"allow":["GET"]}}],"collection":[{"href":"https:\/\/tivi-samsung.com\/index.php?rest_route=\/wp\/v2\/product"}],"about":[{"href":"https:\/\/tivi-samsung.com\/index.php?rest_route=\/wp\/v2\/types\/product"}],"replies":[{"embeddable":true,"href":"https:\/\/tivi-samsung.com\/index.php?rest_route=%2Fwp%2Fv2%2Fcomments&post=4281"}],"version-history":[{"count":10,"href":"https:\/\/tivi-samsung.com\/index.php?rest_route=\/wp\/v2\/product\/4281\/revisions"}],"predecessor-version":[{"id":8434,"href":"https:\/\/tivi-samsung.com\/index.php?rest_route=\/wp\/v2\/product\/4281\/revisions\/8434"}],"wp:featuredmedia":[{"embeddable":true,"href":"https:\/\/tivi-samsung.com\/index.php?rest_route=\/wp\/v2\/media\/6511"}],"wp:attachment":[{"href":"https:\/\/tivi-samsung.com\/index.php?rest_route=%2Fwp%2Fv2%2Fmedia&parent=4281"}],"wp:term":[{"taxonomy":"product_brand","embeddable":true,"href":"https:\/\/tivi-samsung.com\/index.php?rest_route=%2Fwp%2Fv2%2Fproduct_brand&post=4281"},{"taxonomy":"product_cat","embeddable":true,"href":"https:\/\/tivi-samsung.com\/index.php?rest_route=%2Fwp%2Fv2%2Fproduct_cat&post=4281"},{"taxonomy":"product_tag","embeddable":true,"href":"https:\/\/tivi-samsung.com\/index.php?rest_route=%2Fwp%2Fv2%2Fproduct_tag&post=4281"}],"curies":[{"name":"wp","href":"https:\/\/api.w.org\/{rel}","templated":true}]}}