{"id":4277,"date":"2025-09-16T16:36:57","date_gmt":"2025-09-16T16:36:57","guid":{"rendered":"https:\/\/tivi-samsung.com\/?post_type=product&#038;p=4277"},"modified":"2025-10-15T00:05:07","modified_gmt":"2025-10-14T17:05:07","slug":"smart-tivi-neo-qled-samsung-ai-8k-85-inch-qa85qn950f","status":"publish","type":"product","link":"https:\/\/tivi-samsung.com\/?product=smart-tivi-neo-qled-samsung-ai-8k-85-inch-qa85qn950f","title":{"rendered":"Smart Tivi Neo QLED Samsung AI 8K 85 inch QA85QN950F"},"content":{"rendered":"<p><strong>Th\u00f4ng tin s\u1ea3n ph\u1ea9m<\/strong><br \/>\n<a href=\"https:\/\/tokoo.vn\/danh-muc\/samsung-tvs\/\" target=\"_blank\" rel=\"noopener\"><strong>Smart Tivi Neo QLED Samsung AI 8K 85 inch QA85QN950F<\/strong><\/a> l\u00e0 m\u1eabu TV cao c\u1ea5p ra m\u1eaft n\u0103m 2025, s\u1edf h\u1eefu m\u00e0n h\u00ecnh c\u1ef1c l\u1edbn chu\u1ea9n 8K c\u00f9ng c\u00f4ng ngh\u1ec7 \u0111\u00e8n n\u1ec1n <strong>Mini LED<\/strong>. S\u1ea3n ph\u1ea9m mang \u0111\u1ebfn h\u00ecnh \u1ea3nh s\u1eafc n\u00e9t, m\u00e0u s\u1eafc r\u1ef1c r\u1ee1 v\u00e0 \u00e2m thanh v\u00f2m <strong>Dolby Atmos<\/strong> s\u1ed1ng \u0111\u1ed9ng. V\u1edbi b\u1ed9 x\u1eed l\u00fd <strong>AI NQ8<\/strong> th\u1ebf h\u1ec7 3 v\u00e0 h\u1ec7 \u0111i\u1ec1u h\u00e0nh <strong>Tizen,<\/strong> tivi \u0111\u00e1p \u1ee9ng tr\u1ecdn v\u1eb9n nhu c\u1ea7u gi\u1ea3i tr\u00ed, ch\u01a1i game v\u00e0 k\u1ebft n\u1ed1i th\u00f4ng minh trong gia \u0111\u00ecnh hi\u1ec7n \u0111\u1ea1i.<\/p>\n<p><strong>Thi\u1ebft k\u1ebf<\/strong><br \/>\n<strong>Smart Tivi Neo QLED Samsung 85 inch<\/strong> g\u00e2y \u1ea5n t\u01b0\u1ee3ng ngay t\u1eeb c\u00e1i nh\u00ecn \u0111\u1ea7u ti\u00ean v\u1edbi m\u00e0n h\u00ecnh si\u00eau l\u1edbn, mang \u0111\u1ebfn tr\u1ea3i nghi\u1ec7m \u0111\u1eadm ch\u1ea5t \u0111i\u1ec7n \u1ea3nh ngay t\u1ea1i nh\u00e0. Thi\u1ebft k\u1ebf m\u00e0n h\u00ecnh 85 inch dung nh\u1eadp h\u00e0i h\u00f2a v\u00e0o nh\u1eefng kh\u00f4ng gian l\u1edbn, r\u1ed9ng r\u00e3i nh\u01b0 ph\u00f2ng kh\u00e1ch, ph\u00f2ng h\u1ed9i ngh\u1ecb, ph\u00f2ng tri\u1ec3n l\u00e3m,&#8230;<\/p>\n<p>Vi\u1ec1n kim lo\u1ea1i \u0111\u01b0\u1ee3c ch\u1ebf t\u00e1c m\u1ecfng, tinh t\u1ebf, l\u00e0m n\u1ed5i b\u1eadt c\u1ea3m gi\u00e1c h\u00ecnh \u1ea3nh tr\u00e0n vi\u1ec1n v\u00e0 m\u1edf r\u1ed9ng t\u1ed1i \u0111a kh\u00f4ng gian hi\u1ec3n th\u1ecb. V\u1edbi m\u00e0n h\u00ecnh l\u00ean \u0111\u1ebfn 85 inch, m\u1ed7i khung h\u00ecnh tr\u1edf n\u00ean s\u1ed1ng \u0111\u1ed9ng v\u00e0 cu\u1ed1n h\u00fat, gi\u00fap ng\u01b0\u1eddi d\u00f9ng d\u1ec5 d\u00e0ng h\u00f2a m\u00ecnh v\u00e0o c\u00e1c b\u1ed9 phim, ch\u01b0\u01a1ng tr\u00ecnh th\u1ec3 thao hay tr\u00f2 ch\u01a1i \u0111i\u1ec7n t\u1eed.<\/p>\n<p>Ch\u00e2n \u0111\u1ebf kim lo\u1ea1i ch\u1eafc ch\u1eafn, c\u00e2n \u0111\u1ed1i, \u0111\u1ea3m b\u1ea3o kh\u1ea3 n\u0103ng ch\u1ecbu l\u1ef1c v\u00e0 gi\u1eef v\u1eefng tivi trong qu\u00e1 tr\u00ecnh s\u1eed d\u1ee5ng, \u0111\u1eb7c bi\u1ec7t quan tr\u1ecdng \u0111\u1ed1i v\u1edbi thi\u1ebft k\u1ebf c\u00f3 k\u00edch th\u01b0\u1edbc kh\u1ed5ng l\u1ed3 nh\u01b0 th\u1ebf n\u00e0y.<\/p>\n<p><strong><img fetchpriority=\"high\" decoding=\"async\" class=\"alignnone wp-image-5427\" src=\"https:\/\/tivi-samsung.com\/wp-content\/uploads\/2025\/09\/922b941616955203382f3d9a755b3d06-300x200.jpg\" alt=\"\" width=\"1488\" height=\"992\" srcset=\"https:\/\/tivi-samsung.com\/wp-content\/uploads\/2025\/09\/922b941616955203382f3d9a755b3d06-300x200.jpg 300w, https:\/\/tivi-samsung.com\/wp-content\/uploads\/2025\/09\/922b941616955203382f3d9a755b3d06-768x512.jpg 768w, https:\/\/tivi-samsung.com\/wp-content\/uploads\/2025\/09\/922b941616955203382f3d9a755b3d06-450x300.jpg 450w, https:\/\/tivi-samsung.com\/wp-content\/uploads\/2025\/09\/922b941616955203382f3d9a755b3d06-600x400.jpg 600w, https:\/\/tivi-samsung.com\/wp-content\/uploads\/2025\/09\/922b941616955203382f3d9a755b3d06-150x100.jpg 150w, https:\/\/tivi-samsung.com\/wp-content\/uploads\/2025\/09\/922b941616955203382f3d9a755b3d06.jpg 1020w\" sizes=\"(max-width: 1488px) 100vw, 1488px\" \/>C\u00f4ng ngh\u1ec7 h\u00ecnh \u1ea3nh<\/strong><br \/>\n<strong>Tivi Samsung<\/strong> v\u1edbi thi\u1ebft k\u1ebf hi\u1ec7n \u0111\u1ea1i m\u00e0 c\u00f2n s\u1edf h\u1eefu nhi\u1ec1u c\u00f4ng ngh\u1ec7 th\u00f4ng minh:<\/p>\n<p>&#8211; <strong>B\u1ed9 x\u1eed l\u00fd AI NQ8<\/strong> th\u1ebf h\u1ec7 3 ph\u00e2n t\u00edch v\u00e0 t\u1ed1i \u01b0u t\u1eebng khung h\u00ecnh, cho h\u00ecnh \u1ea3nh r\u00f5 n\u00e9t, m\u00e0u s\u1eafc chu\u1ea9n x\u00e1c v\u00e0 \u0111\u1ed9 t\u01b0\u01a1ng ph\u1ea3n cao. K\u1ebft h\u1ee3p v\u1edbi <strong>AI Upscaling Pro<\/strong>, n\u1ed9i dung \u0111\u1ed9 ph\u00e2n gi\u1ea3i th\u1ea5p \u0111\u01b0\u1ee3c n\u00e2ng c\u1ea5p g\u1ea7n chu\u1ea9n 8K.<\/p>\n<p><img decoding=\"async\" class=\"alignnone wp-image-5424\" src=\"https:\/\/tivi-samsung.com\/wp-content\/uploads\/2025\/09\/ad415a9ea9ea613d8b85ff62e3a05973-300x200.jpg\" alt=\"\" width=\"1445\" height=\"963\" srcset=\"https:\/\/tivi-samsung.com\/wp-content\/uploads\/2025\/09\/ad415a9ea9ea613d8b85ff62e3a05973-300x200.jpg 300w, https:\/\/tivi-samsung.com\/wp-content\/uploads\/2025\/09\/ad415a9ea9ea613d8b85ff62e3a05973-768x512.jpg 768w, https:\/\/tivi-samsung.com\/wp-content\/uploads\/2025\/09\/ad415a9ea9ea613d8b85ff62e3a05973-450x300.jpg 450w, https:\/\/tivi-samsung.com\/wp-content\/uploads\/2025\/09\/ad415a9ea9ea613d8b85ff62e3a05973-600x400.jpg 600w, https:\/\/tivi-samsung.com\/wp-content\/uploads\/2025\/09\/ad415a9ea9ea613d8b85ff62e3a05973-150x100.jpg 150w, https:\/\/tivi-samsung.com\/wp-content\/uploads\/2025\/09\/ad415a9ea9ea613d8b85ff62e3a05973.jpg 1020w\" sizes=\"(max-width: 1445px) 100vw, 1445px\" \/><\/p>\n<p>&#8211;<strong> Neo Quantum HDR 8K Pro k\u1ebft h\u1ee3p c\u00f9ng Brightness Optimizer<\/strong> h\u1ed7 tr\u1ee3 t\u00e1i t\u1ea1o chi ti\u1ebft s\u00e1ng t\u1ed1i cho khung h\u00ecnh, t\u1ef1 \u0111\u1ed9ng \u0111i\u1ec1u ch\u1ec9nh \u0111\u1ed9 s\u00e1ng theo t\u1eebng c\u1ea3nh, gi\u00fap h\u00ecnh \u1ea3nh c\u00e2n \u0111\u1ed1i trong nhi\u1ec1u \u0111i\u1ec1u ki\u1ec7n \u00e1nh s\u00e1ng.<\/p>\n<p>&#8211; <strong>Quantum Matrix Technology Pro v\u00e0 Ultimate 8K Dimming Pro<\/strong> ki\u1ec3m so\u00e1t \u0111\u00e8n n\u1ec1n <strong>Mini LED<\/strong> theo v\u00f9ng nh\u1ecf, t\u1ea1o \u0111\u1ed9 s\u00e2u v\u00e0 \u0111\u1ed9 t\u01b0\u01a1ng ph\u1ea3n v\u01b0\u1ee3t tr\u1ed9i.<\/p>\n<p>&#8211; <strong>C\u00f4ng ngh\u1ec7 Color Booster Pro<\/strong> m\u1edf r\u1ed9ng d\u1ea3i m\u00e0u, t\u00e1i hi\u1ec7n m\u00e0u s\u1eafc r\u1ef1c r\u1ee1 v\u00e0 t\u1ef1 nhi\u00ean. <strong>Real Depth Enhancer Pro<\/strong> t\u0103ng c\u01b0\u1eddng \u0111\u1ed9 s\u00e2u cho t\u1eebng l\u1edbp h\u00ecnh \u1ea3nh, mang \u0111\u1ebfn tr\u1ea3i nghi\u1ec7m ch\u00e2n th\u1ef1c h\u01a1n.<\/p>\n<p>&#8211; <strong>Motion Xcelerator 240 Hz<\/strong> k\u1ebft h\u1ee3p <strong>AI Motion Enhancer Pro<\/strong> gi\u1ea3m m\u1edd nh\u00f2e, hi\u1ec3n th\u1ecb m\u01b0\u1ee3t m\u00e0 c\u00e1c c\u1ea3nh h\u00e0nh \u0111\u1ed9ng hay th\u1ec3 thao.<\/p>\n<p>&#8211; Ng\u01b0\u1eddi d\u00f9ng y\u00eau th\u00edch \u0111i\u1ec7n \u1ea3nh c\u00f3 th\u1ec3 b\u1eadt ch\u1ebf \u0111\u1ed9 <strong>FilmMaker Mode<\/strong> \u0111\u1ec3 th\u01b0\u1edfng th\u1ee9c phim \u0111\u00fang chu\u1ea9n g\u1ed1c c\u1ee7a nh\u00e0 s\u1ea3n xu\u1ea5t.<\/p>\n<p>&#8211; \u0110\u1ed1i v\u1edbi game th\u1ee7, <strong>ALLM, FreeSync Premium Pro, Super Ultra Wide Game View v\u00e0 Game Motion Plus<\/strong> gi\u00fap gi\u1ea3m \u0111\u1ed9 tr\u1ec5, h\u1ea1n ch\u1ebf x\u00e9 h\u00ecnh, t\u1ed1i \u01b0u cho tr\u1ea3i nghi\u1ec7m ch\u01a1i game t\u1ed1c \u0111\u1ed9 cao.<\/p>\n<p>&#8211; M\u00e0n h\u00ecnh c\u00f2n c\u00f3 l\u1edbp ch\u1ed1ng ph\u1ea3n s\u00e1ng <strong>Glare Free<\/strong> v\u00e0 c\u00f4ng ngh\u1ec7<strong> EyeComfort<\/strong> t\u1ef1 \u0111\u1ed9ng \u0111i\u1ec1u ch\u1ec9nh \u00e1nh s\u00e1ng, b\u1ea3o v\u1ec7 m\u1eaft khi xem l\u00e2u.<\/p>\n<p><img decoding=\"async\" class=\"alignnone wp-image-5423\" src=\"https:\/\/tivi-samsung.com\/wp-content\/uploads\/2025\/09\/fec93fedb591afc8972be64e0c24d798-300x200.jpg\" alt=\"\" width=\"1443\" height=\"962\" srcset=\"https:\/\/tivi-samsung.com\/wp-content\/uploads\/2025\/09\/fec93fedb591afc8972be64e0c24d798-300x200.jpg 300w, https:\/\/tivi-samsung.com\/wp-content\/uploads\/2025\/09\/fec93fedb591afc8972be64e0c24d798-768x512.jpg 768w, https:\/\/tivi-samsung.com\/wp-content\/uploads\/2025\/09\/fec93fedb591afc8972be64e0c24d798-450x300.jpg 450w, https:\/\/tivi-samsung.com\/wp-content\/uploads\/2025\/09\/fec93fedb591afc8972be64e0c24d798-600x400.jpg 600w, https:\/\/tivi-samsung.com\/wp-content\/uploads\/2025\/09\/fec93fedb591afc8972be64e0c24d798-150x100.jpg 150w, https:\/\/tivi-samsung.com\/wp-content\/uploads\/2025\/09\/fec93fedb591afc8972be64e0c24d798.jpg 1020w\" sizes=\"(max-width: 1443px) 100vw, 1443px\" \/><\/p>\n<p><strong>C\u00f4ng ngh\u1ec7 \u00e2m thanh<\/strong><br \/>\nTivi t\u00edch h\u1ee3p h\u1ec7 th\u1ed1ng loa c\u00f4ng su\u1ea5t 90W v\u1edbi \u00e2m thanh v\u00f2m <strong>Dolby Atmos<\/strong>. <strong>C\u00f4ng ngh\u1ec7 OTS Pro<\/strong> cho hi\u1ec7u \u1ee9ng \u00e2m thanh chuy\u1ec3n \u0111\u1ed9ng theo h\u00ecnh \u1ea3nh, mang \u0111\u1ebfn s\u1ef1 nh\u1eadp vai t\u1ed1i \u0111a.<\/p>\n<p><strong>Adaptive Sound Pro<\/strong> t\u1ed1i \u01b0u \u00e2m thanh theo t\u1eebng n\u1ed9i dung k\u1ebft h\u1ee3p<strong> Active Voice Amplifier Pro<\/strong> t\u0103ng \u0111\u1ed9 r\u00f5 gi\u1ecdng tho\u1ea1i, h\u1ea1n ch\u1ebf ti\u1ebfng \u1ed3n xung quanh.<\/p>\n<p><strong>Q-Symphony Next<\/strong> \u0111\u1ed3ng b\u1ed9 loa tivi v\u1edbi loa thanh, cho ch\u1ea5t \u00e2m \u0111\u1ed3ng \u0111\u1ec1u v\u00e0 m\u1ea1nh m\u1ebd h\u01a1n. Ng\u01b0\u1eddi d\u00f9ng c\u00f3 th\u1ec3 tr\u1ea3i nghi\u1ec7m h\u1ec7 th\u1ed1ng \u00e2m thanh v\u00f2m s\u1ed1ng \u0111\u1ed9ng ngay t\u1ea1i nh\u00e0.<\/p>\n<p><img loading=\"lazy\" decoding=\"async\" class=\"alignnone wp-image-5425\" src=\"https:\/\/tivi-samsung.com\/wp-content\/uploads\/2025\/09\/532fd870b26c0ff96f74c42902070db9-300x200.jpg\" alt=\"\" width=\"1442\" height=\"961\" srcset=\"https:\/\/tivi-samsung.com\/wp-content\/uploads\/2025\/09\/532fd870b26c0ff96f74c42902070db9-300x200.jpg 300w, https:\/\/tivi-samsung.com\/wp-content\/uploads\/2025\/09\/532fd870b26c0ff96f74c42902070db9-768x512.jpg 768w, https:\/\/tivi-samsung.com\/wp-content\/uploads\/2025\/09\/532fd870b26c0ff96f74c42902070db9-450x300.jpg 450w, https:\/\/tivi-samsung.com\/wp-content\/uploads\/2025\/09\/532fd870b26c0ff96f74c42902070db9-600x400.jpg 600w, https:\/\/tivi-samsung.com\/wp-content\/uploads\/2025\/09\/532fd870b26c0ff96f74c42902070db9-150x100.jpg 150w, https:\/\/tivi-samsung.com\/wp-content\/uploads\/2025\/09\/532fd870b26c0ff96f74c42902070db9.jpg 1020w\" sizes=\"(max-width: 1442px) 100vw, 1442px\" \/><\/p>\n<p><strong>H\u1ec7 \u0111i\u1ec1u h\u00e0nh<\/strong><br \/>\nTivi \u0111\u01b0\u1ee3c trang b\u1ecb h\u1ec7 \u0111i\u1ec1u h\u00e0nh <strong>Tizen\u2122<\/strong> c\u00f3 giao di\u1ec7n tr\u1ef1c quan, thi\u1ebft k\u1ebf cho ng\u01b0\u1eddi d\u00f9ng l\u00e0m quen v\u00e0 xem n\u1ed9i dung m\u00ecnh mu\u1ed1n d\u1ec5 d\u00e0ng. Kho \u1ee9ng d\u1ee5ng phong ph\u00fa th\u1ecfa m\u00e3n \u0111\u01b0\u1ee3c c\u00e1c s\u1edf th\u00edch gi\u1ea3i tr\u00ed c\u1ee7a t\u1eebng th\u00e0nh vi\u00ean trong gia \u0111\u00ecnh.<\/p>\n<p><img loading=\"lazy\" decoding=\"async\" class=\"alignnone wp-image-5422\" src=\"https:\/\/tivi-samsung.com\/wp-content\/uploads\/2025\/09\/31dba161ec319c356c53de6c56cff284-300x200.jpg\" alt=\"\" width=\"1442\" height=\"961\" srcset=\"https:\/\/tivi-samsung.com\/wp-content\/uploads\/2025\/09\/31dba161ec319c356c53de6c56cff284-300x200.jpg 300w, https:\/\/tivi-samsung.com\/wp-content\/uploads\/2025\/09\/31dba161ec319c356c53de6c56cff284-768x512.jpg 768w, https:\/\/tivi-samsung.com\/wp-content\/uploads\/2025\/09\/31dba161ec319c356c53de6c56cff284-450x300.jpg 450w, https:\/\/tivi-samsung.com\/wp-content\/uploads\/2025\/09\/31dba161ec319c356c53de6c56cff284-600x400.jpg 600w, https:\/\/tivi-samsung.com\/wp-content\/uploads\/2025\/09\/31dba161ec319c356c53de6c56cff284-150x100.jpg 150w, https:\/\/tivi-samsung.com\/wp-content\/uploads\/2025\/09\/31dba161ec319c356c53de6c56cff284.jpg 1020w\" sizes=\"(max-width: 1442px) 100vw, 1442px\" \/><\/p>\n<p><strong>Ti\u1ec7n \u00edch<\/strong><br \/>\nH\u1ed7 tr\u1ee3 t\u00ecm ki\u1ebfm gi\u1ecdng n\u00f3i b\u1eb1ng ti\u1ebfng Vi\u1ec7t qua<strong> Bixby<\/strong>. Ngo\u00e0i ra, tivi c\u00f2n t\u00edch h\u1ee3p<strong> Far Field Voice<\/strong>, cho ph\u00e9p \u0111i\u1ec1u khi\u1ec3n b\u1eb1ng gi\u1ecdng n\u00f3i t\u1eeb xa m\u00e0 kh\u00f4ng c\u1ea7n remote.<\/p>\n<p>Ng\u01b0\u1eddi d\u00f9ng d\u1ec5 d\u00e0ng \u0111i\u1ec1u khi\u1ec3n tivi th\u00f4ng qua \u1ee9ng d\u1ee5ng <strong>SmartThings<\/strong> h\u1ed7 tr\u1ee3 k\u1ebft n\u1ed1i v\u1edbi c\u00e1c thi\u1ebft b\u1ecb th\u00f4ng minh, ki\u1ec3m so\u00e1t ho\u1ea1t \u0111\u1ed9ng d\u1ec5 d\u00e0ng m\u00e0 kh\u00f4ng c\u1ea7n tr\u1ef1c ti\u1ebfp \u0111\u1ebfn g\u1ea7n nh\u1eefng thi\u1ebft b\u1ecb \u0111\u00f3.<\/p>\n<p>V\u1edbi <strong>Multi View<\/strong>, b\u1ea1n c\u00f3 th\u1ec3 chia \u0111\u00f4i m\u00e0n h\u00ecnh tivi \u0111\u1ec3 xem c\u00f9ng l\u00fac nhi\u1ec1u n\u1ed9i dung.<\/p>\n<p>Tivi c\u00f2n \u0111\u01b0\u1ee3c trang b\u1ecb<strong> One Remote<\/strong> &#8211; chi\u1ebfc \u0111i\u1ec1u khi\u1ec3n t\u1eeb xa c\u00f3 th\u1ec3 s\u1ea1c pin l\u1ea1i d\u1ec5 d\u00e0ng qua \u00e1nh n\u1eafng, \u00e1nh \u0111\u00e8n, nh\u1edd \u0111\u00f3 tr\u00e1nh d\u00f9ng pin m\u1ed9t l\u1ea7n g\u00e2y h\u1ea1i cho m\u00f4i tr\u01b0\u1eddng s\u1ed1ng.<\/p>\n<p>Kho tranh Art Store bi\u1ebfn m\u00e0n h\u00ecnh tivi th\u00e0nh khung tranh k\u1ef9 thu\u1eadt s\u1ed1, n\u00e2ng cao gi\u00e1 tr\u1ecb th\u1ea9m m\u1ef9 cho kh\u00f4ng gian s\u1ed1ng.<\/p>\n<p><img loading=\"lazy\" decoding=\"async\" class=\"alignnone wp-image-5426\" src=\"https:\/\/tivi-samsung.com\/wp-content\/uploads\/2025\/09\/39f377b4d310fbbdcb42f3aef71cb182-300x200.jpg\" alt=\"\" width=\"1445\" height=\"963\" srcset=\"https:\/\/tivi-samsung.com\/wp-content\/uploads\/2025\/09\/39f377b4d310fbbdcb42f3aef71cb182-300x200.jpg 300w, https:\/\/tivi-samsung.com\/wp-content\/uploads\/2025\/09\/39f377b4d310fbbdcb42f3aef71cb182-768x512.jpg 768w, https:\/\/tivi-samsung.com\/wp-content\/uploads\/2025\/09\/39f377b4d310fbbdcb42f3aef71cb182-450x300.jpg 450w, https:\/\/tivi-samsung.com\/wp-content\/uploads\/2025\/09\/39f377b4d310fbbdcb42f3aef71cb182-600x400.jpg 600w, https:\/\/tivi-samsung.com\/wp-content\/uploads\/2025\/09\/39f377b4d310fbbdcb42f3aef71cb182-150x100.jpg 150w, https:\/\/tivi-samsung.com\/wp-content\/uploads\/2025\/09\/39f377b4d310fbbdcb42f3aef71cb182.jpg 1020w\" sizes=\"(max-width: 1445px) 100vw, 1445px\" \/><\/p>\n<p><em><strong>Smart Tivi Neo QLED Samsung 8K 85 inch 2025<\/strong> h\u1ed9i t\u1ee5 c\u00f4ng ngh\u1ec7 h\u00ecnh \u1ea3nh 8K AI, \u00e2m thanh Dolby Atmos 90W, t\u1ea7n s\u1ed1 qu\u00e9t 240Hz c\u00f9ng h\u1ec7 sinh th\u00e1i Tizen\u2122 th\u00f4ng minh. Thi\u1ebft k\u1ebf sang tr\u1ecdng, m\u00e0n h\u00ecnh si\u00eau l\u1edbn v\u00e0 lo\u1ea1t ti\u1ec7n \u00edch AI khi\u1ebfn s\u1ea3n ph\u1ea9m tr\u1edf th\u00e0nh trung t\u00e2m gi\u1ea3i tr\u00ed \u0111\u1eb3ng c\u1ea5p cho gia \u0111\u00ecnh v\u00e0 kh\u00f4ng gian hi\u1ec7n \u0111\u1ea1i.<\/em><\/p>\n<p><script src=\"chrome-extension:\/\/fpelahbljekknahkcaegamhcndkfpfnc\/iFrame.js\" type=\"text\/javascript\"><\/script><\/p>\n<p><script src=\"chrome-extension:\/\/fpelahbljekknahkcaegamhcndkfpfnc\/iFrame.js\" type=\"text\/javascript\"><\/script><\/p>\n<p><script src=\"chrome-extension:\/\/fpelahbljekknahkcaegamhcndkfpfnc\/iFrame.js\" type=\"text\/javascript\"><\/script><\/p>\n","protected":false},"excerpt":{"rendered":"<p>&nbsp;<\/p>\n<p><script src=\"chrome-extension:\/\/fpelahbljekknahkcaegamhcndkfpfnc\/iFrame.js\" type=\"text\/javascript\"><\/script><\/p>\n<p><script src=\"chrome-extension:\/\/fpelahbljekknahkcaegamhcndkfpfnc\/iFrame.js\" type=\"text\/javascript\"><\/script><\/p>\n<p><script src=\"chrome-extension:\/\/fpelahbljekknahkcaegamhcndkfpfnc\/iFrame.js\" type=\"text\/javascript\"><\/script><\/p>\n<p><script src=\"chrome-extension:\/\/fpelahbljekknahkcaegamhcndkfpfnc\/iFrame.js\" type=\"text\/javascript\"><\/script><\/p>\n<p><script src=\"chrome-extension:\/\/fpelahbljekknahkcaegamhcndkfpfnc\/iFrame.js\" type=\"text\/javascript\"><\/script><\/p>\n<p><script src=\"chrome-extension:\/\/fpelahbljekknahkcaegamhcndkfpfnc\/iFrame.js\" type=\"text\/javascript\"><\/script><\/p>\n","protected":false},"featured_media":6525,"comment_status":"open","ping_status":"closed","template":"","meta":[],"product_brand":[88],"product_cat":[68,76,139,144],"product_tag":[],"class_list":{"0":"post-4277","1":"product","2":"type-product","3":"status-publish","4":"has-post-thumbnail","6":"product_brand-samsung","7":"product_cat-smart-tv","8":"product_cat-televisions","9":"product_cat-tv-neo-qled","10":"product_cat-tv-neo-qled-8k","11":"pa_kich-co-man-hinh-tu-75-85-inch","13":"first","14":"instock","15":"shipping-taxable","16":"purchasable","17":"product-type-simple"},"_links":{"self":[{"href":"https:\/\/tivi-samsung.com\/index.php?rest_route=\/wp\/v2\/product\/4277","targetHints":{"allow":["GET"]}}],"collection":[{"href":"https:\/\/tivi-samsung.com\/index.php?rest_route=\/wp\/v2\/product"}],"about":[{"href":"https:\/\/tivi-samsung.com\/index.php?rest_route=\/wp\/v2\/types\/product"}],"replies":[{"embeddable":true,"href":"https:\/\/tivi-samsung.com\/index.php?rest_route=%2Fwp%2Fv2%2Fcomments&post=4277"}],"version-history":[{"count":8,"href":"https:\/\/tivi-samsung.com\/index.php?rest_route=\/wp\/v2\/product\/4277\/revisions"}],"predecessor-version":[{"id":8435,"href":"https:\/\/tivi-samsung.com\/index.php?rest_route=\/wp\/v2\/product\/4277\/revisions\/8435"}],"wp:featuredmedia":[{"embeddable":true,"href":"https:\/\/tivi-samsung.com\/index.php?rest_route=\/wp\/v2\/media\/6525"}],"wp:attachment":[{"href":"https:\/\/tivi-samsung.com\/index.php?rest_route=%2Fwp%2Fv2%2Fmedia&parent=4277"}],"wp:term":[{"taxonomy":"product_brand","embeddable":true,"href":"https:\/\/tivi-samsung.com\/index.php?rest_route=%2Fwp%2Fv2%2Fproduct_brand&post=4277"},{"taxonomy":"product_cat","embeddable":true,"href":"https:\/\/tivi-samsung.com\/index.php?rest_route=%2Fwp%2Fv2%2Fproduct_cat&post=4277"},{"taxonomy":"product_tag","embeddable":true,"href":"https:\/\/tivi-samsung.com\/index.php?rest_route=%2Fwp%2Fv2%2Fproduct_tag&post=4277"}],"curies":[{"name":"wp","href":"https:\/\/api.w.org\/{rel}","templated":true}]}}