{"id":4269,"date":"2025-09-16T16:23:56","date_gmt":"2025-09-16T16:23:56","guid":{"rendered":"https:\/\/tivi-samsung.com\/?post_type=product&#038;p=4269"},"modified":"2025-10-15T00:06:55","modified_gmt":"2025-10-14T17:06:55","slug":"smart-tivi-neo-qled-samsung-ai-4k-85-inch-qa85qn70f","status":"publish","type":"product","link":"https:\/\/tivi-samsung.com\/?product=smart-tivi-neo-qled-samsung-ai-4k-85-inch-qa85qn70f","title":{"rendered":"Smart Tivi Neo QLED Samsung AI 4K 85 inch  QA85QN70F"},"content":{"rendered":"<p><strong>Th\u00f4ng tin s\u1ea3n ph\u1ea9m<\/strong><br \/>\nT\u1eadn h\u01b0\u1edfng tr\u1ea3i nghi\u1ec7m gi\u1ea3i tr\u00ed \u0111\u1ec9nh cao v\u1edbi m\u00e0n h\u00ecnh <strong>Neo QLED 85<\/strong> inch r\u1ed9ng l\u1edbn, b\u1ed9 x\u1eed l\u00fd <strong>AI NQ4<\/strong> th\u1ebf h\u1ec7 2 t\u1ed1i \u01b0u t\u1eebng khung h\u00ecnh v\u00e0 \u00e2m thanh s\u1ed1ng \u0111\u1ed9ng.<\/p>\n<p><strong>Thi\u1ebft k\u1ebf<\/strong><br \/>\n<strong><a href=\"https:\/\/tokoo.vn\/danh-muc\/samsung-tvs\/\" target=\"_blank\" rel=\"noopener\">Samsung QA85QN70F <\/a><\/strong>s\u1edf h\u1eefu thi\u1ebft k\u1ebf <strong>AirSlim<\/strong> v\u1edbi vi\u1ec1n m\u1ecfng tinh t\u1ebf, thanh m\u1ea3nh, mang l\u1ea1i v\u1ebb ngo\u00e0i hi\u1ec7n \u0111\u1ea1i v\u00e0 sang tr\u1ecdng. Thi\u1ebft k\u1ebf n\u00e0y kh\u00f4ng ch\u1ec9 t\u1ed1i \u01b0u di\u1ec7n t\u00edch l\u1eafp \u0111\u1eb7t m\u00e0 c\u00f2n n\u00e2ng cao t\u00ednh th\u1ea9m m\u1ef9, khi\u1ebfn tivi tr\u1edf th\u00e0nh \u0111i\u1ec3m nh\u1ea5n n\u1ed5i b\u1eadt trong kh\u00f4ng gian s\u1ed1ng.<\/p>\n<p>K\u00edch th\u01b0\u1edbc m\u00e0n h\u00ecnh 85 inch l\u00fd t\u01b0\u1edfng cho kh\u00f4ng gian r\u1ed9ng nh\u01b0 ph\u00f2ng kh\u00e1ch hay ph\u00f2ng gi\u1ea3i tr\u00ed ri\u00eang, mang \u0111\u1ebfn tr\u1ea3i nghi\u1ec7m \u0111i\u1ec7n \u1ea3nh s\u1ed1ng \u0111\u1ed9ng ngay t\u1ea1i nh\u00e0. Tivi c\u00f3 th\u1ec3 treo t\u01b0\u1eddng g\u1ecdn g\u00e0ng ho\u1eb7c \u0111\u1eb7t tr\u00ean ch\u00e2n \u0111\u1ebf v\u1eefng ch\u1eafc, ph\u00f9 h\u1ee3p v\u1edbi nhi\u1ec1u c\u00e1ch b\u1ed1 tr\u00ed n\u1ed9i th\u1ea5t kh\u00e1c nhau.<\/p>\n<p><img fetchpriority=\"high\" decoding=\"async\" class=\"alignnone wp-image-5461\" src=\"https:\/\/tivi-samsung.com\/wp-content\/uploads\/2025\/09\/smart-tivi-neo-qled-samsung-ai-4k-85-inch-qa85qn70f-thiet-ke-638938052886090783-300x200.jpg\" alt=\"\" width=\"1448\" height=\"965\" srcset=\"https:\/\/tivi-samsung.com\/wp-content\/uploads\/2025\/09\/smart-tivi-neo-qled-samsung-ai-4k-85-inch-qa85qn70f-thiet-ke-638938052886090783-300x200.jpg 300w, https:\/\/tivi-samsung.com\/wp-content\/uploads\/2025\/09\/smart-tivi-neo-qled-samsung-ai-4k-85-inch-qa85qn70f-thiet-ke-638938052886090783-768x512.jpg 768w, https:\/\/tivi-samsung.com\/wp-content\/uploads\/2025\/09\/smart-tivi-neo-qled-samsung-ai-4k-85-inch-qa85qn70f-thiet-ke-638938052886090783-450x300.jpg 450w, https:\/\/tivi-samsung.com\/wp-content\/uploads\/2025\/09\/smart-tivi-neo-qled-samsung-ai-4k-85-inch-qa85qn70f-thiet-ke-638938052886090783-600x400.jpg 600w, https:\/\/tivi-samsung.com\/wp-content\/uploads\/2025\/09\/smart-tivi-neo-qled-samsung-ai-4k-85-inch-qa85qn70f-thiet-ke-638938052886090783-150x100.jpg 150w, https:\/\/tivi-samsung.com\/wp-content\/uploads\/2025\/09\/smart-tivi-neo-qled-samsung-ai-4k-85-inch-qa85qn70f-thiet-ke-638938052886090783.jpg 1020w\" sizes=\"(max-width: 1448px) 100vw, 1448px\" \/><\/p>\n<p><strong>C\u00f4ng ngh\u1ec7 h\u00ecnh \u1ea3nh<\/strong><br \/>\nB\u1ed9 x\u1eed l\u00fd <strong>AI NQ4<\/strong> th\u1ebf h\u1ec7 2 ph\u00e2n t\u00edch v\u00e0 t\u1ed1i \u01b0u khung h\u00ecnh theo th\u1eddi gian th\u1ef1c, t\u1ef1 \u0111\u1ed9ng tinh ch\u1ec9nh m\u00e0u s\u1eafc, \u0111\u1ed9 s\u00e1ng v\u00e0 chi ti\u1ebft \u0111\u1ec3 h\u00ecnh \u1ea3nh lu\u00f4n r\u00f5 n\u00e9t, h\u00e0i h\u00f2a. Nh\u1eefng n\u1ed9i dung ch\u01b0a \u0111\u1ea1t chu\u1ea9n c\u0169ng s\u1ebd \u0111\u01b0\u1ee3c t\u00e1i t\u1ea1o v\u1edbi ch\u1ea5t l\u01b0\u1ee3ng g\u1ea7n chu\u1ea9n 4K b\u1eb1ng AI, cho c\u1ea3nh quay tr\u1edf n\u00ean s\u1ed1ng \u0111\u1ed9ng v\u00e0 t\u1ef1 nhi\u00ean h\u01a1n.<\/p>\n<p><img decoding=\"async\" class=\"alignnone wp-image-5459\" src=\"https:\/\/tivi-samsung.com\/wp-content\/uploads\/2025\/09\/smart-tivi-neo-qled-samsung-ai-4k-85-inch-qa85qn70f-2-1020x570-1-300x168.jpg\" alt=\"\" width=\"1443\" height=\"808\" srcset=\"https:\/\/tivi-samsung.com\/wp-content\/uploads\/2025\/09\/smart-tivi-neo-qled-samsung-ai-4k-85-inch-qa85qn70f-2-1020x570-1-300x168.jpg 300w, https:\/\/tivi-samsung.com\/wp-content\/uploads\/2025\/09\/smart-tivi-neo-qled-samsung-ai-4k-85-inch-qa85qn70f-2-1020x570-1-768x429.jpg 768w, https:\/\/tivi-samsung.com\/wp-content\/uploads\/2025\/09\/smart-tivi-neo-qled-samsung-ai-4k-85-inch-qa85qn70f-2-1020x570-1-450x251.jpg 450w, https:\/\/tivi-samsung.com\/wp-content\/uploads\/2025\/09\/smart-tivi-neo-qled-samsung-ai-4k-85-inch-qa85qn70f-2-1020x570-1-600x335.jpg 600w, https:\/\/tivi-samsung.com\/wp-content\/uploads\/2025\/09\/smart-tivi-neo-qled-samsung-ai-4k-85-inch-qa85qn70f-2-1020x570-1-150x84.jpg 150w, https:\/\/tivi-samsung.com\/wp-content\/uploads\/2025\/09\/smart-tivi-neo-qled-samsung-ai-4k-85-inch-qa85qn70f-2-1020x570-1.jpg 1020w\" sizes=\"(max-width: 1443px) 100vw, 1443px\" \/><\/p>\n<p><strong>M\u00e0n h\u00ecnh Neo QLED<\/strong> c\u00f9ng c\u00f4ng ngh\u1ec7 \u0111\u00e8n n\u1ec1n <strong>Quantum Matrix Technology Slim<\/strong> ki\u1ec3m so\u00e1t ch\u00ednh x\u00e1c t\u1eebng v\u00f9ng s\u00e1ng, gi\u00fap b\u1eadt r\u00f5 t\u1eebng chi ti\u1ebft mang \u0111\u1ebfn \u0111\u1ed9 t\u01b0\u01a1ng ph\u1ea3n s\u1eafc n\u00e9t.<\/p>\n<p><img decoding=\"async\" class=\"alignnone wp-image-5460\" src=\"https:\/\/tivi-samsung.com\/wp-content\/uploads\/2025\/09\/smart-tivi-neo-qled-samsung-ai-4k-85-inch-qa85qn70f-3-1020x570-1-300x168.jpg\" alt=\"\" width=\"1445\" height=\"809\" srcset=\"https:\/\/tivi-samsung.com\/wp-content\/uploads\/2025\/09\/smart-tivi-neo-qled-samsung-ai-4k-85-inch-qa85qn70f-3-1020x570-1-300x168.jpg 300w, https:\/\/tivi-samsung.com\/wp-content\/uploads\/2025\/09\/smart-tivi-neo-qled-samsung-ai-4k-85-inch-qa85qn70f-3-1020x570-1-768x429.jpg 768w, https:\/\/tivi-samsung.com\/wp-content\/uploads\/2025\/09\/smart-tivi-neo-qled-samsung-ai-4k-85-inch-qa85qn70f-3-1020x570-1-450x251.jpg 450w, https:\/\/tivi-samsung.com\/wp-content\/uploads\/2025\/09\/smart-tivi-neo-qled-samsung-ai-4k-85-inch-qa85qn70f-3-1020x570-1-600x335.jpg 600w, https:\/\/tivi-samsung.com\/wp-content\/uploads\/2025\/09\/smart-tivi-neo-qled-samsung-ai-4k-85-inch-qa85qn70f-3-1020x570-1-150x84.jpg 150w, https:\/\/tivi-samsung.com\/wp-content\/uploads\/2025\/09\/smart-tivi-neo-qled-samsung-ai-4k-85-inch-qa85qn70f-3-1020x570-1.jpg 1020w\" sizes=\"(max-width: 1445px) 100vw, 1445px\" \/><\/p>\n<p>&nbsp;<\/p>\n<p><strong>C\u00f4ng ngh\u1ec7 Color Booster Pro<\/strong> v\u00e0<strong> Neo Quantum HDR<\/strong> ph\u1ed1i h\u1ee3p t\u0103ng c\u01b0\u1eddng d\u1ea3i m\u00e0u v\u00e0 m\u1edf r\u1ed9ng \u0111\u1ed9 t\u01b0\u01a1ng ph\u1ea3n, gi\u00fap t\u1eebng khung h\u00ecnh hi\u1ec3n th\u1ecb r\u00f5 chi ti\u1ebft \u1edf c\u1ea3 v\u00f9ng s\u00e1ng l\u1eabn v\u00f9ng t\u1ed1i. \u0110\u1ed3ng th\u1eddi,<strong> Auto HDR Remastering<\/strong> h\u1ed7 tr\u1ee3 n\u00e2ng c\u1ea5p c\u00e1c n\u1ed9i dung SDR l\u00ean g\u1ea7n chu\u1ea9n HDR, mang \u0111\u1ebfn m\u00e0u s\u1eafc r\u1ef1c r\u1ee1 c\u00f9ng \u0111i\u1ec3m nh\u1ea5n s\u1ed1ng \u0111\u1ed9ng h\u01a1n.<\/p>\n<p><img loading=\"lazy\" decoding=\"async\" class=\"alignnone wp-image-5451\" src=\"https:\/\/tivi-samsung.com\/wp-content\/uploads\/2025\/09\/smart-tivi-neo-qled-samsung-ai-4k-85-inch-qa85qn70f-5-1020x570-1-300x168.jpg\" alt=\"\" width=\"1445\" height=\"809\" srcset=\"https:\/\/tivi-samsung.com\/wp-content\/uploads\/2025\/09\/smart-tivi-neo-qled-samsung-ai-4k-85-inch-qa85qn70f-5-1020x570-1-300x168.jpg 300w, https:\/\/tivi-samsung.com\/wp-content\/uploads\/2025\/09\/smart-tivi-neo-qled-samsung-ai-4k-85-inch-qa85qn70f-5-1020x570-1-768x429.jpg 768w, https:\/\/tivi-samsung.com\/wp-content\/uploads\/2025\/09\/smart-tivi-neo-qled-samsung-ai-4k-85-inch-qa85qn70f-5-1020x570-1-450x251.jpg 450w, https:\/\/tivi-samsung.com\/wp-content\/uploads\/2025\/09\/smart-tivi-neo-qled-samsung-ai-4k-85-inch-qa85qn70f-5-1020x570-1-600x335.jpg 600w, https:\/\/tivi-samsung.com\/wp-content\/uploads\/2025\/09\/smart-tivi-neo-qled-samsung-ai-4k-85-inch-qa85qn70f-5-1020x570-1-150x84.jpg 150w, https:\/\/tivi-samsung.com\/wp-content\/uploads\/2025\/09\/smart-tivi-neo-qled-samsung-ai-4k-85-inch-qa85qn70f-5-1020x570-1.jpg 1020w\" sizes=\"(max-width: 1445px) 100vw, 1445px\" \/><\/p>\n<p><strong>Real Depth Enhancer<\/strong> t\u0103ng c\u01b0\u1eddng \u0111\u1ed9 n\u1ed5i kh\u1ed1i, t\u00e1ch ch\u1ee7 th\u1ec3 kh\u1ecfi n\u1ec1n, t\u00e1i hi\u1ec7n chi\u1ec1u s\u00e2u t\u1ef1 nhi\u00ean mang l\u1ea1i c\u1ea3m gi\u00e1c ch\u00e2n th\u1ef1c, s\u1ed1ng \u0111\u1ed9ng. <strong>Supreme UHD Dimming<\/strong> chia nh\u1ecf m\u00e0n h\u00ecnh th\u00e0nh nhi\u1ec1u v\u00f9ng \u0111\u1ec3 t\u1ed1i \u01b0u \u0111\u1ed9 s\u00e1ng t\u1ed1i v\u00e0 \u0111\u1ed9 t\u01b0\u01a1ng ph\u1ea3n, nh\u1edd \u0111\u00f3 t\u1eebng khung h\u00ecnh tr\u1edf n\u00ean r\u00f5 r\u00e0ng, s\u1eafc n\u00e9t v\u00e0 t\u1ef1 nhi\u00ean h\u01a1n.<\/p>\n<p><img loading=\"lazy\" decoding=\"async\" class=\"alignnone wp-image-5456\" src=\"https:\/\/tivi-samsung.com\/wp-content\/uploads\/2025\/09\/smart-tivi-neo-qled-samsung-ai-4k-85-inch-qa85qn70f-4-638938054054932017-300x168.jpg\" alt=\"\" width=\"1445\" height=\"809\" srcset=\"https:\/\/tivi-samsung.com\/wp-content\/uploads\/2025\/09\/smart-tivi-neo-qled-samsung-ai-4k-85-inch-qa85qn70f-4-638938054054932017-300x168.jpg 300w, https:\/\/tivi-samsung.com\/wp-content\/uploads\/2025\/09\/smart-tivi-neo-qled-samsung-ai-4k-85-inch-qa85qn70f-4-638938054054932017-768x429.jpg 768w, https:\/\/tivi-samsung.com\/wp-content\/uploads\/2025\/09\/smart-tivi-neo-qled-samsung-ai-4k-85-inch-qa85qn70f-4-638938054054932017-450x251.jpg 450w, https:\/\/tivi-samsung.com\/wp-content\/uploads\/2025\/09\/smart-tivi-neo-qled-samsung-ai-4k-85-inch-qa85qn70f-4-638938054054932017-600x335.jpg 600w, https:\/\/tivi-samsung.com\/wp-content\/uploads\/2025\/09\/smart-tivi-neo-qled-samsung-ai-4k-85-inch-qa85qn70f-4-638938054054932017-150x84.jpg 150w, https:\/\/tivi-samsung.com\/wp-content\/uploads\/2025\/09\/smart-tivi-neo-qled-samsung-ai-4k-85-inch-qa85qn70f-4-638938054054932017.jpg 1020w\" sizes=\"(max-width: 1445px) 100vw, 1445px\" \/><\/p>\n<p><strong>Motion Xcelerator 144 Hz<\/strong> cho h\u00ecnh \u1ea3nh m\u01b0\u1ee3t m\u00e0 h\u01a1n khi xem th\u1ec3 thao ho\u1eb7c phim h\u00e0nh \u0111\u1ed9ng, gi\u1ea3m hi\u1ec7n t\u01b0\u1ee3ng m\u1edd nh\u00f2e.<\/p>\n<p><img loading=\"lazy\" decoding=\"async\" class=\"alignnone wp-image-5453\" src=\"https:\/\/tivi-samsung.com\/wp-content\/uploads\/2025\/09\/smart-tivi-neo-qled-samsung-ai-4k-85-inch-qa85qn70f-6-638938054235474889-300x168.jpg\" alt=\"\" width=\"1446\" height=\"810\" srcset=\"https:\/\/tivi-samsung.com\/wp-content\/uploads\/2025\/09\/smart-tivi-neo-qled-samsung-ai-4k-85-inch-qa85qn70f-6-638938054235474889-300x168.jpg 300w, https:\/\/tivi-samsung.com\/wp-content\/uploads\/2025\/09\/smart-tivi-neo-qled-samsung-ai-4k-85-inch-qa85qn70f-6-638938054235474889-768x429.jpg 768w, https:\/\/tivi-samsung.com\/wp-content\/uploads\/2025\/09\/smart-tivi-neo-qled-samsung-ai-4k-85-inch-qa85qn70f-6-638938054235474889-450x251.jpg 450w, https:\/\/tivi-samsung.com\/wp-content\/uploads\/2025\/09\/smart-tivi-neo-qled-samsung-ai-4k-85-inch-qa85qn70f-6-638938054235474889-600x335.jpg 600w, https:\/\/tivi-samsung.com\/wp-content\/uploads\/2025\/09\/smart-tivi-neo-qled-samsung-ai-4k-85-inch-qa85qn70f-6-638938054235474889-150x84.jpg 150w, https:\/\/tivi-samsung.com\/wp-content\/uploads\/2025\/09\/smart-tivi-neo-qled-samsung-ai-4k-85-inch-qa85qn70f-6-638938054235474889.jpg 1020w\" sizes=\"(max-width: 1446px) 100vw, 1446px\" \/><\/p>\n<p>S\u1ef1 k\u1ebft h\u1ee3p gi\u1eefa <strong>FreeSync Premium Pro<\/strong> v\u00e0 <strong>Auto Low Latency Mode (ALLM)<\/strong> gi\u00fap gi\u1ea3m \u0111\u1ed9 tr\u1ec5 t\u00edn hi\u1ec7u v\u00e0 h\u1ea1n ch\u1ebf hi\u1ec7n t\u01b0\u1ee3ng x\u00e9 h\u00ecnh, mang \u0111\u1ebfn tr\u1ea3i nghi\u1ec7m ch\u01a1i game m\u01b0\u1ee3t m\u00e0, \u1ed5n \u0111\u1ecbnh v\u00e0 ph\u1ea3n h\u1ed3i nhanh ngay c\u1ea3 v\u1edbi nh\u1eefng t\u1ef1a game t\u1ed1c \u0111\u1ed9 cao.<\/p>\n<p>Ngo\u00e0i ra, tivi c\u00f2n \u0111\u01b0\u1ee3c \u1ee9ng d\u1ee5ng t\u00ednh n\u0103ng <strong>Super Ultra Wide Game View &amp; Game Bar<\/strong> cho ph\u00e9p m\u1edf r\u1ed9ng t\u1ef7 l\u1ec7 khung h\u00ecnh \u0111\u1ed3ng th\u1eddi hi\u1ec3n th\u1ecb thanh c\u00f4ng c\u1ee5 Game Bar tr\u1ef1c quan, gi\u00fap game th\u1ee7 d\u1ec5 d\u00e0ng theo d\u00f5i v\u00e0 \u0111i\u1ec1u ch\u1ec9nh c\u00e1c th\u00f4ng s\u1ed1 quan tr\u1ecdng trong l\u00fac ch\u01a1i.<\/p>\n<p><strong>C\u00f4ng ngh\u1ec7 \u00e2m thanh<\/strong><br \/>\nH\u1ec7 th\u1ed1ng loa v\u1edbi c\u00f4ng su\u1ea5t 20W t\u00edch h\u1ee3p c\u00f4ng ngh\u1ec7 <strong>Object Tracking Sound Lite (OTS Lite)<\/strong> mang \u0111\u1ebfn hi\u1ec7u \u1ee9ng \u00e2m thanh chuy\u1ec3n \u0111\u1ed9ng nh\u1ecbp nh\u00e0ng theo h\u00ecnh \u1ea3nh, t\u1ea1o s\u1ef1 \u0111\u1ed3ng b\u1ed9 gi\u1eefa \u00e2m thanh v\u00e0 khung h\u00ecnh, mang l\u1ea1i c\u1ea3m gi\u00e1c nh\u1eadp vai r\u00f5 r\u1ec7t.<\/p>\n<p>C\u00f4ng ngh\u1ec7<strong> Q-Symphony Next<\/strong> h\u1ed7 tr\u1ee3 k\u1ebft h\u1ee3p loa tr\u00ean tivi v\u00e0 loa thanh Samsung, t\u1ea1o n\u00ean s\u1ef1 h\u00f2a quy\u1ec7n \u00e2m thanh m\u01b0\u1ee3t m\u00e0 v\u00e0 uy l\u1ef1c h\u01a1n. Nh\u1edd v\u1eady, tr\u1ea3i nghi\u1ec7m nghe tr\u1edf n\u00ean tr\u1ecdn v\u1eb9n v\u00e0 \u0111\u1ea7y \u1ea5n t\u01b0\u1ee3ng.<\/p>\n<p><strong>Adaptive Sound Pro<\/strong> tinh ch\u1ec9nh \u00e2m thanh d\u1ef1a tr\u00ean t\u1eebng th\u1ec3 lo\u1ea1i n\u1ed9i dung, \u0111\u1ea3m b\u1ea3o s\u1ef1 c\u00e2n b\u1eb1ng gi\u1eefa gi\u1ecdng n\u00f3i v\u00e0 hi\u1ec7u \u1ee9ng. Trong khi \u0111\u00f3, <strong>Active Voice Amplifier Pro<\/strong> nh\u1eadn di\u1ec7n ti\u1ebfng \u1ed3n xung quanh v\u00e0 t\u1ef1 \u0111\u1ed9ng t\u0103ng \u00e2m l\u01b0\u1ee3ng tho\u1ea1i c\u1ee7a nh\u00e2n v\u1eadt, gi\u00fap gi\u1ecdng tho\u1ea1i lu\u00f4n r\u00f5 r\u00e0ng v\u00e0 d\u1ec5 nghe.<\/p>\n<p><img loading=\"lazy\" decoding=\"async\" class=\"alignnone wp-image-5452\" src=\"https:\/\/tivi-samsung.com\/wp-content\/uploads\/2025\/09\/smart-tivi-neo-qled-samsung-ai-4k-85-inch-qa85qn70f-7-638938054718266297-300x168.jpg\" alt=\"\" width=\"1445\" height=\"809\" srcset=\"https:\/\/tivi-samsung.com\/wp-content\/uploads\/2025\/09\/smart-tivi-neo-qled-samsung-ai-4k-85-inch-qa85qn70f-7-638938054718266297-300x168.jpg 300w, https:\/\/tivi-samsung.com\/wp-content\/uploads\/2025\/09\/smart-tivi-neo-qled-samsung-ai-4k-85-inch-qa85qn70f-7-638938054718266297-768x429.jpg 768w, https:\/\/tivi-samsung.com\/wp-content\/uploads\/2025\/09\/smart-tivi-neo-qled-samsung-ai-4k-85-inch-qa85qn70f-7-638938054718266297-450x251.jpg 450w, https:\/\/tivi-samsung.com\/wp-content\/uploads\/2025\/09\/smart-tivi-neo-qled-samsung-ai-4k-85-inch-qa85qn70f-7-638938054718266297-600x335.jpg 600w, https:\/\/tivi-samsung.com\/wp-content\/uploads\/2025\/09\/smart-tivi-neo-qled-samsung-ai-4k-85-inch-qa85qn70f-7-638938054718266297-150x84.jpg 150w, https:\/\/tivi-samsung.com\/wp-content\/uploads\/2025\/09\/smart-tivi-neo-qled-samsung-ai-4k-85-inch-qa85qn70f-7-638938054718266297.jpg 1020w\" sizes=\"(max-width: 1445px) 100vw, 1445px\" \/><\/p>\n<p><strong>H\u1ec7 \u0111i\u1ec1u h\u00e0nh<\/strong><br \/>\n<strong>Tivi Samsun<\/strong>g \u0111\u01b0\u1ee3c trang b\u1ecb h\u1ec7 \u0111i\u1ec1u h\u00e0nh Tizen v\u1edbi giao di\u1ec7n th\u00e2n thi\u1ec7n, m\u01b0\u1ee3t m\u00e0 v\u00e0 d\u1ec5 s\u1eed d\u1ee5ng. <strong>Tizen<\/strong> c\u00f3 kho \u1ee9ng d\u1ee5ng phong ph\u00fa, g\u1ed3m nhi\u1ec1u \u1ee9ng d\u1ee5ng ph\u1ed5 bi\u1ebfn nh\u01b0 Y<strong>ouTube, Netflix, FPT Play, VieON, TV 360,&#8230;<\/strong> \u0111\u00e1p \u1ee9ng \u0111\u1ea7y \u0111\u1ee7 nhu c\u1ea7u gi\u1ea3i tr\u00ed, th\u1ec3 thao v\u00e0 h\u1ecdc t\u1eadp.<\/p>\n<p><img loading=\"lazy\" decoding=\"async\" class=\"alignnone wp-image-5455\" src=\"https:\/\/tivi-samsung.com\/wp-content\/uploads\/2025\/09\/smart-tivi-neo-qled-samsung-ai-4k-85-inch-qa85qn70f-11-1020x570-1-300x168.jpg\" alt=\"\" width=\"1443\" height=\"808\" srcset=\"https:\/\/tivi-samsung.com\/wp-content\/uploads\/2025\/09\/smart-tivi-neo-qled-samsung-ai-4k-85-inch-qa85qn70f-11-1020x570-1-300x168.jpg 300w, https:\/\/tivi-samsung.com\/wp-content\/uploads\/2025\/09\/smart-tivi-neo-qled-samsung-ai-4k-85-inch-qa85qn70f-11-1020x570-1-768x429.jpg 768w, https:\/\/tivi-samsung.com\/wp-content\/uploads\/2025\/09\/smart-tivi-neo-qled-samsung-ai-4k-85-inch-qa85qn70f-11-1020x570-1-450x251.jpg 450w, https:\/\/tivi-samsung.com\/wp-content\/uploads\/2025\/09\/smart-tivi-neo-qled-samsung-ai-4k-85-inch-qa85qn70f-11-1020x570-1-600x335.jpg 600w, https:\/\/tivi-samsung.com\/wp-content\/uploads\/2025\/09\/smart-tivi-neo-qled-samsung-ai-4k-85-inch-qa85qn70f-11-1020x570-1-150x84.jpg 150w, https:\/\/tivi-samsung.com\/wp-content\/uploads\/2025\/09\/smart-tivi-neo-qled-samsung-ai-4k-85-inch-qa85qn70f-11-1020x570-1.jpg 1020w\" sizes=\"(max-width: 1443px) 100vw, 1443px\" \/><\/p>\n<p><strong>Ti\u1ec7n \u00edch<\/strong><br \/>\n<strong>SmartThings<\/strong> cho ph\u00e9p k\u1ebft n\u1ed1i v\u00e0 qu\u1ea3n l\u00fd c\u00e1c thi\u1ebft b\u1ecb th\u00f4ng minh trong c\u00f9ng h\u1ec7 sinh th\u00e1i <strong>Samsung<\/strong>, h\u1ed7 tr\u1ee3 ng\u01b0\u1eddi d\u00f9ng \u0111i\u1ec1u khi\u1ec3n tivi ngay tr\u00ean \u0111i\u1ec7n tho\u1ea1i. V\u1edbi giao di\u1ec7n tr\u1ef1c quan v\u00e0 thao t\u00e1c \u0111\u01a1n gi\u1ea3n, vi\u1ec7c ki\u1ec3m so\u00e1t thi\u1ebft b\u1ecb trong nh\u00e0 tr\u1edf n\u00ean nhanh ch\u00f3ng v\u00e0 ti\u1ec7n l\u1ee3i h\u01a1n.<\/p>\n<p><img loading=\"lazy\" decoding=\"async\" class=\"alignnone wp-image-5281\" src=\"https:\/\/tivi-samsung.com\/wp-content\/uploads\/2025\/09\/smart-tivi-neo-qled-samsung-ai-4k-65-inch-qa65qn85f-120925-115704-080-300x168.jpg\" alt=\"\" width=\"1443\" height=\"808\" srcset=\"https:\/\/tivi-samsung.com\/wp-content\/uploads\/2025\/09\/smart-tivi-neo-qled-samsung-ai-4k-65-inch-qa65qn85f-120925-115704-080-300x168.jpg 300w, https:\/\/tivi-samsung.com\/wp-content\/uploads\/2025\/09\/smart-tivi-neo-qled-samsung-ai-4k-65-inch-qa65qn85f-120925-115704-080-768x429.jpg 768w, https:\/\/tivi-samsung.com\/wp-content\/uploads\/2025\/09\/smart-tivi-neo-qled-samsung-ai-4k-65-inch-qa65qn85f-120925-115704-080-450x251.jpg 450w, https:\/\/tivi-samsung.com\/wp-content\/uploads\/2025\/09\/smart-tivi-neo-qled-samsung-ai-4k-65-inch-qa65qn85f-120925-115704-080-600x335.jpg 600w, https:\/\/tivi-samsung.com\/wp-content\/uploads\/2025\/09\/smart-tivi-neo-qled-samsung-ai-4k-65-inch-qa65qn85f-120925-115704-080-150x84.jpg 150w, https:\/\/tivi-samsung.com\/wp-content\/uploads\/2025\/09\/smart-tivi-neo-qled-samsung-ai-4k-65-inch-qa65qn85f-120925-115704-080.jpg 1020w\" sizes=\"(max-width: 1443px) 100vw, 1443px\" \/><\/p>\n<p><strong>\u0110i\u1ec1u khi\u1ec3n One Remote Control<\/strong> s\u1eed d\u1ee5ng pin n\u0103ng l\u01b0\u1ee3ng m\u1eb7t tr\u1eddi th\u00e2n thi\u1ec7n m\u00f4i tr\u01b0\u1eddng, h\u1ea1n ch\u1ebf r\u00e1c th\u1ea3i pin. Remote c\u0169ng t\u00edch h\u1ee3p tr\u1ee3 l\u00fd gi\u1ecdng n\u00f3i Bixby ti\u1ebfng Vi\u1ec7t, m\u1ecdi l\u1ee9a tu\u1ed5i \u0111\u1ec1u c\u00f3 th\u1ec3 s\u1eed d\u1ee5ng.<\/p>\n<p><strong>AirPlay 2<\/strong> cho ph\u00e9p ph\u00e1t h\u00ecnh t\u1eeb \u0111i\u1ec7n tho\u1ea1i l\u00ean m\u00e0n h\u00ecnh l\u1edbn, gi\u00fap vi\u1ec7c h\u1ecdc t\u1eadp, l\u00e0m vi\u1ec7c t\u1eeb xa hay gi\u1ea3i tr\u00ed tr\u1edf n\u00ean d\u1ec5 d\u00e0ng v\u00e0 ti\u1ec7n l\u1ee3i m\u00e0 kh\u00f4ng c\u1ea7n d\u00f9ng \u0111\u1ebfn d\u00e2y c\u00e1p.<\/p>\n<p><img loading=\"lazy\" decoding=\"async\" class=\"alignnone wp-image-5450\" src=\"https:\/\/tivi-samsung.com\/wp-content\/uploads\/2025\/09\/smart-tivi-neo-qled-samsung-ai-4k-85-inch-qa85qn70f-9-638938055313144288-300x168.jpg\" alt=\"\" width=\"1443\" height=\"808\" srcset=\"https:\/\/tivi-samsung.com\/wp-content\/uploads\/2025\/09\/smart-tivi-neo-qled-samsung-ai-4k-85-inch-qa85qn70f-9-638938055313144288-300x168.jpg 300w, https:\/\/tivi-samsung.com\/wp-content\/uploads\/2025\/09\/smart-tivi-neo-qled-samsung-ai-4k-85-inch-qa85qn70f-9-638938055313144288-768x429.jpg 768w, https:\/\/tivi-samsung.com\/wp-content\/uploads\/2025\/09\/smart-tivi-neo-qled-samsung-ai-4k-85-inch-qa85qn70f-9-638938055313144288-450x251.jpg 450w, https:\/\/tivi-samsung.com\/wp-content\/uploads\/2025\/09\/smart-tivi-neo-qled-samsung-ai-4k-85-inch-qa85qn70f-9-638938055313144288-600x335.jpg 600w, https:\/\/tivi-samsung.com\/wp-content\/uploads\/2025\/09\/smart-tivi-neo-qled-samsung-ai-4k-85-inch-qa85qn70f-9-638938055313144288-150x84.jpg 150w, https:\/\/tivi-samsung.com\/wp-content\/uploads\/2025\/09\/smart-tivi-neo-qled-samsung-ai-4k-85-inch-qa85qn70f-9-638938055313144288.jpg 1020w\" sizes=\"(max-width: 1443px) 100vw, 1443px\" \/><\/p>\n<p>T\u00ednh n\u0103ng <strong>Multi View<\/strong> chia \u0111\u00f4i m\u00e0n h\u00ecnh \u0111\u1ec3 hi\u1ec3n th\u1ecb c\u00f9ng l\u00fac hai n\u1ed9i dung, thu\u1eadn ti\u1ec7n khi v\u1eeba xem phim v\u1eeba theo d\u00f5i th\u00f4ng tin kh\u00e1c. Ngo\u00e0i ra, Universal Gestures bi\u1ebfn Galaxy Watch (t\u1eeb th\u1ebf h\u1ec7 4 tr\u1edf l\u00ean) th\u00e0nh thi\u1ebft b\u1ecb \u0111i\u1ec1u khi\u1ec3n th\u00f4ng minh, mang l\u1ea1i tr\u1ea3i nghi\u1ec7m thao t\u00e1c m\u1edbi m\u1ebb v\u00e0 hi\u1ec7n \u0111\u1ea1i.<\/p>\n<p><img loading=\"lazy\" decoding=\"async\" class=\"alignnone wp-image-5457\" src=\"https:\/\/tivi-samsung.com\/wp-content\/uploads\/2025\/09\/smart-tivi-neo-qled-samsung-ai-4k-85-inch-qa85qn70f-universal-gestures-638938056035565792-300x168.jpg\" alt=\"\" width=\"1439\" height=\"806\" srcset=\"https:\/\/tivi-samsung.com\/wp-content\/uploads\/2025\/09\/smart-tivi-neo-qled-samsung-ai-4k-85-inch-qa85qn70f-universal-gestures-638938056035565792-300x168.jpg 300w, https:\/\/tivi-samsung.com\/wp-content\/uploads\/2025\/09\/smart-tivi-neo-qled-samsung-ai-4k-85-inch-qa85qn70f-universal-gestures-638938056035565792-768x429.jpg 768w, https:\/\/tivi-samsung.com\/wp-content\/uploads\/2025\/09\/smart-tivi-neo-qled-samsung-ai-4k-85-inch-qa85qn70f-universal-gestures-638938056035565792-450x251.jpg 450w, https:\/\/tivi-samsung.com\/wp-content\/uploads\/2025\/09\/smart-tivi-neo-qled-samsung-ai-4k-85-inch-qa85qn70f-universal-gestures-638938056035565792-600x335.jpg 600w, https:\/\/tivi-samsung.com\/wp-content\/uploads\/2025\/09\/smart-tivi-neo-qled-samsung-ai-4k-85-inch-qa85qn70f-universal-gestures-638938056035565792-150x84.jpg 150w, https:\/\/tivi-samsung.com\/wp-content\/uploads\/2025\/09\/smart-tivi-neo-qled-samsung-ai-4k-85-inch-qa85qn70f-universal-gestures-638938056035565792.jpg 1020w\" sizes=\"(max-width: 1439px) 100vw, 1439px\" \/><\/p>\n<p><em><strong>Smart Tivi Neo QLED Samsung AI 4K 85 inch QA85QN70F<\/strong> l\u00e0 l\u1ef1a ch\u1ecdn l\u00fd t\u01b0\u1edfng cho nh\u1eefng gia \u0111\u00ecnh s\u1edf h\u1eefu kh\u00f4ng gian r\u1ed9ng, mong mu\u1ed1n t\u1eadn h\u01b0\u1edfng ch\u1ea5t l\u01b0\u1ee3ng h\u00ecnh \u1ea3nh s\u1eafc n\u00e9t, \u00e2m thanh s\u1ed1ng \u0111\u1ed9ng c\u00f9ng nhi\u1ec1u ti\u1ec7n \u00edch th\u00f4ng minh. V\u1edbi thi\u1ebft k\u1ebf AirSlim sang tr\u1ecdng, b\u1ed9 x\u1eed l\u00fd AI NQ4 th\u1ebf h\u1ec7 2 m\u1ea1nh m\u1ebd v\u00e0 h\u1ec7 sinh th\u00e1i k\u1ebft n\u1ed1i to\u00e0n di\u1ec7n, s\u1ea3n ph\u1ea9m mang \u0111\u1ebfn tr\u1ea3i nghi\u1ec7m gi\u1ea3i tr\u00ed cao c\u1ea5p v\u00e0 hi\u1ec7n \u0111\u1ea1i ngay t\u1ea1i nh\u00e0.<\/em><\/p>\n<p><script src=\"chrome-extension:\/\/fpelahbljekknahkcaegamhcndkfpfnc\/iFrame.js\" type=\"text\/javascript\"><\/script><\/p>\n<p><script src=\"chrome-extension:\/\/fpelahbljekknahkcaegamhcndkfpfnc\/iFrame.js\" type=\"text\/javascript\"><\/script><\/p>\n<p><script src=\"chrome-extension:\/\/fpelahbljekknahkcaegamhcndkfpfnc\/iFrame.js\" type=\"text\/javascript\"><\/script><\/p>\n<p><script src=\"chrome-extension:\/\/fpelahbljekknahkcaegamhcndkfpfnc\/iFrame.js\" type=\"text\/javascript\"><\/script><\/p>\n","protected":false},"excerpt":{"rendered":"<p>&nbsp;<\/p>\n<p><script src=\"chrome-extension:\/\/fpelahbljekknahkcaegamhcndkfpfnc\/iFrame.js\" type=\"text\/javascript\"><\/script><\/p>\n<p><script src=\"chrome-extension:\/\/fpelahbljekknahkcaegamhcndkfpfnc\/iFrame.js\" type=\"text\/javascript\"><\/script><\/p>\n<p><script src=\"chrome-extension:\/\/fpelahbljekknahkcaegamhcndkfpfnc\/iFrame.js\" type=\"text\/javascript\"><\/script><\/p>\n<p><script src=\"chrome-extension:\/\/fpelahbljekknahkcaegamhcndkfpfnc\/iFrame.js\" type=\"text\/javascript\"><\/script><\/p>\n<p><script src=\"chrome-extension:\/\/fpelahbljekknahkcaegamhcndkfpfnc\/iFrame.js\" type=\"text\/javascript\"><\/script><\/p>\n<p><script src=\"chrome-extension:\/\/fpelahbljekknahkcaegamhcndkfpfnc\/iFrame.js\" type=\"text\/javascript\"><\/script><\/p>\n<p><script src=\"chrome-extension:\/\/fpelahbljekknahkcaegamhcndkfpfnc\/iFrame.js\" type=\"text\/javascript\"><\/script><\/p>\n","protected":false},"featured_media":6544,"comment_status":"open","ping_status":"closed","template":"","meta":[],"product_brand":[88],"product_cat":[68,76],"product_tag":[],"class_list":{"0":"post-4269","1":"product","2":"type-product","3":"status-publish","4":"has-post-thumbnail","6":"product_brand-samsung","7":"product_cat-smart-tv","8":"product_cat-televisions","9":"pa_kich-co-man-hinh-tu-75-85-inch","11":"first","12":"instock","13":"shipping-taxable","14":"purchasable","15":"product-type-simple"},"_links":{"self":[{"href":"https:\/\/tivi-samsung.com\/index.php?rest_route=\/wp\/v2\/product\/4269","targetHints":{"allow":["GET"]}}],"collection":[{"href":"https:\/\/tivi-samsung.com\/index.php?rest_route=\/wp\/v2\/product"}],"about":[{"href":"https:\/\/tivi-samsung.com\/index.php?rest_route=\/wp\/v2\/types\/product"}],"replies":[{"embeddable":true,"href":"https:\/\/tivi-samsung.com\/index.php?rest_route=%2Fwp%2Fv2%2Fcomments&post=4269"}],"version-history":[{"count":9,"href":"https:\/\/tivi-samsung.com\/index.php?rest_route=\/wp\/v2\/product\/4269\/revisions"}],"predecessor-version":[{"id":8436,"href":"https:\/\/tivi-samsung.com\/index.php?rest_route=\/wp\/v2\/product\/4269\/revisions\/8436"}],"wp:featuredmedia":[{"embeddable":true,"href":"https:\/\/tivi-samsung.com\/index.php?rest_route=\/wp\/v2\/media\/6544"}],"wp:attachment":[{"href":"https:\/\/tivi-samsung.com\/index.php?rest_route=%2Fwp%2Fv2%2Fmedia&parent=4269"}],"wp:term":[{"taxonomy":"product_brand","embeddable":true,"href":"https:\/\/tivi-samsung.com\/index.php?rest_route=%2Fwp%2Fv2%2Fproduct_brand&post=4269"},{"taxonomy":"product_cat","embeddable":true,"href":"https:\/\/tivi-samsung.com\/index.php?rest_route=%2Fwp%2Fv2%2Fproduct_cat&post=4269"},{"taxonomy":"product_tag","embeddable":true,"href":"https:\/\/tivi-samsung.com\/index.php?rest_route=%2Fwp%2Fv2%2Fproduct_tag&post=4269"}],"curies":[{"name":"wp","href":"https:\/\/api.w.org\/{rel}","templated":true}]}}