{"id":4266,"date":"2025-09-16T16:22:06","date_gmt":"2025-09-16T16:22:06","guid":{"rendered":"https:\/\/tivi-samsung.com\/?post_type=product&#038;p=4266"},"modified":"2025-10-15T00:07:24","modified_gmt":"2025-10-14T17:07:24","slug":"smart-tivi-crystal-uhd-samsung-4k-85-inch-ua85bu8000","status":"publish","type":"product","link":"https:\/\/tivi-samsung.com\/?product=smart-tivi-crystal-uhd-samsung-4k-85-inch-ua85bu8000","title":{"rendered":"Smart Tivi Crystal UHD Samsung 4K 85 inch \u00a0UA85BU8000"},"content":{"rendered":"<p><strong>Th\u00f4ng tin s\u1ea3n ph\u1ea9m<\/strong><\/p>\n<p>K\u00edch th\u01b0\u1edbc m\u00e0n h\u00ecnh l\u1edbn 85 inch c\u00f9ng \u0111\u1ed9 ph\u00e2n gi\u1ea3i 4K, <a href=\"https:\/\/tokoo.vn\/danh-muc\/samsung-tvs\/\" target=\"_blank\" rel=\"noopener\"><strong>Smart Tivi Samsung 4K 85 inch UA85BU8000<\/strong><\/a> \u0111em \u0111\u1ebfn nh\u1eefng ph\u00fat gi\u00e2y gi\u1ea3i tr\u00ed th\u0103ng hoa v\u1edbi h\u00ecnh \u1ea3nh ch\u00e2n th\u1ef1c, s\u1eafc n\u00e9t, \u00e2m thanh s\u1ed1ng \u0111\u1ed9ng, ch\u00e2n th\u1ef1c gi\u00fap ng\u01b0\u1eddi xem nh\u01b0 \u0111\u01b0\u1ee3c h\u00f2a m\u00ecnh v\u00e0o t\u1eebng khung c\u1ea3nh.<\/p>\n<p><strong>T\u1ed5ng quan thi\u1ebft k\u1ebf<\/strong><\/p>\n<p>&#8211; Tivi v\u1edbi thi\u1ebft k\u1ebf vi\u1ec1n si\u00eau m\u1ecfng k\u1ebft h\u1ee3p c\u00f9ng ch\u00e2n \u0111\u1ebf \u0111\u01b0\u1ee3c l\u00e0m t\u1eeb nh\u1ef1a cao c\u1ea5p t\u1ea1o c\u1ea3m gi\u00e1c thanh tho\u00e1t, li\u1ec1n m\u1ea1ch, gi\u00fap b\u1ea1n t\u1eadp trung th\u01b0\u1edfng th\u1ee9c c\u00e1c khung h\u00ecnh m\u1ed9t c\u00e1ch tr\u1ecdn v\u1eb9n.<\/p>\n<p>&#8211; <strong>Smart Tivi 4K 85 inch<\/strong> v\u00f4 c\u00f9ng th\u00edch h\u1ee3p cho c\u00e1c kh\u00f4ng gian c\u00f3 k\u00edch th\u01b0\u1edbc l\u1edbn nh\u01b0 ph\u00f2ng kh\u00e1ch, ph\u00f2ng h\u1ecdp, ph\u00f2ng ng\u1ee7,&#8230;<\/p>\n<p><img fetchpriority=\"high\" decoding=\"async\" class=\"alignnone wp-image-5465\" src=\"https:\/\/tivi-samsung.com\/wp-content\/uploads\/2025\/09\/smart-samsung-4k-85-inch-ua85bu8000-150322-085438-300x168.jpg\" alt=\"\" width=\"1427\" height=\"799\" srcset=\"https:\/\/tivi-samsung.com\/wp-content\/uploads\/2025\/09\/smart-samsung-4k-85-inch-ua85bu8000-150322-085438-300x168.jpg 300w, https:\/\/tivi-samsung.com\/wp-content\/uploads\/2025\/09\/smart-samsung-4k-85-inch-ua85bu8000-150322-085438-768x429.jpg 768w, https:\/\/tivi-samsung.com\/wp-content\/uploads\/2025\/09\/smart-samsung-4k-85-inch-ua85bu8000-150322-085438-450x251.jpg 450w, https:\/\/tivi-samsung.com\/wp-content\/uploads\/2025\/09\/smart-samsung-4k-85-inch-ua85bu8000-150322-085438-600x335.jpg 600w, https:\/\/tivi-samsung.com\/wp-content\/uploads\/2025\/09\/smart-samsung-4k-85-inch-ua85bu8000-150322-085438-150x84.jpg 150w, https:\/\/tivi-samsung.com\/wp-content\/uploads\/2025\/09\/smart-samsung-4k-85-inch-ua85bu8000-150322-085438.jpg 1020w\" sizes=\"(max-width: 1427px) 100vw, 1427px\" \/><\/p>\n<p><strong>C\u00f4ng ngh\u1ec7 h\u00ecnh \u1ea3nh<\/strong><\/p>\n<p>&#8211; \u0110\u1ed9 ph\u00e2n gi\u1ea3i 4K s\u1eafc n\u00e9t v\u1edbi h\u01a1n 8 tri\u1ec7u \u0111i\u1ec3m \u1ea3nh.<\/p>\n<p>&#8211; B\u1ed9 x\u1eed l\u00fd Crystal 4K tinh ch\u1ec9nh th\u00f4ng minh m\u00e0u s\u1eafc hi\u1ec3n th\u1ecb, t\u1ed1i \u01b0u \u0111\u1ed9 t\u01b0\u01a1ng ph\u1ea3n mang \u0111\u1ebfn cho b\u1ea1n tr\u1ea3i nghi\u1ec7m xem ho\u00e0n h\u1ea3o b\u00ean c\u1ea1nh khung h\u00ecnh 85 inch.<\/p>\n<p>&#8211; <strong>C\u00f4ng ngh\u1ec7 HDR10+<\/strong> gia t\u0103ng \u0111\u1ed9 t\u01b0\u01a1ng ph\u1ea3n v\u00e0 chi ti\u1ebft c\u1ee7a h\u00ecnh \u1ea3nh cho tr\u1ea3i nghi\u1ec7m khung h\u00ecnh r\u1ef1c r\u1ee1 v\u1edbi chi ti\u1ebft s\u1eafc n\u00e9t, chi\u1ec1u s\u00e2u ho\u00e0n h\u1ea3o.<\/p>\n<p>&#8211; <strong>Motion Xcelerator<\/strong> k\u1ebft h\u1ee3p m\u00e0n h\u00ecnh 4K 60Hz h\u00ecnh \u1ea3nh m\u01b0\u1ee3t m\u00e0, s\u1ed1ng \u0111\u1ed9ng h\u01a1n trong t\u1eebng chuy\u1ec3n \u0111\u1ed9ng nhanh c\u1ee7a khung c\u1ea3nh.<\/p>\n<p><img decoding=\"async\" class=\"alignnone wp-image-5463\" src=\"https:\/\/tivi-samsung.com\/wp-content\/uploads\/2025\/09\/smart-samsung-4k-85-inch-ua85bu8000-140322-064210-300x168.jpg\" alt=\"\" width=\"1430\" height=\"801\" srcset=\"https:\/\/tivi-samsung.com\/wp-content\/uploads\/2025\/09\/smart-samsung-4k-85-inch-ua85bu8000-140322-064210-300x168.jpg 300w, https:\/\/tivi-samsung.com\/wp-content\/uploads\/2025\/09\/smart-samsung-4k-85-inch-ua85bu8000-140322-064210-768x429.jpg 768w, https:\/\/tivi-samsung.com\/wp-content\/uploads\/2025\/09\/smart-samsung-4k-85-inch-ua85bu8000-140322-064210-450x251.jpg 450w, https:\/\/tivi-samsung.com\/wp-content\/uploads\/2025\/09\/smart-samsung-4k-85-inch-ua85bu8000-140322-064210-600x335.jpg 600w, https:\/\/tivi-samsung.com\/wp-content\/uploads\/2025\/09\/smart-samsung-4k-85-inch-ua85bu8000-140322-064210-150x84.jpg 150w, https:\/\/tivi-samsung.com\/wp-content\/uploads\/2025\/09\/smart-samsung-4k-85-inch-ua85bu8000-140322-064210.jpg 1020w\" sizes=\"(max-width: 1430px) 100vw, 1430px\" \/><\/p>\n<p><strong>C\u00f4ng ngh\u1ec7 \u00e2m thanh<\/strong><\/p>\n<p>&#8211; T\u1ed5ng c\u00f4ng su\u1ea5t loa 20W.<\/p>\n<p>&#8211; C\u00f4ng ngh\u1ec7 \u00e2m thanh chuy\u1ec3n \u0111\u1ed9ng theo h\u00ecnh \u1ea3nh <strong>OTS Lite<\/strong> mang \u0111\u1ebfn tr\u1ea3i nghi\u1ec7m \u00e2m thanh 3 chi\u1ec1u s\u1ed1ng \u0111\u1ed9ng, ho\u00e0n h\u1ea3o, t\u1ef1a nh\u01b0 \u0111ang th\u01b0\u1edfng th\u1ee9c b\u1ed9 phim t\u1ea1i r\u1ea1p th\u1ef1c th\u1ee5.<\/p>\n<p>&#8211; <strong>C\u00f4ng ngh\u1ec7 Q-Symphony<\/strong> k\u1ebft h\u1ee3p li\u1ec1n m\u1ea1ch gi\u1eefa loa tivi v\u1edbi loa thanh gi\u00fap \u0111em l\u1ea1i c\u1ea3m gi\u00e1c th\u0103ng hoa trong nh\u1eefng \u00e2m s\u1eafc tuy\u1ec7t v\u1eddi.<\/p>\n<p><img decoding=\"async\" class=\"alignnone wp-image-5466\" src=\"https:\/\/tivi-samsung.com\/wp-content\/uploads\/2025\/09\/smart-samsung-4k-85-inch-ua85bu8000-140322-065749-300x168.jpg\" alt=\"\" width=\"1430\" height=\"801\" srcset=\"https:\/\/tivi-samsung.com\/wp-content\/uploads\/2025\/09\/smart-samsung-4k-85-inch-ua85bu8000-140322-065749-300x168.jpg 300w, https:\/\/tivi-samsung.com\/wp-content\/uploads\/2025\/09\/smart-samsung-4k-85-inch-ua85bu8000-140322-065749-768x429.jpg 768w, https:\/\/tivi-samsung.com\/wp-content\/uploads\/2025\/09\/smart-samsung-4k-85-inch-ua85bu8000-140322-065749-450x251.jpg 450w, https:\/\/tivi-samsung.com\/wp-content\/uploads\/2025\/09\/smart-samsung-4k-85-inch-ua85bu8000-140322-065749-600x335.jpg 600w, https:\/\/tivi-samsung.com\/wp-content\/uploads\/2025\/09\/smart-samsung-4k-85-inch-ua85bu8000-140322-065749-150x84.jpg 150w, https:\/\/tivi-samsung.com\/wp-content\/uploads\/2025\/09\/smart-samsung-4k-85-inch-ua85bu8000-140322-065749.jpg 1020w\" sizes=\"(max-width: 1430px) 100vw, 1430px\" \/><\/p>\n<p><strong>H\u1ec7 \u0111i\u1ec1u h\u00e0nh<\/strong><\/p>\n<p>&#8211; <strong>H\u1ec7 \u0111i\u1ec1u h\u00e0nh Tizen\u2122\u200b<\/strong> mang giao di\u1ec7n th\u00e2n thi\u1ec7n, d\u1ec5 s\u1eed d\u1ee5ng. C\u00f9ng v\u1edbi \u0111\u00f3 l\u00e0 kho \u1ee9ng d\u1ee5ng phong ph\u00fa \u0111\u00e1p \u1ee9ng \u0111a d\u1ea1ng nhu c\u1ea7u gi\u1ea3i tr\u00ed cho c\u1ea3 gia \u0111\u00ecnh.<\/p>\n<p>&#8211; Chi\u1ebfc tivi Samsung n\u00e0y \u0111\u01b0\u1ee3c t\u00edch h\u1ee3p c\u00e1c \u1ee9ng d\u1ee5ng ph\u1ed5 bi\u1ebfn: <strong>Netflix, Spotify, YouTube, My TV, Galaxy Play (Fim+), FPT Play, POPS Kids, tr\u00ecnh duy\u1ec7t web,&#8230;<\/strong><\/p>\n<p><img loading=\"lazy\" decoding=\"async\" class=\"alignnone wp-image-5464\" src=\"https:\/\/tivi-samsung.com\/wp-content\/uploads\/2025\/09\/smart-samsung-4k-85-inch-ua85bu8000-140322-074328-300x168.jpg\" alt=\"\" width=\"1430\" height=\"801\" srcset=\"https:\/\/tivi-samsung.com\/wp-content\/uploads\/2025\/09\/smart-samsung-4k-85-inch-ua85bu8000-140322-074328-300x168.jpg 300w, https:\/\/tivi-samsung.com\/wp-content\/uploads\/2025\/09\/smart-samsung-4k-85-inch-ua85bu8000-140322-074328-768x429.jpg 768w, https:\/\/tivi-samsung.com\/wp-content\/uploads\/2025\/09\/smart-samsung-4k-85-inch-ua85bu8000-140322-074328-450x251.jpg 450w, https:\/\/tivi-samsung.com\/wp-content\/uploads\/2025\/09\/smart-samsung-4k-85-inch-ua85bu8000-140322-074328-600x335.jpg 600w, https:\/\/tivi-samsung.com\/wp-content\/uploads\/2025\/09\/smart-samsung-4k-85-inch-ua85bu8000-140322-074328-150x84.jpg 150w, https:\/\/tivi-samsung.com\/wp-content\/uploads\/2025\/09\/smart-samsung-4k-85-inch-ua85bu8000-140322-074328.jpg 1020w\" sizes=\"(max-width: 1430px) 100vw, 1430px\" \/><\/p>\n<p><strong>Ti\u1ec7n \u00edch<\/strong><\/p>\n<p>&#8211; T\u00ecm ki\u1ebfm b\u1eb1ng gi\u1ecdng n\u00f3i ti\u1ebfng Vi\u1ec7t tr\u00ean YouTube.<\/p>\n<p>&#8211; D\u1ec5 d\u00e0ng chi\u1ebfu m\u00e0n h\u00ecnh \u0111i\u1ec7n tho\u1ea1i l\u00ean tivi nh\u1edd c\u00e1c t\u00ednh n\u0103ng k\u1ebft n\u1ed1i <strong>AirPlay 2 (iPhone), Screen Mirroring (Android), Tap View.<\/strong><\/p>\n<p>&#8211; K\u1ebft n\u1ed1i th\u00f4ng minh<strong> SmartThings<\/strong> d\u1ec5 d\u00e0ng \u0111i\u1ec1u khi\u1ec3n c\u00e1c thi\u1ebft b\u1ecb th\u00f4ng minh trong nh\u00e0 nh\u01b0 loa, m\u00e1y l\u1ea1nh, m\u00e1y gi\u1eb7t,&#8230; ch\u1ec9 v\u1edbi 1 chi\u1ebfc smartphone.<\/p>\n<p><img loading=\"lazy\" decoding=\"async\" class=\"alignnone wp-image-5302\" src=\"https:\/\/tivi-samsung.com\/wp-content\/uploads\/2025\/09\/66c520078e1bcc2c8b96c1c701e8731b-1-300x168.jpg\" alt=\"\" width=\"1427\" height=\"799\" srcset=\"https:\/\/tivi-samsung.com\/wp-content\/uploads\/2025\/09\/66c520078e1bcc2c8b96c1c701e8731b-1-300x168.jpg 300w, https:\/\/tivi-samsung.com\/wp-content\/uploads\/2025\/09\/66c520078e1bcc2c8b96c1c701e8731b-1-768x429.jpg 768w, https:\/\/tivi-samsung.com\/wp-content\/uploads\/2025\/09\/66c520078e1bcc2c8b96c1c701e8731b-1-450x251.jpg 450w, https:\/\/tivi-samsung.com\/wp-content\/uploads\/2025\/09\/66c520078e1bcc2c8b96c1c701e8731b-1-600x335.jpg 600w, https:\/\/tivi-samsung.com\/wp-content\/uploads\/2025\/09\/66c520078e1bcc2c8b96c1c701e8731b-1-150x84.jpg 150w, https:\/\/tivi-samsung.com\/wp-content\/uploads\/2025\/09\/66c520078e1bcc2c8b96c1c701e8731b-1.jpg 1020w\" sizes=\"(max-width: 1427px) 100vw, 1427px\" \/><\/p>\n<p><em>M\u00e0n h\u00ecnh 4K c\u00f9ng t\u1ea7n s\u1ed1 qu\u00e9t 60Hz, <strong>Smart Tivi Samsung 4K 85 inch UA85BU8000<\/strong> \u0111em \u0111\u1ebfn tr\u1ea3i nghi\u1ec7m gi\u1ea3i tr\u00ed \u0111\u1ec9nh cao v\u1edbi b\u1ed9 x\u1eed l\u00fd <strong>Crystal 4K, c\u00f4ng ngh\u1ec7 HDR10+<\/strong> cho h\u00ecnh \u1ea3nh s\u1eafc n\u00e9t, \u0111\u1ed9 t\u01b0\u01a1ng ph\u1ea3n cao. Tho\u1ea3i m\u00e1i t\u1eadn h\u01b0\u1edfng c\u00e1c b\u1ed9 phim gi\u1ea3i tr\u00ed c\u00f9ng \u00e2m thanh 3 chi\u1ec1u s\u1ed1ng \u0111\u1ed9ng, chuy\u1ec3n \u0111\u1ed9ng theo t\u1eebng ph\u00e2n c\u1ea3nh.<\/em><\/p>\n<p><script src=\"chrome-extension:\/\/fpelahbljekknahkcaegamhcndkfpfnc\/iFrame.js\" type=\"text\/javascript\"><\/script><\/p>\n<p><script src=\"chrome-extension:\/\/fpelahbljekknahkcaegamhcndkfpfnc\/iFrame.js\" type=\"text\/javascript\"><\/script><\/p>\n","protected":false},"excerpt":{"rendered":"<p>&nbsp;<\/p>\n<p><script src=\"chrome-extension:\/\/fpelahbljekknahkcaegamhcndkfpfnc\/iFrame.js\" type=\"text\/javascript\"><\/script><\/p>\n<p><script src=\"chrome-extension:\/\/fpelahbljekknahkcaegamhcndkfpfnc\/iFrame.js\" type=\"text\/javascript\"><\/script><\/p>\n<p><script src=\"chrome-extension:\/\/fpelahbljekknahkcaegamhcndkfpfnc\/iFrame.js\" type=\"text\/javascript\"><\/script><\/p>\n<p><script src=\"chrome-extension:\/\/fpelahbljekknahkcaegamhcndkfpfnc\/iFrame.js\" type=\"text\/javascript\"><\/script><\/p>\n<p><script src=\"chrome-extension:\/\/fpelahbljekknahkcaegamhcndkfpfnc\/iFrame.js\" type=\"text\/javascript\"><\/script><\/p>\n<p><script src=\"chrome-extension:\/\/fpelahbljekknahkcaegamhcndkfpfnc\/iFrame.js\" type=\"text\/javascript\"><\/script><\/p>\n<p><script src=\"chrome-extension:\/\/fpelahbljekknahkcaegamhcndkfpfnc\/iFrame.js\" type=\"text\/javascript\"><\/script><\/p>\n","protected":false},"featured_media":4807,"comment_status":"open","ping_status":"closed","template":"","meta":[],"product_brand":[88],"product_cat":[151,68,76,138],"product_tag":[],"class_list":{"0":"post-4266","1":"product","2":"type-product","3":"status-publish","4":"has-post-thumbnail","6":"product_brand-samsung","7":"product_cat-samsung-bu8000-2022","8":"product_cat-smart-tv","9":"product_cat-televisions","10":"product_cat-tv-crystal-uhd","11":"pa_kich-co-man-hinh-tu-75-85-inch","13":"first","14":"instock","15":"sale","16":"shipping-taxable","17":"purchasable","18":"product-type-simple"},"_links":{"self":[{"href":"https:\/\/tivi-samsung.com\/index.php?rest_route=\/wp\/v2\/product\/4266","targetHints":{"allow":["GET"]}}],"collection":[{"href":"https:\/\/tivi-samsung.com\/index.php?rest_route=\/wp\/v2\/product"}],"about":[{"href":"https:\/\/tivi-samsung.com\/index.php?rest_route=\/wp\/v2\/types\/product"}],"replies":[{"embeddable":true,"href":"https:\/\/tivi-samsung.com\/index.php?rest_route=%2Fwp%2Fv2%2Fcomments&post=4266"}],"version-history":[{"count":9,"href":"https:\/\/tivi-samsung.com\/index.php?rest_route=\/wp\/v2\/product\/4266\/revisions"}],"predecessor-version":[{"id":8437,"href":"https:\/\/tivi-samsung.com\/index.php?rest_route=\/wp\/v2\/product\/4266\/revisions\/8437"}],"wp:featuredmedia":[{"embeddable":true,"href":"https:\/\/tivi-samsung.com\/index.php?rest_route=\/wp\/v2\/media\/4807"}],"wp:attachment":[{"href":"https:\/\/tivi-samsung.com\/index.php?rest_route=%2Fwp%2Fv2%2Fmedia&parent=4266"}],"wp:term":[{"taxonomy":"product_brand","embeddable":true,"href":"https:\/\/tivi-samsung.com\/index.php?rest_route=%2Fwp%2Fv2%2Fproduct_brand&post=4266"},{"taxonomy":"product_cat","embeddable":true,"href":"https:\/\/tivi-samsung.com\/index.php?rest_route=%2Fwp%2Fv2%2Fproduct_cat&post=4266"},{"taxonomy":"product_tag","embeddable":true,"href":"https:\/\/tivi-samsung.com\/index.php?rest_route=%2Fwp%2Fv2%2Fproduct_tag&post=4266"}],"curies":[{"name":"wp","href":"https:\/\/api.w.org\/{rel}","templated":true}]}}