{"id":4263,"date":"2025-09-16T16:19:23","date_gmt":"2025-09-16T16:19:23","guid":{"rendered":"https:\/\/tivi-samsung.com\/?post_type=product&#038;p=4263"},"modified":"2025-10-15T00:10:06","modified_gmt":"2025-10-14T17:10:06","slug":"smart-tivi-neo-qled-samsung-ai-4k-85-inch-qa85qn85f","status":"publish","type":"product","link":"https:\/\/tivi-samsung.com\/?product=smart-tivi-neo-qled-samsung-ai-4k-85-inch-qa85qn85f","title":{"rendered":"Smart Tivi Neo QLED Samsung AI 4K 85 inch QA85QN85F"},"content":{"rendered":"<p><strong>Th\u00f4ng tin s\u1ea3n ph\u1ea9m<\/strong><br \/>\n<a href=\"https:\/\/tokoo.vn\/danh-muc\/samsung-tvs\/\" target=\"_blank\" rel=\"noopener\"><strong>Smart Tivi Neo QLED Samsung AI 4K 85 inch QA85QN85F<\/strong><\/a> v\u1edbi b\u1ed9 x\u1eed l\u00fd <strong>AI NQ4<\/strong> th\u1ebf h\u1ec7 2 n\u00e2ng c\u1ea5p h\u00ecnh \u1ea3nh l\u00ean 4K s\u1eafc n\u00e9t, t\u1ed1i \u01b0u m\u00e0u s\u1eafc v\u00e0 \u0111\u1ed9 s\u00e1ng, mang \u0111\u1ebfn tr\u1ea3i nghi\u1ec7m gi\u1ea3i tr\u00ed s\u1ed1ng \u0111\u1ed9ng, m\u01b0\u1ee3t m\u00e0 tr\u00ean m\u00e0n h\u00ecnh 85 inch.<\/p>\n<p><strong>Thi\u1ebft k\u1ebf<\/strong><br \/>\nChi\u1ebfc tivi s\u1edf h\u1eefu m\u00e0n h\u00ecnh 85 inch kh\u1ed5ng l\u1ed3, ph\u00f9 h\u1ee3p cho nh\u1eefng kh\u00f4ng gian r\u1ed9ng nh\u01b0 ph\u00f2ng kh\u00e1ch ho\u1eb7c ph\u00f2ng gi\u1ea3i tr\u00ed ri\u00eang. Thi\u1ebft k\u1ebf vi\u1ec1n m\u1ecfng b\u1eb1ng nh\u1ef1a t\u1ea1o c\u1ea3m gi\u00e1c h\u00ecnh \u1ea3nh g\u1ea7n nh\u01b0 tr\u00e0n vi\u1ec1n, t\u0103ng t\u00ednh th\u1ea9m m\u1ef9 v\u00e0 t\u1eadp trung t\u1ed1i \u0111a v\u00e0o n\u1ed9i dung.<\/p>\n<p>Ch\u00e2n \u0111\u1ebf l\u00e0m t\u1eeb nh\u1ef1a nh\u01b0ng ch\u1eafc ch\u1eafn, d\u1ec5 l\u1eafp \u0111\u1eb7t v\u00e0 b\u1ed1 tr\u00ed. S\u1ea3n ph\u1ea9m c\u00f3 m\u00e0u s\u1eafc trung t\u00ednh, h\u00f2a h\u1ee3p v\u1edbi nhi\u1ec1u phong c\u00e1ch n\u1ed9i th\u1ea5t.<\/p>\n<p>\u0110i k\u00e8m tivi Samsung l\u00e0 chi\u1ebfc <strong>Solar Cell Remote<\/strong> th\u00e2n thi\u1ec7n m\u00f4i tr\u01b0\u1eddng, c\u00f3 th\u1ec3 s\u1ea1c b\u1eb1ng \u00e1nh s\u00e1ng, \u0111\u1ed3ng th\u1eddi h\u1ed7 tr\u1ee3 \u0111i\u1ec1u khi\u1ec3n \u0111a n\u0103ng <strong>One Remote Control.<\/strong><\/p>\n<p><img fetchpriority=\"high\" decoding=\"async\" class=\"alignnone wp-image-5468\" src=\"https:\/\/tivi-samsung.com\/wp-content\/uploads\/2025\/09\/smart-tivi-neo-qled-samsung-ai-4k-85-inch-qa85qn85f-120925-112332-570-300x168.jpg\" alt=\"\" width=\"1393\" height=\"780\" srcset=\"https:\/\/tivi-samsung.com\/wp-content\/uploads\/2025\/09\/smart-tivi-neo-qled-samsung-ai-4k-85-inch-qa85qn85f-120925-112332-570-300x168.jpg 300w, https:\/\/tivi-samsung.com\/wp-content\/uploads\/2025\/09\/smart-tivi-neo-qled-samsung-ai-4k-85-inch-qa85qn85f-120925-112332-570-768x429.jpg 768w, https:\/\/tivi-samsung.com\/wp-content\/uploads\/2025\/09\/smart-tivi-neo-qled-samsung-ai-4k-85-inch-qa85qn85f-120925-112332-570-450x251.jpg 450w, https:\/\/tivi-samsung.com\/wp-content\/uploads\/2025\/09\/smart-tivi-neo-qled-samsung-ai-4k-85-inch-qa85qn85f-120925-112332-570-600x335.jpg 600w, https:\/\/tivi-samsung.com\/wp-content\/uploads\/2025\/09\/smart-tivi-neo-qled-samsung-ai-4k-85-inch-qa85qn85f-120925-112332-570-150x84.jpg 150w, https:\/\/tivi-samsung.com\/wp-content\/uploads\/2025\/09\/smart-tivi-neo-qled-samsung-ai-4k-85-inch-qa85qn85f-120925-112332-570.jpg 1020w\" sizes=\"(max-width: 1393px) 100vw, 1393px\" \/><\/p>\n<p><strong>C\u00f4ng ngh\u1ec7 h\u00ecnh \u1ea3nh<\/strong><\/p>\n<p>Samsung \u1ee9ng d\u1ee5ng lo\u1ea1t c\u00f4ng ngh\u1ec7 h\u00ecnh \u1ea3nh ti\u00ean ti\u1ebfn tr\u00ean <strong>QA85QN85F,<\/strong> mang l\u1ea1i s\u1ef1 kh\u00e1c bi\u1ec7t r\u00f5 r\u1ec7t v\u1ec1 ch\u1ea5t l\u01b0\u1ee3ng hi\u1ec3n th\u1ecb:<\/p>\n<p>Trang b\u1ecb b\u1ed9 x\u1eed l\u00fd<strong> AI NQ4<\/strong> th\u1ebf h\u1ec7 2, tivi t\u1ef1 \u0111\u1ed9ng t\u1ed1i \u01b0u h\u00ecnh \u1ea3nh v\u00e0 \u00e2m thanh theo t\u1eebng n\u1ed9i dung, mang \u0111\u1ebfn tr\u1ea3i nghi\u1ec7m gi\u1ea3i tr\u00ed 4K ch\u00e2n th\u1ef1c v\u00e0 m\u01b0\u1ee3t m\u00e0 h\u01a1n.<\/p>\n<p><img decoding=\"async\" class=\"alignnone wp-image-5459\" src=\"https:\/\/tivi-samsung.com\/wp-content\/uploads\/2025\/09\/smart-tivi-neo-qled-samsung-ai-4k-85-inch-qa85qn70f-2-1020x570-1-300x168.jpg\" alt=\"\" width=\"1391\" height=\"779\" srcset=\"https:\/\/tivi-samsung.com\/wp-content\/uploads\/2025\/09\/smart-tivi-neo-qled-samsung-ai-4k-85-inch-qa85qn70f-2-1020x570-1-300x168.jpg 300w, https:\/\/tivi-samsung.com\/wp-content\/uploads\/2025\/09\/smart-tivi-neo-qled-samsung-ai-4k-85-inch-qa85qn70f-2-1020x570-1-768x429.jpg 768w, https:\/\/tivi-samsung.com\/wp-content\/uploads\/2025\/09\/smart-tivi-neo-qled-samsung-ai-4k-85-inch-qa85qn70f-2-1020x570-1-450x251.jpg 450w, https:\/\/tivi-samsung.com\/wp-content\/uploads\/2025\/09\/smart-tivi-neo-qled-samsung-ai-4k-85-inch-qa85qn70f-2-1020x570-1-600x335.jpg 600w, https:\/\/tivi-samsung.com\/wp-content\/uploads\/2025\/09\/smart-tivi-neo-qled-samsung-ai-4k-85-inch-qa85qn70f-2-1020x570-1-150x84.jpg 150w, https:\/\/tivi-samsung.com\/wp-content\/uploads\/2025\/09\/smart-tivi-neo-qled-samsung-ai-4k-85-inch-qa85qn70f-2-1020x570-1.jpg 1020w\" sizes=\"(max-width: 1391px) 100vw, 1391px\" \/><\/p>\n<p><strong>Quantum Matrix Technology Plus <\/strong>c\u00f9ng t\u1ea5m n\u1ec1n<strong> Mini LED<\/strong> gi\u00fap ki\u1ec3m so\u00e1t ch\u00ednh x\u00e1c t\u1eebng v\u00f9ng s\u00e1ng &#8211; t\u1ed1i, t\u00e1i hi\u1ec7n \u0111\u1ed9 t\u01b0\u01a1ng ph\u1ea3n r\u00f5 n\u00e9t. Khi k\u1ebft h\u1ee3p v\u1edbi<strong> Neo Quantum HDR+<\/strong>, khung h\u00ecnh tr\u1edf n\u00ean r\u1ef1c r\u1ee1, d\u1ea3i m\u00e0u m\u1edf r\u1ed9ng, t\u00e1i hi\u1ec7n \u0111\u01b0\u1ee3c c\u1ea3 nh\u1eefng chi ti\u1ebft nh\u1ecf trong v\u00f9ng s\u00e1ng g\u1eaft hay t\u1ed1i s\u00e2u.<\/p>\n<p><img decoding=\"async\" class=\"alignnone wp-image-5451\" src=\"https:\/\/tivi-samsung.com\/wp-content\/uploads\/2025\/09\/smart-tivi-neo-qled-samsung-ai-4k-85-inch-qa85qn70f-5-1020x570-1-300x168.jpg\" alt=\"\" width=\"1395\" height=\"781\" srcset=\"https:\/\/tivi-samsung.com\/wp-content\/uploads\/2025\/09\/smart-tivi-neo-qled-samsung-ai-4k-85-inch-qa85qn70f-5-1020x570-1-300x168.jpg 300w, https:\/\/tivi-samsung.com\/wp-content\/uploads\/2025\/09\/smart-tivi-neo-qled-samsung-ai-4k-85-inch-qa85qn70f-5-1020x570-1-768x429.jpg 768w, https:\/\/tivi-samsung.com\/wp-content\/uploads\/2025\/09\/smart-tivi-neo-qled-samsung-ai-4k-85-inch-qa85qn70f-5-1020x570-1-450x251.jpg 450w, https:\/\/tivi-samsung.com\/wp-content\/uploads\/2025\/09\/smart-tivi-neo-qled-samsung-ai-4k-85-inch-qa85qn70f-5-1020x570-1-600x335.jpg 600w, https:\/\/tivi-samsung.com\/wp-content\/uploads\/2025\/09\/smart-tivi-neo-qled-samsung-ai-4k-85-inch-qa85qn70f-5-1020x570-1-150x84.jpg 150w, https:\/\/tivi-samsung.com\/wp-content\/uploads\/2025\/09\/smart-tivi-neo-qled-samsung-ai-4k-85-inch-qa85qn70f-5-1020x570-1.jpg 1020w\" sizes=\"(max-width: 1395px) 100vw, 1395px\" \/><\/p>\n<p>Kh\u1ea3 n\u0103ng hi\u1ec3n th\u1ecb c\u00f2n \u0111\u01b0\u1ee3c t\u1ed1i \u01b0u b\u1edfi <strong>HDR Brightness Optimizer,<\/strong> c\u00f4ng ngh\u1ec7 t\u1ef1 \u0111\u1ed9ng \u0111i\u1ec1u ch\u1ec9nh \u0111\u1ed9 s\u00e1ng HDR t\u00f9y theo m\u00f4i tr\u01b0\u1eddng xung quanh, \u0111\u1ea3m b\u1ea3o h\u00ecnh \u1ea3nh lu\u00f4n r\u00f5 r\u00e0ng d\u00f9 xem v\u00e0o ban ng\u00e0y. \u0110\u1ed3ng th\u1eddi, Supreme UHD Dimming chia m\u00e0n h\u00ecnh th\u00e0nh nhi\u1ec1u v\u00f9ng nh\u1ecf \u0111\u1ec3 ki\u1ec3m so\u00e1t \u00e1nh s\u00e1ng, mang \u0111\u1ebfn m\u00e0u \u0111en s\u00e2u v\u00e0 m\u00e0u tr\u1eafng s\u00e1ng c\u00e2n b\u1eb1ng h\u01a1n.<\/p>\n<p>M\u00e0u s\u1eafc hi\u1ec3n th\u1ecb \u0111\u01b0\u1ee3c c\u1ea3i thi\u1ec7n nh\u1edd <strong>Color Booster Pro<\/strong>, cho d\u1ea3i m\u00e0u r\u1ef1c r\u1ee1 v\u00e0 trung th\u1ef1c. Trong khi \u0111\u00f3, <strong>Real Depth Enhancer<\/strong> t\u1eadp trung l\u00e0m n\u1ed5i b\u1eadt c\u00e1c chi ti\u1ebft ti\u1ec1n c\u1ea3nh, t\u1ea1o c\u1ea3m gi\u00e1c chi\u1ec1u s\u00e2u r\u00f5 r\u1ec7t cho khung h\u00ecnh.<\/p>\n<p><img loading=\"lazy\" decoding=\"async\" class=\"alignnone wp-image-5473\" src=\"https:\/\/tivi-samsung.com\/wp-content\/uploads\/2025\/09\/smart-tivi-neo-qled-samsung-ai-4k-85-inch-qa85qn85f-120925-112642-495-300x168.jpg\" alt=\"\" width=\"1396\" height=\"782\" srcset=\"https:\/\/tivi-samsung.com\/wp-content\/uploads\/2025\/09\/smart-tivi-neo-qled-samsung-ai-4k-85-inch-qa85qn85f-120925-112642-495-300x168.jpg 300w, https:\/\/tivi-samsung.com\/wp-content\/uploads\/2025\/09\/smart-tivi-neo-qled-samsung-ai-4k-85-inch-qa85qn85f-120925-112642-495-768x429.jpg 768w, https:\/\/tivi-samsung.com\/wp-content\/uploads\/2025\/09\/smart-tivi-neo-qled-samsung-ai-4k-85-inch-qa85qn85f-120925-112642-495-450x251.jpg 450w, https:\/\/tivi-samsung.com\/wp-content\/uploads\/2025\/09\/smart-tivi-neo-qled-samsung-ai-4k-85-inch-qa85qn85f-120925-112642-495-600x335.jpg 600w, https:\/\/tivi-samsung.com\/wp-content\/uploads\/2025\/09\/smart-tivi-neo-qled-samsung-ai-4k-85-inch-qa85qn85f-120925-112642-495-150x84.jpg 150w, https:\/\/tivi-samsung.com\/wp-content\/uploads\/2025\/09\/smart-tivi-neo-qled-samsung-ai-4k-85-inch-qa85qn85f-120925-112642-495.jpg 1020w\" sizes=\"(max-width: 1396px) 100vw, 1396px\" \/><\/p>\n<p>V\u1edbi nh\u1eefng n\u1ed9i dung ch\u01b0a \u0111\u1ea1t chu\u1ea9n 4K, <strong>AI Upscaling 4K<\/strong> s\u1ebd n\u00e2ng c\u1ea5p \u0111\u1ed9 ph\u00e2n gi\u1ea3i, gi\u1ea3m v\u1ee1 h\u00ecnh v\u00e0 gi\u1eef l\u1ea1i s\u1ef1 s\u1eafc n\u00e9t. Ng\u01b0\u1eddi d\u00f9ng c\u0169ng c\u00f3 th\u1ec3 d\u1ec5 d\u00e0ng c\u00e2n ch\u1ec9nh m\u00e0u s\u1eafc nh\u1edd Smart Calibration, \u0111\u1ea3m b\u1ea3o h\u00ecnh \u1ea3nh hi\u1ec3n th\u1ecb g\u1ea7n \u0111\u00fang \u00fd \u0111\u1ed3 s\u00e1ng t\u1ea1o ban \u0111\u1ea7u.<\/p>\n<p>\u0110\u1eb7c bi\u1ec7t, c\u00f4ng ngh\u1ec7 <strong>Auto HDR Remastering<\/strong> gi\u00fap bi\u1ebfn nh\u1eefng n\u1ed9i dung SDR th\u00f4ng th\u01b0\u1eddng th\u00e0nh ch\u1ea5t l\u01b0\u1ee3ng g\u1ea7n HDR, t\u0103ng \u0111\u1ed9 chi ti\u1ebft v\u00e0 m\u00e0u s\u1eafc sinh \u0111\u1ed9ng h\u01a1n. Kh\u00f4ng ch\u1ec9 v\u1eady, Wide Viewing Angle cho ph\u00e9p duy tr\u00ec ch\u1ea5t l\u01b0\u1ee3ng h\u00ecnh \u1ea3nh v\u00e0 m\u00e0u s\u1eafc \u0111\u1ed3ng \u0111\u1ec1u t\u1eeb nhi\u1ec1u g\u00f3c nh\u00ecn kh\u00e1c nhau.<\/p>\n<p>\u0110\u1ec3 b\u1ea3o v\u1ec7 m\u1eaft, <strong>EyeComfort Mode<\/strong> t\u1ef1 \u0111\u1ed9ng gi\u1ea3m \u0111\u1ed9 s\u00e1ng m\u00e0n h\u00ecnh v\u00e0o bu\u1ed5i t\u1ed1i, gi\u00fap h\u1ea1n ch\u1ebf t\u00ecnh tr\u1ea1ng m\u1ecfi m\u1eaft khi xem l\u00e2u.<\/p>\n<p>V\u1edbi game th\u1ee7, <strong>QA85QN85F<\/strong> c\u0169ng kh\u00f4ng khi\u1ebfn h\u1ecd th\u1ea5t v\u1ecdng. <strong>Motion Xcelerator 144 Hz<\/strong> k\u1ebft h\u1ee3p c\u00f9ng<strong> Game Motion Plus<\/strong> mang \u0111\u1ebfn chuy\u1ec3n \u0111\u1ed9ng m\u01b0\u1ee3t m\u00e0, gi\u1ea3m nh\u00f2e trong c\u00e1c c\u1ea3nh h\u00e0nh \u0111\u1ed9ng nhanh. C\u00f4ng ngh\u1ec7 <strong>FreeSync Premium Pro<\/strong> v\u00e0 <strong>ALLM<\/strong> \u0111\u1ea3m b\u1ea3o \u0111\u1ed9 tr\u1ec5 th\u1ea5p, h\u1ea1n ch\u1ebf hi\u1ec7n t\u01b0\u1ee3ng x\u00e9 h\u00ecnh khi ch\u01a1i game. H\u01a1n th\u1ebf n\u1eefa, <strong>Super Ultra Wide Game View &amp; Game Bar<\/strong> cho ph\u00e9p ng\u01b0\u1eddi ch\u01a1i m\u1edf r\u1ed9ng t\u1ec9 l\u1ec7 khung h\u00ecnh v\u00e0 theo d\u00f5i th\u00f4ng s\u1ed1 ngay trong l\u00fac chi\u1ebfn game, n\u00e2ng cao tr\u1ea3i nghi\u1ec7m to\u00e0n di\u1ec7n.<\/p>\n<p><img loading=\"lazy\" decoding=\"async\" class=\"alignnone wp-image-5272\" src=\"https:\/\/tivi-samsung.com\/wp-content\/uploads\/2025\/09\/smart-tivi-neo-qled-samsung-ai-4k-65-inch-qa65qn85f-120925-115546-479-300x168.jpg\" alt=\"\" width=\"1398\" height=\"783\" srcset=\"https:\/\/tivi-samsung.com\/wp-content\/uploads\/2025\/09\/smart-tivi-neo-qled-samsung-ai-4k-65-inch-qa65qn85f-120925-115546-479-300x168.jpg 300w, https:\/\/tivi-samsung.com\/wp-content\/uploads\/2025\/09\/smart-tivi-neo-qled-samsung-ai-4k-65-inch-qa65qn85f-120925-115546-479-768x429.jpg 768w, https:\/\/tivi-samsung.com\/wp-content\/uploads\/2025\/09\/smart-tivi-neo-qled-samsung-ai-4k-65-inch-qa65qn85f-120925-115546-479-450x251.jpg 450w, https:\/\/tivi-samsung.com\/wp-content\/uploads\/2025\/09\/smart-tivi-neo-qled-samsung-ai-4k-65-inch-qa65qn85f-120925-115546-479-600x335.jpg 600w, https:\/\/tivi-samsung.com\/wp-content\/uploads\/2025\/09\/smart-tivi-neo-qled-samsung-ai-4k-65-inch-qa65qn85f-120925-115546-479-150x84.jpg 150w, https:\/\/tivi-samsung.com\/wp-content\/uploads\/2025\/09\/smart-tivi-neo-qled-samsung-ai-4k-65-inch-qa65qn85f-120925-115546-479.jpg 1020w\" sizes=\"(max-width: 1398px) 100vw, 1398px\" \/><\/p>\n<p>Cu\u1ed1i c\u00f9ng, khi kh\u00f4ng s\u1eed d\u1ee5ng, ng\u01b0\u1eddi d\u00f9ng c\u00f3 th\u1ec3 k\u00edch ho\u1ea1t AI <strong>Generative Wallpaper<\/strong> ho\u1eb7c truy c\u1eadp kho tranh Art Store, bi\u1ebfn chi\u1ebfc tivi th\u00e0nh khung tranh ngh\u1ec7 thu\u1eadt \u0111\u1ea7y th\u1ea9m m\u1ef9 cho kh\u00f4ng gian s\u1ed1ng.<\/p>\n<p><strong>C\u00f4ng ngh\u1ec7 \u00e2m thanh<\/strong><\/p>\n<p>\u00c2m thanh c\u1ee7a QA85QN85F m\u1ea1nh m\u1ebd v\u1edbi t\u1ed5ng c\u00f4ng su\u1ea5t 40W.<\/p>\n<p><strong>C\u00f4ng ngh\u1ec7 Dolby Atmos<\/strong> t\u00e1i t\u1ea1o hi\u1ec7u \u1ee9ng v\u00f2m \u0111a chi\u1ec1u, mang \u0111\u1ebfn c\u1ea3m gi\u00e1c nh\u01b0 \u0111ang \u1edf r\u1ea1p phim. H\u1ec7 th\u1ed1ng<strong> OTS Lite (<\/strong>Object Tracking Sound Lite) gi\u00fap \u00e2m thanh chuy\u1ec3n \u0111\u1ed9ng theo h\u00ecnh \u1ea3nh, t\u0103ng t\u00ednh ch\u00e2n th\u1ef1c.<\/p>\n<p><img loading=\"lazy\" decoding=\"async\" class=\"alignnone wp-image-5374\" src=\"https:\/\/tivi-samsung.com\/wp-content\/uploads\/2025\/09\/de2784a3a00fc9ccc390e68b29134949-300x168.jpg\" alt=\"\" width=\"1398\" height=\"783\" srcset=\"https:\/\/tivi-samsung.com\/wp-content\/uploads\/2025\/09\/de2784a3a00fc9ccc390e68b29134949-300x168.jpg 300w, https:\/\/tivi-samsung.com\/wp-content\/uploads\/2025\/09\/de2784a3a00fc9ccc390e68b29134949-768x429.jpg 768w, https:\/\/tivi-samsung.com\/wp-content\/uploads\/2025\/09\/de2784a3a00fc9ccc390e68b29134949-450x251.jpg 450w, https:\/\/tivi-samsung.com\/wp-content\/uploads\/2025\/09\/de2784a3a00fc9ccc390e68b29134949-600x335.jpg 600w, https:\/\/tivi-samsung.com\/wp-content\/uploads\/2025\/09\/de2784a3a00fc9ccc390e68b29134949-150x84.jpg 150w, https:\/\/tivi-samsung.com\/wp-content\/uploads\/2025\/09\/de2784a3a00fc9ccc390e68b29134949.jpg 1020w\" sizes=\"(max-width: 1398px) 100vw, 1398px\" \/><\/p>\n<p>Khi k\u1ebft h\u1ee3p tivi v\u1edbi loa thanh Samsung, c\u00f4ng ngh\u1ec7 <strong>Q-Symphony Next<\/strong> \u0111\u1ed3ng b\u1ed9 loa tivi v\u00e0 loa ngo\u00e0i, m\u1edf r\u1ed9ng c\u00f4ng su\u1ea5t, cho ch\u1ea5t \u00e2m d\u00e0y v\u00e0 s\u1ed1ng \u0111\u1ed9ng h\u01a1n.<\/p>\n<p>C\u00e1c t\u00ednh n\u0103ng th\u00f4ng minh nh\u01b0 <strong>Adaptive Sound Pro<\/strong> t\u1ef1 \u0111\u1ed9ng \u0111i\u1ec1u ch\u1ec9nh \u00e2m thanh theo n\u1ed9i dung, hay Active Voice Amplifier Pro t\u0103ng c\u01b0\u1eddng gi\u1ecdng tho\u1ea1i trong m\u00f4i tr\u01b0\u1eddng \u1ed3n, gi\u00fap tr\u1ea3i nghi\u1ec7m xem phim, tin t\u1ee9c tr\u1edf n\u00ean tr\u1ecdn v\u1eb9n h\u01a1n. \u0110\u1eb7c bi\u1ec7t, Far Field Voice h\u1ed7 tr\u1ee3 t\u00ecm ki\u1ebfm gi\u1ecdng n\u00f3i t\u1eeb xa m\u00e0 kh\u00f4ng c\u1ea7n remote, t\u1ea1o s\u1ef1 ti\u1ec7n l\u1ee3i t\u1ed1i \u0111a.<\/p>\n<p><strong>H\u1ec7 \u0111i\u1ec1u h\u00e0nh<\/strong><br \/>\nTivi v\u1eadn h\u00e0nh tr\u00ean h\u1ec7 \u0111i\u1ec1u h\u00e0nh <strong>Tizen\u2122, kho \u1ee9ng d\u1ee5ng \u0111a d\u1ea1ng t\u1eeb YouTube, Netflix, FPT Play, TV360 \u0111\u1ebfn VieON.<\/strong><\/p>\n<p><img loading=\"lazy\" decoding=\"async\" class=\"alignnone wp-image-5252\" src=\"https:\/\/tivi-samsung.com\/wp-content\/uploads\/2025\/09\/smart-tivi-neo-qled-4k-55-inch-samsung-qa55qn85c-190323-030438-300x168.jpg\" alt=\"\" width=\"1398\" height=\"783\" srcset=\"https:\/\/tivi-samsung.com\/wp-content\/uploads\/2025\/09\/smart-tivi-neo-qled-4k-55-inch-samsung-qa55qn85c-190323-030438-300x168.jpg 300w, https:\/\/tivi-samsung.com\/wp-content\/uploads\/2025\/09\/smart-tivi-neo-qled-4k-55-inch-samsung-qa55qn85c-190323-030438-768x429.jpg 768w, https:\/\/tivi-samsung.com\/wp-content\/uploads\/2025\/09\/smart-tivi-neo-qled-4k-55-inch-samsung-qa55qn85c-190323-030438-450x251.jpg 450w, https:\/\/tivi-samsung.com\/wp-content\/uploads\/2025\/09\/smart-tivi-neo-qled-4k-55-inch-samsung-qa55qn85c-190323-030438-600x335.jpg 600w, https:\/\/tivi-samsung.com\/wp-content\/uploads\/2025\/09\/smart-tivi-neo-qled-4k-55-inch-samsung-qa55qn85c-190323-030438-150x84.jpg 150w, https:\/\/tivi-samsung.com\/wp-content\/uploads\/2025\/09\/smart-tivi-neo-qled-4k-55-inch-samsung-qa55qn85c-190323-030438.jpg 1020w\" sizes=\"(max-width: 1398px) 100vw, 1398px\" \/><\/p>\n<p><strong>Ti\u1ec7n \u00edch<\/strong><br \/>\nV\u1edbi <strong>SmartThings<\/strong>, ng\u01b0\u1eddi d\u00f9ng c\u00f3 th\u1ec3 bi\u1ebfn tivi th\u00e0nh trung t\u00e2m k\u1ebft n\u1ed1i, \u0111i\u1ec1u khi\u1ec3n c\u00e1c thi\u1ebft b\u1ecb th\u00f4ng minh kh\u00e1c trong nh\u00e0.<\/p>\n<p><img loading=\"lazy\" decoding=\"async\" class=\"alignnone wp-image-5449\" src=\"https:\/\/tivi-samsung.com\/wp-content\/uploads\/2025\/09\/smart-tivi-neo-qled-samsung-ai-4k-85-inch-qa85qn70f-8-638938055584399531-300x168.jpg\" alt=\"\" width=\"1396\" height=\"782\" srcset=\"https:\/\/tivi-samsung.com\/wp-content\/uploads\/2025\/09\/smart-tivi-neo-qled-samsung-ai-4k-85-inch-qa85qn70f-8-638938055584399531-300x168.jpg 300w, https:\/\/tivi-samsung.com\/wp-content\/uploads\/2025\/09\/smart-tivi-neo-qled-samsung-ai-4k-85-inch-qa85qn70f-8-638938055584399531-768x429.jpg 768w, https:\/\/tivi-samsung.com\/wp-content\/uploads\/2025\/09\/smart-tivi-neo-qled-samsung-ai-4k-85-inch-qa85qn70f-8-638938055584399531-450x251.jpg 450w, https:\/\/tivi-samsung.com\/wp-content\/uploads\/2025\/09\/smart-tivi-neo-qled-samsung-ai-4k-85-inch-qa85qn70f-8-638938055584399531-600x335.jpg 600w, https:\/\/tivi-samsung.com\/wp-content\/uploads\/2025\/09\/smart-tivi-neo-qled-samsung-ai-4k-85-inch-qa85qn70f-8-638938055584399531-150x84.jpg 150w, https:\/\/tivi-samsung.com\/wp-content\/uploads\/2025\/09\/smart-tivi-neo-qled-samsung-ai-4k-85-inch-qa85qn70f-8-638938055584399531.jpg 1020w\" sizes=\"(max-width: 1396px) 100vw, 1396px\" \/><\/p>\n<p>Kh\u1ea3 n\u0103ng \u0111i\u1ec1u khi\u1ec3n \u0111a d\u1ea1ng: t\u1eeb remote th\u00f4ng minh <strong>Solar Cell Remote<\/strong>, t\u00ecm ki\u1ebfm gi\u1ecdng n\u00f3i b\u1eb1ng ti\u1ebfng Vi\u1ec7t qua Bixby ho\u1eb7c YouTube, cho \u0111\u1ebfn AirPlay 2 \u0111\u1ec3 chia s\u1ebb n\u1ed9i dung t\u1eeb <strong>iPhone, iPad.<\/strong><\/p>\n<p>T\u00ednh n\u0103ng Multi View cho ph\u00e9p chia \u0111\u00f4i m\u00e0n h\u00ecnh, v\u1eeba xem tivi v\u1eeba hi\u1ec3n th\u1ecb n\u1ed9i dung t\u1eeb camera ngo\u00e0i.<\/p>\n<p>QA85QN85F c\u00f2n g\u00e2y \u1ea5n t\u01b0\u1ee3ng v\u1edbi Art Store &#8211; c\u1eeda h\u00e0ng tranh ngh\u1ec7 thu\u1eadt s\u1ed1, Universal Gestures \u0111\u1ec3 \u0111i\u1ec1u khi\u1ec3n b\u1eb1ng \u0111\u1ed3ng h\u1ed3 Galaxy Watch, v\u00e0 Quick Remote d\u00f9ng \u0111i\u1ec7n tho\u1ea1i nh\u01b0 \u0111i\u1ec1u khi\u1ec3n t\u1eeb xa (Android 11\/iOS 16 tr\u1edf l\u00ean).<\/p>\n<p><em><strong>Smart Tivi Neo QLED Samsung AI 4K 85 inch QA85QN85F<\/strong> l\u00e0 l\u1ef1a ch\u1ecdn x\u1ee9ng t\u1ea7m cho gia \u0111\u00ecnh \u0111\u00f4ng th\u00e0nh vi\u00ean ho\u1eb7c kh\u00f4ng gian ph\u00f2ng kh\u00e1ch l\u1edbn. V\u1edbi b\u1ed9 x\u1eed l\u00fd AI NQ4 th\u1ebf h\u1ec7 2, h\u1ec7 th\u1ed1ng c\u00f4ng ngh\u1ec7 h\u00ecnh \u1ea3nh v\u00e0 \u00e2m thanh to\u00e0n di\u1ec7n c\u00f9ng lo\u1ea1t ti\u1ec7n \u00edch th\u00f4ng minh v\u01b0\u1ee3t tr\u1ed9i, s\u1ea3n ph\u1ea9m kh\u00f4ng ch\u1ec9 mang \u0111\u1ebfn tr\u1ea3i nghi\u1ec7m gi\u1ea3i tr\u00ed cao c\u1ea5p m\u00e0 c\u00f2n n\u00e2ng t\u1ea7m kh\u00f4ng gian s\u1ed1ng hi\u1ec7n \u0111\u1ea1i.<\/em><\/p>\n<p>&nbsp;<\/p>\n<p><script src=\"chrome-extension:\/\/fpelahbljekknahkcaegamhcndkfpfnc\/iFrame.js\" type=\"text\/javascript\"><\/script><\/p>\n<p><script src=\"chrome-extension:\/\/fpelahbljekknahkcaegamhcndkfpfnc\/iFrame.js\" type=\"text\/javascript\"><\/script><\/p>\n<p><script src=\"chrome-extension:\/\/fpelahbljekknahkcaegamhcndkfpfnc\/iFrame.js\" type=\"text\/javascript\"><\/script><\/p>\n<p><script src=\"chrome-extension:\/\/fpelahbljekknahkcaegamhcndkfpfnc\/iFrame.js\" type=\"text\/javascript\"><\/script><\/p>\n","protected":false},"excerpt":{"rendered":"<p>&nbsp;<\/p>\n<p><script src=\"chrome-extension:\/\/fpelahbljekknahkcaegamhcndkfpfnc\/iFrame.js\" type=\"text\/javascript\"><\/script><\/p>\n<p><script src=\"chrome-extension:\/\/fpelahbljekknahkcaegamhcndkfpfnc\/iFrame.js\" type=\"text\/javascript\"><\/script><\/p>\n<p><script src=\"chrome-extension:\/\/fpelahbljekknahkcaegamhcndkfpfnc\/iFrame.js\" type=\"text\/javascript\"><\/script><\/p>\n<p><script src=\"chrome-extension:\/\/fpelahbljekknahkcaegamhcndkfpfnc\/iFrame.js\" type=\"text\/javascript\"><\/script><\/p>\n<p><script src=\"chrome-extension:\/\/fpelahbljekknahkcaegamhcndkfpfnc\/iFrame.js\" type=\"text\/javascript\"><\/script><\/p>\n<p><script src=\"chrome-extension:\/\/fpelahbljekknahkcaegamhcndkfpfnc\/iFrame.js\" type=\"text\/javascript\"><\/script><\/p>\n<p><script src=\"chrome-extension:\/\/fpelahbljekknahkcaegamhcndkfpfnc\/iFrame.js\" type=\"text\/javascript\"><\/script><\/p>\n","protected":false},"featured_media":4833,"comment_status":"open","ping_status":"closed","template":"","meta":[],"product_brand":[88],"product_cat":[68,76],"product_tag":[],"class_list":{"0":"post-4263","1":"product","2":"type-product","3":"status-publish","4":"has-post-thumbnail","6":"product_brand-samsung","7":"product_cat-smart-tv","8":"product_cat-televisions","9":"pa_kich-co-man-hinh-tu-75-85-inch","11":"first","12":"instock","13":"shipping-taxable","14":"purchasable","15":"product-type-simple"},"_links":{"self":[{"href":"https:\/\/tivi-samsung.com\/index.php?rest_route=\/wp\/v2\/product\/4263","targetHints":{"allow":["GET"]}}],"collection":[{"href":"https:\/\/tivi-samsung.com\/index.php?rest_route=\/wp\/v2\/product"}],"about":[{"href":"https:\/\/tivi-samsung.com\/index.php?rest_route=\/wp\/v2\/types\/product"}],"replies":[{"embeddable":true,"href":"https:\/\/tivi-samsung.com\/index.php?rest_route=%2Fwp%2Fv2%2Fcomments&post=4263"}],"version-history":[{"count":9,"href":"https:\/\/tivi-samsung.com\/index.php?rest_route=\/wp\/v2\/product\/4263\/revisions"}],"predecessor-version":[{"id":8438,"href":"https:\/\/tivi-samsung.com\/index.php?rest_route=\/wp\/v2\/product\/4263\/revisions\/8438"}],"wp:featuredmedia":[{"embeddable":true,"href":"https:\/\/tivi-samsung.com\/index.php?rest_route=\/wp\/v2\/media\/4833"}],"wp:attachment":[{"href":"https:\/\/tivi-samsung.com\/index.php?rest_route=%2Fwp%2Fv2%2Fmedia&parent=4263"}],"wp:term":[{"taxonomy":"product_brand","embeddable":true,"href":"https:\/\/tivi-samsung.com\/index.php?rest_route=%2Fwp%2Fv2%2Fproduct_brand&post=4263"},{"taxonomy":"product_cat","embeddable":true,"href":"https:\/\/tivi-samsung.com\/index.php?rest_route=%2Fwp%2Fv2%2Fproduct_cat&post=4263"},{"taxonomy":"product_tag","embeddable":true,"href":"https:\/\/tivi-samsung.com\/index.php?rest_route=%2Fwp%2Fv2%2Fproduct_tag&post=4263"}],"curies":[{"name":"wp","href":"https:\/\/api.w.org\/{rel}","templated":true}]}}