{"id":4260,"date":"2025-09-16T16:17:35","date_gmt":"2025-09-16T16:17:35","guid":{"rendered":"https:\/\/tivi-samsung.com\/?post_type=product&#038;p=4260"},"modified":"2025-10-15T00:11:50","modified_gmt":"2025-10-14T17:11:50","slug":"smart-tivi-qled-samsung-4k-85-inch-qa85q60d","status":"publish","type":"product","link":"https:\/\/tivi-samsung.com\/?product=smart-tivi-qled-samsung-4k-85-inch-qa85q60d","title":{"rendered":"Smart Tivi QLED Samsung 4K 85 inch QA85Q60D"},"content":{"rendered":"<p><strong>Th\u00f4ng tin s\u1ea3n ph\u1ea9m<\/strong><br \/>\n<a href=\"https:\/\/tokoo.vn\/danh-muc\/samsung-tvs\/\" target=\"_blank\" rel=\"noopener\"><strong>Smart Tivi QLED Samsung 4K 85 inch QA85Q60D<\/strong><\/a> s\u1edf h\u1eefu k\u00edch th\u01b0\u1edbc m\u00e0n h\u00ecnh l\u00ean \u0111\u1ebfn 85 inch cung c\u1ea5p g\u00f3c nh\u00ecn r\u1ed9ng, l\u00e0 \u0111i\u1ec3m nh\u1ea5n cho kh\u00f4ng gian ph\u00f2ng kh\u00e1ch c\u1ee7a gia \u0111\u00ecnh. C\u00f4ng ngh\u1ec7 Quantum HDR mang \u0111\u1ebfn d\u1ea3i m\u00e0u r\u1ed9ng t\u0103ng \u0111\u1ed9 ch\u00e2n th\u1ef1c cho h\u00ecnh \u1ea3nh hi\u1ec3n th\u1ecb, c\u00f4ng ngh\u1ec7 \u00e2m thanh chuy\u1ec3n \u0111\u1ed9ng theo h\u00ecnh \u1ea3nh OTS Lite, h\u1ec7 \u0111i\u1ec1u h\u00e0nh Tizen v\u1edbi c\u00e1c \u1ee9ng d\u1ee5ng gi\u1ea3i tr\u00ed \u0111a d\u1ea1ng gi\u00fap ng\u01b0\u1eddi d\u00f9ng \u0111\u1eafm ch\u00ecm trong th\u1ebf gi\u1edbi gi\u1ea3i tr\u00ed s\u1ed1ng \u0111\u1ed9ng.<\/p>\n<p><strong>Thi\u1ebft k\u1ebf<\/strong><br \/>\n<strong>&#8211; Smart Tivi QA85Q60D<\/strong> s\u1edf h\u1eefu thi\u1ebft k\u1ebf <strong>AirSlim<\/strong> v\u1edbi c\u00e1c c\u1ea1nh vi\u1ec1n thanh m\u1ea3nh, m\u00e0n h\u00ecnh c\u00f3 k\u00edch th\u01b0\u1edbc l\u1edbn l\u00ean \u0111\u1ebfn 85 inch cung c\u1ea5p g\u00f3c nh\u00ecn r\u1ed9ng c\u0169ng nh\u01b0 t\u1ea1o \u0111i\u1ec3m nh\u1ea5n cho c\u00e1c kh\u00f4ng gian nh\u01b0 ph\u00f2ng kh\u00e1ch, ph\u00f2ng h\u1ecdp,&#8230;<\/p>\n<p>&#8211; Ch\u00e2n \u0111\u1ebf l\u00e0m t\u1eeb nh\u1ef1a cao c\u1ea5p n\u00e2ng \u0111\u1ee1 tivi ch\u1eafc ch\u1eafn, ngo\u00e0i ra b\u1ea1n c\u00f3 th\u1ec3 th\u00e1o r\u1eddi ch\u00e2n \u0111\u1ebf v\u00e0 tr\u01b0ng b\u00e0y tivi \u1edf d\u1ea1ng treo t\u01b0\u1eddng t\u1ea1o \u0111i\u1ec3m nh\u1ea5n cho kh\u00f4ng gian n\u1ed9i th\u1ea5t c\u1ee7a gia \u0111\u00ecnh.<\/p>\n<p><img fetchpriority=\"high\" decoding=\"async\" class=\"alignnone wp-image-5476\" src=\"https:\/\/tivi-samsung.com\/wp-content\/uploads\/2025\/09\/06c8ce832334e8f9a6c541560189e5a7-300x168.jpg\" alt=\"\" width=\"1520\" height=\"851\" srcset=\"https:\/\/tivi-samsung.com\/wp-content\/uploads\/2025\/09\/06c8ce832334e8f9a6c541560189e5a7-300x168.jpg 300w, https:\/\/tivi-samsung.com\/wp-content\/uploads\/2025\/09\/06c8ce832334e8f9a6c541560189e5a7-768x429.jpg 768w, https:\/\/tivi-samsung.com\/wp-content\/uploads\/2025\/09\/06c8ce832334e8f9a6c541560189e5a7-450x251.jpg 450w, https:\/\/tivi-samsung.com\/wp-content\/uploads\/2025\/09\/06c8ce832334e8f9a6c541560189e5a7-600x335.jpg 600w, https:\/\/tivi-samsung.com\/wp-content\/uploads\/2025\/09\/06c8ce832334e8f9a6c541560189e5a7-150x84.jpg 150w, https:\/\/tivi-samsung.com\/wp-content\/uploads\/2025\/09\/06c8ce832334e8f9a6c541560189e5a7.jpg 1020w\" sizes=\"(max-width: 1520px) 100vw, 1520px\" \/><\/p>\n<p><strong>C\u00f4ng ngh\u1ec7 h\u00ecnh \u1ea3nh<\/strong><br \/>\n&#8211; <strong>\u0110\u1ed9 ph\u00e2n gi\u1ea3i 4K<\/strong> gi\u00fap m\u1ed7i khung h\u00ecnh \u0111\u1ec1u tr\u1edf n\u00ean s\u1eafc n\u00e9t \u0111\u1ebfn t\u1eebng chi ti\u1ebft nh\u1ecf nh\u1ea5t, mang \u0111\u1ebfn tr\u1ea3i nghi\u1ec7m h\u00ecnh \u1ea3nh s\u1ed1ng \u0111\u1ed9ng nh\u01b0 th\u1eadt.<\/p>\n<p>&#8211; B\u1ed9 x\u1eed l\u00fd <strong>Quantum 4K Lite<\/strong> n\u00e2ng cao ch\u1ea5t l\u01b0\u1ee3ng h\u00ecnh \u1ea3nh hi\u1ec3n th\u1ecb c\u00f3 th\u1ec3 \u0111\u1ea1t \u0111\u1ebfn ch\u1ea5t l\u01b0\u1ee3ng 4K gi\u00fap ng\u01b0\u1eddi xem tr\u1ea3i nghi\u1ec7m c\u00e1c n\u1ed9i dung y\u00eau th\u00edch m\u1ed9t c\u00e1ch tr\u1ecdn v\u1eb9n nh\u1ea5t.<\/p>\n<p><img decoding=\"async\" class=\"alignnone wp-image-5469\" src=\"https:\/\/tivi-samsung.com\/wp-content\/uploads\/2025\/09\/smart-samsung-4k-85-inch-ua85bu8000-140322-064210-1-300x168.jpg\" alt=\"\" width=\"1518\" height=\"850\" srcset=\"https:\/\/tivi-samsung.com\/wp-content\/uploads\/2025\/09\/smart-samsung-4k-85-inch-ua85bu8000-140322-064210-1-300x168.jpg 300w, https:\/\/tivi-samsung.com\/wp-content\/uploads\/2025\/09\/smart-samsung-4k-85-inch-ua85bu8000-140322-064210-1-768x429.jpg 768w, https:\/\/tivi-samsung.com\/wp-content\/uploads\/2025\/09\/smart-samsung-4k-85-inch-ua85bu8000-140322-064210-1-450x251.jpg 450w, https:\/\/tivi-samsung.com\/wp-content\/uploads\/2025\/09\/smart-samsung-4k-85-inch-ua85bu8000-140322-064210-1-600x335.jpg 600w, https:\/\/tivi-samsung.com\/wp-content\/uploads\/2025\/09\/smart-samsung-4k-85-inch-ua85bu8000-140322-064210-1-150x84.jpg 150w, https:\/\/tivi-samsung.com\/wp-content\/uploads\/2025\/09\/smart-samsung-4k-85-inch-ua85bu8000-140322-064210-1.jpg 1020w\" sizes=\"(max-width: 1518px) 100vw, 1518px\" \/><\/p>\n<p>&#8211; <strong>M\u00e0n h\u00ecnh tivi QLED<\/strong> s\u1eed d\u1ee5ng c\u00f4ng ngh\u1ec7 Quantum Dot hi\u1ec3n th\u1ecb d\u1ea3i m\u00e0u r\u1ed9ng v\u1edbi \u0111\u1ed9 ch\u00e2n th\u1ef1c v\u00e0 r\u00f5 n\u00e9t, t\u1eeb \u0111\u00f3 ng\u01b0\u1eddi d\u00f9ng c\u00f3 th\u1ec3 th\u01b0\u1edfng th\u1ee9c t\u1eebng th\u01b0\u1edbc phim mang m\u00e0u s\u1eafc s\u1ed1ng \u0111\u1ed9ng, r\u00f5 r\u00e0ng \u1edf c\u00e1c m\u1ee9c \u0111\u1ed9 s\u00e1ng.<\/p>\n<p>&#8211; <strong>C\u00f4ng ngh\u1ec7 Quantum HDR<\/strong> k\u1ebft h\u1ee3p gi\u1eefa c\u00f4ng ngh\u1ec7 ch\u1ea5m l\u01b0\u1ee3ng t\u1eed v\u00e0 HDR gi\u00fap m\u1edf r\u1ed9ng d\u1ea3i m\u00e0u t\u0103ng c\u01b0\u1eddng \u0111\u1ed9 t\u01b0\u01a1ng ph\u1ea3n, mang \u0111\u1ebfn h\u00ecnh \u1ea3nh s\u1ed1ng \u0111\u1ed9ng nh\u01b0 th\u1eadt.<\/p>\n<p>&#8211; <strong>C\u00f4ng ngh\u1ec7 \u0111\u00e8n n\u1ec1n Dual LED<\/strong> t\u1ed1i \u01b0u t\u00f4ng m\u00e0u c\u1ee7a \u0111\u00e8n n\u1ec1n \u0111\u1ec3 ph\u00f9 h\u1ee3p v\u1edbi c\u00e1c n\u1ed9i dung xem, cho ph\u00e9p h\u00ecnh \u1ea3nh hi\u1ec3n th\u1ecb c\u00f3 \u0111\u1ed9 t\u01b0\u01a1ng ph\u1ea3n cao, s\u1eafc n\u00e9t h\u01a1n.<\/p>\n<p><img decoding=\"async\" class=\"alignnone wp-image-5110\" src=\"https:\/\/tivi-samsung.com\/wp-content\/uploads\/2025\/09\/smart-tivi-qled-4k-75-inch-samsung-qa75q60c-210323-031944-300x168.jpg\" alt=\"\" width=\"1514\" height=\"848\" srcset=\"https:\/\/tivi-samsung.com\/wp-content\/uploads\/2025\/09\/smart-tivi-qled-4k-75-inch-samsung-qa75q60c-210323-031944-300x168.jpg 300w, https:\/\/tivi-samsung.com\/wp-content\/uploads\/2025\/09\/smart-tivi-qled-4k-75-inch-samsung-qa75q60c-210323-031944-768x429.jpg 768w, https:\/\/tivi-samsung.com\/wp-content\/uploads\/2025\/09\/smart-tivi-qled-4k-75-inch-samsung-qa75q60c-210323-031944-450x251.jpg 450w, https:\/\/tivi-samsung.com\/wp-content\/uploads\/2025\/09\/smart-tivi-qled-4k-75-inch-samsung-qa75q60c-210323-031944-600x335.jpg 600w, https:\/\/tivi-samsung.com\/wp-content\/uploads\/2025\/09\/smart-tivi-qled-4k-75-inch-samsung-qa75q60c-210323-031944-150x84.jpg 150w, https:\/\/tivi-samsung.com\/wp-content\/uploads\/2025\/09\/smart-tivi-qled-4k-75-inch-samsung-qa75q60c-210323-031944.jpg 1020w\" sizes=\"(max-width: 1514px) 100vw, 1514px\" \/><\/p>\n<p>&#8211; Th\u01b0\u1edfng th\u1ee9c h\u00ecnh \u1ea3nh r\u00f5 n\u00e9t, c\u00e1c chuy\u1ec3n \u0111\u1ed9ng m\u01b0\u1ee3t m\u00e0 \u1edf t\u1ea7n s\u1ed1 qu\u00e9t 60 Hz v\u1edbi c\u00f4ng ngh\u1ec7 <strong>Motion Xcelerator.<\/strong><\/p>\n<p>&#8211;<strong> T\u00ednh n\u0103ng EyeComfort<\/strong> c\u1ee7a tivi s\u1ebd t\u1ef1 \u0111\u1ed9ng tinh ch\u1ec9nh h\u00ecnh \u1ea3nh, l\u1ecdc \u00e1nh s\u00e1ng xanh, b\u1ea3o v\u1ec7 m\u1eaft c\u1ee7a b\u1ea1n t\u1ed1t h\u01a1n trong th\u1eddi gian d\u00e0i th\u01b0\u1edfng th\u1ee9c.<\/p>\n<p>&#8211; T\u00f9y ch\u1ec9nh tr\u1ea3i nghi\u1ec7m ch\u01a1i game, t\u1ec9 l\u1ec7 m\u00e0n h\u00ecnh c\u1ee7a b\u1ea1n v\u1edbi Game Bar v\u00e0 Super Ultra Wide Game View. T\u0103ng t\u1ed1c \u0111\u1ed9 ph\u1ea3n h\u1ed3i, gi\u1ea3m thi\u1ec3u \u0111\u1ed9 tr\u1ec5 v\u00e0 t\u1eadn h\u01b0\u1edfng h\u00ecnh \u1ea3nh game m\u01b0\u1ee3t m\u00e0 v\u1edbi c\u00f4ng ngh\u1ec7 ALLM.<\/p>\n<p><img loading=\"lazy\" decoding=\"async\" class=\"alignnone wp-image-5352\" src=\"https:\/\/tivi-samsung.com\/wp-content\/uploads\/2025\/09\/smart-tivi-qled-samsung-ai-4k-43-inch-qa43q7fa-200925-024850-407-300x176.jpg\" alt=\"\" width=\"1514\" height=\"888\" srcset=\"https:\/\/tivi-samsung.com\/wp-content\/uploads\/2025\/09\/smart-tivi-qled-samsung-ai-4k-43-inch-qa43q7fa-200925-024850-407-300x176.jpg 300w, https:\/\/tivi-samsung.com\/wp-content\/uploads\/2025\/09\/smart-tivi-qled-samsung-ai-4k-43-inch-qa43q7fa-200925-024850-407-450x265.jpg 450w, https:\/\/tivi-samsung.com\/wp-content\/uploads\/2025\/09\/smart-tivi-qled-samsung-ai-4k-43-inch-qa43q7fa-200925-024850-407-600x353.jpg 600w, https:\/\/tivi-samsung.com\/wp-content\/uploads\/2025\/09\/smart-tivi-qled-samsung-ai-4k-43-inch-qa43q7fa-200925-024850-407-150x88.jpg 150w\" sizes=\"(max-width: 1514px) 100vw, 1514px\" \/><\/p>\n<p><strong>C\u00f4ng ngh\u1ec7 \u00e2m thanh<\/strong><br \/>\n&#8211; Loa tr\u00ean tivi Samsung n\u00e0y c\u00f3 c\u00f4ng su\u1ea5t 20W, mang l\u1ea1i ch\u1ea5t \u00e2m m\u1ea1nh m\u1ebd v\u00e0 ch\u00e2n th\u1ef1c.<\/p>\n<p>&#8211; C\u00f4ng ngh\u1ec7 \u00e2m thanh chuy\u1ec3n \u0111\u1ed9ng theo h\u00ecnh \u1ea3nh <strong>Object Tracking Sound Lite (OTS Lite)<\/strong> gi\u00fap b\u1ea1n c\u1ea3m nh\u1eadn \u00e2m thanh r\u00f5 r\u00e0ng, trung th\u1ef1c h\u01a1n. H\u00ecnh \u1ea3nh hi\u1ec3n th\u1ecb t\u1edbi \u0111\u00e2u, \u00e2m thanh s\u1ebd ph\u00e1t ra song h\u00e0nh cho ph\u00e9p ng\u01b0\u1eddi d\u00f9ng c\u00f3 tr\u1ea3i nghi\u1ec7m nghe nh\u00ecn tuy\u1ec7t v\u1eddi h\u01a1n.<\/p>\n<p>&#8211; S\u1ef1 k\u1ebft h\u1ee3p gi\u1eefa loa tivi v\u00e0 loa thanh b\u1eb1ng c\u00f4ng ngh\u1ec7 <strong>Q-Symphony Next<\/strong> t\u00e1i t\u1ea1o hi\u1ec7u \u1ee9ng \u00e2m thanh v\u00f2m s\u1ed1ng \u0111\u1ed9ng lan t\u1ecfa kh\u1eafp kh\u00f4ng gian ph\u00f2ng.<\/p>\n<p><img loading=\"lazy\" decoding=\"async\" class=\"alignnone wp-image-5294\" src=\"https:\/\/tivi-samsung.com\/wp-content\/uploads\/2025\/09\/tivi-neo-qled-samsung-4k-55-inch-qa55qn90d-6-1020x570-1-300x168.jpg\" alt=\"\" width=\"1514\" height=\"848\" srcset=\"https:\/\/tivi-samsung.com\/wp-content\/uploads\/2025\/09\/tivi-neo-qled-samsung-4k-55-inch-qa55qn90d-6-1020x570-1-300x168.jpg 300w, https:\/\/tivi-samsung.com\/wp-content\/uploads\/2025\/09\/tivi-neo-qled-samsung-4k-55-inch-qa55qn90d-6-1020x570-1-768x429.jpg 768w, https:\/\/tivi-samsung.com\/wp-content\/uploads\/2025\/09\/tivi-neo-qled-samsung-4k-55-inch-qa55qn90d-6-1020x570-1-450x251.jpg 450w, https:\/\/tivi-samsung.com\/wp-content\/uploads\/2025\/09\/tivi-neo-qled-samsung-4k-55-inch-qa55qn90d-6-1020x570-1-600x335.jpg 600w, https:\/\/tivi-samsung.com\/wp-content\/uploads\/2025\/09\/tivi-neo-qled-samsung-4k-55-inch-qa55qn90d-6-1020x570-1-150x84.jpg 150w, https:\/\/tivi-samsung.com\/wp-content\/uploads\/2025\/09\/tivi-neo-qled-samsung-4k-55-inch-qa55qn90d-6-1020x570-1.jpg 1020w\" sizes=\"(max-width: 1514px) 100vw, 1514px\" \/><\/p>\n<p><strong>H\u1ec7 \u0111i\u1ec1u h\u00e0nh<\/strong><br \/>\n&#8211; <strong>H\u1ec7 \u0111i\u1ec1u h\u00e0nh Tizen\u2122<\/strong> tr\u00ean tivi Samsung mang \u0111\u1ebfn m\u1ed9t tr\u1ea3i nghi\u1ec7m gi\u1ea3i tr\u00ed to\u00e0n di\u1ec7n, \u0111\u00e1p \u1ee9ng c\u00e1c nhu c\u1ea7u c\u1ee7a ng\u01b0\u1eddi d\u00f9ng. V\u1edbi giao di\u1ec7n tr\u1ef1c quan, kho \u1ee9ng d\u1ee5ng \u0111a d\u1ea1ng v\u00e0 c\u00e1c t\u00ednh n\u0103ng th\u00f4ng minh, Tizen\u2122 gi\u00fap b\u1ea1n t\u1eadn h\u01b0\u1edfng nh\u1eefng gi\u00e2y ph\u00fat gi\u1ea3i tr\u00ed tuy\u1ec7t v\u1eddi b\u00ean gia \u0111\u00ecnh.<\/p>\n<p><img loading=\"lazy\" decoding=\"async\" class=\"alignnone wp-image-5177\" src=\"https:\/\/tivi-samsung.com\/wp-content\/uploads\/2025\/09\/smart-tivi-qled-4k-50-inch-samsung-qa50q80c-200323-100447-300x168.jpg\" alt=\"\" width=\"1511\" height=\"846\" srcset=\"https:\/\/tivi-samsung.com\/wp-content\/uploads\/2025\/09\/smart-tivi-qled-4k-50-inch-samsung-qa50q80c-200323-100447-300x168.jpg 300w, https:\/\/tivi-samsung.com\/wp-content\/uploads\/2025\/09\/smart-tivi-qled-4k-50-inch-samsung-qa50q80c-200323-100447-768x429.jpg 768w, https:\/\/tivi-samsung.com\/wp-content\/uploads\/2025\/09\/smart-tivi-qled-4k-50-inch-samsung-qa50q80c-200323-100447-450x251.jpg 450w, https:\/\/tivi-samsung.com\/wp-content\/uploads\/2025\/09\/smart-tivi-qled-4k-50-inch-samsung-qa50q80c-200323-100447-600x335.jpg 600w, https:\/\/tivi-samsung.com\/wp-content\/uploads\/2025\/09\/smart-tivi-qled-4k-50-inch-samsung-qa50q80c-200323-100447-150x84.jpg 150w, https:\/\/tivi-samsung.com\/wp-content\/uploads\/2025\/09\/smart-tivi-qled-4k-50-inch-samsung-qa50q80c-200323-100447.jpg 1020w\" sizes=\"(max-width: 1511px) 100vw, 1511px\" \/><\/p>\n<p><strong>Ti\u1ec7n \u00edch<\/strong><br \/>\n&#8211; Chia \u0111\u00f4i m\u00e0n h\u00ecnh \u0111\u1ec3 v\u1eeba xem phim, v\u1eeba theo d\u00f5i tr\u1eadn \u0111\u1ea5u th\u1ec3 thao ho\u1eb7c v\u1eeba l\u00e0m vi\u1ec7c v\u1eeba gi\u1ea3i tr\u00ed v\u1edbi Multi View l\u00e0 m\u1ed9t tr\u1ea3i nghi\u1ec7m gi\u1ea3i tr\u00ed \u0111a nhi\u1ec7m v\u00f4 c\u00f9ng ti\u1ec7n l\u1ee3i.<\/p>\n<p>&#8211; \u0110i\u1ec1u khi\u1ec3n to\u00e0n b\u1ed9 ng\u00f4i nh\u00e0 th\u00f4ng minh c\u1ee7a b\u1ea1n ch\u1ec9 v\u1edbi m\u1ed9t \u1ee9ng d\u1ee5ng duy nh\u1ea5t, <strong>SmartThings<\/strong> gi\u00fap b\u1ea1n k\u1ebft n\u1ed1i v\u1edbi c\u00e1c thi\u1ebft b\u1ecb trong c\u00f9ng h\u1ec7 sinh th\u00e1i t\u0103ng t\u00ednh li\u1ec1n m\u1ea1ch, ti\u1ec7n nghi h\u01a1n.<\/p>\n<p>&#8211; \u0110i\u1ec1u khi\u1ec3n th\u00f4ng minh<strong> One Remote Control<\/strong> c\u00f3 th\u1ec3 s\u1ea1c t\u1eeb ngu\u1ed3n n\u0103ng l\u01b0\u1ee3ng m\u1eb7t tr\u1eddi ti\u1ec7n l\u1ee3i, ti\u1ebft ki\u1ec7m \u0111i\u1ec7n v\u00e0 th\u00e2n thi\u1ec7n v\u1edbi m\u00f4i tr\u01b0\u1eddng.<\/p>\n<p>&#8211; T\u00ecm ki\u1ebfm gi\u1ecdng n\u00f3i b\u1eb1ng ti\u1ebfng Vi\u1ec7t v\u1edbi tr\u1ee3 l\u00fd \u1ea3o <strong>Bixby<\/strong> gi\u00fap ng\u01b0\u1eddi d\u00f9ng t\u01b0\u01a1ng t\u00e1c v\u00e0 \u0111i\u1ec1u khi\u1ec3n tivi nhanh ch\u00f3ng.<\/p>\n<p><img loading=\"lazy\" decoding=\"async\" class=\"alignnone wp-image-5475\" src=\"https:\/\/tivi-samsung.com\/wp-content\/uploads\/2025\/09\/smart-tivi-qled-samsung-4k-75-inch-qa75q60d-6-1020x570-1-300x168.jpg\" alt=\"\" width=\"1511\" height=\"846\" srcset=\"https:\/\/tivi-samsung.com\/wp-content\/uploads\/2025\/09\/smart-tivi-qled-samsung-4k-75-inch-qa75q60d-6-1020x570-1-300x168.jpg 300w, https:\/\/tivi-samsung.com\/wp-content\/uploads\/2025\/09\/smart-tivi-qled-samsung-4k-75-inch-qa75q60d-6-1020x570-1-768x429.jpg 768w, https:\/\/tivi-samsung.com\/wp-content\/uploads\/2025\/09\/smart-tivi-qled-samsung-4k-75-inch-qa75q60d-6-1020x570-1-450x251.jpg 450w, https:\/\/tivi-samsung.com\/wp-content\/uploads\/2025\/09\/smart-tivi-qled-samsung-4k-75-inch-qa75q60d-6-1020x570-1-600x335.jpg 600w, https:\/\/tivi-samsung.com\/wp-content\/uploads\/2025\/09\/smart-tivi-qled-samsung-4k-75-inch-qa75q60d-6-1020x570-1-150x84.jpg 150w, https:\/\/tivi-samsung.com\/wp-content\/uploads\/2025\/09\/smart-tivi-qled-samsung-4k-75-inch-qa75q60d-6-1020x570-1.jpg 1020w\" sizes=\"(max-width: 1511px) 100vw, 1511px\" \/><\/p>\n<p><em><strong>Smart Tivi QLED Samsung 4K 85 inch QA85Q60D<\/strong> l\u00e0 s\u1ef1 k\u1ebft h\u1ee3p ho\u00e0n h\u1ea3o gi\u1eefa h\u00ecnh \u1ea3nh v\u00e0 \u00e2m thanh. Tivi s\u1edf h\u1eefu c\u00f4ng ngh\u1ec7 <strong>Quantum HDR v\u00e0 OTS Lite<\/strong> mang \u0111\u1ebfn nh\u1eefng th\u01b0\u1edbc phim s\u1ed1ng \u0111\u1ed9ng, m\u00e0u s\u1eafc r\u1ef1c r\u1ee1; h\u1ec7 \u0111i\u1ec1u h\u00e0nh <strong>Tizen\u2122<\/strong> cung c\u1ea5p kho \u1ee9ng d\u1ee5ng \u0111a d\u1ea1ng gi\u00fap ng\u01b0\u1eddi d\u00f9ng t\u1eadn h\u01b0\u1edfng th\u1eddi gian gi\u1ea3i tr\u00ed b\u00ean gia \u0111\u00ecnh.<\/em><\/p>\n<p><script src=\"chrome-extension:\/\/fpelahbljekknahkcaegamhcndkfpfnc\/iFrame.js\" type=\"text\/javascript\"><\/script><\/p>\n<p><script src=\"chrome-extension:\/\/fpelahbljekknahkcaegamhcndkfpfnc\/iFrame.js\" type=\"text\/javascript\"><\/script><\/p>\n<p><script src=\"chrome-extension:\/\/fpelahbljekknahkcaegamhcndkfpfnc\/iFrame.js\" type=\"text\/javascript\"><\/script><\/p>\n<p><script src=\"chrome-extension:\/\/fpelahbljekknahkcaegamhcndkfpfnc\/iFrame.js\" type=\"text\/javascript\"><\/script><\/p>\n<p><script src=\"chrome-extension:\/\/fpelahbljekknahkcaegamhcndkfpfnc\/iFrame.js\" type=\"text\/javascript\"><\/script><\/p>\n","protected":false},"excerpt":{"rendered":"<p>&nbsp;<\/p>\n<p><script src=\"chrome-extension:\/\/fpelahbljekknahkcaegamhcndkfpfnc\/iFrame.js\" type=\"text\/javascript\"><\/script><\/p>\n<p><script src=\"chrome-extension:\/\/fpelahbljekknahkcaegamhcndkfpfnc\/iFrame.js\" type=\"text\/javascript\"><\/script><\/p>\n<p><script src=\"chrome-extension:\/\/fpelahbljekknahkcaegamhcndkfpfnc\/iFrame.js\" type=\"text\/javascript\"><\/script><\/p>\n<p><script src=\"chrome-extension:\/\/fpelahbljekknahkcaegamhcndkfpfnc\/iFrame.js\" type=\"text\/javascript\"><\/script><\/p>\n<p><script src=\"chrome-extension:\/\/fpelahbljekknahkcaegamhcndkfpfnc\/iFrame.js\" type=\"text\/javascript\"><\/script><\/p>\n<p><script src=\"chrome-extension:\/\/fpelahbljekknahkcaegamhcndkfpfnc\/iFrame.js\" type=\"text\/javascript\"><\/script><\/p>\n<p><script src=\"chrome-extension:\/\/fpelahbljekknahkcaegamhcndkfpfnc\/iFrame.js\" type=\"text\/javascript\"><\/script><\/p>\n<p><script src=\"chrome-extension:\/\/fpelahbljekknahkcaegamhcndkfpfnc\/iFrame.js\" type=\"text\/javascript\"><\/script><\/p>\n<p><script src=\"chrome-extension:\/\/fpelahbljekknahkcaegamhcndkfpfnc\/iFrame.js\" type=\"text\/javascript\"><\/script><\/p>\n","protected":false},"featured_media":4743,"comment_status":"open","ping_status":"closed","template":"","meta":[],"product_brand":[88],"product_cat":[155,94,68,76],"product_tag":[],"class_list":{"0":"post-4260","1":"product","2":"type-product","3":"status-publish","4":"has-post-thumbnail","6":"product_brand-samsung","7":"product_cat-q60d-2024","8":"product_cat-qled-tv","9":"product_cat-smart-tv","10":"product_cat-televisions","11":"pa_kich-co-man-hinh-tu-75-85-inch","13":"first","14":"instock","15":"shipping-taxable","16":"purchasable","17":"product-type-simple"},"_links":{"self":[{"href":"https:\/\/tivi-samsung.com\/index.php?rest_route=\/wp\/v2\/product\/4260","targetHints":{"allow":["GET"]}}],"collection":[{"href":"https:\/\/tivi-samsung.com\/index.php?rest_route=\/wp\/v2\/product"}],"about":[{"href":"https:\/\/tivi-samsung.com\/index.php?rest_route=\/wp\/v2\/types\/product"}],"replies":[{"embeddable":true,"href":"https:\/\/tivi-samsung.com\/index.php?rest_route=%2Fwp%2Fv2%2Fcomments&post=4260"}],"version-history":[{"count":11,"href":"https:\/\/tivi-samsung.com\/index.php?rest_route=\/wp\/v2\/product\/4260\/revisions"}],"predecessor-version":[{"id":8440,"href":"https:\/\/tivi-samsung.com\/index.php?rest_route=\/wp\/v2\/product\/4260\/revisions\/8440"}],"wp:featuredmedia":[{"embeddable":true,"href":"https:\/\/tivi-samsung.com\/index.php?rest_route=\/wp\/v2\/media\/4743"}],"wp:attachment":[{"href":"https:\/\/tivi-samsung.com\/index.php?rest_route=%2Fwp%2Fv2%2Fmedia&parent=4260"}],"wp:term":[{"taxonomy":"product_brand","embeddable":true,"href":"https:\/\/tivi-samsung.com\/index.php?rest_route=%2Fwp%2Fv2%2Fproduct_brand&post=4260"},{"taxonomy":"product_cat","embeddable":true,"href":"https:\/\/tivi-samsung.com\/index.php?rest_route=%2Fwp%2Fv2%2Fproduct_cat&post=4260"},{"taxonomy":"product_tag","embeddable":true,"href":"https:\/\/tivi-samsung.com\/index.php?rest_route=%2Fwp%2Fv2%2Fproduct_tag&post=4260"}],"curies":[{"name":"wp","href":"https:\/\/api.w.org\/{rel}","templated":true}]}}