{"id":4257,"date":"2025-09-16T16:15:08","date_gmt":"2025-09-16T16:15:08","guid":{"rendered":"https:\/\/tivi-samsung.com\/?post_type=product&#038;p=4257"},"modified":"2025-10-15T00:13:13","modified_gmt":"2025-10-14T17:13:13","slug":"smart-tivi-neo-qled-samsung-ai-4k-75-inch-qa75qn70f","status":"publish","type":"product","link":"https:\/\/tivi-samsung.com\/?product=smart-tivi-neo-qled-samsung-ai-4k-75-inch-qa75qn70f","title":{"rendered":"Smart Tivi Neo QLED Samsung AI 4K 75 inch QA75QN70F"},"content":{"rendered":"<p><strong>Th\u00f4ng tin s\u1ea3n ph\u1ea9m<\/strong><br \/>\nS\u1ea3n ph\u1ea9m n\u1ed5i b\u1eadt v\u1edbi thi\u1ebft k\u1ebf <strong>AirSlim<\/strong> tinh t\u1ebf, m\u00e0n h\u00ecnh l\u1edbn 75 inch, b\u1ed9 x\u1eed l\u00fd <strong>AI NQ4<\/strong> th\u1ebf h\u1ec7 2 c\u00f9ng nhi\u1ec1u c\u00f4ng ngh\u1ec7 h\u00ecnh \u1ea3nh v\u00e0 \u00e2m thanh hi\u1ec7n \u0111\u1ea1i, mang \u0111\u1ebfn tr\u1ea3i nghi\u1ec7m gi\u1ea3i tr\u00ed ch\u1ea5t l\u01b0\u1ee3ng cao ngay t\u1ea1i nh\u00e0.<\/p>\n<p><strong>Thi\u1ebft k\u1ebf<\/strong><br \/>\n<a href=\"https:\/\/tokoo.vn\/danh-muc\/samsung-tvs\/\" target=\"_blank\" rel=\"noopener\"><strong>Samsung QA75QN70F<\/strong><\/a> mang phong c\u00e1ch thi\u1ebft k\u1ebf<strong> AirSlim<\/strong> \u0111\u1eb7c tr\u01b0ng v\u1edbi ph\u1ea7n th\u00e2n si\u00eau m\u1ecfng v\u00e0 khung vi\u1ec1n tinh gi\u1ea3n. Nh\u1edd v\u1eady, m\u00e0n h\u00ecnh g\u1ea7n nh\u01b0 tr\u00e0n vi\u1ec1n, t\u1ea1o c\u1ea3m gi\u00e1c r\u1ed9ng r\u00e3i v\u00e0 sang tr\u1ecdng khi \u0111\u1eb7t trong ph\u00f2ng kh\u00e1ch hay kh\u00f4ng gian gi\u1ea3i tr\u00ed ri\u00eang.<\/p>\n<p>K\u00edch th\u01b0\u1edbc 75 inch l\u00fd t\u01b0\u1edfng cho nh\u1eefng c\u0103n ph\u00f2ng c\u00f3 di\u1ec7n t\u00edch v\u1eeba v\u00e0 l\u1edbn. Tivi Samsung c\u00f3 th\u1ec3 treo t\u01b0\u1eddng ho\u1eb7c \u0111\u1ec3 b\u00e0n linh ho\u1ea1t, d\u1ec5 d\u00e0ng h\u00f2a h\u1ee3p v\u1edbi nhi\u1ec1u phong c\u00e1ch n\u1ed9i th\u1ea5t kh\u00e1c nhau, t\u1eeb hi\u1ec7n \u0111\u1ea1i t\u1ed1i gi\u1ea3n cho \u0111\u1ebfn sang tr\u1ecdng tinh t\u1ebf.<\/p>\n<p><img fetchpriority=\"high\" decoding=\"async\" class=\"alignnone wp-image-5480\" src=\"https:\/\/tivi-samsung.com\/wp-content\/uploads\/2025\/09\/smart-tivi-neo-qled-samsung-ai-4k-75-inch-qa75qn70f-thiet-ke-638938149782557450-300x200.jpg\" alt=\"\" width=\"1850\" height=\"1233\" srcset=\"https:\/\/tivi-samsung.com\/wp-content\/uploads\/2025\/09\/smart-tivi-neo-qled-samsung-ai-4k-75-inch-qa75qn70f-thiet-ke-638938149782557450-300x200.jpg 300w, https:\/\/tivi-samsung.com\/wp-content\/uploads\/2025\/09\/smart-tivi-neo-qled-samsung-ai-4k-75-inch-qa75qn70f-thiet-ke-638938149782557450-768x512.jpg 768w, https:\/\/tivi-samsung.com\/wp-content\/uploads\/2025\/09\/smart-tivi-neo-qled-samsung-ai-4k-75-inch-qa75qn70f-thiet-ke-638938149782557450-450x300.jpg 450w, https:\/\/tivi-samsung.com\/wp-content\/uploads\/2025\/09\/smart-tivi-neo-qled-samsung-ai-4k-75-inch-qa75qn70f-thiet-ke-638938149782557450-600x400.jpg 600w, https:\/\/tivi-samsung.com\/wp-content\/uploads\/2025\/09\/smart-tivi-neo-qled-samsung-ai-4k-75-inch-qa75qn70f-thiet-ke-638938149782557450-150x100.jpg 150w, https:\/\/tivi-samsung.com\/wp-content\/uploads\/2025\/09\/smart-tivi-neo-qled-samsung-ai-4k-75-inch-qa75qn70f-thiet-ke-638938149782557450.jpg 1020w\" sizes=\"(max-width: 1850px) 100vw, 1850px\" \/><\/p>\n<p><strong>C\u00f4ng ngh\u1ec7 h\u00ecnh \u1ea3nh<\/strong><br \/>\nB\u1ed9 x\u1eed l\u00fd AI NQ4 th\u1ebf h\u1ec7 2 c\u00f3 kh\u1ea3 n\u0103ng ph\u00e2n t\u00edch t\u1eebng khung h\u00ecnh theo th\u1eddi gian th\u1ef1c, t\u1eeb \u0111\u00f3 tinh ch\u1ec9nh m\u00e0u s\u1eafc, chi ti\u1ebft v\u00e0 \u0111\u1ed9 s\u00e1ng \u0111\u1ec3 h\u00ecnh \u1ea3nh \u0111\u1ea1t \u0111\u1ed9 c\u00e2n \u0111\u1ed1i, h\u00e0i h\u00f2a nh\u1ea5t. <strong>C\u00f4ng ngh\u1ec7 4K AI Upscaling<\/strong> gi\u00fap n\u00e2ng c\u1ea5p n\u1ed9i dung c\u00f3 \u0111\u1ed9 ph\u00e2n gi\u1ea3i th\u1ea5p l\u00ean g\u1ea7n chu\u1ea9n 4K, mang l\u1ea1i s\u1ef1 r\u00f5 n\u00e9t v\u01b0\u1ee3t tr\u1ed9i.<\/p>\n<p><img decoding=\"async\" class=\"alignnone wp-image-5424\" src=\"https:\/\/tivi-samsung.com\/wp-content\/uploads\/2025\/09\/ad415a9ea9ea613d8b85ff62e3a05973-300x200.jpg\" alt=\"\" width=\"1863\" height=\"1242\" srcset=\"https:\/\/tivi-samsung.com\/wp-content\/uploads\/2025\/09\/ad415a9ea9ea613d8b85ff62e3a05973-300x200.jpg 300w, https:\/\/tivi-samsung.com\/wp-content\/uploads\/2025\/09\/ad415a9ea9ea613d8b85ff62e3a05973-768x512.jpg 768w, https:\/\/tivi-samsung.com\/wp-content\/uploads\/2025\/09\/ad415a9ea9ea613d8b85ff62e3a05973-450x300.jpg 450w, https:\/\/tivi-samsung.com\/wp-content\/uploads\/2025\/09\/ad415a9ea9ea613d8b85ff62e3a05973-600x400.jpg 600w, https:\/\/tivi-samsung.com\/wp-content\/uploads\/2025\/09\/ad415a9ea9ea613d8b85ff62e3a05973-150x100.jpg 150w, https:\/\/tivi-samsung.com\/wp-content\/uploads\/2025\/09\/ad415a9ea9ea613d8b85ff62e3a05973.jpg 1020w\" sizes=\"(max-width: 1863px) 100vw, 1863px\" \/><\/p>\n<p><strong>M\u00e0n h\u00ecnh Neo QLED<\/strong> v\u1edbi c\u00f4ng ngh\u1ec7 <strong>Quantum Matrix Technology Slim<\/strong> \u0111i\u1ec1u khi\u1ec3n ch\u00ednh x\u00e1c t\u1ea5t c\u1ea3 c\u00e1c \u0111\u00e8n n\u1ec1n, mang \u0111\u1ebfn s\u1eafc \u0111en s\u00e2u th\u1eb3m, v\u00f9ng s\u00e1ng r\u00f5 n\u00e9t v\u00e0 t\u1ed5ng th\u1ec3 h\u00ecnh \u1ea3nh c\u00f3 \u0111\u1ed9 t\u01b0\u01a1ng ph\u1ea3n \u1ea5n t\u01b0\u1ee3ng.<\/p>\n<p><img decoding=\"async\" class=\"alignnone wp-image-5460\" src=\"https:\/\/tivi-samsung.com\/wp-content\/uploads\/2025\/09\/smart-tivi-neo-qled-samsung-ai-4k-85-inch-qa85qn70f-3-1020x570-1-300x168.jpg\" alt=\"\" width=\"1868\" height=\"1046\" srcset=\"https:\/\/tivi-samsung.com\/wp-content\/uploads\/2025\/09\/smart-tivi-neo-qled-samsung-ai-4k-85-inch-qa85qn70f-3-1020x570-1-300x168.jpg 300w, https:\/\/tivi-samsung.com\/wp-content\/uploads\/2025\/09\/smart-tivi-neo-qled-samsung-ai-4k-85-inch-qa85qn70f-3-1020x570-1-768x429.jpg 768w, https:\/\/tivi-samsung.com\/wp-content\/uploads\/2025\/09\/smart-tivi-neo-qled-samsung-ai-4k-85-inch-qa85qn70f-3-1020x570-1-450x251.jpg 450w, https:\/\/tivi-samsung.com\/wp-content\/uploads\/2025\/09\/smart-tivi-neo-qled-samsung-ai-4k-85-inch-qa85qn70f-3-1020x570-1-600x335.jpg 600w, https:\/\/tivi-samsung.com\/wp-content\/uploads\/2025\/09\/smart-tivi-neo-qled-samsung-ai-4k-85-inch-qa85qn70f-3-1020x570-1-150x84.jpg 150w, https:\/\/tivi-samsung.com\/wp-content\/uploads\/2025\/09\/smart-tivi-neo-qled-samsung-ai-4k-85-inch-qa85qn70f-3-1020x570-1.jpg 1020w\" sizes=\"(max-width: 1868px) 100vw, 1868px\" \/><\/p>\n<p>\u0110\u1ec3 t\u00e1i hi\u1ec7n m\u00e0u s\u1eafc ch\u00e2n th\u1ef1c, Samsung trang b\u1ecb c\u00f4ng ngh\u1ec7 <strong>Color Booster Pro<\/strong> gi\u00fap m\u1edf r\u1ed9ng d\u1ea3i m\u00e0u, \u0111\u1ed3ng th\u1eddi k\u1ebft h\u1ee3p <strong>Neo Quantum HDR<\/strong> \u0111\u1ec3 gia t\u0103ng \u0111\u1ed9 t\u01b0\u01a1ng ph\u1ea3n. T\u00ednh n\u0103ng<strong> Auto HDR Remastering<\/strong> t\u1ef1 \u0111\u1ed9ng n\u00e2ng c\u1ea5p c\u00e1c n\u1ed9i dung SDR l\u00ean ch\u1ea5t l\u01b0\u1ee3ng g\u1ea7n HDR, mang \u0111\u1ebfn m\u00e0u s\u1eafc r\u1ef1c r\u1ee1 v\u00e0 nhi\u1ec1u \u0111i\u1ec3m nh\u1ea5n s\u1ed1ng \u0111\u1ed9ng.<\/p>\n<p><img loading=\"lazy\" decoding=\"async\" class=\"alignnone wp-image-5451\" src=\"https:\/\/tivi-samsung.com\/wp-content\/uploads\/2025\/09\/smart-tivi-neo-qled-samsung-ai-4k-85-inch-qa85qn70f-5-1020x570-1-300x168.jpg\" alt=\"\" width=\"1864\" height=\"1044\" srcset=\"https:\/\/tivi-samsung.com\/wp-content\/uploads\/2025\/09\/smart-tivi-neo-qled-samsung-ai-4k-85-inch-qa85qn70f-5-1020x570-1-300x168.jpg 300w, https:\/\/tivi-samsung.com\/wp-content\/uploads\/2025\/09\/smart-tivi-neo-qled-samsung-ai-4k-85-inch-qa85qn70f-5-1020x570-1-768x429.jpg 768w, https:\/\/tivi-samsung.com\/wp-content\/uploads\/2025\/09\/smart-tivi-neo-qled-samsung-ai-4k-85-inch-qa85qn70f-5-1020x570-1-450x251.jpg 450w, https:\/\/tivi-samsung.com\/wp-content\/uploads\/2025\/09\/smart-tivi-neo-qled-samsung-ai-4k-85-inch-qa85qn70f-5-1020x570-1-600x335.jpg 600w, https:\/\/tivi-samsung.com\/wp-content\/uploads\/2025\/09\/smart-tivi-neo-qled-samsung-ai-4k-85-inch-qa85qn70f-5-1020x570-1-150x84.jpg 150w, https:\/\/tivi-samsung.com\/wp-content\/uploads\/2025\/09\/smart-tivi-neo-qled-samsung-ai-4k-85-inch-qa85qn70f-5-1020x570-1.jpg 1020w\" sizes=\"(max-width: 1864px) 100vw, 1864px\" \/><\/p>\n<p><strong>Real Depth Enhancer<\/strong> t\u1ea1o chi\u1ec1u s\u00e2u t\u1ef1 nhi\u00ean b\u1eb1ng c\u00e1ch t\u0103ng c\u01b0\u1eddng \u0111\u1ed9 n\u1ed5i kh\u1ed1i c\u1ee7a \u0111\u1ed1i t\u01b0\u1ee3ng so v\u1edbi n\u1ec1n, gi\u00fap khung h\u00ecnh tr\u1edf n\u00ean ch\u00e2n th\u1ef1c v\u00e0 c\u00f3 h\u1ed3n h\u01a1n. <strong>Supreme UHD Dimming<\/strong> \u0111i\u1ec1u ch\u1ec9nh chi ti\u1ebft s\u00e1ng t\u1ed1i ch\u00ednh x\u00e1c h\u01a1n v\u00e0 t\u0103ng \u0111\u1ed9 t\u01b0\u01a1ng ph\u1ea3n, \u0111\u1ea3m b\u1ea3o h\u00ecnh \u1ea3nh r\u00f5 n\u00e9t trong m\u1ecdi \u0111i\u1ec1u ki\u1ec7n \u00e1nh s\u00e1ng.<\/p>\n<p><img loading=\"lazy\" decoding=\"async\" class=\"alignnone wp-image-5456\" src=\"https:\/\/tivi-samsung.com\/wp-content\/uploads\/2025\/09\/smart-tivi-neo-qled-samsung-ai-4k-85-inch-qa85qn70f-4-638938054054932017-300x168.jpg\" alt=\"\" width=\"1854\" height=\"1038\" srcset=\"https:\/\/tivi-samsung.com\/wp-content\/uploads\/2025\/09\/smart-tivi-neo-qled-samsung-ai-4k-85-inch-qa85qn70f-4-638938054054932017-300x168.jpg 300w, https:\/\/tivi-samsung.com\/wp-content\/uploads\/2025\/09\/smart-tivi-neo-qled-samsung-ai-4k-85-inch-qa85qn70f-4-638938054054932017-768x429.jpg 768w, https:\/\/tivi-samsung.com\/wp-content\/uploads\/2025\/09\/smart-tivi-neo-qled-samsung-ai-4k-85-inch-qa85qn70f-4-638938054054932017-450x251.jpg 450w, https:\/\/tivi-samsung.com\/wp-content\/uploads\/2025\/09\/smart-tivi-neo-qled-samsung-ai-4k-85-inch-qa85qn70f-4-638938054054932017-600x335.jpg 600w, https:\/\/tivi-samsung.com\/wp-content\/uploads\/2025\/09\/smart-tivi-neo-qled-samsung-ai-4k-85-inch-qa85qn70f-4-638938054054932017-150x84.jpg 150w, https:\/\/tivi-samsung.com\/wp-content\/uploads\/2025\/09\/smart-tivi-neo-qled-samsung-ai-4k-85-inch-qa85qn70f-4-638938054054932017.jpg 1020w\" sizes=\"(max-width: 1854px) 100vw, 1854px\" \/><\/p>\n<p><strong>C\u00f4ng ngh\u1ec7 Motion Xcelerator 144 Hz<\/strong> mang \u0111\u1ebfn khung h\u00ecnh c\u00f3 \u0111\u1ed9 m\u01b0\u1ee3t cao, \u0111\u1eb7c bi\u1ec7t khi xem c\u00e1c b\u1ed9 phim h\u00e0nh \u0111\u1ed9ng, th\u1ec3 thao t\u1ed1c \u0111\u1ed9 cao hay ch\u01a1i game n\u1eb7ng. C\u00f4ng ngh\u1ec7 n\u00e0y gi\u1ea3m thi\u1ec3u hi\u1ec7n t\u01b0\u1ee3ng m\u1edd, nh\u00f2e hay x\u00e9 h\u00ecnh, gi\u00fap tr\u1ea3i nghi\u1ec7m h\u00ecnh \u1ea3nh lu\u00f4n \u1ed5n \u0111\u1ecbnh.<\/p>\n<p><img loading=\"lazy\" decoding=\"async\" class=\"alignnone wp-image-5453\" src=\"https:\/\/tivi-samsung.com\/wp-content\/uploads\/2025\/09\/smart-tivi-neo-qled-samsung-ai-4k-85-inch-qa85qn70f-6-638938054235474889-300x168.jpg\" alt=\"\" width=\"1855\" height=\"1039\" srcset=\"https:\/\/tivi-samsung.com\/wp-content\/uploads\/2025\/09\/smart-tivi-neo-qled-samsung-ai-4k-85-inch-qa85qn70f-6-638938054235474889-300x168.jpg 300w, https:\/\/tivi-samsung.com\/wp-content\/uploads\/2025\/09\/smart-tivi-neo-qled-samsung-ai-4k-85-inch-qa85qn70f-6-638938054235474889-768x429.jpg 768w, https:\/\/tivi-samsung.com\/wp-content\/uploads\/2025\/09\/smart-tivi-neo-qled-samsung-ai-4k-85-inch-qa85qn70f-6-638938054235474889-450x251.jpg 450w, https:\/\/tivi-samsung.com\/wp-content\/uploads\/2025\/09\/smart-tivi-neo-qled-samsung-ai-4k-85-inch-qa85qn70f-6-638938054235474889-600x335.jpg 600w, https:\/\/tivi-samsung.com\/wp-content\/uploads\/2025\/09\/smart-tivi-neo-qled-samsung-ai-4k-85-inch-qa85qn70f-6-638938054235474889-150x84.jpg 150w, https:\/\/tivi-samsung.com\/wp-content\/uploads\/2025\/09\/smart-tivi-neo-qled-samsung-ai-4k-85-inch-qa85qn70f-6-638938054235474889.jpg 1020w\" sizes=\"(max-width: 1855px) 100vw, 1855px\" \/><\/p>\n<p>V\u1edbi game th\u1ee7, s\u1ef1 k\u1ebft h\u1ee3p c\u1ee7a <strong>FreeSync Premium Pro<\/strong> v\u00e0 <strong>Auto Low Latency Mode<\/strong> (ALLM) l\u00e0 \u0111i\u1ec3m c\u1ed9ng l\u1edbn. Nh\u1eefng c\u00f4ng ngh\u1ec7 n\u00e0y gi\u00fap gi\u1ea3m \u0111\u1ed9 tr\u1ec5 t\u00edn hi\u1ec7u \u0111\u1ea7u v\u00e0o, lo\u1ea1i b\u1ecf t\u00ecnh tr\u1ea1ng gi\u1eadt khung, nh\u1edd \u0111\u00f3 c\u00e1c pha h\u00e0nh \u0111\u1ed9ng trong game \u0111\u01b0\u1ee3c ph\u1ea3n h\u1ed3i nhanh ch\u00f3ng v\u00e0 m\u01b0\u1ee3t m\u00e0.<\/p>\n<p>Kh\u00f4ng ch\u1ec9 v\u1eady, t\u00ednh n\u0103ng <strong>Super Ultra Wide Game View &amp; Game Bar<\/strong> c\u00f2n h\u1ed7 tr\u1ee3 m\u1edf r\u1ed9ng t\u1ef7 l\u1ec7 khung h\u00ecnh v\u00e0 cung c\u1ea5p thanh c\u00f4ng c\u1ee5 <strong>Game Bar<\/strong> tr\u1ef1c quan, cho ph\u00e9p ng\u01b0\u1eddi ch\u01a1i d\u1ec5 d\u00e0ng theo d\u00f5i v\u00e0 c\u00e0i \u0111\u1eb7t c\u00e1c th\u00f4ng s\u1ed1 quan tr\u1ecdng.<\/p>\n<p><strong>C\u00f4ng ngh\u1ec7 \u00e2m thanh<\/strong><br \/>\nNgo\u00e0i ch\u1ea5t l\u01b0\u1ee3ng h\u00ecnh \u1ea3nh, \u00e2m thanh c\u0169ng l\u00e0 m\u1ed9t y\u1ebfu t\u1ed1 \u0111\u01b0\u1ee3c <strong>Samsung<\/strong> ch\u00fa tr\u1ecdng. Tivi t\u00edch h\u1ee3p h\u1ec7 th\u1ed1ng loa c\u00f4ng su\u1ea5t 20W, \u0111i k\u00e8m c\u00f4ng ngh\u1ec7 <strong>Object Tracking Sound Lite<\/strong> (OTS Lite), gi\u00fap \u00e2m thanh di chuy\u1ec3n theo v\u1eadt th\u1ec3 tr\u00ean m\u00e0n h\u00ecnh. \u0110i\u1ec1u n\u00e0y mang l\u1ea1i tr\u1ea3i nghi\u1ec7m \u0111\u1ed3ng b\u1ed9 gi\u1eefa h\u00ecnh \u1ea3nh v\u00e0 \u00e2m thanh, cho c\u1ea3m gi\u00e1c nh\u1eadp vai m\u1ea1nh m\u1ebd.<\/p>\n<p><strong>C\u00f4ng ngh\u1ec7 Q-Symphony Next<\/strong> cho ph\u00e9p k\u1ebft n\u1ed1i loa tivi v\u1edbi loa thanh Samsung, t\u1ea1o hi\u1ec7u \u1ee9ng c\u1ed9ng h\u01b0\u1edfng \u00e2m thanh m\u1ea1nh m\u1ebd v\u00e0 lan t\u1ecfa kh\u1eafp c\u0103n ph\u00f2ng. Nh\u1edd \u0111\u00f3, ng\u01b0\u1eddi d\u00f9ng c\u00f3 th\u1ec3 t\u1eadn h\u01b0\u1edfng \u00e2m nh\u1ea1c, phim \u1ea3nh hay th\u1ec3 thao v\u1edbi hi\u1ec7u \u1ee9ng \u00e2m thanh s\u1ed1ng \u0111\u1ed9ng h\u01a1n.<\/p>\n<p>B\u00ean c\u1ea1nh \u0111\u00f3, <strong>Adaptive Sound Pro<\/strong> tinh ch\u1ec9nh \u00e2m thanh d\u1ef1a tr\u00ean t\u1eebng lo\u1ea1i n\u1ed9i dung. V\u1edbi phim \u1ea3nh, gi\u1ecdng tho\u1ea1i v\u00e0 hi\u1ec7u \u1ee9ng s\u1ebd \u0111\u01b0\u1ee3c c\u00e2n b\u1eb1ng h\u1ee3p l\u00fd; v\u1edbi \u00e2m nh\u1ea1c, \u00e2m bass v\u00e0 treble s\u1ebd \u0111\u01b0\u1ee3c l\u00e0m n\u1ed5i b\u1eadt h\u01a1n. Trong khi \u0111\u00f3, <strong>Active Voice Amplifier Pro<\/strong> c\u00f3 kh\u1ea3 n\u0103ng nh\u1eadn bi\u1ebft ti\u1ebfng \u1ed3n m\u00f4i tr\u01b0\u1eddng xung quanh, t\u1eeb \u0111\u00f3 t\u0103ng \u00e2m l\u01b0\u1ee3ng gi\u1ecdng tho\u1ea1i \u0111\u1ec3 ng\u01b0\u1eddi xem kh\u00f4ng b\u1ecf l\u1ee1 b\u1ea5t k\u1ef3 chi ti\u1ebft quan tr\u1ecdng n\u00e0o.<\/p>\n<p><img loading=\"lazy\" decoding=\"async\" class=\"alignnone wp-image-5458\" src=\"https:\/\/tivi-samsung.com\/wp-content\/uploads\/2025\/09\/smart-tivi-neo-qled-samsung-ai-4k-85-inch-qa85qn70f-7-1020x570-1-300x168.jpg\" alt=\"\" width=\"1832\" height=\"1026\" srcset=\"https:\/\/tivi-samsung.com\/wp-content\/uploads\/2025\/09\/smart-tivi-neo-qled-samsung-ai-4k-85-inch-qa85qn70f-7-1020x570-1-300x168.jpg 300w, https:\/\/tivi-samsung.com\/wp-content\/uploads\/2025\/09\/smart-tivi-neo-qled-samsung-ai-4k-85-inch-qa85qn70f-7-1020x570-1-768x429.jpg 768w, https:\/\/tivi-samsung.com\/wp-content\/uploads\/2025\/09\/smart-tivi-neo-qled-samsung-ai-4k-85-inch-qa85qn70f-7-1020x570-1-450x251.jpg 450w, https:\/\/tivi-samsung.com\/wp-content\/uploads\/2025\/09\/smart-tivi-neo-qled-samsung-ai-4k-85-inch-qa85qn70f-7-1020x570-1-600x335.jpg 600w, https:\/\/tivi-samsung.com\/wp-content\/uploads\/2025\/09\/smart-tivi-neo-qled-samsung-ai-4k-85-inch-qa85qn70f-7-1020x570-1-150x84.jpg 150w, https:\/\/tivi-samsung.com\/wp-content\/uploads\/2025\/09\/smart-tivi-neo-qled-samsung-ai-4k-85-inch-qa85qn70f-7-1020x570-1.jpg 1020w\" sizes=\"(max-width: 1832px) 100vw, 1832px\" \/><\/p>\n<p><strong>H\u1ec7 \u0111i\u1ec1u h\u00e0nh<\/strong><br \/>\nS\u1ea3n ph\u1ea9m trang b\u1ecb h\u1ec7 \u0111i\u1ec1u h\u00e0nh <strong>Tizen<\/strong> v\u1edbi giao di\u1ec7n th\u00e2n thi\u1ec7n, d\u1ec5 s\u1eed d\u1ee5ng, cho ph\u00e9p ng\u01b0\u1eddi d\u00f9ng nhanh ch\u00f3ng truy c\u1eadp \u1ee9ng d\u1ee5ng ho\u1eb7c chuy\u1ec3n \u0111\u1ed5i gi\u1eefa c\u00e1c n\u1ed9i dung. Kho \u1ee9ng d\u1ee5ng phong ph\u00fa \u0111\u00e1p \u1ee9ng \u0111\u1ea7y \u0111\u1ee7 nhu c\u1ea7u gi\u1ea3i tr\u00ed: <strong>YouTube, Netflix, Disney+, VieON, FPT Play, TV 360,\u2026<\/strong><\/p>\n<p><img loading=\"lazy\" decoding=\"async\" class=\"alignnone wp-image-5455\" src=\"https:\/\/tivi-samsung.com\/wp-content\/uploads\/2025\/09\/smart-tivi-neo-qled-samsung-ai-4k-85-inch-qa85qn70f-11-1020x570-1-300x168.jpg\" alt=\"\" width=\"1839\" height=\"1030\" srcset=\"https:\/\/tivi-samsung.com\/wp-content\/uploads\/2025\/09\/smart-tivi-neo-qled-samsung-ai-4k-85-inch-qa85qn70f-11-1020x570-1-300x168.jpg 300w, https:\/\/tivi-samsung.com\/wp-content\/uploads\/2025\/09\/smart-tivi-neo-qled-samsung-ai-4k-85-inch-qa85qn70f-11-1020x570-1-768x429.jpg 768w, https:\/\/tivi-samsung.com\/wp-content\/uploads\/2025\/09\/smart-tivi-neo-qled-samsung-ai-4k-85-inch-qa85qn70f-11-1020x570-1-450x251.jpg 450w, https:\/\/tivi-samsung.com\/wp-content\/uploads\/2025\/09\/smart-tivi-neo-qled-samsung-ai-4k-85-inch-qa85qn70f-11-1020x570-1-600x335.jpg 600w, https:\/\/tivi-samsung.com\/wp-content\/uploads\/2025\/09\/smart-tivi-neo-qled-samsung-ai-4k-85-inch-qa85qn70f-11-1020x570-1-150x84.jpg 150w, https:\/\/tivi-samsung.com\/wp-content\/uploads\/2025\/09\/smart-tivi-neo-qled-samsung-ai-4k-85-inch-qa85qn70f-11-1020x570-1.jpg 1020w\" sizes=\"(max-width: 1839px) 100vw, 1839px\" \/><\/p>\n<p><strong>Ti\u1ec7n \u00edch<\/strong><br \/>\nKh\u00f4ng ch\u1ec9 d\u1eebng \u1edf gi\u1ea3i tr\u00ed, tivi <strong>Samsung QA75QN70F<\/strong> c\u00f2n l\u00e0 m\u1ed9t thi\u1ebft b\u1ecb k\u1ebft n\u1ed1i th\u00f4ng minh trong gia \u0111\u00ecnh. V\u1edbi <strong>SmartThings,<\/strong> ng\u01b0\u1eddi d\u00f9ng d\u1ec5 d\u00e0ng qu\u1ea3n l\u00fd v\u00e0 \u0111\u1ed3ng b\u1ed9 c\u00e1c thi\u1ebft b\u1ecb kh\u00e1c trong h\u1ec7 sinh th\u00e1i Samsung. Ch\u1ec9 c\u1ea7n m\u1ed9t chi\u1ebfc \u0111i\u1ec7n tho\u1ea1i, b\u1ea1n c\u00f3 th\u1ec3 b\u1eadt\/t\u1eaft, \u0111i\u1ec1u khi\u1ec3n tivi ho\u1eb7c c\u00e1c thi\u1ebft b\u1ecb th\u00f4ng minh kh\u00e1c trong nh\u00e0 m\u1ed9t c\u00e1ch ti\u1ec7n l\u1ee3i.<\/p>\n<p><img loading=\"lazy\" decoding=\"async\" class=\"alignnone wp-image-5426\" src=\"https:\/\/tivi-samsung.com\/wp-content\/uploads\/2025\/09\/39f377b4d310fbbdcb42f3aef71cb182-300x200.jpg\" alt=\"\" width=\"1838\" height=\"1225\" srcset=\"https:\/\/tivi-samsung.com\/wp-content\/uploads\/2025\/09\/39f377b4d310fbbdcb42f3aef71cb182-300x200.jpg 300w, https:\/\/tivi-samsung.com\/wp-content\/uploads\/2025\/09\/39f377b4d310fbbdcb42f3aef71cb182-768x512.jpg 768w, https:\/\/tivi-samsung.com\/wp-content\/uploads\/2025\/09\/39f377b4d310fbbdcb42f3aef71cb182-450x300.jpg 450w, https:\/\/tivi-samsung.com\/wp-content\/uploads\/2025\/09\/39f377b4d310fbbdcb42f3aef71cb182-600x400.jpg 600w, https:\/\/tivi-samsung.com\/wp-content\/uploads\/2025\/09\/39f377b4d310fbbdcb42f3aef71cb182-150x100.jpg 150w, https:\/\/tivi-samsung.com\/wp-content\/uploads\/2025\/09\/39f377b4d310fbbdcb42f3aef71cb182.jpg 1020w\" sizes=\"(max-width: 1838px) 100vw, 1838px\" \/><\/p>\n<p><strong>Remote One Remote Control<\/strong> s\u1eed d\u1ee5ng pin n\u0103ng l\u01b0\u1ee3ng m\u1eb7t tr\u1eddi, gi\u00fap gi\u1ea3m thi\u1ec3u r\u00e1c th\u1ea3i pin. Remote h\u1ed7 tr\u1ee3 \u0111i\u1ec1u khi\u1ec3n gi\u1ecdng n\u00f3i <strong>Bixby ti\u1ebfng Vi\u1ec7t<\/strong>, thao t\u00e1c \u0111\u01a1n gi\u1ea3n v\u00e0 d\u1ec5 d\u00f9ng cho m\u1ecdi l\u1ee9a tu\u1ed5i.<\/p>\n<p><strong>H\u1ed7 tr\u1ee3 AirPlay 2<\/strong> gi\u00fap truy\u1ec1n ph\u00e1t n\u1ed9i dung t\u1eeb \u0111i\u1ec7n tho\u1ea1i l\u00ean m\u00e0n h\u00ecnh l\u1edbn ch\u1ec9 v\u1edbi v\u00e0i thao t\u00e1c. T\u00ednh n\u0103ng<strong> Multi View<\/strong> gi\u00fap chia \u0111\u00f4i m\u00e0n h\u00ecnh, hi\u1ec3n th\u1ecb song song hai n\u1ed9i dung, v\u00ed d\u1ee5 v\u1eeba xem b\u00f3ng \u0111\u00e1 v\u1eeba theo d\u00f5i tin t\u1ee9c.<\/p>\n<p><img loading=\"lazy\" decoding=\"async\" class=\"alignnone wp-image-5450\" src=\"https:\/\/tivi-samsung.com\/wp-content\/uploads\/2025\/09\/smart-tivi-neo-qled-samsung-ai-4k-85-inch-qa85qn70f-9-638938055313144288-300x168.jpg\" alt=\"\" width=\"1889\" height=\"1058\" srcset=\"https:\/\/tivi-samsung.com\/wp-content\/uploads\/2025\/09\/smart-tivi-neo-qled-samsung-ai-4k-85-inch-qa85qn70f-9-638938055313144288-300x168.jpg 300w, https:\/\/tivi-samsung.com\/wp-content\/uploads\/2025\/09\/smart-tivi-neo-qled-samsung-ai-4k-85-inch-qa85qn70f-9-638938055313144288-768x429.jpg 768w, https:\/\/tivi-samsung.com\/wp-content\/uploads\/2025\/09\/smart-tivi-neo-qled-samsung-ai-4k-85-inch-qa85qn70f-9-638938055313144288-450x251.jpg 450w, https:\/\/tivi-samsung.com\/wp-content\/uploads\/2025\/09\/smart-tivi-neo-qled-samsung-ai-4k-85-inch-qa85qn70f-9-638938055313144288-600x335.jpg 600w, https:\/\/tivi-samsung.com\/wp-content\/uploads\/2025\/09\/smart-tivi-neo-qled-samsung-ai-4k-85-inch-qa85qn70f-9-638938055313144288-150x84.jpg 150w, https:\/\/tivi-samsung.com\/wp-content\/uploads\/2025\/09\/smart-tivi-neo-qled-samsung-ai-4k-85-inch-qa85qn70f-9-638938055313144288.jpg 1020w\" sizes=\"(max-width: 1889px) 100vw, 1889px\" \/><\/p>\n<p>Ngo\u00e0i ra, ch\u1ee9c n\u0103ng <strong>Universal Gestures<\/strong> cho ph\u00e9p bi\u1ebfn <strong>Galaxy Watch<\/strong> (t\u1eeb th\u1ebf h\u1ec7 4 tr\u1edf l\u00ean) th\u00e0nh c\u00f4ng c\u1ee5 \u0111i\u1ec1u khi\u1ec3n, mang l\u1ea1i tr\u1ea3i nghi\u1ec7m s\u1eed d\u1ee5ng m\u1edbi m\u1ebb v\u00e0 hi\u1ec7n \u0111\u1ea1i h\u01a1n.<\/p>\n<p><img loading=\"lazy\" decoding=\"async\" class=\"alignnone wp-image-5377\" src=\"https:\/\/tivi-samsung.com\/wp-content\/uploads\/2025\/09\/333d6d98d6a1e6e6009404b7c71a0bfc-300x168.jpg\" alt=\"\" width=\"1886\" height=\"1056\" srcset=\"https:\/\/tivi-samsung.com\/wp-content\/uploads\/2025\/09\/333d6d98d6a1e6e6009404b7c71a0bfc-300x168.jpg 300w, https:\/\/tivi-samsung.com\/wp-content\/uploads\/2025\/09\/333d6d98d6a1e6e6009404b7c71a0bfc-768x429.jpg 768w, https:\/\/tivi-samsung.com\/wp-content\/uploads\/2025\/09\/333d6d98d6a1e6e6009404b7c71a0bfc-450x251.jpg 450w, https:\/\/tivi-samsung.com\/wp-content\/uploads\/2025\/09\/333d6d98d6a1e6e6009404b7c71a0bfc-600x335.jpg 600w, https:\/\/tivi-samsung.com\/wp-content\/uploads\/2025\/09\/333d6d98d6a1e6e6009404b7c71a0bfc-150x84.jpg 150w, https:\/\/tivi-samsung.com\/wp-content\/uploads\/2025\/09\/333d6d98d6a1e6e6009404b7c71a0bfc.jpg 1020w\" sizes=\"(max-width: 1886px) 100vw, 1886px\" \/><\/p>\n<p><strong>Smart Tivi Neo QLED Samsung AI 4K 75 inch QA75QN70F<\/strong> l\u00e0 s\u1ef1 l\u1ef1a ch\u1ecdn ho\u00e0n h\u1ea3o cho gia \u0111\u00ecnh mu\u1ed1n s\u1edf h\u1eefu m\u1ed9t thi\u1ebft b\u1ecb v\u1eeba m\u1ea1nh m\u1ebd v\u1ec1 hi\u1ec7u n\u0103ng, v\u1eeba sang tr\u1ecdng v\u1ec1 thi\u1ebft k\u1ebf. V\u1edbi m\u00e0n h\u00ecnh <strong>Neo QLED 75<\/strong> inch s\u1eafc n\u00e9t, b\u1ed9 x\u1eed l\u00fd <strong>AI NQ4<\/strong> th\u1ebf h\u1ec7 2 th\u00f4ng minh, \u00e2m thanh \u0111\u1ed3ng b\u1ed9 s\u1ed1ng \u0111\u1ed9ng c\u00f9ng h\u1ec7 sinh th\u00e1i ti\u1ec7n \u00edch \u0111a d\u1ea1ng, s\u1ea3n ph\u1ea9m mang \u0111\u1ebfn tr\u1ea3i nghi\u1ec7m gi\u1ea3i tr\u00ed cao c\u1ea5p ngay t\u1ea1i nh\u00e0.<\/p>\n<p><script src=\"chrome-extension:\/\/fpelahbljekknahkcaegamhcndkfpfnc\/iFrame.js\" type=\"text\/javascript\"><\/script><\/p>\n<p><script src=\"chrome-extension:\/\/fpelahbljekknahkcaegamhcndkfpfnc\/iFrame.js\" type=\"text\/javascript\"><\/script><\/p>\n<p><script src=\"chrome-extension:\/\/fpelahbljekknahkcaegamhcndkfpfnc\/iFrame.js\" type=\"text\/javascript\"><\/script><\/p>\n<p><script src=\"chrome-extension:\/\/fpelahbljekknahkcaegamhcndkfpfnc\/iFrame.js\" type=\"text\/javascript\"><\/script><\/p>\n","protected":false},"excerpt":{"rendered":"<p>&nbsp;<\/p>\n<p><script src=\"chrome-extension:\/\/fpelahbljekknahkcaegamhcndkfpfnc\/iFrame.js\" type=\"text\/javascript\"><\/script><\/p>\n<p><script src=\"chrome-extension:\/\/fpelahbljekknahkcaegamhcndkfpfnc\/iFrame.js\" type=\"text\/javascript\"><\/script><\/p>\n<p><script src=\"chrome-extension:\/\/fpelahbljekknahkcaegamhcndkfpfnc\/iFrame.js\" type=\"text\/javascript\"><\/script><\/p>\n<p><script src=\"chrome-extension:\/\/fpelahbljekknahkcaegamhcndkfpfnc\/iFrame.js\" type=\"text\/javascript\"><\/script><\/p>\n<p><script src=\"chrome-extension:\/\/fpelahbljekknahkcaegamhcndkfpfnc\/iFrame.js\" type=\"text\/javascript\"><\/script><\/p>\n<p><script src=\"chrome-extension:\/\/fpelahbljekknahkcaegamhcndkfpfnc\/iFrame.js\" type=\"text\/javascript\"><\/script><\/p>\n<p><script src=\"chrome-extension:\/\/fpelahbljekknahkcaegamhcndkfpfnc\/iFrame.js\" type=\"text\/javascript\"><\/script><\/p>\n<p><script src=\"chrome-extension:\/\/fpelahbljekknahkcaegamhcndkfpfnc\/iFrame.js\" type=\"text\/javascript\"><\/script><\/p>\n","protected":false},"featured_media":4787,"comment_status":"open","ping_status":"closed","template":"","meta":[],"product_brand":[88],"product_cat":[68,76],"product_tag":[],"class_list":{"0":"post-4257","1":"product","2":"type-product","3":"status-publish","4":"has-post-thumbnail","6":"product_brand-samsung","7":"product_cat-smart-tv","8":"product_cat-televisions","9":"pa_kich-co-man-hinh-tu-75-85-inch","11":"first","12":"instock","13":"sale","14":"shipping-taxable","15":"purchasable","16":"product-type-simple"},"_links":{"self":[{"href":"https:\/\/tivi-samsung.com\/index.php?rest_route=\/wp\/v2\/product\/4257","targetHints":{"allow":["GET"]}}],"collection":[{"href":"https:\/\/tivi-samsung.com\/index.php?rest_route=\/wp\/v2\/product"}],"about":[{"href":"https:\/\/tivi-samsung.com\/index.php?rest_route=\/wp\/v2\/types\/product"}],"replies":[{"embeddable":true,"href":"https:\/\/tivi-samsung.com\/index.php?rest_route=%2Fwp%2Fv2%2Fcomments&post=4257"}],"version-history":[{"count":10,"href":"https:\/\/tivi-samsung.com\/index.php?rest_route=\/wp\/v2\/product\/4257\/revisions"}],"predecessor-version":[{"id":8441,"href":"https:\/\/tivi-samsung.com\/index.php?rest_route=\/wp\/v2\/product\/4257\/revisions\/8441"}],"wp:featuredmedia":[{"embeddable":true,"href":"https:\/\/tivi-samsung.com\/index.php?rest_route=\/wp\/v2\/media\/4787"}],"wp:attachment":[{"href":"https:\/\/tivi-samsung.com\/index.php?rest_route=%2Fwp%2Fv2%2Fmedia&parent=4257"}],"wp:term":[{"taxonomy":"product_brand","embeddable":true,"href":"https:\/\/tivi-samsung.com\/index.php?rest_route=%2Fwp%2Fv2%2Fproduct_brand&post=4257"},{"taxonomy":"product_cat","embeddable":true,"href":"https:\/\/tivi-samsung.com\/index.php?rest_route=%2Fwp%2Fv2%2Fproduct_cat&post=4257"},{"taxonomy":"product_tag","embeddable":true,"href":"https:\/\/tivi-samsung.com\/index.php?rest_route=%2Fwp%2Fv2%2Fproduct_tag&post=4257"}],"curies":[{"name":"wp","href":"https:\/\/api.w.org\/{rel}","templated":true}]}}