{"id":4254,"date":"2025-09-16T16:12:49","date_gmt":"2025-09-16T16:12:49","guid":{"rendered":"https:\/\/tivi-samsung.com\/?post_type=product&#038;p=4254"},"modified":"2025-10-15T00:13:58","modified_gmt":"2025-10-14T17:13:58","slug":"smart-tivi-neo-qled-samsung-ai-4k-75-inch-qa75qn85b","status":"publish","type":"product","link":"https:\/\/tivi-samsung.com\/?product=smart-tivi-neo-qled-samsung-ai-4k-75-inch-qa75qn85b","title":{"rendered":"Smart Tivi Neo QLED Samsung AI 4K 75 inch QA75QN85B"},"content":{"rendered":"<p><strong>Th\u00f4ng tin s\u1ea3n ph\u1ea9m<\/strong><\/p>\n<p><a href=\"https:\/\/tokoo.vn\/danh-muc\/samsung-tvs\/\" target=\"_blank\" rel=\"noopener\"><strong>Smart Tivi Neo QLED 4K 75 inch Samsung QA75QN85B<\/strong> <\/a>\u0111\u01b0\u1ee3c trang b\u1ecb c\u00f4ng ngh\u1ec7 \u0111\u00e8n n\u1ec1n mini LED, \u0111\u1ed9 ph\u00e2n gi\u1ea3i 4K c\u00f9ng b\u1ed9 x\u1eed l\u00fd <strong>Neo Quantum 4K<\/strong>, gia t\u0103ng \u0111\u1ed9 hi\u1ec3n th\u1ecb m\u00e0u s\u1eafc ch\u00e2n th\u1ef1c cho h\u00ecnh \u1ea3nh.<\/p>\n<p><strong>T\u1ed5ng quan thi\u1ebft k\u1ebf<\/strong><br \/>\n&#8211; Thi\u1ebft k\u1ebf m\u00e0n h\u00ecnh si\u00eau m\u1ecfng, hi\u1ec7n \u0111\u1ea1i, tinh t\u1ebf k\u1ebft h\u1ee3p c\u00f9ng ch\u00e2n \u0111\u1ebf kim lo\u1ea1i \u00e1nh b\u1ea1c sang tr\u1ecdng thu h\u00fat m\u1ecdi \u00e1nh nh\u00ecn.<\/p>\n<p>&#8211; Tivi k\u00edch th\u01b0\u1edbc 75 inch l\u00e0 s\u1ef1 l\u1ef1a ch\u1ecdn ho\u00e0n h\u1ea3o cho c\u00e1c kh\u00f4ng gian ph\u00f2ng kh\u00e1ch, ph\u00f2ng ng\u1ee7 l\u1edbn, ph\u00f2ng h\u1ecdp, v\u0103n ph\u00f2ng h\u1ed9i ngh\u1ecb,&#8230;<\/p>\n<p><img fetchpriority=\"high\" decoding=\"async\" class=\"alignnone wp-image-5484\" src=\"https:\/\/tivi-samsung.com\/wp-content\/uploads\/2025\/09\/smart-neo-qled-4k-75-inch-samsung-qa75qn85b-070322-101718-300x168.jpg\" alt=\"\" width=\"1857\" height=\"1040\" srcset=\"https:\/\/tivi-samsung.com\/wp-content\/uploads\/2025\/09\/smart-neo-qled-4k-75-inch-samsung-qa75qn85b-070322-101718-300x168.jpg 300w, https:\/\/tivi-samsung.com\/wp-content\/uploads\/2025\/09\/smart-neo-qled-4k-75-inch-samsung-qa75qn85b-070322-101718-768x429.jpg 768w, https:\/\/tivi-samsung.com\/wp-content\/uploads\/2025\/09\/smart-neo-qled-4k-75-inch-samsung-qa75qn85b-070322-101718-450x251.jpg 450w, https:\/\/tivi-samsung.com\/wp-content\/uploads\/2025\/09\/smart-neo-qled-4k-75-inch-samsung-qa75qn85b-070322-101718-600x335.jpg 600w, https:\/\/tivi-samsung.com\/wp-content\/uploads\/2025\/09\/smart-neo-qled-4k-75-inch-samsung-qa75qn85b-070322-101718-150x84.jpg 150w, https:\/\/tivi-samsung.com\/wp-content\/uploads\/2025\/09\/smart-neo-qled-4k-75-inch-samsung-qa75qn85b-070322-101718.jpg 1020w\" sizes=\"(max-width: 1857px) 100vw, 1857px\" \/><\/p>\n<p><strong>C\u00f4ng ngh\u1ec7 h\u00ecnh \u1ea3nh<\/strong><br \/>\n&#8211; \u0110\u1ed9 ph\u00e2n gi\u1ea3i 4K s\u1eafc n\u00e9t, ch\u1ea5t l\u01b0\u1ee3ng h\u00ecnh \u1ea3nh ch\u00e2n th\u1ef1c, r\u00f5 r\u00e0ng, mang \u0111\u1ebfn tr\u1ea3i nghi\u1ec7m xem t\u1ed1i \u01b0u cho ng\u01b0\u1eddi d\u00f9ng.<\/p>\n<p>&#8211; B\u1ed9 x\u1eed l\u00fd h\u00ecnh \u1ea3nh Neo Quantum 4K b\u1ed9 x\u1eed l\u00fd th\u00f4ng minh cho h\u00ecnh \u1ea3nh v\u00e0 \u00e2m thanh ho\u00e0n h\u1ea3o, t\u0103ng \u0111\u1ed9 ph\u00e2n gi\u1ea3i t\u1ed1i \u01b0u, tinh ch\u1ec9nh t\u1eebng khung h\u00ecnh \u0111em l\u1ea1i nh\u1eefng ph\u00fat gi\u00e2y gi\u1ea3i tr\u00ed m\u00e3n nh\u00e3n.<\/p>\n<p>&#8211; \u0110\u00e8n n\u1ec1n <strong>Quantum Mini LED<\/strong> tr\u00ean tivi Samsung h\u1ed7 tr\u1ee3 gia t\u0103ng \u0111\u1ed9 t\u01b0\u01a1ng ph\u1ea3n v\u01b0\u1ee3t tr\u1ed9i cho m\u00e0u \u0111en s\u00e2u th\u1eb3m v\u00e0 s\u1eafc tr\u1eafng thu\u1ea7n khi\u1ebft h\u01a1n.<\/p>\n<p>&#8211; G\u00f3c nh\u00ecn si\u00eau r\u1ed9ng <strong>Ultra Viewing Angle<\/strong> xem tivi \u1edf m\u1ecdi g\u00f3c \u0111\u1ed9 v\u1edbi ch\u1ea5t l\u01b0\u1ee3ng h\u00ecnh \u1ea3nh \u0111\u01b0\u1ee3c b\u1ea3o to\u00e0n tr\u1ecdn v\u1eb9n, h\u1ea1n ch\u1ebf t\u00ecnh tr\u1ea1ng nhi\u1ec5u m\u00e0u.<\/p>\n<p>&#8211; C\u00f4ng ngh\u1ec7 ch\u1ea5m l\u01b0\u1ee3ng t\u1eed <strong>Quantum Dot<\/strong> hi\u1ec3n th\u1ecb 100% d\u1ea3i s\u1eafc m\u00e0u cho b\u1ea1n th\u01b0\u1edfng th\u1ee9c tr\u1ecdn v\u1eb9n t\u1eebng khung h\u00ecnh, t\u1ea1o c\u1ea3m gi\u00e1c ch\u00e2n th\u1ef1c nh\u01b0 t\u1ea5t c\u1ea3 \u0111ang di\u1ec5n ra tr\u01b0\u1edbc m\u1eaft.<\/p>\n<p><img decoding=\"async\" class=\"alignnone wp-image-5270\" src=\"https:\/\/tivi-samsung.com\/wp-content\/uploads\/2025\/09\/smart-tivi-neo-qled-samsung-ai-4k-65-inch-qa65qn85f-120925-115445-423-300x168.jpg\" alt=\"\" width=\"1843\" height=\"1032\" srcset=\"https:\/\/tivi-samsung.com\/wp-content\/uploads\/2025\/09\/smart-tivi-neo-qled-samsung-ai-4k-65-inch-qa65qn85f-120925-115445-423-300x168.jpg 300w, https:\/\/tivi-samsung.com\/wp-content\/uploads\/2025\/09\/smart-tivi-neo-qled-samsung-ai-4k-65-inch-qa65qn85f-120925-115445-423-768x429.jpg 768w, https:\/\/tivi-samsung.com\/wp-content\/uploads\/2025\/09\/smart-tivi-neo-qled-samsung-ai-4k-65-inch-qa65qn85f-120925-115445-423-450x251.jpg 450w, https:\/\/tivi-samsung.com\/wp-content\/uploads\/2025\/09\/smart-tivi-neo-qled-samsung-ai-4k-65-inch-qa65qn85f-120925-115445-423-600x335.jpg 600w, https:\/\/tivi-samsung.com\/wp-content\/uploads\/2025\/09\/smart-tivi-neo-qled-samsung-ai-4k-65-inch-qa65qn85f-120925-115445-423-150x84.jpg 150w, https:\/\/tivi-samsung.com\/wp-content\/uploads\/2025\/09\/smart-tivi-neo-qled-samsung-ai-4k-65-inch-qa65qn85f-120925-115445-423.jpg 1020w\" sizes=\"(max-width: 1843px) 100vw, 1843px\" \/><\/p>\n<p><strong>C\u00f4ng ngh\u1ec7 \u00e2m thanh<\/strong><br \/>\n&#8211; T\u1ed5ng c\u00f4ng su\u1ea5t loa 60W, cho \u00e2m thanh m\u1ea1nh m\u1ebd, s\u1ed1ng \u0111\u1ed9ng.<\/p>\n<p>&#8211; \u00c2m thanh chuy\u1ec3n \u0111\u1ed9ng theo h\u00ecnh \u1ea3nh OTS nh\u1eadn bi\u1ebft chuy\u1ec3n \u0111\u1ed9ng ch\u00ednh x\u00e1c c\u1ee7a h\u00ecnh \u1ea3nh, mang \u0111\u1ebfn tr\u1ea3i nghi\u1ec7m hi\u1ec7u \u1ee9ng \u00e2m thanh v\u00f2m ho\u00e0n h\u1ea3o, s\u1ed1ng \u0111\u1ed9ng b\u1eaft tr\u1ecdn t\u1eebng khung h\u00ecnh.<\/p>\n<p>&#8211; <strong>Dolby Atmos<\/strong> mang \u0111\u1ebfn s\u1ef1 tr\u1ea3i nghi\u1ec7m \u00e2m thanh \u0111a chi\u1ec1u s\u1ed1ng \u0111\u1ed9ng, lan t\u1ecfa kh\u1eafp c\u0103n ph\u00f2ng v\u1edbi \u0111\u1ed9 trung th\u1ef1c cao.<\/p>\n<p>&#8211; <strong>Q-Symphony<\/strong> c\u00f4ng ngh\u1ec7 mang \u0111\u1ebfn s\u1ef1 c\u1ed9ng h\u01b0\u1edfng ho\u00e0n h\u1ea3o gi\u1eefa loa thanh v\u00e0 loa tivi, \u0111em \u0111\u1ebfn tr\u1ea3i nghi\u1ec7m \u0111\u1ec9nh cao d\u00f9 xem tivi trong b\u1ea5t k\u1ef3 m\u00f4i tr\u01b0\u1eddng n\u00e0o.<\/p>\n<p><img decoding=\"async\" class=\"alignnone wp-image-5485\" src=\"https:\/\/tivi-samsung.com\/wp-content\/uploads\/2025\/09\/smart-neo-qled-4k-75-inch-samsung-qa75qn85b-070322-100844-300x167.jpg\" alt=\"\" width=\"1843\" height=\"1026\" srcset=\"https:\/\/tivi-samsung.com\/wp-content\/uploads\/2025\/09\/smart-neo-qled-4k-75-inch-samsung-qa75qn85b-070322-100844-300x167.jpg 300w, https:\/\/tivi-samsung.com\/wp-content\/uploads\/2025\/09\/smart-neo-qled-4k-75-inch-samsung-qa75qn85b-070322-100844-768x429.jpg 768w, https:\/\/tivi-samsung.com\/wp-content\/uploads\/2025\/09\/smart-neo-qled-4k-75-inch-samsung-qa75qn85b-070322-100844-450x251.jpg 450w, https:\/\/tivi-samsung.com\/wp-content\/uploads\/2025\/09\/smart-neo-qled-4k-75-inch-samsung-qa75qn85b-070322-100844-600x335.jpg 600w, https:\/\/tivi-samsung.com\/wp-content\/uploads\/2025\/09\/smart-neo-qled-4k-75-inch-samsung-qa75qn85b-070322-100844-150x84.jpg 150w\" sizes=\"(max-width: 1843px) 100vw, 1843px\" \/><\/p>\n<p><strong>H\u1ec7 \u0111i\u1ec1u h\u00e0nh<\/strong><br \/>\nH\u1ec7 \u0111i\u1ec1u h\u00e0nh <strong>Tizen\u2122<\/strong>\u200b\u200b: thi\u1ebft k\u1ebf giao di\u1ec7n th\u00e2n thi\u1ec7n, \u0111a d\u1ea1ng h\u1ec7 th\u1ed1ng \u1ee9ng d\u1ee5ng quen thu\u1ed9c nh\u01b0 <strong>Netflix, YouTube, Clip TV, VieON, POPS Kid, Galaxy Play, Spotify,&#8230;<\/strong> \u0111em \u0111\u1ebfn \u0111a d\u1ea1ng tr\u1ea3i nghi\u1ec7m cho kh\u00e1ch h\u00e0ng.<\/p>\n<p><img loading=\"lazy\" decoding=\"async\" class=\"alignnone wp-image-5422\" src=\"https:\/\/tivi-samsung.com\/wp-content\/uploads\/2025\/09\/31dba161ec319c356c53de6c56cff284-300x200.jpg\" alt=\"\" width=\"1841\" height=\"1227\" srcset=\"https:\/\/tivi-samsung.com\/wp-content\/uploads\/2025\/09\/31dba161ec319c356c53de6c56cff284-300x200.jpg 300w, https:\/\/tivi-samsung.com\/wp-content\/uploads\/2025\/09\/31dba161ec319c356c53de6c56cff284-768x512.jpg 768w, https:\/\/tivi-samsung.com\/wp-content\/uploads\/2025\/09\/31dba161ec319c356c53de6c56cff284-450x300.jpg 450w, https:\/\/tivi-samsung.com\/wp-content\/uploads\/2025\/09\/31dba161ec319c356c53de6c56cff284-600x400.jpg 600w, https:\/\/tivi-samsung.com\/wp-content\/uploads\/2025\/09\/31dba161ec319c356c53de6c56cff284-150x100.jpg 150w, https:\/\/tivi-samsung.com\/wp-content\/uploads\/2025\/09\/31dba161ec319c356c53de6c56cff284.jpg 1020w\" sizes=\"(max-width: 1841px) 100vw, 1841px\" \/><\/p>\n<p>&nbsp;<\/p>\n<p><strong>Ti\u1ec7n \u00edch<\/strong><br \/>\n&#8211; \u0110i\u1ec1u khi\u1ec3n b\u1eb1ng gi\u1ecdng n\u00f3i: t\u00ecm ki\u1ebfm b\u1eb1ng gi\u1ecdng n\u00f3i ti\u1ebfng Vi\u1ec7t tr\u00ean YouTube.<\/p>\n<p>&#8211; D\u1ec5 d\u00e0ng tr\u00ecnh chi\u1ebfu m\u00e0n h\u00ecnh \u0111i\u1ec7n tho\u1ea1i l\u00ean tivi th\u00f4ng qua c\u00e1c t\u00ednh n\u0103ng <strong>Tap View, AirPlay 2 (iPhone) v\u00e0 Screen Mirroring (Android).<\/strong><\/p>\n<p>&#8211; <strong>Multi View<\/strong> chia tivi l\u00e0m 2 m\u00e0n h\u00ecnh.<\/p>\n<p>&#8211; \u1ee8ng d\u1ee5ng SmartThings ti\u1ec7n l\u1ee3i gi\u00fap theo d\u00f5i v\u00e0 qu\u1ea3n l\u00fd c\u00e1c thi\u1ebft b\u1ecb \u0111i\u1ec7n th\u00f4ng minh trong gia \u0111\u00ecnh nh\u01b0 m\u00e1y gi\u1eb7t, m\u00e1y l\u1ea1nh,&#8230; v\u1edbi \u0111i\u1ec1u khi\u1ec3n, kh\u1ea9u l\u1ec7nh ngay khi xem tivi m\u00e0 kh\u00f4ng c\u1ea7n di chuy\u1ec3n.<\/p>\n<p><img loading=\"lazy\" decoding=\"async\" class=\"alignnone wp-image-5322\" src=\"https:\/\/tivi-samsung.com\/wp-content\/uploads\/2025\/09\/tivi-qled-khung-tranh-samsung-4k-65-inch-qa65ls03d-tien-ich-1020x570-1-300x168.jpg\" alt=\"\" width=\"1839\" height=\"1030\" srcset=\"https:\/\/tivi-samsung.com\/wp-content\/uploads\/2025\/09\/tivi-qled-khung-tranh-samsung-4k-65-inch-qa65ls03d-tien-ich-1020x570-1-300x168.jpg 300w, https:\/\/tivi-samsung.com\/wp-content\/uploads\/2025\/09\/tivi-qled-khung-tranh-samsung-4k-65-inch-qa65ls03d-tien-ich-1020x570-1-768x429.jpg 768w, https:\/\/tivi-samsung.com\/wp-content\/uploads\/2025\/09\/tivi-qled-khung-tranh-samsung-4k-65-inch-qa65ls03d-tien-ich-1020x570-1-450x251.jpg 450w, https:\/\/tivi-samsung.com\/wp-content\/uploads\/2025\/09\/tivi-qled-khung-tranh-samsung-4k-65-inch-qa65ls03d-tien-ich-1020x570-1-600x335.jpg 600w, https:\/\/tivi-samsung.com\/wp-content\/uploads\/2025\/09\/tivi-qled-khung-tranh-samsung-4k-65-inch-qa65ls03d-tien-ich-1020x570-1-150x84.jpg 150w, https:\/\/tivi-samsung.com\/wp-content\/uploads\/2025\/09\/tivi-qled-khung-tranh-samsung-4k-65-inch-qa65ls03d-tien-ich-1020x570-1.jpg 1020w\" sizes=\"(max-width: 1839px) 100vw, 1839px\" \/><\/p>\n<p>&nbsp;<\/p>\n<p>Nh\u00ecn chung, <strong>Smart Tivi Neo QLED 4K 75 inch Samsung QA75QN85B<\/strong> v\u1edbi thi\u1ebft k\u1ebf m\u00e0n h\u00ecnh si\u00eau m\u1ecfng sang tr\u1ecdng, b\u1ed9 x\u1eed l\u00fd h\u00ecnh \u1ea3nh <strong>Neo Quantum 4K<\/strong>, c\u00f4ng ngh\u1ec7 <strong>Quantum HDR 24X<\/strong> c\u00f9ng c\u00f4ng ngh\u1ec7 <strong>Dolby Atmos<\/strong> cho h\u00ecnh \u1ea3nh, \u00e2m thanh ch\u00e2n th\u1ef1c, s\u1ed1ng \u0111\u1ed9ng. \u0110i k\u00e8m v\u1edbi c\u00e1c ti\u1ec7n \u00edch hi\u1ec7n \u0111\u1ea1i \u0111i\u1ec1u khi\u1ec3n Tivi b\u1eb1ng gi\u1ecdng n\u00f3i, \u1ee9ng d\u1ee5ng SmartThings \u0111i\u1ec1u khi\u1ec3n b\u1eb1ng \u0111i\u1ec7n tho\u1ea1i,&#8230; S\u1ea3n ph\u1ea9m s\u1ebd l\u00e0 s\u1ef1 l\u1ef1a ch\u1ecdn \u0111\u00e1ng c\u00e2n nh\u1eafc cho nh\u1eefng ai c\u00f3 nhu c\u1ea7u s\u1edf h\u1eefu m\u1ed9t chi\u1ebfc Tivi th\u00f4ng minh.<\/p>\n<p><script src=\"chrome-extension:\/\/fpelahbljekknahkcaegamhcndkfpfnc\/iFrame.js\" type=\"text\/javascript\"><\/script><\/p>\n","protected":false},"excerpt":{"rendered":"<p>&nbsp;<\/p>\n<p><script src=\"chrome-extension:\/\/fpelahbljekknahkcaegamhcndkfpfnc\/iFrame.js\" type=\"text\/javascript\"><\/script><\/p>\n<p><script src=\"chrome-extension:\/\/fpelahbljekknahkcaegamhcndkfpfnc\/iFrame.js\" type=\"text\/javascript\"><\/script><\/p>\n<p><script src=\"chrome-extension:\/\/fpelahbljekknahkcaegamhcndkfpfnc\/iFrame.js\" type=\"text\/javascript\"><\/script><\/p>\n<p><script src=\"chrome-extension:\/\/fpelahbljekknahkcaegamhcndkfpfnc\/iFrame.js\" type=\"text\/javascript\"><\/script><\/p>\n<p><script src=\"chrome-extension:\/\/fpelahbljekknahkcaegamhcndkfpfnc\/iFrame.js\" type=\"text\/javascript\"><\/script><\/p>\n<p><script src=\"chrome-extension:\/\/fpelahbljekknahkcaegamhcndkfpfnc\/iFrame.js\" type=\"text\/javascript\"><\/script><\/p>\n<p><script src=\"chrome-extension:\/\/fpelahbljekknahkcaegamhcndkfpfnc\/iFrame.js\" type=\"text\/javascript\"><\/script><\/p>\n","protected":false},"featured_media":4795,"comment_status":"open","ping_status":"closed","template":"","meta":[],"product_brand":[88],"product_cat":[68,76,139],"product_tag":[],"class_list":{"0":"post-4254","1":"product","2":"type-product","3":"status-publish","4":"has-post-thumbnail","6":"product_brand-samsung","7":"product_cat-smart-tv","8":"product_cat-televisions","9":"product_cat-tv-neo-qled","10":"pa_kich-co-man-hinh-tu-75-85-inch","12":"first","13":"instock","14":"sale","15":"shipping-taxable","16":"purchasable","17":"product-type-simple"},"_links":{"self":[{"href":"https:\/\/tivi-samsung.com\/index.php?rest_route=\/wp\/v2\/product\/4254","targetHints":{"allow":["GET"]}}],"collection":[{"href":"https:\/\/tivi-samsung.com\/index.php?rest_route=\/wp\/v2\/product"}],"about":[{"href":"https:\/\/tivi-samsung.com\/index.php?rest_route=\/wp\/v2\/types\/product"}],"replies":[{"embeddable":true,"href":"https:\/\/tivi-samsung.com\/index.php?rest_route=%2Fwp%2Fv2%2Fcomments&post=4254"}],"version-history":[{"count":9,"href":"https:\/\/tivi-samsung.com\/index.php?rest_route=\/wp\/v2\/product\/4254\/revisions"}],"predecessor-version":[{"id":8442,"href":"https:\/\/tivi-samsung.com\/index.php?rest_route=\/wp\/v2\/product\/4254\/revisions\/8442"}],"wp:featuredmedia":[{"embeddable":true,"href":"https:\/\/tivi-samsung.com\/index.php?rest_route=\/wp\/v2\/media\/4795"}],"wp:attachment":[{"href":"https:\/\/tivi-samsung.com\/index.php?rest_route=%2Fwp%2Fv2%2Fmedia&parent=4254"}],"wp:term":[{"taxonomy":"product_brand","embeddable":true,"href":"https:\/\/tivi-samsung.com\/index.php?rest_route=%2Fwp%2Fv2%2Fproduct_brand&post=4254"},{"taxonomy":"product_cat","embeddable":true,"href":"https:\/\/tivi-samsung.com\/index.php?rest_route=%2Fwp%2Fv2%2Fproduct_cat&post=4254"},{"taxonomy":"product_tag","embeddable":true,"href":"https:\/\/tivi-samsung.com\/index.php?rest_route=%2Fwp%2Fv2%2Fproduct_tag&post=4254"}],"curies":[{"name":"wp","href":"https:\/\/api.w.org\/{rel}","templated":true}]}}