{"id":4251,"date":"2025-09-16T16:05:16","date_gmt":"2025-09-16T16:05:16","guid":{"rendered":"https:\/\/tivi-samsung.com\/?post_type=product&#038;p=4251"},"modified":"2025-10-15T00:14:36","modified_gmt":"2025-10-14T17:14:36","slug":"smart-tivi-neo-qled-samsung-ai-4k-75-inch-qa75qn85c","status":"publish","type":"product","link":"https:\/\/tivi-samsung.com\/?product=smart-tivi-neo-qled-samsung-ai-4k-75-inch-qa75qn85c","title":{"rendered":"Smart Tivi Neo QLED Samsung AI 4K 75 inch\u00a0 QA75QN85C"},"content":{"rendered":"<p><strong>Th\u00f4ng tin s\u1ea3n ph\u1ea9m<\/strong><\/p>\n<p><a href=\"https:\/\/tokoo.vn\/danh-muc\/samsung-tvs\/\" target=\"_blank\" rel=\"noopener\"><strong>Smart Tivi Neo QLED 4K 75 inch Samsung QA75QN85C<\/strong><\/a> c\u00f3 v\u1ebb ngo\u00e0i sang tr\u1ecdng, trang b\u1ecb b\u1ed9 x\u1eed l\u00fd <strong>Neural Quantum 4K AI 20 n\u01a1-ron<\/strong> n\u00e2ng c\u1ea5p ch\u1ea5t l\u01b0\u1ee3ng h\u00ecnh \u1ea3nh l\u00ean chu\u1ea9n 4K, c\u00f4ng ngh\u1ec7 <strong>Quantum Matrix<\/strong> hi\u1ec3n th\u1ecb khung h\u00ecnh chi ti\u1ebft, c\u00f4ng ngh\u1ec7 <strong>Neo Quantum HDR<\/strong> cho tr\u1ea3i nghi\u1ec7m h\u00ecnh \u1ea3nh s\u1ed1ng \u0111\u1ed9ng, m\u00e0u s\u1eafc b\u1eaft m\u1eaft, \u00e2m thanh v\u00f2m <strong>Dolby Atmos<\/strong> trung th\u1ef1c, \u0111i\u1ec1u khi\u1ec3n b\u1eb1ng gi\u1ecdng n\u00f3i ti\u1ebfng Vi\u1ec7t v\u1edbi<strong> Bixby<\/strong> \u0111\u01a1n gi\u1ea3n h\u01a1n bao gi\u1edd h\u1ebft.<\/p>\n<p><strong>T\u1ed5ng quan thi\u1ebft k\u1ebf<\/strong><br \/>\n&#8211; <strong>Tivi Samsung d\u00f2ng QA75QN85C<\/strong> c\u00f3 \u0111\u01b0\u1eddng n\u00e9t s\u1eafc s\u1ea3o, ki\u1ec3u d\u00e1ng <strong>NeoSlim<\/strong> v\u1edbi c\u1ea1nh vi\u1ec1n m\u1ecfng cho ti\u1ebft di\u1ec7n hi\u1ec3n th\u1ecb n\u1ed9i dung l\u1edbn, khi b\u1eadt tivi \u0111\u00f4i m\u1eaft ngay l\u1eadp t\u1ee9c b\u1ecb thu h\u00fat v\u00e0o khung h\u00ecnh v\u01b0\u1ee3t gi\u1edbi h\u1ea1n kh\u00f4ng gian, cho tr\u1ea3i nghi\u1ec7m xem \u0111\u1eafm ch\u00ecm.<\/p>\n<p>&#8211; Trang tr\u00ed cho kh\u00f4ng gian s\u1ed1ng c\u1ee7a b\u1ea1n th\u00eam ho\u00e0n thi\u1ec7n, \u0111\u1eb3ng c\u1ea5p v\u1edbi tivi c\u00f3 m\u00e0n h\u00ecnh l\u1edbn 75 inch. Ng\u01b0\u1eddi d\u00f9ng c\u00f3 th\u1ec3 b\u00e0y tr\u00ed thi\u1ebft k\u1ebf theo ki\u1ec3u \u0111\u1ec3 b\u00e0n ho\u1eb7c treo t\u01b0\u1eddng linh ho\u1ea1t ph\u00f9 h\u1ee3p v\u1edbi phong c\u00e1ch n\u1ed9i th\u1ea5t c\u1ee7a c\u0103n ph\u00f2ng.<\/p>\n<p><img fetchpriority=\"high\" decoding=\"async\" class=\"alignnone wp-image-5248\" src=\"https:\/\/tivi-samsung.com\/wp-content\/uploads\/2025\/09\/smart-tivi-neo-qled-4k-55-inch-samsung-qa55qn85c-12-638684956737512819-700x467-1-300x200.jpg\" alt=\"\" width=\"1847\" height=\"1231\" srcset=\"https:\/\/tivi-samsung.com\/wp-content\/uploads\/2025\/09\/smart-tivi-neo-qled-4k-55-inch-samsung-qa55qn85c-12-638684956737512819-700x467-1-300x200.jpg 300w, https:\/\/tivi-samsung.com\/wp-content\/uploads\/2025\/09\/smart-tivi-neo-qled-4k-55-inch-samsung-qa55qn85c-12-638684956737512819-700x467-1-450x300.jpg 450w, https:\/\/tivi-samsung.com\/wp-content\/uploads\/2025\/09\/smart-tivi-neo-qled-4k-55-inch-samsung-qa55qn85c-12-638684956737512819-700x467-1-600x400.jpg 600w, https:\/\/tivi-samsung.com\/wp-content\/uploads\/2025\/09\/smart-tivi-neo-qled-4k-55-inch-samsung-qa55qn85c-12-638684956737512819-700x467-1-150x100.jpg 150w, https:\/\/tivi-samsung.com\/wp-content\/uploads\/2025\/09\/smart-tivi-neo-qled-4k-55-inch-samsung-qa55qn85c-12-638684956737512819-700x467-1.jpg 700w\" sizes=\"(max-width: 1847px) 100vw, 1847px\" \/><\/p>\n<p><strong>C\u00f4ng ngh\u1ec7 h\u00ecnh \u1ea3nh<\/strong><br \/>\n&#8211; \u0110\u1ed9 ph\u00e2n gi\u1ea3i 4K v\u1edbi 8 tri\u1ec7u \u0111i\u1ec3m \u1ea3nh hi\u1ec3n th\u1ecb h\u00ecnh \u1ea3nh s\u1eafc n\u00e9t, ch\u00e2n th\u1ef1c.<\/p>\n<p>&#8211; T\u00edch h\u1ee3p b\u1ed9 x\u1eed l\u00fd<strong> Neural Quantum 4K AI<\/strong> m\u1ea1nh m\u1ebd v\u1edbi 20 h\u1ec7 th\u1ed1ng \u0111a n\u01a1-ron v\u00e0 tr\u00ed tu\u1ec7 nh\u00e2n t\u1ea1o t\u0103ng ch\u1ea5t l\u01b0\u1ee3ng h\u00ecnh \u1ea3nh l\u00ean 4K, t\u1ed1i \u01b0u to\u00e0n di\u1ec7n hi\u1ec7u su\u1ea5t thi\u1ebft b\u1ecb \u0111\u1ec3 cho b\u1ea1n \u0111\u01b0\u1ee3c t\u1eadn h\u01b0\u1edfng c\u00e1c n\u1ed9i dung gi\u1ea3i tr\u00ed ho\u00e0n h\u1ea3o x\u1ee9ng t\u1ea7m ki\u1ec7t t\u00e1c.<\/p>\n<p><img decoding=\"async\" class=\"alignnone wp-image-5255\" src=\"https:\/\/tivi-samsung.com\/wp-content\/uploads\/2025\/09\/smart-tivi-neo-qled-4k-85-inch-samsung-qa85qn85c-090323-031443-300x168.jpg\" alt=\"\" width=\"1852\" height=\"1037\" srcset=\"https:\/\/tivi-samsung.com\/wp-content\/uploads\/2025\/09\/smart-tivi-neo-qled-4k-85-inch-samsung-qa85qn85c-090323-031443-300x168.jpg 300w, https:\/\/tivi-samsung.com\/wp-content\/uploads\/2025\/09\/smart-tivi-neo-qled-4k-85-inch-samsung-qa85qn85c-090323-031443-768x429.jpg 768w, https:\/\/tivi-samsung.com\/wp-content\/uploads\/2025\/09\/smart-tivi-neo-qled-4k-85-inch-samsung-qa85qn85c-090323-031443-450x251.jpg 450w, https:\/\/tivi-samsung.com\/wp-content\/uploads\/2025\/09\/smart-tivi-neo-qled-4k-85-inch-samsung-qa85qn85c-090323-031443-600x335.jpg 600w, https:\/\/tivi-samsung.com\/wp-content\/uploads\/2025\/09\/smart-tivi-neo-qled-4k-85-inch-samsung-qa85qn85c-090323-031443-150x84.jpg 150w, https:\/\/tivi-samsung.com\/wp-content\/uploads\/2025\/09\/smart-tivi-neo-qled-4k-85-inch-samsung-qa85qn85c-090323-031443.jpg 1020w\" sizes=\"(max-width: 1852px) 100vw, 1852px\" \/><\/p>\n<p>&#8211; <strong>C\u00f4ng ngh\u1ec7 Quantum Matrix v\u00e0 Quantum Mini LED<\/strong> ph\u00e2n t\u00edch v\u00e0 ki\u1ec3m so\u00e1t \u0111\u00e8n n\u1ec1n \u0111\u1ec3 c\u00f3 th\u1ec3 truy\u1ec1n t\u1ea3i khung h\u00ecnh c\u00f3 nhi\u1ec1u chi ti\u1ebft, m\u00e0u s\u1eafc ph\u1ee9c t\u1ea1p v\u1edbi s\u1eafc \u0111en s\u00e2u th\u1eb3m, gi\u1ea3m hi\u1ec7n t\u01b0\u1ee3ng h\u1edf s\u00e1ng.<\/p>\n<p>&#8211; <strong>Wide Viewing Angle<\/strong>, c\u00f4ng ngh\u1ec7 cho g\u00f3c xem r\u1ed9ng, m\u00e0u s\u1eafc kh\u00f4ng b\u1ecb thay \u0111\u1ed5i d\u00f9 b\u1ea1n ng\u1ed3i \u1edf g\u00f3c l\u1ec7ch.<\/p>\n<p>&#8211; C\u00f4ng ngh\u1ec7 <strong>Neo Quantum HDR<\/strong> t\u00f9y ch\u1ec9nh \u0111\u1ed9 t\u01b0\u01a1ng ph\u1ea3n, m\u00e0u s\u1eafc cho b\u1ea1n th\u01b0\u1edfng th\u1ee9c m\u1ecdi chi ti\u1ebft ho\u00e0n m\u1ef9, tr\u1ea3i nghi\u1ec7m th\u01b0\u1edbc phim ch\u1ea5t l\u01b0\u1ee3ng 4K tuy\u1ec7t \u0111\u1eb9p trong t\u1eebng s\u1eafc th\u00e1i, m\u00e0u s\u1eafc.<\/p>\n<p><img decoding=\"async\" class=\"alignnone wp-image-5270\" src=\"https:\/\/tivi-samsung.com\/wp-content\/uploads\/2025\/09\/smart-tivi-neo-qled-samsung-ai-4k-65-inch-qa65qn85f-120925-115445-423-300x168.jpg\" alt=\"\" width=\"1839\" height=\"1030\" srcset=\"https:\/\/tivi-samsung.com\/wp-content\/uploads\/2025\/09\/smart-tivi-neo-qled-samsung-ai-4k-65-inch-qa65qn85f-120925-115445-423-300x168.jpg 300w, https:\/\/tivi-samsung.com\/wp-content\/uploads\/2025\/09\/smart-tivi-neo-qled-samsung-ai-4k-65-inch-qa65qn85f-120925-115445-423-768x429.jpg 768w, https:\/\/tivi-samsung.com\/wp-content\/uploads\/2025\/09\/smart-tivi-neo-qled-samsung-ai-4k-65-inch-qa65qn85f-120925-115445-423-450x251.jpg 450w, https:\/\/tivi-samsung.com\/wp-content\/uploads\/2025\/09\/smart-tivi-neo-qled-samsung-ai-4k-65-inch-qa65qn85f-120925-115445-423-600x335.jpg 600w, https:\/\/tivi-samsung.com\/wp-content\/uploads\/2025\/09\/smart-tivi-neo-qled-samsung-ai-4k-65-inch-qa65qn85f-120925-115445-423-150x84.jpg 150w, https:\/\/tivi-samsung.com\/wp-content\/uploads\/2025\/09\/smart-tivi-neo-qled-samsung-ai-4k-65-inch-qa65qn85f-120925-115445-423.jpg 1020w\" sizes=\"(max-width: 1839px) 100vw, 1839px\" \/><\/p>\n<p>&#8211; C\u00f4ng ngh\u1ec7<strong> Supreme UHD Dimming<\/strong> t\u0103ng kh\u1ea3 n\u0103ng hi\u1ec3n th\u1ecb chi ti\u1ebft v\u00e0 m\u00e0u s\u1eafc c\u1ee7a khung h\u00ecnh b\u1eb1ng c\u00e1ch chia nh\u1ecf h\u00ecnh \u1ea3nh th\u00e0nh nhi\u1ec1u v\u00f9ng nh\u1ecf, t\u00ednh to\u00e1n ch\u00ednh x\u00e1c c\u00e1c th\u00f4ng s\u1ed1 v\u1ec1 \u0111\u1ed9 n\u00e9t, m\u00e0u s\u1eafc, \u0111\u1ed9 t\u01b0\u01a1ng ph\u1ea3n c\u1ea7n thi\u1ebft \u0111\u1ec3 b\u1ea1n \u0111\u01b0\u1ee3c th\u01b0\u1edfng th\u1ee9c h\u00ecnh \u1ea3nh ch\u1ea5t l\u01b0\u1ee3ng t\u1ed1t nh\u1ea5t.<\/p>\n<p>&#8211; AI HDR Remastering \u00e1p d\u1ee5ng hi\u1ec7u \u1ee9ng HDR theo th\u1eddi gian th\u1ef1c v\u00e0o c\u00e1c n\u1ed9i dung SDR trong t\u1eebng c\u1ea3nh quay, cho h\u00ecnh \u1ea3nh r\u00f5 n\u00e9t, m\u00e0u s\u1eafc r\u1ef1c r\u1ee1 h\u01a1n.<\/p>\n<p><img loading=\"lazy\" decoding=\"async\" class=\"alignnone wp-image-5243\" src=\"https:\/\/tivi-samsung.com\/wp-content\/uploads\/2025\/09\/smart-tivi-neo-qled-8k-65-inch-samsung-qa65qn800c-140323-021934-1020x570-1-300x168.jpg\" alt=\"\" width=\"1829\" height=\"1024\" srcset=\"https:\/\/tivi-samsung.com\/wp-content\/uploads\/2025\/09\/smart-tivi-neo-qled-8k-65-inch-samsung-qa65qn800c-140323-021934-1020x570-1-300x168.jpg 300w, https:\/\/tivi-samsung.com\/wp-content\/uploads\/2025\/09\/smart-tivi-neo-qled-8k-65-inch-samsung-qa65qn800c-140323-021934-1020x570-1-768x429.jpg 768w, https:\/\/tivi-samsung.com\/wp-content\/uploads\/2025\/09\/smart-tivi-neo-qled-8k-65-inch-samsung-qa65qn800c-140323-021934-1020x570-1-450x251.jpg 450w, https:\/\/tivi-samsung.com\/wp-content\/uploads\/2025\/09\/smart-tivi-neo-qled-8k-65-inch-samsung-qa65qn800c-140323-021934-1020x570-1-600x335.jpg 600w, https:\/\/tivi-samsung.com\/wp-content\/uploads\/2025\/09\/smart-tivi-neo-qled-8k-65-inch-samsung-qa65qn800c-140323-021934-1020x570-1-150x84.jpg 150w, https:\/\/tivi-samsung.com\/wp-content\/uploads\/2025\/09\/smart-tivi-neo-qled-8k-65-inch-samsung-qa65qn800c-140323-021934-1020x570-1.jpg 1020w\" sizes=\"(max-width: 1829px) 100vw, 1829px\" \/><\/p>\n<p>&#8211; C\u00f4ng ngh\u1ec7 <strong>FreeSync Premium Pro<\/strong> \u0111\u01b0\u1ee3c ch\u1ee9ng nh\u1eadn c\u00f3 kh\u1ea3 n\u0103ng gi\u1ea3m thi\u1ec3u gi\u1eadt, x\u00e9 h\u00ecnh, cho b\u1ea1n ch\u01a1i game m\u01b0\u1ee3t m\u00e0 v\u1edbi h\u00ecnh \u1ea3nh HDR s\u1eafc n\u00e9t. Ch\u1ebf \u0111\u1ed9 Auto Low Latency Mode (ALLM) gi\u1ea3m \u0111\u1ed9 tr\u1ec5 \u0111\u1ea7u v\u00e0o t\u1ef1 \u0111\u1ed9ng, cho hi\u1ec7u \u1ee9ng ph\u1ea3n h\u1ed3i t\u1ee9c th\u1eddi, tr\u1ea3i nghi\u1ec7m tr\u00f2 ch\u01a1i gay c\u1ea5n h\u01a1n.<\/p>\n<p>&#8211; C\u00f4ng ngh\u1ec7 <strong>Motion Xcelerator Turbo+<\/strong>, t\u1ea7n s\u1ed1 qu\u00e9t 120 Hz cho b\u1ea1n t\u1eadn h\u01b0\u1edfng tr\u1eadn game \u0111\u1ea7y ph\u1ea5n kh\u00edch v\u1edbi chuy\u1ec3n \u0111\u1ed9ng r\u00f5 r\u00e0ng, kh\u00f4ng b\u1ecb nh\u00f2e m\u1edd.<\/p>\n<p><img loading=\"lazy\" decoding=\"async\" class=\"alignnone wp-image-5162\" src=\"https:\/\/tivi-samsung.com\/wp-content\/uploads\/2025\/09\/5-1020x570-1-300x168.jpg\" alt=\"\" width=\"1829\" height=\"1024\" srcset=\"https:\/\/tivi-samsung.com\/wp-content\/uploads\/2025\/09\/5-1020x570-1-300x168.jpg 300w, https:\/\/tivi-samsung.com\/wp-content\/uploads\/2025\/09\/5-1020x570-1-768x429.jpg 768w, https:\/\/tivi-samsung.com\/wp-content\/uploads\/2025\/09\/5-1020x570-1-450x251.jpg 450w, https:\/\/tivi-samsung.com\/wp-content\/uploads\/2025\/09\/5-1020x570-1-600x335.jpg 600w, https:\/\/tivi-samsung.com\/wp-content\/uploads\/2025\/09\/5-1020x570-1-150x84.jpg 150w, https:\/\/tivi-samsung.com\/wp-content\/uploads\/2025\/09\/5-1020x570-1.jpg 1020w\" sizes=\"(max-width: 1829px) 100vw, 1829px\" \/><\/p>\n<p>&nbsp;<\/p>\n<p><strong>C\u00f4ng ngh\u1ec7 \u00e2m thanh<\/strong><br \/>\n&#8211; H\u1ec7 th\u1ed1ng loa 2.2.2, t\u1ed5ng c\u00f4ng su\u1ea5t l\u00ean \u0111\u1ebfn 60W t\u00e1i t\u1ea1o \u00e2m thanh to, r\u00f5, s\u1ed1ng \u0111\u1ed9ng.<\/p>\n<p>&#8211; C\u00f4ng ngh\u1ec7 <strong>Dolby Atmos<\/strong> v\u00e0 OTS t\u00e1i t\u1ea1o \u00e2m thanh 3D theo d\u1ea5u chuy\u1ec3n \u0111\u1ed9ng h\u00ecnh \u1ea3nh cho b\u1ea1n c\u1ea3m nh\u1eadn \u0111\u01b0\u1ee3c s\u1ef1 ch\u00e2n th\u1eadt trong t\u1eebng th\u01b0\u1edbc phim, ch\u01b0\u01a1ng tr\u00ecnh th\u1ec3 thao m\u00e0 m\u00ecnh theo d\u00f5i.<\/p>\n<p><img loading=\"lazy\" decoding=\"async\" class=\"alignnone wp-image-5385\" src=\"https:\/\/tivi-samsung.com\/wp-content\/uploads\/2025\/09\/smart-tivi-oled-samsung-ai-4k-77-inch-qa77s90f638938959618027474-300x168.jpg\" alt=\"\" width=\"1830\" height=\"1025\" srcset=\"https:\/\/tivi-samsung.com\/wp-content\/uploads\/2025\/09\/smart-tivi-oled-samsung-ai-4k-77-inch-qa77s90f638938959618027474-300x168.jpg 300w, https:\/\/tivi-samsung.com\/wp-content\/uploads\/2025\/09\/smart-tivi-oled-samsung-ai-4k-77-inch-qa77s90f638938959618027474-768x429.jpg 768w, https:\/\/tivi-samsung.com\/wp-content\/uploads\/2025\/09\/smart-tivi-oled-samsung-ai-4k-77-inch-qa77s90f638938959618027474-450x251.jpg 450w, https:\/\/tivi-samsung.com\/wp-content\/uploads\/2025\/09\/smart-tivi-oled-samsung-ai-4k-77-inch-qa77s90f638938959618027474-600x335.jpg 600w, https:\/\/tivi-samsung.com\/wp-content\/uploads\/2025\/09\/smart-tivi-oled-samsung-ai-4k-77-inch-qa77s90f638938959618027474-150x84.jpg 150w, https:\/\/tivi-samsung.com\/wp-content\/uploads\/2025\/09\/smart-tivi-oled-samsung-ai-4k-77-inch-qa77s90f638938959618027474.jpg 1020w\" sizes=\"(max-width: 1830px) 100vw, 1830px\" \/><\/p>\n<p>&#8211; C\u00f4ng ngh\u1ec7 AVA l\u00e0m l\u1edbn \u00e2m tho\u1ea1i m\u1ed9t c\u00e1ch t\u1ef1 \u0111\u1ed9ng \u0111\u1ec3 b\u1ea1n n\u1eafm b\u1eaft c\u00e1c t\u00ecnh ti\u1ebft c\u00e2u chuy\u1ec7n d\u1ec5 d\u00e0ng, kh\u00f4ng b\u1ecf l\u1ee1 n\u1ed9i dung quan tr\u1ecdng.<\/p>\n<p>&#8211; <strong>Q-Symphony 3.0<\/strong>, c\u00f4ng ngh\u1ec7 t\u1ea1o n\u00ean kh\u00f4ng gian gi\u1ea3i tr\u00ed \u0111\u1ec9nh cao v\u1edbi ch\u1ea5t \u00e2m m\u1ea1nh m\u1ebd khi h\u00f2a quy\u1ec7n \u00e2m thanh c\u1ee7a loa thanh v\u00e0 loa tivi.<\/p>\n<p><img loading=\"lazy\" decoding=\"async\" class=\"alignnone wp-image-5315\" src=\"https:\/\/tivi-samsung.com\/wp-content\/uploads\/2025\/09\/tivi-neo-qled-samsung-8k-65-inch-qa65qn800d-7-1020x570-1-300x168.jpg\" alt=\"\" width=\"1827\" height=\"1023\" srcset=\"https:\/\/tivi-samsung.com\/wp-content\/uploads\/2025\/09\/tivi-neo-qled-samsung-8k-65-inch-qa65qn800d-7-1020x570-1-300x168.jpg 300w, https:\/\/tivi-samsung.com\/wp-content\/uploads\/2025\/09\/tivi-neo-qled-samsung-8k-65-inch-qa65qn800d-7-1020x570-1-768x429.jpg 768w, https:\/\/tivi-samsung.com\/wp-content\/uploads\/2025\/09\/tivi-neo-qled-samsung-8k-65-inch-qa65qn800d-7-1020x570-1-450x251.jpg 450w, https:\/\/tivi-samsung.com\/wp-content\/uploads\/2025\/09\/tivi-neo-qled-samsung-8k-65-inch-qa65qn800d-7-1020x570-1-600x335.jpg 600w, https:\/\/tivi-samsung.com\/wp-content\/uploads\/2025\/09\/tivi-neo-qled-samsung-8k-65-inch-qa65qn800d-7-1020x570-1-150x84.jpg 150w, https:\/\/tivi-samsung.com\/wp-content\/uploads\/2025\/09\/tivi-neo-qled-samsung-8k-65-inch-qa65qn800d-7-1020x570-1.jpg 1020w\" sizes=\"(max-width: 1827px) 100vw, 1827px\" \/><\/p>\n<p><strong>H\u1ec7 \u0111i\u1ec1u h\u00e0nh<\/strong><br \/>\n&#8211; Giao di\u1ec7n c\u1ea3i ti\u1ebfn c\u1ee7a h\u1ec7 \u0111i\u1ec1u h\u00e0nh <strong>Tizen\u2122<\/strong> cho b\u1ea1n ti\u1ebfp c\u1eadn c\u00e1c n\u1ed9i dung y\u00eau th\u00edch nhanh ch\u00f3ng, kh\u00f4ng m\u1ea5t th\u1eddi gian cho vi\u1ec7c t\u00ecm ki\u1ebfm. Kho \u1ee9ng d\u1ee5ng \u0111\u1ed3 s\u1ed9 cho b\u1ea1n tho\u1ea3i m\u00e1i t\u1ea3i v\u1ec1 thi\u1ebft b\u1ecb nh\u1eefng \u1ee9ng d\u1ee5ng m\u00ecnh mu\u1ed1n d\u1ec5 d\u00e0ng, ph\u1ee5c v\u1ee5 t\u1ed1t cho nhu c\u1ea7u tr\u1ea3i nghi\u1ec7m c\u1ee7a t\u1ea5t c\u1ea3 c\u00e1c th\u00e0nh vi\u00ean trong nh\u00e0 b\u1ea1n.<\/p>\n<p><img loading=\"lazy\" decoding=\"async\" class=\"alignnone wp-image-5313\" src=\"https:\/\/tivi-samsung.com\/wp-content\/uploads\/2025\/09\/tivi-neo-qled-samsung-8k-65-inch-qa65qn800d-8-1020x570-1-300x168.jpg\" alt=\"\" width=\"1827\" height=\"1023\" srcset=\"https:\/\/tivi-samsung.com\/wp-content\/uploads\/2025\/09\/tivi-neo-qled-samsung-8k-65-inch-qa65qn800d-8-1020x570-1-300x168.jpg 300w, https:\/\/tivi-samsung.com\/wp-content\/uploads\/2025\/09\/tivi-neo-qled-samsung-8k-65-inch-qa65qn800d-8-1020x570-1-768x429.jpg 768w, https:\/\/tivi-samsung.com\/wp-content\/uploads\/2025\/09\/tivi-neo-qled-samsung-8k-65-inch-qa65qn800d-8-1020x570-1-450x251.jpg 450w, https:\/\/tivi-samsung.com\/wp-content\/uploads\/2025\/09\/tivi-neo-qled-samsung-8k-65-inch-qa65qn800d-8-1020x570-1-600x335.jpg 600w, https:\/\/tivi-samsung.com\/wp-content\/uploads\/2025\/09\/tivi-neo-qled-samsung-8k-65-inch-qa65qn800d-8-1020x570-1-150x84.jpg 150w, https:\/\/tivi-samsung.com\/wp-content\/uploads\/2025\/09\/tivi-neo-qled-samsung-8k-65-inch-qa65qn800d-8-1020x570-1.jpg 1020w\" sizes=\"(max-width: 1827px) 100vw, 1827px\" \/><\/p>\n<p><strong>Ti\u1ec7n \u00edch<\/strong><br \/>\n&#8211; S\u1eed d\u1ee5ng kh\u1ea9u l\u1ec7nh \u0111\u01b0\u1ee3c t\u1ea1o ra b\u1edfi ch\u00ednh gi\u1ecdng n\u00f3i c\u1ee7a b\u1ea1n \u0111\u1ec3 \u0111i\u1ec1u khi\u1ec3n tivi d\u1ec5 d\u00e0ng nh\u1edd h\u1ed7 tr\u1ee3 c\u1ee7a <strong>Bixby<\/strong> (c\u00f3 ti\u1ebfng Vi\u1ec7t).<\/p>\n<p>&#8211; \u1ee8ng d\u1ee5ng <strong>Google Duo<\/strong> (c\u1ea7n mua th\u00eam camera) khi s\u1eed d\u1ee5ng cho ph\u00e9p b\u1ea1n th\u1ef1c hi\u1ec7n video call v\u1edbi b\u1ea1n b\u00e8, \u0111\u1ed3ng nghi\u1ec7p qua m\u00e0n h\u00ecnh l\u1edbn tivi r\u00f5 n\u00e9t khi \u0111\u00f4i b\u00ean \u0111ang \u1edf c\u00e1ch xa nhau ho\u1eb7c kh\u00f4ng ti\u1ec7n g\u1eb7p tr\u1ef1c ti\u1ebfp.<\/p>\n<p>&#8211; <strong>SmartThings<\/strong> li\u00ean k\u1ebft c\u00e1c thi\u1ebft b\u1ecb \u0111i\u1ec7n t\u1eed trong nh\u00e0 v\u00e0 cho ph\u00e9p b\u1ea1n qu\u1ea3n l\u00fd, \u0111i\u1ec1u khi\u1ec3n th\u1ed1ng nh\u1ea5t qua Smart tivi gi\u00fap qu\u00e1 tr\u00ecnh s\u1eed d\u1ee5ng th\u00eam ti\u1ec7n l\u1ee3i.<\/p>\n<p>&#8211; Trang b\u1ecb <strong>One Remote<\/strong> \u0111\u01b0\u1ee3c thi\u1ebft k\u1ebf th\u00e2n thi\u1ec7n v\u1edbi m\u00f4i tr\u01b0\u1eddng s\u1ed1ng khi kh\u00f4ng c\u1ea7n mua pin thay th\u1ebf m\u1ed7i khi remote c\u1ea1n n\u0103ng l\u01b0\u1ee3ng, b\u1ea1n ch\u1ec9 c\u1ea7n s\u1ea1c l\u1ea1i b\u1eb1ng \u00e1nh s\u00e1ng c\u1ee7a \u0111\u00e8n, \u00e1nh n\u1eafng.<\/p>\n<p>&#8211; Chia s\u1ebb nhanh nh\u1eefng t\u00e0i li\u1ec7u, h\u00ecnh \u1ea3nh, video ca nh\u1ea1c t\u1eeb thi\u1ebft b\u1ecb di \u0111\u1ed9ng l\u00ean tivi nh\u1edd c\u00e1c t\u00ednh n\u0103ng <strong>AirPlay 2 (iPhone), Screen Mirroring (Android) v\u00e0 Tap View.<\/strong><\/p>\n<p>&#8211; Gi\u1ea3i tr\u00ed v\u1edbi nhi\u1ec1u n\u1ed9i dung c\u00f9ng l\u00fac m\u00e0 kh\u00f4ng ph\u1ea3i thay \u0111\u1ed5i g\u00f3c nh\u00ecn v\u1edbi t\u00ednh n\u0103ng chia nh\u1ecf m\u00e0n h\u00ecnh tivi <strong>Multi View.<\/strong><\/p>\n<p><img loading=\"lazy\" decoding=\"async\" class=\"alignnone wp-image-5322\" src=\"https:\/\/tivi-samsung.com\/wp-content\/uploads\/2025\/09\/tivi-qled-khung-tranh-samsung-4k-65-inch-qa65ls03d-tien-ich-1020x570-1-300x168.jpg\" alt=\"\" width=\"1827\" height=\"1023\" srcset=\"https:\/\/tivi-samsung.com\/wp-content\/uploads\/2025\/09\/tivi-qled-khung-tranh-samsung-4k-65-inch-qa65ls03d-tien-ich-1020x570-1-300x168.jpg 300w, https:\/\/tivi-samsung.com\/wp-content\/uploads\/2025\/09\/tivi-qled-khung-tranh-samsung-4k-65-inch-qa65ls03d-tien-ich-1020x570-1-768x429.jpg 768w, https:\/\/tivi-samsung.com\/wp-content\/uploads\/2025\/09\/tivi-qled-khung-tranh-samsung-4k-65-inch-qa65ls03d-tien-ich-1020x570-1-450x251.jpg 450w, https:\/\/tivi-samsung.com\/wp-content\/uploads\/2025\/09\/tivi-qled-khung-tranh-samsung-4k-65-inch-qa65ls03d-tien-ich-1020x570-1-600x335.jpg 600w, https:\/\/tivi-samsung.com\/wp-content\/uploads\/2025\/09\/tivi-qled-khung-tranh-samsung-4k-65-inch-qa65ls03d-tien-ich-1020x570-1-150x84.jpg 150w, https:\/\/tivi-samsung.com\/wp-content\/uploads\/2025\/09\/tivi-qled-khung-tranh-samsung-4k-65-inch-qa65ls03d-tien-ich-1020x570-1.jpg 1020w\" sizes=\"(max-width: 1827px) 100vw, 1827px\" \/><\/p>\n<p>V\u1edbi th\u00e0nh c\u00f4ng t\u1eeb s\u1ea3n ph\u1ea9m <strong>Smart Tivi Neo QLED 4K 75 inch Samsung QA75QN85B<\/strong> \u0111\u01b0\u1ee3c ra m\u1eaft n\u0103m 2022, Samsung ra m\u1eaft phi\u00ean b\u1ea3n n\u0103m 2023 <strong>Smart Tivi Neo QLED 4K 75 inch Samsung QA75QN85C<\/strong>, chi\u1ebfc tivi trang b\u1ecb b\u1ed9 x\u1eed l\u00fd <strong>Neural Quantum 4K AI<\/strong> n\u00e2ng c\u1ea5p h\u00ecnh \u1ea3nh 4K sinh \u0111\u1ed9ng, chu\u1ea9n 4K, c\u00f4ng ngh\u1ec7 <strong>Quantum Matrix<\/strong> t\u00e1i hi\u1ec7n khung h\u00ecnh c\u00f3 m\u00e0u \u0111en thu\u1ea7n khi\u1ebft, c\u00f4ng ngh\u1ec7 <strong>Neo Quantum HDR<\/strong> cho m\u00e0u s\u1eafc r\u1ef1c r\u1ee1, \u00e2m thanh \u0111i\u1ec7n \u1ea3nh <strong>Dolby Atmos<\/strong> l\u00f4i cu\u1ed1n, h\u1ed7 tr\u1ee3 h\u1ec7 \u0111i\u1ec1u h\u00e0nh Tizen\u2122 hi\u1ec7n \u0111\u1ea1i.<\/p>\n<p>&nbsp;<\/p>\n<p>&nbsp;<\/p>\n<p><script src=\"chrome-extension:\/\/fpelahbljekknahkcaegamhcndkfpfnc\/iFrame.js\" type=\"text\/javascript\"><\/script><\/p>\n<p><script src=\"chrome-extension:\/\/fpelahbljekknahkcaegamhcndkfpfnc\/iFrame.js\" type=\"text\/javascript\"><\/script><\/p>\n<p><script src=\"chrome-extension:\/\/fpelahbljekknahkcaegamhcndkfpfnc\/iFrame.js\" type=\"text\/javascript\"><\/script><\/p>\n<p><script src=\"chrome-extension:\/\/fpelahbljekknahkcaegamhcndkfpfnc\/iFrame.js\" type=\"text\/javascript\"><\/script><\/p>\n","protected":false},"excerpt":{"rendered":"<p>&nbsp;<\/p>\n<p><script src=\"chrome-extension:\/\/fpelahbljekknahkcaegamhcndkfpfnc\/iFrame.js\" type=\"text\/javascript\"><\/script><\/p>\n<p><script src=\"chrome-extension:\/\/fpelahbljekknahkcaegamhcndkfpfnc\/iFrame.js\" type=\"text\/javascript\"><\/script><\/p>\n<p><script src=\"chrome-extension:\/\/fpelahbljekknahkcaegamhcndkfpfnc\/iFrame.js\" type=\"text\/javascript\"><\/script><\/p>\n<p><script src=\"chrome-extension:\/\/fpelahbljekknahkcaegamhcndkfpfnc\/iFrame.js\" type=\"text\/javascript\"><\/script><\/p>\n<p><script src=\"chrome-extension:\/\/fpelahbljekknahkcaegamhcndkfpfnc\/iFrame.js\" type=\"text\/javascript\"><\/script><\/p>\n<p><script src=\"chrome-extension:\/\/fpelahbljekknahkcaegamhcndkfpfnc\/iFrame.js\" type=\"text\/javascript\"><\/script><\/p>\n<p><script src=\"chrome-extension:\/\/fpelahbljekknahkcaegamhcndkfpfnc\/iFrame.js\" type=\"text\/javascript\"><\/script><\/p>\n","protected":false},"featured_media":6594,"comment_status":"open","ping_status":"closed","template":"","meta":[],"product_brand":[88],"product_cat":[68,76,139],"product_tag":[],"class_list":{"0":"post-4251","1":"product","2":"type-product","3":"status-publish","4":"has-post-thumbnail","6":"product_brand-samsung","7":"product_cat-smart-tv","8":"product_cat-televisions","9":"product_cat-tv-neo-qled","10":"pa_kich-co-man-hinh-tu-75-85-inch","12":"first","13":"instock","14":"shipping-taxable","15":"purchasable","16":"product-type-simple"},"_links":{"self":[{"href":"https:\/\/tivi-samsung.com\/index.php?rest_route=\/wp\/v2\/product\/4251","targetHints":{"allow":["GET"]}}],"collection":[{"href":"https:\/\/tivi-samsung.com\/index.php?rest_route=\/wp\/v2\/product"}],"about":[{"href":"https:\/\/tivi-samsung.com\/index.php?rest_route=\/wp\/v2\/types\/product"}],"replies":[{"embeddable":true,"href":"https:\/\/tivi-samsung.com\/index.php?rest_route=%2Fwp%2Fv2%2Fcomments&post=4251"}],"version-history":[{"count":9,"href":"https:\/\/tivi-samsung.com\/index.php?rest_route=\/wp\/v2\/product\/4251\/revisions"}],"predecessor-version":[{"id":8443,"href":"https:\/\/tivi-samsung.com\/index.php?rest_route=\/wp\/v2\/product\/4251\/revisions\/8443"}],"wp:featuredmedia":[{"embeddable":true,"href":"https:\/\/tivi-samsung.com\/index.php?rest_route=\/wp\/v2\/media\/6594"}],"wp:attachment":[{"href":"https:\/\/tivi-samsung.com\/index.php?rest_route=%2Fwp%2Fv2%2Fmedia&parent=4251"}],"wp:term":[{"taxonomy":"product_brand","embeddable":true,"href":"https:\/\/tivi-samsung.com\/index.php?rest_route=%2Fwp%2Fv2%2Fproduct_brand&post=4251"},{"taxonomy":"product_cat","embeddable":true,"href":"https:\/\/tivi-samsung.com\/index.php?rest_route=%2Fwp%2Fv2%2Fproduct_cat&post=4251"},{"taxonomy":"product_tag","embeddable":true,"href":"https:\/\/tivi-samsung.com\/index.php?rest_route=%2Fwp%2Fv2%2Fproduct_tag&post=4251"}],"curies":[{"name":"wp","href":"https:\/\/api.w.org\/{rel}","templated":true}]}}