{"id":4248,"date":"2025-09-16T16:02:34","date_gmt":"2025-09-16T16:02:34","guid":{"rendered":"https:\/\/tivi-samsung.com\/?post_type=product&#038;p=4248"},"modified":"2025-10-15T00:15:31","modified_gmt":"2025-10-14T17:15:31","slug":"smart-tivi-qled-samsung-ai-4k-75-inch-qa75q8f5","status":"publish","type":"product","link":"https:\/\/tivi-samsung.com\/?product=smart-tivi-qled-samsung-ai-4k-75-inch-qa75q8f5","title":{"rendered":"Smart Tivi QLED Samsung AI 4K 75 inch QA75Q8F5"},"content":{"rendered":"<p class=\"short-article__title\"><strong>\u0110\u1eb7c \u0111i\u1ec3m n\u1ed5i b\u1eadt<\/strong><\/p>\n<ul>\n<li data-end=\"74\" data-start=\"2\"><a href=\"https:\/\/tokoo.vn\/danh-muc\/samsung-tvs\/\" target=\"_blank\" rel=\"noopener\"><strong>Smart Tivi QLED\u00a075 inch<\/strong><\/a>\u00a0mang \u0111\u1ebfn ch\u1ea5t l\u01b0\u1ee3ng h\u00ecnh \u1ea3nh s\u1eafc n\u00e9t chu\u1ea9n\u00a0<strong>4K.<\/strong><\/li>\n<li data-end=\"165\" data-start=\"77\"><strong>B\u1ed9 x\u1eed l\u00fd Q4 AI Processor\u00a0<\/strong>t\u1ef1 \u0111\u1ed9ng n\u00e2ng c\u1ea5p n\u1ed9i dung l\u00ean chu\u1ea9n 4K b\u1eb1ng AI.<\/li>\n<li data-end=\"250\" data-start=\"168\">C\u00f4ng ngh\u1ec7<strong>\u00a0Supreme UHD Dimming<\/strong>\u00a0ki\u1ec3m so\u00e1t \u0111\u1ed9 t\u01b0\u01a1ng ph\u1ea3n, hi\u1ec3n th\u1ecb chi ti\u1ebft r\u00f5 n\u00e9t.<\/li>\n<li data-end=\"335\" data-start=\"253\"><strong>Color Booster Pro<\/strong>\u00a0t\u0103ng c\u01b0\u1eddng m\u00e0u s\u1eafc, gi\u00fap h\u00ecnh \u1ea3nh th\u00eam s\u1ed1ng \u0111\u1ed9ng v\u00e0 ch\u00e2n th\u1ef1c.<\/li>\n<li data-end=\"411\" data-start=\"338\">H\u1ed7 tr\u1ee3 t\u00ecm ki\u1ebfm b\u1eb1ng gi\u1ecdng n\u00f3i ti\u1ebfng Vi\u1ec7t nh\u1edd\u00a0<strong>tr\u1ee3 l\u00fd \u1ea3o Bixby<\/strong>\u00a0ti\u1ec7n l\u1ee3i.<\/li>\n<li data-end=\"498\" data-start=\"414\">\u00c2m thanh chuy\u1ec3n \u0111\u1ed9ng theo h\u00ecnh \u1ea3nh v\u1edbi c\u00f4ng ngh\u1ec7\u00a0<strong>Object Tracking Sound (OTS Lite).<\/strong><\/li>\n<li data-end=\"589\" data-start=\"501\"><strong>Remote th\u00f4ng minh<\/strong>\u00a0t\u00edch h\u1ee3p pin s\u1ea1c b\u1eb1ng \u00e1nh s\u00e1ng, \u0111i\u1ec1u khi\u1ec3n d\u1ec5 d\u00e0ng.<\/li>\n<\/ul>\n<p>&nbsp;<\/p>\n<p><script src=\"chrome-extension:\/\/fpelahbljekknahkcaegamhcndkfpfnc\/iFrame.js\" type=\"text\/javascript\"><\/script><\/p>\n","protected":false},"excerpt":{"rendered":"<p>&nbsp;<\/p>\n<p><script src=\"chrome-extension:\/\/fpelahbljekknahkcaegamhcndkfpfnc\/iFrame.js\" type=\"text\/javascript\"><\/script><\/p>\n<p><script src=\"chrome-extension:\/\/fpelahbljekknahkcaegamhcndkfpfnc\/iFrame.js\" type=\"text\/javascript\"><\/script><\/p>\n<p><script src=\"chrome-extension:\/\/fpelahbljekknahkcaegamhcndkfpfnc\/iFrame.js\" type=\"text\/javascript\"><\/script><\/p>\n<p><script src=\"chrome-extension:\/\/fpelahbljekknahkcaegamhcndkfpfnc\/iFrame.js\" type=\"text\/javascript\"><\/script><\/p>\n<p><script src=\"chrome-extension:\/\/fpelahbljekknahkcaegamhcndkfpfnc\/iFrame.js\" type=\"text\/javascript\"><\/script><\/p>\n<p><script src=\"chrome-extension:\/\/fpelahbljekknahkcaegamhcndkfpfnc\/iFrame.js\" type=\"text\/javascript\"><\/script><\/p>\n<p><script src=\"chrome-extension:\/\/fpelahbljekknahkcaegamhcndkfpfnc\/iFrame.js\" type=\"text\/javascript\"><\/script><\/p>\n<p><script src=\"chrome-extension:\/\/fpelahbljekknahkcaegamhcndkfpfnc\/iFrame.js\" type=\"text\/javascript\"><\/script><\/p>\n<p><script src=\"chrome-extension:\/\/fpelahbljekknahkcaegamhcndkfpfnc\/iFrame.js\" type=\"text\/javascript\"><\/script><\/p>\n","protected":false},"featured_media":4757,"comment_status":"open","ping_status":"closed","template":"","meta":[],"product_brand":[88],"product_cat":[94,152,68,76],"product_tag":[],"class_list":{"0":"post-4248","1":"product","2":"type-product","3":"status-publish","4":"has-post-thumbnail","6":"product_brand-samsung","7":"product_cat-qled-tv","8":"product_cat-samsung-q8f5-2025","9":"product_cat-smart-tv","10":"product_cat-televisions","11":"pa_kich-co-man-hinh-tu-75-85-inch","13":"first","14":"instock","15":"shipping-taxable","16":"purchasable","17":"product-type-simple"},"_links":{"self":[{"href":"https:\/\/tivi-samsung.com\/index.php?rest_route=\/wp\/v2\/product\/4248","targetHints":{"allow":["GET"]}}],"collection":[{"href":"https:\/\/tivi-samsung.com\/index.php?rest_route=\/wp\/v2\/product"}],"about":[{"href":"https:\/\/tivi-samsung.com\/index.php?rest_route=\/wp\/v2\/types\/product"}],"replies":[{"embeddable":true,"href":"https:\/\/tivi-samsung.com\/index.php?rest_route=%2Fwp%2Fv2%2Fcomments&post=4248"}],"version-history":[{"count":11,"href":"https:\/\/tivi-samsung.com\/index.php?rest_route=\/wp\/v2\/product\/4248\/revisions"}],"predecessor-version":[{"id":8445,"href":"https:\/\/tivi-samsung.com\/index.php?rest_route=\/wp\/v2\/product\/4248\/revisions\/8445"}],"wp:featuredmedia":[{"embeddable":true,"href":"https:\/\/tivi-samsung.com\/index.php?rest_route=\/wp\/v2\/media\/4757"}],"wp:attachment":[{"href":"https:\/\/tivi-samsung.com\/index.php?rest_route=%2Fwp%2Fv2%2Fmedia&parent=4248"}],"wp:term":[{"taxonomy":"product_brand","embeddable":true,"href":"https:\/\/tivi-samsung.com\/index.php?rest_route=%2Fwp%2Fv2%2Fproduct_brand&post=4248"},{"taxonomy":"product_cat","embeddable":true,"href":"https:\/\/tivi-samsung.com\/index.php?rest_route=%2Fwp%2Fv2%2Fproduct_cat&post=4248"},{"taxonomy":"product_tag","embeddable":true,"href":"https:\/\/tivi-samsung.com\/index.php?rest_route=%2Fwp%2Fv2%2Fproduct_tag&post=4248"}],"curies":[{"name":"wp","href":"https:\/\/api.w.org\/{rel}","templated":true}]}}