{"id":4245,"date":"2025-09-16T16:00:35","date_gmt":"2025-09-16T16:00:35","guid":{"rendered":"https:\/\/tivi-samsung.com\/?post_type=product&#038;p=4245"},"modified":"2025-10-15T00:17:08","modified_gmt":"2025-10-14T17:17:08","slug":"smart-tivi-qled-samsung-ai-4k-75-inch-qa75q80d","status":"publish","type":"product","link":"https:\/\/tivi-samsung.com\/?product=smart-tivi-qled-samsung-ai-4k-75-inch-qa75q80d","title":{"rendered":"Smart Tivi QLED Samsung AI 4K 75 inch QA75Q80D"},"content":{"rendered":"<p><strong>Th\u00f4ng tin s\u1ea3n ph\u1ea9m<\/strong><\/p>\n<p><a href=\"https:\/\/tokoo.vn\/danh-muc\/samsung-tvs\/\" target=\"_blank\" rel=\"noopener\"><strong>Smart Tivi QLED Samsung 4K 75 inch QA75Q80D<\/strong><\/a> tinh gi\u1ea3n trong thi\u1ebft k\u1ebf, khung h\u00ecnh 75 inch v\u1edbi \u0111\u1ed9 ph\u00e2n gi\u1ea3i<strong> 4K<\/strong> s\u1eafc n\u00e9t, b\u1ed9 x\u1eed l\u00fd <strong>AI NQ4<\/strong> th\u1ebf h\u1ec7 2, c\u00f4ng ngh\u1ec7 m\u00e0n h\u00ecnh ch\u1ea5m l\u01b0\u1ee3ng t\u1eed <strong>Quantum Dot, ch\u1ed1ng x\u00e9 h\u00ecnh FreeSync Premium Pro<\/strong>, c\u00f4ng ngh\u1ec7 \u00e2m thanh v\u00f2m <strong>Dolby Atmos<\/strong>, h\u1ec7 \u0111i\u1ec1u h\u00e0nh Tizen\u2122 \u0111a nhi\u1ec7m c\u00f9ng nhi\u1ec1u ti\u1ec7n \u00edch th\u00f4ng minh.<\/p>\n<p><strong>T\u1ed5ng quan thi\u1ebft k\u1ebf<\/strong><br \/>\n&#8211; <strong>Tivi Samsung QLED QA75Q80D<\/strong> c\u00f3 thi\u1ebft k\u1ebf t\u1ed1i gi\u1ea3n, m\u00e0n h\u00ecnh 75 inch, \u0111\u01b0\u1eddng vi\u1ec1n b\u1eb1ng kim lo\u1ea1i m\u00e0u \u0111en l\u00e0m n\u1ed5i b\u1eadt n\u1ed9i dung \u0111ang chi\u1ebfu tr\u00ean m\u00e0n h\u00ecnh.<\/p>\n<p>&#8211; Ph\u00f9 h\u1ee3p s\u1eed d\u1ee5ng trong nhi\u1ec1u kh\u00f4ng gian kh\u00e1c nhau nh\u01b0 ph\u00f2ng ng\u1ee7, ph\u00f2ng kh\u00e1ch, ph\u00f2ng l\u00e0m vi\u1ec7c,\u2026<\/p>\n<p>&#8211; Ch\u00e2n \u0111\u1ebf \u0111\u01b0\u1ee3c l\u00e0m t\u1eeb kim lo\u1ea1i ch\u1eafc ch\u1eafn, ti\u1ec7n l\u1ee3i \u0111\u1eb7t \u0111\u1ec3 tivi l\u00ean k\u1ec7 t\u1ee7, k\u1ec7 b\u00e0n,\u2026<\/p>\n<p><img fetchpriority=\"high\" decoding=\"async\" class=\"alignnone wp-image-5490\" src=\"https:\/\/tivi-samsung.com\/wp-content\/uploads\/2025\/09\/tivi-qled-samsung-4k-75-inch-qa75qn80d-thiet-ke-1-1020x570-1-300x168.png\" alt=\"\" width=\"1786\" height=\"1000\" srcset=\"https:\/\/tivi-samsung.com\/wp-content\/uploads\/2025\/09\/tivi-qled-samsung-4k-75-inch-qa75qn80d-thiet-ke-1-1020x570-1-300x168.png 300w, https:\/\/tivi-samsung.com\/wp-content\/uploads\/2025\/09\/tivi-qled-samsung-4k-75-inch-qa75qn80d-thiet-ke-1-1020x570-1-768x429.png 768w, https:\/\/tivi-samsung.com\/wp-content\/uploads\/2025\/09\/tivi-qled-samsung-4k-75-inch-qa75qn80d-thiet-ke-1-1020x570-1-450x251.png 450w, https:\/\/tivi-samsung.com\/wp-content\/uploads\/2025\/09\/tivi-qled-samsung-4k-75-inch-qa75qn80d-thiet-ke-1-1020x570-1-600x335.png 600w, https:\/\/tivi-samsung.com\/wp-content\/uploads\/2025\/09\/tivi-qled-samsung-4k-75-inch-qa75qn80d-thiet-ke-1-1020x570-1-150x84.png 150w, https:\/\/tivi-samsung.com\/wp-content\/uploads\/2025\/09\/tivi-qled-samsung-4k-75-inch-qa75qn80d-thiet-ke-1-1020x570-1.png 1020w\" sizes=\"(max-width: 1786px) 100vw, 1786px\" \/><\/p>\n<p><strong>C\u00f4ng ngh\u1ec7 h\u00ecnh \u1ea3nh<\/strong><br \/>\n&#8211; \u0110\u1ed9 ph\u00e2n gi\u1ea3i <strong>4K (Ultra HD)<\/strong> s\u1eafc n\u00e9t, m\u1eadt \u0111\u1ed9 \u0111i\u1ec3m \u1ea3nh cao gi\u00fap t\u00e1i hi\u1ec7n c\u00e1c th\u01b0\u1edbc phim s\u1ed1ng \u0111\u1ed9ng, chi ti\u1ebft.<\/p>\n<p>&#8211; B\u1ed9 x\u1eed l\u00fd <strong>AI NQ4<\/strong> th\u1ebf h\u1ec7 2 gi\u00fap n\u00e2ng c\u1ea5p ch\u1ea5t l\u01b0\u1ee3ng h\u00ecnh \u1ea3nh, ng\u01b0\u1eddi d\u00f9ng s\u1ebd \u0111\u01b0\u1ee3c th\u01b0\u1edfng th\u1ee9c nh\u1eefng khung h\u00ecnh s\u1eafc n\u00e9t \u0111\u1ea7y sinh \u0111\u1ed9ng.<\/p>\n<p>&#8211; C\u00f4ng ngh\u1ec7 <strong>Supreme UHD Dimming<\/strong> gi\u00fap t\u0103ng \u0111\u1ed9 s\u00e1ng, l\u1ecdc h\u00ecnh \u1ea3nh tr\u1edf n\u00ean s\u1ed1ng \u0111\u1ed9ng h\u01a1n.<\/p>\n<p>&#8211; <strong>Quantum Dot<\/strong> hi\u1ec3n th\u1ecb 100% d\u1ea3i s\u1eafc m\u00e0u, duy tr\u00ec \u0111\u1ed9 s\u00e1ng v\u00e0 \u0111\u1ed9 s\u1ed1ng \u0111\u1ed9ng cho m\u00e0u s\u1eafc.<\/p>\n<p>&#8211; Chuy\u1ec3n \u0111\u1ed9ng m\u01b0\u1ee3t <strong>Motion Xcelerator 120 Hz<\/strong> gi\u00fap n\u00e2ng cao \u0111\u1ed9 r\u00f5 n\u00e9t c\u1ee7a chuy\u1ec3n \u0111\u1ed9ng nh\u1eb1m b\u1eaft tr\u1ecdn m\u1ecdi h\u00e0nh \u0111\u1ed9ng nhanh, chinh ph\u1ee5c c\u00e1c tr\u1eadn game m\u01b0\u1ee3t m\u00e0.<\/p>\n<p>&#8211; <strong>Super Ultra Wide Game View &amp; Game Ba<\/strong>r t\u1eadn h\u01b0\u1edfng tr\u1ea3i nghi\u1ec7m \u0111\u1eafm ch\u00ecm \u0111a d\u1ea1ng t\u1ef7 l\u1ec7 m\u00e0n h\u00ecnh gi\u00fap ng\u01b0\u1eddi ch\u01a1i c\u00f3 c\u00e1i nh\u00ecn bao qu\u00e1t, mang \u0111\u1ebfn tr\u1ea3i nghi\u1ec7m ch\u01a1i game \u0111\u1ec9nh cao. <strong>Wide Viewing Angle<\/strong> cho g\u00f3c nh\u00ecn r\u1ed9ng, m\u00e0u s\u1eafc ch\u00e2n th\u1eadt, kh\u00f4ng b\u1ecb nhi\u1ec5u m\u00e0u khi ng\u1ed3i \u1edf b\u1ea5t k\u1ef3 v\u1ecb tr\u00ed n\u00e0o.<\/p>\n<p>&#8211; <strong>Auto Low Latency Mode (ALLM)<\/strong> t\u1ef1 \u0111\u1ed9ng gi\u1ea3m thi\u1ec3u \u0111\u1ed9 tr\u1ec5 ch\u01a1i game, hi\u1ec7u \u1ee9ng ph\u1ea3n h\u1ed3i nh\u1ea1y b\u00e9n h\u01a1n, ch\u01a1i game m\u01b0\u1ee3t m\u00e0 kh\u00f4ng b\u1ecb gi\u1eadt, lag.<\/p>\n<p><img decoding=\"async\" class=\"alignnone wp-image-5110\" src=\"https:\/\/tivi-samsung.com\/wp-content\/uploads\/2025\/09\/smart-tivi-qled-4k-75-inch-samsung-qa75q60c-210323-031944-300x168.jpg\" alt=\"\" width=\"1786\" height=\"1000\" srcset=\"https:\/\/tivi-samsung.com\/wp-content\/uploads\/2025\/09\/smart-tivi-qled-4k-75-inch-samsung-qa75q60c-210323-031944-300x168.jpg 300w, https:\/\/tivi-samsung.com\/wp-content\/uploads\/2025\/09\/smart-tivi-qled-4k-75-inch-samsung-qa75q60c-210323-031944-768x429.jpg 768w, https:\/\/tivi-samsung.com\/wp-content\/uploads\/2025\/09\/smart-tivi-qled-4k-75-inch-samsung-qa75q60c-210323-031944-450x251.jpg 450w, https:\/\/tivi-samsung.com\/wp-content\/uploads\/2025\/09\/smart-tivi-qled-4k-75-inch-samsung-qa75q60c-210323-031944-600x335.jpg 600w, https:\/\/tivi-samsung.com\/wp-content\/uploads\/2025\/09\/smart-tivi-qled-4k-75-inch-samsung-qa75q60c-210323-031944-150x84.jpg 150w, https:\/\/tivi-samsung.com\/wp-content\/uploads\/2025\/09\/smart-tivi-qled-4k-75-inch-samsung-qa75q60c-210323-031944.jpg 1020w\" sizes=\"(max-width: 1786px) 100vw, 1786px\" \/><\/p>\n<p>&#8211; <strong>Ambient Mode+<\/strong> l\u00e0 m\u1ed9t ch\u1ebf \u0111\u1ed9 thay \u0111\u1ed5i m\u00e0n h\u00ecnh hi\u1ec3n th\u1ecb c\u1ee7a tivi khi kh\u00f4ng s\u1eed d\u1ee5ng, bi\u1ebfn tivi tr\u1edf th\u00e0nh \u0111\u1ed3 trang tr\u00ed thay v\u00ec m\u00f3n \u0111\u1ed3 \u0111i\u1ec7n t\u1eed th\u00f4ng th\u01b0\u1eddng.<\/p>\n<p><img decoding=\"async\" class=\"alignnone wp-image-5109\" src=\"https:\/\/tivi-samsung.com\/wp-content\/uploads\/2025\/09\/smart-tivi-qled-4k-75-inch-samsung-qa75q60c-160323-091054-300x168.jpg\" alt=\"\" width=\"1789\" height=\"1002\" srcset=\"https:\/\/tivi-samsung.com\/wp-content\/uploads\/2025\/09\/smart-tivi-qled-4k-75-inch-samsung-qa75q60c-160323-091054-300x168.jpg 300w, https:\/\/tivi-samsung.com\/wp-content\/uploads\/2025\/09\/smart-tivi-qled-4k-75-inch-samsung-qa75q60c-160323-091054-768x429.jpg 768w, https:\/\/tivi-samsung.com\/wp-content\/uploads\/2025\/09\/smart-tivi-qled-4k-75-inch-samsung-qa75q60c-160323-091054-450x251.jpg 450w, https:\/\/tivi-samsung.com\/wp-content\/uploads\/2025\/09\/smart-tivi-qled-4k-75-inch-samsung-qa75q60c-160323-091054-600x335.jpg 600w, https:\/\/tivi-samsung.com\/wp-content\/uploads\/2025\/09\/smart-tivi-qled-4k-75-inch-samsung-qa75q60c-160323-091054-150x84.jpg 150w, https:\/\/tivi-samsung.com\/wp-content\/uploads\/2025\/09\/smart-tivi-qled-4k-75-inch-samsung-qa75q60c-160323-091054.jpg 1020w\" sizes=\"(max-width: 1789px) 100vw, 1789px\" \/><\/p>\n<p><strong>C\u00f4ng ngh\u1ec7 \u00e2m thanh<\/strong><br \/>\n&#8211; Tivi c\u00f3 t\u1ed5ng c\u00f4ng su\u1ea5t loa 40W.<\/p>\n<p>&#8211; C\u00f4ng ngh\u1ec7 \u00e2m thanh v\u00f2m <strong>Dolby Atmos<\/strong> t\u1ea1o ra \u00e2m thanh ph\u00e1t ra t\u1eeb nhi\u1ec1u h\u01b0\u1edbng, t\u1eadn h\u01b0\u1edfng nh\u1eefng b\u1ed9 phim kinh \u0111i\u1ec3n nh\u01b0 \u0111ang xem ngay t\u1ea1i r\u1ea1p chi\u1ebfu phim.<\/p>\n<p>&#8211; C\u00f4ng ngh\u1ec7 <strong>Object Tracking Sound Lite (OTS Lite)<\/strong> ph\u00e1t hi\u1ec7n chuy\u1ec3n \u0111\u1ed9ng c\u1ee7a v\u1eadt th\u1ec3 tr\u00ean m\u00e0n h\u00ecnh tivi, t\u1ef1 \u0111\u1ed9ng \u0111i\u1ec1u ch\u1ec9nh \u00e2m thanh theo chuy\u1ec3n \u0111\u1ed9ng c\u1ee7a h\u00ecnh \u1ea3nh.<\/p>\n<p>&#8211; <strong>Q-Symphony Next<\/strong> k\u1ebft h\u1ee3p loa tivi v\u1edbi loa thanh b\u1eb1ng AI.<\/p>\n<p>&#8211; <strong>Far Field Voice<\/strong> t\u00ecm ki\u1ebfm gi\u1ecdng n\u00f3i t\u1eeb xa.<\/p>\n<p>&#8211; <strong>Active Voice Amplifier<\/strong> \u0111i\u1ec1u ch\u1ec9nh \u00e2m h\u1ed9i tho\u1ea1i theo m\u00f4i tr\u01b0\u1eddng.<\/p>\n<p>&#8211; C\u00f4ng ngh\u1ec7 <strong>Adaptive Sound Pro<\/strong> t\u1ed1i \u01b0u ch\u1ea5t \u00e2m d\u1ef1a v\u00e0o kh\u00f4ng gian, n\u1ed9i dung \u00e2m thanh \u0111em \u0111\u1ebfn tr\u1ea3i nghi\u1ec7m \u00e2m thanh s\u1ed1ng \u0111\u1ed9ng, c\u00e2n b\u1eb1ng v\u1edbi gi\u1ecdng tho\u1ea1i r\u00f5 r\u00e0ng.<\/p>\n<p><img loading=\"lazy\" decoding=\"async\" class=\"alignnone wp-image-5491\" src=\"https:\/\/tivi-samsung.com\/wp-content\/uploads\/2025\/09\/tivi-qled-samsung-4k-75-inch-qa75qn80d-cong-nghe-am-thanh-1020x570-1-300x168.jpg\" alt=\"\" width=\"1787\" height=\"1001\" srcset=\"https:\/\/tivi-samsung.com\/wp-content\/uploads\/2025\/09\/tivi-qled-samsung-4k-75-inch-qa75qn80d-cong-nghe-am-thanh-1020x570-1-300x168.jpg 300w, https:\/\/tivi-samsung.com\/wp-content\/uploads\/2025\/09\/tivi-qled-samsung-4k-75-inch-qa75qn80d-cong-nghe-am-thanh-1020x570-1-768x429.jpg 768w, https:\/\/tivi-samsung.com\/wp-content\/uploads\/2025\/09\/tivi-qled-samsung-4k-75-inch-qa75qn80d-cong-nghe-am-thanh-1020x570-1-450x251.jpg 450w, https:\/\/tivi-samsung.com\/wp-content\/uploads\/2025\/09\/tivi-qled-samsung-4k-75-inch-qa75qn80d-cong-nghe-am-thanh-1020x570-1-600x335.jpg 600w, https:\/\/tivi-samsung.com\/wp-content\/uploads\/2025\/09\/tivi-qled-samsung-4k-75-inch-qa75qn80d-cong-nghe-am-thanh-1020x570-1-150x84.jpg 150w, https:\/\/tivi-samsung.com\/wp-content\/uploads\/2025\/09\/tivi-qled-samsung-4k-75-inch-qa75qn80d-cong-nghe-am-thanh-1020x570-1.jpg 1020w\" sizes=\"(max-width: 1787px) 100vw, 1787px\" \/><\/p>\n<p><strong>H\u1ec7 \u0111i\u1ec1u h\u00e0nh<\/strong><br \/>\n&#8211; Tivi Samsung n\u00e0y \u0111\u01b0\u1ee3c thi\u1ebft l\u1eadp h\u1ec7 \u0111i\u1ec1u h\u00e0nh <strong>Tizen\u2122<\/strong> c\u00f3 giao di\u1ec7n m\u00e0n h\u00ecnh d\u1ec5 s\u1eed d\u1ee5ng.<\/p>\n<p>&#8211; T\u00edch h\u1ee3p s\u1eb5n nhi\u1ec1u \u1ee9ng d\u1ee5ng ph\u1ed5 bi\u1ebfn nh\u01b0 <strong>YouTube, FPT Play, Clip TV, MyTV, Spotify, Netflix,\u2026<\/strong><\/p>\n<p><img loading=\"lazy\" decoding=\"async\" class=\"alignnone wp-image-5422\" src=\"https:\/\/tivi-samsung.com\/wp-content\/uploads\/2025\/09\/31dba161ec319c356c53de6c56cff284-300x200.jpg\" alt=\"\" width=\"1766\" height=\"1177\" srcset=\"https:\/\/tivi-samsung.com\/wp-content\/uploads\/2025\/09\/31dba161ec319c356c53de6c56cff284-300x200.jpg 300w, https:\/\/tivi-samsung.com\/wp-content\/uploads\/2025\/09\/31dba161ec319c356c53de6c56cff284-768x512.jpg 768w, https:\/\/tivi-samsung.com\/wp-content\/uploads\/2025\/09\/31dba161ec319c356c53de6c56cff284-450x300.jpg 450w, https:\/\/tivi-samsung.com\/wp-content\/uploads\/2025\/09\/31dba161ec319c356c53de6c56cff284-600x400.jpg 600w, https:\/\/tivi-samsung.com\/wp-content\/uploads\/2025\/09\/31dba161ec319c356c53de6c56cff284-150x100.jpg 150w, https:\/\/tivi-samsung.com\/wp-content\/uploads\/2025\/09\/31dba161ec319c356c53de6c56cff284.jpg 1020w\" sizes=\"(max-width: 1766px) 100vw, 1766px\" \/><\/p>\n<p><strong>Ti\u1ec7n \u00edch<\/strong><br \/>\n&#8211; N\u00e2ng t\u1ea7m tr\u1ea3i nghi\u1ec7m v\u1edbi t\u00ednh n\u0103ng \u0111i\u1ec1u khi\u1ec3n b\u1eb1ng gi\u1ecdng n\u00f3i v\u1edbi Bixby c\u00f3 h\u1ed7 tr\u1ee3 ti\u1ebfng Vi\u1ec7t.<\/p>\n<p>&#8211; \u0110i\u1ec1u khi\u1ec3n tivi b\u1eb1ng \u0111i\u1ec7n tho\u1ea1i qua \u1ee9ng d\u1ee5ng <strong>SmartThings.<\/strong><\/p>\n<p>&#8211; Tr\u00ecnh chi\u1ebfu n\u1ed9i dung, h\u00ecnh \u1ea3nh, video t\u1eeb m\u00e0n h\u00ecnh \u0111i\u1ec7n tho\u1ea1i l\u00ean tivi v\u1edbi <strong>AirPlay 2.<\/strong><\/p>\n<p>&#8211; Trang b\u1ecb remote th\u00f4ng minh, c\u00f3 th\u1ec3 s\u1ea1c pin n\u0103ng l\u01b0\u1ee3ng m\u1eb7t tr\u1eddi <strong>Solar Cell Remote<\/strong>, th\u00e2n thi\u1ec7n v\u1edbi m\u00f4i tr\u01b0\u1eddng.<\/p>\n<p>&#8211; Chia nh\u1ecf m\u00e0n h\u00ecnh tivi v\u1edbi <strong>Multi View<\/strong>, gi\u00fap b\u1ea1n xem \u0111a d\u1ea1ng n\u1ed9i dung c\u00f9ng l\u00fac m\u00e0 kh\u00f4ng c\u1ea7n chuy\u1ec3n t\u1ea7m m\u1eaft c\u1ee7a m\u00ecnh.<\/p>\n<p><img loading=\"lazy\" decoding=\"async\" class=\"alignnone wp-image-5178\" src=\"https:\/\/tivi-samsung.com\/wp-content\/uploads\/2025\/09\/smart-tivi-qled-4k-50-inch-samsung-qa50q80c-200323-100637-300x168.jpg\" alt=\"\" width=\"1757\" height=\"984\" srcset=\"https:\/\/tivi-samsung.com\/wp-content\/uploads\/2025\/09\/smart-tivi-qled-4k-50-inch-samsung-qa50q80c-200323-100637-300x168.jpg 300w, https:\/\/tivi-samsung.com\/wp-content\/uploads\/2025\/09\/smart-tivi-qled-4k-50-inch-samsung-qa50q80c-200323-100637-768x429.jpg 768w, https:\/\/tivi-samsung.com\/wp-content\/uploads\/2025\/09\/smart-tivi-qled-4k-50-inch-samsung-qa50q80c-200323-100637-450x251.jpg 450w, https:\/\/tivi-samsung.com\/wp-content\/uploads\/2025\/09\/smart-tivi-qled-4k-50-inch-samsung-qa50q80c-200323-100637-600x335.jpg 600w, https:\/\/tivi-samsung.com\/wp-content\/uploads\/2025\/09\/smart-tivi-qled-4k-50-inch-samsung-qa50q80c-200323-100637-150x84.jpg 150w, https:\/\/tivi-samsung.com\/wp-content\/uploads\/2025\/09\/smart-tivi-qled-4k-50-inch-samsung-qa50q80c-200323-100637.jpg 1020w\" sizes=\"(max-width: 1757px) 100vw, 1757px\" \/><\/p>\n<p><em>Nh\u00ecn chung, Tivi <strong>QLED Samsung 4K 75 inch QA75Q80D<\/strong> v\u1edbi thi\u1ebft k\u1ebf tinh t\u1ebf, b\u1ed9 x\u1eed l\u00fd h\u00ecnh \u1ea3nh AI NQ4 th\u1ebf h\u1ec7 2, m\u00e0n h\u00ecnh 75 inch, \u0111\u1ed9 ph\u00e2n gi\u1ea3i 4K s\u1eafc n\u00e9t, c\u00f9ng nhi\u1ec1u c\u00f4ng ngh\u1ec7 h\u00ecnh \u1ea3nh, \u00e2m thanh hi\u1ec7n \u0111\u1ea1i mang \u0111\u1ebfn tr\u1ea3i nghi\u1ec7m xem phim ho\u00e0n h\u1ea3o, \u00e2m thanh s\u1ed1ng \u0111\u1ed9ng, ch\u00e2n th\u1ef1c \u0111\u1ebfn t\u1eebng ph\u00fat gi\u00e2y. \u0110i k\u00e8m theo \u0111\u00f3 l\u00e0 c\u00e1c ti\u1ec7n \u00edch th\u00f4ng minh nh\u01b0 \u0111i\u1ec1u khi\u1ec3n tivi b\u1eb1ng gi\u1ecdng n\u00f3i, \u1ee9ng d\u1ee5ng SmartThings, remote th\u00f4ng minh,\u2026 \u0110\u00e2y s\u1ebd l\u00e0 s\u1ea3n ph\u1ea9m \u0111\u00e1ng c\u00e2n nh\u1eafc trong ng\u00f4i nh\u00e0 c\u1ee7a b\u1ea1n.<\/em><\/p>\n<p>&nbsp;<\/p>\n<p><script src=\"chrome-extension:\/\/fpelahbljekknahkcaegamhcndkfpfnc\/iFrame.js\" type=\"text\/javascript\"><\/script><\/p>\n","protected":false},"excerpt":{"rendered":"<p>&nbsp;<\/p>\n<p><script src=\"chrome-extension:\/\/fpelahbljekknahkcaegamhcndkfpfnc\/iFrame.js\" type=\"text\/javascript\"><\/script><\/p>\n<p><script src=\"chrome-extension:\/\/fpelahbljekknahkcaegamhcndkfpfnc\/iFrame.js\" type=\"text\/javascript\"><\/script><\/p>\n<p><script src=\"chrome-extension:\/\/fpelahbljekknahkcaegamhcndkfpfnc\/iFrame.js\" type=\"text\/javascript\"><\/script><\/p>\n<p><script src=\"chrome-extension:\/\/fpelahbljekknahkcaegamhcndkfpfnc\/iFrame.js\" type=\"text\/javascript\"><\/script><\/p>\n<p><script src=\"chrome-extension:\/\/fpelahbljekknahkcaegamhcndkfpfnc\/iFrame.js\" type=\"text\/javascript\"><\/script><\/p>\n<p><script src=\"chrome-extension:\/\/fpelahbljekknahkcaegamhcndkfpfnc\/iFrame.js\" type=\"text\/javascript\"><\/script><\/p>\n<p><script src=\"chrome-extension:\/\/fpelahbljekknahkcaegamhcndkfpfnc\/iFrame.js\" type=\"text\/javascript\"><\/script><\/p>\n<p><script src=\"chrome-extension:\/\/fpelahbljekknahkcaegamhcndkfpfnc\/iFrame.js\" type=\"text\/javascript\"><\/script><\/p>\n","protected":false},"featured_media":4803,"comment_status":"open","ping_status":"closed","template":"","meta":[],"product_brand":[88],"product_cat":[157,94,68,76],"product_tag":[],"class_list":{"0":"post-4245","1":"product","2":"type-product","3":"status-publish","4":"has-post-thumbnail","6":"product_brand-samsung","7":"product_cat-q80d-2024","8":"product_cat-qled-tv","9":"product_cat-smart-tv","10":"product_cat-televisions","11":"pa_kich-co-man-hinh-tu-75-85-inch","13":"first","14":"instock","15":"shipping-taxable","16":"purchasable","17":"product-type-simple"},"_links":{"self":[{"href":"https:\/\/tivi-samsung.com\/index.php?rest_route=\/wp\/v2\/product\/4245","targetHints":{"allow":["GET"]}}],"collection":[{"href":"https:\/\/tivi-samsung.com\/index.php?rest_route=\/wp\/v2\/product"}],"about":[{"href":"https:\/\/tivi-samsung.com\/index.php?rest_route=\/wp\/v2\/types\/product"}],"replies":[{"embeddable":true,"href":"https:\/\/tivi-samsung.com\/index.php?rest_route=%2Fwp%2Fv2%2Fcomments&post=4245"}],"version-history":[{"count":10,"href":"https:\/\/tivi-samsung.com\/index.php?rest_route=\/wp\/v2\/product\/4245\/revisions"}],"predecessor-version":[{"id":8446,"href":"https:\/\/tivi-samsung.com\/index.php?rest_route=\/wp\/v2\/product\/4245\/revisions\/8446"}],"wp:featuredmedia":[{"embeddable":true,"href":"https:\/\/tivi-samsung.com\/index.php?rest_route=\/wp\/v2\/media\/4803"}],"wp:attachment":[{"href":"https:\/\/tivi-samsung.com\/index.php?rest_route=%2Fwp%2Fv2%2Fmedia&parent=4245"}],"wp:term":[{"taxonomy":"product_brand","embeddable":true,"href":"https:\/\/tivi-samsung.com\/index.php?rest_route=%2Fwp%2Fv2%2Fproduct_brand&post=4245"},{"taxonomy":"product_cat","embeddable":true,"href":"https:\/\/tivi-samsung.com\/index.php?rest_route=%2Fwp%2Fv2%2Fproduct_cat&post=4245"},{"taxonomy":"product_tag","embeddable":true,"href":"https:\/\/tivi-samsung.com\/index.php?rest_route=%2Fwp%2Fv2%2Fproduct_tag&post=4245"}],"curies":[{"name":"wp","href":"https:\/\/api.w.org\/{rel}","templated":true}]}}