{"id":4242,"date":"2025-09-16T15:57:51","date_gmt":"2025-09-16T15:57:51","guid":{"rendered":"https:\/\/tivi-samsung.com\/?post_type=product&#038;p=4242"},"modified":"2025-10-15T00:17:57","modified_gmt":"2025-10-14T17:17:57","slug":"smart-tivi-neo-qled-samsung-ai-4k-75-inch-qa75qn90d","status":"publish","type":"product","link":"https:\/\/tivi-samsung.com\/?product=smart-tivi-neo-qled-samsung-ai-4k-75-inch-qa75qn90d","title":{"rendered":"Smart Tivi Neo QLED Samsung AI 4K 75 inch QA75QN90D"},"content":{"rendered":"<p><strong>Th\u00f4ng tin s\u1ea3n ph\u1ea9m<\/strong><\/p>\n<p><a href=\"https:\/\/tokoo.vn\/danh-muc\/samsung-tvs\/\" target=\"_blank\" rel=\"noopener\"><strong>Smart Tivi Neo QLED Samsung 4K 75 inch QA75QN90D<\/strong> <\/a>t\u1ed1i \u01b0u n\u1ed9i dung 4K v\u1edbi b\u1ed9 x\u1eed l\u00fd <strong>AI NQ4<\/strong> th\u1ebf h\u1ec7 2 t\u00e2n ti\u1ebfn, c\u00f4ng ngh\u1ec7 <strong>Quantum Matrix Technology<\/strong> t\u00e1i hi\u1ec7n c\u00e1c chi ti\u1ebft \u1ea9n chu\u1ea9n x\u00e1c, t\u1eadn h\u01b0\u1edfng \u00e2m thanh theo d\u1ea5u h\u00e0nh \u0111\u1ed9ng ch\u00e2n th\u1ef1c c\u00f9ng c\u00f4ng ngh\u1ec7 <strong>OTS+<\/strong>, chi\u1ebfn game b\u1ee9t ph\u00e1 v\u1edbi t\u1ea7n s\u1ed1 qu\u00e9t <strong>144 Hz<\/strong> tr\u00ean m\u00e0n h\u00ecnh <strong>75 inch.<\/strong><\/p>\n<p><strong>T\u1ed5ng quan thi\u1ebft k\u1ebf<\/strong><br \/>\n&#8211; <strong>Samsung 4K 75 inch QA75QN90D<\/strong> g\u00f3p ph\u1ea7n n\u00e2ng t\u1ea7m phong c\u00e1ch cho gia ch\u1ee7, t\u00f4 \u0111i\u1ec3m kh\u00f4ng gian n\u1ed9i th\u1ea5t th\u00eam sang tr\u1ecdng v\u1edbi thi\u1ebft k\u1ebf m\u1ecfng, ki\u1ec3u d\u00e1ng<strong> NeoSlim<\/strong> thanh l\u1ecbch.<\/p>\n<p>&#8211; Nh\u1eefng c\u0103n ph\u00f2ng c\u00f3 di\u1ec7n t\u00edch r\u1ed9ng r\u00e3i r\u1ea5t th\u00edch h\u1ee3p \u0111\u1ec3 b\u1ed1 tr\u00ed m\u1eabu tivi s\u1edf h\u1eefu k\u00edch c\u1ee1 m\u00e0n h\u00ecnh <strong>75 inch<\/strong> n\u00e0y.<\/p>\n<p>&#8211; Ch\u00e2n \u0111\u1ebf ch\u1ea5t li\u1ec7u kim lo\u1ea1i c\u1ee9ng r\u1eafn, c\u00f3 t\u00ednh ch\u1ed1ng ch\u1ecbu t\u1ed1t, s\u1eed d\u1ee5ng b\u1ec1n n\u00ean gi\u00fap gi\u1eef tivi \u0111\u1eb7t tr\u00ean k\u1ec7 t\u1ee7 v\u1eefng v\u00e0ng.<\/p>\n<p><img fetchpriority=\"high\" decoding=\"async\" class=\"alignnone wp-image-5417\" src=\"https:\/\/tivi-samsung.com\/wp-content\/uploads\/2025\/09\/tivi-neo-qled-samsung-4k-85-inch-qa85qn90d-1-1020x570-1-300x168.jpg\" alt=\"\" width=\"1854\" height=\"1038\" srcset=\"https:\/\/tivi-samsung.com\/wp-content\/uploads\/2025\/09\/tivi-neo-qled-samsung-4k-85-inch-qa85qn90d-1-1020x570-1-300x168.jpg 300w, https:\/\/tivi-samsung.com\/wp-content\/uploads\/2025\/09\/tivi-neo-qled-samsung-4k-85-inch-qa85qn90d-1-1020x570-1-768x429.jpg 768w, https:\/\/tivi-samsung.com\/wp-content\/uploads\/2025\/09\/tivi-neo-qled-samsung-4k-85-inch-qa85qn90d-1-1020x570-1-450x251.jpg 450w, https:\/\/tivi-samsung.com\/wp-content\/uploads\/2025\/09\/tivi-neo-qled-samsung-4k-85-inch-qa85qn90d-1-1020x570-1-600x335.jpg 600w, https:\/\/tivi-samsung.com\/wp-content\/uploads\/2025\/09\/tivi-neo-qled-samsung-4k-85-inch-qa85qn90d-1-1020x570-1-150x84.jpg 150w, https:\/\/tivi-samsung.com\/wp-content\/uploads\/2025\/09\/tivi-neo-qled-samsung-4k-85-inch-qa85qn90d-1-1020x570-1.jpg 1020w\" sizes=\"(max-width: 1854px) 100vw, 1854px\" \/><\/p>\n<p><strong>C\u00f4ng ngh\u1ec7 h\u00ecnh \u1ea3nh<\/strong><br \/>\n&#8211; H\u00ecnh \u1ea3nh th\u1ec3 hi\u1ec7n v\u1edbi \u0111\u1ed9 ph\u00e2n gi\u1ea3i 4K s\u1eafc n\u00e9t v\u00e0 sinh \u0111\u1ed9ng trong t\u1eebng chi ti\u1ebft.<\/p>\n<p>&#8211; S\u1ee9c m\u1ea1nh c\u1ee7a b\u1ed9 x\u1eed l\u00fd<strong> AI NQ4<\/strong> th\u1ebf h\u1ec7 2 \u0111em \u0111\u1ebfn tr\u1ea3i nghi\u1ec7m n\u1ed9i dung 4K \u1ea5n t\u01b0\u1ee3ng, c\u00f4ng ngh\u1ec7 <strong>4K AI Upscaling<\/strong> c\u00f9ng 20 m\u1ea1ng m\u00f4 ph\u1ecfng th\u1ea7n kinh gi\u00fap n\u00e2ng c\u1ea5p khung h\u00ecnh l\u00ean \u0111\u1ed9 ph\u00e2n gi\u1ea3i 4K m\u01b0\u1ee3t m\u00e0, r\u00f5 r\u00e0ng h\u01a1n.<\/p>\n<p><img decoding=\"async\" class=\"alignnone wp-image-5459\" src=\"https:\/\/tivi-samsung.com\/wp-content\/uploads\/2025\/09\/smart-tivi-neo-qled-samsung-ai-4k-85-inch-qa85qn70f-2-1020x570-1-300x168.jpg\" alt=\"\" width=\"1848\" height=\"1035\" srcset=\"https:\/\/tivi-samsung.com\/wp-content\/uploads\/2025\/09\/smart-tivi-neo-qled-samsung-ai-4k-85-inch-qa85qn70f-2-1020x570-1-300x168.jpg 300w, https:\/\/tivi-samsung.com\/wp-content\/uploads\/2025\/09\/smart-tivi-neo-qled-samsung-ai-4k-85-inch-qa85qn70f-2-1020x570-1-768x429.jpg 768w, https:\/\/tivi-samsung.com\/wp-content\/uploads\/2025\/09\/smart-tivi-neo-qled-samsung-ai-4k-85-inch-qa85qn70f-2-1020x570-1-450x251.jpg 450w, https:\/\/tivi-samsung.com\/wp-content\/uploads\/2025\/09\/smart-tivi-neo-qled-samsung-ai-4k-85-inch-qa85qn70f-2-1020x570-1-600x335.jpg 600w, https:\/\/tivi-samsung.com\/wp-content\/uploads\/2025\/09\/smart-tivi-neo-qled-samsung-ai-4k-85-inch-qa85qn70f-2-1020x570-1-150x84.jpg 150w, https:\/\/tivi-samsung.com\/wp-content\/uploads\/2025\/09\/smart-tivi-neo-qled-samsung-ai-4k-85-inch-qa85qn70f-2-1020x570-1.jpg 1020w\" sizes=\"(max-width: 1848px) 100vw, 1848px\" \/><\/p>\n<p>&#8211;<strong> Quantum Matrix Technology<\/strong> v\u1edbi c\u00f4ng ngh\u1ec7 ki\u1ec3m so\u00e1t \u00e1nh s\u00e1ng<strong> Quantum Mini LED<\/strong> t\u00e1i t\u1ea1o n\u00ean h\u00ecnh \u1ea3nh c\u00f3 \u0111\u1ed9 chi ti\u1ebft cao d\u00f9 trong khung h\u00ecnh r\u1ef1c s\u00e1ng hay t\u1ed1i m\u00f9.<\/p>\n<p><img decoding=\"async\" class=\"alignnone wp-image-5419\" src=\"https:\/\/tivi-samsung.com\/wp-content\/uploads\/2025\/09\/tivi-neo-qled-samsung-4k-85-inch-qa85qn90d-3-1020x570-1-300x168.jpg\" alt=\"\" width=\"1848\" height=\"1035\" srcset=\"https:\/\/tivi-samsung.com\/wp-content\/uploads\/2025\/09\/tivi-neo-qled-samsung-4k-85-inch-qa85qn90d-3-1020x570-1-300x168.jpg 300w, https:\/\/tivi-samsung.com\/wp-content\/uploads\/2025\/09\/tivi-neo-qled-samsung-4k-85-inch-qa85qn90d-3-1020x570-1-768x429.jpg 768w, https:\/\/tivi-samsung.com\/wp-content\/uploads\/2025\/09\/tivi-neo-qled-samsung-4k-85-inch-qa85qn90d-3-1020x570-1-450x251.jpg 450w, https:\/\/tivi-samsung.com\/wp-content\/uploads\/2025\/09\/tivi-neo-qled-samsung-4k-85-inch-qa85qn90d-3-1020x570-1-600x335.jpg 600w, https:\/\/tivi-samsung.com\/wp-content\/uploads\/2025\/09\/tivi-neo-qled-samsung-4k-85-inch-qa85qn90d-3-1020x570-1-150x84.jpg 150w, https:\/\/tivi-samsung.com\/wp-content\/uploads\/2025\/09\/tivi-neo-qled-samsung-4k-85-inch-qa85qn90d-3-1020x570-1.jpg 1020w\" sizes=\"(max-width: 1848px) 100vw, 1848px\" \/><\/p>\n<p>&#8211; C\u00f4ng ngh\u1ec7 <strong>Neo Quantum HDR+<\/strong> v\u1edbi \u0111\u1ed9 s\u00e1ng cao, m\u00e0u s\u1eafc s\u1ed1ng \u0111\u1ed9ng t\u1ea1o n\u00ean nh\u1eefng khung h\u00ecnh tr\u00e1ng l\u1ec7 trong t\u1eebng kho\u1ea3nh kh\u1eafc.<\/p>\n<p><img loading=\"lazy\" decoding=\"async\" class=\"alignnone wp-image-5288\" src=\"https:\/\/tivi-samsung.com\/wp-content\/uploads\/2025\/09\/tivi-neo-qled-samsung-4k-55-inch-qa55qn90d-3-1020x570-1-300x168.jpg\" alt=\"\" width=\"1843\" height=\"1032\" srcset=\"https:\/\/tivi-samsung.com\/wp-content\/uploads\/2025\/09\/tivi-neo-qled-samsung-4k-55-inch-qa55qn90d-3-1020x570-1-300x168.jpg 300w, https:\/\/tivi-samsung.com\/wp-content\/uploads\/2025\/09\/tivi-neo-qled-samsung-4k-55-inch-qa55qn90d-3-1020x570-1-768x429.jpg 768w, https:\/\/tivi-samsung.com\/wp-content\/uploads\/2025\/09\/tivi-neo-qled-samsung-4k-55-inch-qa55qn90d-3-1020x570-1-450x251.jpg 450w, https:\/\/tivi-samsung.com\/wp-content\/uploads\/2025\/09\/tivi-neo-qled-samsung-4k-55-inch-qa55qn90d-3-1020x570-1-600x335.jpg 600w, https:\/\/tivi-samsung.com\/wp-content\/uploads\/2025\/09\/tivi-neo-qled-samsung-4k-55-inch-qa55qn90d-3-1020x570-1-150x84.jpg 150w, https:\/\/tivi-samsung.com\/wp-content\/uploads\/2025\/09\/tivi-neo-qled-samsung-4k-55-inch-qa55qn90d-3-1020x570-1.jpg 1020w\" sizes=\"(max-width: 1843px) 100vw, 1843px\" \/><\/p>\n<p>&#8211; <strong>AI Customization Mode<\/strong> gi\u00fap t\u1ed1i \u01b0u c\u00e0i \u0111\u1eb7t khung h\u00ecnh d\u1ef1a tr\u00ean t\u1eebng n\u1ed9i dung m\u1ed9t c\u00e1ch tr\u1ef1c quan.<\/p>\n<p>&#8211; C\u00f4ng ngh\u1ec7 <strong>Real Depth Enhancer Pro<\/strong> nh\u1eadn di\u1ec7n, ph\u00e2n t\u00edch khung h\u00ecnh theo c\u00e1ch m\u1eaft th\u01b0\u1eddng t\u1eadp trung \u0111\u1ec3 t\u1eeb \u0111\u00f3 gia t\u0103ng chi\u1ec1u s\u00e2u cho h\u00ecnh b\u1eb1ng AI.<\/p>\n<p>&#8211; C\u00f4ng ngh\u1ec7 <strong>AI HDR Remastering<\/strong> nh\u1edd thu\u1eadt to\u00e1n <strong>Deep Learning<\/strong> n\u00e2ng c\u1ea5p c\u00e1c n\u1ed9i dung <strong>SDR<\/strong> l\u00ean chu\u1ea9n ch\u1ea5t l\u01b0\u1ee3ng <strong>HDR<\/strong> s\u1ed1ng \u0111\u1ed9ng.<\/p>\n<p>&#8211; Kh\u00e1m ph\u00e1 c\u00e1c tr\u00f2 ch\u01a1i VRR v\u1edbi khung h\u00ecnh r\u00f5 n\u00e9t, t\u1ed1c \u0111\u1ed9 c\u1ef1c nhanh c\u00f9ng t\u1ed1c \u0111\u1ed9 l\u00e0m m\u1edbi l\u00ean \u0111\u1ebfn 144 Hz. Ngo\u00e0i ra, thi\u1ebft b\u1ecb c\u00f2n t\u00edch h\u1ee3p c\u00f4ng ngh\u1ec7 <strong>FreeSync Premium Pro<\/strong>, ch\u1ebf \u0111\u1ed9 <strong>Game Motion Plus<\/strong>, h\u1ea1n ch\u1ebf x\u00e9, gi\u1eadt h\u00ecnh, \u0111\u1ea9y m\u1ea1nh t\u1ed1c \u0111\u1ed9 k\u1ebft n\u1ed1i gi\u00fap game th\u1ee7 d\u1eabn \u0111\u1ea7u m\u1ecdi \u0111\u01b0\u1eddng \u0111ua.<\/p>\n<p><img loading=\"lazy\" decoding=\"async\" class=\"alignnone wp-image-5287\" src=\"https:\/\/tivi-samsung.com\/wp-content\/uploads\/2025\/09\/tivi-neo-qled-samsung-4k-55-inch-qa55qn90d-4-1020x570-1-300x168.jpg\" alt=\"\" width=\"1837\" height=\"1029\" srcset=\"https:\/\/tivi-samsung.com\/wp-content\/uploads\/2025\/09\/tivi-neo-qled-samsung-4k-55-inch-qa55qn90d-4-1020x570-1-300x168.jpg 300w, https:\/\/tivi-samsung.com\/wp-content\/uploads\/2025\/09\/tivi-neo-qled-samsung-4k-55-inch-qa55qn90d-4-1020x570-1-768x429.jpg 768w, https:\/\/tivi-samsung.com\/wp-content\/uploads\/2025\/09\/tivi-neo-qled-samsung-4k-55-inch-qa55qn90d-4-1020x570-1-450x251.jpg 450w, https:\/\/tivi-samsung.com\/wp-content\/uploads\/2025\/09\/tivi-neo-qled-samsung-4k-55-inch-qa55qn90d-4-1020x570-1-600x335.jpg 600w, https:\/\/tivi-samsung.com\/wp-content\/uploads\/2025\/09\/tivi-neo-qled-samsung-4k-55-inch-qa55qn90d-4-1020x570-1-150x84.jpg 150w, https:\/\/tivi-samsung.com\/wp-content\/uploads\/2025\/09\/tivi-neo-qled-samsung-4k-55-inch-qa55qn90d-4-1020x570-1.jpg 1020w\" sizes=\"(max-width: 1837px) 100vw, 1837px\" \/><\/p>\n<p><strong>C\u00f4ng ngh\u1ec7 \u00e2m thanh<\/strong><br \/>\n&#8211; Chi\u1ebfc Smart tivi <strong>Samsung<\/strong> n\u00e0y c\u00f3 t\u1ed5ng c\u00f4ng su\u1ea5t loa l\u00ean \u0111\u1ebfn 60W.<\/p>\n<p>&#8211; C\u00f4ng ngh\u1ec7 OTS+ mang \u0111\u1ebfn \u00e2m thanh ch\u00e2n th\u1ef1c theo t\u1eebng chuy\u1ec3n \u0111\u1ed9ng, <strong>Dolby Atmos<\/strong> ph\u1ed1i h\u1ee3p loa \u0111\u00e1nh tr\u1ea7n v\u1eadt l\u00fd t\u1eeb Samsung t\u00e1i t\u1ea1o ch\u1ea5t \u00e2m \u0111a chi\u1ec1u lan t\u1ecfa kh\u1eafp kh\u00f4ng gian, tr\u1ea3i nghi\u1ec7m \u00e2m thanh m\u1ea1nh m\u1ebd, l\u00f4i cu\u1ed1n.<\/p>\n<p><img loading=\"lazy\" decoding=\"async\" class=\"alignnone wp-image-5261\" src=\"https:\/\/tivi-samsung.com\/wp-content\/uploads\/2025\/09\/smart-neo-qled-4k-55-inch-samsung-qa55qn90b-090322-015021-300x168.jpg\" alt=\"\" width=\"1836\" height=\"1028\" srcset=\"https:\/\/tivi-samsung.com\/wp-content\/uploads\/2025\/09\/smart-neo-qled-4k-55-inch-samsung-qa55qn90b-090322-015021-300x168.jpg 300w, https:\/\/tivi-samsung.com\/wp-content\/uploads\/2025\/09\/smart-neo-qled-4k-55-inch-samsung-qa55qn90b-090322-015021-768x429.jpg 768w, https:\/\/tivi-samsung.com\/wp-content\/uploads\/2025\/09\/smart-neo-qled-4k-55-inch-samsung-qa55qn90b-090322-015021-450x251.jpg 450w, https:\/\/tivi-samsung.com\/wp-content\/uploads\/2025\/09\/smart-neo-qled-4k-55-inch-samsung-qa55qn90b-090322-015021-600x335.jpg 600w, https:\/\/tivi-samsung.com\/wp-content\/uploads\/2025\/09\/smart-neo-qled-4k-55-inch-samsung-qa55qn90b-090322-015021-150x84.jpg 150w, https:\/\/tivi-samsung.com\/wp-content\/uploads\/2025\/09\/smart-neo-qled-4k-55-inch-samsung-qa55qn90b-090322-015021.jpg 1020w\" sizes=\"(max-width: 1836px) 100vw, 1836px\" \/><\/p>\n<p>&#8211; C\u00f4ng ngh\u1ec7 <strong>Q-Symphony Next<\/strong>, bi\u1ebfn kh\u00f4ng gian ph\u00f2ng b\u1ea1n th\u00e0nh n\u01a1i gi\u1ea3i tr\u00ed tuy\u1ec7t \u0111\u1ec9nh v\u1edbi \u00e2m thanh ch\u1ea5t l\u01b0\u1ee3ng cao \u0111\u01b0\u1ee3c \u0111\u1ed3ng b\u1ed9 h\u00e0i h\u00f2a b\u1edfi loa Smart tivi v\u00e0 loa thanh.<\/p>\n<p>&#8211; <strong>Active Voice Amplifier<\/strong> gi\u00fap l\u00e0m r\u00f5 \u0111o\u1ea1n h\u1ed9i tho\u1ea1i trong phim, b\u1ea3n tin, tr\u00e1nh cho b\u1ea1n b\u1ecb xao nh\u00e3ng b\u1edfi c\u00e1c t\u1ea1p \u00e2m xung quanh.<\/p>\n<p>&#8211; C\u00f4ng ngh\u1ec7<strong> Far Field Voice<\/strong> gi\u00fap h\u1ed7 tr\u1ee3 t\u00ecm ki\u1ebfm gi\u1ecdng n\u00f3i t\u1eeb xa, th\u1ef1c hi\u1ec7n l\u1ec7nh tho\u1ea1i d\u1ec5 d\u00e0ng.<\/p>\n<p><img loading=\"lazy\" decoding=\"async\" class=\"alignnone wp-image-5244\" src=\"https:\/\/tivi-samsung.com\/wp-content\/uploads\/2025\/09\/smart-tivi-neo-qled-8k-85-inch-samsung-qa85qn800c-200323-114718-1020x570-1-300x168.jpg\" alt=\"\" width=\"1834\" height=\"1027\" srcset=\"https:\/\/tivi-samsung.com\/wp-content\/uploads\/2025\/09\/smart-tivi-neo-qled-8k-85-inch-samsung-qa85qn800c-200323-114718-1020x570-1-300x168.jpg 300w, https:\/\/tivi-samsung.com\/wp-content\/uploads\/2025\/09\/smart-tivi-neo-qled-8k-85-inch-samsung-qa85qn800c-200323-114718-1020x570-1-768x429.jpg 768w, https:\/\/tivi-samsung.com\/wp-content\/uploads\/2025\/09\/smart-tivi-neo-qled-8k-85-inch-samsung-qa85qn800c-200323-114718-1020x570-1-450x251.jpg 450w, https:\/\/tivi-samsung.com\/wp-content\/uploads\/2025\/09\/smart-tivi-neo-qled-8k-85-inch-samsung-qa85qn800c-200323-114718-1020x570-1-600x335.jpg 600w, https:\/\/tivi-samsung.com\/wp-content\/uploads\/2025\/09\/smart-tivi-neo-qled-8k-85-inch-samsung-qa85qn800c-200323-114718-1020x570-1-150x84.jpg 150w, https:\/\/tivi-samsung.com\/wp-content\/uploads\/2025\/09\/smart-tivi-neo-qled-8k-85-inch-samsung-qa85qn800c-200323-114718-1020x570-1.jpg 1020w\" sizes=\"(max-width: 1834px) 100vw, 1834px\" \/><\/p>\n<p><strong>H\u1ec7 \u0111i\u1ec1u h\u00e0nh<\/strong><br \/>\n&#8211; Thi\u1ebft k\u1ebf giao di\u1ec7n tr\u1ef1c quan tr\u00ean h\u1ec7 \u0111i\u1ec1u h\u00e0nh <strong>Tizen\u2122<\/strong> cho ng\u01b0\u1eddi d\u00f9ng quan s\u00e1t v\u00e0 l\u1ef1a ch\u1ecdn \u1ee9ng d\u1ee5ng, n\u1ed9i dung tr\u1ea3i nghi\u1ec7m nhanh ch\u00f3ng, ti\u1ebft ki\u1ec7m th\u1eddi gian. Th\u01b0 vi\u1ec7n \u1ee9ng d\u1ee5ng \u0111\u1ed3 s\u1ed9 v\u1edbi <strong>YouTube, Netflix, Clip TV, FPT Play, MyTV,&#8230;<\/strong><\/p>\n<p><img loading=\"lazy\" decoding=\"async\" class=\"alignnone wp-image-5252\" src=\"https:\/\/tivi-samsung.com\/wp-content\/uploads\/2025\/09\/smart-tivi-neo-qled-4k-55-inch-samsung-qa55qn85c-190323-030438-300x168.jpg\" alt=\"\" width=\"1834\" height=\"1027\" srcset=\"https:\/\/tivi-samsung.com\/wp-content\/uploads\/2025\/09\/smart-tivi-neo-qled-4k-55-inch-samsung-qa55qn85c-190323-030438-300x168.jpg 300w, https:\/\/tivi-samsung.com\/wp-content\/uploads\/2025\/09\/smart-tivi-neo-qled-4k-55-inch-samsung-qa55qn85c-190323-030438-768x429.jpg 768w, https:\/\/tivi-samsung.com\/wp-content\/uploads\/2025\/09\/smart-tivi-neo-qled-4k-55-inch-samsung-qa55qn85c-190323-030438-450x251.jpg 450w, https:\/\/tivi-samsung.com\/wp-content\/uploads\/2025\/09\/smart-tivi-neo-qled-4k-55-inch-samsung-qa55qn85c-190323-030438-600x335.jpg 600w, https:\/\/tivi-samsung.com\/wp-content\/uploads\/2025\/09\/smart-tivi-neo-qled-4k-55-inch-samsung-qa55qn85c-190323-030438-150x84.jpg 150w, https:\/\/tivi-samsung.com\/wp-content\/uploads\/2025\/09\/smart-tivi-neo-qled-4k-55-inch-samsung-qa55qn85c-190323-030438.jpg 1020w\" sizes=\"(max-width: 1834px) 100vw, 1834px\" \/><\/p>\n<p>Ti\u1ec7n \u00edch<br \/>\n&#8211; H\u1ed7 tr\u1ee3 tr\u1ee3 l\u00fd \u1ea3o<strong> Bixby<\/strong> c\u00f3 ti\u1ebfng Vi\u1ec7t gi\u00fap t\u00ecm ki\u1ebfm b\u1eb1ng gi\u1ecdng n\u00f3i thu\u1eadn ti\u1ec7n.<\/p>\n<p>&#8211; \u1ee8ng d\u1ee5ng <strong>SmartThings<\/strong> v\u1edbi c\u1ea3i ti\u1ebfn trung t\u00e2m <strong>SmartThings<\/strong> t\u00edch h\u1ee3p cho ng\u01b0\u1eddi d\u00f9ng li\u00ean k\u1ebft c\u00e1c thi\u1ebft b\u1ecb th\u00f4ng minh t\u01b0\u01a1ng th\u00edch trong nh\u00e0 v\u1edbi tivi, theo d\u00f5i v\u00e0 t\u1ed1i \u01b0u vi\u1ec7c \u0111i\u1ec1u khi\u1ec3n gi\u00fap \u0111\u01a1n gi\u1ea3n h\u00f3a c\u00f4ng vi\u1ec7c h\u1eb1ng ng\u00e0y.<\/p>\n<p>&#8211; T\u00ednh n\u0103ng AirPlay 2 (iPhone) chia s\u1ebb \u0111\u01b0\u1ee3c n\u1ed9i dung t\u1eeb di \u0111\u1ed9ng l\u00ean tivi Samsung gi\u00fap b\u1ea1n l\u00e0m vi\u1ec7c nh\u00f3m ho\u1eb7c xem video c\u00f9ng c\u1ea3 nh\u00e0 d\u1ec5 d\u00e0ng h\u01a1n.<\/p>\n<p>&#8211; One Remote thi\u1ebft k\u1ebf g\u1ecdn nh\u1eb9, c\u00e1c ph\u00edm b\u1ea5m c\u00f3 k\u00fd hi\u1ec7u \u0111\u01a1n gi\u1ea3n d\u1ec5 nh\u1eadn bi\u1ebft v\u00e0 thao t\u00e1c, s\u1ea1c qua \u00e1nh s\u00e1ng m\u1eb7t tr\u1eddi, \u00e1nh \u0111\u00e8n, h\u1ea1n ch\u1ebf chi ph\u00ed thay pin th\u01b0\u1eddng xuy\u00ean.<\/p>\n<p>&#8211; S\u1eed d\u1ee5ng t\u00ednh n\u0103ng Multi View b\u1ea1n c\u00f3 th\u1ec3 th\u01b0\u1edfng th\u1ee9c 2 ch\u01b0\u01a1ng tr\u00ecnh c\u00f9ng l\u00fac tr\u00ean m\u00e0n h\u00ecnh tivi gi\u00fap tr\u1ea3i nghi\u1ec7m gi\u1ea3i tr\u00ed th\u00eam \u0111a d\u1ea1ng v\u00e0 ti\u1ec7n l\u1ee3i.<\/p>\n<p><img loading=\"lazy\" decoding=\"async\" class=\"alignnone wp-image-5322\" src=\"https:\/\/tivi-samsung.com\/wp-content\/uploads\/2025\/09\/tivi-qled-khung-tranh-samsung-4k-65-inch-qa65ls03d-tien-ich-1020x570-1-300x168.jpg\" alt=\"\" width=\"1830\" height=\"1025\" srcset=\"https:\/\/tivi-samsung.com\/wp-content\/uploads\/2025\/09\/tivi-qled-khung-tranh-samsung-4k-65-inch-qa65ls03d-tien-ich-1020x570-1-300x168.jpg 300w, https:\/\/tivi-samsung.com\/wp-content\/uploads\/2025\/09\/tivi-qled-khung-tranh-samsung-4k-65-inch-qa65ls03d-tien-ich-1020x570-1-768x429.jpg 768w, https:\/\/tivi-samsung.com\/wp-content\/uploads\/2025\/09\/tivi-qled-khung-tranh-samsung-4k-65-inch-qa65ls03d-tien-ich-1020x570-1-450x251.jpg 450w, https:\/\/tivi-samsung.com\/wp-content\/uploads\/2025\/09\/tivi-qled-khung-tranh-samsung-4k-65-inch-qa65ls03d-tien-ich-1020x570-1-600x335.jpg 600w, https:\/\/tivi-samsung.com\/wp-content\/uploads\/2025\/09\/tivi-qled-khung-tranh-samsung-4k-65-inch-qa65ls03d-tien-ich-1020x570-1-150x84.jpg 150w, https:\/\/tivi-samsung.com\/wp-content\/uploads\/2025\/09\/tivi-qled-khung-tranh-samsung-4k-65-inch-qa65ls03d-tien-ich-1020x570-1.jpg 1020w\" sizes=\"(max-width: 1830px) 100vw, 1830px\" \/><\/p>\n<p><strong>Smart Tivi Neo QLED Samsung 4K 75 inch QA75QN90D<\/strong> s\u1eed d\u1ee5ng b\u1ed9 x\u1eed l\u00fd <strong>AI NQ4<\/strong> th\u1ebf h\u1ec7 2 t\u00edch h\u1ee3p tr\u00ed tu\u1ec7 nh\u00e2n t\u1ea1o \u0111i c\u00f9ng nhi\u1ec1u c\u00f4ng ngh\u1ec7 h\u00ecnh \u1ea3nh, \u00e2m thanh ti\u00ean ti\u1ebfn nh\u01b0 <strong>Neo Quantum HDR+, Real Depth Enhancer Pro, Q-Symphony Next, Dolby Atmos<\/strong>, t\u00ecm ki\u1ebfm b\u1eb1ng ti\u1ebfng Vi\u1ec7t v\u1edbi tr\u1ee3 l\u00fd \u1ea3o Bixby,&#8230; H\u1ee9a h\u1eb9n mang \u0111\u1ebfn cho b\u1ea1n nh\u1eefng gi\u1edd ph\u00fat gi\u1ea3i tr\u00ed tuy\u1ec7t v\u1eddi ngay t\u1ea1i ng\u00f4i nh\u00e0 c\u1ee7a m\u00ecnh.<\/p>\n<p>&nbsp;<\/p>\n<p>&nbsp;<\/p>\n<p><script src=\"chrome-extension:\/\/fpelahbljekknahkcaegamhcndkfpfnc\/iFrame.js\" type=\"text\/javascript\"><\/script><\/p>\n<p><script src=\"chrome-extension:\/\/fpelahbljekknahkcaegamhcndkfpfnc\/iFrame.js\" type=\"text\/javascript\"><\/script><\/p>\n<p><script src=\"chrome-extension:\/\/fpelahbljekknahkcaegamhcndkfpfnc\/iFrame.js\" type=\"text\/javascript\"><\/script><\/p>\n<p><script src=\"chrome-extension:\/\/fpelahbljekknahkcaegamhcndkfpfnc\/iFrame.js\" type=\"text\/javascript\"><\/script><\/p>\n","protected":false},"excerpt":{"rendered":"<p>&nbsp;<\/p>\n<p><script src=\"chrome-extension:\/\/fpelahbljekknahkcaegamhcndkfpfnc\/iFrame.js\" type=\"text\/javascript\"><\/script><\/p>\n<p><script src=\"chrome-extension:\/\/fpelahbljekknahkcaegamhcndkfpfnc\/iFrame.js\" type=\"text\/javascript\"><\/script><\/p>\n<p><script src=\"chrome-extension:\/\/fpelahbljekknahkcaegamhcndkfpfnc\/iFrame.js\" type=\"text\/javascript\"><\/script><\/p>\n<p><script src=\"chrome-extension:\/\/fpelahbljekknahkcaegamhcndkfpfnc\/iFrame.js\" type=\"text\/javascript\"><\/script><\/p>\n<p><script src=\"chrome-extension:\/\/fpelahbljekknahkcaegamhcndkfpfnc\/iFrame.js\" type=\"text\/javascript\"><\/script><\/p>\n<p><script src=\"chrome-extension:\/\/fpelahbljekknahkcaegamhcndkfpfnc\/iFrame.js\" type=\"text\/javascript\"><\/script><\/p>\n<p><script src=\"chrome-extension:\/\/fpelahbljekknahkcaegamhcndkfpfnc\/iFrame.js\" type=\"text\/javascript\"><\/script><\/p>\n","protected":false},"featured_media":6625,"comment_status":"open","ping_status":"closed","template":"","meta":[],"product_brand":[88],"product_cat":[68,76],"product_tag":[],"class_list":{"0":"post-4242","1":"product","2":"type-product","3":"status-publish","4":"has-post-thumbnail","6":"product_brand-samsung","7":"product_cat-smart-tv","8":"product_cat-televisions","9":"pa_kich-co-man-hinh-tu-75-85-inch","11":"first","12":"instock","13":"shipping-taxable","14":"purchasable","15":"product-type-simple"},"_links":{"self":[{"href":"https:\/\/tivi-samsung.com\/index.php?rest_route=\/wp\/v2\/product\/4242","targetHints":{"allow":["GET"]}}],"collection":[{"href":"https:\/\/tivi-samsung.com\/index.php?rest_route=\/wp\/v2\/product"}],"about":[{"href":"https:\/\/tivi-samsung.com\/index.php?rest_route=\/wp\/v2\/types\/product"}],"replies":[{"embeddable":true,"href":"https:\/\/tivi-samsung.com\/index.php?rest_route=%2Fwp%2Fv2%2Fcomments&post=4242"}],"version-history":[{"count":9,"href":"https:\/\/tivi-samsung.com\/index.php?rest_route=\/wp\/v2\/product\/4242\/revisions"}],"predecessor-version":[{"id":8447,"href":"https:\/\/tivi-samsung.com\/index.php?rest_route=\/wp\/v2\/product\/4242\/revisions\/8447"}],"wp:featuredmedia":[{"embeddable":true,"href":"https:\/\/tivi-samsung.com\/index.php?rest_route=\/wp\/v2\/media\/6625"}],"wp:attachment":[{"href":"https:\/\/tivi-samsung.com\/index.php?rest_route=%2Fwp%2Fv2%2Fmedia&parent=4242"}],"wp:term":[{"taxonomy":"product_brand","embeddable":true,"href":"https:\/\/tivi-samsung.com\/index.php?rest_route=%2Fwp%2Fv2%2Fproduct_brand&post=4242"},{"taxonomy":"product_cat","embeddable":true,"href":"https:\/\/tivi-samsung.com\/index.php?rest_route=%2Fwp%2Fv2%2Fproduct_cat&post=4242"},{"taxonomy":"product_tag","embeddable":true,"href":"https:\/\/tivi-samsung.com\/index.php?rest_route=%2Fwp%2Fv2%2Fproduct_tag&post=4242"}],"curies":[{"name":"wp","href":"https:\/\/api.w.org\/{rel}","templated":true}]}}