{"id":4236,"date":"2025-09-16T15:52:58","date_gmt":"2025-09-16T15:52:58","guid":{"rendered":"https:\/\/tivi-samsung.com\/?post_type=product&#038;p=4236"},"modified":"2025-10-15T00:20:18","modified_gmt":"2025-10-14T17:20:18","slug":"smart-tivi-qled-samsung-ai-4k-75-inch-qa75q70d","status":"publish","type":"product","link":"https:\/\/tivi-samsung.com\/?product=smart-tivi-qled-samsung-ai-4k-75-inch-qa75q70d","title":{"rendered":"Smart Tivi QLED Samsung AI 4K 75 inch QA75Q70D"},"content":{"rendered":"<p><strong>Th\u00f4ng tin s\u1ea3n ph\u1ea9m<\/strong><\/p>\n<p><a href=\"https:\/\/tokoo.vn\/danh-muc\/samsung-tvs\/\" target=\"_blank\" rel=\"noopener\"><strong>Smart Tivi QLED Samsung 4K 75 inch QA75Q70D<\/strong><\/a> c\u00f3 thi\u1ebft k\u1ebf sang tr\u1ecdng, m\u00e0n h\u00ecnh 75 inch k\u00edch th\u01b0\u1edbc l\u1edbn, \u0111\u1ed9 ph\u00e2n gi\u1ea3i 4K s\u1eafc n\u00e9t, h\u00ecnh \u1ea3nh c\u00f3 chi\u1ec1u s\u00e2u, k\u1ebft h\u1ee3p v\u1edbi Quantum Dot t\u00e1i hi\u1ec7n 100% d\u1ea3i s\u1eafc m\u00e0u, mang \u0111\u1ebfn h\u00ecnh \u1ea3nh s\u1ed1ng \u0111\u1ed9ng, r\u1ef1c r\u1ee1 v\u00e0 ch\u00e2n th\u1eadt, c\u00f4ng ngh\u1ec7 \u00e2m thanh chuy\u1ec3n \u0111\u1ed9ng theo h\u00ecnh \u1ea3nh<strong> OTS Lite<\/strong>, h\u1ec7 \u0111i\u1ec1u h\u00e0nh <strong>Tizen\u2122<\/strong> \u0111a nhi\u1ec7m, d\u1ec5 s\u1eed d\u1ee5ng. \u0110i\u1ec1u khi\u1ec3n b\u1eb1ng gi\u1ecdng n\u00f3i qua Bixby c\u00f3 ti\u1ebfng Vi\u1ec7t.<\/p>\n<p><strong>T\u1ed5ng quan thi\u1ebft k\u1ebf<\/strong><br \/>\n&#8211; Thi\u1ebft k\u1ebf tivi thanh m\u1ea3nh, hi\u1ec7n \u0111\u1ea1i, m\u00e0n h\u00ecnh vi\u1ec1n m\u00e0u \u0111en gi\u00fap ng\u01b0\u1eddi xem t\u1eadp trung v\u00e0o n\u1ed9i dung \u0111ang ph\u00e1t s\u00f3ng.<\/p>\n<p>&#8211; S\u1edf h\u1eefu k\u00edch th\u01b0\u1edbc <strong>75 inch<\/strong> l\u00e0 s\u1ef1 l\u1ef1a ch\u1ecdn ho\u00e0n h\u1ea3o cho c\u00e1c kh\u00f4ng gian v\u1eeba v\u00e0 l\u1edbn nh\u01b0 ph\u00f2ng ng\u1ee7, ph\u00f2ng kh\u00e1ch, ph\u00f2ng h\u1ecdp, ph\u00f2ng l\u00e0m vi\u1ec7c,\u2026<\/p>\n<p>&#8211; Ch\u00e2n \u0111\u1ebf c\u1ee7a tivi <strong>Samsung<\/strong> n\u00e0y c\u00f3 d\u1ea1ng h\u00ecnh ch\u1eef T ng\u01b0\u1ee3c gi\u00fap n\u00e2ng \u0111\u1ee1 ch\u1eafc ch\u1eafn, d\u1ec5 d\u00e0ng th\u00e1o r\u1eddi \u0111\u1ec3 l\u1eafp treo t\u01b0\u1eddng, ti\u1ebft ki\u1ec7m kh\u00f4ng gian.<\/p>\n<p><img fetchpriority=\"high\" decoding=\"async\" class=\"alignnone wp-image-5484\" src=\"https:\/\/tivi-samsung.com\/wp-content\/uploads\/2025\/09\/smart-neo-qled-4k-75-inch-samsung-qa75qn85b-070322-101718-300x168.jpg\" alt=\"\" width=\"1380\" height=\"773\" srcset=\"https:\/\/tivi-samsung.com\/wp-content\/uploads\/2025\/09\/smart-neo-qled-4k-75-inch-samsung-qa75qn85b-070322-101718-300x168.jpg 300w, https:\/\/tivi-samsung.com\/wp-content\/uploads\/2025\/09\/smart-neo-qled-4k-75-inch-samsung-qa75qn85b-070322-101718-768x429.jpg 768w, https:\/\/tivi-samsung.com\/wp-content\/uploads\/2025\/09\/smart-neo-qled-4k-75-inch-samsung-qa75qn85b-070322-101718-450x251.jpg 450w, https:\/\/tivi-samsung.com\/wp-content\/uploads\/2025\/09\/smart-neo-qled-4k-75-inch-samsung-qa75qn85b-070322-101718-600x335.jpg 600w, https:\/\/tivi-samsung.com\/wp-content\/uploads\/2025\/09\/smart-neo-qled-4k-75-inch-samsung-qa75qn85b-070322-101718-150x84.jpg 150w, https:\/\/tivi-samsung.com\/wp-content\/uploads\/2025\/09\/smart-neo-qled-4k-75-inch-samsung-qa75qn85b-070322-101718.jpg 1020w\" sizes=\"(max-width: 1380px) 100vw, 1380px\" \/><\/p>\n<p><strong>C\u00f4ng ngh\u1ec7 h\u00ecnh \u1ea3nh<\/strong><br \/>\n&#8211; \u0110\u1ed9 ph\u00e2n gi\u1ea3i chu\u1ea9n<strong> 4K (Ultra HD)<\/strong> cho ch\u1ea5t l\u01b0\u1ee3ng h\u00ecnh \u1ea3nh ch\u00e2n th\u1ef1c g\u1ea5p 4 l\u1ea7n so v\u1edbi<strong> Full HD.<\/strong><\/p>\n<p>&#8211; <strong>Quantum Do<\/strong>t hi\u1ec3n th\u1ecb 100% d\u1ea3i m\u00e0u cho b\u1ea1n th\u01b0\u1edfng th\u1ee9c tr\u1ecdn v\u1eb9n t\u1eebng khung h\u00ecnh, \u0111em l\u1ea1i c\u1ea3m gi\u00e1c ch\u00e2n th\u1ef1c, s\u1ed1ng \u0111\u1ed9ng nh\u01b0 \u0111\u01b0\u1ee3c tr\u1ea3i nghi\u1ec7m t\u1eadn m\u1eaft.<\/p>\n<p>&#8211; Chuy\u1ec3n \u0111\u1ed9ng m\u01b0\u1ee3t m\u00e0, tinh t\u1ebf v\u1edbi<strong> Motion Xcelerator 120 Hz<\/strong>, gi\u1ea3m thi\u1ec3u \u0111\u1ed9 m\u1edd v\u1edbi th\u01b0\u1edbc phim chuy\u1ec3n \u0111\u1ed9ng nhanh, d\u1ec5 d\u00e0ng chinh ph\u1ee5c nh\u1eefng b\u1ed9 phim h\u00e0nh \u0111\u1ed9ng k\u1ecbch t\u00ednh c\u00f9ng nh\u1eefng ph\u00e2n c\u1ea3nh chuy\u1ec3n \u0111\u1ed9ng m\u01b0\u1ee3t m\u00e0.<\/p>\n<p>&#8211; C\u00f4ng ngh\u1ec7 <strong>Quantum HDR<\/strong> t\u1ed1i \u01b0u ho\u00e1 \u0111\u1ed9 t\u01b0\u01a1ng ph\u1ea3n, chi ti\u1ebft h\u00ecnh \u1ea3nh hi\u1ec3n th\u1ecb trong nhi\u1ec1u \u0111i\u1ec1u ki\u1ec7n \u00e1nh s\u00e1ng, \u0111em \u0111\u1ebfn tr\u1ea3i nghi\u1ec7m xem phim m\u00e3n nh\u00e3n.<\/p>\n<p>&#8211; Ki\u1ec3m so\u00e1t \u0111\u00e8n n\u1ec1n<strong> Supreme UHD Dimming<\/strong> n\u00e2ng cao kh\u1ea3 n\u0103ng hi\u1ec3n th\u1ecb m\u00e0u s\u1eafc v\u00e0 chi ti\u1ebft h\u00ecnh \u1ea3nh tr\u00ean tivi <strong>Samsung QLED<\/strong>, m\u00e0u \u0111en s\u00e2u h\u01a1n c\u00f9ng s\u1eafc tr\u1eafng thu\u1ea7n khi\u1ebft.<\/p>\n<p><img decoding=\"async\" class=\"alignnone wp-image-5205\" src=\"https:\/\/tivi-samsung.com\/wp-content\/uploads\/2025\/09\/smart-qled-4k-55-inch-samsung-qa55q80b-310322-051357-300x168.jpg\" alt=\"\" width=\"1379\" height=\"772\" srcset=\"https:\/\/tivi-samsung.com\/wp-content\/uploads\/2025\/09\/smart-qled-4k-55-inch-samsung-qa55q80b-310322-051357-300x168.jpg 300w, https:\/\/tivi-samsung.com\/wp-content\/uploads\/2025\/09\/smart-qled-4k-55-inch-samsung-qa55q80b-310322-051357-768x429.jpg 768w, https:\/\/tivi-samsung.com\/wp-content\/uploads\/2025\/09\/smart-qled-4k-55-inch-samsung-qa55q80b-310322-051357-450x251.jpg 450w, https:\/\/tivi-samsung.com\/wp-content\/uploads\/2025\/09\/smart-qled-4k-55-inch-samsung-qa55q80b-310322-051357-600x335.jpg 600w, https:\/\/tivi-samsung.com\/wp-content\/uploads\/2025\/09\/smart-qled-4k-55-inch-samsung-qa55q80b-310322-051357-150x84.jpg 150w, https:\/\/tivi-samsung.com\/wp-content\/uploads\/2025\/09\/smart-qled-4k-55-inch-samsung-qa55q80b-310322-051357.jpg 1020w\" sizes=\"(max-width: 1379px) 100vw, 1379px\" \/><\/p>\n<p><strong>C\u00f4ng ngh\u1ec7 \u00e2m thanh<\/strong><br \/>\n&#8211; T\u1ed5ng c\u00f4ng su\u1ea5t loa 20W.<\/p>\n<p>&#8211; C\u00f4ng ngh\u1ec7 <strong>Object Tracking Sound Lite (OTS Lite)<\/strong> ph\u00e1t hi\u1ec7n v\u00e0 t\u1ef1 \u0111\u1ed9ng \u0111i\u1ec1u ch\u1ec9nh \u00e2m thanh theo chuy\u1ec3n \u0111\u1ed9ng c\u1ee7a v\u1eadt th\u1ec3 trong m\u00e0n h\u00ecnh, cho b\u1ea1n \u0111\u1eafm ch\u00ecm trong ch\u01b0\u01a1ng tr\u00ecnh th\u1ec3 thao, m\u00e0n game \u0111ang tr\u1ea3i nghi\u1ec7m.<\/p>\n<p>&#8211; C\u00f4ng ngh\u1ec7 <strong>Adaptive Sound<\/strong> c\u00f3 kh\u1ea3 n\u0103ng t\u1ed1i \u01b0u ho\u00e1 \u00e2m thanh d\u1ef1a v\u00e0o m\u00f4i tr\u01b0\u1eddng xung quanh v\u00e0 th\u00e0nh ph\u1ea7n \u00e2m thanh tivi \u0111ang ph\u00e1t, \u0111em \u0111\u1ebfn tr\u1ea3i nghi\u1ec7m \u00e2m thanh ch\u1ea5t l\u01b0\u1ee3ng cao.<\/p>\n<p><img decoding=\"async\" class=\"alignnone wp-image-5206\" src=\"https:\/\/tivi-samsung.com\/wp-content\/uploads\/2025\/09\/smart-qled-4k-55-inch-samsung-qa55q80b-310322-051358-300x168.jpg\" alt=\"\" width=\"1373\" height=\"769\" srcset=\"https:\/\/tivi-samsung.com\/wp-content\/uploads\/2025\/09\/smart-qled-4k-55-inch-samsung-qa55q80b-310322-051358-300x168.jpg 300w, https:\/\/tivi-samsung.com\/wp-content\/uploads\/2025\/09\/smart-qled-4k-55-inch-samsung-qa55q80b-310322-051358-768x429.jpg 768w, https:\/\/tivi-samsung.com\/wp-content\/uploads\/2025\/09\/smart-qled-4k-55-inch-samsung-qa55q80b-310322-051358-450x251.jpg 450w, https:\/\/tivi-samsung.com\/wp-content\/uploads\/2025\/09\/smart-qled-4k-55-inch-samsung-qa55q80b-310322-051358-600x335.jpg 600w, https:\/\/tivi-samsung.com\/wp-content\/uploads\/2025\/09\/smart-qled-4k-55-inch-samsung-qa55q80b-310322-051358-150x84.jpg 150w, https:\/\/tivi-samsung.com\/wp-content\/uploads\/2025\/09\/smart-qled-4k-55-inch-samsung-qa55q80b-310322-051358.jpg 1020w\" sizes=\"(max-width: 1373px) 100vw, 1373px\" \/><\/p>\n<p><strong>H\u1ec7 \u0111i\u1ec1u h\u00e0nh<\/strong><br \/>\n&#8211; H\u1ec7 \u0111i\u1ec1u h\u00e0nh Tizen\u2122 v\u1edbi giao di\u1ec7n tr\u1ef1c quan, thi\u1ebft k\u1ebf th\u00e2n thi\u1ec7n, d\u1ec5 d\u00e0ng s\u1eed d\u1ee5ng.<\/p>\n<p>&#8211; B\u00ean c\u1ea1nh \u0111\u00f3 l\u00e0 \u0111a d\u1ea1ng c\u00e1c \u1ee9ng d\u1ee5ng quen thu\u1ed9c nh\u01b0 Netflix, YouTube, Clip TV, VieON, Amazon Prime video, MP3 Zing, Spotify,&#8230; \u0111\u00e1p \u1ee9ng cho nhu c\u1ea7u gi\u1ea3i tr\u00ed \u0111a d\u1ea1ng c\u1ee7a gia \u0111\u00ecnh.<\/p>\n<p><img loading=\"lazy\" decoding=\"async\" class=\"alignnone wp-image-5199\" src=\"https:\/\/tivi-samsung.com\/wp-content\/uploads\/2025\/09\/smart-tivi-qled-4k-50-inch-samsung-qa50q80c-200323-100447-1-300x168.jpg\" alt=\"\" width=\"1375\" height=\"770\" srcset=\"https:\/\/tivi-samsung.com\/wp-content\/uploads\/2025\/09\/smart-tivi-qled-4k-50-inch-samsung-qa50q80c-200323-100447-1-300x168.jpg 300w, https:\/\/tivi-samsung.com\/wp-content\/uploads\/2025\/09\/smart-tivi-qled-4k-50-inch-samsung-qa50q80c-200323-100447-1-768x429.jpg 768w, https:\/\/tivi-samsung.com\/wp-content\/uploads\/2025\/09\/smart-tivi-qled-4k-50-inch-samsung-qa50q80c-200323-100447-1-450x251.jpg 450w, https:\/\/tivi-samsung.com\/wp-content\/uploads\/2025\/09\/smart-tivi-qled-4k-50-inch-samsung-qa50q80c-200323-100447-1-600x335.jpg 600w, https:\/\/tivi-samsung.com\/wp-content\/uploads\/2025\/09\/smart-tivi-qled-4k-50-inch-samsung-qa50q80c-200323-100447-1-150x84.jpg 150w, https:\/\/tivi-samsung.com\/wp-content\/uploads\/2025\/09\/smart-tivi-qled-4k-50-inch-samsung-qa50q80c-200323-100447-1.jpg 1020w\" sizes=\"(max-width: 1375px) 100vw, 1375px\" \/><\/p>\n<p><strong>Ti\u1ec7n \u00edch<\/strong><br \/>\n&#8211; D\u1ec5 d\u00e0ng tr\u00ecnh chi\u1ebfu video, phim \u1ea3nh hay c\u00e1c ch\u01b0\u01a1ng tr\u00ecnh y\u00eau th\u00edch l\u00ean tivi th\u00f4ng qua t\u00ednh n\u0103ng <strong>AirPlay 2 (iPhone).<\/strong><\/p>\n<p>&#8211; Xem c\u00f9ng l\u00fac nhi\u1ec1u ch\u01b0\u01a1ng tr\u00ecnh v\u1edbi ch\u1ebf \u0111\u1ed9 <strong>Multi View.<\/strong><\/p>\n<p>&#8211; \u1ee8ng d\u1ee5ng<strong> SmartThings t<\/strong>\u00edch h\u1ee3p IoT Hub h\u1ed7 tr\u1ee3 theo d\u00f5i v\u00e0 qu\u1ea3n l\u00fd c\u00e1c thi\u1ebft b\u1ecb \u0111i\u1ec7n th\u00f4ng minh trong gia \u0111\u00ecnh nh\u01b0 \u0111i\u1ec1u h\u00f2a, m\u00e1y l\u1ecdc n\u01b0\u1edbc&#8230; v\u1edbi \u0111i\u1ec1u khi\u1ec3n, kh\u1ea9u l\u1ec7nh ngay khi xem tivi m\u00e0 kh\u00f4ng c\u1ea7n di chuy\u1ec3n.<\/p>\n<p>&#8211; Trang b\u1ecb One Remote th\u00f4ng minh s\u1ea1c qua USB C v\u00e0 n\u0103ng l\u01b0\u1ee3ng m\u1eb7t tr\u1eddi, ti\u1ebft ki\u1ec7m pin \u0111\u1ed3ng th\u1eddi th\u00e2n thi\u1ec7n v\u1edbi m\u00f4i tr\u01b0\u1eddng.<\/p>\n<p>&#8211; T\u00ecm ki\u1ebfm gi\u1ecdng n\u00f3i tr\u00ean YouTube b\u1eb1ng ti\u1ebfng Vi\u1ec7t ho\u1eb7c tr\u1ee3 l\u00fd \u1ea3o Bixby c\u00f3 ti\u1ebfng Vi\u1ec7t.<\/p>\n<p><img loading=\"lazy\" decoding=\"async\" class=\"alignnone wp-image-5470\" src=\"https:\/\/tivi-samsung.com\/wp-content\/uploads\/2025\/09\/smart-samsung-4k-85-inch-ua85bu8000-140322-074328-1-300x168.jpg\" alt=\"\" width=\"1391\" height=\"779\" srcset=\"https:\/\/tivi-samsung.com\/wp-content\/uploads\/2025\/09\/smart-samsung-4k-85-inch-ua85bu8000-140322-074328-1-300x168.jpg 300w, https:\/\/tivi-samsung.com\/wp-content\/uploads\/2025\/09\/smart-samsung-4k-85-inch-ua85bu8000-140322-074328-1-768x429.jpg 768w, https:\/\/tivi-samsung.com\/wp-content\/uploads\/2025\/09\/smart-samsung-4k-85-inch-ua85bu8000-140322-074328-1-450x251.jpg 450w, https:\/\/tivi-samsung.com\/wp-content\/uploads\/2025\/09\/smart-samsung-4k-85-inch-ua85bu8000-140322-074328-1-600x335.jpg 600w, https:\/\/tivi-samsung.com\/wp-content\/uploads\/2025\/09\/smart-samsung-4k-85-inch-ua85bu8000-140322-074328-1-150x84.jpg 150w, https:\/\/tivi-samsung.com\/wp-content\/uploads\/2025\/09\/smart-samsung-4k-85-inch-ua85bu8000-140322-074328-1.jpg 1020w\" sizes=\"(max-width: 1391px) 100vw, 1391px\" \/><\/p>\n<p><em>Nh\u00ecn chung, <strong>Smart Tivi QLED Samsung 4K 75 inch QA75Q70D<\/strong> v\u1edbi c\u00e1c \u01b0u \u0111i\u1ec3m nh\u01b0 thi\u1ebft k\u1ebf si\u00eau m\u1ecfng, \u0111\u1ed9 ph\u00e2n gi\u1ea3i 4K s\u1eafc n\u00e9t t\u1eebng chi ti\u1ebft, m\u00e0n h\u00ecnh<strong> QLED<\/strong> k\u1ebft h\u1ee3p <strong>Quantum Dot<\/strong> t\u00e1i hi\u1ec7n 100% d\u1ea3i m\u00e0u s\u1eafc, c\u00f4ng ngh\u1ec7 OTS Lite \u00e2m thanh chuy\u1ec3n \u0111\u1ed9ng theo h\u00ecnh \u1ea3nh ch\u00e2n th\u1eadt, h\u1ec7 \u0111i\u1ec1u h\u00e0nh <strong>Tizen\u2122<\/strong> giao di\u1ec7n th\u00e2n thi\u1ec7n, thao t\u00e1c nhanh ch\u00f3ng v\u00e0 c\u00e1c ti\u1ec7n \u00edch th\u00f4ng minh \u0111i k\u00e8m s\u1ebd l\u00e0 s\u1ea3n ph\u1ea9m kh\u00f4ng th\u1ec3 b\u1ecf qua cho c\u1ea3 gia \u0111\u00ecnh b\u1ea1n.<\/em><\/p>\n<p><script src=\"chrome-extension:\/\/fpelahbljekknahkcaegamhcndkfpfnc\/iFrame.js\" type=\"text\/javascript\"><\/script><\/p>\n<p><script src=\"chrome-extension:\/\/fpelahbljekknahkcaegamhcndkfpfnc\/iFrame.js\" type=\"text\/javascript\"><\/script><\/p>\n<p><script src=\"chrome-extension:\/\/fpelahbljekknahkcaegamhcndkfpfnc\/iFrame.js\" type=\"text\/javascript\"><\/script><\/p>\n<p><script src=\"chrome-extension:\/\/fpelahbljekknahkcaegamhcndkfpfnc\/iFrame.js\" type=\"text\/javascript\"><\/script><\/p>\n","protected":false},"excerpt":{"rendered":"<p>&nbsp;<\/p>\n<p><script src=\"chrome-extension:\/\/fpelahbljekknahkcaegamhcndkfpfnc\/iFrame.js\" type=\"text\/javascript\"><\/script><\/p>\n<p><script src=\"chrome-extension:\/\/fpelahbljekknahkcaegamhcndkfpfnc\/iFrame.js\" type=\"text\/javascript\"><\/script><\/p>\n<p><script src=\"chrome-extension:\/\/fpelahbljekknahkcaegamhcndkfpfnc\/iFrame.js\" type=\"text\/javascript\"><\/script><\/p>\n<p><script src=\"chrome-extension:\/\/fpelahbljekknahkcaegamhcndkfpfnc\/iFrame.js\" type=\"text\/javascript\"><\/script><\/p>\n<p><script src=\"chrome-extension:\/\/fpelahbljekknahkcaegamhcndkfpfnc\/iFrame.js\" type=\"text\/javascript\"><\/script><\/p>\n<p><script src=\"chrome-extension:\/\/fpelahbljekknahkcaegamhcndkfpfnc\/iFrame.js\" type=\"text\/javascript\"><\/script><\/p>\n<p><script src=\"chrome-extension:\/\/fpelahbljekknahkcaegamhcndkfpfnc\/iFrame.js\" type=\"text\/javascript\"><\/script><\/p>\n<p><script src=\"chrome-extension:\/\/fpelahbljekknahkcaegamhcndkfpfnc\/iFrame.js\" type=\"text\/javascript\"><\/script><\/p>\n<p><script src=\"chrome-extension:\/\/fpelahbljekknahkcaegamhcndkfpfnc\/iFrame.js\" type=\"text\/javascript\"><\/script><\/p>\n","protected":false},"featured_media":6647,"comment_status":"open","ping_status":"closed","template":"","meta":[],"product_brand":[88],"product_cat":[156,94,68,76],"product_tag":[],"class_list":{"0":"post-4236","1":"product","2":"type-product","3":"status-publish","4":"has-post-thumbnail","6":"product_brand-samsung","7":"product_cat-q70d-2024","8":"product_cat-qled-tv","9":"product_cat-smart-tv","10":"product_cat-televisions","11":"pa_kich-co-man-hinh-tu-75-85-inch","13":"first","14":"instock","15":"sale","16":"shipping-taxable","17":"purchasable","18":"product-type-simple"},"_links":{"self":[{"href":"https:\/\/tivi-samsung.com\/index.php?rest_route=\/wp\/v2\/product\/4236","targetHints":{"allow":["GET"]}}],"collection":[{"href":"https:\/\/tivi-samsung.com\/index.php?rest_route=\/wp\/v2\/product"}],"about":[{"href":"https:\/\/tivi-samsung.com\/index.php?rest_route=\/wp\/v2\/types\/product"}],"replies":[{"embeddable":true,"href":"https:\/\/tivi-samsung.com\/index.php?rest_route=%2Fwp%2Fv2%2Fcomments&post=4236"}],"version-history":[{"count":11,"href":"https:\/\/tivi-samsung.com\/index.php?rest_route=\/wp\/v2\/product\/4236\/revisions"}],"predecessor-version":[{"id":8449,"href":"https:\/\/tivi-samsung.com\/index.php?rest_route=\/wp\/v2\/product\/4236\/revisions\/8449"}],"wp:featuredmedia":[{"embeddable":true,"href":"https:\/\/tivi-samsung.com\/index.php?rest_route=\/wp\/v2\/media\/6647"}],"wp:attachment":[{"href":"https:\/\/tivi-samsung.com\/index.php?rest_route=%2Fwp%2Fv2%2Fmedia&parent=4236"}],"wp:term":[{"taxonomy":"product_brand","embeddable":true,"href":"https:\/\/tivi-samsung.com\/index.php?rest_route=%2Fwp%2Fv2%2Fproduct_brand&post=4236"},{"taxonomy":"product_cat","embeddable":true,"href":"https:\/\/tivi-samsung.com\/index.php?rest_route=%2Fwp%2Fv2%2Fproduct_cat&post=4236"},{"taxonomy":"product_tag","embeddable":true,"href":"https:\/\/tivi-samsung.com\/index.php?rest_route=%2Fwp%2Fv2%2Fproduct_tag&post=4236"}],"curies":[{"name":"wp","href":"https:\/\/api.w.org\/{rel}","templated":true}]}}