{"id":4233,"date":"2025-09-16T15:50:23","date_gmt":"2025-09-16T15:50:23","guid":{"rendered":"https:\/\/tivi-samsung.com\/?post_type=product&#038;p=4233"},"modified":"2025-10-15T00:20:59","modified_gmt":"2025-10-14T17:20:59","slug":"smart-tivi-neo-qled-samsung-ai-4k-75-inch-qa75qn85d","status":"publish","type":"product","link":"https:\/\/tivi-samsung.com\/?product=smart-tivi-neo-qled-samsung-ai-4k-75-inch-qa75qn85d","title":{"rendered":"Smart Tivi Neo QLED Samsung AI 4K 75 inch\u00a0QA75QN85D"},"content":{"rendered":"<p><strong>Th\u00f4ng tin s\u1ea3n ph\u1ea9m<\/strong><\/p>\n<p><a href=\"https:\/\/tokoo.vn\/danh-muc\/samsung-tvs\/\" target=\"_blank\" rel=\"noopener\"><strong>Smart Tivi Neo QLED Samsung 4K 75 inch QA75QN85D<\/strong><\/a> trang b\u1ecb b\u1ed9 x\u1eed l\u00fd <strong>AI NQ4<\/strong> th\u1ebf h\u1ec7 2, gi\u00fap n\u00e2ng c\u1ea5p h\u00ecnh \u1ea3nh 4K l\u00ean m\u1ed9t t\u1ea7m cao m\u1edbi. C\u00f4ng ngh\u1ec7 Quantum Matrix t\u00e1i hi\u1ec7n khung h\u00ecnh v\u1edbi m\u00e0u \u0111en thu\u1ea7n khi\u1ebft, trong khi c\u00f4ng ngh\u1ec7<strong> Neo Quantum HDR<\/strong> mang \u0111\u1ebfn m\u00e0u s\u1eafc r\u1ef1c r\u1ee1. \u00c2m thanh Dolby Atmos t\u1ea1o n\u00ean tr\u1ea3i nghi\u1ec7m \u00e2m thanh \u0111i\u1ec7n \u1ea3nh l\u00f4i cu\u1ed1n, c\u00f9ng v\u1edbi h\u1ec7 \u0111i\u1ec1u h\u00e0nh<strong> Tizen\u2122<\/strong> hi\u1ec7n \u0111\u1ea1i.<\/p>\n<p><strong>Thi\u1ebft k\u1ebf<\/strong><\/p>\n<p>&#8211; Tivi <strong>Samsung QA75QN85D<\/strong> c\u00f3 ki\u1ec3u d\u00e1ng thanh l\u1ecbch v\u1edbi vi\u1ec1n m\u1ecfng, t\u1ea1o ra m\u1ed9t kh\u00f4ng gian xem l\u1edbn, thu h\u00fat \u00e1nh nh\u00ecn ngay t\u1eeb khi b\u1ea1n b\u1eadt tivi.<\/p>\n<p>&#8211; M\u00e0n h\u00ecnh l\u1edbn 75 inch s\u1ebd l\u00e0m t\u0103ng th\u00eam v\u1ebb \u0111\u1eb9p v\u00e0 \u0111\u1eb3ng c\u1ea5p cho kh\u00f4ng gian s\u1ed1ng c\u1ee7a b\u1ea1n.<\/p>\n<p>&#8211; B\u1ea1n c\u00f3 th\u1ec3 l\u1ef1a ch\u1ecdn treo tivi l\u00ean t\u01b0\u1eddng ho\u1eb7c \u0111\u1eb7t n\u00f3 tr\u00ean b\u00e0n, tu\u1ef3 thu\u1ed9c v\u00e0o phong c\u00e1ch n\u1ed9i th\u1ea5t c\u1ee7a c\u0103n ph\u00f2ng b\u1ea1n.<\/p>\n<p><img fetchpriority=\"high\" decoding=\"async\" class=\"alignnone wp-image-5435\" src=\"https:\/\/tivi-samsung.com\/wp-content\/uploads\/2025\/09\/tivi-neo-qled-samsung-4k-85-inch-qa85qn90d-1-1020x570-2-300x168.jpg\" alt=\"\" width=\"1289\" height=\"722\" srcset=\"https:\/\/tivi-samsung.com\/wp-content\/uploads\/2025\/09\/tivi-neo-qled-samsung-4k-85-inch-qa85qn90d-1-1020x570-2-300x168.jpg 300w, https:\/\/tivi-samsung.com\/wp-content\/uploads\/2025\/09\/tivi-neo-qled-samsung-4k-85-inch-qa85qn90d-1-1020x570-2-768x429.jpg 768w, https:\/\/tivi-samsung.com\/wp-content\/uploads\/2025\/09\/tivi-neo-qled-samsung-4k-85-inch-qa85qn90d-1-1020x570-2-450x251.jpg 450w, https:\/\/tivi-samsung.com\/wp-content\/uploads\/2025\/09\/tivi-neo-qled-samsung-4k-85-inch-qa85qn90d-1-1020x570-2-600x335.jpg 600w, https:\/\/tivi-samsung.com\/wp-content\/uploads\/2025\/09\/tivi-neo-qled-samsung-4k-85-inch-qa85qn90d-1-1020x570-2-150x84.jpg 150w, https:\/\/tivi-samsung.com\/wp-content\/uploads\/2025\/09\/tivi-neo-qled-samsung-4k-85-inch-qa85qn90d-1-1020x570-2.jpg 1020w\" sizes=\"(max-width: 1289px) 100vw, 1289px\" \/><\/p>\n<p><strong>C\u00f4ng ngh\u1ec7 h\u00ecnh \u1ea3nh<\/strong><\/p>\n<p>&#8211; \u0110\u1ed9 ph\u00e2n gi\u1ea3i 4K v\u1edbi 8 tri\u1ec7u \u0111i\u1ec3m \u1ea3nh gi\u00fap h\u00ecnh \u1ea3nh tr\u1edf n\u00ean s\u1eafc n\u00e9t v\u00e0 ch\u00e2n th\u1ef1c.<\/p>\n<p>&#8211; B\u1ed9 x\u1eed l\u00fd <strong>AI NQ4<\/strong> th\u1ebf h\u1ec7 2 gi\u00fap n\u00e2ng c\u1ea5p ch\u1ea5t l\u01b0\u1ee3ng h\u00ecnh \u1ea3nh l\u00ean 4K, t\u1ed1i \u01b0u hi\u1ec7u su\u1ea5t thi\u1ebft b\u1ecb \u0111\u1ec3 b\u1ea1n c\u00f3 th\u1ec3 t\u1eadn h\u01b0\u1edfng c\u00e1c n\u1ed9i dung gi\u1ea3i tr\u00ed ho\u00e0n h\u1ea3o.<\/p>\n<p>&#8211; C\u00f4ng ngh\u1ec7 <strong>Quantum Matrix<\/strong> ki\u1ec3m so\u00e1t \u0111\u00e8n n\u1ec1n, truy\u1ec1n t\u1ea3i khung h\u00ecnh chi ti\u1ebft, m\u00e0u s\u1eafc ph\u1ee9c t\u1ea1p v\u1edbi s\u1eafc \u0111en s\u00e2u th\u1eb3m, gi\u1ea3m hi\u1ec7n t\u01b0\u1ee3ng h\u1edf s\u00e1ng.<\/p>\n<p><img decoding=\"async\" class=\"alignnone wp-image-5437\" src=\"https:\/\/tivi-samsung.com\/wp-content\/uploads\/2025\/09\/tivi-neo-qled-samsung-4k-85-inch-qa85qn90d-3-1020x570-2-300x168.jpg\" alt=\"\" width=\"1289\" height=\"722\" srcset=\"https:\/\/tivi-samsung.com\/wp-content\/uploads\/2025\/09\/tivi-neo-qled-samsung-4k-85-inch-qa85qn90d-3-1020x570-2-300x168.jpg 300w, https:\/\/tivi-samsung.com\/wp-content\/uploads\/2025\/09\/tivi-neo-qled-samsung-4k-85-inch-qa85qn90d-3-1020x570-2-768x429.jpg 768w, https:\/\/tivi-samsung.com\/wp-content\/uploads\/2025\/09\/tivi-neo-qled-samsung-4k-85-inch-qa85qn90d-3-1020x570-2-450x251.jpg 450w, https:\/\/tivi-samsung.com\/wp-content\/uploads\/2025\/09\/tivi-neo-qled-samsung-4k-85-inch-qa85qn90d-3-1020x570-2-600x335.jpg 600w, https:\/\/tivi-samsung.com\/wp-content\/uploads\/2025\/09\/tivi-neo-qled-samsung-4k-85-inch-qa85qn90d-3-1020x570-2-150x84.jpg 150w, https:\/\/tivi-samsung.com\/wp-content\/uploads\/2025\/09\/tivi-neo-qled-samsung-4k-85-inch-qa85qn90d-3-1020x570-2.jpg 1020w\" sizes=\"(max-width: 1289px) 100vw, 1289px\" \/><\/p>\n<p>&#8211; <strong>Tivi Samsung<\/strong> c\u00f3 c\u00f4ng ngh\u1ec7 <strong>Wide Viewing Angle<\/strong> cho ph\u00e9p b\u1ea1n xem t\u1eeb g\u00f3c r\u1ed9ng, m\u00e0u s\u1eafc kh\u00f4ng thay \u0111\u1ed5i d\u00f9 b\u1ea1n ng\u1ed3i \u1edf g\u00f3c l\u1ec7ch.<\/p>\n<p>&#8211; C\u00f4ng ngh\u1ec7 Neo Quantum HDR \u0111i\u1ec1u ch\u1ec9nh \u0111\u1ed9 t\u01b0\u01a1ng ph\u1ea3n, m\u00e0u s\u1eafc, gi\u00fap b\u1ea1n th\u01b0\u1edfng th\u1ee9c m\u1ecdi chi ti\u1ebft ho\u00e0n m\u1ef9, tr\u1ea3i nghi\u1ec7m h\u00ecnh \u1ea3nh 4K tuy\u1ec7t \u0111\u1eb9p trong t\u1eebng s\u1eafc th\u00e1i, m\u00e0u s\u1eafc.<\/p>\n<p>&#8211; C\u00f4ng ngh\u1ec7 <strong>Supreme UHD Dimming<\/strong> gi\u00fap c\u1ea3i thi\u1ec7n ch\u1ea5t l\u01b0\u1ee3ng h\u00ecnh \u1ea3nh b\u1eb1ng c\u00e1ch chia h\u00ecnh \u1ea3nh th\u00e0nh c\u00e1c v\u00f9ng nh\u1ecf v\u00e0 t\u1ed1i \u01b0u h\u00f3a \u0111\u1ed9 n\u00e9t, m\u00e0u s\u1eafc, v\u00e0 \u0111\u1ed9 t\u01b0\u01a1ng ph\u1ea3n cho t\u1eebng v\u00f9ng. \u0110i\u1ec1u n\u00e0y gi\u00fap h\u00ecnh \u1ea3nh tr\u1edf n\u00ean r\u00f5 n\u00e9t v\u00e0 m\u00e0u s\u1eafc tr\u1edf n\u00ean s\u1ed1ng \u0111\u1ed9ng h\u01a1n.<\/p>\n<p>&#8211; <strong>AI HDR Remastering<\/strong> l\u00e0 c\u00f4ng ngh\u1ec7 gi\u00fap c\u1ea3i thi\u1ec7n ch\u1ea5t l\u01b0\u1ee3ng h\u00ecnh \u1ea3nh b\u1eb1ng c\u00e1ch \u00e1p d\u1ee5ng hi\u1ec7u \u1ee9ng HDR v\u00e0o c\u00e1c n\u1ed9i dung SDR theo th\u1eddi gian th\u1ef1c. K\u1ebft qu\u1ea3 l\u00e0 h\u00ecnh \u1ea3nh r\u00f5 n\u00e9t h\u01a1n v\u00e0 m\u00e0u s\u1eafc r\u1ef1c r\u1ee1 h\u01a1n.<\/p>\n<p><img decoding=\"async\" class=\"alignnone wp-image-5418\" src=\"https:\/\/tivi-samsung.com\/wp-content\/uploads\/2025\/09\/tivi-neo-qled-samsung-4k-85-inch-qa85qn90d-2-1020x570-1-300x168.jpg\" alt=\"\" width=\"1318\" height=\"738\" srcset=\"https:\/\/tivi-samsung.com\/wp-content\/uploads\/2025\/09\/tivi-neo-qled-samsung-4k-85-inch-qa85qn90d-2-1020x570-1-300x168.jpg 300w, https:\/\/tivi-samsung.com\/wp-content\/uploads\/2025\/09\/tivi-neo-qled-samsung-4k-85-inch-qa85qn90d-2-1020x570-1-768x429.jpg 768w, https:\/\/tivi-samsung.com\/wp-content\/uploads\/2025\/09\/tivi-neo-qled-samsung-4k-85-inch-qa85qn90d-2-1020x570-1-450x251.jpg 450w, https:\/\/tivi-samsung.com\/wp-content\/uploads\/2025\/09\/tivi-neo-qled-samsung-4k-85-inch-qa85qn90d-2-1020x570-1-600x335.jpg 600w, https:\/\/tivi-samsung.com\/wp-content\/uploads\/2025\/09\/tivi-neo-qled-samsung-4k-85-inch-qa85qn90d-2-1020x570-1-150x84.jpg 150w, https:\/\/tivi-samsung.com\/wp-content\/uploads\/2025\/09\/tivi-neo-qled-samsung-4k-85-inch-qa85qn90d-2-1020x570-1.jpg 1020w\" sizes=\"(max-width: 1318px) 100vw, 1318px\" \/><\/p>\n<p>&#8211; C\u00f4ng ngh\u1ec7 <strong>FreeSync Premium Pro<\/strong> gi\u00fap gi\u1ea3m thi\u1ec3u hi\u1ec7n t\u01b0\u1ee3ng gi\u1eadt, x\u00e9 h\u00ecnh khi ch\u01a1i game, mang \u0111\u1ebfn tr\u1ea3i nghi\u1ec7m ch\u01a1i game m\u01b0\u1ee3t m\u00e0 v\u1edbi h\u00ecnh \u1ea3nh HDR s\u1eafc n\u00e9t.<\/p>\n<p>&#8211; Ch\u1ebf \u0111\u1ed9 <strong>Auto Low Latency Mode<\/strong> (ALLM) gi\u00fap gi\u1ea3m \u0111\u1ed9 tr\u1ec5 \u0111\u1ea7u v\u00e0o t\u1ef1 \u0111\u1ed9ng, t\u1ea1o ra hi\u1ec7u \u1ee9ng ph\u1ea3n h\u1ed3i t\u1ee9c th\u00ec, gi\u00fap tr\u1ea3i nghi\u1ec7m ch\u01a1i game tr\u1edf n\u00ean gay c\u1ea5n h\u01a1n.<\/p>\n<p>&#8211; C\u00f4ng ngh\u1ec7<strong> Motion Xcelerator<\/strong> v\u1edbi t\u1ea7n s\u1ed1 qu\u00e9t 120 Hz gi\u00fap b\u1ea1n t\u1eadn h\u01b0\u1edfng tr\u1eadn game \u0111\u1ea7y ph\u1ea5n kh\u00edch v\u1edbi chuy\u1ec3n \u0111\u1ed9ng r\u00f5 r\u00e0ng, kh\u00f4ng b\u1ecb nh\u00f2e m\u1edd.<\/p>\n<p><img loading=\"lazy\" decoding=\"async\" class=\"alignnone wp-image-5314\" src=\"https:\/\/tivi-samsung.com\/wp-content\/uploads\/2025\/09\/tivi-neo-qled-samsung-8k-65-inch-qa65qn800d-5-1020x570-1-300x168.jpg\" alt=\"\" width=\"1321\" height=\"740\" srcset=\"https:\/\/tivi-samsung.com\/wp-content\/uploads\/2025\/09\/tivi-neo-qled-samsung-8k-65-inch-qa65qn800d-5-1020x570-1-300x168.jpg 300w, https:\/\/tivi-samsung.com\/wp-content\/uploads\/2025\/09\/tivi-neo-qled-samsung-8k-65-inch-qa65qn800d-5-1020x570-1-768x429.jpg 768w, https:\/\/tivi-samsung.com\/wp-content\/uploads\/2025\/09\/tivi-neo-qled-samsung-8k-65-inch-qa65qn800d-5-1020x570-1-450x251.jpg 450w, https:\/\/tivi-samsung.com\/wp-content\/uploads\/2025\/09\/tivi-neo-qled-samsung-8k-65-inch-qa65qn800d-5-1020x570-1-600x335.jpg 600w, https:\/\/tivi-samsung.com\/wp-content\/uploads\/2025\/09\/tivi-neo-qled-samsung-8k-65-inch-qa65qn800d-5-1020x570-1-150x84.jpg 150w, https:\/\/tivi-samsung.com\/wp-content\/uploads\/2025\/09\/tivi-neo-qled-samsung-8k-65-inch-qa65qn800d-5-1020x570-1.jpg 1020w\" sizes=\"(max-width: 1321px) 100vw, 1321px\" \/><\/p>\n<p><strong>C\u00f4ng ngh\u1ec7 \u00e2m thanh<\/strong><\/p>\n<p>&#8211; H\u1ec7 th\u1ed1ng loa v\u1edbi t\u1ed5ng c\u00f4ng su\u1ea5t 40W mang \u0111\u1ebfn \u00e2m thanh l\u1edbn, r\u00f5 r\u00e0ng v\u00e0 \u0111\u1ea7y s\u1ed1ng \u0111\u1ed9ng.<\/p>\n<p>&#8211; <strong>C\u00f4ng ngh\u1ec7 Dolby Atmos v\u00e0 OTS<\/strong> t\u00e1i t\u1ea1o \u00e2m thanh 3D, \u0111i theo chuy\u1ec3n \u0111\u1ed9ng c\u1ee7a h\u00ecnh \u1ea3nh, gi\u00fap b\u1ea1n c\u1ea3m nh\u1eadn \u0111\u01b0\u1ee3c s\u1ef1 ch\u00e2n th\u1ef1c trong t\u1eebng c\u1ea3nh phim ho\u1eb7c ch\u01b0\u01a1ng tr\u00ecnh th\u1ec3 thao m\u00e0 b\u1ea1n \u0111ang xem.<\/p>\n<p><img loading=\"lazy\" decoding=\"async\" class=\"alignnone wp-image-5443\" src=\"https:\/\/tivi-samsung.com\/wp-content\/uploads\/2025\/09\/smart-tivi-neo-qled-8k-85-inch-samsung-qa85qn900c-030323-115212-300x168.jpg\" alt=\"\" width=\"1329\" height=\"744\" srcset=\"https:\/\/tivi-samsung.com\/wp-content\/uploads\/2025\/09\/smart-tivi-neo-qled-8k-85-inch-samsung-qa85qn900c-030323-115212-300x168.jpg 300w, https:\/\/tivi-samsung.com\/wp-content\/uploads\/2025\/09\/smart-tivi-neo-qled-8k-85-inch-samsung-qa85qn900c-030323-115212-768x429.jpg 768w, https:\/\/tivi-samsung.com\/wp-content\/uploads\/2025\/09\/smart-tivi-neo-qled-8k-85-inch-samsung-qa85qn900c-030323-115212-450x251.jpg 450w, https:\/\/tivi-samsung.com\/wp-content\/uploads\/2025\/09\/smart-tivi-neo-qled-8k-85-inch-samsung-qa85qn900c-030323-115212-600x335.jpg 600w, https:\/\/tivi-samsung.com\/wp-content\/uploads\/2025\/09\/smart-tivi-neo-qled-8k-85-inch-samsung-qa85qn900c-030323-115212-150x84.jpg 150w, https:\/\/tivi-samsung.com\/wp-content\/uploads\/2025\/09\/smart-tivi-neo-qled-8k-85-inch-samsung-qa85qn900c-030323-115212.jpg 1020w\" sizes=\"(max-width: 1329px) 100vw, 1329px\" \/><\/p>\n<p>&#8211; <strong>C\u00f4ng ngh\u1ec7 Active Voice Amplifie<\/strong>r t\u1ef1 \u0111\u1ed9ng l\u00e0m to \u00e2m tho\u1ea1i, gi\u00fap b\u1ea1n d\u1ec5 d\u00e0ng n\u1eafm b\u1eaft c\u00e1c t\u00ecnh ti\u1ebft c\u00e2u chuy\u1ec7n v\u00e0 kh\u00f4ng b\u1ecf l\u1ee1 b\u1ea5t k\u1ef3 n\u1ed9i dung quan tr\u1ecdng n\u00e0o.<\/p>\n<p>&#8211;<strong> Q-Symphony Next<\/strong> k\u1ebft h\u1ee3p loa tivi v\u1edbi loa thanh b\u1eb1ng AI t\u1ea1o ra kh\u00f4ng gian gi\u1ea3i tr\u00ed tuy\u1ec7t v\u1eddi v\u1edbi \u00e2m thanh m\u1ea1nh m\u1ebd, khi k\u1ebft h\u1ee3p \u00e2m thanh t\u1eeb loa thanh v\u00e0 loa tivi.<\/p>\n<p><img loading=\"lazy\" decoding=\"async\" class=\"alignnone wp-image-5433\" src=\"https:\/\/tivi-samsung.com\/wp-content\/uploads\/2025\/09\/tivi-neo-qled-samsung-4k-85-inch-qa85qn90d-7-1020x570-2-300x168.jpg\" alt=\"\" width=\"1339\" height=\"750\" srcset=\"https:\/\/tivi-samsung.com\/wp-content\/uploads\/2025\/09\/tivi-neo-qled-samsung-4k-85-inch-qa85qn90d-7-1020x570-2-300x168.jpg 300w, https:\/\/tivi-samsung.com\/wp-content\/uploads\/2025\/09\/tivi-neo-qled-samsung-4k-85-inch-qa85qn90d-7-1020x570-2-768x429.jpg 768w, https:\/\/tivi-samsung.com\/wp-content\/uploads\/2025\/09\/tivi-neo-qled-samsung-4k-85-inch-qa85qn90d-7-1020x570-2-450x251.jpg 450w, https:\/\/tivi-samsung.com\/wp-content\/uploads\/2025\/09\/tivi-neo-qled-samsung-4k-85-inch-qa85qn90d-7-1020x570-2-600x335.jpg 600w, https:\/\/tivi-samsung.com\/wp-content\/uploads\/2025\/09\/tivi-neo-qled-samsung-4k-85-inch-qa85qn90d-7-1020x570-2-150x84.jpg 150w, https:\/\/tivi-samsung.com\/wp-content\/uploads\/2025\/09\/tivi-neo-qled-samsung-4k-85-inch-qa85qn90d-7-1020x570-2.jpg 1020w\" sizes=\"(max-width: 1339px) 100vw, 1339px\" \/><\/p>\n<p><strong>H\u1ec7 \u0111i\u1ec1u h\u00e0nh<\/strong><\/p>\n<p>H\u1ec7 \u0111i\u1ec1u h\u00e0nh <strong>Tizen\u2122<\/strong> c\u00f3 giao di\u1ec7n \u0111\u01b0\u1ee3c c\u1ea3i ti\u1ebfn, gi\u00fap b\u1ea1n truy c\u1eadp nhanh ch\u00f3ng v\u00e0o c\u00e1c n\u1ed9i dung y\u00eau th\u00edch m\u00e0 kh\u00f4ng c\u1ea7n t\u00ecm ki\u1ebfm. Kho \u1ee9ng d\u1ee5ng phong ph\u00fa cho ph\u00e9p b\u1ea1n d\u1ec5 d\u00e0ng t\u1ea3i v\u1ec1 c\u00e1c \u1ee9ng d\u1ee5ng b\u1ea1n mu\u1ed1n, ph\u1ee5c v\u1ee5 nhu c\u1ea7u gi\u1ea3i tr\u00ed c\u1ee7a m\u1ecdi th\u00e0nh vi\u00ean trong gia \u0111\u00ecnh.<\/p>\n<p><img loading=\"lazy\" decoding=\"async\" class=\"alignnone wp-image-5455\" src=\"https:\/\/tivi-samsung.com\/wp-content\/uploads\/2025\/09\/smart-tivi-neo-qled-samsung-ai-4k-85-inch-qa85qn70f-11-1020x570-1-300x168.jpg\" alt=\"\" width=\"1357\" height=\"760\" srcset=\"https:\/\/tivi-samsung.com\/wp-content\/uploads\/2025\/09\/smart-tivi-neo-qled-samsung-ai-4k-85-inch-qa85qn70f-11-1020x570-1-300x168.jpg 300w, https:\/\/tivi-samsung.com\/wp-content\/uploads\/2025\/09\/smart-tivi-neo-qled-samsung-ai-4k-85-inch-qa85qn70f-11-1020x570-1-768x429.jpg 768w, https:\/\/tivi-samsung.com\/wp-content\/uploads\/2025\/09\/smart-tivi-neo-qled-samsung-ai-4k-85-inch-qa85qn70f-11-1020x570-1-450x251.jpg 450w, https:\/\/tivi-samsung.com\/wp-content\/uploads\/2025\/09\/smart-tivi-neo-qled-samsung-ai-4k-85-inch-qa85qn70f-11-1020x570-1-600x335.jpg 600w, https:\/\/tivi-samsung.com\/wp-content\/uploads\/2025\/09\/smart-tivi-neo-qled-samsung-ai-4k-85-inch-qa85qn70f-11-1020x570-1-150x84.jpg 150w, https:\/\/tivi-samsung.com\/wp-content\/uploads\/2025\/09\/smart-tivi-neo-qled-samsung-ai-4k-85-inch-qa85qn70f-11-1020x570-1.jpg 1020w\" sizes=\"(max-width: 1357px) 100vw, 1357px\" \/><\/p>\n<p><strong>Ti\u1ec7n \u00edch<\/strong><\/p>\n<p>&#8211; V\u1edbi tivi <strong>Samsung 75<\/strong> inch b\u1ea1n c\u00f3 th\u1ec3 \u0111i\u1ec1u khi\u1ec3n tivi b\u1eb1ng gi\u1ecdng n\u00f3i c\u1ee7a m\u00ecnh qua Bixby h\u1ed7 tr\u1ee3 ti\u1ebfng Vi\u1ec7t.<\/p>\n<p>&#8211; <strong>SmartThings<\/strong> cho ph\u00e9p b\u1ea1n li\u00ean k\u1ebft v\u00e0 qu\u1ea3n l\u00fd c\u00e1c thi\u1ebft b\u1ecb \u0111i\u1ec7n t\u1eed trong nh\u00e0 qua tivi.<\/p>\n<p>&#8211; \u0110i\u1ec1u khi\u1ec3n <strong>One Remote Control t\u00edch h\u1ee3p Solar Cell Remote<\/strong> kh\u00f4ng c\u1ea7n mua pin thay th\u1ebf, ch\u1ec9 c\u1ea7n s\u1ea1c l\u1ea1i b\u1eb1ng \u00e1nh s\u00e1ng.<\/p>\n<p>&#8211; Chia s\u1ebb nhanh t\u00e0i li\u1ec7u, h\u00ecnh \u1ea3nh, video t\u1eeb thi\u1ebft b\u1ecb di \u0111\u1ed9ng l\u00ean tivi qua<strong> AirPlay 2 (iPhone).<\/strong><\/p>\n<p>&#8211; T\u00ednh n\u0103ng chia nh\u1ecf m\u00e0n h\u00ecnh tivi Multi View gi\u00fap b\u1ea1n gi\u1ea3i tr\u00ed v\u1edbi nhi\u1ec1u n\u1ed9i dung c\u00f9ng l\u00fac m\u00e0 kh\u00f4ng c\u1ea7n thay \u0111\u1ed5i g\u00f3c nh\u00ecn.<\/p>\n<p><img loading=\"lazy\" decoding=\"async\" class=\"alignnone wp-image-5434\" src=\"https:\/\/tivi-samsung.com\/wp-content\/uploads\/2025\/09\/tivi-neo-qled-samsung-4k-85-inch-qa85qn90d-10-1020x570-2-300x168.jpg\" alt=\"\" width=\"1359\" height=\"761\" srcset=\"https:\/\/tivi-samsung.com\/wp-content\/uploads\/2025\/09\/tivi-neo-qled-samsung-4k-85-inch-qa85qn90d-10-1020x570-2-300x168.jpg 300w, https:\/\/tivi-samsung.com\/wp-content\/uploads\/2025\/09\/tivi-neo-qled-samsung-4k-85-inch-qa85qn90d-10-1020x570-2-768x429.jpg 768w, https:\/\/tivi-samsung.com\/wp-content\/uploads\/2025\/09\/tivi-neo-qled-samsung-4k-85-inch-qa85qn90d-10-1020x570-2-450x251.jpg 450w, https:\/\/tivi-samsung.com\/wp-content\/uploads\/2025\/09\/tivi-neo-qled-samsung-4k-85-inch-qa85qn90d-10-1020x570-2-600x335.jpg 600w, https:\/\/tivi-samsung.com\/wp-content\/uploads\/2025\/09\/tivi-neo-qled-samsung-4k-85-inch-qa85qn90d-10-1020x570-2-150x84.jpg 150w, https:\/\/tivi-samsung.com\/wp-content\/uploads\/2025\/09\/tivi-neo-qled-samsung-4k-85-inch-qa85qn90d-10-1020x570-2.jpg 1020w\" sizes=\"(max-width: 1359px) 100vw, 1359px\" \/><\/p>\n<p><em><strong>Smart Tivi Neo QLED Samsung 4K 75 inch QA75QN85D<\/strong> \u0111\u01b0\u1ee3c trang b\u1ecb b\u1ed9 x\u1eed l\u00fd <strong>AI NQ4<\/strong> th\u1ebf h\u1ec7 2 \u0111\u1ec3 n\u00e2ng c\u1ea5p h\u00ecnh \u1ea3nh l\u00ean chu\u1ea9n 4K sinh \u0111\u1ed9ng, c\u00f4ng ngh\u1ec7 Quantum Matrix t\u00e1i hi\u1ec7n khung h\u00ecnh v\u1edbi m\u00e0u \u0111en thu\u1ea7n khi\u1ebft, c\u00f4ng ngh\u1ec7 Neo Quantum HDR cho m\u00e0u s\u1eafc r\u1ef1c r\u1ee1, \u00e2m thanh Dolby Atmos s\u1ed1ng \u0111\u1ed9ng v\u00e0 h\u1ed7 tr\u1ee3 h\u1ec7 \u0111i\u1ec1u h\u00e0nh <strong>Tizen\u2122<\/strong> hi\u1ec7n \u0111\u1ea1i.<\/em><\/p>\n<p><script src=\"chrome-extension:\/\/fpelahbljekknahkcaegamhcndkfpfnc\/iFrame.js\" type=\"text\/javascript\"><\/script><\/p>\n","protected":false},"excerpt":{"rendered":"<p>&nbsp;<\/p>\n<p><script src=\"chrome-extension:\/\/fpelahbljekknahkcaegamhcndkfpfnc\/iFrame.js\" type=\"text\/javascript\"><\/script><\/p>\n<p><script src=\"chrome-extension:\/\/fpelahbljekknahkcaegamhcndkfpfnc\/iFrame.js\" type=\"text\/javascript\"><\/script><\/p>\n<p><script src=\"chrome-extension:\/\/fpelahbljekknahkcaegamhcndkfpfnc\/iFrame.js\" type=\"text\/javascript\"><\/script><\/p>\n<p><script src=\"chrome-extension:\/\/fpelahbljekknahkcaegamhcndkfpfnc\/iFrame.js\" type=\"text\/javascript\"><\/script><\/p>\n<p><script src=\"chrome-extension:\/\/fpelahbljekknahkcaegamhcndkfpfnc\/iFrame.js\" type=\"text\/javascript\"><\/script><\/p>\n<p><script src=\"chrome-extension:\/\/fpelahbljekknahkcaegamhcndkfpfnc\/iFrame.js\" type=\"text\/javascript\"><\/script><\/p>\n<p><script src=\"chrome-extension:\/\/fpelahbljekknahkcaegamhcndkfpfnc\/iFrame.js\" type=\"text\/javascript\"><\/script><\/p>\n","protected":false},"featured_media":6660,"comment_status":"open","ping_status":"closed","template":"","meta":[],"product_brand":[88],"product_cat":[68,76],"product_tag":[],"class_list":{"0":"post-4233","1":"product","2":"type-product","3":"status-publish","4":"has-post-thumbnail","6":"product_brand-samsung","7":"product_cat-smart-tv","8":"product_cat-televisions","9":"pa_kich-co-man-hinh-tu-75-85-inch","11":"first","12":"instock","13":"shipping-taxable","14":"purchasable","15":"product-type-simple"},"_links":{"self":[{"href":"https:\/\/tivi-samsung.com\/index.php?rest_route=\/wp\/v2\/product\/4233","targetHints":{"allow":["GET"]}}],"collection":[{"href":"https:\/\/tivi-samsung.com\/index.php?rest_route=\/wp\/v2\/product"}],"about":[{"href":"https:\/\/tivi-samsung.com\/index.php?rest_route=\/wp\/v2\/types\/product"}],"replies":[{"embeddable":true,"href":"https:\/\/tivi-samsung.com\/index.php?rest_route=%2Fwp%2Fv2%2Fcomments&post=4233"}],"version-history":[{"count":9,"href":"https:\/\/tivi-samsung.com\/index.php?rest_route=\/wp\/v2\/product\/4233\/revisions"}],"predecessor-version":[{"id":8450,"href":"https:\/\/tivi-samsung.com\/index.php?rest_route=\/wp\/v2\/product\/4233\/revisions\/8450"}],"wp:featuredmedia":[{"embeddable":true,"href":"https:\/\/tivi-samsung.com\/index.php?rest_route=\/wp\/v2\/media\/6660"}],"wp:attachment":[{"href":"https:\/\/tivi-samsung.com\/index.php?rest_route=%2Fwp%2Fv2%2Fmedia&parent=4233"}],"wp:term":[{"taxonomy":"product_brand","embeddable":true,"href":"https:\/\/tivi-samsung.com\/index.php?rest_route=%2Fwp%2Fv2%2Fproduct_brand&post=4233"},{"taxonomy":"product_cat","embeddable":true,"href":"https:\/\/tivi-samsung.com\/index.php?rest_route=%2Fwp%2Fv2%2Fproduct_cat&post=4233"},{"taxonomy":"product_tag","embeddable":true,"href":"https:\/\/tivi-samsung.com\/index.php?rest_route=%2Fwp%2Fv2%2Fproduct_tag&post=4233"}],"curies":[{"name":"wp","href":"https:\/\/api.w.org\/{rel}","templated":true}]}}