{"id":4228,"date":"2025-09-16T15:47:38","date_gmt":"2025-09-16T15:47:38","guid":{"rendered":"https:\/\/tivi-samsung.com\/?post_type=product&#038;p=4228"},"modified":"2025-10-15T00:21:42","modified_gmt":"2025-10-14T17:21:42","slug":"smart-tivi-qled-samsung-4k-75-inch-qa75q60c","status":"publish","type":"product","link":"https:\/\/tivi-samsung.com\/?product=smart-tivi-qled-samsung-4k-75-inch-qa75q60c","title":{"rendered":"Smart Tivi QLED Samsung 4K 75 inch\u00a0 QA75Q60C"},"content":{"rendered":"<p><strong>Th\u00f4ng tin s\u1ea3n ph\u1ea9m<\/strong><\/p>\n<p><a href=\"https:\/\/tokoo.vn\/danh-muc\/samsung-tvs\/\" target=\"_blank\" rel=\"noopener\"><strong>Smart Tivi QLED 4K 75 inch Samsung QA75Q60C<\/strong> <\/a>s\u1edf h\u1eefu thi\u1ebft k\u1ebf thanh l\u1ecbch, h\u00e0i h\u00f2a v\u1edbi h\u1ea7u h\u1ebft kh\u00f4ng gian n\u1ed9i th\u1ea5t trong gia \u0111\u00ecnh. B\u00ean c\u1ea1nh \u0111\u00f3, <strong>Smart Tivi Samsung<\/strong> \u0111\u01b0\u1ee3c trang b\u1ecb c\u00e1c c\u00f4ng ngh\u1ec7 x\u1eed l\u00fd h\u00ecnh \u1ea3nh, \u00e2m thanh hi\u1ec7n \u0111\u1ea1i nh\u01b0<strong> Quantum Dot<\/strong> hi\u1ec3n th\u1ecb 100% d\u1ea3i m\u00e0u, c\u00f4ng ngh\u1ec7 ki\u1ec3m so\u00e1t \u0111\u00e8n n\u1ec1n <strong>Ultimate UHD Dimming hay Motion Xcelerator, b\u1ed9 x\u1eed l\u00fd Quantum 4K Lite, h\u1ec7 \u0111i\u1ec1u h\u00e0nh Tizen\u2122,\u2026<\/strong> c\u00f9ng c\u00e1c ti\u1ec7n \u00edch th\u00f4ng minh mang \u0111\u1ebfn tr\u1ea3i nghi\u1ec7m \u00e2m thanh tuy\u1ec7t \u0111\u1ec9nh t\u1ea1i nh\u00e0.<\/p>\n<p><strong>T\u1ed5ng quan thi\u1ebft k\u1ebf<\/strong><\/p>\n<p>&#8211; <strong>Smart Tivi QLED 4K 75 inch Samsung QA75Q60C<\/strong> s\u1edf h\u1eefu m\u00e0n h\u00ecnh c\u00f3 k\u00edch th\u01b0\u1edbc 75 inch, thi\u1ebft k\u1ebf li\u1ec1n m\u1ea1ch, c\u1ea1nh vi\u1ec1n thanh tho\u00e1t g\u00f3p ph\u1ea7n t\u00f4 \u0111i\u1ec3m cho kh\u00f4ng gian n\u1ed9i th\u1ea5t.<\/p>\n<p>&#8211; Ch\u00e2n \u0111\u1ebf \u0111\u1ee1 tivi ch\u1eafc ch\u1eafn, \u0111\u01b0\u1ee3c l\u00e0m b\u1eb1ng ch\u1ea5t li\u1ec7u nh\u1ef1a, l\u00e0 s\u1ef1 tuy\u1ec7t v\u1eddi cho kh\u00f4ng gian ph\u00f2ng kh\u00e1ch, ph\u00f2ng l\u00e0m vi\u1ec7c, ph\u00f2ng ng\u1ee7,\u2026<\/p>\n<p><img fetchpriority=\"high\" decoding=\"async\" class=\"alignnone wp-image-5108\" src=\"https:\/\/tivi-samsung.com\/wp-content\/uploads\/2025\/09\/smart-tivi-qled-4k-43-inch-samsung-qa43q60c-240323-033231-300x168.jpg\" alt=\"\" width=\"1414\" height=\"792\" srcset=\"https:\/\/tivi-samsung.com\/wp-content\/uploads\/2025\/09\/smart-tivi-qled-4k-43-inch-samsung-qa43q60c-240323-033231-300x168.jpg 300w, https:\/\/tivi-samsung.com\/wp-content\/uploads\/2025\/09\/smart-tivi-qled-4k-43-inch-samsung-qa43q60c-240323-033231-768x429.jpg 768w, https:\/\/tivi-samsung.com\/wp-content\/uploads\/2025\/09\/smart-tivi-qled-4k-43-inch-samsung-qa43q60c-240323-033231-450x251.jpg 450w, https:\/\/tivi-samsung.com\/wp-content\/uploads\/2025\/09\/smart-tivi-qled-4k-43-inch-samsung-qa43q60c-240323-033231-600x335.jpg 600w, https:\/\/tivi-samsung.com\/wp-content\/uploads\/2025\/09\/smart-tivi-qled-4k-43-inch-samsung-qa43q60c-240323-033231-150x84.jpg 150w, https:\/\/tivi-samsung.com\/wp-content\/uploads\/2025\/09\/smart-tivi-qled-4k-43-inch-samsung-qa43q60c-240323-033231.jpg 1020w\" sizes=\"(max-width: 1414px) 100vw, 1414px\" \/><\/p>\n<p><strong>C\u00f4ng ngh\u1ec7 h\u00ecnh \u1ea3nh<\/strong><\/p>\n<p>&#8211; \u0110\u1ed9 ph\u00e2n gi\u1ea3i <strong>4K (Ultra HD)<\/strong> s\u1eafc n\u00e9t v\u1edbi h\u01a1n 8 tri\u1ec7u \u0111i\u1ec3m \u1ea3nh.<\/p>\n<p>&#8211; B\u1ed9 x\u1eed l\u00fd<strong> Quantum 4K Lite<\/strong> gi\u00fap t\u1ed1i \u01b0u h\u00f3a ch\u1ea5t l\u01b0\u1ee3ng h\u00ecnh \u1ea3nh ngu\u1ed3n ph\u00e1t g\u1ea7n chu\u1ea9n 4K.<\/p>\n<p>&#8211; <strong>Ambient Mode<\/strong> l\u00e0 m\u1ed9t ch\u1ebf \u0111\u1ed9 \u0111\u1ed9c \u0111\u00e1o v\u1edbi kh\u1ea3 n\u0103ng thay \u0111\u1ed5i m\u00e0n h\u00ecnh hi\u1ec3n th\u1ecb tivi khi kh\u00f4ng s\u1eed d\u1ee5ng, bi\u1ebfn tivi th\u00e0nh m\u1ed9t m\u00f3n \u0111\u1ed3 trang tr\u00ed thay v\u00ec m\u00f3n \u0111\u1ed3 \u0111i\u1ec7n t\u1eed th\u00f4ng th\u01b0\u1eddng.<\/p>\n<p>&#8211; C\u00f4ng ngh\u1ec7 <strong>Ultimate UHD Dimming<\/strong> gi\u00fap t\u0103ng \u0111\u1ed9 s\u00e1ng v\u00e0 l\u1ecdc h\u00ecnh \u1ea3nh tr\u1edf n\u00ean s\u1ed1ng \u0111\u1ed9ng h\u01a1n<\/p>\n<p><img decoding=\"async\" class=\"alignnone wp-image-5155\" src=\"https:\/\/tivi-samsung.com\/wp-content\/uploads\/2025\/09\/tivi-qled-samsung-4k-65-inch-qa65qn70d-cong-nghe-hinh-anh-1020x570-1-300x168.jpg\" alt=\"\" width=\"1414\" height=\"792\" srcset=\"https:\/\/tivi-samsung.com\/wp-content\/uploads\/2025\/09\/tivi-qled-samsung-4k-65-inch-qa65qn70d-cong-nghe-hinh-anh-1020x570-1-300x168.jpg 300w, https:\/\/tivi-samsung.com\/wp-content\/uploads\/2025\/09\/tivi-qled-samsung-4k-65-inch-qa65qn70d-cong-nghe-hinh-anh-1020x570-1-768x429.jpg 768w, https:\/\/tivi-samsung.com\/wp-content\/uploads\/2025\/09\/tivi-qled-samsung-4k-65-inch-qa65qn70d-cong-nghe-hinh-anh-1020x570-1-450x251.jpg 450w, https:\/\/tivi-samsung.com\/wp-content\/uploads\/2025\/09\/tivi-qled-samsung-4k-65-inch-qa65qn70d-cong-nghe-hinh-anh-1020x570-1-600x335.jpg 600w, https:\/\/tivi-samsung.com\/wp-content\/uploads\/2025\/09\/tivi-qled-samsung-4k-65-inch-qa65qn70d-cong-nghe-hinh-anh-1020x570-1-150x84.jpg 150w, https:\/\/tivi-samsung.com\/wp-content\/uploads\/2025\/09\/tivi-qled-samsung-4k-65-inch-qa65qn70d-cong-nghe-hinh-anh-1020x570-1.jpg 1020w\" sizes=\"(max-width: 1414px) 100vw, 1414px\" \/><\/p>\n<p>&#8211; <strong>Quantum Dot<\/strong> hi\u1ec3n th\u1ecb 100% d\u1ea3i s\u1eafc m\u00e0u, duy tr\u00ec \u0111\u1ed9 s\u00e1ng v\u00e0 \u0111\u1ed9 s\u1ed1ng \u0111\u1ed9ng cho m\u00e0u s\u1eafc b\u1ec1n b\u1ec9 d\u00e0i l\u00e2u.<\/p>\n<p>&#8211; C\u00f4ng ngh\u1ec7<strong> Dual LED<\/strong> s\u1eed d\u1ee5ng 2 \u0111\u00e8n LED v\u1edbi nhi\u1ec7t \u0111\u1ed9 m\u00e0u l\u1ea1nh v\u00e0 \u1ea5m k\u1ebft h\u1ee3p, t\u1eeb \u0111\u00f3 ki\u1ec3m so\u00e1t m\u00e0u s\u1eafc \u0111\u00e8n n\u1ec1n t\u1ed1t h\u01a1n, \u0111i\u1ec1u ch\u1ec9nh nhi\u1ec7t \u0111\u1ed9 m\u00e0u \u0111\u1ec3 m\u00e0u s\u1eafc ch\u00ednh x\u00e1c h\u01a1n.<\/p>\n<p><img decoding=\"async\" class=\"alignnone wp-image-5110\" src=\"https:\/\/tivi-samsung.com\/wp-content\/uploads\/2025\/09\/smart-tivi-qled-4k-75-inch-samsung-qa75q60c-210323-031944-300x168.jpg\" alt=\"\" width=\"1412\" height=\"791\" srcset=\"https:\/\/tivi-samsung.com\/wp-content\/uploads\/2025\/09\/smart-tivi-qled-4k-75-inch-samsung-qa75q60c-210323-031944-300x168.jpg 300w, https:\/\/tivi-samsung.com\/wp-content\/uploads\/2025\/09\/smart-tivi-qled-4k-75-inch-samsung-qa75q60c-210323-031944-768x429.jpg 768w, https:\/\/tivi-samsung.com\/wp-content\/uploads\/2025\/09\/smart-tivi-qled-4k-75-inch-samsung-qa75q60c-210323-031944-450x251.jpg 450w, https:\/\/tivi-samsung.com\/wp-content\/uploads\/2025\/09\/smart-tivi-qled-4k-75-inch-samsung-qa75q60c-210323-031944-600x335.jpg 600w, https:\/\/tivi-samsung.com\/wp-content\/uploads\/2025\/09\/smart-tivi-qled-4k-75-inch-samsung-qa75q60c-210323-031944-150x84.jpg 150w, https:\/\/tivi-samsung.com\/wp-content\/uploads\/2025\/09\/smart-tivi-qled-4k-75-inch-samsung-qa75q60c-210323-031944.jpg 1020w\" sizes=\"(max-width: 1412px) 100vw, 1412px\" \/><\/p>\n<p>&#8211; <strong>Quantum HDR<\/strong> cho h\u00ecnh \u1ea3nh \u0111\u1eb9p v\u00e0 c\u00f3 \u0111\u1ed9 s\u00e1ng v\u01b0\u1ee3t tr\u1ed9i \u0111em \u0111\u1ebfn cho ng\u01b0\u1eddi d\u00f9ng ch\u1ea5t l\u01b0\u1ee3ng h\u00ecnh \u1ea3nh \u0111\u1ec9nh cao.<\/p>\n<p>&#8211; <strong>Game Motion Plus, Super Ultra Wide Game View &amp; Game Bar<\/strong> gi\u00fap gi\u1ea3m thi\u1ec3u gi\u1eadt lag, t\u0103ng c\u01b0\u1eddng tr\u1ea3i nghi\u1ec7m game m\u01b0\u1ee3t m\u00e0 h\u01a1n.<\/p>\n<p><strong>C\u00f4ng ngh\u1ec7 \u00e2m thanh<\/strong><\/p>\n<p>&#8211; T\u1ed5ng c\u00f4\u200bng su\u1ea5t loa 20W cho ch\u1ea5t \u00e2m m\u1ea1nh m\u1ebd, trung th\u1ef1c.<\/p>\n<p>&#8211; \u00c2m thanh chuy\u1ec3n \u0111\u1ed9ng theo h\u00ecnh \u1ea3nh <strong>OTS Lite (Object Tracking Sound Lite)<\/strong> t\u1ea1o n\u00ean \u00e2m thanh v\u00f2m 3D s\u1ed1ng \u0111\u1ed9ng, trung th\u1ef1c \u0111\u1ebfn t\u1eebng ph\u00fat gi\u00e2y.<\/p>\n<p><img loading=\"lazy\" decoding=\"async\" class=\"alignnone wp-image-5105\" src=\"https:\/\/tivi-samsung.com\/wp-content\/uploads\/2025\/09\/smart-tivi-qled-4k-43-inch-samsung-qa43q60c-160323-095105-300x168.jpg\" alt=\"\" width=\"1412\" height=\"791\" srcset=\"https:\/\/tivi-samsung.com\/wp-content\/uploads\/2025\/09\/smart-tivi-qled-4k-43-inch-samsung-qa43q60c-160323-095105-300x168.jpg 300w, https:\/\/tivi-samsung.com\/wp-content\/uploads\/2025\/09\/smart-tivi-qled-4k-43-inch-samsung-qa43q60c-160323-095105-768x429.jpg 768w, https:\/\/tivi-samsung.com\/wp-content\/uploads\/2025\/09\/smart-tivi-qled-4k-43-inch-samsung-qa43q60c-160323-095105-450x251.jpg 450w, https:\/\/tivi-samsung.com\/wp-content\/uploads\/2025\/09\/smart-tivi-qled-4k-43-inch-samsung-qa43q60c-160323-095105-600x335.jpg 600w, https:\/\/tivi-samsung.com\/wp-content\/uploads\/2025\/09\/smart-tivi-qled-4k-43-inch-samsung-qa43q60c-160323-095105-150x84.jpg 150w, https:\/\/tivi-samsung.com\/wp-content\/uploads\/2025\/09\/smart-tivi-qled-4k-43-inch-samsung-qa43q60c-160323-095105.jpg 1020w\" sizes=\"(max-width: 1412px) 100vw, 1412px\" \/><\/p>\n<p>&#8211; C\u00f4ng ngh\u1ec7 <strong>Q-Symphony<\/strong> mang \u0111\u1ebfn tr\u1ea3i nghi\u1ec7m \u0111\u1ed3ng b\u1ed9 nh\u1edd s\u1ef1 k\u1ebft h\u1ee3p loa tivi v\u1edbi loa thanh, \u0111em l\u1ea1i tr\u1ea3i nghi\u1ec7m \u00e2m thanh ho\u00e0n ch\u1ec9nh v\u00e0 th\u1ecfa m\u00e3n cho ng\u01b0\u1eddi nghe.<\/p>\n<p><img loading=\"lazy\" decoding=\"async\" class=\"alignnone wp-image-5111\" src=\"https:\/\/tivi-samsung.com\/wp-content\/uploads\/2025\/09\/smart-tivi-qled-4k-85-inch-samsung-qa85q70c-190323-053413-300x168.jpg\" alt=\"\" width=\"1411\" height=\"790\" srcset=\"https:\/\/tivi-samsung.com\/wp-content\/uploads\/2025\/09\/smart-tivi-qled-4k-85-inch-samsung-qa85q70c-190323-053413-300x168.jpg 300w, https:\/\/tivi-samsung.com\/wp-content\/uploads\/2025\/09\/smart-tivi-qled-4k-85-inch-samsung-qa85q70c-190323-053413-768x429.jpg 768w, https:\/\/tivi-samsung.com\/wp-content\/uploads\/2025\/09\/smart-tivi-qled-4k-85-inch-samsung-qa85q70c-190323-053413-450x251.jpg 450w, https:\/\/tivi-samsung.com\/wp-content\/uploads\/2025\/09\/smart-tivi-qled-4k-85-inch-samsung-qa85q70c-190323-053413-600x335.jpg 600w, https:\/\/tivi-samsung.com\/wp-content\/uploads\/2025\/09\/smart-tivi-qled-4k-85-inch-samsung-qa85q70c-190323-053413-150x84.jpg 150w, https:\/\/tivi-samsung.com\/wp-content\/uploads\/2025\/09\/smart-tivi-qled-4k-85-inch-samsung-qa85q70c-190323-053413.jpg 1020w\" sizes=\"(max-width: 1411px) 100vw, 1411px\" \/><\/p>\n<p><strong>H\u1ec7 \u0111i\u1ec1u h\u00e0nh<\/strong><\/p>\n<p>&#8211; Tivi Samsung s\u1eed d\u1ee5ng h\u1ec7 \u0111i\u1ec1u h\u00e0nh Tizen\u2122 v\u1edbi giao di\u1ec7n tinh gi\u1ea3n, tr\u1ef1c quan, kho \u1ee9ng d\u1ee5ng \u0111a d\u1ea1ng cho tr\u1ea3i nghi\u1ec7m phong ph\u00fa.<\/p>\n<p><img loading=\"lazy\" decoding=\"async\" class=\"alignnone wp-image-5107\" src=\"https:\/\/tivi-samsung.com\/wp-content\/uploads\/2025\/09\/smart-tivi-qled-4k-43-inch-samsung-qa43q60c-170323-033702-300x168.jpg\" alt=\"\" width=\"1411\" height=\"790\" srcset=\"https:\/\/tivi-samsung.com\/wp-content\/uploads\/2025\/09\/smart-tivi-qled-4k-43-inch-samsung-qa43q60c-170323-033702-300x168.jpg 300w, https:\/\/tivi-samsung.com\/wp-content\/uploads\/2025\/09\/smart-tivi-qled-4k-43-inch-samsung-qa43q60c-170323-033702-768x429.jpg 768w, https:\/\/tivi-samsung.com\/wp-content\/uploads\/2025\/09\/smart-tivi-qled-4k-43-inch-samsung-qa43q60c-170323-033702-450x251.jpg 450w, https:\/\/tivi-samsung.com\/wp-content\/uploads\/2025\/09\/smart-tivi-qled-4k-43-inch-samsung-qa43q60c-170323-033702-600x335.jpg 600w, https:\/\/tivi-samsung.com\/wp-content\/uploads\/2025\/09\/smart-tivi-qled-4k-43-inch-samsung-qa43q60c-170323-033702-150x84.jpg 150w, https:\/\/tivi-samsung.com\/wp-content\/uploads\/2025\/09\/smart-tivi-qled-4k-43-inch-samsung-qa43q60c-170323-033702.jpg 1020w\" sizes=\"(max-width: 1411px) 100vw, 1411px\" \/><\/p>\n<p><strong>Ti\u1ec7n \u00edch<\/strong><\/p>\n<p>&#8211; T\u00ecm ki\u1ebfm b\u1eb1ng gi\u1ecdng n\u00f3i ti\u1ebfng Vi\u1ec7t tr\u00ean <strong>YouTube, tr\u1ee3 l\u00fd \u1ea3o Bixby.<\/strong><\/p>\n<p>&nbsp;<\/p>\n<p>&#8211; \u0110i\u1ec1u khi\u1ec3n tivi b\u1eb1ng \u0111i\u1ec7n tho\u1ea1i ti\u1ec7n l\u1ee3i, d\u1ec5 d\u00e0ng nh\u1edd \u1ee9ng d\u1ee5ng<strong> SmartThings.<\/strong><\/p>\n<p>&#8211; Ch\u1ebf \u0111\u1ed9 m\u00e1y t\u00ednh PC tr\u00ean tivi bi\u1ebfn tivi tr\u1edf th\u00e0nh thi\u1ebft b\u1ecb h\u1ed7 tr\u1ee3 l\u00e0m vi\u1ec7c, tr\u00ecnh chi\u1ebfu hi\u1ec7u qu\u1ea3.<\/p>\n<p>&#8211; T\u00ednh n\u0103ng <strong>Multi View<\/strong> (c\u00f3 th\u1ec3 k\u1ebft n\u1ed1i camera g\u1eafn r\u1eddi) th\u01b0\u1edfng th\u1ee9c nhi\u1ec1u n\u1ed9i dung gi\u1ea3i tr\u00ed t\u1eeb nhi\u1ec1u ngu\u1ed3n tr\u00ean c\u00f9ng m\u1ed9t m\u00e0n h\u00ecnh (2 m\u00e0n h\u00ecnh).<\/p>\n<p>&#8211; Chi\u1ebfu m\u00e0n h\u00ecnh \u0111i\u1ec7n tho\u1ea1i l\u00ean Tivi ch\u1ec9 v\u1edbi v\u00e0i thao t\u00e1c \u0111\u01a1n gi\u1ea3n qua t\u00ednh n\u0103ng <strong>AirPlay 2 (iPhone), Tap View (Samsung) v\u00e0 Screen Mirroring (Android).<\/strong><\/p>\n<p>&#8211; <strong>SmartThings<\/strong> t\u00edch h\u1ee3p IoT Hub: Qu\u1ea3n l\u00fd ng\u00f4i nh\u00e0 th\u00f4ng minh, k\u1ebft n\u1ed1i nhanh ch\u00f3ng \u0111a thi\u1ebft b\u1ecb nh\u1edd t\u00edch h\u1ee3p IoT Hub v\u00e0 ch\u1ebf \u0111\u1ed9 hi\u1ec3n th\u1ecb 3D.<\/p>\n<p>+ N\u00e2ng c\u1ea5p kh\u1ea3 n\u0103ng k\u1ebft n\u1ed1i v\u1edbi c\u00e1c thi\u1ebft b\u1ecb audio v\u00e0 \u0111\u1eb7c bi\u1ec7t l\u00e0 tai nghe buds c\u1ee7a Samsung (2 c\u1eb7p tai nghe k\u1ebft n\u1ed1i c\u00f9ng 1 l\u00fac).<\/p>\n<p>+ N\u00e2ng cao tr\u1ea3i nghi\u1ec7m xem tr\u00ean tivi d\u01b0\u1edbi d\u1ea1ng r\u1ea1p chi\u1ebfu phim v\u1edbi Media Home.<\/p>\n<p>+ <strong>Built-in IoT<\/strong> Hub gi\u00fap k\u1ebft n\u1ed1i d\u1ec5 d\u00e0ng v\u1edbi c\u00e1c thi\u1ebft b\u1ecb <strong>Zigbee, Thread, Matter m\u00e0 kh\u00f4ng c\u1ea7n Dongle<\/strong>.<\/p>\n<p><img loading=\"lazy\" decoding=\"async\" class=\"alignnone wp-image-5178\" src=\"https:\/\/tivi-samsung.com\/wp-content\/uploads\/2025\/09\/smart-tivi-qled-4k-50-inch-samsung-qa50q80c-200323-100637-300x168.jpg\" alt=\"\" width=\"1409\" height=\"789\" srcset=\"https:\/\/tivi-samsung.com\/wp-content\/uploads\/2025\/09\/smart-tivi-qled-4k-50-inch-samsung-qa50q80c-200323-100637-300x168.jpg 300w, https:\/\/tivi-samsung.com\/wp-content\/uploads\/2025\/09\/smart-tivi-qled-4k-50-inch-samsung-qa50q80c-200323-100637-768x429.jpg 768w, https:\/\/tivi-samsung.com\/wp-content\/uploads\/2025\/09\/smart-tivi-qled-4k-50-inch-samsung-qa50q80c-200323-100637-450x251.jpg 450w, https:\/\/tivi-samsung.com\/wp-content\/uploads\/2025\/09\/smart-tivi-qled-4k-50-inch-samsung-qa50q80c-200323-100637-600x335.jpg 600w, https:\/\/tivi-samsung.com\/wp-content\/uploads\/2025\/09\/smart-tivi-qled-4k-50-inch-samsung-qa50q80c-200323-100637-150x84.jpg 150w, https:\/\/tivi-samsung.com\/wp-content\/uploads\/2025\/09\/smart-tivi-qled-4k-50-inch-samsung-qa50q80c-200323-100637.jpg 1020w\" sizes=\"(max-width: 1409px) 100vw, 1409px\" \/><\/p>\n<p><em>V\u1edbi th\u00e0nh c\u00f4ng t\u1eeb s\u1ea3n ph\u1ea9m <strong>Smart Tivi QLED 4K 75 inch Samsung QA75Q60B<\/strong> \u0111\u01b0\u1ee3c ra m\u1eaft n\u0103m 2022, Samsung ra m\u1eaft phi\u00ean b\u1ea3n n\u0103m 2023 <strong>Smart Tivi QLED 4K 75 inch Samsung QA75Q60C<\/strong> l\u00e0 chi\u1ebfc smart tivi s\u1edf h\u1eefu thi\u1ebft k\u1ebf thanh l\u1ecbch, m\u00e0n h\u00ecnh 75 inch \u0111\u1ed9 ph\u00e2n gi\u1ea3i 4K s\u1eafc n\u00e9t, c\u00f9ng nhi\u1ec1u c\u00f4ng ngh\u1ec7 x\u1eed l\u00fd h\u00ecnh \u1ea3nh v\u00e0 \u00e2m thanh ti\u00ean ti\u1ebfn, hi\u1ec7n \u0111\u1ea1i. C\u00f3 th\u1ec3 th\u1ea5y r\u1eb1ng, Smart Tivi Samsung l\u00e0 thi\u1ebft b\u1ecb gi\u1ea3i tr\u00ed \u0111\u1ec9nh cao trong ng\u00f4i nh\u00e0 c\u1ee7a b\u1ea1n.<\/em><\/p>\n<p>&nbsp;<\/p>\n<p><script src=\"chrome-extension:\/\/fpelahbljekknahkcaegamhcndkfpfnc\/iFrame.js\" type=\"text\/javascript\"><\/script><\/p>\n<p><script src=\"chrome-extension:\/\/fpelahbljekknahkcaegamhcndkfpfnc\/iFrame.js\" type=\"text\/javascript\"><\/script><\/p>\n<p><script src=\"chrome-extension:\/\/fpelahbljekknahkcaegamhcndkfpfnc\/iFrame.js\" type=\"text\/javascript\"><\/script><\/p>\n<p><script src=\"chrome-extension:\/\/fpelahbljekknahkcaegamhcndkfpfnc\/iFrame.js\" type=\"text\/javascript\"><\/script><\/p>\n<p><script src=\"chrome-extension:\/\/fpelahbljekknahkcaegamhcndkfpfnc\/iFrame.js\" type=\"text\/javascript\"><\/script><\/p>\n","protected":false},"excerpt":{"rendered":"<p>&nbsp;<\/p>\n<p><script src=\"chrome-extension:\/\/fpelahbljekknahkcaegamhcndkfpfnc\/iFrame.js\" type=\"text\/javascript\"><\/script><\/p>\n<p><script src=\"chrome-extension:\/\/fpelahbljekknahkcaegamhcndkfpfnc\/iFrame.js\" type=\"text\/javascript\"><\/script><\/p>\n<p><script src=\"chrome-extension:\/\/fpelahbljekknahkcaegamhcndkfpfnc\/iFrame.js\" type=\"text\/javascript\"><\/script><\/p>\n<p><script src=\"chrome-extension:\/\/fpelahbljekknahkcaegamhcndkfpfnc\/iFrame.js\" type=\"text\/javascript\"><\/script><\/p>\n<p><script src=\"chrome-extension:\/\/fpelahbljekknahkcaegamhcndkfpfnc\/iFrame.js\" type=\"text\/javascript\"><\/script><\/p>\n<p><script src=\"chrome-extension:\/\/fpelahbljekknahkcaegamhcndkfpfnc\/iFrame.js\" type=\"text\/javascript\"><\/script><\/p>\n<p><script src=\"chrome-extension:\/\/fpelahbljekknahkcaegamhcndkfpfnc\/iFrame.js\" type=\"text\/javascript\"><\/script><\/p>\n","protected":false},"featured_media":6143,"comment_status":"open","ping_status":"closed","template":"","meta":[],"product_brand":[88],"product_cat":[94,160,68,76],"product_tag":[],"class_list":{"0":"post-4228","1":"product","2":"type-product","3":"status-publish","4":"has-post-thumbnail","6":"product_brand-samsung","7":"product_cat-qled-tv","8":"product_cat-samsung-q60c-2023","9":"product_cat-smart-tv","10":"product_cat-televisions","11":"pa_kich-co-man-hinh-tu-75-85-inch","13":"first","14":"instock","15":"shipping-taxable","16":"purchasable","17":"product-type-simple"},"_links":{"self":[{"href":"https:\/\/tivi-samsung.com\/index.php?rest_route=\/wp\/v2\/product\/4228","targetHints":{"allow":["GET"]}}],"collection":[{"href":"https:\/\/tivi-samsung.com\/index.php?rest_route=\/wp\/v2\/product"}],"about":[{"href":"https:\/\/tivi-samsung.com\/index.php?rest_route=\/wp\/v2\/types\/product"}],"replies":[{"embeddable":true,"href":"https:\/\/tivi-samsung.com\/index.php?rest_route=%2Fwp%2Fv2%2Fcomments&post=4228"}],"version-history":[{"count":9,"href":"https:\/\/tivi-samsung.com\/index.php?rest_route=\/wp\/v2\/product\/4228\/revisions"}],"predecessor-version":[{"id":8451,"href":"https:\/\/tivi-samsung.com\/index.php?rest_route=\/wp\/v2\/product\/4228\/revisions\/8451"}],"wp:featuredmedia":[{"embeddable":true,"href":"https:\/\/tivi-samsung.com\/index.php?rest_route=\/wp\/v2\/media\/6143"}],"wp:attachment":[{"href":"https:\/\/tivi-samsung.com\/index.php?rest_route=%2Fwp%2Fv2%2Fmedia&parent=4228"}],"wp:term":[{"taxonomy":"product_brand","embeddable":true,"href":"https:\/\/tivi-samsung.com\/index.php?rest_route=%2Fwp%2Fv2%2Fproduct_brand&post=4228"},{"taxonomy":"product_cat","embeddable":true,"href":"https:\/\/tivi-samsung.com\/index.php?rest_route=%2Fwp%2Fv2%2Fproduct_cat&post=4228"},{"taxonomy":"product_tag","embeddable":true,"href":"https:\/\/tivi-samsung.com\/index.php?rest_route=%2Fwp%2Fv2%2Fproduct_tag&post=4228"}],"curies":[{"name":"wp","href":"https:\/\/api.w.org\/{rel}","templated":true}]}}