{"id":4224,"date":"2025-09-16T15:44:44","date_gmt":"2025-09-16T15:44:44","guid":{"rendered":"https:\/\/tivi-samsung.com\/?post_type=product&#038;p=4224"},"modified":"2025-10-15T00:23:46","modified_gmt":"2025-10-14T17:23:46","slug":"smart-tivi-crystal-uhd-samsung-4k-70-inch-ua70u8000f","status":"publish","type":"product","link":"https:\/\/tivi-samsung.com\/?product=smart-tivi-crystal-uhd-samsung-4k-70-inch-ua70u8000f","title":{"rendered":"Smart Tivi Crystal UHD Samsung 4K 70 inch UA70U8000F"},"content":{"rendered":"<p><strong>\u0110\u1eb7c \u0111i\u1ec3m n\u1ed5i b\u1eadt<\/strong><\/p>\n<p><a href=\"https:\/\/tokoo.vn\/danh-muc\/samsung-tvs\/\" target=\"_blank\" rel=\"noopener\"><strong>Smart Tivi Crystal UHD Samsung 4K 70 inch UA70U8000F<\/strong><\/a><\/p>\n<p><strong>B\u1ed9 x\u1eed l\u00fd Crystal 4K<\/strong> n\u00e2ng cao kh\u1ea3 n\u0103ng hi\u1ec3n th\u1ecb v\u1edbi m\u00e0u s\u1eafc s\u1ed1ng \u0111\u1ed9ng v\u00e0 chi ti\u1ebft s\u1eafc n\u00e9t.<\/p>\n<p>Tivi s\u1edf h\u1eefu m\u00e0n h\u00ecnh l\u1edbn <strong>70 inch<\/strong>, ph\u00f9 h\u1ee3p cho kh\u00f4ng gian r\u1ed9ng nh\u01b0 ph\u00f2ng kh\u00e1ch, ph\u00f2ng h\u1ed9i h\u1ecdp.<\/p>\n<p><strong>C\u00f4ng ngh\u1ec7 HDR10+<\/strong> c\u1ea3i thi\u1ec7n \u0111\u1ed9 t\u01b0\u01a1ng ph\u1ea3n v\u00e0 \u0111\u1ed9 s\u00e2u khung h\u00ecnh trong nhi\u1ec1u \u0111i\u1ec1u ki\u1ec7n \u00e1nh s\u00e1ng.<\/p>\n<p>C\u00e1c chuy\u1ec3n \u0111\u1ed9ng \u0111\u01b0\u1ee3c x\u1eed l\u00fd m\u01b0\u1ee3t h\u01a1n nh\u1edd c\u00f4ng ngh\u1ec7 <strong>Motion Xcelerator.<\/strong><\/p>\n<p>\u00c2m thanh di chuy\u1ec3n theo h\u00ecnh \u1ea3nh v\u1edbi <strong>c\u00f4ng ngh\u1ec7 OTS Lite<\/strong> cho tr\u1ea3i nghi\u1ec7m xem ch\u00e2n th\u1ef1c.<\/p>\n<p><strong>H\u1ec7 \u0111i\u1ec1u h\u00e0nh Tizen<\/strong> mang \u0111\u1ebfn giao di\u1ec7n th\u00e2n thi\u1ec7n, t\u00edch h\u1ee3p s\u1eb5n nhi\u1ec1u \u1ee9ng d\u1ee5ng gi\u1ea3i tr\u00ed ph\u1ed5 bi\u1ebfn.<\/p>\n<p><script src=\"chrome-extension:\/\/fpelahbljekknahkcaegamhcndkfpfnc\/iFrame.js\" type=\"text\/javascript\"><\/script><\/p>\n","protected":false},"excerpt":{"rendered":"<p>&nbsp;<\/p>\n<p><script src=\"chrome-extension:\/\/fpelahbljekknahkcaegamhcndkfpfnc\/iFrame.js\" type=\"text\/javascript\"><\/script><\/p>\n<p><script src=\"chrome-extension:\/\/fpelahbljekknahkcaegamhcndkfpfnc\/iFrame.js\" type=\"text\/javascript\"><\/script><\/p>\n<p><script src=\"chrome-extension:\/\/fpelahbljekknahkcaegamhcndkfpfnc\/iFrame.js\" type=\"text\/javascript\"><\/script><\/p>\n<p><script src=\"chrome-extension:\/\/fpelahbljekknahkcaegamhcndkfpfnc\/iFrame.js\" type=\"text\/javascript\"><\/script><\/p>\n<p><script src=\"chrome-extension:\/\/fpelahbljekknahkcaegamhcndkfpfnc\/iFrame.js\" type=\"text\/javascript\"><\/script><\/p>\n<p><script src=\"chrome-extension:\/\/fpelahbljekknahkcaegamhcndkfpfnc\/iFrame.js\" type=\"text\/javascript\"><\/script><\/p>\n","protected":false},"featured_media":4706,"comment_status":"open","ping_status":"closed","template":"","meta":[],"product_brand":[88],"product_cat":[146,68,76,138],"product_tag":[],"class_list":{"0":"post-4224","1":"product","2":"type-product","3":"status-publish","4":"has-post-thumbnail","6":"product_brand-samsung","7":"product_cat-u8000f","8":"product_cat-smart-tv","9":"product_cat-televisions","10":"product_cat-tv-crystal-uhd","11":"pa_kich-co-man-hinh-70-inch","13":"first","14":"instock","15":"sale","16":"shipping-taxable","17":"purchasable","18":"product-type-simple"},"_links":{"self":[{"href":"https:\/\/tivi-samsung.com\/index.php?rest_route=\/wp\/v2\/product\/4224","targetHints":{"allow":["GET"]}}],"collection":[{"href":"https:\/\/tivi-samsung.com\/index.php?rest_route=\/wp\/v2\/product"}],"about":[{"href":"https:\/\/tivi-samsung.com\/index.php?rest_route=\/wp\/v2\/types\/product"}],"replies":[{"embeddable":true,"href":"https:\/\/tivi-samsung.com\/index.php?rest_route=%2Fwp%2Fv2%2Fcomments&post=4224"}],"version-history":[{"count":8,"href":"https:\/\/tivi-samsung.com\/index.php?rest_route=\/wp\/v2\/product\/4224\/revisions"}],"predecessor-version":[{"id":8452,"href":"https:\/\/tivi-samsung.com\/index.php?rest_route=\/wp\/v2\/product\/4224\/revisions\/8452"}],"wp:featuredmedia":[{"embeddable":true,"href":"https:\/\/tivi-samsung.com\/index.php?rest_route=\/wp\/v2\/media\/4706"}],"wp:attachment":[{"href":"https:\/\/tivi-samsung.com\/index.php?rest_route=%2Fwp%2Fv2%2Fmedia&parent=4224"}],"wp:term":[{"taxonomy":"product_brand","embeddable":true,"href":"https:\/\/tivi-samsung.com\/index.php?rest_route=%2Fwp%2Fv2%2Fproduct_brand&post=4224"},{"taxonomy":"product_cat","embeddable":true,"href":"https:\/\/tivi-samsung.com\/index.php?rest_route=%2Fwp%2Fv2%2Fproduct_cat&post=4224"},{"taxonomy":"product_tag","embeddable":true,"href":"https:\/\/tivi-samsung.com\/index.php?rest_route=%2Fwp%2Fv2%2Fproduct_tag&post=4224"}],"curies":[{"name":"wp","href":"https:\/\/api.w.org\/{rel}","templated":true}]}}