{"id":4221,"date":"2025-09-16T15:41:29","date_gmt":"2025-09-16T15:41:29","guid":{"rendered":"https:\/\/tivi-samsung.com\/?post_type=product&#038;p=4221"},"modified":"2025-10-15T00:24:47","modified_gmt":"2025-10-14T17:24:47","slug":"smart-tivi-oled-samsung-ai-4k-77-inch-qa77s85f","status":"publish","type":"product","link":"https:\/\/tivi-samsung.com\/?product=smart-tivi-oled-samsung-ai-4k-77-inch-qa77s85f","title":{"rendered":"Smart Tivi OLED Samsung AI 4K 77 inch QA77S85F"},"content":{"rendered":"<p><strong>Th\u00f4ng tin s\u1ea3n ph\u1ea9m<\/strong><\/p>\n<p><a href=\"https:\/\/tokoo.vn\/danh-muc\/samsung-tvs\/\" target=\"_blank\" rel=\"noopener\"><strong>Smart Tivi OLED Samsung AI 4K 77 inch QA77S85F<\/strong><\/a> \u0111\u01b0\u1ee3c trang b\u1ecb b\u1ed9 x\u1eed l\u00fd <strong>AI NQ4 Gen2<\/strong> h\u1ed7 tr\u1ee3 ph\u00e2n t\u00edch n\u1ed9i dung theo th\u1eddi gian th\u1ef1c nh\u1eb1m c\u1ea3i thi\u1ec7n \u0111\u1ed9 chi ti\u1ebft, m\u00e0u s\u1eafc v\u00e0 \u0111\u1ed9 t\u01b0\u01a1ng ph\u1ea3n c\u1ee7a h\u00ecnh \u1ea3nh trong \u0111a d\u1ea1ng \u0111i\u1ec1u ki\u1ec7n hi\u1ec3n th\u1ecb.<\/p>\n<p>&#8211; B\u1ed9 x\u1eed l\u00fd <strong>AI NQ4 Gen2<\/strong> s\u1eed d\u1ee5ng h\u1ec7 th\u1ed1ng 20 m\u1ea1ng n\u01a1-ron \u0111\u1ec3 n\u00e2ng c\u1ea5p h\u00ecnh \u1ea3nh, c\u1ea3i thi\u1ec7n m\u00e0u s\u1eafc, chi ti\u1ebft v\u00e0 \u0111\u1ed9 t\u01b0\u01a1ng ph\u1ea3n cho n\u1ed9i dung ph\u00e1t tr\u00ean m\u00e0n h\u00ecnh.<\/p>\n<p>&#8211; C\u00f4ng ngh\u1ec7 tr\u00ed tu\u1ec7 nh\u00e2n t\u1ea1o h\u1ed7 tr\u1ee3 hi\u1ec3n th\u1ecb h\u00ecnh \u1ea3nh tr\u00ean tivi <strong>Samsung OLED<\/strong> \u1ed5n \u0111\u1ecbnh v\u00e0 s\u1eafc n\u00e9t ngay c\u1ea3 khi ngu\u1ed3n ph\u00e1t kh\u00f4ng \u0111\u1ea1t chu\u1ea9n 4K.<\/p>\n<p><img fetchpriority=\"high\" decoding=\"async\" class=\"alignnone wp-image-5459\" src=\"https:\/\/tivi-samsung.com\/wp-content\/uploads\/2025\/09\/smart-tivi-neo-qled-samsung-ai-4k-85-inch-qa85qn70f-2-1020x570-1-300x168.jpg\" alt=\"\" width=\"1412\" height=\"791\" srcset=\"https:\/\/tivi-samsung.com\/wp-content\/uploads\/2025\/09\/smart-tivi-neo-qled-samsung-ai-4k-85-inch-qa85qn70f-2-1020x570-1-300x168.jpg 300w, https:\/\/tivi-samsung.com\/wp-content\/uploads\/2025\/09\/smart-tivi-neo-qled-samsung-ai-4k-85-inch-qa85qn70f-2-1020x570-1-768x429.jpg 768w, https:\/\/tivi-samsung.com\/wp-content\/uploads\/2025\/09\/smart-tivi-neo-qled-samsung-ai-4k-85-inch-qa85qn70f-2-1020x570-1-450x251.jpg 450w, https:\/\/tivi-samsung.com\/wp-content\/uploads\/2025\/09\/smart-tivi-neo-qled-samsung-ai-4k-85-inch-qa85qn70f-2-1020x570-1-600x335.jpg 600w, https:\/\/tivi-samsung.com\/wp-content\/uploads\/2025\/09\/smart-tivi-neo-qled-samsung-ai-4k-85-inch-qa85qn70f-2-1020x570-1-150x84.jpg 150w, https:\/\/tivi-samsung.com\/wp-content\/uploads\/2025\/09\/smart-tivi-neo-qled-samsung-ai-4k-85-inch-qa85qn70f-2-1020x570-1.jpg 1020w\" sizes=\"(max-width: 1412px) 100vw, 1412px\" \/><\/p>\n<p><strong>Thi\u1ebft k\u1ebf<\/strong><\/p>\n<p>&#8211; M\u00e0n h\u00ecnh ph\u1eb3ng vi\u1ec1n m\u1ecfng v\u1edbi thi\u1ebft k\u1ebf t\u1ed1i gi\u1ea3n t\u1ea1o c\u1ea3m gi\u00e1c li\u1ec1n m\u1ea1ch khi b\u1ed1 tr\u00ed trong c\u00e1c kh\u00f4ng gian gi\u1ea3i tr\u00ed l\u1edbn.<\/p>\n<p>&#8211; K\u00edch th\u01b0\u1edbc 77 inch ph\u00f9 h\u1ee3p cho ph\u00f2ng kh\u00e1ch r\u1ed9ng ho\u1eb7c ph\u00f2ng chi\u1ebfu phim t\u1ea1i gia, ch\u00e2n \u0111\u1ebf nh\u1ef1a 2 b\u00ean h\u1ed7 tr\u1ee3 l\u1eafp \u0111\u1eb7t linh ho\u1ea1t.<\/p>\n<p><img decoding=\"async\" class=\"alignnone wp-image-5495\" src=\"https:\/\/tivi-samsung.com\/wp-content\/uploads\/2025\/09\/e58eb7983875c09dcf7380abc5f0aa3e-300x168.jpg\" alt=\"\" width=\"1407\" height=\"788\" srcset=\"https:\/\/tivi-samsung.com\/wp-content\/uploads\/2025\/09\/e58eb7983875c09dcf7380abc5f0aa3e-300x168.jpg 300w, https:\/\/tivi-samsung.com\/wp-content\/uploads\/2025\/09\/e58eb7983875c09dcf7380abc5f0aa3e-768x429.jpg 768w, https:\/\/tivi-samsung.com\/wp-content\/uploads\/2025\/09\/e58eb7983875c09dcf7380abc5f0aa3e-450x251.jpg 450w, https:\/\/tivi-samsung.com\/wp-content\/uploads\/2025\/09\/e58eb7983875c09dcf7380abc5f0aa3e-600x335.jpg 600w, https:\/\/tivi-samsung.com\/wp-content\/uploads\/2025\/09\/e58eb7983875c09dcf7380abc5f0aa3e-150x84.jpg 150w, https:\/\/tivi-samsung.com\/wp-content\/uploads\/2025\/09\/e58eb7983875c09dcf7380abc5f0aa3e.jpg 1020w\" sizes=\"(max-width: 1407px) 100vw, 1407px\" \/><\/p>\n<p><strong>C\u00f4ng ngh\u1ec7 h\u00ecnh \u1ea3nh<\/strong><\/p>\n<p>&#8211; N\u1ed9i dung \u0111\u1ed9 ph\u00e2n gi\u1ea3i th\u1ea5p \u0111\u01b0\u1ee3c n\u00e2ng c\u1ea5p r\u00f5 n\u00e9t h\u01a1n nh\u1edd c\u00f4ng ngh\u1ec7 <strong>4K AI Upscaling<\/strong>, gi\u00fap gi\u1eef chi ti\u1ebft v\u00e0 t\u0103ng \u0111\u1ed9 trong c\u1ee7a h\u00ecnh \u1ea3nh.<\/p>\n<p>&#8211; B\u1eb1ng c\u00e1ch t\u0103ng \u0111\u1ed9 t\u01b0\u01a1ng ph\u1ea3n gi\u1eefa ch\u1ee7 th\u1ec3 v\u00e0 h\u1eadu c\u1ea3nh, c\u00f4ng ngh\u1ec7 <strong>Real Depth Enhancer<\/strong> t\u1ea1o chi\u1ec1u s\u00e2u h\u00ecnh \u1ea3nh hi\u1ec7u qu\u1ea3 h\u01a1n.<\/p>\n<p>&#8211; C\u00f4ng ngh\u1ec7 <strong>EyeComfort<\/strong> \u0111i\u1ec1u ch\u1ec9nh \u0111\u1ed9 s\u00e1ng v\u00e0 t\u00f4ng m\u00e0u d\u1ef1a tr\u00ean c\u1ea3m bi\u1ebfn \u00e1nh s\u00e1ng t\u00edch h\u1ee3p gi\u1ea3m c\u1ea3m gi\u00e1c m\u1ecfi m\u1eaft khi s\u1eed d\u1ee5ng v\u00e0o ban \u0111\u00eam.<\/p>\n<p>&#8211; Tivi \u0111\u1ea1t chu\u1ea9n hi\u1ec3n th\u1ecb m\u00e0u s\u1eafc <strong>PANTONE,<\/strong> \u0111\u1ea3m b\u1ea3o \u0111\u1ed9 ch\u00ednh x\u00e1c m\u00e0u s\u1eafc ph\u00f9 h\u1ee3p cho nhu c\u1ea7u tr\u00ecnh chi\u1ebfu n\u1ed9i dung thi\u1ebft k\u1ebf ho\u1eb7c h\u00ecnh \u1ea3nh ch\u00e2n th\u1ef1c.<\/p>\n<p><img decoding=\"async\" class=\"alignnone wp-image-5497\" src=\"https:\/\/tivi-samsung.com\/wp-content\/uploads\/2025\/09\/1d8531e960129a9e009af6a6d096fbca-300x168.jpeg\" alt=\"\" width=\"1416\" height=\"793\" srcset=\"https:\/\/tivi-samsung.com\/wp-content\/uploads\/2025\/09\/1d8531e960129a9e009af6a6d096fbca-300x168.jpeg 300w, https:\/\/tivi-samsung.com\/wp-content\/uploads\/2025\/09\/1d8531e960129a9e009af6a6d096fbca-768x429.jpeg 768w, https:\/\/tivi-samsung.com\/wp-content\/uploads\/2025\/09\/1d8531e960129a9e009af6a6d096fbca-450x251.jpeg 450w, https:\/\/tivi-samsung.com\/wp-content\/uploads\/2025\/09\/1d8531e960129a9e009af6a6d096fbca-600x335.jpeg 600w, https:\/\/tivi-samsung.com\/wp-content\/uploads\/2025\/09\/1d8531e960129a9e009af6a6d096fbca-150x84.jpeg 150w, https:\/\/tivi-samsung.com\/wp-content\/uploads\/2025\/09\/1d8531e960129a9e009af6a6d096fbca.jpeg 1020w\" sizes=\"(max-width: 1416px) 100vw, 1416px\" \/><\/p>\n<p>Khi xem th\u1ec3 thao hay phim h\u00e0nh \u0111\u1ed9ng, c\u00f4ng ngh\u1ec7 <strong>Motion Xcelerator 120 Hz<\/strong> c\u1ea3i thi\u1ec7n \u0111\u1ed9 m\u01b0\u1ee3t v\u00e0 gi\u1ea3m nh\u00f2e cho t\u1eebng chuy\u1ec3n \u0111\u1ed9ng nhanh.<\/p>\n<p>&#8211; C\u00f4ng ngh\u1ec7 Super Ultra Wide Game View &amp; Game Bar cho ph\u00e9p ng\u01b0\u1eddi d\u00f9ng \u0111i\u1ec1u ch\u1ec9nh nhanh th\u00f4ng s\u1ed1 khi ch\u01a1i game v\u00e0 ch\u1ecdn t\u1ef7 l\u1ec7 hi\u1ec3n th\u1ecb m\u1edf r\u1ed9ng 21:9 ho\u1eb7c 32:9.<\/p>\n<p>&#8211; T\u1ea5m n\u1ec1n <strong>OLED<\/strong> c\u00f9ng c\u00f4ng ngh\u1ec7 <strong>OLED HDR<\/strong> gi\u00fap h\u00ecnh \u1ea3nh hi\u1ec3n th\u1ecb chi ti\u1ebft r\u00f5 n\u00e9t \u1edf c\u1ea3 v\u00f9ng s\u00e1ng v\u00e0 t\u1ed1i, t\u0103ng hi\u1ec7u qu\u1ea3 h\u00ecnh \u1ea3nh trong c\u00e1c n\u1ed9i dung \u0111i\u1ec7n \u1ea3nh.<\/p>\n<p><img loading=\"lazy\" decoding=\"async\" class=\"alignnone wp-image-5496\" src=\"https:\/\/tivi-samsung.com\/wp-content\/uploads\/2025\/09\/f0e4fbeb45506948f9169765d84c990a-300x168.jpg\" alt=\"\" width=\"1414\" height=\"792\" srcset=\"https:\/\/tivi-samsung.com\/wp-content\/uploads\/2025\/09\/f0e4fbeb45506948f9169765d84c990a-300x168.jpg 300w, https:\/\/tivi-samsung.com\/wp-content\/uploads\/2025\/09\/f0e4fbeb45506948f9169765d84c990a-768x429.jpg 768w, https:\/\/tivi-samsung.com\/wp-content\/uploads\/2025\/09\/f0e4fbeb45506948f9169765d84c990a-450x251.jpg 450w, https:\/\/tivi-samsung.com\/wp-content\/uploads\/2025\/09\/f0e4fbeb45506948f9169765d84c990a-600x335.jpg 600w, https:\/\/tivi-samsung.com\/wp-content\/uploads\/2025\/09\/f0e4fbeb45506948f9169765d84c990a-150x84.jpg 150w, https:\/\/tivi-samsung.com\/wp-content\/uploads\/2025\/09\/f0e4fbeb45506948f9169765d84c990a.jpg 1020w\" sizes=\"(max-width: 1414px) 100vw, 1414px\" \/><\/p>\n<p><strong>C\u00f4ng ngh\u1ec7 \u00e2m thanh<\/strong><\/p>\n<p>&#8211; Loa tivi c\u00f3 c\u00f4ng su\u1ea5t 20W \u0111\u00e1p \u1ee9ng t\u1ed1t kh\u00f4ng gian r\u1ed9ng, ph\u00f9 h\u1ee3p cho nhu c\u1ea7u xem phim ho\u1eb7c nghe nh\u1ea1c.<\/p>\n<p>&#8211; C\u00f4ng ngh\u1ec7 <strong>Object Tracking Sound Lite v\u00e0 Dolby Atmos<\/strong> gi\u00fap \u00e2m thanh di chuy\u1ec3n theo h\u00ecnh \u1ea3nh v\u00e0 lan t\u1ecfa theo nhi\u1ec1u h\u01b0\u1edbng, t\u00e1i t\u1ea1o hi\u1ec7u \u1ee9ng \u00e2m v\u00f2m li\u1ec1n m\u1ea1ch t\u01b0\u01a1ng t\u1ef1 nh\u01b0 tr\u1ea3i nghi\u1ec7m nghe trong kh\u00f4ng gian r\u1ea1p chi\u1ebfu phim.<\/p>\n<p>&#8211; <strong>Q-Symphony<\/strong> \u0111\u1ed3ng b\u1ed9 h\u00f3a \u00e2m thanh gi\u1eefa loa tivi v\u00e0 loa thanh Samsung \u0111\u1ec3 t\u1ea1o hi\u1ec7u \u1ee9ng \u00e2m thanh s\u1ed1ng \u0111\u1ed9ng v\u00e0 kh\u00f4ng b\u1ecb tr\u1ec5 ti\u1ebfng.<\/p>\n<p><img loading=\"lazy\" decoding=\"async\" class=\"alignnone wp-image-5420\" src=\"https:\/\/tivi-samsung.com\/wp-content\/uploads\/2025\/09\/tivi-neo-qled-samsung-4k-85-inch-qa85qn90d-11-1020x570-1-300x168.jpg\" alt=\"\" width=\"1411\" height=\"790\" srcset=\"https:\/\/tivi-samsung.com\/wp-content\/uploads\/2025\/09\/tivi-neo-qled-samsung-4k-85-inch-qa85qn90d-11-1020x570-1-300x168.jpg 300w, https:\/\/tivi-samsung.com\/wp-content\/uploads\/2025\/09\/tivi-neo-qled-samsung-4k-85-inch-qa85qn90d-11-1020x570-1-768x429.jpg 768w, https:\/\/tivi-samsung.com\/wp-content\/uploads\/2025\/09\/tivi-neo-qled-samsung-4k-85-inch-qa85qn90d-11-1020x570-1-450x251.jpg 450w, https:\/\/tivi-samsung.com\/wp-content\/uploads\/2025\/09\/tivi-neo-qled-samsung-4k-85-inch-qa85qn90d-11-1020x570-1-600x335.jpg 600w, https:\/\/tivi-samsung.com\/wp-content\/uploads\/2025\/09\/tivi-neo-qled-samsung-4k-85-inch-qa85qn90d-11-1020x570-1-150x84.jpg 150w, https:\/\/tivi-samsung.com\/wp-content\/uploads\/2025\/09\/tivi-neo-qled-samsung-4k-85-inch-qa85qn90d-11-1020x570-1.jpg 1020w\" sizes=\"(max-width: 1411px) 100vw, 1411px\" \/><\/p>\n<p><strong>H\u1ec7 \u0111i\u1ec1u h\u00e0nh<\/strong><\/p>\n<p>&#8211; H\u1ec7 \u0111i\u1ec1u h\u00e0nh <strong>Tizen<\/strong> c\u00f3 giao di\u1ec7n th\u00e2n thi\u1ec7n, cho ph\u00e9p t\u1ea1o nhi\u1ec1u h\u1ed3 s\u01a1 c\u00e1 nh\u00e2n v\u00e0 g\u1ee3i \u00fd n\u1ed9i dung ph\u00f9 h\u1ee3p v\u1edbi t\u1eebng ng\u01b0\u1eddi d\u00f9ng. Kho \u1ee9ng d\u1ee5ng t\u00edch h\u1ee3p s\u1eb5n c\u00e1c n\u1ec1n t\u1ea3ng ph\u1ed5 bi\u1ebfn nh\u01b0: <strong>YouTube, Netflix, VieON, FPT Play, TV360,&#8230;<\/strong><\/p>\n<p><img loading=\"lazy\" decoding=\"async\" class=\"alignnone wp-image-5428\" src=\"https:\/\/tivi-samsung.com\/wp-content\/uploads\/2025\/09\/5-1020x570-6-300x168.jpg\" alt=\"\" width=\"1412\" height=\"791\" srcset=\"https:\/\/tivi-samsung.com\/wp-content\/uploads\/2025\/09\/5-1020x570-6-300x168.jpg 300w, https:\/\/tivi-samsung.com\/wp-content\/uploads\/2025\/09\/5-1020x570-6-768x429.jpg 768w, https:\/\/tivi-samsung.com\/wp-content\/uploads\/2025\/09\/5-1020x570-6-450x251.jpg 450w, https:\/\/tivi-samsung.com\/wp-content\/uploads\/2025\/09\/5-1020x570-6-600x335.jpg 600w, https:\/\/tivi-samsung.com\/wp-content\/uploads\/2025\/09\/5-1020x570-6-150x84.jpg 150w, https:\/\/tivi-samsung.com\/wp-content\/uploads\/2025\/09\/5-1020x570-6.jpg 1020w\" sizes=\"(max-width: 1412px) 100vw, 1412px\" \/><\/p>\n<p><strong>Ti\u1ec7n \u00edch<\/strong><\/p>\n<p>&#8211; T\u00ednh n\u0103ng<strong> Multi View<\/strong> h\u1ed7 tr\u1ee3 chia m\u00e0n h\u00ecnh, gi\u00fap theo d\u00f5i c\u00f9ng l\u00fac nhi\u1ec1u n\u1ed9i dung.<\/p>\n<p>&#8211; <strong>AirPlay 2<\/strong> cho ph\u00e9p chia s\u1ebb nhanh h\u00ecnh \u1ea3nh, video t\u1eeb \u0111i\u1ec7n tho\u1ea1i l\u00ean m\u00e0n h\u00ecnh l\u1edbn kh\u00f4ng c\u1ea7n d\u00e2y.<\/p>\n<p>&#8211; <strong>SmartThings<\/strong> \u0111i\u1ec1u khi\u1ec3n tivi<strong> Samsung<\/strong> v\u00e0 c\u00e1c thi\u1ebft b\u1ecb trong h\u1ec7 sinh th\u00e1i th\u00f4ng minh ngay tr\u00ean giao di\u1ec7n tivi.<\/p>\n<p>&#8211; Tr\u1ee3 l\u00fd \u1ea3o<strong> Bixby<\/strong> h\u1ed7 tr\u1ee3 \u0111i\u1ec1u khi\u1ec3n b\u1eb1ng gi\u1ecdng n\u00f3i ti\u1ebfng Vi\u1ec7t, gi\u00fap ng\u01b0\u1eddi d\u00f9ng thao t\u00e1c nhanh m\u00e0 kh\u00f4ng c\u1ea7n d\u00f9ng \u0111i\u1ec1u khi\u1ec3n th\u1ee7 c\u00f4ng.<\/p>\n<p>&#8211; \u0110i\u1ec1u khi\u1ec3n <strong>One Remote Control<\/strong> t\u00edch h\u1ee3p <strong>Solar Cell Remote<\/strong> s\u1eed d\u1ee5ng n\u0103ng l\u01b0\u1ee3ng \u00e1nh s\u00e1ng \u0111\u1ec3 s\u1ea1c, gi\u1ea3m thi\u1ec3u nhu c\u1ea7u thay pin truy\u1ec1n th\u1ed1ng.<\/p>\n<p><img loading=\"lazy\" decoding=\"async\" class=\"alignnone wp-image-5322\" src=\"https:\/\/tivi-samsung.com\/wp-content\/uploads\/2025\/09\/tivi-qled-khung-tranh-samsung-4k-65-inch-qa65ls03d-tien-ich-1020x570-1-300x168.jpg\" alt=\"\" width=\"1425\" height=\"798\" srcset=\"https:\/\/tivi-samsung.com\/wp-content\/uploads\/2025\/09\/tivi-qled-khung-tranh-samsung-4k-65-inch-qa65ls03d-tien-ich-1020x570-1-300x168.jpg 300w, https:\/\/tivi-samsung.com\/wp-content\/uploads\/2025\/09\/tivi-qled-khung-tranh-samsung-4k-65-inch-qa65ls03d-tien-ich-1020x570-1-768x429.jpg 768w, https:\/\/tivi-samsung.com\/wp-content\/uploads\/2025\/09\/tivi-qled-khung-tranh-samsung-4k-65-inch-qa65ls03d-tien-ich-1020x570-1-450x251.jpg 450w, https:\/\/tivi-samsung.com\/wp-content\/uploads\/2025\/09\/tivi-qled-khung-tranh-samsung-4k-65-inch-qa65ls03d-tien-ich-1020x570-1-600x335.jpg 600w, https:\/\/tivi-samsung.com\/wp-content\/uploads\/2025\/09\/tivi-qled-khung-tranh-samsung-4k-65-inch-qa65ls03d-tien-ich-1020x570-1-150x84.jpg 150w, https:\/\/tivi-samsung.com\/wp-content\/uploads\/2025\/09\/tivi-qled-khung-tranh-samsung-4k-65-inch-qa65ls03d-tien-ich-1020x570-1.jpg 1020w\" sizes=\"(max-width: 1425px) 100vw, 1425px\" \/><\/p>\n<p><em><strong>Samsung QA77S85F<\/strong> l\u00e0 l\u1ef1a ch\u1ecdn ph\u00f9 h\u1ee3p v\u1edbi ng\u01b0\u1eddi d\u00f9ng c\u00f3 nhu c\u1ea7u gi\u1ea3i tr\u00ed t\u1ea1i gia v\u1edbi m\u00e0n h\u00ecnh l\u1edbn, hi\u1ec3n th\u1ecb h\u00ecnh \u1ea3nh ch\u00ednh x\u00e1c v\u00e0 \u00e2m thanh \u0111a chi\u1ec1u. C\u00f9ng v\u1edbi h\u1ec7 \u0111i\u1ec1u h\u00e0nh Tizen v\u00e0 lo\u1ea1t ti\u1ec7n \u00edch m\u1edf r\u1ed9ng, s\u1ea3n ph\u1ea9m s\u1ebd \u0111\u00e1p \u1ee9ng nhu c\u1ea7u s\u1eed d\u1ee5ng linh ho\u1ea1t c\u1ee7a c\u00e1c th\u00e0nh vi\u00ean trong gia \u0111\u00ecnh.<\/em><\/p>\n<p>&nbsp;<\/p>\n<p><script src=\"chrome-extension:\/\/fpelahbljekknahkcaegamhcndkfpfnc\/iFrame.js\" type=\"text\/javascript\"><\/script><\/p>\n","protected":false},"excerpt":{"rendered":"<p>&nbsp;<\/p>\n<p><script src=\"chrome-extension:\/\/fpelahbljekknahkcaegamhcndkfpfnc\/iFrame.js\" type=\"text\/javascript\"><\/script><\/p>\n<p><script src=\"chrome-extension:\/\/fpelahbljekknahkcaegamhcndkfpfnc\/iFrame.js\" type=\"text\/javascript\"><\/script><\/p>\n<p><script src=\"chrome-extension:\/\/fpelahbljekknahkcaegamhcndkfpfnc\/iFrame.js\" type=\"text\/javascript\"><\/script><\/p>\n<p><script src=\"chrome-extension:\/\/fpelahbljekknahkcaegamhcndkfpfnc\/iFrame.js\" type=\"text\/javascript\"><\/script><\/p>\n<p><script src=\"chrome-extension:\/\/fpelahbljekknahkcaegamhcndkfpfnc\/iFrame.js\" type=\"text\/javascript\"><\/script><\/p>\n<p><script src=\"chrome-extension:\/\/fpelahbljekknahkcaegamhcndkfpfnc\/iFrame.js\" type=\"text\/javascript\"><\/script><\/p>\n<p><script src=\"chrome-extension:\/\/fpelahbljekknahkcaegamhcndkfpfnc\/iFrame.js\" type=\"text\/javascript\"><\/script><\/p>\n<p><script src=\"chrome-extension:\/\/fpelahbljekknahkcaegamhcndkfpfnc\/iFrame.js\" type=\"text\/javascript\"><\/script><\/p>\n","protected":false},"featured_media":5616,"comment_status":"open","ping_status":"closed","template":"","meta":[],"product_brand":[88],"product_cat":[68,76,140],"product_tag":[],"class_list":{"0":"post-4221","1":"product","2":"type-product","3":"status-publish","4":"has-post-thumbnail","6":"product_brand-samsung","7":"product_cat-smart-tv","8":"product_cat-televisions","9":"product_cat-tv-oled","10":"pa_kich-co-man-hinh-tu-75-85-inch","12":"first","13":"instock","14":"sale","15":"shipping-taxable","16":"purchasable","17":"product-type-simple"},"_links":{"self":[{"href":"https:\/\/tivi-samsung.com\/index.php?rest_route=\/wp\/v2\/product\/4221","targetHints":{"allow":["GET"]}}],"collection":[{"href":"https:\/\/tivi-samsung.com\/index.php?rest_route=\/wp\/v2\/product"}],"about":[{"href":"https:\/\/tivi-samsung.com\/index.php?rest_route=\/wp\/v2\/types\/product"}],"replies":[{"embeddable":true,"href":"https:\/\/tivi-samsung.com\/index.php?rest_route=%2Fwp%2Fv2%2Fcomments&post=4221"}],"version-history":[{"count":10,"href":"https:\/\/tivi-samsung.com\/index.php?rest_route=\/wp\/v2\/product\/4221\/revisions"}],"predecessor-version":[{"id":8453,"href":"https:\/\/tivi-samsung.com\/index.php?rest_route=\/wp\/v2\/product\/4221\/revisions\/8453"}],"wp:featuredmedia":[{"embeddable":true,"href":"https:\/\/tivi-samsung.com\/index.php?rest_route=\/wp\/v2\/media\/5616"}],"wp:attachment":[{"href":"https:\/\/tivi-samsung.com\/index.php?rest_route=%2Fwp%2Fv2%2Fmedia&parent=4221"}],"wp:term":[{"taxonomy":"product_brand","embeddable":true,"href":"https:\/\/tivi-samsung.com\/index.php?rest_route=%2Fwp%2Fv2%2Fproduct_brand&post=4221"},{"taxonomy":"product_cat","embeddable":true,"href":"https:\/\/tivi-samsung.com\/index.php?rest_route=%2Fwp%2Fv2%2Fproduct_cat&post=4221"},{"taxonomy":"product_tag","embeddable":true,"href":"https:\/\/tivi-samsung.com\/index.php?rest_route=%2Fwp%2Fv2%2Fproduct_tag&post=4221"}],"curies":[{"name":"wp","href":"https:\/\/api.w.org\/{rel}","templated":true}]}}