{"id":4212,"date":"2025-09-16T15:33:19","date_gmt":"2025-09-16T15:33:19","guid":{"rendered":"https:\/\/tivi-samsung.com\/?post_type=product&#038;p=4212"},"modified":"2025-10-15T00:28:00","modified_gmt":"2025-10-14T17:28:00","slug":"smart-tivi-crystal-uhd-samsung-4k-70-inch-ua70du7000","status":"publish","type":"product","link":"https:\/\/tivi-samsung.com\/?product=smart-tivi-crystal-uhd-samsung-4k-70-inch-ua70du7000","title":{"rendered":"Smart Tivi Crystal UHD Samsung 4K 70 inch UA70DU7000"},"content":{"rendered":"<p><strong>Th\u00f4ng tin s\u1ea3n ph\u1ea9m<\/strong><\/p>\n<p><a href=\"https:\/\/tokoo.vn\/danh-muc\/samsung-tvs\/\" target=\"_blank\" rel=\"noopener\"><strong>Smart Tivi Samsung 4K Crystal UHD 70 inch UA70DU7000<\/strong> <\/a>t\u00f4n l\u00ean v\u1ebb \u0111\u1eb9p c\u1ee7a kh\u00f4ng gian n\u1ed9i th\u1ea5t v\u1edbi thi\u1ebft k\u1ebf sang tr\u1ecdng, m\u00e0n h\u00ecnh 70 inch v\u1edbi \u0111\u1ed9 ph\u00e2n gi\u1ea3i 4K mang l\u1ea1i nh\u1eefng th\u01b0\u1edbc phim s\u1ed1ng \u0111\u1ed9ng v\u00e0 ch\u00e2n th\u1ef1c, b\u1ed9 x\u1eed l\u00fd Crystal 4K t\u0103ng c\u01b0\u1eddng ch\u1ea5t l\u01b0\u1ee3ng hi\u1ec3n th\u1ecb, t\u00e1i t\u1ea1o h\u00ecnh \u1ea3nh v\u1edbi \u0111\u1ed9 chi ti\u1ebft v\u01b0\u1ee3t tr\u1ed9i.<\/p>\n<p><strong>Thi\u1ebft k\u1ebf<\/strong><\/p>\n<p>&#8211; V\u1edbi thi\u1ebft k\u1ebf \u0111\u1eb9p m\u1eaft, thu h\u00fat b\u1eb1ng nh\u1eefng \u0111\u01b0\u1eddng vi\u1ec1n m\u1ecfng xung quanh, tivi Samsung g\u00f3p ph\u1ea7n l\u00e0m cho kh\u00f4ng gian ph\u00f2ng th\u00eam ph\u1ea7n sang tr\u1ecdng v\u00e0 tinh t\u1ebf h\u01a1n.<\/p>\n<p>&#8211; M\u00e0n h\u00ecnh l\u1edbn 70 inch ph\u00f9 h\u1ee3p cho nhu c\u1ea7u s\u1eed d\u1ee5ng, gi\u1ea3i tr\u00ed h\u00e0ng ng\u00e0y trong ph\u00f2ng kh\u00e1ch, ph\u00f2ng gi\u1ea3i tr\u00ed, ph\u00f2ng h\u1ecdp.<\/p>\n<p>&#8211; Ch\u00e2n \u0111\u1ebf l\u00e0m t\u1eeb nh\u1ef1a ch\u1eafc ch\u1eafn gi\u00fap tivi \u0111\u1ee9ng v\u1eefng tr\u00ean c\u00e1c b\u1ec1 m\u1eb7t. Ngo\u00e0i ra b\u1ea1n c\u0169ng c\u00f3 th\u1ec3 th\u00e1o r\u1eddi ch\u00e2n \u0111\u1ebf v\u00e0 tr\u01b0ng b\u00e0y tivi \u1edf d\u1ea1ng treo t\u01b0\u1eddng.<\/p>\n<p><img fetchpriority=\"high\" decoding=\"async\" class=\"alignnone wp-image-5360\" src=\"https:\/\/tivi-samsung.com\/wp-content\/uploads\/2025\/09\/60e5e7d78d60cbffe03590eb0f8dce1d-300x168.jpg\" alt=\"\" width=\"1827\" height=\"1023\" srcset=\"https:\/\/tivi-samsung.com\/wp-content\/uploads\/2025\/09\/60e5e7d78d60cbffe03590eb0f8dce1d-300x168.jpg 300w, https:\/\/tivi-samsung.com\/wp-content\/uploads\/2025\/09\/60e5e7d78d60cbffe03590eb0f8dce1d-768x429.jpg 768w, https:\/\/tivi-samsung.com\/wp-content\/uploads\/2025\/09\/60e5e7d78d60cbffe03590eb0f8dce1d-450x251.jpg 450w, https:\/\/tivi-samsung.com\/wp-content\/uploads\/2025\/09\/60e5e7d78d60cbffe03590eb0f8dce1d-600x335.jpg 600w, https:\/\/tivi-samsung.com\/wp-content\/uploads\/2025\/09\/60e5e7d78d60cbffe03590eb0f8dce1d-150x84.jpg 150w, https:\/\/tivi-samsung.com\/wp-content\/uploads\/2025\/09\/60e5e7d78d60cbffe03590eb0f8dce1d.jpg 1020w\" sizes=\"(max-width: 1827px) 100vw, 1827px\" \/><\/p>\n<p><strong>C\u00f4ng ngh\u1ec7 h\u00ecnh \u1ea3nh<\/strong><\/p>\n<p>&#8211; Th\u01b0\u1edfng th\u1ee9c nh\u1eefng b\u1ed9 phim \u0111i\u1ec7n \u1ea3nh v\u00e0 truy\u1ec1n h\u00ecnh tr\u00ean tivi \u1edf \u0111\u1ed9 ph\u00e2n gi\u1ea3i 4K c\u00f3 \u0111\u1ed9 s\u1eafc n\u00e9t cao, \u0111\u1ed9 chi ti\u1ebft \u1ea5n t\u01b0\u1ee3ng.<\/p>\n<p>&#8211; V\u1edbi s\u1ef1 h\u1ed7 tr\u1ee3 c\u1ee7a b\u1ed9 x\u1eed l\u00fd <strong>Crystal 4K<\/strong>, m\u00e0u s\u1eafc v\u00e0 t\u1ef7 l\u1ec7 t\u01b0\u01a1ng ph\u1ea3n s\u1ebd \u0111\u01b0\u1ee3c t\u1ef1 \u0111\u1ed9ng t\u1ed1i \u01b0u, mang l\u1ea1i ch\u1ea5t l\u01b0\u1ee3ng h\u00ecnh \u1ea3nh hi\u1ec3n th\u1ecb \u0111\u1eb9p v\u00e0 s\u1eafc n\u00e9t.<\/p>\n<p><img decoding=\"async\" class=\"alignnone wp-image-5512\" src=\"https:\/\/tivi-samsung.com\/wp-content\/uploads\/2025\/09\/smart-tivi-samsung-4k-crystal-uhd-70-inch-ua70du7000-3-1-300x168.jpg\" alt=\"\" width=\"1827\" height=\"1023\" srcset=\"https:\/\/tivi-samsung.com\/wp-content\/uploads\/2025\/09\/smart-tivi-samsung-4k-crystal-uhd-70-inch-ua70du7000-3-1-300x168.jpg 300w, https:\/\/tivi-samsung.com\/wp-content\/uploads\/2025\/09\/smart-tivi-samsung-4k-crystal-uhd-70-inch-ua70du7000-3-1-768x429.jpg 768w, https:\/\/tivi-samsung.com\/wp-content\/uploads\/2025\/09\/smart-tivi-samsung-4k-crystal-uhd-70-inch-ua70du7000-3-1-450x251.jpg 450w, https:\/\/tivi-samsung.com\/wp-content\/uploads\/2025\/09\/smart-tivi-samsung-4k-crystal-uhd-70-inch-ua70du7000-3-1-600x335.jpg 600w, https:\/\/tivi-samsung.com\/wp-content\/uploads\/2025\/09\/smart-tivi-samsung-4k-crystal-uhd-70-inch-ua70du7000-3-1-150x84.jpg 150w, https:\/\/tivi-samsung.com\/wp-content\/uploads\/2025\/09\/smart-tivi-samsung-4k-crystal-uhd-70-inch-ua70du7000-3-1.jpg 1020w\" sizes=\"(max-width: 1827px) 100vw, 1827px\" \/><\/p>\n<p>&#8211; <strong>C\u00f4ng ngh\u1ec7 HDR<\/strong> t\u0103ng c\u01b0\u1eddng \u0111\u1ed9 t\u01b0\u01a1ng ph\u1ea3n \u1edf nh\u1eefng v\u00f9ng \u00e1nh s\u00e1ng v\u00e0 t\u1ed1i, th\u1ec3 hi\u1ec7n m\u00e0u s\u1eafc sinh \u0111\u1ed9ng v\u00e0 ch\u00e2n th\u1ef1c.<\/p>\n<p>&#8211; <strong>C\u00f4ng ngh\u1ec7 Motion Xcelerato<\/strong>r gi\u00fap m\u1ecdi chuy\u1ec3n \u0111\u1ed9ng c\u1ee7a v\u1eadt th\u1ec3 trong khung h\u00ecnh lu\u00f4n r\u00f5 r\u00e0ng, chi ti\u1ebft, kh\u00f4ng b\u1ecb hi\u1ec7n t\u01b0\u1ee3ng b\u00f3ng m\u1edd.<\/p>\n<p>&#8211; C<strong>\u00f4ng ngh\u1ec7 PurColor<\/strong> t\u0103ng c\u01b0\u1eddng th\u00eam nhi\u1ec1u d\u1ea3i m\u00e0u, gi\u00fap cho c\u00e1c h\u00ecnh \u1ea3nh tr\u1edf n\u00ean r\u1ef1c r\u1ee1 h\u01a1n v\u00e0 \u0111\u1ea1t \u0111\u1ed9 ch\u00e2n th\u1ef1c cao h\u01a1n.<\/p>\n<p><img decoding=\"async\" class=\"alignnone wp-image-5359\" src=\"https:\/\/tivi-samsung.com\/wp-content\/uploads\/2025\/09\/a1da636b697b61c12a2313b6e16662d6-300x168.jpg\" alt=\"\" width=\"1823\" height=\"1021\" srcset=\"https:\/\/tivi-samsung.com\/wp-content\/uploads\/2025\/09\/a1da636b697b61c12a2313b6e16662d6-300x168.jpg 300w, https:\/\/tivi-samsung.com\/wp-content\/uploads\/2025\/09\/a1da636b697b61c12a2313b6e16662d6-768x429.jpg 768w, https:\/\/tivi-samsung.com\/wp-content\/uploads\/2025\/09\/a1da636b697b61c12a2313b6e16662d6-450x251.jpg 450w, https:\/\/tivi-samsung.com\/wp-content\/uploads\/2025\/09\/a1da636b697b61c12a2313b6e16662d6-600x335.jpg 600w, https:\/\/tivi-samsung.com\/wp-content\/uploads\/2025\/09\/a1da636b697b61c12a2313b6e16662d6-150x84.jpg 150w, https:\/\/tivi-samsung.com\/wp-content\/uploads\/2025\/09\/a1da636b697b61c12a2313b6e16662d6.jpg 1020w\" sizes=\"(max-width: 1823px) 100vw, 1823px\" \/><\/p>\n<p>&#8211; M\u00e0u \u0111en \u0111\u01b0\u1ee3c \u0111\u1eadm h\u01a1n, m\u00e0u tr\u1eafng thu\u1ea7n khi\u1ebft v\u00e0 trong tr\u1ebbo h\u01a1n nh\u1edd c\u00f4ng ngh\u1ec7 <strong>UHD Dimming.<\/strong><\/p>\n<p>&#8211; Ch\u1ebf \u0111\u1ed9 gi\u1ea3m \u0111\u1ed9 tr\u1ec5 \u0111\u1ea7u v\u00e0o<strong> ALLM<\/strong> \u0111\u1ea3m b\u1ea3o m\u1ecdi thao t\u00e1c \u0111i\u1ec1u khi\u1ec3n nh\u00e2n v\u1eadt c\u1ee7a c\u00e1c game th\u1ee7 lu\u00f4n ch\u00ednh x\u00e1c v\u00e0 k\u1ecbp th\u1eddi.<\/p>\n<p>&#8211; Nh\u1edd c\u00f4ng ngh\u1ec7 <strong>Contrast Enhancer<\/strong>, \u0111\u1ed9 t\u01b0\u01a1ng ph\u1ea3n s\u1ebd \u0111\u01b0\u1ee3c t\u0103ng c\u01b0\u1eddng t\u1ed1i \u0111a, c\u00e1c l\u1edbp s\u00e1ng t\u1ed1i \u0111\u01b0\u1ee3c ph\u1ee7 l\u00ean kh\u1eafp m\u00e0n h\u00ecnh gi\u00fap m\u1ed7i khu v\u1ef1c v\u00e0 v\u1eadt th\u1ec3 trong khung h\u00ecnh tr\u1edf n\u00ean s\u1ed1ng \u0111\u1ed9ng h\u01a1n bao gi\u1edd h\u1ebft.<\/p>\n<p><img loading=\"lazy\" decoding=\"async\" class=\"alignnone wp-image-5469\" src=\"https:\/\/tivi-samsung.com\/wp-content\/uploads\/2025\/09\/smart-samsung-4k-85-inch-ua85bu8000-140322-064210-1-300x168.jpg\" alt=\"\" width=\"1821\" height=\"1020\" srcset=\"https:\/\/tivi-samsung.com\/wp-content\/uploads\/2025\/09\/smart-samsung-4k-85-inch-ua85bu8000-140322-064210-1-300x168.jpg 300w, https:\/\/tivi-samsung.com\/wp-content\/uploads\/2025\/09\/smart-samsung-4k-85-inch-ua85bu8000-140322-064210-1-768x429.jpg 768w, https:\/\/tivi-samsung.com\/wp-content\/uploads\/2025\/09\/smart-samsung-4k-85-inch-ua85bu8000-140322-064210-1-450x251.jpg 450w, https:\/\/tivi-samsung.com\/wp-content\/uploads\/2025\/09\/smart-samsung-4k-85-inch-ua85bu8000-140322-064210-1-600x335.jpg 600w, https:\/\/tivi-samsung.com\/wp-content\/uploads\/2025\/09\/smart-samsung-4k-85-inch-ua85bu8000-140322-064210-1-150x84.jpg 150w, https:\/\/tivi-samsung.com\/wp-content\/uploads\/2025\/09\/smart-samsung-4k-85-inch-ua85bu8000-140322-064210-1.jpg 1020w\" sizes=\"(max-width: 1821px) 100vw, 1821px\" \/><\/p>\n<p><strong>C\u00f4ng ngh\u1ec7 \u00e2m thanh<\/strong><\/p>\n<p>&#8211; Loa tivi c\u00f3 t\u1ed5ng c\u00f4ng su\u1ea5t 20W, nh\u1eefng \u00e2m thanh trung th\u1ef1c tr\u00e0n ng\u1eadp c\u0103n ph\u00f2ng, gi\u00fap b\u1ea1n c\u1ea3m nh\u1eadn r\u00f5 r\u00e0ng t\u1eebng chi ti\u1ebft.<\/p>\n<p>&#8211; C\u00f4ng ngh\u1ec7 \u00e2m thanh <strong>Object Tracking Sound Lite (OTS Lite)<\/strong> s\u1ebd gi\u00fap b\u1ea1n ng\u1ed3i t\u1ea1i ch\u1ed7 nh\u01b0ng v\u1eabn c\u00f3 th\u1ec3 bi\u1ebft \u0111\u01b0\u1ee3c v\u1ecb tr\u00ed c\u1ee7a ngu\u1ed3n ph\u00e1t ra \u00e2m thanh. OTS Lite s\u1ebd \u0111i\u1ec1u ch\u1ec9nh \u00e2m thanh kh\u1edbp v\u1edbi chuy\u1ec3n \u0111\u1ed9ng c\u1ee7a h\u00ecnh \u1ea3nh tr\u00ean m\u00e0n h\u00ecnh, gi\u00fap \u00e2m thanh t\u1ecfa \u0111\u1ec1u v\u00e0 r\u1ed9ng h\u01a1n trong ph\u00f2ng.<\/p>\n<p><img loading=\"lazy\" decoding=\"async\" class=\"alignnone wp-image-5309\" src=\"https:\/\/tivi-samsung.com\/wp-content\/uploads\/2025\/09\/tivi-neo-qled-samsung-8k-65-inch-qa65qn800d-6-1020x570-1-300x168.jpg\" alt=\"\" width=\"1827\" height=\"1023\" srcset=\"https:\/\/tivi-samsung.com\/wp-content\/uploads\/2025\/09\/tivi-neo-qled-samsung-8k-65-inch-qa65qn800d-6-1020x570-1-300x168.jpg 300w, https:\/\/tivi-samsung.com\/wp-content\/uploads\/2025\/09\/tivi-neo-qled-samsung-8k-65-inch-qa65qn800d-6-1020x570-1-768x429.jpg 768w, https:\/\/tivi-samsung.com\/wp-content\/uploads\/2025\/09\/tivi-neo-qled-samsung-8k-65-inch-qa65qn800d-6-1020x570-1-450x251.jpg 450w, https:\/\/tivi-samsung.com\/wp-content\/uploads\/2025\/09\/tivi-neo-qled-samsung-8k-65-inch-qa65qn800d-6-1020x570-1-600x335.jpg 600w, https:\/\/tivi-samsung.com\/wp-content\/uploads\/2025\/09\/tivi-neo-qled-samsung-8k-65-inch-qa65qn800d-6-1020x570-1-150x84.jpg 150w, https:\/\/tivi-samsung.com\/wp-content\/uploads\/2025\/09\/tivi-neo-qled-samsung-8k-65-inch-qa65qn800d-6-1020x570-1.jpg 1020w\" sizes=\"(max-width: 1827px) 100vw, 1827px\" \/><\/p>\n<p><strong>H\u1ec7 \u0111i\u1ec1u h\u00e0nh<\/strong><\/p>\n<p>&#8211; B\u1ea1n s\u1ebd nhanh ch\u00f3ng l\u00e0m quen v\u00e0 s\u1eed d\u1ee5ng h\u1ec7 \u0111i\u1ec1u h\u00e0nh <strong>Tizen\u2122<\/strong> tr\u00ean tivi <strong>Samsung 70 inch<\/strong> v\u1edbi giao di\u1ec7n tr\u1ef1c quan, c\u00e1c menu hi\u1ec3n th\u1ecb r\u00f5 r\u00e0ng v\u00e0 \u0111\u1ea7y \u0111\u1ee7 th\u00f4ng tin.<\/p>\n<p>&#8211; Ngo\u00e0i ra, h\u1ec7 \u0111i\u1ec1u h\u00e0nh n\u00e0y c\u00f2n t\u00edch h\u1ee3p \u0111a d\u1ea1ng v\u1ec1 c\u00e1c n\u1ed9i dung \u0111\u1ec3 b\u1ea1n tho\u1ea3i m\u00e1i l\u1ef1a ch\u1ecdn cho tr\u1ea3i nghi\u1ec7m gi\u1ea3i tr\u00ed h\u00e0ng ng\u00e0y.<\/p>\n<p><img loading=\"lazy\" decoding=\"async\" class=\"alignnone wp-image-5395\" src=\"https:\/\/tivi-samsung.com\/wp-content\/uploads\/2025\/09\/smart-tivi-neo-qled-samsung-ai-4k-75-inch-qa75qn90f-150925-031435-080-300x168.jpg\" alt=\"\" width=\"1827\" height=\"1023\" srcset=\"https:\/\/tivi-samsung.com\/wp-content\/uploads\/2025\/09\/smart-tivi-neo-qled-samsung-ai-4k-75-inch-qa75qn90f-150925-031435-080-300x168.jpg 300w, https:\/\/tivi-samsung.com\/wp-content\/uploads\/2025\/09\/smart-tivi-neo-qled-samsung-ai-4k-75-inch-qa75qn90f-150925-031435-080-768x429.jpg 768w, https:\/\/tivi-samsung.com\/wp-content\/uploads\/2025\/09\/smart-tivi-neo-qled-samsung-ai-4k-75-inch-qa75qn90f-150925-031435-080-450x251.jpg 450w, https:\/\/tivi-samsung.com\/wp-content\/uploads\/2025\/09\/smart-tivi-neo-qled-samsung-ai-4k-75-inch-qa75qn90f-150925-031435-080-600x335.jpg 600w, https:\/\/tivi-samsung.com\/wp-content\/uploads\/2025\/09\/smart-tivi-neo-qled-samsung-ai-4k-75-inch-qa75qn90f-150925-031435-080-150x84.jpg 150w, https:\/\/tivi-samsung.com\/wp-content\/uploads\/2025\/09\/smart-tivi-neo-qled-samsung-ai-4k-75-inch-qa75qn90f-150925-031435-080.jpg 1020w\" sizes=\"(max-width: 1827px) 100vw, 1827px\" \/><\/p>\n<p><strong>Ti\u1ec7n \u00edch<\/strong><\/p>\n<p>&#8211; Thao t\u00e1c ch\u1ea1m \u0111\u1ec3 k\u1ebft n\u1ed1i \u0111i\u1ec7n tho\u1ea1i v\u1edbi tivi b\u1eb1ng Tap View.<\/p>\n<p>&#8211; Tr\u00ecnh chi\u1ebfu n\u1ed9i dung \u0111ang theo d\u00f5i nh\u01b0 h\u00ecnh \u1ea3nh, video l\u00ean m\u00e0n h\u00ecnh l\u1edbn qua <strong>AirPlay 2.<\/strong><\/p>\n<p>&#8211; S\u1eed d\u1ee5ng tivi <strong>Samsung 4K<\/strong> gi\u1ed1ng nh\u01b0 m\u00e0n h\u00ecnh m\u00e1y t\u00ednh b\u1eb1ng ch\u1ebf \u0111\u1ed9 PC on TV.<\/p>\n<p>&#8211; \u1ee8ng d\u1ee5ng <strong>SmartThings<\/strong> qu\u1ea3n l\u00fd nh\u00e0 th\u00f4ng minh, t\u00edch h\u1ee3p IoT v\u00e0 hi\u1ec3n th\u1ecb b\u1ea3n \u0111\u1ed3 3D.<\/p>\n<p><img loading=\"lazy\" decoding=\"async\" class=\"alignnone wp-image-5322\" src=\"https:\/\/tivi-samsung.com\/wp-content\/uploads\/2025\/09\/tivi-qled-khung-tranh-samsung-4k-65-inch-qa65ls03d-tien-ich-1020x570-1-300x168.jpg\" alt=\"\" width=\"1827\" height=\"1023\" srcset=\"https:\/\/tivi-samsung.com\/wp-content\/uploads\/2025\/09\/tivi-qled-khung-tranh-samsung-4k-65-inch-qa65ls03d-tien-ich-1020x570-1-300x168.jpg 300w, https:\/\/tivi-samsung.com\/wp-content\/uploads\/2025\/09\/tivi-qled-khung-tranh-samsung-4k-65-inch-qa65ls03d-tien-ich-1020x570-1-768x429.jpg 768w, https:\/\/tivi-samsung.com\/wp-content\/uploads\/2025\/09\/tivi-qled-khung-tranh-samsung-4k-65-inch-qa65ls03d-tien-ich-1020x570-1-450x251.jpg 450w, https:\/\/tivi-samsung.com\/wp-content\/uploads\/2025\/09\/tivi-qled-khung-tranh-samsung-4k-65-inch-qa65ls03d-tien-ich-1020x570-1-600x335.jpg 600w, https:\/\/tivi-samsung.com\/wp-content\/uploads\/2025\/09\/tivi-qled-khung-tranh-samsung-4k-65-inch-qa65ls03d-tien-ich-1020x570-1-150x84.jpg 150w, https:\/\/tivi-samsung.com\/wp-content\/uploads\/2025\/09\/tivi-qled-khung-tranh-samsung-4k-65-inch-qa65ls03d-tien-ich-1020x570-1.jpg 1020w\" sizes=\"(max-width: 1827px) 100vw, 1827px\" \/><\/p>\n<p><em><strong>Smart Tivi Samsung 4K Crystal UHD 70 inch UA70DU7000<\/strong> mang \u0111\u1ebfn th\u1ebf gi\u1edbi \u0111i\u1ec7n \u1ea3nh \u0111\u1ea7y m\u00e3n nh\u00e3n, l\u00f4i cu\u1ed1n v\u1edbi m\u00e0n h\u00ecnh 70 inch v\u00e0 \u0111\u1ed9 ph\u00e2n gi\u1ea3i 4K, b\u1ed9 x\u1eed l\u00fd <strong>Crystal 4K<\/strong> cung c\u1ea5p h\u00ecnh \u1ea3nh \u0111\u1eb9p v\u00e0 s\u1eafc n\u00e9t, \u0111\u1ed9 t\u01b0\u01a1ng ph\u1ea3n \u0111\u01b0\u1ee3c t\u0103ng c\u01b0\u1eddng b\u1eb1ng c\u00f4ng ngh\u1ec7 Contrast Enhancer, d\u1ec5 d\u00e0ng nh\u1eadn bi\u1ebft v\u1ecb tr\u00ed ph\u00e1t ra \u00e2m thanh v\u1edbi c\u00f4ng ngh\u1ec7 OTS Lite, h\u1ec7 \u0111i\u1ec1u h\u00e0nh d\u1ec5 s\u1eed d\u1ee5ng k\u00e8m kho \u1ee9ng d\u1ee5ng \u0111\u00e1p \u1ee9ng \u0111a d\u1ea1ng nhu c\u1ea7u gi\u1ea3i tr\u00ed.<\/em><\/p>\n<p>&nbsp;<\/p>\n<p><script src=\"chrome-extension:\/\/fpelahbljekknahkcaegamhcndkfpfnc\/iFrame.js\" type=\"text\/javascript\"><\/script><\/p>\n","protected":false},"excerpt":{"rendered":"<p>&nbsp;<\/p>\n<p><script src=\"chrome-extension:\/\/fpelahbljekknahkcaegamhcndkfpfnc\/iFrame.js\" type=\"text\/javascript\"><\/script><\/p>\n<p><script src=\"chrome-extension:\/\/fpelahbljekknahkcaegamhcndkfpfnc\/iFrame.js\" type=\"text\/javascript\"><\/script><\/p>\n<p><script src=\"chrome-extension:\/\/fpelahbljekknahkcaegamhcndkfpfnc\/iFrame.js\" type=\"text\/javascript\"><\/script><\/p>\n<p><script src=\"chrome-extension:\/\/fpelahbljekknahkcaegamhcndkfpfnc\/iFrame.js\" type=\"text\/javascript\"><\/script><\/p>\n<p><script src=\"chrome-extension:\/\/fpelahbljekknahkcaegamhcndkfpfnc\/iFrame.js\" type=\"text\/javascript\"><\/script><\/p>\n<p><script src=\"chrome-extension:\/\/fpelahbljekknahkcaegamhcndkfpfnc\/iFrame.js\" type=\"text\/javascript\"><\/script><\/p>\n","protected":false},"featured_media":4752,"comment_status":"open","ping_status":"closed","template":"","meta":[],"product_brand":[88],"product_cat":[148,68,76,138],"product_tag":[],"class_list":{"0":"post-4212","1":"product","2":"type-product","3":"status-publish","4":"has-post-thumbnail","6":"product_brand-samsung","7":"product_cat-du7000-2024","8":"product_cat-smart-tv","9":"product_cat-televisions","10":"product_cat-tv-crystal-uhd","11":"pa_kich-co-man-hinh-70-inch","13":"first","14":"instock","15":"sale","16":"shipping-taxable","17":"purchasable","18":"product-type-simple"},"_links":{"self":[{"href":"https:\/\/tivi-samsung.com\/index.php?rest_route=\/wp\/v2\/product\/4212","targetHints":{"allow":["GET"]}}],"collection":[{"href":"https:\/\/tivi-samsung.com\/index.php?rest_route=\/wp\/v2\/product"}],"about":[{"href":"https:\/\/tivi-samsung.com\/index.php?rest_route=\/wp\/v2\/types\/product"}],"replies":[{"embeddable":true,"href":"https:\/\/tivi-samsung.com\/index.php?rest_route=%2Fwp%2Fv2%2Fcomments&post=4212"}],"version-history":[{"count":8,"href":"https:\/\/tivi-samsung.com\/index.php?rest_route=\/wp\/v2\/product\/4212\/revisions"}],"predecessor-version":[{"id":8456,"href":"https:\/\/tivi-samsung.com\/index.php?rest_route=\/wp\/v2\/product\/4212\/revisions\/8456"}],"wp:featuredmedia":[{"embeddable":true,"href":"https:\/\/tivi-samsung.com\/index.php?rest_route=\/wp\/v2\/media\/4752"}],"wp:attachment":[{"href":"https:\/\/tivi-samsung.com\/index.php?rest_route=%2Fwp%2Fv2%2Fmedia&parent=4212"}],"wp:term":[{"taxonomy":"product_brand","embeddable":true,"href":"https:\/\/tivi-samsung.com\/index.php?rest_route=%2Fwp%2Fv2%2Fproduct_brand&post=4212"},{"taxonomy":"product_cat","embeddable":true,"href":"https:\/\/tivi-samsung.com\/index.php?rest_route=%2Fwp%2Fv2%2Fproduct_cat&post=4212"},{"taxonomy":"product_tag","embeddable":true,"href":"https:\/\/tivi-samsung.com\/index.php?rest_route=%2Fwp%2Fv2%2Fproduct_tag&post=4212"}],"curies":[{"name":"wp","href":"https:\/\/api.w.org\/{rel}","templated":true}]}}