{"id":4209,"date":"2025-09-16T15:31:07","date_gmt":"2025-09-16T15:31:07","guid":{"rendered":"https:\/\/tivi-samsung.com\/?post_type=product&#038;p=4209"},"modified":"2026-01-29T02:55:34","modified_gmt":"2026-01-28T19:55:34","slug":"smart-tivi-crystal-uhd-samsung-4k-75-inch-ua75cu8000","status":"publish","type":"product","link":"https:\/\/tivi-samsung.com\/?product=smart-tivi-crystal-uhd-samsung-4k-75-inch-ua75cu8000","title":{"rendered":"Smart Tivi Crystal UHD Samsung 4K\u00a075 inch\u00a0 UA75CU8000"},"content":{"rendered":"<p><strong>Th\u00f4ng tin s\u1ea3n ph\u1ea9m<\/strong><\/p>\n<p><a href=\"https:\/\/tokoo.vn\/danh-muc\/samsung-tvs\/\" target=\"_blank\" rel=\"noopener\"><strong>Smart Tivi Samsung 4K 75 inch UA75CU8000<\/strong><\/a> c\u00f3 ki\u1ec3u d\u00e1ng v\u00e0 vi\u1ec1n si\u00eau m\u1ecfng mang l\u1ea1i tr\u1ea3i nghi\u1ec7m xem phim \u0111\u1ec9nh cao, s\u1edf h\u1eefu m\u00e0n h\u00ecnh Crystal UHD 4K cho h\u00ecnh \u1ea3nh s\u1eafc n\u00e9t, s\u1ed1ng \u0111\u1ed9ng v\u1edbi Dynamic Crystal Color\u200b, b\u1ed9 x\u1eed l\u00fd Crystal 4K h\u1ed7 tr\u1ee3 t\u1ed1i \u01b0u ho\u00e1 m\u00e0u s\u1eafc hi\u1ec3n th\u1ecb, h\u1ec7 \u0111i\u1ec1u h\u00e0nh Tizen\u2122 tr\u1ef1c quan d\u1ec5 s\u1eed d\u1ee5ng.<\/p>\n<p>&nbsp;<\/p>\n<p><strong>T\u1ed5ng quan thi\u1ebft k\u1ebf<\/strong><\/p>\n<p>&#8211; <strong>Samsung UA75CU8000<\/strong> c\u00f3 thi\u1ebft k\u1ebf tinh gi\u1ea3n, s\u1edf h\u1eefu m\u00e0n h\u00ecnh c\u00f3 k\u00edch th\u01b0\u1edbc 75 inch cho tr\u1ea3i nghi\u1ec7m xem tuy\u1ec7t \u0111\u1ec9nh.<\/p>\n<p>&#8211; Ph\u00f9 h\u1ee3p \u0111\u1ec3 b\u1ed1 tr\u00ed cho nh\u1eefng kh\u00f4ng gian c\u00f3 di\u1ec7n t\u00edch r\u1ed9ng nh\u01b0 ph\u00f2ng h\u1ecdp, ph\u00f2ng h\u1ed9i ngh\u1ecb,&#8230;<\/p>\n<p>&#8211; Ch\u00e2n \u0111\u1ebf \u0111\u1ee1 tivi \u0111\u01b0\u1ee3c l\u00e0m b\u1eb1ng ch\u1ea5t li\u1ec7u nh\u1ef1a ch\u1eafc ch\u1eafn gi\u00fap \u0111\u1eb7t \u0111\u1ec3 thi\u1ebft b\u1ecb c\u00e2n b\u1eb1ng, \u0111\u1ed3ng th\u1eddi ng\u01b0\u1eddi d\u00f9ng c\u00f3 th\u1ec3 th\u00e1o r\u1eddi ch\u00e2n \u0111\u1ebf \u0111\u1ec3 l\u1eafp treo tr\u00ean t\u01b0\u1eddng gi\u00fap kh\u00f4ng gian r\u1ed9ng r\u00e3i, sang tr\u1ecdng h\u01a1n.<\/p>\n<p><img fetchpriority=\"high\" decoding=\"async\" class=\"alignnone wp-image-6715\" src=\"https:\/\/tivi-samsung.com\/wp-content\/uploads\/2025\/09\/smart-tivi-samsung-4k-75-inch-ua75cu8000-170323-024135-300x168.jpg\" alt=\"\" width=\"998\" height=\"559\" srcset=\"https:\/\/tivi-samsung.com\/wp-content\/uploads\/2025\/09\/smart-tivi-samsung-4k-75-inch-ua75cu8000-170323-024135-300x168.jpg 300w, https:\/\/tivi-samsung.com\/wp-content\/uploads\/2025\/09\/smart-tivi-samsung-4k-75-inch-ua75cu8000-170323-024135-768x429.jpg 768w, https:\/\/tivi-samsung.com\/wp-content\/uploads\/2025\/09\/smart-tivi-samsung-4k-75-inch-ua75cu8000-170323-024135-450x251.jpg 450w, https:\/\/tivi-samsung.com\/wp-content\/uploads\/2025\/09\/smart-tivi-samsung-4k-75-inch-ua75cu8000-170323-024135-600x335.jpg 600w, https:\/\/tivi-samsung.com\/wp-content\/uploads\/2025\/09\/smart-tivi-samsung-4k-75-inch-ua75cu8000-170323-024135-150x84.jpg 150w, https:\/\/tivi-samsung.com\/wp-content\/uploads\/2025\/09\/smart-tivi-samsung-4k-75-inch-ua75cu8000-170323-024135.jpg 1020w\" sizes=\"(max-width: 998px) 100vw, 998px\" \/><\/p>\n<p><strong>C\u00f4ng ngh\u1ec7 h\u00ecnh \u1ea3nh<\/strong><\/p>\n<p>&#8211; T\u00e1i hi\u1ec7n h\u00ecnh \u1ea3nh s\u1eafc n\u00e9t, chi ti\u1ebft v\u1edbi \u0111\u1ed9 ph\u00e2n gi\u1ea3i 4K v\u1edbi h\u01a1n 8 tri\u1ec7u \u0111i\u1ec3m \u1ea3nh, g\u1ea5p 4 l\u1ea7n Full HD.<\/p>\n<p>&#8211;<strong> B\u1ed9 x\u1eed l\u00fd Crystal 4K<\/strong> v\u1edbi kh\u1ea3 n\u0103ng t\u1ef1 \u0111\u1ed9ng \u0111i\u1ec1u ch\u1ec9nh m\u00e0u s\u1eafc, t\u1ed1i \u01b0u t\u1ef7 l\u1ec7 t\u01b0\u01a1ng ph\u1ea3n v\u00e0 d\u1ea3i s\u1eafc m\u00e0u \u0111\u1ed9ng, mang \u0111\u1ebfn h\u00ecnh \u1ea3nh ch\u1ea5t l\u01b0\u1ee3ng cao, hi\u1ec3n th\u1ecb \u0111\u1eb9p v\u00e0 s\u1eafc n\u00e9t.<\/p>\n<p><img decoding=\"async\" class=\"alignnone wp-image-5469\" src=\"https:\/\/tivi-samsung.com\/wp-content\/uploads\/2025\/09\/smart-samsung-4k-85-inch-ua85bu8000-140322-064210-1-300x168.jpg\" alt=\"\" width=\"1868\" height=\"1046\" srcset=\"https:\/\/tivi-samsung.com\/wp-content\/uploads\/2025\/09\/smart-samsung-4k-85-inch-ua85bu8000-140322-064210-1-300x168.jpg 300w, https:\/\/tivi-samsung.com\/wp-content\/uploads\/2025\/09\/smart-samsung-4k-85-inch-ua85bu8000-140322-064210-1-768x429.jpg 768w, https:\/\/tivi-samsung.com\/wp-content\/uploads\/2025\/09\/smart-samsung-4k-85-inch-ua85bu8000-140322-064210-1-450x251.jpg 450w, https:\/\/tivi-samsung.com\/wp-content\/uploads\/2025\/09\/smart-samsung-4k-85-inch-ua85bu8000-140322-064210-1-600x335.jpg 600w, https:\/\/tivi-samsung.com\/wp-content\/uploads\/2025\/09\/smart-samsung-4k-85-inch-ua85bu8000-140322-064210-1-150x84.jpg 150w, https:\/\/tivi-samsung.com\/wp-content\/uploads\/2025\/09\/smart-samsung-4k-85-inch-ua85bu8000-140322-064210-1.jpg 1020w\" sizes=\"(max-width: 1868px) 100vw, 1868px\" \/><\/p>\n<p>&#8211; C<strong>\u00f4ng ngh\u1ec7 HDR10+<\/strong> c\u1ea3i ti\u1ebfn h\u1ed7 tr\u1ee3 \u0111\u1ed9 s\u00e1ng l\u00ean \u0111\u1ebfn 4000 nits, gi\u00fap t\u0103ng \u0111\u1ed9 s\u00e2u v\u00e0 \u0111\u1ed9 chi ti\u1ebft c\u1ee7a h\u00ecnh \u1ea3nh nh\u01b0ng kh\u00f4ng l\u00e0m thay \u0111\u1ed5i \u0111\u1eb7c t\u00ednh v\u1ed1n c\u00f3 c\u1ee7a n\u00f3.<\/p>\n<p>&#8211; C\u00f4ng ngh\u1ec7 ki\u1ec3m so\u00e1t \u0111\u00e8n n\u1ec1n UHD Dimming hi\u1ec3n th\u1ecb m\u00e0u \u0111en s\u00e2u h\u01a1n, m\u00e0u tr\u1eafng t\u01b0\u01a1i s\u00e1ng h\u01a1n.<\/p>\n<p>&#8211;<strong> C\u00f4ng ngh\u1ec7 Motion Xcelerator,<\/strong> v\u1edbi c\u01a1 ch\u1ebf th\u00eam h\u00ecnh \u1ea3nh v\u00e0o c\u00e1c khung c\u1ea3nh chuy\u1ec3n \u0111\u1ed9ng, ch\u01a1i game m\u01b0\u1ee3t m\u00e0, tr\u01a1n tru h\u01a1n.<\/p>\n<p>&#8211; Ngo\u00e0i ra c\u00f2n c\u00f3 c\u00e1c c\u00f4ng ngh\u1ec7 kh\u00e1c nh\u01b0: n\u00e2ng c\u1ea5p \u0111\u1ed9 t\u01b0\u01a1ng ph\u1ea3n <strong>Contrast Enhancer, Dynamic Crystal Color<\/strong> gi\u00fap t\u00e1i hi\u1ec7n h\u00ecnh \u1ea3nh t\u1ef1 nhi\u00ean,&#8230;<\/p>\n<p><img decoding=\"async\" class=\"alignnone wp-image-5342\" src=\"https:\/\/tivi-samsung.com\/wp-content\/uploads\/2025\/09\/smart-tivi-samsung-4k-75-inch-ua75cu8000-170323-024431-300x168.jpg\" alt=\"\" width=\"1861\" height=\"1042\" srcset=\"https:\/\/tivi-samsung.com\/wp-content\/uploads\/2025\/09\/smart-tivi-samsung-4k-75-inch-ua75cu8000-170323-024431-300x168.jpg 300w, https:\/\/tivi-samsung.com\/wp-content\/uploads\/2025\/09\/smart-tivi-samsung-4k-75-inch-ua75cu8000-170323-024431-768x429.jpg 768w, https:\/\/tivi-samsung.com\/wp-content\/uploads\/2025\/09\/smart-tivi-samsung-4k-75-inch-ua75cu8000-170323-024431-450x251.jpg 450w, https:\/\/tivi-samsung.com\/wp-content\/uploads\/2025\/09\/smart-tivi-samsung-4k-75-inch-ua75cu8000-170323-024431-600x335.jpg 600w, https:\/\/tivi-samsung.com\/wp-content\/uploads\/2025\/09\/smart-tivi-samsung-4k-75-inch-ua75cu8000-170323-024431-150x84.jpg 150w, https:\/\/tivi-samsung.com\/wp-content\/uploads\/2025\/09\/smart-tivi-samsung-4k-75-inch-ua75cu8000-170323-024431.jpg 1020w\" sizes=\"(max-width: 1861px) 100vw, 1861px\" \/><\/p>\n<p><strong>C\u00f4ng ngh\u1ec7 \u00e2m thanh<\/strong><\/p>\n<p>&#8211; T\u1ed5ng c\u00f4ng su\u1ea5t loa 20W cho ch\u1ea5t \u00e2m m\u1ea1nh m\u1ebd, trung th\u1ef1c.<\/p>\n<p>&#8211; <strong>C\u00f4ng ngh\u1ec7 OTS Lite<\/strong> gi\u00fap ng\u01b0\u1eddi nghe c\u1ea3m nh\u1eadn \u0111\u01b0\u1ee3c \u00e2m thanh chuy\u1ec3n \u0111\u1ed9ng theo h\u00ecnh \u1ea3nh nh\u01b0 \u0111ang ng\u1ed3i t\u1ea1i r\u1ea1p chi\u1ebfu phim th\u1ef1c th\u1ee5.<\/p>\n<p><img loading=\"lazy\" decoding=\"async\" class=\"alignnone wp-image-5298\" src=\"https:\/\/tivi-samsung.com\/wp-content\/uploads\/2025\/09\/tivi-neo-qled-samsung-4k-65-inch-qa65qn90d-6-1020x570-1-300x168.jpg\" alt=\"\" width=\"1861\" height=\"1042\" srcset=\"https:\/\/tivi-samsung.com\/wp-content\/uploads\/2025\/09\/tivi-neo-qled-samsung-4k-65-inch-qa65qn90d-6-1020x570-1-300x168.jpg 300w, https:\/\/tivi-samsung.com\/wp-content\/uploads\/2025\/09\/tivi-neo-qled-samsung-4k-65-inch-qa65qn90d-6-1020x570-1-768x429.jpg 768w, https:\/\/tivi-samsung.com\/wp-content\/uploads\/2025\/09\/tivi-neo-qled-samsung-4k-65-inch-qa65qn90d-6-1020x570-1-450x251.jpg 450w, https:\/\/tivi-samsung.com\/wp-content\/uploads\/2025\/09\/tivi-neo-qled-samsung-4k-65-inch-qa65qn90d-6-1020x570-1-600x335.jpg 600w, https:\/\/tivi-samsung.com\/wp-content\/uploads\/2025\/09\/tivi-neo-qled-samsung-4k-65-inch-qa65qn90d-6-1020x570-1-150x84.jpg 150w, https:\/\/tivi-samsung.com\/wp-content\/uploads\/2025\/09\/tivi-neo-qled-samsung-4k-65-inch-qa65qn90d-6-1020x570-1.jpg 1020w\" sizes=\"(max-width: 1861px) 100vw, 1861px\" \/><\/p>\n<p>&#8211; <strong>C\u00f4ng ngh\u1ec7 Adaptive Sound<\/strong> c\u00f3 kh\u1ea3 n\u0103ng t\u1ed1i \u01b0u ho\u00e1 \u00e2m thanh d\u1ef1a tr\u00ean m\u00f4i tr\u01b0\u1eddng b\u1ea1n \u0111ang xem, mang \u0111\u1ebfn tr\u1ea3i nghi\u1ec7m \u00e2m thanh ch\u1ea5t l\u01b0\u1ee3ng cao.<\/p>\n<p>&#8211; C\u00f4ng ngh\u1ec7 Q-Symphony k\u1ebft h\u1ee3p loa tivi v\u1edbi loa thanh t\u1ea1o n\u00ean ch\u1ea5t \u00e2m s\u1ed1ng \u0111\u1ed9ng, cu\u1ed1n h\u00fat, t\u1ea1o l\u1eadp kh\u00f4ng gian \u00e2m thanh \u0111\u1ec9nh cao.<\/p>\n<p><img loading=\"lazy\" decoding=\"async\" class=\"alignnone wp-image-5433\" src=\"https:\/\/tivi-samsung.com\/wp-content\/uploads\/2025\/09\/tivi-neo-qled-samsung-4k-85-inch-qa85qn90d-7-1020x570-2-300x168.jpg\" alt=\"\" width=\"1862\" height=\"1043\" srcset=\"https:\/\/tivi-samsung.com\/wp-content\/uploads\/2025\/09\/tivi-neo-qled-samsung-4k-85-inch-qa85qn90d-7-1020x570-2-300x168.jpg 300w, https:\/\/tivi-samsung.com\/wp-content\/uploads\/2025\/09\/tivi-neo-qled-samsung-4k-85-inch-qa85qn90d-7-1020x570-2-768x429.jpg 768w, https:\/\/tivi-samsung.com\/wp-content\/uploads\/2025\/09\/tivi-neo-qled-samsung-4k-85-inch-qa85qn90d-7-1020x570-2-450x251.jpg 450w, https:\/\/tivi-samsung.com\/wp-content\/uploads\/2025\/09\/tivi-neo-qled-samsung-4k-85-inch-qa85qn90d-7-1020x570-2-600x335.jpg 600w, https:\/\/tivi-samsung.com\/wp-content\/uploads\/2025\/09\/tivi-neo-qled-samsung-4k-85-inch-qa85qn90d-7-1020x570-2-150x84.jpg 150w, https:\/\/tivi-samsung.com\/wp-content\/uploads\/2025\/09\/tivi-neo-qled-samsung-4k-85-inch-qa85qn90d-7-1020x570-2.jpg 1020w\" sizes=\"(max-width: 1862px) 100vw, 1862px\" \/><\/p>\n<p><strong>H\u1ec7 \u0111i\u1ec1u h\u00e0nh<\/strong><\/p>\n<p>Tivi Samsung thi\u1ebft l\u1eadp h\u1ec7 \u0111i\u1ec1u h\u00e0nh<strong> Tizen\u2122<\/strong> v\u1edbi giao di\u1ec7n th\u00e2n thi\u1ec7n, ph\u00e2n m\u1ee5c r\u00f5 r\u00e0ng v\u00e0 s\u1eafp x\u1ebfp h\u1ee3p l\u00fd. B\u00ean c\u1ea1nh \u0111\u00f3 l\u00e0 kho \u1ee9ng d\u1ee5ng phong ph\u00fa \u0111\u00e1p \u1ee9ng nhu c\u1ea7u gi\u1ea3i tr\u00ed \u0111a d\u1ea1ng c\u1ee7a c\u1ea3 gia \u0111\u00ecnh.<\/p>\n<p><img loading=\"lazy\" decoding=\"async\" class=\"alignnone wp-image-5455\" src=\"https:\/\/tivi-samsung.com\/wp-content\/uploads\/2025\/09\/smart-tivi-neo-qled-samsung-ai-4k-85-inch-qa85qn70f-11-1020x570-1-300x168.jpg\" alt=\"\" width=\"1857\" height=\"1040\" srcset=\"https:\/\/tivi-samsung.com\/wp-content\/uploads\/2025\/09\/smart-tivi-neo-qled-samsung-ai-4k-85-inch-qa85qn70f-11-1020x570-1-300x168.jpg 300w, https:\/\/tivi-samsung.com\/wp-content\/uploads\/2025\/09\/smart-tivi-neo-qled-samsung-ai-4k-85-inch-qa85qn70f-11-1020x570-1-768x429.jpg 768w, https:\/\/tivi-samsung.com\/wp-content\/uploads\/2025\/09\/smart-tivi-neo-qled-samsung-ai-4k-85-inch-qa85qn70f-11-1020x570-1-450x251.jpg 450w, https:\/\/tivi-samsung.com\/wp-content\/uploads\/2025\/09\/smart-tivi-neo-qled-samsung-ai-4k-85-inch-qa85qn70f-11-1020x570-1-600x335.jpg 600w, https:\/\/tivi-samsung.com\/wp-content\/uploads\/2025\/09\/smart-tivi-neo-qled-samsung-ai-4k-85-inch-qa85qn70f-11-1020x570-1-150x84.jpg 150w, https:\/\/tivi-samsung.com\/wp-content\/uploads\/2025\/09\/smart-tivi-neo-qled-samsung-ai-4k-85-inch-qa85qn70f-11-1020x570-1.jpg 1020w\" sizes=\"(max-width: 1857px) 100vw, 1857px\" \/><\/p>\n<p><strong>Ti\u1ec7n \u00edch<\/strong><\/p>\n<p>&#8211; T\u00ecm ki\u1ebfm gi\u1ecdng n\u00f3i c\u00f3 ti\u1ebfng Vi\u1ec7t tr\u00ean <strong>YouTube<\/strong>, tr\u1ee3 l\u00fd \u1ea3o Bixby b\u1eb1ng ti\u1ebfng Vi\u1ec7t.<\/p>\n<p>&#8211; Ch\u1ebf \u0111\u1ed9 m\u00e1y t\u00ednh PC tr\u00ean tivi bi\u1ebfn tivi tr\u1edf th\u00e0nh m\u00e0n h\u00ecnh l\u1edbn h\u1ed7 tr\u1ee3 l\u00e0m vi\u1ec7c.<\/p>\n<p>&#8211; Trang b\u1ecb One Remote th\u00f4ng minh, c\u00f3 th\u1ec3 s\u1ea1c b\u1eb1ng n\u0103ng l\u01b0\u1ee3ng m\u1eb7t tr\u1eddi, v\u1eeba ti\u1ebft ki\u1ec7m chi ph\u00ed v\u1eeba b\u1ea3o v\u1ec7 m\u00f4i tr\u01b0\u1eddng.<\/p>\n<p>&#8211; Chi\u1ebfu h\u00ecnh t\u1eeb \u0111i\u1ec7n tho\u1ea1i l\u00ean tivi th\u00f4ng qua t\u00ednh n\u0103ng <strong>AirPlay 2, Screen Mirroring ho\u1eb7c Tap View.<\/strong><\/p>\n<p>&#8211; <strong>SmartThings<\/strong> t\u00edch h\u1ee3p IoT Hub: Qu\u1ea3n l\u00fd ng\u00f4i nh\u00e0 th\u00f4ng minh, k\u1ebft n\u1ed1i nhanh ch\u00f3ng \u0111a thi\u1ebft b\u1ecb nh\u1edd t\u00edch h\u1ee3p IoT Hub v\u00e0 ch\u1ebf \u0111\u1ed9 hi\u1ec3n th\u1ecb b\u1ea3n \u0111\u1ed3 3D k\u1ebft n\u1ed1i c\u00e1c thi\u1ebft b\u1ecb.<\/p>\n<p>+ N\u00e2ng cao tr\u1ea3i nghi\u1ec7m xem tr\u00ean tivi d\u01b0\u1edbi d\u1ea1ng r\u1ea1p chi\u1ebfu phim v\u1edbi <strong>Media home.<\/strong><\/p>\n<p>+ <strong>Built-in IoT Hub<\/strong> gi\u00fap k\u1ebft n\u1ed1i d\u1ec5 d\u00e0ng v\u1edbi c\u00e1c thi\u1ebft b\u1ecb <strong>Zigbee, Thread, Matter m\u00e0 kh\u00f4ng c\u1ea7n Dongle.<\/strong><\/p>\n<p><img loading=\"lazy\" decoding=\"async\" class=\"alignnone wp-image-5322\" src=\"https:\/\/tivi-samsung.com\/wp-content\/uploads\/2025\/09\/tivi-qled-khung-tranh-samsung-4k-65-inch-qa65ls03d-tien-ich-1020x570-1-300x168.jpg\" alt=\"\" width=\"1855\" height=\"1039\" srcset=\"https:\/\/tivi-samsung.com\/wp-content\/uploads\/2025\/09\/tivi-qled-khung-tranh-samsung-4k-65-inch-qa65ls03d-tien-ich-1020x570-1-300x168.jpg 300w, https:\/\/tivi-samsung.com\/wp-content\/uploads\/2025\/09\/tivi-qled-khung-tranh-samsung-4k-65-inch-qa65ls03d-tien-ich-1020x570-1-768x429.jpg 768w, https:\/\/tivi-samsung.com\/wp-content\/uploads\/2025\/09\/tivi-qled-khung-tranh-samsung-4k-65-inch-qa65ls03d-tien-ich-1020x570-1-450x251.jpg 450w, https:\/\/tivi-samsung.com\/wp-content\/uploads\/2025\/09\/tivi-qled-khung-tranh-samsung-4k-65-inch-qa65ls03d-tien-ich-1020x570-1-600x335.jpg 600w, https:\/\/tivi-samsung.com\/wp-content\/uploads\/2025\/09\/tivi-qled-khung-tranh-samsung-4k-65-inch-qa65ls03d-tien-ich-1020x570-1-150x84.jpg 150w, https:\/\/tivi-samsung.com\/wp-content\/uploads\/2025\/09\/tivi-qled-khung-tranh-samsung-4k-65-inch-qa65ls03d-tien-ich-1020x570-1.jpg 1020w\" sizes=\"(max-width: 1855px) 100vw, 1855px\" \/><\/p>\n<p><em>V\u1edbi th\u00e0nh c\u00f4ng t\u1eeb s\u1ea3n ph\u1ea9m<strong> Smart Tivi Samsung 4K Crystal UHD 75 inch UA75BU8000<\/strong> \u0111\u01b0\u1ee3c ra m\u1eaft n\u0103m 2022, Samsung ra m\u1eaft phi\u00ean b\u1ea3n n\u0103m 2023 Smart Tivi Samsung 4K 75 inch UA75CU8000 thi\u1ebft k\u1ebf m\u1ecfng tinh t\u1ebf, b\u1ed9 x\u1eed l\u00fd Crystal 4K \u0111\u1ea7y m\u1ea1nh m\u1ebd, c\u00e1c c\u00f4ng ngh\u1ec7 \u00e2m thanh v\u00e0 h\u00ecnh \u1ea3nh ti\u00ean ti\u1ebfn hi\u1ec7n \u0111\u1ea1i c\u00f9ng v\u00f4 v\u00e0n ti\u1ec7n \u00edch th\u00f4ng minh,\u2026 s\u1ebd l\u00e0 s\u1ef1 l\u1ef1a ch\u1ecdn kh\u00f4ng th\u1ec3 b\u1ecf qua cho nh\u1eefng ng\u01b0\u1eddi mu\u1ed1n gi\u1ea3i tr\u00ed th\u01b0 gi\u00e3n sau m\u1ed9t ng\u00e0y l\u00e0m vi\u1ec7c m\u1ec7t m\u1ecfi, mang \u0111\u1ebfn tr\u1ea3i nghi\u1ec7m xem phim, ch\u01a1i game \u0111\u1ec9nh cao.<\/em><\/p>\n<p>&nbsp;<\/p>\n<p><script src=\"chrome-extension:\/\/fpelahbljekknahkcaegamhcndkfpfnc\/iFrame.js\" type=\"text\/javascript\"><\/script><\/p>\n<p><script src=\"chrome-extension:\/\/fpelahbljekknahkcaegamhcndkfpfnc\/iFrame.js\" type=\"text\/javascript\"><\/script><\/p>\n<p><script src=\"chrome-extension:\/\/fpelahbljekknahkcaegamhcndkfpfnc\/iFrame.js\" type=\"text\/javascript\"><\/script><\/p>\n<p><script src=\"chrome-extension:\/\/fpelahbljekknahkcaegamhcndkfpfnc\/iFrame.js\" type=\"text\/javascript\"><\/script><\/p>\n<p><script src=\"chrome-extension:\/\/fpelahbljekknahkcaegamhcndkfpfnc\/iFrame.js\" type=\"text\/javascript\"><\/script><\/p>\n","protected":false},"excerpt":{"rendered":"<p>&nbsp;<\/p>\n<p><script src=\"chrome-extension:\/\/fpelahbljekknahkcaegamhcndkfpfnc\/iFrame.js\" type=\"text\/javascript\"><\/script><\/p>\n<p><script src=\"chrome-extension:\/\/fpelahbljekknahkcaegamhcndkfpfnc\/iFrame.js\" type=\"text\/javascript\"><\/script><\/p>\n<p><script src=\"chrome-extension:\/\/fpelahbljekknahkcaegamhcndkfpfnc\/iFrame.js\" type=\"text\/javascript\"><\/script><\/p>\n<p><script src=\"chrome-extension:\/\/fpelahbljekknahkcaegamhcndkfpfnc\/iFrame.js\" type=\"text\/javascript\"><\/script><\/p>\n<p><script src=\"chrome-extension:\/\/fpelahbljekknahkcaegamhcndkfpfnc\/iFrame.js\" type=\"text\/javascript\"><\/script><\/p>\n<p><script src=\"chrome-extension:\/\/fpelahbljekknahkcaegamhcndkfpfnc\/iFrame.js\" type=\"text\/javascript\"><\/script><\/p>\n<p><script src=\"chrome-extension:\/\/fpelahbljekknahkcaegamhcndkfpfnc\/iFrame.js\" type=\"text\/javascript\"><\/script><\/p>\n<p><script src=\"chrome-extension:\/\/fpelahbljekknahkcaegamhcndkfpfnc\/iFrame.js\" type=\"text\/javascript\"><\/script><\/p>\n","protected":false},"featured_media":4760,"comment_status":"open","ping_status":"closed","template":"","meta":[],"product_brand":[88],"product_cat":[150,68,76,138],"product_tag":[],"class_list":{"0":"post-4209","1":"product","2":"type-product","3":"status-publish","4":"has-post-thumbnail","6":"product_brand-samsung","7":"product_cat-samsung-cu8000-2023","8":"product_cat-smart-tv","9":"product_cat-televisions","10":"product_cat-tv-crystal-uhd","11":"pa_kich-co-man-hinh-tu-75-85-inch","13":"first","14":"instock","15":"sale","16":"shipping-taxable","17":"purchasable","18":"product-type-simple"},"_links":{"self":[{"href":"https:\/\/tivi-samsung.com\/index.php?rest_route=\/wp\/v2\/product\/4209","targetHints":{"allow":["GET"]}}],"collection":[{"href":"https:\/\/tivi-samsung.com\/index.php?rest_route=\/wp\/v2\/product"}],"about":[{"href":"https:\/\/tivi-samsung.com\/index.php?rest_route=\/wp\/v2\/types\/product"}],"replies":[{"embeddable":true,"href":"https:\/\/tivi-samsung.com\/index.php?rest_route=%2Fwp%2Fv2%2Fcomments&post=4209"}],"version-history":[{"count":10,"href":"https:\/\/tivi-samsung.com\/index.php?rest_route=\/wp\/v2\/product\/4209\/revisions"}],"predecessor-version":[{"id":8457,"href":"https:\/\/tivi-samsung.com\/index.php?rest_route=\/wp\/v2\/product\/4209\/revisions\/8457"}],"wp:featuredmedia":[{"embeddable":true,"href":"https:\/\/tivi-samsung.com\/index.php?rest_route=\/wp\/v2\/media\/4760"}],"wp:attachment":[{"href":"https:\/\/tivi-samsung.com\/index.php?rest_route=%2Fwp%2Fv2%2Fmedia&parent=4209"}],"wp:term":[{"taxonomy":"product_brand","embeddable":true,"href":"https:\/\/tivi-samsung.com\/index.php?rest_route=%2Fwp%2Fv2%2Fproduct_brand&post=4209"},{"taxonomy":"product_cat","embeddable":true,"href":"https:\/\/tivi-samsung.com\/index.php?rest_route=%2Fwp%2Fv2%2Fproduct_cat&post=4209"},{"taxonomy":"product_tag","embeddable":true,"href":"https:\/\/tivi-samsung.com\/index.php?rest_route=%2Fwp%2Fv2%2Fproduct_tag&post=4209"}],"curies":[{"name":"wp","href":"https:\/\/api.w.org\/{rel}","templated":true}]}}