{"id":4203,"date":"2025-09-16T15:26:02","date_gmt":"2025-09-16T15:26:02","guid":{"rendered":"https:\/\/tivi-samsung.com\/?post_type=product&#038;p=4203"},"modified":"2025-10-15T00:30:41","modified_gmt":"2025-10-14T17:30:41","slug":"smart-tivi-qled-samsung-4k-75-inch-qa75q65d","status":"publish","type":"product","link":"https:\/\/tivi-samsung.com\/?product=smart-tivi-qled-samsung-4k-75-inch-qa75q65d","title":{"rendered":"Smart Tivi QLED Samsung 4K 75 inch QA75Q65D"},"content":{"rendered":"<p><strong>Th\u00f4ng tin s\u1ea3n ph\u1ea9m<\/strong><\/p>\n<p><a href=\"https:\/\/tokoo.vn\/danh-muc\/samsung-tvs\/\" target=\"_blank\" rel=\"noopener\"><strong>Smart Tivi QLED Samsung 4K 75 inch QA75Q65D<\/strong><\/a> mang \u0111\u1ebfn tr\u1ea3i nghi\u1ec7m nghe nh\u00ecn \u1ea5n t\u01b0\u1ee3ng v\u1edbi h\u00ecnh \u1ea3nh s\u1eafc n\u00e9t, b\u1ed9 x\u1eed l\u00fd Quantum 4K Lite, c\u00f4ng ngh\u1ec7 Quantum Dot hi\u1ec3n th\u1ecb 100% d\u1ea3i s\u1eafc m\u00e0u, chuy\u1ec3n \u0111\u1ed9ng m\u01b0\u1ee3t Motion Xcelerator, gi\u1ea3m \u0111\u1ed9 tr\u1ec5 ch\u01a1i game Auto Low Latency Mode, \u00e2m thanh v\u00f2m s\u1ed1ng \u0111\u1ed9ng chuy\u1ec3n \u0111\u1ed9ng theo h\u00ecnh \u1ea3nh OTS Lite, h\u1ec7 \u0111i\u1ec1u h\u00e0nh Tizen\u2122 \u0111a nhi\u1ec7m v\u1edbi kho \u1ee9ng d\u1ee5ng phong ph\u00fa.<\/p>\n<p><strong>T\u1ed5ng quan thi\u1ebft k\u1ebf<\/strong><\/p>\n<p>&#8211; <strong>Tivi Samsung QLED<\/strong> thi\u1ebft k\u1ebf sang tr\u1ecdng, m\u00e0n h\u00ecnh <strong>75 inch<\/strong> ph\u00f9 h\u1ee3p tr\u01b0ng b\u00e0y trong nh\u1eefng c\u0103n ph\u00f2ng c\u00f3 di\u1ec7n t\u00edch v\u1eeba v\u00e0 l\u1edbn nh\u01b0 ph\u00f2ng kh\u00e1ch, ph\u00f2ng l\u00e0m vi\u1ec7c, ph\u00f2ng h\u1ecdp,&#8230;<\/p>\n<p>&#8211; Ch\u00e2n \u0111\u1ebf tivi \u0111\u01b0\u1ee3c l\u00e0m b\u1eb1ng nh\u1ef1a, n\u00e2ng \u0111\u1ee1 tivi \u0111\u1eb7t \u1ed5n \u0111\u1ecbnh tr\u00ean m\u1eb7t b\u00e0n, k\u1ec7 tivi. B\u1ea1n c\u0169ng c\u00f3 th\u1ec3 th\u00e1o r\u1eddi ch\u00e2n \u0111\u1ebf \u0111\u1ec3 b\u1ed1 tr\u00ed theo ki\u1ec3u treo t\u01b0\u1eddng, ti\u1ebft ki\u1ec7m kh\u00f4ng gian.<\/p>\n<p><img fetchpriority=\"high\" decoding=\"async\" class=\"alignnone wp-image-5519\" src=\"https:\/\/tivi-samsung.com\/wp-content\/uploads\/2025\/09\/tivi-qled-samsung-4k-75-inch-qa75q65d-thiet-ke-1020x570-1-300x168.png\" alt=\"\" width=\"1800\" height=\"1008\" srcset=\"https:\/\/tivi-samsung.com\/wp-content\/uploads\/2025\/09\/tivi-qled-samsung-4k-75-inch-qa75q65d-thiet-ke-1020x570-1-300x168.png 300w, https:\/\/tivi-samsung.com\/wp-content\/uploads\/2025\/09\/tivi-qled-samsung-4k-75-inch-qa75q65d-thiet-ke-1020x570-1-768x429.png 768w, https:\/\/tivi-samsung.com\/wp-content\/uploads\/2025\/09\/tivi-qled-samsung-4k-75-inch-qa75q65d-thiet-ke-1020x570-1-450x251.png 450w, https:\/\/tivi-samsung.com\/wp-content\/uploads\/2025\/09\/tivi-qled-samsung-4k-75-inch-qa75q65d-thiet-ke-1020x570-1-600x335.png 600w, https:\/\/tivi-samsung.com\/wp-content\/uploads\/2025\/09\/tivi-qled-samsung-4k-75-inch-qa75q65d-thiet-ke-1020x570-1-150x84.png 150w, https:\/\/tivi-samsung.com\/wp-content\/uploads\/2025\/09\/tivi-qled-samsung-4k-75-inch-qa75q65d-thiet-ke-1020x570-1.png 1020w\" sizes=\"(max-width: 1800px) 100vw, 1800px\" \/><\/p>\n<p><strong>C\u00f4ng ngh\u1ec7 h\u00ecnh \u1ea3nh<\/strong><\/p>\n<p>&#8211; Ki\u1ec3m so\u00e1t \u0111\u00e8n n\u1ec1n <strong>Supreme UHD Dimming<\/strong> c\u00f3 t\u00e1c d\u1ee5ng n\u00e2ng cao kh\u1ea3 n\u0103ng hi\u1ec3n th\u1ecb m\u00e0u s\u1eafc v\u00e0 chi ti\u1ebft h\u00ecnh \u1ea3nh b\u1eb1ng c\u00e1ch chia nh\u1ecf h\u00ecnh \u1ea3nh l\u00e0m nhi\u1ec1u ph\u1ea7n t\u00ednh to\u00e1n ch\u00ednh x\u00e1c c\u00e1c th\u00f4ng s\u1ed1 v\u1ec1 \u0111\u1ed9 t\u01b0\u01a1ng ph\u1ea3n, m\u00e0u s\u1eafc v\u00e0 \u0111\u1ed9 n\u00e9t \u0111\u1ec3 cho ra nh\u1eefng h\u00ecnh \u1ea3nh ch\u1ea5t l\u01b0\u1ee3ng nh\u1ea5t c\u00f3 \u0111\u1ed9 t\u01b0\u01a1ng ph\u1ea3n cao, m\u00e0u \u0111en s\u00e2u, m\u00e0u tr\u1eafng tinh khi\u1ebft.<\/p>\n<p>&#8211; C\u00f4ng ngh\u1ec7 <strong>Quantum Dot<\/strong> hi\u1ec3n th\u1ecb 100% d\u1ea3i m\u00e0u, bi\u1ebfn \u00e1nh s\u00e1ng th\u00e0nh m\u1ed9t t\u1ef7 s\u1eafc m\u00e0u, duy tr\u00ec \u0111\u1ed9 s\u00e1ng v\u00e0 \u0111\u1ed9 s\u1ed1ng \u0111\u1ed9ng cho m\u00e0u s\u1eafc b\u1ec1n b\u1ec9 d\u00e0i l\u00e2u, h\u00ecnh \u1ea3nh hi\u1ec3n th\u1ecb s\u1ed1ng \u0111\u1ed9ng v\u00e0 r\u00f5 n\u00e9t.<\/p>\n<p><img decoding=\"async\" class=\"alignnone wp-image-5469\" src=\"https:\/\/tivi-samsung.com\/wp-content\/uploads\/2025\/09\/smart-samsung-4k-85-inch-ua85bu8000-140322-064210-1-300x168.jpg\" alt=\"\" width=\"1802\" height=\"1009\" srcset=\"https:\/\/tivi-samsung.com\/wp-content\/uploads\/2025\/09\/smart-samsung-4k-85-inch-ua85bu8000-140322-064210-1-300x168.jpg 300w, https:\/\/tivi-samsung.com\/wp-content\/uploads\/2025\/09\/smart-samsung-4k-85-inch-ua85bu8000-140322-064210-1-768x429.jpg 768w, https:\/\/tivi-samsung.com\/wp-content\/uploads\/2025\/09\/smart-samsung-4k-85-inch-ua85bu8000-140322-064210-1-450x251.jpg 450w, https:\/\/tivi-samsung.com\/wp-content\/uploads\/2025\/09\/smart-samsung-4k-85-inch-ua85bu8000-140322-064210-1-600x335.jpg 600w, https:\/\/tivi-samsung.com\/wp-content\/uploads\/2025\/09\/smart-samsung-4k-85-inch-ua85bu8000-140322-064210-1-150x84.jpg 150w, https:\/\/tivi-samsung.com\/wp-content\/uploads\/2025\/09\/smart-samsung-4k-85-inch-ua85bu8000-140322-064210-1.jpg 1020w\" sizes=\"(max-width: 1802px) 100vw, 1802px\" \/><\/p>\n<p>&#8211; <strong>Quantum HDR<\/strong> l\u00e0 s\u1ef1 k\u1ebft h\u1ee3p c\u1ee7a c\u00f4ng ngh\u1ec7 m\u00e0n h\u00ecnh ch\u1ea5m l\u01b0\u1ee3ng t\u1eed QLED v\u00e0 HDR, \u0111\u1ed9 s\u00e1ng c\u00f3 th\u1ec3 \u0111\u1ea1t t\u1edbi 1000 nits, d\u1ea3i m\u00e0u r\u1ed9ng, hi\u1ec3n th\u1ecb h\u00ecnh \u1ea3nh HDR t\u1ed1t h\u01a1n.<\/p>\n<p>&#8211; C\u00f4ng ngh\u1ec7 <strong>Motion Xcelerator<\/strong> b\u1eaft tr\u1ecdn m\u1ecdi h\u00e0nh \u0111\u1ed9ng chuy\u1ec3n \u0111\u1ed9ng nhanh d\u00f9 b\u1ea1n \u0111ang xem th\u1ec3 thao hay nh\u1eefng c\u1ea3nh phim h\u00e0nh \u0111\u1ed9ng.<\/p>\n<p>&#8211;<strong> Super Ultra Wide Game View<\/strong> \u0111em \u0111\u1ebfn cho b\u1ea1n tr\u1ea3i nghi\u1ec7m \u0111\u1eafm ch\u00ecm \u0111a d\u1ea1ng t\u1ef7 l\u1ec7 m\u00e0n h\u00ecnh gi\u00fap ng\u01b0\u1eddi ch\u01a1i c\u00f3 c\u00e1i nh\u00ecn bao qu\u00e1t.<\/p>\n<p>&#8211; <strong>Ch\u1ebf \u0111\u1ed9 Auto Low Latency Mode (ALLM)<\/strong> gi\u1ea3m \u0111\u1ed9 tr\u1ec5 khi ch\u01a1i game, c\u00e1c hi\u1ec7u \u1ee9ng ph\u1ea3n h\u1ed3i nh\u1ea1y b\u00e9n h\u01a1n. K\u1ebft h\u1ee3p v\u1edbi <strong>Auto Game Mode<\/strong> gi\u00fap t\u1ed1i \u01b0u h\u00f3a c\u00e0i \u0111\u1eb7t, c\u1eaft gi\u1ea3m th\u1eddi gian x\u1eed l\u00fd \u0111\u1ea7u v\u00e0o video t\u1eeb tr\u00f2 ch\u01a1i, ch\u1ea5t l\u01b0\u1ee3ng h\u00ecnh \u1ea3nh cao.<\/p>\n<p>&nbsp;<\/p>\n<p><img decoding=\"async\" class=\"alignnone wp-image-5379\" src=\"https:\/\/tivi-samsung.com\/wp-content\/uploads\/2025\/09\/ca946dcd613db1e5811c7ebba67022d9-300x168.jpg\" alt=\"\" width=\"1837\" height=\"1029\" srcset=\"https:\/\/tivi-samsung.com\/wp-content\/uploads\/2025\/09\/ca946dcd613db1e5811c7ebba67022d9-300x168.jpg 300w, https:\/\/tivi-samsung.com\/wp-content\/uploads\/2025\/09\/ca946dcd613db1e5811c7ebba67022d9-768x429.jpg 768w, https:\/\/tivi-samsung.com\/wp-content\/uploads\/2025\/09\/ca946dcd613db1e5811c7ebba67022d9-450x251.jpg 450w, https:\/\/tivi-samsung.com\/wp-content\/uploads\/2025\/09\/ca946dcd613db1e5811c7ebba67022d9-600x335.jpg 600w, https:\/\/tivi-samsung.com\/wp-content\/uploads\/2025\/09\/ca946dcd613db1e5811c7ebba67022d9-150x84.jpg 150w, https:\/\/tivi-samsung.com\/wp-content\/uploads\/2025\/09\/ca946dcd613db1e5811c7ebba67022d9.jpg 1020w\" sizes=\"(max-width: 1837px) 100vw, 1837px\" \/><\/p>\n<p><strong>C\u00f4ng ngh\u1ec7 \u00e2m thanh<\/strong><\/p>\n<p>&#8211; T\u1ed5ng c\u00f4ng su\u1ea5t loa 20W.<\/p>\n<p>&#8211; C\u00f4ng ngh\u1ec7 <strong>Object Tracking Sound Lite (OTS Lite)<\/strong> \u0111i\u1ec1u ch\u1ec9nh \u00e2m thanh ph\u00f9 h\u1ee3p v\u1edbi h\u00ecnh \u1ea3nh chuy\u1ec3n \u0111\u1ed9ng tr\u00ean m\u00e0n h\u00ecnh, \u00e2m thanh lan t\u1ecfa r\u1ed9ng h\u01a1n.<\/p>\n<p>&#8211; C\u00f4ng ngh\u1ec7 <strong>Q-Symphony Next<\/strong> \u0111\u1ed3ng b\u1ed9 loa thanh c\u00f9ng loa tivi Samsung \u0111\u1ec3 t\u1ea1o n\u00ean \u00e2m thanh b\u00f9ng n\u1ed5, \u0111\u1ea9y kh\u00f4ng kh\u00ed b\u1eefa ti\u1ec7c l\u00ean \u0111\u1ebfn cao tr\u00e0o h\u01a1n.<\/p>\n<p>&#8211; C\u00f4ng ngh\u1ec7 <strong>Adaptive Sound<\/strong> c\u00f3 kh\u1ea3 n\u0103ng t\u1ed1i \u01b0u h\u00f3a \u00e2m thanh d\u1ef1a tr\u00ean m\u00f4i tr\u01b0\u1eddng xung quanh v\u00e0 n\u1ed9i dung \u0111ang ph\u00e1t, \u0111em \u0111\u1ebfn tr\u1ea3i nghi\u1ec7m \u00e2m thanh ch\u1ea5t l\u01b0\u1ee3ng cao.<\/p>\n<p><strong>H\u1ec7 \u0111i\u1ec1u h\u00e0nh<\/strong><\/p>\n<p>&#8211; Giao di\u1ec7n h\u1ec7 \u0111i\u1ec1u h\u00e0nh<strong> Tizen\u2122<\/strong> c\u00f3 thi\u1ebft k\u1ebf tr\u1ef1c quan, ng\u01b0\u1eddi d\u00f9ng d\u1ec5 d\u00e0ng t\u00ecm ki\u1ebfm c\u00e1c \u1ee9ng d\u1ee5ng m\u1ed9t c\u00e1ch nhanh ch\u00f3ng. Kho \u1ee9ng d\u1ee5ng phong ph\u00fa cho b\u1ea1n tha h\u1ed3 kh\u00e1m ph\u00e1 v\u00e0 l\u1ef1a ch\u1ecdn gi\u1ea3i tr\u00ed t\u00f9y theo s\u1edf th\u00edch c\u1ee7a c\u1ea3 gia \u0111\u00ecnh.<\/p>\n<p><img loading=\"lazy\" decoding=\"async\" class=\"alignnone wp-image-5422\" src=\"https:\/\/tivi-samsung.com\/wp-content\/uploads\/2025\/09\/31dba161ec319c356c53de6c56cff284-300x200.jpg\" alt=\"\" width=\"1839\" height=\"1226\" srcset=\"https:\/\/tivi-samsung.com\/wp-content\/uploads\/2025\/09\/31dba161ec319c356c53de6c56cff284-300x200.jpg 300w, https:\/\/tivi-samsung.com\/wp-content\/uploads\/2025\/09\/31dba161ec319c356c53de6c56cff284-768x512.jpg 768w, https:\/\/tivi-samsung.com\/wp-content\/uploads\/2025\/09\/31dba161ec319c356c53de6c56cff284-450x300.jpg 450w, https:\/\/tivi-samsung.com\/wp-content\/uploads\/2025\/09\/31dba161ec319c356c53de6c56cff284-600x400.jpg 600w, https:\/\/tivi-samsung.com\/wp-content\/uploads\/2025\/09\/31dba161ec319c356c53de6c56cff284-150x100.jpg 150w, https:\/\/tivi-samsung.com\/wp-content\/uploads\/2025\/09\/31dba161ec319c356c53de6c56cff284.jpg 1020w\" sizes=\"(max-width: 1839px) 100vw, 1839px\" \/><\/p>\n<p><strong>Ti\u1ec7n \u00edch<\/strong><\/p>\n<p>&#8211; T\u00ecm ki\u1ebfm gi\u1ecdng n\u00f3i tr\u00ean YouTube b\u1eb1ng ti\u1ebfng Vi\u1ec7t, h\u1ed7 tr\u1ee3 tr\u1ee3 l\u00fd \u1ea3o Bixby c\u00f3 ti\u1ebfng Vi\u1ec7t.<\/p>\n<p>&#8211; Trang b\u1ecb One Remote th\u00f4ng minh s\u1ea1c qua USB C &amp; \u00e1nh s\u00e1ng.<\/p>\n<p>&#8211; \u0110i\u1ec1u khi\u1ec3n tivi b\u1eb1ng \u0111i\u1ec7n tho\u1ea1i th\u00f4ng minh qua \u1ee9ng d\u1ee5ng <strong>SmartThings.<\/strong><\/p>\n<p>&#8211; Tr\u00ecnh chi\u1ebfu c\u00e1c ch\u01b0\u01a1ng tr\u00ecnh, n\u1ed9i dung y\u00eau th\u00edch t\u1eeb m\u00e0n h\u00ecnh \u0111i\u1ec7n tho\u1ea1i l\u00ean tivi <strong>QLED qua Tap View, AirPlay 2.<\/strong><\/p>\n<p><img loading=\"lazy\" decoding=\"async\" class=\"alignnone wp-image-5322\" src=\"https:\/\/tivi-samsung.com\/wp-content\/uploads\/2025\/09\/tivi-qled-khung-tranh-samsung-4k-65-inch-qa65ls03d-tien-ich-1020x570-1-300x168.jpg\" alt=\"\" width=\"1841\" height=\"1031\" srcset=\"https:\/\/tivi-samsung.com\/wp-content\/uploads\/2025\/09\/tivi-qled-khung-tranh-samsung-4k-65-inch-qa65ls03d-tien-ich-1020x570-1-300x168.jpg 300w, https:\/\/tivi-samsung.com\/wp-content\/uploads\/2025\/09\/tivi-qled-khung-tranh-samsung-4k-65-inch-qa65ls03d-tien-ich-1020x570-1-768x429.jpg 768w, https:\/\/tivi-samsung.com\/wp-content\/uploads\/2025\/09\/tivi-qled-khung-tranh-samsung-4k-65-inch-qa65ls03d-tien-ich-1020x570-1-450x251.jpg 450w, https:\/\/tivi-samsung.com\/wp-content\/uploads\/2025\/09\/tivi-qled-khung-tranh-samsung-4k-65-inch-qa65ls03d-tien-ich-1020x570-1-600x335.jpg 600w, https:\/\/tivi-samsung.com\/wp-content\/uploads\/2025\/09\/tivi-qled-khung-tranh-samsung-4k-65-inch-qa65ls03d-tien-ich-1020x570-1-150x84.jpg 150w, https:\/\/tivi-samsung.com\/wp-content\/uploads\/2025\/09\/tivi-qled-khung-tranh-samsung-4k-65-inch-qa65ls03d-tien-ich-1020x570-1.jpg 1020w\" sizes=\"(max-width: 1841px) 100vw, 1841px\" \/><\/p>\n<p><em>Nh\u00ecn chung,<strong> Tivi QLED Samsung 4K 75 inch QA75Q65D<\/strong> mang \u0111\u1ebfn tr\u1ea3i nghi\u1ec7m m\u00e3n nh\u00e3n v\u1edbi h\u00ecnh \u1ea3nh hi\u1ec3n th\u1ecb s\u1ed1ng \u0111\u1ed9ng tr\u00ean m\u00e0n h\u00ecnh 75 inch v\u1edbi khung vi\u1ec1n thanh m\u1ea3nh, t\u00edch h\u1ee3p b\u1ed9 x\u1eed l\u00fd Quantum 4K Lite, \u00e2m thanh v\u00f2m s\u1ed1ng \u0111\u1ed9ng chuy\u1ec3n \u0111\u1ed9ng theo h\u00ecnh \u1ea3nh OTS Lite, h\u1ec7 \u0111i\u1ec1u h\u00e0nh Tizen\u2122 v\u1edbi kho \u1ee9ng d\u1ee5ng phong ph\u00fa v\u00e0 nhi\u1ec1u ti\u1ec7n \u00edch th\u00f4ng minh \u0111\u01b0\u1ee3c h\u1ed7 tr\u1ee3 cho b\u1ea1n s\u1eed d\u1ee5ng tivi d\u1ec5 d\u00e0ng h\u01a1n.<\/em><\/p>\n<p>&nbsp;<\/p>\n<p>&nbsp;<\/p>\n<p><script src=\"chrome-extension:\/\/fpelahbljekknahkcaegamhcndkfpfnc\/iFrame.js\" type=\"text\/javascript\"><\/script><\/p>\n","protected":false},"excerpt":{"rendered":"<p>&nbsp;<\/p>\n<p><script src=\"chrome-extension:\/\/fpelahbljekknahkcaegamhcndkfpfnc\/iFrame.js\" type=\"text\/javascript\"><\/script><\/p>\n<p><script src=\"chrome-extension:\/\/fpelahbljekknahkcaegamhcndkfpfnc\/iFrame.js\" type=\"text\/javascript\"><\/script><\/p>\n<p><script src=\"chrome-extension:\/\/fpelahbljekknahkcaegamhcndkfpfnc\/iFrame.js\" type=\"text\/javascript\"><\/script><\/p>\n<p><script src=\"chrome-extension:\/\/fpelahbljekknahkcaegamhcndkfpfnc\/iFrame.js\" type=\"text\/javascript\"><\/script><\/p>\n<p><script src=\"chrome-extension:\/\/fpelahbljekknahkcaegamhcndkfpfnc\/iFrame.js\" type=\"text\/javascript\"><\/script><\/p>\n<p><script src=\"chrome-extension:\/\/fpelahbljekknahkcaegamhcndkfpfnc\/iFrame.js\" type=\"text\/javascript\"><\/script><\/p>\n","protected":false},"featured_media":4770,"comment_status":"open","ping_status":"closed","template":"","meta":[],"product_brand":[88],"product_cat":[94,161,68,76],"product_tag":[],"class_list":{"0":"post-4203","1":"product","2":"type-product","3":"status-publish","4":"has-post-thumbnail","6":"product_brand-samsung","7":"product_cat-qled-tv","8":"product_cat-samsung-q65d-2024","9":"product_cat-smart-tv","10":"product_cat-televisions","11":"pa_kich-co-man-hinh-tu-75-85-inch","13":"first","14":"instock","15":"sale","16":"shipping-taxable","17":"purchasable","18":"product-type-simple"},"_links":{"self":[{"href":"https:\/\/tivi-samsung.com\/index.php?rest_route=\/wp\/v2\/product\/4203","targetHints":{"allow":["GET"]}}],"collection":[{"href":"https:\/\/tivi-samsung.com\/index.php?rest_route=\/wp\/v2\/product"}],"about":[{"href":"https:\/\/tivi-samsung.com\/index.php?rest_route=\/wp\/v2\/types\/product"}],"replies":[{"embeddable":true,"href":"https:\/\/tivi-samsung.com\/index.php?rest_route=%2Fwp%2Fv2%2Fcomments&post=4203"}],"version-history":[{"count":8,"href":"https:\/\/tivi-samsung.com\/index.php?rest_route=\/wp\/v2\/product\/4203\/revisions"}],"predecessor-version":[{"id":8458,"href":"https:\/\/tivi-samsung.com\/index.php?rest_route=\/wp\/v2\/product\/4203\/revisions\/8458"}],"wp:featuredmedia":[{"embeddable":true,"href":"https:\/\/tivi-samsung.com\/index.php?rest_route=\/wp\/v2\/media\/4770"}],"wp:attachment":[{"href":"https:\/\/tivi-samsung.com\/index.php?rest_route=%2Fwp%2Fv2%2Fmedia&parent=4203"}],"wp:term":[{"taxonomy":"product_brand","embeddable":true,"href":"https:\/\/tivi-samsung.com\/index.php?rest_route=%2Fwp%2Fv2%2Fproduct_brand&post=4203"},{"taxonomy":"product_cat","embeddable":true,"href":"https:\/\/tivi-samsung.com\/index.php?rest_route=%2Fwp%2Fv2%2Fproduct_cat&post=4203"},{"taxonomy":"product_tag","embeddable":true,"href":"https:\/\/tivi-samsung.com\/index.php?rest_route=%2Fwp%2Fv2%2Fproduct_tag&post=4203"}],"curies":[{"name":"wp","href":"https:\/\/api.w.org\/{rel}","templated":true}]}}