{"id":4197,"date":"2025-09-16T15:21:58","date_gmt":"2025-09-16T15:21:58","guid":{"rendered":"https:\/\/tivi-samsung.com\/?post_type=product&#038;p=4197"},"modified":"2025-10-15T00:36:37","modified_gmt":"2025-10-14T17:36:37","slug":"smart-tivi-qled-samsung-ai-4k-65-inch-qa65q80c","status":"publish","type":"product","link":"https:\/\/tivi-samsung.com\/?product=smart-tivi-qled-samsung-ai-4k-65-inch-qa65q80c","title":{"rendered":"Smart Tivi QLED Samsung AI 4K 65 inch QA65Q80C"},"content":{"rendered":"<p><strong>Th\u00f4ng tin s\u1ea3n ph\u1ea9m<\/strong><\/p>\n<p><a href=\"https:\/\/tokoo.vn\/danh-muc\/samsung-tvs\/\" target=\"_blank\" rel=\"noopener\"><strong>Smart Tivi QLED 4K 65 inch Samsung QA65Q80C<\/strong><\/a> thu\u1ed9c d\u00f2ng Q80C n\u1ed5i b\u1eadt v\u1edbi b\u1ed9 x\u1eed l\u00fd <strong>Neural Quantum 4K AI<\/strong> s\u1eed d\u1ee5ng 20 m\u1ea1ng n\u01a1-ron gi\u00fap n\u00e2ng c\u1ea5p ch\u1ea5t l\u01b0\u1ee3ng h\u00ecnh \u1ea3nh. C\u00f4ng ngh\u1ec7 <strong>Real Depth Enhancer<\/strong> t\u1ea1o chi\u1ec1u s\u00e2u ch\u00e2n th\u1ef1c, trong khi <strong>Direct Full Array 8X<\/strong> t\u1ed1i \u01b0u s\u1eafc \u0111en r\u00f5 n\u00e9t. Tr\u1ea3i nghi\u1ec7m \u00e2m thanh s\u1ed1ng \u0111\u1ed9ng nh\u1edd <strong>Dolby Atmos v\u00e0 OTS Lite.<\/strong> H\u1ec7 \u0111i\u1ec1u h\u00e0nh <strong>Tizen\u2122<\/strong> \u0111i k\u00e8m kho \u1ee9ng d\u1ee5ng phong ph\u00fa, \u0111\u00e1p \u1ee9ng nhu c\u1ea7u gi\u1ea3i tr\u00ed \u0111a d\u1ea1ng.<\/p>\n<p>&nbsp;<\/p>\n<p><strong>T\u1ed5ng quan thi\u1ebft k\u1ebf<\/strong><\/p>\n<p>&#8211; <strong>Samsung QA65Q80C<\/strong> g\u00f3p ph\u1ea7n l\u00e0m t\u0103ng th\u00eam t\u00ednh th\u1ea9m m\u1ef9 v\u00e0 ho\u00e0n thi\u1ec7n n\u1ed9i th\u1ea5t sang tr\u1ecdng c\u1ee7a ng\u00f4i nh\u00e0 b\u1ea1n v\u1edbi ki\u1ec3u d\u00e1ng t\u1ed1i gi\u1ea3n, \u0111\u01b0\u1eddng n\u00e9t tinh t\u1ebf \u0111\u1ea7y \u1ea5n t\u01b0\u1ee3ng. C\u1ea1nh vi\u1ec1n \u0111\u01b0\u1ee3c l\u00e0m m\u1ecfng gi\u1eef cho t\u1ea7m nh\u00ecn c\u1ee7a b\u1ea1n t\u1eadp trung v\u00e0o n\u1ed9i dung tr\u00ecnh chi\u1ebfu.<\/p>\n<p>&#8211; M\u00e0n h\u00ecnh 65 inch ph\u00f9 h\u1ee3p l\u1eafp \u0111\u1eb7t trong c\u00e1c kh\u00f4ng gian c\u00f3 di\u1ec7n t\u00edch v\u1eeba \u0111\u1ebfn l\u1edbn. Ng\u01b0\u1eddi d\u00f9ng c\u00f3 th\u1ec3 linh ho\u1ea1t l\u1ef1a ch\u1ecdn gi\u1eefa treo t\u01b0\u1eddng ho\u1eb7c \u0111\u1eb7t tr\u00ean k\u1ec7 t\u00f9y theo nhu c\u1ea7u s\u1eed d\u1ee5ng.<\/p>\n<p><img fetchpriority=\"high\" decoding=\"async\" class=\"alignnone wp-image-6762\" src=\"https:\/\/tivi-samsung.com\/wp-content\/uploads\/2025\/09\/smart-tivi-qled-4k-65-inch-samsung-qa65q80c-200323-080603-300x168.jpg\" alt=\"\" width=\"998\" height=\"559\" srcset=\"https:\/\/tivi-samsung.com\/wp-content\/uploads\/2025\/09\/smart-tivi-qled-4k-65-inch-samsung-qa65q80c-200323-080603-300x168.jpg 300w, https:\/\/tivi-samsung.com\/wp-content\/uploads\/2025\/09\/smart-tivi-qled-4k-65-inch-samsung-qa65q80c-200323-080603-768x429.jpg 768w, https:\/\/tivi-samsung.com\/wp-content\/uploads\/2025\/09\/smart-tivi-qled-4k-65-inch-samsung-qa65q80c-200323-080603-450x251.jpg 450w, https:\/\/tivi-samsung.com\/wp-content\/uploads\/2025\/09\/smart-tivi-qled-4k-65-inch-samsung-qa65q80c-200323-080603-600x335.jpg 600w, https:\/\/tivi-samsung.com\/wp-content\/uploads\/2025\/09\/smart-tivi-qled-4k-65-inch-samsung-qa65q80c-200323-080603-150x84.jpg 150w, https:\/\/tivi-samsung.com\/wp-content\/uploads\/2025\/09\/smart-tivi-qled-4k-65-inch-samsung-qa65q80c-200323-080603.jpg 1020w\" sizes=\"(max-width: 998px) 100vw, 998px\" \/><\/p>\n<p><strong>C\u00f4ng ngh\u1ec7 h\u00ecnh \u1ea3nh<\/strong><\/p>\n<p>&#8211; <strong>Smart tivi Samsung<\/strong> c\u00f3 h\u00ecnh \u1ea3nh \u0111\u1ed9 ph\u00e2n gi\u1ea3i 4K n\u00e9t g\u1ea5p 4 l\u1ea7n <strong>Full HD<\/strong>.<\/p>\n<p>&nbsp;<\/p>\n<p>&#8211; B\u1ed9 x\u1eed l\u00fd <strong>Neural Quantum 4K AI<\/strong> c\u00f3 h\u1ec7 th\u1ed1ng 20 \u0111a n\u01a1-ron v\u1edbi tr\u00ed tu\u1ec7 nh\u00e2n t\u1ea1o t\u1ef1 \u0111\u1ed9ng n\u00e2ng c\u1ea5p c\u00e1c n\u1ed9i dung l\u00ean ch\u1ea5t l\u01b0\u1ee3ng 4K s\u1ed1ng \u0111\u1ed9ng.<\/p>\n<p><img decoding=\"async\" class=\"alignnone wp-image-5274\" src=\"https:\/\/tivi-samsung.com\/wp-content\/uploads\/2025\/09\/2-1020x570-6-300x168.jpg\" alt=\"\" width=\"1861\" height=\"1042\" srcset=\"https:\/\/tivi-samsung.com\/wp-content\/uploads\/2025\/09\/2-1020x570-6-300x168.jpg 300w, https:\/\/tivi-samsung.com\/wp-content\/uploads\/2025\/09\/2-1020x570-6-768x429.jpg 768w, https:\/\/tivi-samsung.com\/wp-content\/uploads\/2025\/09\/2-1020x570-6-450x251.jpg 450w, https:\/\/tivi-samsung.com\/wp-content\/uploads\/2025\/09\/2-1020x570-6-600x335.jpg 600w, https:\/\/tivi-samsung.com\/wp-content\/uploads\/2025\/09\/2-1020x570-6-150x84.jpg 150w, https:\/\/tivi-samsung.com\/wp-content\/uploads\/2025\/09\/2-1020x570-6.jpg 1020w\" sizes=\"(max-width: 1861px) 100vw, 1861px\" \/><\/p>\n<p>&#8211; <strong>Direct Full Array 8X<\/strong> \u0111i\u1ec1u ch\u1ec9nh c\u00e1c khu v\u1ef1c s\u00e1ng t\u1ed1i hi\u1ec7u qu\u1ea3, t\u00e1i hi\u1ec7n h\u00ecnh \u1ea3nh c\u00f3 m\u00e0u \u0111en s\u00e2u th\u1eb3m, m\u00e0u tr\u1eafng tinh khi\u1ebft.<\/p>\n<p>&nbsp;<\/p>\n<p>&#8211; C\u00f4ng ngh\u1ec7 <strong>Real Depth Enhancer<\/strong> t\u0103ng c\u01b0\u1eddng \u0111\u1ed9 t\u01b0\u01a1ng ph\u1ea3n v\u00e0 l\u00e0m n\u1ed5i b\u1eadt chi ti\u1ebft c\u1ee7a ch\u1ee7 th\u1ec3, mang \u0111\u1ebfn h\u00ecnh \u1ea3nh c\u00f3 chi\u1ec1u s\u00e2u t\u1ef1 nhi\u00ean t\u01b0\u01a1ng t\u1ef1 c\u1ea3m nh\u1eadn th\u1ef1c t\u1ebf b\u1eb1ng m\u1eaft th\u01b0\u1eddng.<\/p>\n<p><img decoding=\"async\" class=\"alignnone wp-image-5271\" src=\"https:\/\/tivi-samsung.com\/wp-content\/uploads\/2025\/09\/smart-tivi-neo-qled-samsung-ai-4k-65-inch-qa65qn85f-120925-115508-255-300x168.jpg\" alt=\"\" width=\"1857\" height=\"1040\" srcset=\"https:\/\/tivi-samsung.com\/wp-content\/uploads\/2025\/09\/smart-tivi-neo-qled-samsung-ai-4k-65-inch-qa65qn85f-120925-115508-255-300x168.jpg 300w, https:\/\/tivi-samsung.com\/wp-content\/uploads\/2025\/09\/smart-tivi-neo-qled-samsung-ai-4k-65-inch-qa65qn85f-120925-115508-255-768x429.jpg 768w, https:\/\/tivi-samsung.com\/wp-content\/uploads\/2025\/09\/smart-tivi-neo-qled-samsung-ai-4k-65-inch-qa65qn85f-120925-115508-255-450x251.jpg 450w, https:\/\/tivi-samsung.com\/wp-content\/uploads\/2025\/09\/smart-tivi-neo-qled-samsung-ai-4k-65-inch-qa65qn85f-120925-115508-255-600x335.jpg 600w, https:\/\/tivi-samsung.com\/wp-content\/uploads\/2025\/09\/smart-tivi-neo-qled-samsung-ai-4k-65-inch-qa65qn85f-120925-115508-255-150x84.jpg 150w, https:\/\/tivi-samsung.com\/wp-content\/uploads\/2025\/09\/smart-tivi-neo-qled-samsung-ai-4k-65-inch-qa65qn85f-120925-115508-255.jpg 1020w\" sizes=\"(max-width: 1857px) 100vw, 1857px\" \/><\/p>\n<p>&#8211; <strong>Quantum Dot t<\/strong>\u00e1i hi\u1ec7n 100% d\u1ea3i m\u00e0u s\u1eafc k\u1ebft h\u1ee3p ch\u1ee9ng nh\u1eadn m\u00e0u s\u1eafc nguy\u00ean b\u1ea3n <strong>PANTONE<\/strong> cho b\u1ea1n \u0111\u01b0\u1ee3c th\u01b0\u1edfng th\u1ee9c t\u1eebng khung h\u00ecnh tr\u00ean tivi <strong>Samsung QLED<\/strong> v\u1edbi s\u1eafc m\u00e0u t\u1ef1 nhi\u00ean, sinh \u0111\u1ed9ng.<\/p>\n<p>&nbsp;<\/p>\n<p>&#8211; C\u00f4ng ngh\u1ec7 <strong>Quantum HDR+<\/strong> t\u1ed1i \u01b0u h\u00f3a \u0111\u1ed9 t\u01b0\u01a1ng ph\u1ea3n, \u0111\u1ed9 chi ti\u1ebft h\u00ecnh \u1ea3nh trong b\u1ea5t k\u1ef3 \u0111i\u1ec1u ki\u1ec7n s\u00e1ng n\u00e0o gi\u00fap \u0111em \u0111\u1ebfn tr\u1ea3i nghi\u1ec7m xem \u0111i\u1ec7n \u1ea3nh tuy\u1ec7t \u0111\u1eb9p. C\u00f4ng ngh\u1ec7 <strong>Supreme UHD Dimming<\/strong> t\u0103ng c\u01b0\u1eddng \u0111\u1ed9 chi ti\u1ebft, m\u00e0u s\u1eafc hi\u1ec3n th\u1ecb c\u1ee7a khung h\u00ecnh \u0111\u1ec3 t\u1ea1o ra nh\u1eefng h\u00ecnh \u1ea3nh ch\u1ea5t l\u01b0\u1ee3ng nh\u1ea5t.<\/p>\n<p><img loading=\"lazy\" decoding=\"async\" class=\"alignnone wp-image-5185\" src=\"https:\/\/tivi-samsung.com\/wp-content\/uploads\/2025\/09\/vi-vn-smart-tivi-qled-4k-50-inch-samsung-qa50q80c-06-300x168.jpg\" alt=\"\" width=\"1854\" height=\"1038\" srcset=\"https:\/\/tivi-samsung.com\/wp-content\/uploads\/2025\/09\/vi-vn-smart-tivi-qled-4k-50-inch-samsung-qa50q80c-06-300x168.jpg 300w, https:\/\/tivi-samsung.com\/wp-content\/uploads\/2025\/09\/vi-vn-smart-tivi-qled-4k-50-inch-samsung-qa50q80c-06-768x429.jpg 768w, https:\/\/tivi-samsung.com\/wp-content\/uploads\/2025\/09\/vi-vn-smart-tivi-qled-4k-50-inch-samsung-qa50q80c-06-450x251.jpg 450w, https:\/\/tivi-samsung.com\/wp-content\/uploads\/2025\/09\/vi-vn-smart-tivi-qled-4k-50-inch-samsung-qa50q80c-06-600x335.jpg 600w, https:\/\/tivi-samsung.com\/wp-content\/uploads\/2025\/09\/vi-vn-smart-tivi-qled-4k-50-inch-samsung-qa50q80c-06-150x84.jpg 150w, https:\/\/tivi-samsung.com\/wp-content\/uploads\/2025\/09\/vi-vn-smart-tivi-qled-4k-50-inch-samsung-qa50q80c-06.jpg 1020w\" sizes=\"(max-width: 1854px) 100vw, 1854px\" \/><\/p>\n<p>&#8211; <strong>Ambient Mode+<\/strong> l\u00e0 ch\u1ebf \u0111\u1ed9 trang tr\u00ed bi\u1ebfn tivi th\u00e0nh b\u1ee9c tranh \u0111i\u1ec7n t\u1eed s\u1ed1ng \u0111\u1ed9ng, ti\u1ec7n d\u1ee5ng ngay c\u1ea3 khi b\u1ea1n kh\u00f4ng s\u1eed d\u1ee5ng thi\u1ebft b\u1ecb.<\/p>\n<p>&nbsp;<\/p>\n<p>&#8211; C\u00f4ng ngh\u1ec7 <strong>Motion Xcelerator Turbo+<\/strong> h\u1ed7 tr\u1ee3 t\u1ea7n s\u1ed1 qu\u00e9t \u0111\u1ebfn <strong>120 Hz<\/strong>, mang l\u1ea1i chuy\u1ec3n \u0111\u1ed9ng m\u01b0\u1ee3t m\u00e0 v\u00e0 r\u00f5 n\u00e9t, gi\u00fap game th\u1ee7 ph\u1ea3n \u1ee9ng nhanh ch\u00f3ng v\u00e0 t\u1eadn h\u01b0\u1edfng tr\u1ea3i nghi\u1ec7m ch\u01a1i game tr\u01a1n tru h\u01a1n.<\/p>\n<p><img loading=\"lazy\" decoding=\"async\" class=\"alignnone wp-image-5240\" src=\"https:\/\/tivi-samsung.com\/wp-content\/uploads\/2025\/09\/Frame34-1020x570-1-300x168.jpg\" alt=\"\" width=\"1854\" height=\"1038\" srcset=\"https:\/\/tivi-samsung.com\/wp-content\/uploads\/2025\/09\/Frame34-1020x570-1-300x168.jpg 300w, https:\/\/tivi-samsung.com\/wp-content\/uploads\/2025\/09\/Frame34-1020x570-1-768x429.jpg 768w, https:\/\/tivi-samsung.com\/wp-content\/uploads\/2025\/09\/Frame34-1020x570-1-450x251.jpg 450w, https:\/\/tivi-samsung.com\/wp-content\/uploads\/2025\/09\/Frame34-1020x570-1-600x335.jpg 600w, https:\/\/tivi-samsung.com\/wp-content\/uploads\/2025\/09\/Frame34-1020x570-1-150x84.jpg 150w, https:\/\/tivi-samsung.com\/wp-content\/uploads\/2025\/09\/Frame34-1020x570-1.jpg 1020w\" sizes=\"(max-width: 1854px) 100vw, 1854px\" \/><\/p>\n<p><strong>C\u00f4ng ngh\u1ec7 \u00e2m thanh<\/strong><\/p>\n<p>&#8211; V\u1edbi t\u1ed5ng c\u00f4ng su\u1ea5t loa 40W, h\u1ec7 th\u1ed1ng 4.2 k\u00eanh cho ch\u1ea5t \u00e2m s\u1ed1ng \u0111\u1ed9ng, cu\u1ed1n h\u00fat.<\/p>\n<p>&nbsp;<\/p>\n<p>&#8211; C\u00f4ng ngh\u1ec7<strong> Dolby Atmos<\/strong> t\u00e1i hi\u1ec7n \u00e2m thanh \u0111a h\u01b0\u1edbng, lan t\u1ecfa kh\u1eafp c\u0103n ph\u00f2ng, gi\u00fap m\u1ed7i ph\u00e2n c\u1ea3nh game tr\u1edf n\u00ean s\u1ed1ng \u0111\u1ed9ng nh\u01b0 \u0111ang h\u00f2a m\u00ecnh v\u00e0o th\u1ebf gi\u1edbi \u1ea3o.<\/p>\n<p>&nbsp;<\/p>\n<p>&#8211; <strong>OTS Lite<\/strong> \u0111i\u1ec1u h\u01b0\u1edbng \u00e2m thanh theo chuy\u1ec3n \u0111\u1ed9ng h\u00ecnh \u1ea3nh, mang l\u1ea1i tr\u1ea3i nghi\u1ec7m nghe nh\u00ecn ch\u00e2n th\u1ef1c nh\u01b0 t\u1ea1i r\u1ea1p phim.<\/p>\n<p><img loading=\"lazy\" decoding=\"async\" class=\"alignnone wp-image-5206\" src=\"https:\/\/tivi-samsung.com\/wp-content\/uploads\/2025\/09\/smart-qled-4k-55-inch-samsung-qa55q80b-310322-051358-300x168.jpg\" alt=\"\" width=\"1857\" height=\"1040\" srcset=\"https:\/\/tivi-samsung.com\/wp-content\/uploads\/2025\/09\/smart-qled-4k-55-inch-samsung-qa55q80b-310322-051358-300x168.jpg 300w, https:\/\/tivi-samsung.com\/wp-content\/uploads\/2025\/09\/smart-qled-4k-55-inch-samsung-qa55q80b-310322-051358-768x429.jpg 768w, https:\/\/tivi-samsung.com\/wp-content\/uploads\/2025\/09\/smart-qled-4k-55-inch-samsung-qa55q80b-310322-051358-450x251.jpg 450w, https:\/\/tivi-samsung.com\/wp-content\/uploads\/2025\/09\/smart-qled-4k-55-inch-samsung-qa55q80b-310322-051358-600x335.jpg 600w, https:\/\/tivi-samsung.com\/wp-content\/uploads\/2025\/09\/smart-qled-4k-55-inch-samsung-qa55q80b-310322-051358-150x84.jpg 150w, https:\/\/tivi-samsung.com\/wp-content\/uploads\/2025\/09\/smart-qled-4k-55-inch-samsung-qa55q80b-310322-051358.jpg 1020w\" sizes=\"(max-width: 1857px) 100vw, 1857px\" \/><\/p>\n<p>&#8211; C\u00f4ng ngh\u1ec7 AVA khi ph\u00e1t hi\u1ec7n ti\u1ebfng \u1ed3n trong m\u00f4i tr\u01b0\u1eddng l\u1edbn h\u01a1n ti\u1ebfng tivi th\u00ec b\u1ed9 khu\u1ebfch \u0111\u1ea1i \u00e2m thanh ch\u1ee7 \u0111\u1ed9ng s\u1ebd n\u00e2ng cao \u00e2m l\u01b0\u1ee3ng \u0111\u00e0m tho\u1ea1i \u0111\u1ec3 b\u1ea1n theo d\u00f5i di\u1ec5n bi\u1ebfn trong phim li\u1ec1n m\u1ea1ch.<\/p>\n<p>&nbsp;<\/p>\n<p>&#8211; <strong>Q-Symphony 3.0<\/strong> v\u1edbi s\u1ef1 k\u1ebft h\u1ee3p c\u1ee7a loa tivi v\u00e0 loa thanh cho \u00e2m thanh m\u1ea1nh m\u1ebd, vang d\u1ed9i, khi\u1ebfn b\u1ea1n d\u1ec5 d\u00e0ng l\u1ea1c m\u00ecnh trong giai \u0111i\u1ec7u b\u1ea3n nh\u1ea1c rock cu\u1ed3ng nhi\u1ec7t.<\/p>\n<p><img loading=\"lazy\" decoding=\"async\" class=\"alignnone wp-image-5181\" src=\"https:\/\/tivi-samsung.com\/wp-content\/uploads\/2025\/09\/smart-tivi-qled-4k-55-inch-samsung-qa55q80c-200323-020613-300x168.jpg\" alt=\"\" width=\"1855\" height=\"1039\" srcset=\"https:\/\/tivi-samsung.com\/wp-content\/uploads\/2025\/09\/smart-tivi-qled-4k-55-inch-samsung-qa55q80c-200323-020613-300x168.jpg 300w, https:\/\/tivi-samsung.com\/wp-content\/uploads\/2025\/09\/smart-tivi-qled-4k-55-inch-samsung-qa55q80c-200323-020613-768x429.jpg 768w, https:\/\/tivi-samsung.com\/wp-content\/uploads\/2025\/09\/smart-tivi-qled-4k-55-inch-samsung-qa55q80c-200323-020613-450x251.jpg 450w, https:\/\/tivi-samsung.com\/wp-content\/uploads\/2025\/09\/smart-tivi-qled-4k-55-inch-samsung-qa55q80c-200323-020613-600x335.jpg 600w, https:\/\/tivi-samsung.com\/wp-content\/uploads\/2025\/09\/smart-tivi-qled-4k-55-inch-samsung-qa55q80c-200323-020613-150x84.jpg 150w, https:\/\/tivi-samsung.com\/wp-content\/uploads\/2025\/09\/smart-tivi-qled-4k-55-inch-samsung-qa55q80c-200323-020613.jpg 1020w\" sizes=\"(max-width: 1855px) 100vw, 1855px\" \/><\/p>\n<p><strong>H\u1ec7 \u0111i\u1ec1u h\u00e0nh<\/strong><\/p>\n<p>&#8211; Thi\u1ebft k\u1ebf giao di\u1ec7n c\u1ee7a h\u1ec7 \u0111i\u1ec1u h\u00e0nh <strong>Tizen\u2122<\/strong> th\u00e2n thi\u1ec7n, d\u1ec5 d\u00e0ng l\u00e0m quen v\u00e0 s\u1eed d\u1ee5ng. Th\u01b0 vi\u1ec7n \u1ee9ng d\u1ee5ng \u0111a d\u1ea1ng cho ng\u01b0\u1eddi d\u00f9ng t\u00ecm ki\u1ebfm, t\u1ea3i v\u1ec1 tivi v\u00e0 tr\u1ea3i nghi\u1ec7m c\u00e1c n\u1ed9i dung y\u00eau th\u00edch tho\u1ea3i m\u00e1i m\u1ed7i ng\u00e0y.<\/p>\n<p><img loading=\"lazy\" decoding=\"async\" class=\"alignnone wp-image-5199\" src=\"https:\/\/tivi-samsung.com\/wp-content\/uploads\/2025\/09\/smart-tivi-qled-4k-50-inch-samsung-qa50q80c-200323-100447-1-300x168.jpg\" alt=\"\" width=\"1857\" height=\"1040\" srcset=\"https:\/\/tivi-samsung.com\/wp-content\/uploads\/2025\/09\/smart-tivi-qled-4k-50-inch-samsung-qa50q80c-200323-100447-1-300x168.jpg 300w, https:\/\/tivi-samsung.com\/wp-content\/uploads\/2025\/09\/smart-tivi-qled-4k-50-inch-samsung-qa50q80c-200323-100447-1-768x429.jpg 768w, https:\/\/tivi-samsung.com\/wp-content\/uploads\/2025\/09\/smart-tivi-qled-4k-50-inch-samsung-qa50q80c-200323-100447-1-450x251.jpg 450w, https:\/\/tivi-samsung.com\/wp-content\/uploads\/2025\/09\/smart-tivi-qled-4k-50-inch-samsung-qa50q80c-200323-100447-1-600x335.jpg 600w, https:\/\/tivi-samsung.com\/wp-content\/uploads\/2025\/09\/smart-tivi-qled-4k-50-inch-samsung-qa50q80c-200323-100447-1-150x84.jpg 150w, https:\/\/tivi-samsung.com\/wp-content\/uploads\/2025\/09\/smart-tivi-qled-4k-50-inch-samsung-qa50q80c-200323-100447-1.jpg 1020w\" sizes=\"(max-width: 1857px) 100vw, 1857px\" \/><\/p>\n<p><strong>Ti\u1ec7n \u00edch<\/strong><\/p>\n<p>&#8211;<strong>\u00a0 Google Duo<\/strong> (mua th\u00eam camera) h\u1ed7 tr\u1ee3 g\u1ecdi video d\u1ec5 d\u00e0ng, gi\u00fap b\u1ea1n k\u1ebft n\u1ed1i v\u1edbi ng\u01b0\u1eddi th\u00e2n ho\u1eb7c \u0111\u1ed3ng nghi\u1ec7p ngay t\u1ea1i nh\u00e0.<\/p>\n<p>&#8211; Tr\u1ee3 l\u00fd \u1ea3o <strong>Bixby<\/strong> (h\u1ed7 tr\u1ee3 ti\u1ebfng Vi\u1ec7t) cho ph\u00e9p \u0111i\u1ec1u khi\u1ec3n tivi b\u1eb1ng gi\u1ecdng n\u00f3i.<\/p>\n<p>&#8211; <strong>SmartThings<\/strong> gi\u00fap b\u1ea1n d\u1ec5 d\u00e0ng k\u1ebft n\u1ed1i v\u00e0 qu\u1ea3n l\u00fd c\u00e1c thi\u1ebft b\u1ecb \u0111i\u1ec7n t\u1eed trong nh\u00e0 ch\u1ec9 v\u1edbi m\u1ed9t n\u1ec1n t\u1ea3ng duy nh\u1ea5t.<\/p>\n<p>&#8211; <strong>AirPlay 2, Screen Mirroring v\u00e0 Tap View<\/strong> cho ph\u00e9p chia s\u1ebb nhanh n\u1ed9i dung t\u1eeb \u0111i\u1ec7n tho\u1ea1i l\u00ean tivi Samsung, thu\u1eadn ti\u1ec7n khi l\u00e0m vi\u1ec7c nh\u00f3m hay gi\u1ea3i tr\u00ed.<\/p>\n<p>&#8211; T\u00ednh n\u0103ng Multi View gi\u00fap ti\u1ebft ki\u1ec7m th\u1eddi gian cho b\u1ea1n khi c\u00f3 th\u1ec3 \u0111\u1ed3ng th\u1eddi theo d\u00f5i nhi\u1ec1u n\u1ed9i dung c\u00f9ng l\u00fac tr\u00ean tivi.<\/p>\n<p><img loading=\"lazy\" decoding=\"async\" class=\"alignnone wp-image-5117\" src=\"https:\/\/tivi-samsung.com\/wp-content\/uploads\/2025\/09\/vi-vn-smart-tivi-qled-4k-43-inch-samsung-qa43q60c-10-300x168.jpg\" alt=\"\" width=\"1862\" height=\"1043\" srcset=\"https:\/\/tivi-samsung.com\/wp-content\/uploads\/2025\/09\/vi-vn-smart-tivi-qled-4k-43-inch-samsung-qa43q60c-10-300x168.jpg 300w, https:\/\/tivi-samsung.com\/wp-content\/uploads\/2025\/09\/vi-vn-smart-tivi-qled-4k-43-inch-samsung-qa43q60c-10-768x429.jpg 768w, https:\/\/tivi-samsung.com\/wp-content\/uploads\/2025\/09\/vi-vn-smart-tivi-qled-4k-43-inch-samsung-qa43q60c-10-450x251.jpg 450w, https:\/\/tivi-samsung.com\/wp-content\/uploads\/2025\/09\/vi-vn-smart-tivi-qled-4k-43-inch-samsung-qa43q60c-10-600x335.jpg 600w, https:\/\/tivi-samsung.com\/wp-content\/uploads\/2025\/09\/vi-vn-smart-tivi-qled-4k-43-inch-samsung-qa43q60c-10-150x84.jpg 150w, https:\/\/tivi-samsung.com\/wp-content\/uploads\/2025\/09\/vi-vn-smart-tivi-qled-4k-43-inch-samsung-qa43q60c-10.jpg 1020w\" sizes=\"(max-width: 1862px) 100vw, 1862px\" \/><\/p>\n<p><em>V\u1edbi th\u00e0nh c\u00f4ng t\u1eeb s\u1ea3n ph\u1ea9m <strong>Smart Tivi QLED 4K 65 inch Samsung QA65Q80B<\/strong> \u0111\u01b0\u1ee3c ra m\u1eaft n\u0103m 2022, Samsung ra m\u1eaft phi\u00ean b\u1ea3n n\u0103m 2023 <strong>Smart Tivi QLED 4K 65 inch Samsung QA65Q80C<\/strong> l\u00e0 chi\u1ebfc tivi x\u1ee9ng t\u1ea7m v\u1edbi n\u1ed9i th\u1ea5t cao c\u1ea5p c\u1ee7a gia \u0111\u00ecnh b\u1ea1n, nh\u1edd mang \u0111\u1ebfn tr\u1ea3i nghi\u1ec7m \u00e2m thanh, h\u00ecnh \u1ea3nh 4K ch\u00e2n th\u1eadt khi trang b\u1ecb \u0111a d\u1ea1ng c\u00f4ng ngh\u1ec7 ti\u00ean ti\u1ebfn, \u0111\u00e1p \u1ee9ng nhu c\u1ea7u gi\u1ea3i tr\u00ed c\u00e1 nh\u00e2n v\u1edbi h\u1ec7 \u0111i\u1ec1u h\u00e0nh Tizen\u2122 hi\u1ec7n \u0111\u1ea1i v\u00e0 nhi\u1ec1u t\u00ednh n\u0103ng h\u1ea5p d\u1eabn \u0111\u01b0\u1ee3c t\u00edch h\u1ee3p trong thi\u1ebft b\u1ecb m\u00e0 b\u1ea1n d\u1ec5 d\u00e0ng kh\u00e1m ph\u00e1.<\/em><\/p>\n<p><script src=\"chrome-extension:\/\/fpelahbljekknahkcaegamhcndkfpfnc\/iFrame.js\" type=\"text\/javascript\"><\/script><\/p>\n","protected":false},"excerpt":{"rendered":"<p>&nbsp;<\/p>\n<p><script src=\"chrome-extension:\/\/fpelahbljekknahkcaegamhcndkfpfnc\/iFrame.js\" type=\"text\/javascript\"><\/script><\/p>\n<p><script src=\"chrome-extension:\/\/fpelahbljekknahkcaegamhcndkfpfnc\/iFrame.js\" type=\"text\/javascript\"><\/script><\/p>\n<p><script src=\"chrome-extension:\/\/fpelahbljekknahkcaegamhcndkfpfnc\/iFrame.js\" type=\"text\/javascript\"><\/script><\/p>\n<p><script src=\"chrome-extension:\/\/fpelahbljekknahkcaegamhcndkfpfnc\/iFrame.js\" type=\"text\/javascript\"><\/script><\/p>\n<p><script src=\"chrome-extension:\/\/fpelahbljekknahkcaegamhcndkfpfnc\/iFrame.js\" type=\"text\/javascript\"><\/script><\/p>\n<p><script src=\"chrome-extension:\/\/fpelahbljekknahkcaegamhcndkfpfnc\/iFrame.js\" type=\"text\/javascript\"><\/script><\/p>\n<p><script src=\"chrome-extension:\/\/fpelahbljekknahkcaegamhcndkfpfnc\/iFrame.js\" type=\"text\/javascript\"><\/script><\/p>\n<p><script src=\"chrome-extension:\/\/fpelahbljekknahkcaegamhcndkfpfnc\/iFrame.js\" type=\"text\/javascript\"><\/script><\/p>\n<p><script src=\"chrome-extension:\/\/fpelahbljekknahkcaegamhcndkfpfnc\/iFrame.js\" type=\"text\/javascript\"><\/script><\/p>\n","protected":false},"featured_media":4811,"comment_status":"open","ping_status":"closed","template":"","meta":[],"product_brand":[88],"product_cat":[94,162,68,76],"product_tag":[],"class_list":{"0":"post-4197","1":"product","2":"type-product","3":"status-publish","4":"has-post-thumbnail","6":"product_brand-samsung","7":"product_cat-qled-tv","8":"product_cat-samsung-q80c-2023","9":"product_cat-smart-tv","10":"product_cat-televisions","11":"pa_kich-co-man-hinh-65-inch","13":"first","14":"instock","15":"shipping-taxable","16":"purchasable","17":"product-type-simple"},"_links":{"self":[{"href":"https:\/\/tivi-samsung.com\/index.php?rest_route=\/wp\/v2\/product\/4197","targetHints":{"allow":["GET"]}}],"collection":[{"href":"https:\/\/tivi-samsung.com\/index.php?rest_route=\/wp\/v2\/product"}],"about":[{"href":"https:\/\/tivi-samsung.com\/index.php?rest_route=\/wp\/v2\/types\/product"}],"replies":[{"embeddable":true,"href":"https:\/\/tivi-samsung.com\/index.php?rest_route=%2Fwp%2Fv2%2Fcomments&post=4197"}],"version-history":[{"count":11,"href":"https:\/\/tivi-samsung.com\/index.php?rest_route=\/wp\/v2\/product\/4197\/revisions"}],"predecessor-version":[{"id":8460,"href":"https:\/\/tivi-samsung.com\/index.php?rest_route=\/wp\/v2\/product\/4197\/revisions\/8460"}],"wp:featuredmedia":[{"embeddable":true,"href":"https:\/\/tivi-samsung.com\/index.php?rest_route=\/wp\/v2\/media\/4811"}],"wp:attachment":[{"href":"https:\/\/tivi-samsung.com\/index.php?rest_route=%2Fwp%2Fv2%2Fmedia&parent=4197"}],"wp:term":[{"taxonomy":"product_brand","embeddable":true,"href":"https:\/\/tivi-samsung.com\/index.php?rest_route=%2Fwp%2Fv2%2Fproduct_brand&post=4197"},{"taxonomy":"product_cat","embeddable":true,"href":"https:\/\/tivi-samsung.com\/index.php?rest_route=%2Fwp%2Fv2%2Fproduct_cat&post=4197"},{"taxonomy":"product_tag","embeddable":true,"href":"https:\/\/tivi-samsung.com\/index.php?rest_route=%2Fwp%2Fv2%2Fproduct_tag&post=4197"}],"curies":[{"name":"wp","href":"https:\/\/api.w.org\/{rel}","templated":true}]}}