{"id":4194,"date":"2025-09-16T15:19:33","date_gmt":"2025-09-16T15:19:33","guid":{"rendered":"https:\/\/tivi-samsung.com\/?post_type=product&#038;p=4194"},"modified":"2025-10-15T00:37:21","modified_gmt":"2025-10-14T17:37:21","slug":"smart-tivi-neo-qled-samsung-ai-4k-65-inch-qa65qn90c","status":"publish","type":"product","link":"https:\/\/tivi-samsung.com\/?product=smart-tivi-neo-qled-samsung-ai-4k-65-inch-qa65qn90c","title":{"rendered":"Smart Tivi Neo QLED Samsung AI 4K 65 inch QA65QN90C"},"content":{"rendered":"<p><strong>Th\u00f4ng tin s\u1ea3n ph\u1ea9m<\/strong><\/p>\n<p><a href=\"https:\/\/tokoo.vn\/danh-muc\/samsung-tvs\/\" target=\"_blank\" rel=\"noopener\"><strong>Smart Tivi Neo QLED 4K 65 inch Samsung QA65QN90C<\/strong><\/a> thu h\u00fat nh\u1eefng t\u00edn \u0111\u1ed3 Samsung v\u1edbi thi\u1ebft k\u1ebf si\u00eau m\u1ecfng, sang tr\u1ecdng, t\u00e1i t\u1ea1o khung h\u00ecnh ch\u1ea5t l\u01b0\u1ee3ng 4K tuy\u1ec7t v\u1eddi nh\u1edd trang b\u1ecb b\u1ed9 x\u1eed l\u00fd <strong>Neural Quantum 4K AI<\/strong>, c\u00f4ng ngh\u1ec7 <strong>Quantum Matrix Technology 14 bit<\/strong> cho h\u00ecnh \u1ea3nh c\u00f3 \u0111\u1ed9 t\u01b0\u01a1ng ph\u1ea3n \u1ea5n t\u01b0\u1ee3ng, \u0111\u1ea3m b\u1ea3o ch\u1ea5t l\u01b0\u1ee3ng khung h\u00ecnh d\u00f9 \u1edf g\u00f3c nh\u00ecn n\u00e0o v\u1edbi c\u00f4ng ngh\u1ec7 ch\u1ed1ng ch\u00f3i <strong>Anti Reflection<\/strong>, c\u00f4ng ngh\u1ec7 <strong>Dolby Atmos<\/strong> t\u00e1i t\u1ea1o \u00e2m thanh v\u00f2m 3D chu\u1ea9n \u0111i\u1ec7n \u1ea3nh, video call ch\u00e2n th\u1eadt v\u1edbi \u1ee9ng d\u1ee5ng Google Duo.<\/p>\n<p><strong>T\u1ed5ng quan thi\u1ebft k\u1ebf<\/strong><\/p>\n<p>&#8211; Ki\u1ec3u d\u00e1ng <strong>NeoSlim v<\/strong>\u1edbi \u0111\u01b0\u1eddng vi\u1ec1n thanh m\u1ea3nh, <strong>Samsung QA65QN90C<\/strong> s\u1eafc s\u1ea3o trong t\u1eebng chi ti\u1ebft, mang \u0111\u1ebfn ni\u1ec1m t\u1ef1 h\u00e0o cho gia ch\u1ee7 khi b\u1ed1 tr\u00ed trong c\u0103n ph\u00f2ng kh\u00e1ch, ph\u00f2ng ng\u1ee7 hay v\u0103n ph\u00f2ng l\u00e0m vi\u1ec7c c\u1ee7a m\u00ecnh.<\/p>\n<p><img fetchpriority=\"high\" decoding=\"async\" class=\"alignnone wp-image-5525\" src=\"https:\/\/tivi-samsung.com\/wp-content\/uploads\/2025\/09\/smart-tivi-neo-qled-4k-75-inch-samsung-qa75qn90c-210323-111534-300x168.jpg\" alt=\"\" width=\"1768\" height=\"990\" srcset=\"https:\/\/tivi-samsung.com\/wp-content\/uploads\/2025\/09\/smart-tivi-neo-qled-4k-75-inch-samsung-qa75qn90c-210323-111534-300x168.jpg 300w, https:\/\/tivi-samsung.com\/wp-content\/uploads\/2025\/09\/smart-tivi-neo-qled-4k-75-inch-samsung-qa75qn90c-210323-111534-768x429.jpg 768w, https:\/\/tivi-samsung.com\/wp-content\/uploads\/2025\/09\/smart-tivi-neo-qled-4k-75-inch-samsung-qa75qn90c-210323-111534-450x251.jpg 450w, https:\/\/tivi-samsung.com\/wp-content\/uploads\/2025\/09\/smart-tivi-neo-qled-4k-75-inch-samsung-qa75qn90c-210323-111534-600x335.jpg 600w, https:\/\/tivi-samsung.com\/wp-content\/uploads\/2025\/09\/smart-tivi-neo-qled-4k-75-inch-samsung-qa75qn90c-210323-111534-150x84.jpg 150w, https:\/\/tivi-samsung.com\/wp-content\/uploads\/2025\/09\/smart-tivi-neo-qled-4k-75-inch-samsung-qa75qn90c-210323-111534.jpg 1020w\" sizes=\"(max-width: 1768px) 100vw, 1768px\" \/><\/p>\n<p>&#8211; V\u1edbi m\u00e0n h\u00ecnh 65 inch, chi\u1ebfc tivi nh\u01b0 bi\u1ebfn th\u00e0nh m\u1ed9t b\u1ee9c tranh \u0111i\u1ec7n t\u1eed l\u1edbn l\u1ea5p \u0111\u1ea7y b\u1ee9c t\u01b0\u1eddng tr\u1ed1ng tr\u1ea3i c\u1ee7a b\u1ea1n khi b\u1ed1 tr\u00ed ki\u1ec3u treo t\u01b0\u1eddng. \u0110i k\u00e8m s\u1ea3n ph\u1ea9m c\u00f2n c\u00f3 ch\u00e2n \u0111\u1ebf kim lo\u1ea1i ch\u1eef L thi\u1ebft k\u1ebf c\u00e1ch \u0111i\u1ec7u t\u0103ng th\u00eam s\u1ef1 c\u00e1 t\u00ednh cho tivi \u0111\u1ed3ng th\u1eddi gi\u00fap l\u1eafp \u0111\u1eb7t thi\u1ebft b\u1ecb \u1ed5n \u0111\u1ecbnh tr\u00ean k\u1ec7 t\u1ee7.<\/p>\n<p><img decoding=\"async\" class=\"alignnone wp-image-5524\" src=\"https:\/\/tivi-samsung.com\/wp-content\/uploads\/2025\/09\/smart-tivi-neo-qled-4k-75-inch-samsung-qa75qn90c-050323-103946-300x168.jpg\" alt=\"\" width=\"1796\" height=\"1006\" srcset=\"https:\/\/tivi-samsung.com\/wp-content\/uploads\/2025\/09\/smart-tivi-neo-qled-4k-75-inch-samsung-qa75qn90c-050323-103946-300x168.jpg 300w, https:\/\/tivi-samsung.com\/wp-content\/uploads\/2025\/09\/smart-tivi-neo-qled-4k-75-inch-samsung-qa75qn90c-050323-103946-768x429.jpg 768w, https:\/\/tivi-samsung.com\/wp-content\/uploads\/2025\/09\/smart-tivi-neo-qled-4k-75-inch-samsung-qa75qn90c-050323-103946-450x251.jpg 450w, https:\/\/tivi-samsung.com\/wp-content\/uploads\/2025\/09\/smart-tivi-neo-qled-4k-75-inch-samsung-qa75qn90c-050323-103946-600x335.jpg 600w, https:\/\/tivi-samsung.com\/wp-content\/uploads\/2025\/09\/smart-tivi-neo-qled-4k-75-inch-samsung-qa75qn90c-050323-103946-150x84.jpg 150w, https:\/\/tivi-samsung.com\/wp-content\/uploads\/2025\/09\/smart-tivi-neo-qled-4k-75-inch-samsung-qa75qn90c-050323-103946.jpg 1020w\" sizes=\"(max-width: 1796px) 100vw, 1796px\" \/><\/p>\n<p><strong>C\u00f4ng ngh\u1ec7 h\u00ecnh \u1ea3nh<\/strong><\/p>\n<p>&#8211; M\u00e0n h\u00ecnh 4K cho \u0111\u1ed9 n\u00e9t cao g\u1ea5p 4 l\u1ea7n \u0111\u1ed9 ph\u00e2n gi\u1ea3i <strong>Full HD.<\/strong><\/p>\n<p>&#8211; Tivi Samsung c\u00f3 b\u1ed9 x\u1eed l\u00fd <strong>Neural Quantum 4K AI<\/strong> s\u1eed d\u1ee5ng 20 m\u1ea1ng n\u01a1-ron v\u00e0 tr\u00ed tu\u1ec7 nh\u00e2n t\u1ea1o t\u0103ng ch\u1ea5t l\u01b0\u1ee3ng khung h\u00ecnh l\u00ean \u0111\u1ed9 ph\u00e2n gi\u1ea3i 4K tuy\u1ec7t m\u1ef9, t\u1ed1i \u01b0u hi\u1ec7u su\u1ea5t tivi \u0111\u1ec3 b\u1ea1n \u0111\u01b0\u1ee3c t\u1eadn h\u01b0\u1edfng tr\u1ea3i nghi\u1ec7m nghe nh\u00ecn x\u1ee9ng t\u1ea7m v\u1ebb ngo\u00e0i ki\u1ec7t t\u00e1c c\u1ee7a Samsung QA65QN90C.<\/p>\n<p><img decoding=\"async\" class=\"alignnone wp-image-5274\" src=\"https:\/\/tivi-samsung.com\/wp-content\/uploads\/2025\/09\/2-1020x570-6-300x168.jpg\" alt=\"\" width=\"1796\" height=\"1006\" srcset=\"https:\/\/tivi-samsung.com\/wp-content\/uploads\/2025\/09\/2-1020x570-6-300x168.jpg 300w, https:\/\/tivi-samsung.com\/wp-content\/uploads\/2025\/09\/2-1020x570-6-768x429.jpg 768w, https:\/\/tivi-samsung.com\/wp-content\/uploads\/2025\/09\/2-1020x570-6-450x251.jpg 450w, https:\/\/tivi-samsung.com\/wp-content\/uploads\/2025\/09\/2-1020x570-6-600x335.jpg 600w, https:\/\/tivi-samsung.com\/wp-content\/uploads\/2025\/09\/2-1020x570-6-150x84.jpg 150w, https:\/\/tivi-samsung.com\/wp-content\/uploads\/2025\/09\/2-1020x570-6.jpg 1020w\" sizes=\"(max-width: 1796px) 100vw, 1796px\" \/><\/p>\n<p>&#8211; C\u00f4ng ngh\u1ec7 <strong>Quantum Matrix Technology 14<\/strong> bit v\u00e0 <strong>Quantum Mini LED<\/strong> v\u1edbi kh\u1ea3 n\u0103ng ki\u1ec3m so\u00e1t \u0111\u1ed9 s\u00e1ng t\u1ed1i \u01b0u hi\u1ec3n th\u1ecb h\u00ecnh \u1ea3nh v\u1edbi c\u00e1c chi ti\u1ebft r\u00f5 r\u00e0ng d\u00f9 trong b\u1ea5t k\u1ef3 khung h\u00ecnh n\u00e0o.<\/p>\n<p><img loading=\"lazy\" decoding=\"async\" class=\"alignnone wp-image-5437\" src=\"https:\/\/tivi-samsung.com\/wp-content\/uploads\/2025\/09\/tivi-neo-qled-samsung-4k-85-inch-qa85qn90d-3-1020x570-2-300x168.jpg\" alt=\"\" width=\"1793\" height=\"1004\" srcset=\"https:\/\/tivi-samsung.com\/wp-content\/uploads\/2025\/09\/tivi-neo-qled-samsung-4k-85-inch-qa85qn90d-3-1020x570-2-300x168.jpg 300w, https:\/\/tivi-samsung.com\/wp-content\/uploads\/2025\/09\/tivi-neo-qled-samsung-4k-85-inch-qa85qn90d-3-1020x570-2-768x429.jpg 768w, https:\/\/tivi-samsung.com\/wp-content\/uploads\/2025\/09\/tivi-neo-qled-samsung-4k-85-inch-qa85qn90d-3-1020x570-2-450x251.jpg 450w, https:\/\/tivi-samsung.com\/wp-content\/uploads\/2025\/09\/tivi-neo-qled-samsung-4k-85-inch-qa85qn90d-3-1020x570-2-600x335.jpg 600w, https:\/\/tivi-samsung.com\/wp-content\/uploads\/2025\/09\/tivi-neo-qled-samsung-4k-85-inch-qa85qn90d-3-1020x570-2-150x84.jpg 150w, https:\/\/tivi-samsung.com\/wp-content\/uploads\/2025\/09\/tivi-neo-qled-samsung-4k-85-inch-qa85qn90d-3-1020x570-2.jpg 1020w\" sizes=\"(max-width: 1793px) 100vw, 1793px\" \/><\/p>\n<p>&#8211; C\u00f4ng ngh\u1ec7 <strong>AI HDR Remastering<\/strong> n\u00e2ng cao ch\u1ea5t l\u01b0\u1ee3ng n\u1ed9i dung t\u1eeb chu\u1ea9n SDR l\u00ean \u0111\u1ebfn HDR, t\u00e1i t\u1ea1o h\u00ecnh \u1ea3nh v\u1edbi m\u00e0u s\u1eafc b\u1eaft m\u1eaft, chi ti\u1ebft r\u00f5 \u0111\u1eb9p.<\/p>\n<p>&#8211; C\u00f4ng ngh\u1ec7 <strong>Ultimate UHD Dimming<\/strong> ph\u00e2n chia khung h\u00ecnh th\u00e0nh nhi\u1ec1u v\u00f9ng \u1ea3nh nh\u1ecf, tinh ch\u1ec9nh \u0111\u1ec3 t\u0103ng kh\u1ea3 n\u0103ng hi\u1ec3n th\u1ecb c\u00e1c chi ti\u1ebft, m\u00e0u s\u1eafc s\u1ed1ng \u0111\u1ed9ng. C\u00f4ng ngh\u1ec7 Neo Quantum HDR+ t\u1ea1o n\u00ean s\u1eafc m\u00e0u r\u1ef1c r\u1ee1 t\u01b0\u01a1ng th\u00edch v\u1edbi khung h\u00ecnh \u0111\u1ed9 ph\u00e2n gi\u1ea3i 4K s\u1eafc n\u00e9t.<\/p>\n<p><img loading=\"lazy\" decoding=\"async\" class=\"alignnone wp-image-5243\" src=\"https:\/\/tivi-samsung.com\/wp-content\/uploads\/2025\/09\/smart-tivi-neo-qled-8k-65-inch-samsung-qa65qn800c-140323-021934-1020x570-1-300x168.jpg\" alt=\"\" width=\"1796\" height=\"1006\" srcset=\"https:\/\/tivi-samsung.com\/wp-content\/uploads\/2025\/09\/smart-tivi-neo-qled-8k-65-inch-samsung-qa65qn800c-140323-021934-1020x570-1-300x168.jpg 300w, https:\/\/tivi-samsung.com\/wp-content\/uploads\/2025\/09\/smart-tivi-neo-qled-8k-65-inch-samsung-qa65qn800c-140323-021934-1020x570-1-768x429.jpg 768w, https:\/\/tivi-samsung.com\/wp-content\/uploads\/2025\/09\/smart-tivi-neo-qled-8k-65-inch-samsung-qa65qn800c-140323-021934-1020x570-1-450x251.jpg 450w, https:\/\/tivi-samsung.com\/wp-content\/uploads\/2025\/09\/smart-tivi-neo-qled-8k-65-inch-samsung-qa65qn800c-140323-021934-1020x570-1-600x335.jpg 600w, https:\/\/tivi-samsung.com\/wp-content\/uploads\/2025\/09\/smart-tivi-neo-qled-8k-65-inch-samsung-qa65qn800c-140323-021934-1020x570-1-150x84.jpg 150w, https:\/\/tivi-samsung.com\/wp-content\/uploads\/2025\/09\/smart-tivi-neo-qled-8k-65-inch-samsung-qa65qn800c-140323-021934-1020x570-1.jpg 1020w\" sizes=\"(max-width: 1796px) 100vw, 1796px\" \/><\/p>\n<p>&#8211; <strong>Anti Reflection,<\/strong> c\u00f4ng ngh\u1ec7 ch\u1ed1ng ch\u00f3i lo\u1ea1i b\u1ecf t\u1ed1i \u0111a \u00e1nh s\u00e1ng g\u00e2y xao nh\u00e3ng t\u1ea7m nh\u00ecn c\u1ee7a b\u1ea1n, \u0111\u1ec3 b\u1ea1n th\u01b0\u1edfng th\u1ee9c c\u00e1c n\u1ed9i dung ho\u00e0n h\u1ea3o b\u1ea5t k\u1ec3 ng\u00e0y hay \u0111\u00eam. C\u00f4ng ngh\u1ec7 Ultra Viewing Angle m\u1edf r\u1ed9ng g\u00f3c nh\u00ecn, \u0111\u1ea3m b\u1ea3o ch\u1ea5t l\u01b0\u1ee3ng, m\u00e0u s\u1eafc kh\u00f4ng thay \u0111\u1ed5i khi b\u1ea1n nh\u00ecn \u0111\u1ed1i di\u1ec7n hay \u1edf g\u00f3c nghi\u00eang<\/p>\n<p><img loading=\"lazy\" decoding=\"async\" class=\"alignnone wp-image-5202\" src=\"https:\/\/tivi-samsung.com\/wp-content\/uploads\/2025\/09\/smart-tivi-qled-4k-55-inch-samsung-qa55q80c-200323-020343-1-300x168.jpg\" alt=\"\" width=\"1795\" height=\"1005\" srcset=\"https:\/\/tivi-samsung.com\/wp-content\/uploads\/2025\/09\/smart-tivi-qled-4k-55-inch-samsung-qa55q80c-200323-020343-1-300x168.jpg 300w, https:\/\/tivi-samsung.com\/wp-content\/uploads\/2025\/09\/smart-tivi-qled-4k-55-inch-samsung-qa55q80c-200323-020343-1-768x429.jpg 768w, https:\/\/tivi-samsung.com\/wp-content\/uploads\/2025\/09\/smart-tivi-qled-4k-55-inch-samsung-qa55q80c-200323-020343-1-450x251.jpg 450w, https:\/\/tivi-samsung.com\/wp-content\/uploads\/2025\/09\/smart-tivi-qled-4k-55-inch-samsung-qa55q80c-200323-020343-1-600x335.jpg 600w, https:\/\/tivi-samsung.com\/wp-content\/uploads\/2025\/09\/smart-tivi-qled-4k-55-inch-samsung-qa55q80c-200323-020343-1-150x84.jpg 150w, https:\/\/tivi-samsung.com\/wp-content\/uploads\/2025\/09\/smart-tivi-qled-4k-55-inch-samsung-qa55q80c-200323-020343-1.jpg 1020w\" sizes=\"(max-width: 1795px) 100vw, 1795px\" \/><\/p>\n<p>&#8211; C\u00f4ng ngh\u1ec7 <strong>Motion Xcelerator Turbo+<\/strong> c\u00e2n ch\u1ec9nh t\u1eebng khung h\u00ecnh, cho c\u00e1c pha h\u00e0nh \u0111\u1ed9ng r\u00f5 n\u00e9t v\u1edbi t\u1ea7n s\u1ed1 qu\u00e9t l\u00ean \u0111\u1ebfn 120 Hz.<\/p>\n<p>&#8211; Ch\u1ebf \u0111\u1ed9<strong> Auto Low Latency Mode (ALLM)<\/strong> gi\u1ea3m t\u1ed1i \u0111a \u0111\u1ed9 tr\u1ec5 k\u1ebft h\u1ee3p v\u1edbi c\u00f4ng ngh\u1ec7 <strong>FreeSync Premium Pro,<\/strong> ch\u1ebf \u0111\u1ed9 <strong>Game Motion Plus<\/strong> h\u1ea1n ch\u1ebf gi\u1eadt h\u00ecnh, x\u00e9 h\u00ecnh cho b\u1ea1n ch\u01a1i game v\u1edbi h\u00ecnh \u1ea3nh HDR s\u1ed1ng \u0111\u1ed9ng, m\u01b0\u1ee3t m\u00e0, t\u1ef1 tin ch\u01a1i c\u00e1c t\u1ef1a game y\u00eau th\u00edch.<\/p>\n<p><strong>C\u00f4ng ngh\u1ec7 \u00e2m thanh<\/strong><\/p>\n<p>&#8211; Mang \u0111\u1ebfn \u00e2m thanh ch\u1ea5t l\u01b0\u1ee3ng cao, gi\u1ea3i tr\u00ed phong ph\u00fa v\u1edbi h\u1ec7 th\u1ed1ng 4.2.2, t\u1ed5ng c\u00f4ng su\u1ea5t 60W.<\/p>\n<p>&#8211; C\u00f4ng ngh\u1ec7 <strong>Dolby Atmos v\u00e0 OTS+<\/strong> t\u1ea1o n\u00ean tr\u1ea3i nghi\u1ec7m \u00e2m v\u00f2m theo d\u00f5i chuy\u1ec3n \u0111\u1ed9ng h\u00ecnh \u1ea3nh cu\u1ed1n h\u00fat, cho b\u1ea1n c\u1ea3m nh\u1eadn \u0111\u01b0\u1ee3c ch\u1ea5t \u00e2m ch\u00e2n th\u1eadt nh\u1ea5t.<\/p>\n<p><img loading=\"lazy\" decoding=\"async\" class=\"alignnone wp-image-5187\" src=\"https:\/\/tivi-samsung.com\/wp-content\/uploads\/2025\/09\/vi-vn-smart-tivi-qled-4k-50-inch-samsung-qa50q80c-9-300x168.jpg\" alt=\"\" width=\"1789\" height=\"1002\" srcset=\"https:\/\/tivi-samsung.com\/wp-content\/uploads\/2025\/09\/vi-vn-smart-tivi-qled-4k-50-inch-samsung-qa50q80c-9-300x168.jpg 300w, https:\/\/tivi-samsung.com\/wp-content\/uploads\/2025\/09\/vi-vn-smart-tivi-qled-4k-50-inch-samsung-qa50q80c-9-768x429.jpg 768w, https:\/\/tivi-samsung.com\/wp-content\/uploads\/2025\/09\/vi-vn-smart-tivi-qled-4k-50-inch-samsung-qa50q80c-9-450x251.jpg 450w, https:\/\/tivi-samsung.com\/wp-content\/uploads\/2025\/09\/vi-vn-smart-tivi-qled-4k-50-inch-samsung-qa50q80c-9-600x335.jpg 600w, https:\/\/tivi-samsung.com\/wp-content\/uploads\/2025\/09\/vi-vn-smart-tivi-qled-4k-50-inch-samsung-qa50q80c-9-150x84.jpg 150w, https:\/\/tivi-samsung.com\/wp-content\/uploads\/2025\/09\/vi-vn-smart-tivi-qled-4k-50-inch-samsung-qa50q80c-9.jpg 1020w\" sizes=\"(max-width: 1789px) 100vw, 1789px\" \/><\/p>\n<p>&#8211; <strong>Q-Symphony 3.0,<\/strong> c\u00f4ng ngh\u1ec7 k\u1ebft n\u1ed1i loa thanh v\u1edbi h\u1ec7 th\u1ed1ng loa c\u1ee7a tivi mang \u0111\u1ebfn \u00e2m thanh s\u1ed1ng \u0111\u1ed9ng, b\u00f9ng n\u1ed5 ngo\u1ea1n m\u1ee5c ngay t\u1ea1i nh\u00e0 b\u1ea1n.<\/p>\n<p>&#8211; C\u00f4ng ngh\u1ec7<strong> AVA<\/strong> tinh ch\u1ec9nh \u00e2m l\u01b0\u1ee3ng h\u1ed9i tho\u1ea1i t\u00f9y theo \u0111\u1ed9 \u1ed3n trong m\u00f4i tr\u01b0\u1eddng xung quanh \u0111\u1ec3 b\u1ea1n kh\u00f4ng b\u1ecf l\u1ee1 b\u1ea5t k\u1ef3 t\u00ecnh ti\u1ebft n\u00e0o trong phim.<\/p>\n<p><strong>H\u1ec7 \u0111i\u1ec1u h\u00e0nh<\/strong><\/p>\n<p>&#8211; Smart tivi t\u00edch h\u1ee3p h\u1ec7 \u0111i\u1ec1u h\u00e0nh <strong>Tizen\u2122<\/strong> thi\u1ebft k\u1ebf giao di\u1ec7n tr\u1ef1c quan, cho ng\u01b0\u1eddi d\u00f9ng quan s\u00e1t v\u00e0 l\u1ef1a ch\u1ecdn c\u00e1c n\u1ed9i dung m\u00ecnh quan t\u00e2m d\u1ec5 d\u00e0ng.<\/p>\n<p><img loading=\"lazy\" decoding=\"async\" class=\"alignnone wp-image-5228\" src=\"https:\/\/tivi-samsung.com\/wp-content\/uploads\/2025\/09\/2-1020x570-3-300x168.jpg\" alt=\"\" width=\"1787\" height=\"1001\" srcset=\"https:\/\/tivi-samsung.com\/wp-content\/uploads\/2025\/09\/2-1020x570-3-300x168.jpg 300w, https:\/\/tivi-samsung.com\/wp-content\/uploads\/2025\/09\/2-1020x570-3-768x429.jpg 768w, https:\/\/tivi-samsung.com\/wp-content\/uploads\/2025\/09\/2-1020x570-3-450x251.jpg 450w, https:\/\/tivi-samsung.com\/wp-content\/uploads\/2025\/09\/2-1020x570-3-600x335.jpg 600w, https:\/\/tivi-samsung.com\/wp-content\/uploads\/2025\/09\/2-1020x570-3-150x84.jpg 150w, https:\/\/tivi-samsung.com\/wp-content\/uploads\/2025\/09\/2-1020x570-3.jpg 1020w\" sizes=\"(max-width: 1787px) 100vw, 1787px\" \/><\/p>\n<p><strong>Ti\u1ec7n \u00edch<\/strong><\/p>\n<p>&#8211; <strong>Tivi Samsung<\/strong> c\u00f3 th\u1ec3 g\u1ecdi video \u0111\u01a1n gi\u1ea3n qua m\u00e0n h\u00ecnh l\u1edbn c\u1ee7a tivi, gi\u00fap x\u00f3a m\u1edd kho\u1ea3ng c\u00e1ch \u0111\u1ecba l\u00fd, gi\u1eef cu\u1ed9c tr\u00f2 chuy\u1ec7n lu\u00f4n th\u00e2n thi\u1ec7n, r\u00f5 r\u00e0ng nh\u1edd \u1ee9ng d\u1ee5ng Google Duo (mua th\u00eam camera).<\/p>\n<p>&#8211; V\u1edbi tr\u1ee3 l\u00fd \u1ea3o <strong>Bixby<\/strong> (c\u00f3 ti\u1ebfng Vi\u1ec7t), ng\u01b0\u1eddi d\u00f9ng c\u00f3 th\u1ec3 \u0111i\u1ec1u khi\u1ec3n tivi b\u1eb1ng kh\u1ea9u l\u1ec7nh d\u1ec5 d\u00e0ng, ti\u1ebft ki\u1ec7m th\u1eddi gian khi kh\u00f4ng ph\u1ea3i g\u00f5 t\u1eebng ph\u00edm b\u1ea5m tr\u00ean remote.<\/p>\n<p>&#8211; <strong>SmartThings<\/strong> l\u00e0 \u1ee9ng d\u1ee5ng cho ph\u00e9p b\u1ea1n ki\u1ec3m so\u00e1t ho\u1ea1t \u0111\u1ed9ng c\u00e1c thi\u1ebft k\u1ebf th\u00f4ng minh trong nh\u00e0 linh ho\u1ea1t, s\u1eed d\u1ee5ng gi\u1ecdng n\u00f3i \u0111\u1ec3 \u0111i\u1ec1u khi\u1ec3n thi\u1ebft b\u1ecb m\u00e0 kh\u00f4ng c\u1ea7n ph\u1ea3i di chuy\u1ec3n l\u1ea1i g\u1ea7n.<\/p>\n<p>&#8211; \u0110i\u1ec1u khi\u1ec3n t\u1eeb xa d\u1ec5 d\u00e0ng v\u1edbi<strong> One Remote<\/strong> c\u00f3 t\u1ea5m pin n\u0103ng l\u01b0\u1ee3ng m\u1eb7t tr\u1eddi b\u00ean trong cho ph\u00e9p b\u1ea1n s\u1ea1c b\u1eb1ng b\u1ea5t k\u1ef3 ngu\u1ed3n s\u00e1ng n\u00e0o thu\u1eadn ti\u1ec7n.<\/p>\n<p>&#8211; T\u00ednh n\u0103ng <strong>Multi View<\/strong> cho ph\u00e9p b\u1ea1n tr\u1ea3i nghi\u1ec7m \u0111\u01b0\u1ee3c nhi\u1ec1u video, ch\u01b0\u01a1ng tr\u00ecnh tr\u00ean c\u00f9ng m\u1ed9t m\u00e0n h\u00ecnh tivi, n\u00e2ng cao hi\u1ec7u su\u1ea5t s\u1eed d\u1ee5ng tivi t\u1ed1i \u01b0u.<\/p>\n<p>&#8211; Truy\u1ec1n ph\u00e1t d\u1ec5 d\u00e0ng c\u00e1c n\u1ed9i dung b\u1ea1n mu\u1ed1n chia s\u1ebb l\u00ean tivi t\u1eeb thi\u1ebft b\u1ecb di \u0111\u1ed9ng th\u00f4ng qua t\u00ednh n\u0103ng <strong>AirPlay 2 (iPhone), Screen Mirroring (Android), Tap View.<\/strong><\/p>\n<p><img loading=\"lazy\" decoding=\"async\" class=\"alignnone wp-image-5253\" src=\"https:\/\/tivi-samsung.com\/wp-content\/uploads\/2025\/09\/smart-tivi-neo-qled-4k-55-inch-samsung-qa55qn85c-190323-030451-300x168.jpg\" alt=\"\" width=\"1779\" height=\"996\" srcset=\"https:\/\/tivi-samsung.com\/wp-content\/uploads\/2025\/09\/smart-tivi-neo-qled-4k-55-inch-samsung-qa55qn85c-190323-030451-300x168.jpg 300w, https:\/\/tivi-samsung.com\/wp-content\/uploads\/2025\/09\/smart-tivi-neo-qled-4k-55-inch-samsung-qa55qn85c-190323-030451-768x429.jpg 768w, https:\/\/tivi-samsung.com\/wp-content\/uploads\/2025\/09\/smart-tivi-neo-qled-4k-55-inch-samsung-qa55qn85c-190323-030451-450x251.jpg 450w, https:\/\/tivi-samsung.com\/wp-content\/uploads\/2025\/09\/smart-tivi-neo-qled-4k-55-inch-samsung-qa55qn85c-190323-030451-600x335.jpg 600w, https:\/\/tivi-samsung.com\/wp-content\/uploads\/2025\/09\/smart-tivi-neo-qled-4k-55-inch-samsung-qa55qn85c-190323-030451-150x84.jpg 150w, https:\/\/tivi-samsung.com\/wp-content\/uploads\/2025\/09\/smart-tivi-neo-qled-4k-55-inch-samsung-qa55qn85c-190323-030451.jpg 1020w\" sizes=\"(max-width: 1779px) 100vw, 1779px\" \/><\/p>\n<p><em>V\u1edbi th\u00e0nh c\u00f4ng t\u1eeb s\u1ea3n ph\u1ea9m <strong>Smart Tivi Neo QLED 4K 65 inch Samsung QA65QN90B<\/strong> \u0111\u01b0\u1ee3c ra m\u1eaft n\u0103m 2022, Samsung ra m\u1eaft phi\u00ean b\u1ea3n n\u0103m 2023 <strong>Smart Tivi Neo QLED 4K 65 inch Samsung QA65QN90C<\/strong> l\u00e0 thi\u1ebft b\u1ecb gi\u1ea3i tr\u00ed x\u1ee9ng t\u1ea7m v\u1edbi ng\u00f4i nh\u00e0 th\u1eddi th\u01b0\u1ee3ng c\u1ee7a b\u1ea1n nh\u1edd thi\u1ebft k\u1ebf sang tr\u1ecdng, h\u1ed7 tr\u1ee3 b\u1ed9 x\u1eed l\u00fd <strong>Neural Quantum 4K AI 20 n\u01a1-ron<\/strong> th\u00f4ng minh, c\u00e1c c\u00f4ng ngh\u1ec7 h\u00ecnh \u1ea3nh, \u00e2m thanh \u1ea5n t\u01b0\u1ee3ng nh\u01b0 <strong>Quantum Matrix Technology 14 bit, Ultimate UHD Dimming, Ultra Viewing Angle, OTS+, Dolby Atmos,&#8230;<\/strong> cho b\u1ea1n t\u1eadn h\u01b0\u1edfng c\u00e1c n\u1ed9i dung v\u1edbi khung h\u00ecnh s\u1eafc n\u00e9t, \u00e2m thanh s\u1ed1ng \u0111\u1ed9ng nh\u01b0 th\u1eadt.<\/em><\/p>\n<p>&nbsp;<\/p>\n<p><script src=\"chrome-extension:\/\/fpelahbljekknahkcaegamhcndkfpfnc\/iFrame.js\" type=\"text\/javascript\"><\/script><\/p>\n","protected":false},"excerpt":{"rendered":"<p>&nbsp;<\/p>\n<p><script src=\"chrome-extension:\/\/fpelahbljekknahkcaegamhcndkfpfnc\/iFrame.js\" type=\"text\/javascript\"><\/script><\/p>\n<p><script src=\"chrome-extension:\/\/fpelahbljekknahkcaegamhcndkfpfnc\/iFrame.js\" type=\"text\/javascript\"><\/script><\/p>\n<p><script src=\"chrome-extension:\/\/fpelahbljekknahkcaegamhcndkfpfnc\/iFrame.js\" type=\"text\/javascript\"><\/script><\/p>\n<p><script src=\"chrome-extension:\/\/fpelahbljekknahkcaegamhcndkfpfnc\/iFrame.js\" type=\"text\/javascript\"><\/script><\/p>\n<p><script src=\"chrome-extension:\/\/fpelahbljekknahkcaegamhcndkfpfnc\/iFrame.js\" type=\"text\/javascript\"><\/script><\/p>\n<p><script src=\"chrome-extension:\/\/fpelahbljekknahkcaegamhcndkfpfnc\/iFrame.js\" type=\"text\/javascript\"><\/script><\/p>\n<p><script src=\"chrome-extension:\/\/fpelahbljekknahkcaegamhcndkfpfnc\/iFrame.js\" type=\"text\/javascript\"><\/script><\/p>\n<p><script src=\"chrome-extension:\/\/fpelahbljekknahkcaegamhcndkfpfnc\/iFrame.js\" type=\"text\/javascript\"><\/script><\/p>\n<p><script src=\"chrome-extension:\/\/fpelahbljekknahkcaegamhcndkfpfnc\/iFrame.js\" type=\"text\/javascript\"><\/script><\/p>\n","protected":false},"featured_media":6773,"comment_status":"open","ping_status":"closed","template":"","meta":[],"product_brand":[88],"product_cat":[68,76],"product_tag":[],"class_list":{"0":"post-4194","1":"product","2":"type-product","3":"status-publish","4":"has-post-thumbnail","6":"product_brand-samsung","7":"product_cat-smart-tv","8":"product_cat-televisions","9":"pa_kich-co-man-hinh-65-inch","11":"first","12":"instock","13":"shipping-taxable","14":"purchasable","15":"product-type-simple"},"_links":{"self":[{"href":"https:\/\/tivi-samsung.com\/index.php?rest_route=\/wp\/v2\/product\/4194","targetHints":{"allow":["GET"]}}],"collection":[{"href":"https:\/\/tivi-samsung.com\/index.php?rest_route=\/wp\/v2\/product"}],"about":[{"href":"https:\/\/tivi-samsung.com\/index.php?rest_route=\/wp\/v2\/types\/product"}],"replies":[{"embeddable":true,"href":"https:\/\/tivi-samsung.com\/index.php?rest_route=%2Fwp%2Fv2%2Fcomments&post=4194"}],"version-history":[{"count":11,"href":"https:\/\/tivi-samsung.com\/index.php?rest_route=\/wp\/v2\/product\/4194\/revisions"}],"predecessor-version":[{"id":8461,"href":"https:\/\/tivi-samsung.com\/index.php?rest_route=\/wp\/v2\/product\/4194\/revisions\/8461"}],"wp:featuredmedia":[{"embeddable":true,"href":"https:\/\/tivi-samsung.com\/index.php?rest_route=\/wp\/v2\/media\/6773"}],"wp:attachment":[{"href":"https:\/\/tivi-samsung.com\/index.php?rest_route=%2Fwp%2Fv2%2Fmedia&parent=4194"}],"wp:term":[{"taxonomy":"product_brand","embeddable":true,"href":"https:\/\/tivi-samsung.com\/index.php?rest_route=%2Fwp%2Fv2%2Fproduct_brand&post=4194"},{"taxonomy":"product_cat","embeddable":true,"href":"https:\/\/tivi-samsung.com\/index.php?rest_route=%2Fwp%2Fv2%2Fproduct_cat&post=4194"},{"taxonomy":"product_tag","embeddable":true,"href":"https:\/\/tivi-samsung.com\/index.php?rest_route=%2Fwp%2Fv2%2Fproduct_tag&post=4194"}],"curies":[{"name":"wp","href":"https:\/\/api.w.org\/{rel}","templated":true}]}}