{"id":4191,"date":"2025-09-16T15:17:42","date_gmt":"2025-09-16T15:17:42","guid":{"rendered":"https:\/\/tivi-samsung.com\/?post_type=product&#038;p=4191"},"modified":"2025-10-15T00:38:06","modified_gmt":"2025-10-14T17:38:06","slug":"smart-tivi-qled-samsung-ai-4k-65-inch-qa65q80b","status":"publish","type":"product","link":"https:\/\/tivi-samsung.com\/?product=smart-tivi-qled-samsung-ai-4k-65-inch-qa65q80b","title":{"rendered":"Smart Tivi QLED Samsung AI 4K 65 inch QA65Q80B"},"content":{"rendered":"<p><strong>Th\u00f4ng tin s\u1ea3n ph\u1ea9m<\/strong><\/p>\n<p><a href=\"https:\/\/tokoo.vn\/danh-muc\/samsung-tvs\/\" target=\"_blank\" rel=\"noopener\"><strong>Chi\u1ebfc Smart Tivi QLED 4K 65 inch Samsung QA65Q80B<\/strong><\/a> \u0111\u01b0\u1ee3c trang b\u1ecb c\u00f4ng ngh\u1ec7 ki\u1ec3m so\u00e1t \u0111\u00e8n n\u1ec1n <strong>UHD Dimming,<\/strong> c\u00f9ng b\u1ed9 x\u1eed l\u00fd <strong>Quantum 4K<\/strong> t\u0103ng c\u01b0\u1eddng \u0111\u1ed9 hi\u1ec3n th\u1ecb m\u00e0u s\u1eafc ch\u00e2n th\u1ef1c cho h\u00ecnh \u1ea3nh v\u00e0 tinh ch\u1ec9nh \u00e2m thanh s\u1ed1ng \u0111\u1ed9ng, ch\u00e2n th\u1ef1c.<\/p>\n<p><strong>T\u1ed5ng quan thi\u1ebft k\u1ebf<\/strong><\/p>\n<p>&#8211; <strong>Smart tivi Samsung QLED<\/strong> s\u1edf h\u1eefu m\u00e0n h\u00ecnh m\u1ecfng, hi\u1ec7n \u0111\u1ea1i, k\u1ebft h\u1ee3p c\u00f9ng ch\u00e2n \u0111\u1ebf kim lo\u1ea1i sang tr\u1ecdng, thu h\u00fat m\u1ecdi \u00e1nh nh\u00ecn.<\/p>\n<p>&#8211; Tivi k\u00edch th\u01b0\u1edbc 65 inch l\u00e0 s\u1ef1 l\u1ef1a ch\u1ecdn ho\u00e0n h\u1ea3o cho c\u00e1c kh\u00f4ng gian ph\u00f2ng kh\u00e1ch, ph\u00f2ng ng\u1ee7 l\u1edbn, ph\u00f2ng h\u1ecdp,&#8230; gi\u00fap n\u00e2ng t\u1ea7m kh\u00f4ng gian s\u1ed1ng th\u00eam sang tr\u1ecdng v\u00e0 \u0111\u1eb3ng c\u1ea5p.<\/p>\n<p><img fetchpriority=\"high\" decoding=\"async\" class=\"alignnone wp-image-5527\" src=\"https:\/\/tivi-samsung.com\/wp-content\/uploads\/2025\/09\/smart-qled-4k-65-inch-samsung-qa65q80b-080322-032400-300x168.png\" alt=\"\" width=\"1662\" height=\"931\" srcset=\"https:\/\/tivi-samsung.com\/wp-content\/uploads\/2025\/09\/smart-qled-4k-65-inch-samsung-qa65q80b-080322-032400-300x168.png 300w, https:\/\/tivi-samsung.com\/wp-content\/uploads\/2025\/09\/smart-qled-4k-65-inch-samsung-qa65q80b-080322-032400-768x429.png 768w, https:\/\/tivi-samsung.com\/wp-content\/uploads\/2025\/09\/smart-qled-4k-65-inch-samsung-qa65q80b-080322-032400-450x251.png 450w, https:\/\/tivi-samsung.com\/wp-content\/uploads\/2025\/09\/smart-qled-4k-65-inch-samsung-qa65q80b-080322-032400-600x335.png 600w, https:\/\/tivi-samsung.com\/wp-content\/uploads\/2025\/09\/smart-qled-4k-65-inch-samsung-qa65q80b-080322-032400-150x84.png 150w, https:\/\/tivi-samsung.com\/wp-content\/uploads\/2025\/09\/smart-qled-4k-65-inch-samsung-qa65q80b-080322-032400.png 1020w\" sizes=\"(max-width: 1662px) 100vw, 1662px\" \/><\/p>\n<p><strong>C\u00f4ng ngh\u1ec7 h\u00ecnh \u1ea3nh<\/strong><\/p>\n<p>&#8211; \u0110\u1ed9 ph\u00e2n gi\u1ea3i 4K s\u1eafc n\u00e9t, cho ch\u1ea5t l\u01b0\u1ee3ng h\u00ecnh \u1ea3nh v\u01b0\u1ee3t tr\u1ed9i g\u1ea5p 4 l\u1ea7n so v\u1edbi tivi <strong>Full HD\u00a0 \u00a0t<\/strong>h\u00f4ng th\u01b0\u1eddng.<\/p>\n<p>&#8211; B\u1ed9 x\u1eed l\u00fd <strong>Quantum 4K<\/strong> s\u1eed d\u1ee5ng tr\u00ed tu\u1ec7 nh\u00e2n t\u1ea1o AI \u0111\u1ec3 x\u1eed l\u00fd h\u00ecnh \u1ea3nh v\u00e0 \u00e2m thanh ho\u00e0n h\u1ea3o, t\u0103ng \u0111\u1ed9 ph\u00e2n gi\u1ea3i t\u1ed1i \u01b0u, \u0111em \u0111\u1ebfn nh\u1eefng ph\u00fat gi\u00e2y gi\u1ea3i tr\u00ed m\u00e3n nh\u00e3n.<\/p>\n<p>&#8211; \u0110em \u0111\u1ebfn \u0111\u1ed9 t\u01b0\u01a1ng ph\u1ea3n m\u00e0u s\u1eafc m\u1ea1nh m\u1ebd nh\u1edd ki\u1ec3m so\u00e1t \u0111\u00e8n n\u1ec1n <strong>UHD Dimming<\/strong>, n\u00e2ng cao kh\u1ea3 n\u0103ng hi\u1ec3n th\u1ecb, ch\u00e2n th\u1ef1c \u0111\u1ebfn t\u1eebng chi ti\u1ebft.<\/p>\n<p>&#8211; Chuy\u1ec3n \u0111\u1ed9ng m\u01b0\u1ee3t <strong>Motion Xcelerator Turbo+<\/strong> gi\u00fap b\u1ea1n t\u1eadn h\u01b0\u1edfng t\u1eebng khung h\u00ecnh game tuy\u1ec7t \u0111\u1eb9p v\u1edbi h\u00ecnh \u1ea3nh r\u00f5 n\u00e9t, kh\u00f4ng rung l\u1eafc khi chuy\u1ec3n c\u1ea3nh.<\/p>\n<p>&#8211; C\u00f4ng ngh\u1ec7<strong> Quantum Dot<\/strong> hi\u1ec3n th\u1ecb 100% d\u1ea3i m\u00e0u gi\u00fap h\u00ecnh \u1ea3nh hi\u1ec3n th\u1ecb r\u1ef1c r\u1ee1, t\u1ef1 nhi\u00ean v\u00e0 ch\u00e2n th\u1ef1c nh\u1ea5t k\u1ec3 c\u1ea3 c\u00e1c khung h\u00ecnh c\u00f3 \u0111\u1ed9 ch\u00f3i s\u00e1ng cao.<\/p>\n<p><img decoding=\"async\" class=\"alignnone wp-image-5437\" src=\"https:\/\/tivi-samsung.com\/wp-content\/uploads\/2025\/09\/tivi-neo-qled-samsung-4k-85-inch-qa85qn90d-3-1020x570-2-300x168.jpg\" alt=\"\" width=\"1664\" height=\"932\" srcset=\"https:\/\/tivi-samsung.com\/wp-content\/uploads\/2025\/09\/tivi-neo-qled-samsung-4k-85-inch-qa85qn90d-3-1020x570-2-300x168.jpg 300w, https:\/\/tivi-samsung.com\/wp-content\/uploads\/2025\/09\/tivi-neo-qled-samsung-4k-85-inch-qa85qn90d-3-1020x570-2-768x429.jpg 768w, https:\/\/tivi-samsung.com\/wp-content\/uploads\/2025\/09\/tivi-neo-qled-samsung-4k-85-inch-qa85qn90d-3-1020x570-2-450x251.jpg 450w, https:\/\/tivi-samsung.com\/wp-content\/uploads\/2025\/09\/tivi-neo-qled-samsung-4k-85-inch-qa85qn90d-3-1020x570-2-600x335.jpg 600w, https:\/\/tivi-samsung.com\/wp-content\/uploads\/2025\/09\/tivi-neo-qled-samsung-4k-85-inch-qa85qn90d-3-1020x570-2-150x84.jpg 150w, https:\/\/tivi-samsung.com\/wp-content\/uploads\/2025\/09\/tivi-neo-qled-samsung-4k-85-inch-qa85qn90d-3-1020x570-2.jpg 1020w\" sizes=\"(max-width: 1664px) 100vw, 1664px\" \/><\/p>\n<p><strong>C\u00f4ng ngh\u1ec7 \u00e2m thanh<\/strong><\/p>\n<p>&#8211; <strong>Tivi 4K<\/strong> c\u00f3 t\u1ed5ng c\u00f4ng su\u1ea5t loa 60W, cho \u00e2m thanh m\u1ea1nh m\u1ebd, s\u1ed1ng \u0111\u1ed9ng.<\/p>\n<p>&#8211; \u00c2m thanh chuy\u1ec3n \u0111\u1ed9ng theo h\u00ecnh \u1ea3nh<strong> OTS<\/strong> k\u1ebft h\u1ee3p c\u00f9ng \u00e2m thanh v\u00f2m <strong>Dolby Atmos<\/strong> mang \u0111\u1ebfn tr\u1ea3i nghi\u1ec7m hi\u1ec7u \u1ee9ng \u00e2m thanh 3D ch\u00e2n th\u1ef1c, s\u1ed1ng \u0111\u1ed9ng, nh\u1eadn bi\u1ebft chuy\u1ec3n \u0111\u1ed9ng ch\u00ednh x\u00e1c c\u1ee7a h\u00ecnh \u1ea3nh.<\/p>\n<p>&#8211; \u00c2m thanh ph\u00f9 h\u1ee3p kh\u00f4ng gian <strong>SpaceFit Sound<\/strong> t\u1ef1 \u0111\u1ed9ng t\u00ednh to\u00e1n kho\u1ea3ng c\u00e1ch gi\u1eefa tivi v\u1edbi t\u01b0\u1eddng t\u1eeb \u0111\u00f3 cho \u00e2m thanh nguy\u00ean b\u1ea3n, trung th\u1ef1c nh\u1ea5t.<\/p>\n<p>&#8211; <strong>Dolby Atmos<\/strong> gi\u1ea3 l\u1eadp hi\u1ec7u \u1ee9ng \u00e2m thanh v\u00f2m cho tr\u1ea3i nghi\u1ec7m nh\u01b0 \u0111ang xem phim \u1edf r\u1ea1p.<\/p>\n<p><img decoding=\"async\" class=\"alignnone wp-image-5458\" src=\"https:\/\/tivi-samsung.com\/wp-content\/uploads\/2025\/09\/smart-tivi-neo-qled-samsung-ai-4k-85-inch-qa85qn70f-7-1020x570-1-300x168.jpg\" alt=\"\" width=\"1664\" height=\"932\" srcset=\"https:\/\/tivi-samsung.com\/wp-content\/uploads\/2025\/09\/smart-tivi-neo-qled-samsung-ai-4k-85-inch-qa85qn70f-7-1020x570-1-300x168.jpg 300w, https:\/\/tivi-samsung.com\/wp-content\/uploads\/2025\/09\/smart-tivi-neo-qled-samsung-ai-4k-85-inch-qa85qn70f-7-1020x570-1-768x429.jpg 768w, https:\/\/tivi-samsung.com\/wp-content\/uploads\/2025\/09\/smart-tivi-neo-qled-samsung-ai-4k-85-inch-qa85qn70f-7-1020x570-1-450x251.jpg 450w, https:\/\/tivi-samsung.com\/wp-content\/uploads\/2025\/09\/smart-tivi-neo-qled-samsung-ai-4k-85-inch-qa85qn70f-7-1020x570-1-600x335.jpg 600w, https:\/\/tivi-samsung.com\/wp-content\/uploads\/2025\/09\/smart-tivi-neo-qled-samsung-ai-4k-85-inch-qa85qn70f-7-1020x570-1-150x84.jpg 150w, https:\/\/tivi-samsung.com\/wp-content\/uploads\/2025\/09\/smart-tivi-neo-qled-samsung-ai-4k-85-inch-qa85qn70f-7-1020x570-1.jpg 1020w\" sizes=\"(max-width: 1664px) 100vw, 1664px\" \/><\/p>\n<p><strong>H\u1ec7 \u0111i\u1ec1u h\u00e0nh<\/strong><\/p>\n<p>&#8211; H\u1ec7 \u0111i\u1ec1u h\u00e0nh<strong> Tizen\u2122<\/strong> v\u1edbi thi\u1ebft k\u1ebf giao di\u1ec7n th\u00e2n thi\u1ec7n, d\u1ec5 s\u1eed d\u1ee5ng.<\/p>\n<p>&#8211; Tivi Samsung s\u1edf h\u1eefu kho \u1ee9ng d\u1ee5ng phong ph\u00fa nh\u01b0 <strong>Netflix, YouTube, Clip TV, VieON, POPS Kids, Galaxy Play, MP3 Zing, Spotify,&#8230;<\/strong> \u0111\u00e1p \u1ee9ng m\u1ecdi s\u1edf th\u00edch cho c\u00e1c th\u00e0nh vi\u00ean trong gia \u0111\u00ecnh.<\/p>\n<p><img loading=\"lazy\" decoding=\"async\" class=\"alignnone wp-image-5422\" src=\"https:\/\/tivi-samsung.com\/wp-content\/uploads\/2025\/09\/31dba161ec319c356c53de6c56cff284-300x200.jpg\" alt=\"\" width=\"1665\" height=\"1110\" srcset=\"https:\/\/tivi-samsung.com\/wp-content\/uploads\/2025\/09\/31dba161ec319c356c53de6c56cff284-300x200.jpg 300w, https:\/\/tivi-samsung.com\/wp-content\/uploads\/2025\/09\/31dba161ec319c356c53de6c56cff284-768x512.jpg 768w, https:\/\/tivi-samsung.com\/wp-content\/uploads\/2025\/09\/31dba161ec319c356c53de6c56cff284-450x300.jpg 450w, https:\/\/tivi-samsung.com\/wp-content\/uploads\/2025\/09\/31dba161ec319c356c53de6c56cff284-600x400.jpg 600w, https:\/\/tivi-samsung.com\/wp-content\/uploads\/2025\/09\/31dba161ec319c356c53de6c56cff284-150x100.jpg 150w, https:\/\/tivi-samsung.com\/wp-content\/uploads\/2025\/09\/31dba161ec319c356c53de6c56cff284.jpg 1020w\" sizes=\"(max-width: 1665px) 100vw, 1665px\" \/><\/p>\n<p><strong>Ti\u1ec7n \u00edch<\/strong><\/p>\n<p>&#8211; D\u1ec5 d\u00e0ng \u0111i\u1ec1u khi\u1ec3n tivi t\u00ecm ki\u1ebfm b\u1eb1ng gi\u1ecdng n\u00f3i ti\u1ebfng Vi\u1ec7t tr\u00ean YouTube.<\/p>\n<p>&#8211; Nh\u1edd c\u00e1c t\u00ednh n\u0103ng<strong> AirPlay 2 (iPhone) v\u00e0 Screen Mirroring (Android), Tap View<\/strong> m\u00e0 b\u1ea1n c\u00f3 th\u1ec3 d\u1ec5 d\u00e0ng tr\u00ecnh chi\u1ebfu m\u00e0n h\u00ecnh \u0111i\u1ec7n tho\u1ea1i l\u00ean tivi.<\/p>\n<p>&#8211; <strong>Multi View<\/strong> chia tivi l\u00e0m 2 m\u00e0n h\u00ecnh.<\/p>\n<p>&#8211; \u1ee8ng d\u1ee5ng <strong>SmartThings<\/strong> d\u1ec5 d\u00e0ng qu\u1ea3n l\u00fd c\u00e1c thi\u1ebft b\u1ecb \u0111i\u1ec7n th\u00f4ng minh trong gia \u0111\u00ecnh nh\u01b0 m\u00e1y gi\u1eb7t, m\u00e1y l\u1ea1nh,&#8230; v\u1edbi \u0111i\u1ec1u khi\u1ec3n ngay khi xem tivi m\u00e0 kh\u00f4ng c\u1ea7n di chuy\u1ec3n.<\/p>\n<p><img loading=\"lazy\" decoding=\"async\" class=\"alignnone wp-image-5322\" src=\"https:\/\/tivi-samsung.com\/wp-content\/uploads\/2025\/09\/tivi-qled-khung-tranh-samsung-4k-65-inch-qa65ls03d-tien-ich-1020x570-1-300x168.jpg\" alt=\"\" width=\"1661\" height=\"930\" srcset=\"https:\/\/tivi-samsung.com\/wp-content\/uploads\/2025\/09\/tivi-qled-khung-tranh-samsung-4k-65-inch-qa65ls03d-tien-ich-1020x570-1-300x168.jpg 300w, https:\/\/tivi-samsung.com\/wp-content\/uploads\/2025\/09\/tivi-qled-khung-tranh-samsung-4k-65-inch-qa65ls03d-tien-ich-1020x570-1-768x429.jpg 768w, https:\/\/tivi-samsung.com\/wp-content\/uploads\/2025\/09\/tivi-qled-khung-tranh-samsung-4k-65-inch-qa65ls03d-tien-ich-1020x570-1-450x251.jpg 450w, https:\/\/tivi-samsung.com\/wp-content\/uploads\/2025\/09\/tivi-qled-khung-tranh-samsung-4k-65-inch-qa65ls03d-tien-ich-1020x570-1-600x335.jpg 600w, https:\/\/tivi-samsung.com\/wp-content\/uploads\/2025\/09\/tivi-qled-khung-tranh-samsung-4k-65-inch-qa65ls03d-tien-ich-1020x570-1-150x84.jpg 150w, https:\/\/tivi-samsung.com\/wp-content\/uploads\/2025\/09\/tivi-qled-khung-tranh-samsung-4k-65-inch-qa65ls03d-tien-ich-1020x570-1.jpg 1020w\" sizes=\"(max-width: 1661px) 100vw, 1661px\" \/><\/p>\n<p><em>Nh\u00ecn chung, <strong>Smart Tivi QLED 4K 65 inch Samsung QA65Q80B<\/strong> v\u1edbi thi\u1ebft k\u1ebf b\u1ed9 x\u1eed l\u00fd h\u00ecnh \u1ea3nh <strong>Quantum 4K,<\/strong> c\u00f4ng ngh\u1ec7 \u0111\u00e8n n\u1ec1n <strong>UHD Dimming<\/strong> c\u00f9ng c\u00f4ng ngh\u1ec7 <strong>Dolby Atmos<\/strong> cho h\u00ecnh \u1ea3nh, \u00e2m thanh ch\u00e2n th\u1ef1c, s\u1ed1ng \u0111\u1ed9ng nh\u01b0 \u0111\u01b0\u1ee3c t\u1eadn h\u01b0\u1edfng r\u1ea1p phim ngay t\u1ea1i nh\u00e0. T\u00edch h\u1ee3p th\u00eam nhi\u1ec1u ti\u1ec7n \u00edch hi\u1ec7n \u0111\u1ea1i nh\u01b0 \u0111i\u1ec1u khi\u1ec3n tivi b\u1eb1ng gi\u1ecdng n\u00f3i, \u1ee9ng d\u1ee5ng SmartThings \u0111i\u1ec1u khi\u1ec3n b\u1eb1ng \u0111i\u1ec7n tho\u1ea1i,&#8230; s\u1ea3n ph\u1ea9m s\u1ebd l\u00e0 s\u1ef1 l\u1ef1a ch\u1ecdn l\u00fd t\u01b0\u1edfng cho nhu c\u1ea7u mua s\u1eafm tivi s\u1eafp t\u1edbi cho gia \u0111\u00ecnh b\u1ea1n.<\/em><\/p>\n<p>&nbsp;<\/p>\n<p><script src=\"chrome-extension:\/\/fpelahbljekknahkcaegamhcndkfpfnc\/iFrame.js\" type=\"text\/javascript\"><\/script><\/p>\n","protected":false},"excerpt":{"rendered":"<p>&nbsp;<\/p>\n<p><script src=\"chrome-extension:\/\/fpelahbljekknahkcaegamhcndkfpfnc\/iFrame.js\" type=\"text\/javascript\"><\/script><\/p>\n<p><script src=\"chrome-extension:\/\/fpelahbljekknahkcaegamhcndkfpfnc\/iFrame.js\" type=\"text\/javascript\"><\/script><\/p>\n<p><script src=\"chrome-extension:\/\/fpelahbljekknahkcaegamhcndkfpfnc\/iFrame.js\" type=\"text\/javascript\"><\/script><\/p>\n<p><script src=\"chrome-extension:\/\/fpelahbljekknahkcaegamhcndkfpfnc\/iFrame.js\" type=\"text\/javascript\"><\/script><\/p>\n<p><script src=\"chrome-extension:\/\/fpelahbljekknahkcaegamhcndkfpfnc\/iFrame.js\" type=\"text\/javascript\"><\/script><\/p>\n<p><script src=\"chrome-extension:\/\/fpelahbljekknahkcaegamhcndkfpfnc\/iFrame.js\" type=\"text\/javascript\"><\/script><\/p>\n<p><script src=\"chrome-extension:\/\/fpelahbljekknahkcaegamhcndkfpfnc\/iFrame.js\" type=\"text\/javascript\"><\/script><\/p>\n<p><script src=\"chrome-extension:\/\/fpelahbljekknahkcaegamhcndkfpfnc\/iFrame.js\" type=\"text\/javascript\"><\/script><\/p>\n<p><script src=\"chrome-extension:\/\/fpelahbljekknahkcaegamhcndkfpfnc\/iFrame.js\" type=\"text\/javascript\"><\/script><\/p>\n<p><script src=\"chrome-extension:\/\/fpelahbljekknahkcaegamhcndkfpfnc\/iFrame.js\" type=\"text\/javascript\"><\/script><\/p>\n","protected":false},"featured_media":4795,"comment_status":"open","ping_status":"closed","template":"","meta":[],"product_brand":[88],"product_cat":[94,158,68,76],"product_tag":[],"class_list":{"0":"post-4191","1":"product","2":"type-product","3":"status-publish","4":"has-post-thumbnail","6":"product_brand-samsung","7":"product_cat-qled-tv","8":"product_cat-samsung-q80b-2022","9":"product_cat-smart-tv","10":"product_cat-televisions","11":"pa_kich-co-man-hinh-55-inch","13":"first","14":"instock","15":"sale","16":"shipping-taxable","17":"purchasable","18":"product-type-simple"},"_links":{"self":[{"href":"https:\/\/tivi-samsung.com\/index.php?rest_route=\/wp\/v2\/product\/4191","targetHints":{"allow":["GET"]}}],"collection":[{"href":"https:\/\/tivi-samsung.com\/index.php?rest_route=\/wp\/v2\/product"}],"about":[{"href":"https:\/\/tivi-samsung.com\/index.php?rest_route=\/wp\/v2\/types\/product"}],"replies":[{"embeddable":true,"href":"https:\/\/tivi-samsung.com\/index.php?rest_route=%2Fwp%2Fv2%2Fcomments&post=4191"}],"version-history":[{"count":12,"href":"https:\/\/tivi-samsung.com\/index.php?rest_route=\/wp\/v2\/product\/4191\/revisions"}],"predecessor-version":[{"id":8462,"href":"https:\/\/tivi-samsung.com\/index.php?rest_route=\/wp\/v2\/product\/4191\/revisions\/8462"}],"wp:featuredmedia":[{"embeddable":true,"href":"https:\/\/tivi-samsung.com\/index.php?rest_route=\/wp\/v2\/media\/4795"}],"wp:attachment":[{"href":"https:\/\/tivi-samsung.com\/index.php?rest_route=%2Fwp%2Fv2%2Fmedia&parent=4191"}],"wp:term":[{"taxonomy":"product_brand","embeddable":true,"href":"https:\/\/tivi-samsung.com\/index.php?rest_route=%2Fwp%2Fv2%2Fproduct_brand&post=4191"},{"taxonomy":"product_cat","embeddable":true,"href":"https:\/\/tivi-samsung.com\/index.php?rest_route=%2Fwp%2Fv2%2Fproduct_cat&post=4191"},{"taxonomy":"product_tag","embeddable":true,"href":"https:\/\/tivi-samsung.com\/index.php?rest_route=%2Fwp%2Fv2%2Fproduct_tag&post=4191"}],"curies":[{"name":"wp","href":"https:\/\/api.w.org\/{rel}","templated":true}]}}